{"id":433,"date":"2016-06-12T13:45:04","date_gmt":"2016-06-12T13:45:04","guid":{"rendered":"http:\/\/moverdb.com\/?page_id=433"},"modified":"2026-01-08T14:47:29","modified_gmt":"2026-01-08T14:47:29","slug":"amsa","status":"publish","type":"page","link":"https:\/\/moverdb.com\/lv\/amsa\/","title":{"rendered":"Amerikas P\u0101rv\u0101k\u0161an\u0101s un uzglab\u0101\u0161anas asoci\u0101cijas (AMSA) skaidrojums"},"content":{"rendered":"<p>Amerikas P\u0101rv\u0101k\u0161an\u0101s un uzglab\u0101\u0161anas asoci\u0101cija (AMSA) ir Amerikas p\u0101rv\u0101k\u0161an\u0101s nozares nacion\u0101l\u0101 tirdzniec\u012bbas asoci\u0101cija. <\/p>\n<p>T\u0101 ir izveidota, lai pal\u012bdz\u0113tu p\u0101rst\u0101v\u0113t gan viet\u0113j\u0101s, gan starptautisk\u0101s p\u0101rcel\u0161an\u0101s un uzglab\u0101\u0161anas nozares p\u0101rst\u0101vju intereses, k\u0101 ar\u012b lai sniegtu inform\u0101ciju un pal\u012bdz\u012bbu klientiem, kuri izmanto \u0161\u012bs nozares uz\u0146\u0113mumu pakalpojumus.<\/p>\n<p><strong>Svar\u012bg\u0101kie fakti par AMSA:<\/strong><\/p>\n<ol>\n<li>  Taj\u0101 ir aptuveni 4200 biedru.<\/li>\n<li>  AMSA biedri ir starpvalstu p\u0101rvieto\u0161an\u0101s un uzglab\u0101\u0161anas uz\u0146\u0113mumi, viet\u0113jie p\u0101rvietot\u0101ji, <a href=\"https:\/\/moverdb.com\/lv\/parvietojas-uznemumi\/\">starptautiskie p\u0101rvietot\u0101ji<\/a> k\u0101 ar\u012b nozares pieg\u0101d\u0101t\u0101ji un valsts asoci\u0101ciju biedri.<\/li>\n<li>  T\u0101 ir vien\u012bg\u0101 nacion\u0101l\u0101 asoci\u0101cija, kas p\u0101rst\u0101v visas p\u0101rvieto\u0161anas un uzglab\u0101\u0161anas nozares nozares.<\/li>\n<li>  AMSA uzs\u0101ka <a href=\"https:\/\/moverdb.com\/lv\/rim-promover\/\" data-internallinksmanager029f6b8e52c=\"76\" title=\"RIM International ProMover sertifik\u0101cijas skaidrojums\">ProMover<\/a> 2009. gad\u0101 tika pie\u0161\u0137irts sertifik\u0101ts, kas paredz\u0113ts, lai pat\u0113r\u0113t\u0101jus novirz\u012btu pie kvalitat\u012bviem p\u0101rv\u0101c\u0113jiem, kuri iev\u0113ro AMSA m\u0113r\u0137us.<\/li>\n<li>  Biedri var b\u016bt ne tikai p\u0101rvietot\u0101ji, bet ar\u012b saist\u012btie uz\u0146\u0113mumi (tie, kas pied\u0101v\u0101 produktus vai pakalpojumus, kas saist\u012bti ar p\u0101rvieto\u0161an\u0101s nozari), priv\u0101tpersonas un profesion\u0101l\u0101s tirdzniec\u012bbas asoci\u0101cijas.<\/li>\n<li>  Dal\u012bba AMSA ir svar\u012bga da\u013ca no pieteik\u0161an\u0101s procesa, lai <a href=\"https:\/\/moverdb.com\/lv\/ritenu-novirzitajs\/\">ProMover sertifik\u0101cija<\/a> - tas bez probl\u0113m\u0101m bija j\u0101notur 18 m\u0113ne\u0161us.<\/li>\n<li>  Pat\u0113r\u0113t\u0101ji to labi paz\u012bst, jo taj\u0101 ir pieejama \"p\u0101rcel\u0161an\u0101s padomu\" datub\u0101ze, kur\u0101 atrodama inform\u0101cija par visu, s\u0101kot no iepako\u0161anas un beidzot ar p\u0101rcel\u0161an\u0101s dienas vad\u012b\u0161anu.<\/li>\n<li>  T\u0101 pied\u0101v\u0101 str\u012bdu iz\u0161\u0137ir\u0161anas programmu un ir izstr\u0101d\u0101jusi \u0113tikas kodeksu, kas t\u0101s locek\u013ciem ir j\u0101iev\u0113ro.<\/li>\n<li>  T\u0101s biedri katru gadu p\u0101rvad\u0101 no 1,3 l\u012bdz 1,5 miljoniem m\u0101jsaimniec\u012bbu.<\/li>\n<\/ol>\n<p><strong>Amerikas P\u0101rv\u0101k\u0161an\u0101s un uzglab\u0101\u0161anas asoci\u0101cijas profils:<\/strong><\/p>\n<p>AMSA biedri var izmantot pla\u0161u pakalpojumu kl\u0101stu, s\u0101kot no jaunumiem un inform\u0101cijas par jaut\u0101jumiem, kas ietekm\u0113 nozari, l\u012bdz pat feder\u0101l\u0101s vald\u012bbas p\u0101rst\u0101v\u012bbai, pal\u012bdz\u012bbai nodok\u013cu jom\u0101, finan\u0161u un statistikas p\u0101rskatiem un juridiskajai pal\u012bdz\u012bbai. <\/p>\n<p>AMSA pied\u0101v\u0101 ar\u012b \u0161\u0137\u012br\u0113jtiesas pakalpojumus, lai risin\u0101tu str\u012bdus par zaud\u0113jumiem un boj\u0101jumiem, k\u0101 ar\u012b profesion\u0101l\u0101s izgl\u012bt\u012bbas un sertifik\u0101cijas programmas, piem\u0113ram, ProMover. <\/p>\n<p>AMSA savu darb\u012bbu s\u0101ka ar vec\u0101ko p\u0101rc\u0113l\u0101ju tirdzniec\u012bbas asoci\u0101ciju Amerik\u0101 - Nacion\u0101lo m\u0113be\u013cu noliktavu darbinieku asoci\u0101ciju, kas tika dibin\u0101ta 1920. gad\u0101. T\u0101s v\u0113sture, darb\u012bbas joma un \u0112tikas kodekss padara to par \u013coti cien\u012bjamu organiz\u0101ciju. <\/p>\n<p>T\u0101 ir atbild\u012bga par ProMover sertifik\u0101tu, kas tiek uzskat\u012bts par uzticama p\u0101rvad\u0101t\u0101ja z\u012bmi.<\/p>\n<p><strong>Dal\u012bbas krit\u0113riji:<\/strong><\/p>\n<p>Krit\u0113riji, lai pievienotos AMSA, \u0161\u0137iet, ir \u013coti vienk\u0101r\u0161i - vienk\u0101r\u0161i aizpild\u012bt veidlapu un samaks\u0101t nodevu. Tom\u0113r uz\u0146\u0113mumiem, kas v\u0113las sa\u0146emt <a href=\"https:\/\/moverdb.com\/lv\/ritenu-novirzitajs\/\">ProMover sertifik\u0101cija<\/a>.<\/p>\n<p><strong>Lab\u0101kie biedru uz\u0146\u0113mumi<\/strong><\/p>\n<ol>\n<li> <a href=\"https:\/\/moverdb.com\/lv\/united-van-lines\/\">United Van Lines<\/a><\/li>\n<li> <a href=\"https:\/\/moverdb.com\/lv\/atlas-van-lines-international\/\">Atlas Van Lines International<\/a><\/li>\n<li> <a href=\"https:\/\/moverdb.com\/lv\/mayflower-transit\/\">Mayflower Transit<\/a><\/li>\n<li> <a href=\"https:\/\/moverdb.com\/lv\/allied-van-lines\/\">Allied Van Lines<\/a><\/li>\n<li> <a href=\"https:\/\/moverdb.com\/lv\/north-american-van-lines\/\">North American Van Lines<\/a><\/li>\n<li> <a href=\"https:\/\/moverdb.com\/lv\/wheaton\/\">Wheaton World Wide Moving<\/a><\/li>\n<li> <a href=\"https:\/\/moverdb.com\/lv\/bekins-van-lines\/\">Bekins Van Lines<\/a><\/li>\n<li> <a href=\"https:\/\/moverdb.com\/lv\/graebel-van-lines\/\">Graebel Van Lines<\/a><\/li>\n<li> <a href=\"https:\/\/moverdb.com\/lv\/arpin-van-lines\/\">Arpin Van Lines<\/a><\/li>\n<li> <a href=\"https:\/\/moverdb.com\/lv\/stevens-worldwide-van-lines\/\">Stevens Worldwide Van Lines<\/a><\/li>\n<li> <a href=\"https:\/\/moverdb.com\/lv\/vip-transport\/\">VIP transports<\/a><\/li>\n<li> <a href=\"https:\/\/moverdb.com\/lv\/salu-parcelaji\/\">Island Movers<\/a><\/li>\n<li> <a href=\"https:\/\/moverdb.com\/lv\/mudanzas-gou\/\">Mudanzas Gou<\/a><\/li>\n<li> <a href=\"https:\/\/moverdb.com\/lv\/gil-stauffer\/\">Gil Stauffer<\/a><\/li>\n<\/ol>\n<p><strong>Viedok\u013ci par Amerikas P\u0101rv\u0101k\u0161an\u0101s un uzglab\u0101\u0161anas asoci\u0101ciju<\/strong><\/p>\n<p>Kad AMSA tiek piemin\u0113ta tie\u0161saist\u0113, tas bie\u017ei tiek dar\u012bts saist\u012bb\u0101 ar organiz\u0101cijas ProMover sertifik\u0101tu, kas ir k\u013cuvis par starptautisku kvalit\u0101tes z\u012bmi. <\/p>\n<p>Sertifik\u0101cija tiek uzskat\u012bta par da\u013cu no AMSA platformas, lai p\u0101rst\u0101v\u0113tu un uzlabotu situ\u0101ciju nozar\u0113 str\u0101d\u0101jo\u0161o un to uz\u0146\u0113mumu interes\u0113s, kuri izmanto nozares uz\u0146\u0113mumus, izmantojot efekt\u012bvu intere\u0161u aizst\u0101v\u012bbu un veidojot cien\u012bjamu z\u012bmolu. <\/p>\n<p>Tie\u0161saistes atzinum\u0101 galven\u0101 uzman\u012bba piev\u0113rsta gan tam, ka AMSA mantojums to saista ar Amerikas sen\u0101kaj\u0101m tirdzniec\u012bbas asoci\u0101cij\u0101m, gan t\u0101s misijai atvieglot pat\u0113r\u0113t\u0101ju p\u0101rvieto\u0161anos. Tie\u0161saistes viedok\u013cos ir piemin\u0113ti AMSA organiz\u0113tie pas\u0101kumi, kas ac\u012bmredzami ir labi apmekl\u0113ti un augstu nov\u0113rt\u0113ti, <em>\"K\u0101 vienm\u0113r, ar\u012b \u0161ogad AMSA konferenc\u0113 bija pulc\u0113ju\u0161ies da\u017ei no vado\u0161ajiem p\u0101rvad\u0101jumu nozares p\u0101rst\u0101vjiem.\"<\/em> <\/p>\n<p>Tiek piemin\u0113ti ar\u012b AMSA apbalvojumi, un tie tiek uzskat\u012bti par patiesu sasniegumu un kvalit\u0101tes r\u0101d\u012bt\u0101ju.<\/p>\n<blockquote><p>AMSA misija ir \"p\u0101rst\u0101v\u0113t iek\u0161zemes un starptautisk\u0101s p\u0101rvieto\u0161anas un uzglab\u0101\u0161anas nozares intereses un pal\u012bdz\u0113t klientiem, kurus t\u0101 apkalpo.\n<\/p><\/blockquote>\n<p>- <a href=\"http:\/\/www.atlasvanlines.com\/pro-mover\/\" target=\"_blank\" rel=\"noopener\">Atlas Van Lines<\/a><\/p>\n<blockquote><p>AMSA m\u0113r\u0137is ir nodro\u0161in\u0101t, lai ikviens no 40 miljoniem amerik\u0101\u0146u, kas katru gadu p\u0101rce\u013cas un izv\u0113las profesion\u0101lu p\u0101rv\u0101k\u0161an\u0101s pakalpojumu sniedz\u0113ju, var\u0113tu pie\u0146emt apzin\u0101tu l\u0113mumu.<\/p><\/blockquote>\n<p>- <a href=\"http:\/\/www.ossworldwidemovers.com\/american-moving-and-storage-association\" target=\"_blank\" rel=\"noopener\">OSS World Wide Movers<\/a><\/p>\n<blockquote><p>AMSA r\u016bp\u012bgi p\u0101rbauda savus p\u0101rvad\u0101t\u0101ju biedrus, nodro\u0161inot, ka pat\u0113r\u0113t\u0101jiem tiek pied\u0101v\u0101ti p\u0101rvad\u0101t\u0101ji, kas ir izpild\u012bju\u0161i visas licenc\u0113\u0161anas un apdro\u0161in\u0101\u0161anas pras\u012bbas, un nodro\u0161inot pat\u0113r\u0113t\u0101ju un p\u0101rvad\u0101t\u0101ju str\u012bdu iz\u0161\u0137ir\u0161anu \u0161\u0137\u012br\u0113jties\u0101, izmantojot \"M\u0101jsaimniec\u012bbas pre\u010du str\u012bdu iz\u0161\u0137ir\u0161anas programmu\". Viens no AMSA m\u0113r\u0137iem ir labi inform\u0113ta sabiedr\u012bba, kas lab\u0101k izprot profesion\u0101lu p\u0101rcel\u0161an\u0101s pakalpojumu v\u0113rt\u012bbu.<\/p><\/blockquote>\n<p>- <a href=\"http:\/\/www.moving.com\/articles\/amsa\/who-is-amsa.asp\" target=\"_blank\" rel=\"noopener\">Moving.com<\/a><\/p>\n<p><strong>T\u012bmek\u013ca vietne:<\/strong> <a href=\"http:\/\/www.moving.org\/\" target=\"_blank\" rel=\"noopener\">http:\/\/www.moving.org\/<\/a><\/p>","protected":false},"excerpt":{"rendered":"<p>The American Moving &#038; Storage Association (AMSA) is the national trade association for the American moving industry. It has been set up to help represent the interests of those in the moving and storage industry, both domestic and international, and also to provide a source of information and assistance to customers using businesses in the [&hellip;]<\/p>\n","protected":false},"author":1,"featured_media":0,"parent":0,"menu_order":0,"comment_status":"closed","ping_status":"closed","template":"","meta":{"_genesis_hide_title":false,"_genesis_hide_breadcrumbs":false,"_genesis_hide_singular_image":false,"_genesis_hide_footer_widgets":false,"_genesis_custom_body_class":"","_genesis_custom_post_class":"","_genesis_layout":"","footnotes":""},"class_list":{"0":"post-433","1":"page","2":"type-page","3":"status-publish","5":"entry"},"_links":{"self":[{"href":"https:\/\/moverdb.com\/lv\/wp-json\/wp\/v2\/pages\/433","targetHints":{"allow":["GET"]}}],"collection":[{"href":"https:\/\/moverdb.com\/lv\/wp-json\/wp\/v2\/pages"}],"about":[{"href":"https:\/\/moverdb.com\/lv\/wp-json\/wp\/v2\/types\/page"}],"author":[{"embeddable":true,"href":"https:\/\/moverdb.com\/lv\/wp-json\/wp\/v2\/users\/1"}],"replies":[{"embeddable":true,"href":"https:\/\/moverdb.com\/lv\/wp-json\/wp\/v2\/comments?post=433"}],"version-history":[{"count":25,"href":"https:\/\/moverdb.com\/lv\/wp-json\/wp\/v2\/pages\/433\/revisions"}],"predecessor-version":[{"id":6170,"href":"https:\/\/moverdb.com\/lv\/wp-json\/wp\/v2\/pages\/433\/revisions\/6170"}],"wp:attachment":[{"href":"https:\/\/moverdb.com\/lv\/wp-json\/wp\/v2\/media?parent=433"}],"curies":[{"name":"wp","href":"https:\/\/api.w.org\/{rel}","templated":true}]}}