{"id":432,"date":"2016-06-12T09:28:19","date_gmt":"2016-06-12T09:28:19","guid":{"rendered":"http:\/\/moverdb.com\/?page_id=432"},"modified":"2026-01-08T14:47:56","modified_gmt":"2026-01-08T14:47:56","slug":"kanadas-parvaceju-asociacija","status":"publish","type":"page","link":"https:\/\/moverdb.com\/lv\/canadian-association-of-movers\/","title":{"rendered":"Kan\u0101das P\u0101rv\u0101c\u0113ju asoci\u0101cijas (CAM) skaidrojums"},"content":{"rendered":"<p>Kan\u0101das P\u0101rv\u0101c\u0113ju asoci\u0101cija ir <a href=\"https:\/\/moverdb.com\/lv\/moving-to-canada\/\" data-internallinksmanager029f6b8e52c=\"265\" title=\"P\u0101rcel\u0161an\u0101s uz Kan\u0101du? 2023 Dz\u012bves izmaksas un p\u0101rcel\u0161an\u0101s padomi\">Kan\u0101da<\/a>tirdzniec\u012bbas asoci\u0101cija, kas p\u0101rst\u0101v p\u0101rvieto\u0161an\u0101s un uzglab\u0101\u0161anas uz\u0146\u0113mumus. T\u0101 tika izveidota, lai pal\u012bdz\u0113tu aizsarg\u0101t un att\u012bst\u012bt t\u0101s biedru uz\u0146\u0113mumus, k\u0101 ar\u012b lai pied\u0101v\u0101tu pat\u0113r\u0113t\u0101jiem iesp\u0113ju atrast cien\u012bjamus, profesion\u0101lus un uzticamus p\u0101rcel\u0161an\u0101s pakalpojumus.<\/p>\n<p><strong>Svar\u012bg\u0101kie fakti par CAM:<\/strong><\/p>\n<ol>\n<li>  Biedru vid\u016b ir gan Kan\u0101das, gan aizj\u016bras zemju p\u0101rvietot\u0101ji.<\/li>\n<li>  Biedru vid\u016b ir p\u0101rvietot\u0101ji un p\u0101rcel\u0161an\u0101s uz\u0146\u0113mumi, furgonu l\u012bnijas, nozares pieg\u0101d\u0101t\u0101ji, uz\u0146\u0113mumi, kas sniedz ar p\u0101rcel\u0161anos saist\u012btus pakalpojumus, piem\u0113ram, iepako\u0161anas pakalpojumus.<\/li>\n<li>  \u0112tikas kodekss paredz, ka dal\u012bbniekiem j\u0101iev\u0113ro t\u0101di noteikumi k\u0101 god\u012bgums un god\u012bgums pret klientiem, k\u0101 ar\u012b vienm\u0113r j\u0101iev\u0113ro dro\u0161\u012bbas apsv\u0113rumi.<\/li>\n<li>  Kan\u0101das P\u0101rv\u0101c\u0113ju asoci\u0101cija nodro\u0161ina s\u016bdz\u012bbu risin\u0101\u0161anas procesu pat\u0113r\u0113t\u0101jiem.<\/li>\n<li>  CAM pied\u0101v\u0101 sertific\u0113tu Kan\u0101das p\u0101rv\u0101k\u0161an\u0101s programmu, kas pat\u0113r\u0113t\u0101jiem sniedz p\u0101rliec\u012bbu, ka vi\u0146i sa\u0146ems pakalpojumus, kas balst\u012bti uz \u0113tisku r\u012bc\u012bbu, profesion\u0101lo kompetenci un efekt\u012bvu s\u016bdz\u012bbu izskat\u012b\u0161anu.<\/li>\n<li>  CAM ir vien\u012bg\u0101 Kan\u0101das P\u0101rv\u0101c\u0113ju asoci\u0101cija, kas regul\u0113 un re\u0123istr\u0113 cien\u012bjamus un negodpr\u0101t\u012bgus p\u0101rv\u0101c\u0113jus.<\/li>\n<\/ol>\n<p><strong>Kan\u0101das P\u0101rv\u0101c\u0113ju asoci\u0101cijas profils:<\/strong><\/p>\n<p>Kan\u0101das P\u0101rv\u0101c\u0113ju asoci\u0101cija ir Kan\u0101das p\u0101rv\u0101c\u0113ju tirdzniec\u012bbas asoci\u0101cija. To veido Kan\u0101das uz\u0146\u0113mumi, k\u0101 ar\u012b aizj\u016bras organiz\u0101cijas. <\/p>\n<p>CAM ir vair\u0101ki m\u0113r\u0137i, kas ietver profesion\u0101l\u0101s kompetences un darb\u012bbas kompetences uzlabo\u0161anu, k\u0101 ar\u012b saiknes veido\u0161anu starp p\u0101rvietot\u0101jiem un furgonu l\u012bnij\u0101m, lai dal\u012btos ar inform\u0101ciju un veicin\u0101tu m\u0101jsaimniec\u012bbas pre\u010du p\u0101rvieto\u0161anas nozari kopum\u0101.<\/p>\n<p>CAM biedri tiek uzskat\u012bti par valsts lab\u0101kajiem <a href=\"https:\/\/moverdb.com\/lv\/moving-companies\/\" data-internallinksmanager029f6b8e52c=\"79\" title=\"Top 25 Starptautiskie p\u0101rcel\u0161an\u0101s uz\u0146\u0113mumi tie\u0161saist\u0113\">P\u0101rvieto\u0161an\u0101s uz\u0146\u0113mumi<\/a>. CAM biedriem ir pieejami divi sertifik\u0101ti - Sertific\u0113ts aizj\u016bras p\u0101rvietot\u0101js un Sertific\u0113ts Kan\u0101das p\u0101rvietot\u0101js. <\/p>\n<p>Abas no t\u0101m ir izstr\u0101d\u0101tas, lai pat\u0113r\u0113t\u0101jiem pied\u0101v\u0101tu izv\u0113l\u0113ties no cien\u012bjamiem p\u0101rv\u0101c\u0113jiem, kuriem ir atjaunin\u0101ta dokument\u0101cija, kuri iev\u0113ro \u0113tikas kodeksu, zina, k\u0101 r\u012bkoties ar klientu s\u016bdz\u012bb\u0101m, un iev\u0113ro labas prakses vadl\u012bnijas.<\/p>\n<p><strong>Dal\u012bbas krit\u0113riji:<\/strong><\/p>\n<p>Lai pabeigtu dal\u012bbas apstiprin\u0101\u0161anas procesu, pretendentiem var b\u016bt j\u0101iesniedz da\u017e\u0101di dokumenti. Visus dal\u012bbas pieteikumus apstiprina Direktoru padome.<\/p>\n<p><strong>P\u0101rvietot\u0101ji<\/strong><\/p>\n<p>CAM pieprasa, lai pieteikuma iesniedz\u0113ji vismaz divus gadus b\u016btu nodarboju\u0161ies ar uz\u0146\u0113m\u0113jdarb\u012bbu k\u0101 p\u0101rvietot\u0101ji.<\/p>\n<p>P\u0101rvietot\u0101ju dal\u012bbas pieteikuma iesniedz\u0113jiem ir j\u0101aizpilda pieteikuma veidlapa un j\u0101iesniedz CAM \u0161\u0101di dokumenti (tikai fotokopijas):<\/p>\n<ul>\n<li> Uz\u0146\u0113m\u0113jdarb\u012bbas licence<\/li>\n<li> Telpu un transportl\u012bdzek\u013cu fotoatt\u0113li<\/li>\n<li> GST\/HST re\u0123istr\u0101cija un numurs<\/li>\n<li> Darbinieku kompens\u0101cijas sertifik\u0101ts<\/li>\n<li> Apdro\u0161in\u0101\u0161anas sertifik\u0101ts, kas apliecina vismaz $1 miljonu atbild\u012bbas un vismaz $250,000 kravas limitu.<\/li>\n<li> Dibin\u0101\u0161anas apliec\u012bba<\/li>\n<li> Divas profesion\u0101l\u0101s atsauksmes, nor\u0101dot attiec\u012bbu ilgumu (piem\u0113ram, banka, p\u0101rvieto\u0161an\u0101s apr\u012bkojuma pieg\u0101d\u0101t\u0101js u. c.).<\/li>\n<li> Dzelteno lapu rekl\u0101ma vai rekl\u0101mas priek\u0161meti (p\u0113c izv\u0113les)<\/li>\n<li> Parakst\u012bta \u0113tikas kodeksa veidlapa<\/li>\n<\/ul>\n<p><strong>Saist\u012btie uz\u0146\u0113mumi<\/strong><\/p>\n<p>Uz\u0146\u0113mums, kas nep\u0101rvieto m\u0101jsaimniec\u012bbas preces ar kravas automa\u0161\u012bn\u0101m, bet sniedz ar p\u0101rvieto\u0161anas nozari saist\u012btus pakalpojumus, piem\u0113ram, iepako\u0161anas pakalpojumus, samazin\u0101\u0161anas pakalpojumus, atkritumu izve\u0161anu u. c., var pretend\u0113t uz asoci\u0113t\u0101 biedra statusu. <\/p>\n<p>Asoci\u0113t\u0101s dal\u012bbas pieteikuma iesniedz\u0113jiem ir j\u0101aizpilda pieteikuma veidlapa, un vi\u0146iem var l\u016bgt iesniegt CAM \u0161\u0101dus dokumentus, kas attiecas uz vi\u0146u uz\u0146\u0113m\u0113jdarb\u012bbu, piem\u0113ram, (tikai fotokopijas):<\/p>\n<ul>\n<li> Uz\u0146\u0113m\u0113jdarb\u012bbas licence<\/li>\n<li> Telpu un transportl\u012bdzek\u013cu fotoatt\u0113li<\/li>\n<li> GST\/HST re\u0123istr\u0101cija un numurs<\/li>\n<li> Darbinieku kompens\u0101cijas sertifik\u0101ts<\/li>\n<li> Apdro\u0161in\u0101\u0161anas sertifik\u0101ts, kas apliecina vismaz $1 miljonu atbild\u012bbas apdro\u0161in\u0101\u0161anu.<\/li>\n<li> Dibin\u0101\u0161anas apliec\u012bba<\/li>\n<li> Divas profesion\u0101l\u0101s atsauksmes, nor\u0101dot attiec\u012bbu ilgumu (piem\u0113ram, banka, p\u0101rcel\u0161an\u0101s uz\u0146\u0113mums u. c.).<\/li>\n<li> Dzelteno lapu rekl\u0101ma vai rekl\u0101mas priek\u0161meti (p\u0113c izv\u0113les)<\/li>\n<li> Parakst\u012bta \u0113tikas kodeksa veidlapa<\/li>\n<\/ul>\n<p><strong>Starptautiskie p\u0101rvietot\u0101ji<\/strong><\/p>\n<ul>\n<li> Ieteikuma v\u0113stules no diviem starptautiskajiem p\u0101rvietot\u0101jiem, kas ir CAM, <a href=\"https:\/\/moverdb.com\/lv\/fidi-faim\/\">FIDI<\/a> vai <a href=\"https:\/\/moverdb.com\/lv\/esmu\/\">IAM<\/a> biedri<\/li>\n<li> Parakst\u012bta Kan\u0101das Starptautisko p\u0101rvad\u0101t\u0101ju \u0113tikas kodeksa veidlapa<\/li>\n<\/ul>\n<p><strong>Top 10 dal\u012bbnieki p\u0101rvietojas uz\u0146\u0113mumi<\/strong> (p\u0113c lieluma)<\/p>\n<ol>\n<li> <a href=\"https:\/\/moverdb.com\/lv\/united-van-lines\/\">United Van Lines<\/a><\/li>\n<li> <a href=\"https:\/\/moverdb.com\/lv\/north-american-van-lines\/\">North American Van Lines<\/a><\/li>\n<li> <a href=\"https:\/\/moverdb.com\/lv\/amj-campbell-van-lines\/\">AMJ Campbell Van Lines<\/a><\/li>\n<\/ol>\n<p><strong>P\u0101rvietot\u0101ji viedok\u013ci par CAM:<\/strong><\/p>\n<p>CAM tiek uzskat\u012bta par noder\u012bgu resursu, kas pal\u012bdz pat\u0113r\u0113t\u0101jiem izvair\u012bties no kr\u0101p\u0161anas un operatoriem, kuri pied\u0101v\u0101 nere\u0101listiskas pazemin\u0101tas cenas, kas p\u0113c tam tiek paaugstin\u0101tas p\u0101rcel\u0161an\u0101s dien\u0101. <\/p>\n<p>Tie, kas ir CAM biedri, tiek uzskat\u012bti par t\u0101diem, kas sp\u0113j pied\u0101v\u0101t noteiktu pakalpojumu l\u012bmeni, kura nav citiem p\u0101rvietot\u0101jiem - bez sertifik\u0101cijas. <\/p>\n<p>Tie\u0161saistes viedoklis CAM uzskata par veidu, k\u0101 p\u0101rbaud\u012bt p\u0101rcel\u0161an\u0101s uz\u0146\u0113muma uzticam\u012bbu, jo \u012bpa\u0161i t\u0101p\u0113c, ka CAM nodala <em>\"no lab\u0101, no slikt\u0101, no negl\u012bt\u0101.\"<\/em> Organiz\u0101cija tiek augstu nov\u0113rt\u0113ta par t\u0101s v\u0113lmi veicin\u0101t augstus \u0113tiskas r\u012bc\u012bbas standartus un par to, ka tai ir stingra pieteik\u0161an\u0101s proced\u016bra. <\/p>\n<p>Tie, kas min organiz\u0101ciju tie\u0161saist\u0113, nor\u0101da, ka t\u0101 ir iesp\u0113ja p\u0101rliecin\u0101ties, ka p\u0101rv\u0101c\u0113jam ir atbilsto\u0161a apdro\u0161in\u0101\u0161ana un pakalpojumu standarti. Nereti tiek uzsv\u0113rts, ka CAM re\u0123istr\u0113 ne tikai savus biedrus, bet ar\u012b tos p\u0101rv\u0101k\u0161an\u0101s uz\u0146\u0113mumus, kas nav tik cien\u012bjami. <\/p>\n<p>Tas tiek uzskat\u012bts par r\u0101d\u012bt\u0101ju tam, ka organiz\u0101cijai ir labs skat\u012bjums uz p\u0101rvieto\u0161an\u0101s nozari un ka t\u0101s biedri atrodas pareizaj\u0101 pus\u0113.<\/p>\n<blockquote><p>Starp p\u0101rcel\u0161an\u0101s un uzglab\u0101\u0161anas uz\u0146\u0113mumiem CAM at\u0161\u0137ir Labo, no Slikt\u0101, no Negar\u0161\u012bg\u0101. T\u0101s m\u0113r\u0137i ir veicin\u0101t augstus \u0113tikas standartus p\u0101rvieto\u0161an\u0101s nozar\u0113, sekm\u0113t kvalit\u0101tes iniciat\u012bvas, apm\u0101c\u012bt un izgl\u012btot person\u0101lu, k\u0101 ar\u012b uzraudz\u012bt t\u0101s biedru darb\u012bbu. <\/p>\n<p>Tas pal\u012bdz pat\u0113r\u0113t\u0101jiem piek\u013c\u016bt uzticamiem un profesion\u0101liem p\u0101rvieto\u0161an\u0101s pakalpojumiem. Stingr\u0101 pieteik\u0161an\u0101s proces\u0101 CAM pieprasa, lai t\u0101s locek\u013ci parakst\u012btu stingru \u0113tikas kodeksu, b\u016btu atbilsto\u0161i apdro\u0161in\u0101ti un uztur\u0113tu savas telpas standartus.<\/p><\/blockquote>\n<p>- <a href=\"http:\/\/www.uvl.ca\/Content\/Canadian+Association+of+Movers\" target=\"_blank\" rel=\"noopener noreferrer\">United Van Lines Kan\u0101da<\/a> <\/p>\n<blockquote><p>Kan\u0101das P\u0101rv\u0101c\u0113ju asoci\u0101cija (CAM) ir vien\u012bg\u0101 p\u0101rv\u0101c\u0113ju asoci\u0101cija Kan\u0101d\u0101, kas regul\u0113 un re\u0123istr\u0113 cien\u012bjamus un negod\u012bgus p\u0101rv\u0101c\u0113jus. <\/p><\/blockquote>\n<p>- <a href=\"http:\/\/www.greatcanadianvanlines.com\/how-to-choose-a-moving-company\/\" target=\"_blank\" rel=\"noopener noreferrer\">Great Canadian Van Lines<\/a><\/p>\n<blockquote><p>Nepareiza izv\u0113le, izv\u0113loties p\u0101rv\u0101k\u0161an\u0101s uz\u0146\u0113mumu, lai p\u0101rvietotu visu m\u016b\u017eu v\u0113rtus m\u0101jsaimniec\u012bbas priek\u0161metus, var b\u016bt posto\u0161a. Kr\u0101pnieki izmantos pat\u0113r\u0113t\u0101ju priek\u0161roc\u012bbas, pied\u0101v\u0101jot pazemin\u0101tas cenas, dodot nere\u0101lus sol\u012bjumus, p\u0101rv\u0101k\u0161an\u0101s dien\u0101 paaugstinot cenu un pieprasot izpirkuma maksu par m\u0101jsaimniec\u012bbas \u012bpa\u0161umu. <\/p>\n<p>\u0160ie uz\u0146\u0113mumi neuz\u0146emas atbild\u012bbu par sniegto pakalpojumu l\u012bmeni. Ja p\u0101rv\u0101c\u0113ja pied\u0101v\u0101jums izskat\u0101s un izklaus\u0101s p\u0101r\u0101k labs, lai b\u016btu patiess, tas t\u0101ds ar\u012b ir.<\/p>\n<p>K\u0101p\u0113c risk\u0113t? P\u0101rvietojieties ar CAM biedru. CAM ir Kan\u0101das tirdzniec\u012bbas asoci\u0101cija, kas p\u0101rst\u0101v p\u0101rcel\u0161an\u0101s un uzglab\u0101\u0161anas uz\u0146\u0113mumus.<\/p><\/blockquote>\n<p>- <a href=\"http:\/\/amjtorontomoving.com\/Partners\/ArticleID\/44\/Canadian-Association-of-Movers-CAM\" target=\"_blank\" rel=\"noopener noreferrer\">AMJ Campbell - Toronto<\/a><\/p>\n<p><strong>T\u012bmek\u013ca vietne:<\/strong> <a href=\"http:\/\/www.mover.net\/\" target=\"_blank\" rel=\"noopener noreferrer\">http:\/\/www.mover.net\/<\/a><\/p>\n<p><strong>PIEZ\u012aME! Par zem\u0101k redzamaj\u0101 veidlap\u0101, da\u017ei p\u0101rvietojas uz\u0146\u0113mumi, kas sazin\u0101s ar jums p\u0113c iesnieg\u0161anas veidlapu, var neb\u016bt CAM partneri.<\/strong><\/p>","protected":false},"excerpt":{"rendered":"<p>The Canadian Association of Movers is Canada&#8217;s trade association representing moving and storage companies. It was established to help protect and grow its member businesses and also to offer consumers a way to find reputable, professional and reliable moving services. Key facts about CAM: Membership includes movers both in Canada and overseas. Membership covers movers [&hellip;]<\/p>\n","protected":false},"author":1,"featured_media":0,"parent":0,"menu_order":0,"comment_status":"closed","ping_status":"closed","template":"","meta":{"_genesis_hide_title":false,"_genesis_hide_breadcrumbs":false,"_genesis_hide_singular_image":false,"_genesis_hide_footer_widgets":false,"_genesis_custom_body_class":"","_genesis_custom_post_class":"","_genesis_layout":"","footnotes":""},"class_list":{"0":"post-432","1":"page","2":"type-page","3":"status-publish","5":"entry"},"_links":{"self":[{"href":"https:\/\/moverdb.com\/lv\/wp-json\/wp\/v2\/pages\/432","targetHints":{"allow":["GET"]}}],"collection":[{"href":"https:\/\/moverdb.com\/lv\/wp-json\/wp\/v2\/pages"}],"about":[{"href":"https:\/\/moverdb.com\/lv\/wp-json\/wp\/v2\/types\/page"}],"author":[{"embeddable":true,"href":"https:\/\/moverdb.com\/lv\/wp-json\/wp\/v2\/users\/1"}],"replies":[{"embeddable":true,"href":"https:\/\/moverdb.com\/lv\/wp-json\/wp\/v2\/comments?post=432"}],"version-history":[{"count":9,"href":"https:\/\/moverdb.com\/lv\/wp-json\/wp\/v2\/pages\/432\/revisions"}],"predecessor-version":[{"id":3502,"href":"https:\/\/moverdb.com\/lv\/wp-json\/wp\/v2\/pages\/432\/revisions\/3502"}],"wp:attachment":[{"href":"https:\/\/moverdb.com\/lv\/wp-json\/wp\/v2\/media?parent=432"}],"curies":[{"name":"wp","href":"https:\/\/api.w.org\/{rel}","templated":true}]}}