{"id":430,"date":"2016-06-08T14:50:20","date_gmt":"2016-06-08T14:50:20","guid":{"rendered":"http:\/\/moverdb.com\/?page_id=430"},"modified":"2026-01-08T14:47:52","modified_gmt":"2026-01-08T14:47:52","slug":"bars-arvalstis","status":"publish","type":"page","link":"https:\/\/moverdb.com\/lv\/bar-overseas\/","title":{"rendered":"Lielbrit\u0101nijas P\u0101rv\u0101c\u0113ju asoci\u0101cijas (BAR) \u0100rvalstu grupas skaidrojums"},"content":{"rendered":"<p><a href=\"https:\/\/moverdb.com\/lv\/british-association-of-removers\/\" data-internallinksmanager029f6b8e52c=\"9\" title=\"Lielbrit\u0101nijas P\u0101rv\u0101c\u0113ju asoci\u0101cijas (BAR) skaidrojumi\">BAR<\/a> Overseas Group ir da\u013ca no <a href=\"https:\/\/moverdb.com\/lv\/britu-iznemeju-asociacija\/\">Lielbrit\u0101nijas P\u0101rv\u0101c\u0113ju asoci\u0101cija<\/a> (BAR), tirdzniec\u012bbas asoci\u0101cija. <\/p>\n<p>T\u0101pat k\u0101 t\u0101s m\u0101tes organiz\u0101cija, t\u0101 ir velt\u012bta profesion\u0101l\u0101s izcil\u012bbas veicin\u0101\u0161anai p\u0101rv\u0101k\u0161an\u0101s nozar\u0113, un tai ir \u012bpa\u0161a pieredze, str\u0101d\u0101jot ar da\u013c\u0113ju un <a href=\"https:\/\/moverdb.com\/lv\/konteineru-parvadajumi\/\">pilnas konteineru kravas p\u0101rvad\u0101jumi<\/a> vis\u0101 pasaul\u0113 un preces, kas ievestas <a href=\"https:\/\/moverdb.com\/lv\/moving-to-the-uk\/\" data-internallinksmanager029f6b8e52c=\"93\" title=\"P\u0101rce\u013caties uz Apvienoto Karalisti? 2022 Dz\u012bves izmaksas un p\u0101rcel\u0161an\u0101s padomi\">APVIENOT\u0100 KARALISTE<\/a> no \u0101rzem\u0113m.<\/p>\n<p><strong>Galvenie fakti par BAR Overseas Group:<\/strong><\/p>\n<ol>\n<li>  BAR Overseas sast\u0101v no 50 Apvienot\u0101s Karalistes ekspertu grupas <a href=\"https:\/\/moverdb.com\/lv\/parvietojas-uznemumi\/\">uz\u0146\u0113mumi<\/a> kas specializ\u0113jas visos <a href=\"https:\/\/moverdb.com\/lv\/starptautiskie-parvaksanas-darbi\/\">P\u0101rcel\u0161an\u0101s uz \u0101rzem\u0113m un starptautiskie p\u0101rv\u0101k\u0161an\u0101s pakalpojumi<\/a> un p\u0101rvieto\u0161anu.<\/li>\n<li>  Dal\u012bbnieki ir parakst\u012bju\u0161ies uz avansa maks\u0101jumu garantijas sh\u0113mu, kas paredz\u0113ta, lai aizsarg\u0101tu visus klientu priek\u0161apmaksas maks\u0101jumus.<\/li>\n<li>  Dal\u012bbnieki ir profesion\u0101li uz\u0146\u0113mumi, kas ir ap\u0146\u0113mu\u0161ies nodro\u0161in\u0101t visaugst\u0101kos pakalpojumu standartus un specializ\u0113jas p\u0101rcel\u0161an\u0101s uz \u0101rzem\u0113m jom\u0101.<\/li>\n<li>  BAR Overseas Group no saviem dal\u012bbniekiem prasa augstus standartus attiec\u012bb\u0101 uz t\u0101diem elementiem k\u0101 person\u0101la apm\u0101c\u012bba, transportl\u012bdzek\u013ci un apr\u012bkojums, un apmekl\u0113jumi uz vietas var notikt izlases k\u0101rt\u0101.<\/li>\n<li>  Kvalit\u0101tes standartu BS 8564 izstr\u0101d\u0101ja BAR Overseas Group sadarb\u012bb\u0101 ar BSI (British Standards Institution). Visiem biedriem tas ir j\u0101iev\u0113ro.<\/li>\n<li>  BAR iepriek\u0161\u0113ja maks\u0101juma garantija aizsarg\u0101 klientus - ja p\u0101rv\u0101c\u0113js, pie kura klients veicis rezerv\u0101ciju, non\u0101k finansi\u0101l\u0101s gr\u016bt\u012bb\u0101s, tad darbu bez papildu maksas p\u0101r\u0146em cits p\u0101rv\u0101c\u0113js, lai nodro\u0161in\u0101tu, ka darbs tiek pabeigts. <a href=\"https:\/\/moverdb.com\/lv\/parcelsanas-izmaksas\/\">izmaksas<\/a> klientam.<\/li>\n<\/ol>\n<p><strong>Organiz\u0101cijas profils:<\/strong><\/p>\n<p>BAR ir vec\u0101k\u0101 profesion\u0101l\u0101 asoci\u0101cija p\u0101rv\u0101k\u0161an\u0101s nozar\u0113 un <strong>Overseas Group<\/strong> ir izstr\u0101d\u0101ts t\u0101, lai papla\u0161in\u0101tu savu darb\u012bbas lauku no Apvienot\u0101s Karalistes uz galam\u0113r\u0137iem vis\u0101 pasaul\u0113. <\/p>\n<p>Par biedriem var k\u013c\u016bt tikai tie p\u0101rv\u0101c\u0113ji, kas jau ir BAR biedri, ta\u010du tas negarant\u0113, ka tiks uz\u0146emti aizj\u016bras grupas sast\u0101v\u0101. Grupas v\u012bzija ir pan\u0101kt, lai t\u0101s biedri k\u013c\u016btu par uzticamiem aizj\u016bras darbu veic\u0113jiem \u0161aj\u0101 nozar\u0113 un lai veicin\u0101tu un att\u012bst\u012btu lab\u0101ko profesion\u0101lo p\u0101rcel\u0161an\u0101s praksi p\u0101rcel\u0161an\u0101s darbos \u0101rzem\u0113s.<\/p>\n<p><strong>Dal\u012bbas krit\u0113riji:<\/strong><\/p>\n<ul>\n<li> Biedriem jau ir j\u0101b\u016bt BAR biedriem.<\/li>\n<li> Dal\u012bbniekiem ir j\u0101piedal\u0101s apstiprin\u0101t\u0101 Avansa maks\u0101jumu garantiju (APG) sh\u0113m\u0101.<\/li>\n<li> Locek\u013ciem j\u0101b\u016bt vai nu <a href=\"https:\/\/moverdb.com\/lv\/fidi-faim\/\">FIDI-FAIM<\/a>vai BS 8564 (P\u0101rvieto\u0161anas standarts aizj\u016bras zem\u0113s), vai l\u012bdzv\u0113rt\u012bgs, vai augst\u0101ks \u0101r\u0113ji apstiprin\u0101ts un audit\u0113ts standarts.<\/li>\n<\/ul>\n<p><strong>Dal\u012bbnieku uz\u0146\u0113mumu paraugi:<\/strong><\/p>\n<ul>\n<li> <a href=\"https:\/\/moverdb.com\/lv\/harrow-green\/\">Harrow Green<\/a><\/li>\n<li> <a href=\"https:\/\/moverdb.com\/lv\/anglo-piekrastie-udeni\/\">Anglo Pacific<\/a><\/li>\n<li> <a href=\"https:\/\/moverdb.com\/lv\/matthew-james\/\">Metj\u016b D\u017eeimss<\/a><\/li>\n<li> <a href=\"https:\/\/moverdb.com\/lv\/krasta-porteru-sabiedriba\/\">Krasta nes\u0113ju biedr\u012bba<\/a><\/li>\n<li> <a href=\"https:\/\/moverdb.com\/lv\/pss-removals\/\">PSS Starptautiskie p\u0101rv\u0101k\u0161an\u0101s pakalpojumi<\/a><\/li>\n<\/ul>\n<p><strong>Viedok\u013ci par BAR Overseas Group<\/strong><\/p>\n<p>Tiek uzskat\u012bts, ka BAR Overseas ir stingri dal\u012bbas krit\u0113riji, un biedri tiek regul\u0101ri p\u0101rbaud\u012bti, lai nodro\u0161in\u0101tu, ka standarti nav pazemin\u0101ju\u0161ies. Asoci\u0101cijas reput\u0101cija ir balst\u012bta uz t\u0101s visaptvero\u0161o p\u0101rskatu par t\u0101s biedriem, kas aptver visu, s\u0101kot no darb\u012bbas l\u012bdz pat telp\u0101m. <\/p>\n<p>Finan\u0161u aizsardz\u012bbas sh\u0113ma tiek uzskat\u012bta par lielu priek\u0161roc\u012bbu dal\u012bbniekiem, jo tie var pied\u0101v\u0101t klientiem papildu finansi\u0101lo aizsardz\u012bbu. BAR Overseas g\u016bst labumu no Lielbrit\u0101nijas P\u0101rv\u0101c\u0113ju asoci\u0101cijas reput\u0101cijas, un t\u0101 tiek uzskat\u012bta par kvalit\u0101tes standartu p\u0101rv\u0101k\u0161an\u0101s pakalpojumiem \u0101rzem\u0113s. <\/p>\n<p>Viens no uz\u0146\u0113mumiem uzsver, ka Apvienotaj\u0101 Karalist\u0113 ir tikai 50-60 uz\u0146\u0113mumu, kas ir izpild\u012bju\u0161i krit\u0113rijus, lai pievienotos BAR Overseas grupai, un tas ir viens no iemesliem, k\u0101d\u0113\u013c ir tik liels sasniegums sa\u0146emt \u0161o dal\u012bbu.<\/p>\n<blockquote><p>Dal\u012bbniekiem ir j\u0101atbilst stingriem standartiem, un tos regul\u0101ri p\u0101rbauda, lai p\u0101rliecin\u0101tos, ka to telpas, apr\u012bkojums, person\u0101la apm\u0101c\u012bba un darb\u012bbas proced\u016bras ir visaugst\u0101kaj\u0101 l\u012bmen\u012b.<\/p><\/blockquote>\n<p>- <a href=\"http:\/\/www.abels.co.uk\/european-removals-moving-to-europe\/bar-overseas-group-what-is-this\/\" target=\"_blank\" rel=\"noopener\">Abels<\/a><\/p>\n<blockquote><p>Lai aizsarg\u0101tu klientus, BAR Overseas Group izveidoja IMMI (International Movers Mutual Insurance) avansa maks\u0101jumu sh\u0113mu.<\/p><\/blockquote>\n<p>- <a href=\"http:\/\/www.johnmason.com\/about-us\/accreditations\/bar-overseas-group\/\" target=\"_blank\" rel=\"noopener\">JohnMason<\/a> <\/p>\n<blockquote><p>Garant\u0113ts miers j\u016bsu p\u0101rcel\u0161an\u0101s no \u0101rzem\u0113m.BAR Overseas Group ir specializ\u0113ta Lielbrit\u0101nijas P\u0101rv\u0101c\u0113ju asoci\u0101cijas noda\u013ca, kuras biedri ir eksperti vis\u0101s p\u0101rcel\u0161an\u0101s no \u0101rzem\u0113m jom\u0101s. Tikai maz\u0101k nek\u0101 60 uz\u0146\u0113mumi Apvienotaj\u0101 Karalist\u0113 atbilst stingrajiem dal\u012bbas krit\u0113rijiem un stingrajiem standartiem, kas tiek pras\u012bti t\u0101s biedriem.<\/p><\/blockquote>\n<p>- <a href=\"http:\/\/www.simpsons-uk.com\/removals_accreditations\/overseas_group\" target=\"_blank\" rel=\"noopener\">Simpsoni<\/a><\/p>\n<p><strong>T\u012bmek\u013ca vietne:<\/strong> <a href=\"http:\/\/www.baroverseas.co.uk\/\" target=\"_blank\" rel=\"noopener\">http:\/\/www.baroverseas.co.uk\/<\/a><\/p>","protected":false},"excerpt":{"rendered":"<p>BAR Overseas Group is part of the British Association of Removers (BAR), a Trade Association. Just like its parent organisation, it is dedicated to promoting professional excellence in the removals industry and has particular experience dealing with part and full container load shipments worldwide and goods coming into the UK from abroad. Key facts about [&hellip;]<\/p>\n","protected":false},"author":1,"featured_media":0,"parent":0,"menu_order":0,"comment_status":"closed","ping_status":"closed","template":"","meta":{"_genesis_hide_title":false,"_genesis_hide_breadcrumbs":false,"_genesis_hide_singular_image":false,"_genesis_hide_footer_widgets":false,"_genesis_custom_body_class":"","_genesis_custom_post_class":"","_genesis_layout":"","footnotes":""},"class_list":{"0":"post-430","1":"page","2":"type-page","3":"status-publish","5":"entry"},"_links":{"self":[{"href":"https:\/\/moverdb.com\/lv\/wp-json\/wp\/v2\/pages\/430","targetHints":{"allow":["GET"]}}],"collection":[{"href":"https:\/\/moverdb.com\/lv\/wp-json\/wp\/v2\/pages"}],"about":[{"href":"https:\/\/moverdb.com\/lv\/wp-json\/wp\/v2\/types\/page"}],"author":[{"embeddable":true,"href":"https:\/\/moverdb.com\/lv\/wp-json\/wp\/v2\/users\/1"}],"replies":[{"embeddable":true,"href":"https:\/\/moverdb.com\/lv\/wp-json\/wp\/v2\/comments?post=430"}],"version-history":[{"count":16,"href":"https:\/\/moverdb.com\/lv\/wp-json\/wp\/v2\/pages\/430\/revisions"}],"predecessor-version":[{"id":6187,"href":"https:\/\/moverdb.com\/lv\/wp-json\/wp\/v2\/pages\/430\/revisions\/6187"}],"wp:attachment":[{"href":"https:\/\/moverdb.com\/lv\/wp-json\/wp\/v2\/media?parent=430"}],"curies":[{"name":"wp","href":"https:\/\/api.w.org\/{rel}","templated":true}]}}