{"id":429,"date":"2016-06-06T14:44:52","date_gmt":"2016-06-06T14:44:52","guid":{"rendered":"http:\/\/moverdb.com\/?page_id=429"},"modified":"2026-01-08T14:47:51","modified_gmt":"2026-01-08T14:47:51","slug":"britu-iznemeju-asociacija","status":"publish","type":"page","link":"https:\/\/moverdb.com\/lv\/british-association-of-removers\/","title":{"rendered":"Lielbrit\u0101nijas P\u0101rv\u0101c\u0113ju asoci\u0101cijas (BAR) skaidrojumi"},"content":{"rendered":"<p>Lielbrit\u0101nijas P\u0101rv\u0101c\u0113ju asoci\u0101cija (BAR) sevi d\u0113v\u0113 par \"atz\u012btu profesion\u0101l\u0101s p\u0101rv\u0101k\u0161an\u0101s nozares p\u0101rst\u0101vi\", un t\u0101 ir noz\u012bm\u012bga organiz\u0101cija, kas darbojas <a href=\"https:\/\/moverdb.com\/lv\/moving-to-the-uk\/\" data-internallinksmanager029f6b8e52c=\"93\" title=\"P\u0101rce\u013caties uz Apvienoto Karalisti? 2022 Dz\u012bves izmaksas un p\u0101rcel\u0161an\u0101s padomi\">APVIENOT\u0100 KARALISTE<\/a> p\u0101rvieto\u0161an\u0101s nozare. <\/p>\n<p>B\u0101ri\u0146tiesas kompetenc\u0113 ir apm\u0101c\u012bba, profesion\u0101lie standarti un inform\u0101cijas un konsult\u0101ciju snieg\u0161ana klientiem, k\u0101 ar\u012b str\u012bdu iz\u0161\u0137ir\u0161anas pakalpojums.<\/p>\n<p><strong>Svar\u012bg\u0101kie fakti par BAR:<\/strong><\/p>\n<ol>\n<li>  BAR ir vair\u0101ki dal\u012bbas veidi: Apvienot\u0101s Karalistes dal\u012bba, <a href=\"https:\/\/moverdb.com\/lv\/bars-arvalstis\/\">\u0100rzemju grupas dal\u012bba<\/a>, Komerci\u0101l\u0101s p\u0101rvieto\u0161anas grupas dal\u012bba, Pa\u0161glab\u0101\u0161anas intere\u0161u grupas dal\u012bba. <a href=\"https:\/\/moverdb.com\/lv\/starptautiskie-parvaksanas-darbi\/\">Uz\u0146\u0113mumi<\/a> var b\u016bt ar\u012b starptautiskie saist\u012btie uz\u0146\u0113mumi (uz\u0146\u0113mumi \u0101rpus Apvienot\u0101s Karalistes, kas darbojas p\u0101rv\u0101k\u0161an\u0101s nozar\u0113) un saist\u012btie uz\u0146\u0113mumi (uz\u0146\u0113mumi, kas neveic p\u0101rv\u0101k\u0161an\u0101s un uzglab\u0101\u0161anas darb\u012bbas, bet sniedz preces un pakalpojumus \u0161aj\u0101 nozar\u0113).<\/li>\n<li>  BAR ir vien\u012bgais prakses kodekss p\u0101rcel\u0161an\u0101s nozar\u0113, ko ir apstiprin\u0101jis un uzrauga Tirdzniec\u012bbas standartu instit\u016bts.<\/li>\n<li>  Tirdzniec\u012bbas standartu instit\u016bts uzrauga visu BAR biedru darb\u012bbu.<\/li>\n<li>  BAR aptver gan Apvienot\u0101s Karalistes, gan <a href=\"https:\/\/moverdb.com\/lv\/parvietojas-uznemumi\/\">starptautiskie p\u0101rvadi<\/a>.<\/li>\n<li>  BAR ir sava m\u0101c\u012bbu noda\u013ca - BAR Training Services, kas pied\u0101v\u0101 profesion\u0101lus biznesa apm\u0101c\u012bbas kursus, kas nosaka nozares specifisko apm\u0101c\u012bbu standartus.<\/li>\n<li>  BAR biedru dal\u012bbas laik\u0101 tiek veiktas past\u0101v\u012bgas objekta p\u0101rbaudes.<\/li>\n<li> BAR ar\u012b vada <a href=\"https:\/\/www.trustedmover.org\" target=\"_blank\" rel=\"noopener\">Uzticams p\u0101rvietot\u0101js<\/a> t\u012bmek\u013ca vietni, lai pal\u012bdz\u0113tu jums atrast BAR no\u0146em\u0161anas l\u012bdzek\u013cus.<\/li>\n<\/ol>\n<p><strong>Organiz\u0101cijas profils:<\/strong><\/p>\n<p>BAR ir izveidojusies k\u0101 nozares organiz\u0101cija, kuras misija ir uztur\u0113t profesion\u0101los standartus p\u0101rvad\u0101jumu nozar\u0113 t\u0101s biedru un ar\u012b klientu interes\u0113s. Tai ir prakses kodekss, kas nosaka pakalpojumu, materi\u0101lu, transportl\u012bdzek\u013cu un noliktavu standartus, person\u0101la apm\u0101c\u012bbu un to, k\u0101 r\u012bkoties situ\u0101cij\u0101s, ja kaut kas neizdodas. <\/p>\n<p>T\u0101 nodro\u0161ina ar\u012b finansi\u0101lu aizsardz\u012bbu klientiem, piem\u0113ram, gad\u012bjumos, kad darbu atce\u013c p\u0101rv\u0101c\u0113js. Klienti var iesniegt s\u016bdz\u012bbas par savu biedru BAR, un ir pieejams ar\u012b alternat\u012bvs str\u012bdu iz\u0161\u0137ir\u0161anas pakalpojums. <\/p>\n<p>Apm\u0101c\u012bbas ir BAR dal\u012bbas programmas galven\u0101 sast\u0101vda\u013ca, un biedriem ir pieejami e-m\u0101c\u012bbu modu\u013ci par t\u0101d\u0101m t\u0113m\u0101m k\u0101 vad\u012bba, finanses, p\u0101rdo\u0161ana un p\u0101rdo\u0161ana, klientu apkalpo\u0161ana, m\u0101rketings, kou\u010dings, vad\u012bbas un uzraudz\u012bbas prasmju att\u012bst\u012b\u0161ana.<\/p>\n<p><strong>Da\u017ei dal\u012bbvalstu uz\u0146\u0113mumi<\/strong><\/p>\n<ul>\n<li> <a href=\"https:\/\/moverdb.com\/lv\/cadogan-tate\/\">Cadogan Tate<\/a><\/li>\n<li> <a href=\"https:\/\/moverdb.com\/lv\/anglo-piekrastie-udeni\/\">Anglo Pacific<\/a><\/li>\n<li> <a href=\"https:\/\/moverdb.com\/lv\/krasta-porteru-sabiedriba\/\">Krasta nes\u0113ju biedr\u012bba<\/a><\/li>\n<li> <a href=\"https:\/\/moverdb.com\/lv\/matthew-james\/\">Metj\u016b D\u017eeimss<\/a><\/li>\n<li> <a href=\"https:\/\/moverdb.com\/lv\/robinsons\/\">Robinsons P\u0101rcel\u0161an\u0101s<\/a><\/li>\n<li> <a href=\"https:\/\/moverdb.com\/lv\/conroy-removals\/\">Conroy Removals<\/a><\/li>\n<\/ul>\n<p><strong>Dal\u012bbas krit\u0113riji:<\/strong><\/p>\n<p>T\u012bmek\u013ca vietn\u0113 nav pieejami nek\u0101di dal\u012bbas krit\u0113riji: \"Ja v\u0113laties k\u013c\u016bt par BAR biedru un v\u0113laties sa\u0146emt dal\u012bbas krit\u0113rijus un pieteikuma veidlapu, l\u016bdzu, sazinieties ar BAR, nor\u0101dot sava uz\u0146\u0113muma inform\u0101ciju un kontaktinform\u0101ciju.\"<\/p>\n<p><strong>Nozares p\u0101rst\u0101vju viedoklis par Lielbrit\u0101nijas P\u0101rv\u0101c\u0113ju asoci\u0101ciju:<\/strong><\/p>\n<p>BAR bie\u017ei par\u0101d\u0101s britu p\u0101rv\u0101c\u0113ju t\u012bmek\u013ca vietn\u0113s, un daudzi no tiem, kas to nor\u0101da, uzsver, ka t\u0101 ir viena no vec\u0101kaj\u0101m p\u0101rv\u0101k\u0161an\u0101s nozares profesion\u0101laj\u0101m asoci\u0101cij\u0101m un t\u0101s v\u0113sture ir ilg\u0101ka par gadsimtu. <\/p>\n<p>Tas, ka tirdzniec\u012bbas standarti ir apstiprin\u0101ju\u0161i savu prakses kodeksu, tiek uzskat\u012bts par v\u0113l vienu b\u016btisku priek\u0161roc\u012bbu, jo tas sniedz pat\u0113r\u0113t\u0101jiem p\u0101rliec\u012bbu, ka vi\u0146u intereses tiek aizsarg\u0101tas ne tikai saska\u0146\u0101 ar likuma pamatpras\u012bb\u0101m. <\/p>\n<p>Par svar\u012bgu tiek uzskat\u012bts fakts, ka asoci\u0101cija past\u0101v\u012bgi veic objektu p\u0101rbaudes, k\u0101 ar\u012b tas, ka t\u0101s dal\u012bbniekiem ir j\u0101sniedz pier\u0101d\u012bjumi par klientu apmierin\u0101t\u012bbu. <\/p>\n<p>Visp\u0101r\u0113jais viedoklis ir, ka <em>\"Izv\u0113loties BAR biedru, j\u016bs nodro\u0161in\u0101siet, ka j\u016bsu p\u0101rcel\u0161an\u0101s norit\u0113s p\u0113c iesp\u0113jas rait\u0101k.\"<\/em> Nekustam\u0101 \u012bpa\u0161uma t\u012bmek\u013ca vietn\u0113s, kur\u0101s tas aprakst\u012bts k\u0101 pamatpras\u012bba labam p\u0101rv\u0101c\u0113jam, kas iev\u0113ro minim\u0101los profesion\u0101lisma standartus un pied\u0101v\u0101 zin\u0101mu finansi\u0101lo aizsardz\u012bbu, par p\u0101rv\u0101c\u0113ju standartu tiek uzskat\u012bts BAR.<\/p>\n<blockquote><p>Labs s\u0101kumpunkts ir izv\u0113l\u0113ties p\u0101rcel\u0161an\u0101s uz\u0146\u0113mumu, kas ir ap\u0146\u0113mies k\u013c\u016bt par BAR biedru, jo tas liecina, ka tas v\u0113las iev\u0113rot minim\u0101los standartus. BAR biedriem ir minim\u0101lie r\u012bc\u012bbas standarti, kas ir j\u016bsu interes\u0113s, piem\u0113ram, juridiski, licenc\u0113ti transportl\u012bdzek\u013ci, j\u016bsu depoz\u012bta aizsardz\u012bba un \u0161\u0137\u012br\u0113jtiesa vai bezmaksas samierin\u0101\u0161ana, k\u0101 ar\u012b maz ticams gad\u012bjums, ja kaut kas notiek nepareizi.<\/p><\/blockquote>\n<p>- <a href=\"http:\/\/www.rightmove.co.uk\/choosing-a-removal-company.html\" target=\"_blank\" rel=\"noopener\">rightmove<\/a><\/p>\n<blockquote><p>Katrs BAR biedrs str\u0101d\u0101 saska\u0146\u0101 ar BAR prakses kodeksu, ko ir apstiprin\u0101ju\u0161i tirdzniec\u012bbas standarti. \u0160is stingrais kodekss aizsarg\u0101 un aizst\u0101v pat\u0113r\u0113t\u0101ju intereses, p\u0101rsniedzot likuma pamatpras\u012bbas.<\/p><\/blockquote>\n<p>- <a href=\"http:\/\/www.pickfords.co.uk\/british-association-of-removers\" target=\"_blank\" rel=\"noopener\">Pickfords<\/a><\/p>\n<blockquote><p>Vair\u0101k nek\u0101 97% pat\u0113r\u0113t\u0101ju iesaka savu BAR no\u0146\u0113m\u0113ju.<\/p><\/blockquote>\n<p>- <a href=\"http:\/\/www.comparemymove.com\/blog\/our-partners\/a-guide-to-joining-the-british-association-of-removers\/\" target=\"_blank\" rel=\"noopener\">Sal\u012bdziniet manu p\u0101rcel\u0161anos<\/a><\/p>\n<p><strong>T\u012bmek\u013ca vietne:<\/strong> <a href=\"http:\/\/www.bar.co.uk\/\" target=\"_blank\" rel=\"noopener\">http:\/\/www.bar.co.uk\/<\/a><\/p>","protected":false},"excerpt":{"rendered":"<p>The British Association of Removers (BAR) describes itself as the &#8220;recognised voice of the professional moving industry&#8221; and it is a key body in the UK moving industry. Training, professional standards and providing information and advice to customers are included in the BAR&#8217;s remit, as well as a dispute resolution service. Key facts about BAR: [&hellip;]<\/p>\n","protected":false},"author":1,"featured_media":0,"parent":0,"menu_order":0,"comment_status":"closed","ping_status":"closed","template":"","meta":{"_genesis_hide_title":false,"_genesis_hide_breadcrumbs":false,"_genesis_hide_singular_image":false,"_genesis_hide_footer_widgets":false,"_genesis_custom_body_class":"","_genesis_custom_post_class":"","_genesis_layout":"","footnotes":""},"class_list":{"0":"post-429","1":"page","2":"type-page","3":"status-publish","5":"entry"},"_links":{"self":[{"href":"https:\/\/moverdb.com\/lv\/wp-json\/wp\/v2\/pages\/429","targetHints":{"allow":["GET"]}}],"collection":[{"href":"https:\/\/moverdb.com\/lv\/wp-json\/wp\/v2\/pages"}],"about":[{"href":"https:\/\/moverdb.com\/lv\/wp-json\/wp\/v2\/types\/page"}],"author":[{"embeddable":true,"href":"https:\/\/moverdb.com\/lv\/wp-json\/wp\/v2\/users\/1"}],"replies":[{"embeddable":true,"href":"https:\/\/moverdb.com\/lv\/wp-json\/wp\/v2\/comments?post=429"}],"version-history":[{"count":18,"href":"https:\/\/moverdb.com\/lv\/wp-json\/wp\/v2\/pages\/429\/revisions"}],"predecessor-version":[{"id":6186,"href":"https:\/\/moverdb.com\/lv\/wp-json\/wp\/v2\/pages\/429\/revisions\/6186"}],"wp:attachment":[{"href":"https:\/\/moverdb.com\/lv\/wp-json\/wp\/v2\/media?parent=429"}],"curies":[{"name":"wp","href":"https:\/\/api.w.org\/{rel}","templated":true}]}}