{"id":42,"date":"2016-03-19T18:09:36","date_gmt":"2016-03-19T18:09:36","guid":{"rendered":"http:\/\/moverdb.com\/?page_id=42"},"modified":"2026-01-08T15:20:50","modified_gmt":"2026-01-08T15:20:50","slug":"lietosanas-noteikumi","status":"publish","type":"page","link":"https:\/\/moverdb.com\/lv\/terms-of-use\/","title":{"rendered":"Lieto\u0161anas noteikumi"},"content":{"rendered":"<p><strong>PIRMS \u0160\u012aS VIETNES LIETO\u0160ANAS, L\u016aDZU, UZMAN\u012aGI IZLASIET \u0160OS NOTEIKUMUS.<\/strong><\/p>\n<p>Laipni l\u016bgti MoverDB.com. Turpinot p\u0101rl\u016bkot un izmantot \u0161o t\u012bmek\u013ca vietni, j\u016bs piekr\u012btat iev\u0113rot un iev\u0113rosiet \u0161\u0101dus lieto\u0161anas noteikumus un nosac\u012bjumus, kas kop\u0101 ar m\u016bsu t\u012bmek\u013ca vietnes lieto\u0161anas noteikumiem un nosac\u012bjumiem ir saisto\u0161i. <a href=\"https:\/\/MoverDB.com\/privacy-policy\/\" target=\"_blank\" rel=\"noopener\">priv\u0101tuma politika<\/a> regul\u0113 MoverDB.com attiec\u012bbas ar jums saist\u012bb\u0101 ar \u0161o t\u012bmek\u013ca vietni. Ja j\u016bs nepiekr\u012btat k\u0101dai \u0161o noteikumu un nosac\u012bjumu da\u013cai, l\u016bdzu, nelietojiet m\u016bsu t\u012bmek\u013ca vietni.<\/p>\n<p>\u0160ajos lieto\u0161anas noteikumos kop\u0101 ar citiem t\u0101l\u0101k min\u0113tajiem dokumentiem ir izkl\u0101st\u012bti noteikumi un nosac\u012bjumi, saska\u0146\u0101 ar kuriem j\u016bs varat izmantot vietni https:\/\/MoverDB.com\/ (\"m\u016bsu vietne\"). <\/p>\n<p>Citi svar\u012bgi dokumenti <\/p>\n<p>Lieto\u0161anas noteikumi attiecas uz m\u016bsu <a href=\"https:\/\/MoverDB.com\/privacy-policy\/\" target=\"_blank\" rel=\"noopener\">Konfidencialit\u0101tes politika<\/a>, kuros izkl\u0101st\u012bti noteikumi, ar k\u0101diem m\u0113s apstr\u0101d\u0101jam visus j\u016bsu sniegtos personas datus. <a href=\"https:\/\/moverdb.com\/lv\/moving-to-the-united-states\/\" data-internallinksmanager029f6b8e52c=\"94\" title=\"P\u0101rce\u013caties uz Amerikas Savienotaj\u0101m Valst\u012bm? 2022 Dz\u012bves izmaksas un p\u0101rcel\u0161an\u0101s padomi\">mums<\/a>vai ko m\u0113s no jums iev\u0101cam. J\u016bs varat ar\u012b izlas\u012bt m\u016bsu pilnu <a href=\"https:\/\/moverdb.com\/lv\/datu-apstrades-politika\/\">Datu apstr\u0101des politika<\/a>. Izmantojot m\u016bsu vietni, j\u016bs piekr\u012btat \u0161\u0101dai apstr\u0101dei.<\/p>\n<p>Uz \u0161\u012bs vietnes lieto\u0161anu attiecas \u0161\u0101di lieto\u0161anas noteikumi:<\/p>\n<ul>\n<li>\u0160\u012bs t\u012bmek\u013ca vietnes lapu saturs ir paredz\u0113ts tikai j\u016bsu visp\u0101r\u0113jai inform\u0101cijai un lieto\u0161anai. Tas var tikt main\u012bts bez iepriek\u0161\u0113ja br\u012bdin\u0101juma.<\/li>\n<li> Aizpildot pied\u0101v\u0101juma veidlapu, j\u016bs piekr\u012btat, ka m\u0113s varam dal\u012bties ar \u0161o inform\u0101ciju ar tre\u0161aj\u0101m pus\u0113m, lai pal\u012bdz\u0113tu jums sa\u0146emt vislab\u0101ko cenu sal\u012bdzin\u0101\u0161anas pied\u0101v\u0101jumu j\u016bsu starptautiskajai p\u0101rcel\u0161an\u0101s oper\u0101cijai.<\/li>\n<li>\u0160\u012b vietne izmanto s\u012bkfailus, lai uzraudz\u012btu p\u0101rl\u016bko\u0161anas preferences. Ja at\u013caujat izmantot s\u012bkfailus, m\u0113s varam saglab\u0101t personisko inform\u0101ciju, lai to var\u0113tu izmantot tre\u0161\u0101s personas.<\/li>\n<li> Ne m\u0113s, ne tre\u0161\u0101s puses nesniedzam nek\u0101das garantijas vai garantijas attiec\u012bb\u0101 uz \u0161aj\u0101 t\u012bmek\u013ca vietn\u0113 atrodam\u0101s vai pied\u0101v\u0101t\u0101s inform\u0101cijas un materi\u0101lu precizit\u0101ti, savlaic\u012bgumu, veiktsp\u0113ju, piln\u012bgumu vai piem\u0113rot\u012bbu k\u0101dam konkr\u0113tam m\u0113r\u0137im. J\u016bs atz\u012bstat, ka \u0161\u0101d\u0101 inform\u0101cij\u0101 un materi\u0101los var b\u016bt neprecizit\u0101tes vai k\u013c\u016bdas, un m\u0113s skaidri izsl\u0113dzam atbild\u012bbu par \u0161\u0101d\u0101m neprecizit\u0101t\u0113m vai k\u013c\u016bd\u0101m, cikt\u0101l to pie\u013cauj likums.<\/li>\n<li> Jebkuru \u0161aj\u0101 vietn\u0113 sniegto inform\u0101ciju vai materi\u0101lus izmantojat tikai uz savu risku, par ko m\u0113s neesam atbild\u012bgi. J\u016bs pats esat atbild\u012bgs par to, lai p\u0101rliecin\u0101tos, ka \u0161aj\u0101 t\u012bmek\u013ca vietn\u0113 pieejamie produkti, pakalpojumi vai inform\u0101cija atbilst j\u016bsu \u012bpa\u0161aj\u0101m pras\u012bb\u0101m.<\/li>\n<li> \u0160aj\u0101 t\u012bmek\u013ca vietn\u0113 ir materi\u0101li, kas ir m\u016bsu \u012bpa\u0161um\u0101 vai licenc\u0113ti. \u0160is materi\u0101ls ietver, bet neaprobe\u017eojas ar dizainu, izk\u0101rtojumu, izskatu, izskatu un grafiku. Reproduc\u0113\u0161ana ir aizliegta, iz\u0146emot gad\u012bjumus, kad tas nav at\u013cauts saska\u0146\u0101 ar \u0161o noteikumu un nosac\u012bjumu da\u013cu, kas ietverts pazi\u0146ojum\u0101 par autorties\u012bb\u0101m.<\/li>\n<li> \u0160\u012bs t\u012bmek\u013ca vietnes neat\u013cauta izmanto\u0161ana var b\u016bt par pamatu pras\u012bbai par zaud\u0113jumu atl\u012bdzin\u0101\u0161anu un\/vai krimin\u0101lp\u0101rk\u0101pumam.<\/li>\n<li> \u0160aj\u0101 t\u012bmek\u013ca vietn\u0113 laiku pa laikam var b\u016bt ar\u012b saites uz cit\u0101m t\u012bmek\u013ca vietn\u0113m. \u0160\u012bs saites ir sniegtas j\u016bsu \u0113rt\u012bbai, lai sniegtu papildu inform\u0101ciju. T\u0101s nenoz\u012bm\u0113, ka m\u0113s atbalst\u0101m \u0161o(-as) t\u012bmek\u013ca vietni(-es). M\u0113s neesam atbild\u012bgi par saist\u012bto t\u012bmek\u013ca viet\u0146u saturu.<\/li>\n<\/ul>","protected":false},"excerpt":{"rendered":"<p>PLEASE READ THESE CAREFULLY BEFORE USING THIS WEBSITE. Welcome to MoverDB.com. If you continue to browse and use this website, you are agreeing to comply with and be bound by the following terms and conditions of use, which together with our privacy policy govern MoverDB.com&#8217;s relationship with you in relation to this website. If you [&hellip;]<\/p>\n","protected":false},"author":1,"featured_media":0,"parent":0,"menu_order":0,"comment_status":"closed","ping_status":"closed","template":"","meta":{"_genesis_hide_title":false,"_genesis_hide_breadcrumbs":false,"_genesis_hide_singular_image":false,"_genesis_hide_footer_widgets":false,"_genesis_custom_body_class":"","_genesis_custom_post_class":"","_genesis_layout":"","footnotes":""},"class_list":{"0":"post-42","1":"page","2":"type-page","3":"status-publish","5":"entry"},"_links":{"self":[{"href":"https:\/\/moverdb.com\/lv\/wp-json\/wp\/v2\/pages\/42","targetHints":{"allow":["GET"]}}],"collection":[{"href":"https:\/\/moverdb.com\/lv\/wp-json\/wp\/v2\/pages"}],"about":[{"href":"https:\/\/moverdb.com\/lv\/wp-json\/wp\/v2\/types\/page"}],"author":[{"embeddable":true,"href":"https:\/\/moverdb.com\/lv\/wp-json\/wp\/v2\/users\/1"}],"replies":[{"embeddable":true,"href":"https:\/\/moverdb.com\/lv\/wp-json\/wp\/v2\/comments?post=42"}],"version-history":[{"count":5,"href":"https:\/\/moverdb.com\/lv\/wp-json\/wp\/v2\/pages\/42\/revisions"}],"predecessor-version":[{"id":3243,"href":"https:\/\/moverdb.com\/lv\/wp-json\/wp\/v2\/pages\/42\/revisions\/3243"}],"wp:attachment":[{"href":"https:\/\/moverdb.com\/lv\/wp-json\/wp\/v2\/media?parent=42"}],"curies":[{"name":"wp","href":"https:\/\/api.w.org\/{rel}","templated":true}]}}