{"id":414,"date":"2016-07-03T15:12:27","date_gmt":"2016-07-03T15:12:27","guid":{"rendered":"http:\/\/moverdb.com\/?page_id=414"},"modified":"2026-01-08T14:39:56","modified_gmt":"2026-01-08T14:39:56","slug":"parcelsanas-izmaksas","status":"publish","type":"page","link":"https:\/\/moverdb.com\/lv\/moving-costs\/","title":{"rendered":"Starptautisk\u0101s p\u0101rvieto\u0161an\u0101s izmaksas: 9 lietas, kuras nedr\u012bkst ignor\u0113t"},"content":{"rendered":"<p><img loading=\"lazy\" decoding=\"async\" src=\"https:\/\/moverdb.com\/wp-content\/uploads\/International-Moving-Costs.jpg\" alt=\"Starptautisk\u0101s p\u0101rvieto\u0161an\u0101s izmaksas\" width=\"720\" height=\"477\" class=\"aligncenter size-full wp-image-780\" srcset=\"https:\/\/moverdb.com\/wp-content\/uploads\/International-Moving-Costs.jpg 720w, https:\/\/moverdb.com\/wp-content\/uploads\/International-Moving-Costs-300x200.jpg 300w, https:\/\/moverdb.com\/wp-content\/uploads\/International-Moving-Costs-600x398.jpg 600w\" sizes=\"auto, (max-width: 720px) 100vw, 720px\" \/><\/p>\n<p>Daudzi cilv\u0113ki, kas p\u0101rce\u013cas uz \u0101rzem\u0113m, ir p\u0101rsteigti par to, cik augstas var b\u016bt starptautisk\u0101s p\u0101rcel\u0161an\u0101s izmaksas. Turpm\u0101k m\u0113s apl\u016bkosim daudzus paredzamos un neparedz\u0113tos izdevumus, ar kuriem var n\u0101kties saskarties, un to, k\u0101 ietaup\u012bt naudu. <\/p>\n<div id=\"ez-toc-container\" class=\"ez-toc-v2_0_82_2 ez-toc-wrap-left counter-hierarchy ez-toc-counter ez-toc-transparent ez-toc-container-direction\">\n<div class=\"ez-toc-title-container\">\n<p class=\"ez-toc-title\" style=\"cursor:inherit\">Sada\u013cas<\/p>\n<span class=\"ez-toc-title-toggle\"><a href=\"#\" class=\"ez-toc-pull-right ez-toc-btn ez-toc-btn-xs ez-toc-btn-default ez-toc-toggle\" aria-label=\"P\u0101rsl\u0113gt satura tabulu\"><span class=\"ez-toc-js-icon-con\"><span class=\"\"><span class=\"eztoc-hide\" style=\"display:none;\">P\u0101rsl\u0113gt<\/span><span class=\"ez-toc-icon-toggle-span\"><svg style=\"fill: #999;color:#999\" xmlns=\"http:\/\/www.w3.org\/2000\/svg\" class=\"list-377408\" width=\"20px\" height=\"20px\" viewbox=\"0 0 24 24\" fill=\"none\"><path d=\"M6 6H4v2h2V6zm14 0H8v2h12V6zM4 11h2v2H4v-2zm16 0H8v2h12v-2zM4 16h2v2H4v-2zm16 0H8v2h12v-2z\" fill=\"currentColor\"><\/path><\/svg><svg style=\"fill: #999;color:#999\" class=\"arrow-unsorted-368013\" xmlns=\"http:\/\/www.w3.org\/2000\/svg\" width=\"10px\" height=\"10px\" viewbox=\"0 0 24 24\" version=\"1.2\" baseprofile=\"tiny\"><path d=\"M18.2 9.3l-6.2-6.3-6.2 6.3c-.2.2-.3.4-.3.7s.1.5.3.7c.2.2.4.3.7.3h11c.3 0 .5-.1.7-.3.2-.2.3-.5.3-.7s-.1-.5-.3-.7zM5.8 14.7l6.2 6.3 6.2-6.3c.2-.2.3-.5.3-.7s-.1-.5-.3-.7c-.2-.2-.4-.3-.7-.3h-11c-.3 0-.5.1-.7.3-.2.2-.3.5-.3.7s.1.5.3.7z\"\/><\/svg><\/span><\/span><\/span><\/a><\/span><\/div>\n<nav><ul class='ez-toc-list ez-toc-list-level-1 eztoc-toggle-hide-by-default' ><li class='ez-toc-page-1 ez-toc-heading-level-2'><a class=\"ez-toc-link ez-toc-heading-1\" href=\"https:\/\/moverdb.com\/lv\/moving-costs\/#1_Moving_Transportation_Costs\" >1. P\u0101rcel\u0161an\u0101s un transporta izmaksas<\/a><\/li><li class='ez-toc-page-1 ez-toc-heading-level-2'><a class=\"ez-toc-link ez-toc-heading-2\" href=\"https:\/\/moverdb.com\/lv\/moving-costs\/#2_Packing_Unpacking_Costs\" >2. Iepako\u0161anas un izpako\u0161anas izmaksas<\/a><\/li><li class='ez-toc-page-1 ez-toc-heading-level-2'><a class=\"ez-toc-link ez-toc-heading-3\" href=\"https:\/\/moverdb.com\/lv\/moving-costs\/#3_Moving_Insurance_Costs\" >3. P\u0101rcel\u0161an\u0101s apdro\u0161in\u0101\u0161anas izmaksas<\/a><\/li><li class='ez-toc-page-1 ez-toc-heading-level-2'><a class=\"ez-toc-link ez-toc-heading-4\" href=\"https:\/\/moverdb.com\/lv\/moving-costs\/#4_Storage_Costs\" >4. Uzglab\u0101\u0161anas izmaksas<\/a><\/li><li class='ez-toc-page-1 ez-toc-heading-level-2'><a class=\"ez-toc-link ez-toc-heading-5\" href=\"https:\/\/moverdb.com\/lv\/moving-costs\/#5Customs_Duty_Charges_Taxes\" >5.Muitas nodevas un nodok\u013ci<\/a><\/li><li class='ez-toc-page-1 ez-toc-heading-level-2'><a class=\"ez-toc-link ez-toc-heading-6\" href=\"https:\/\/moverdb.com\/lv\/moving-costs\/#6_Visa_Fees\" >6. V\u012bzas nodevas<\/a><\/li><li class='ez-toc-page-1 ez-toc-heading-level-2'><a class=\"ez-toc-link ez-toc-heading-7\" href=\"https:\/\/moverdb.com\/lv\/moving-costs\/#7_Lawyer_Fees\" >7. Jurista honor\u0101rs<\/a><\/li><li class='ez-toc-page-1 ez-toc-heading-level-2'><a class=\"ez-toc-link ez-toc-heading-8\" href=\"https:\/\/moverdb.com\/lv\/moving-costs\/#8_Housing_Costs\" >8. M\u0101jok\u013ca izmaksas<\/a><\/li><li class='ez-toc-page-1 ez-toc-heading-level-2'><a class=\"ez-toc-link ez-toc-heading-9\" href=\"https:\/\/moverdb.com\/lv\/moving-costs\/#9_Other_Costs\" >9. Citas izmaksas<\/a><\/li><\/ul><\/nav><\/div>\n<h2><span class=\"ez-toc-section\" id=\"1_Moving_Transportation_Costs\"><\/span>1. P\u0101rcel\u0161an\u0101s un transporta izmaksas<span class=\"ez-toc-section-end\"><\/span><\/h2>\n<p>Visliel\u0101k\u0101s izmaksas, ar kur\u0101m saskarsieties, ir algot darbinieku. <a href=\"https:\/\/moverdb.com\/lv\/parvietojas-uznemumi\/\">starptautisks p\u0101rcel\u0161an\u0101s uz\u0146\u0113mums<\/a> lai p\u0101rvestu j\u016bsu mantas no m\u0101jas A valst\u012b uz jauno m\u0101jvietu B valst\u012b. Uz\u0146\u0113mumus varat sal\u012bdzin\u0101t, izmantojot iepriek\u0161 nor\u0101d\u012bto veidlapu.<\/p>\n<p>Izmaksas b\u016bs atkar\u012bgas no da\u017eiem galvenajiem faktoriem:<\/p>\n<ul>\n<li> <strong>P\u0101rvieto\u0161anas lielums:<\/strong> Jo liel\u0101ks p\u0101rcel\u0161an\u0101s apjoms, jo d\u0101rg\u0101ks b\u016bs p\u0101rcel\u0161an\u0101s pas\u0101kums. Tas attiecas gan uz svaru, gan apjomu. Grup\u0113\u0161anas pakalpojumi var samazin\u0101t \u0161o maksu, ja jums nav pietiekami daudz pre\u010du pilnai kravai.<\/li>\n<li> <strong>Att\u0101lums:<\/strong> Jo t\u0101l\u0101k jums j\u0101p\u0101rvietojas, jo d\u0101rg\u0101k tas izmaks\u0101.<\/li>\n<li> <strong>Mar\u0161ruts:<\/strong> Da\u017ei galam\u0113r\u0137i ir diezgan bie\u017ei sastopami, bet citi ir diezgan reti. Piem\u0113ram, starptautiskie p\u0101rvadi starp <a href=\"https:\/\/moverdb.com\/lv\/moving-to-canada\/\" data-internallinksmanager029f6b8e52c=\"265\" title=\"P\u0101rcel\u0161an\u0101s uz Kan\u0101du? 2023 Dz\u012bves izmaksas un p\u0101rcel\u0161an\u0101s padomi\">Kan\u0101da<\/a> un <a href=\"https:\/\/moverdb.com\/lv\/moving-to-the-united-states\/\" data-internallinksmanager029f6b8e52c=\"94\" title=\"P\u0101rce\u013caties uz Amerikas Savienotaj\u0101m Valst\u012bm? 2022 Dz\u012bves izmaksas un p\u0101rcel\u0161an\u0101s padomi\">Amerikas Savienot\u0101s Valstis<\/a> vai Eirop\u0101 ir izplat\u012bti, un \u0161ie mar\u0161ruti konkurences d\u0113\u013c parasti ir l\u0113t\u0101ki sal\u012bdzin\u0101jum\u0101 ar maz\u0101k izplat\u012btiem mar\u0161rutiem.<\/li>\n<li> <strong>Transport\u0113\u0161anas metode:<\/strong> No t\u0101, k\u0101du metodi izv\u0113l\u0113sieties, lai p\u0101rvietotu savas preces, liel\u0101 m\u0113r\u0101 ir atkar\u012bga gal\u012bg\u0101 cena, ko maks\u0101siet. J\u016bras p\u0101rvad\u0101jumi ir l\u0113t\u0101kais variants, savuk\u0101rt gaisa p\u0101rvad\u0101jumi ir visd\u0101rg\u0101kais. Kravas automa\u0161\u012bnas gandr\u012bz vienm\u0113r veiks jebkuru p\u0101rvad\u0101jumu pirmo un p\u0113d\u0113jo posmu neatkar\u012bgi no t\u0101, k\u0101du(-as) metodi(-as) izmantos starp tiem.<\/li>\n<\/ul>\n<p>\u0145emot v\u0113r\u0101, ka j\u016bras p\u0101rvad\u0101jumi ir l\u0113t\u0101kais variants, da\u017ei cilv\u0113ki m\u0113\u0123ina tie\u0161i sazin\u0101ties ar <a href=\"https:\/\/moverdb.com\/lv\/kugniecibas-uznemumi\/\">starptautiskais ku\u0123niec\u012bbas uz\u0146\u0113mums<\/a>. Lai gan da\u017ek\u0101rt tas var b\u016bt l\u0113t\u0101k, liel\u0101k\u0101 da\u013ca \u0161o uz\u0146\u0113mumu nav \u012bsti izveidoti m\u0101jok\u013ca p\u0101rvieto\u0161anai, bet gan galvenok\u0101rt nodarbojas ar. <a href=\"https:\/\/moverdb.com\/lv\/kravas-ekspeditors\/\">kravu p\u0101rvad\u0101jumi<\/a>.    <\/p>\n<p>Lai lab\u0101k izprastu p\u0101rcel\u0161an\u0101s un transport\u0113\u0161anas izmaksas, varat izlas\u012bt ar\u012b m\u016bsu ce\u013cvedi par <a href=\"https:\/\/moverdb.com\/lv\/konteineru-parvadajumi\/\">Starptautisk\u0101s konteineru p\u0101rvad\u0101jumu izmaksas<\/a> vai ar\u012b uzreiz \u0137erties pie <a href=\"https:\/\/moverdb.com\/lv\/citati\/\">starptautiskie p\u0101rvietojas cit\u0101ti<\/a>.<\/p>\n<p><strong>Tipisk\u0101s izmaksas:<\/strong> S\u0101kot no <strong>$1,000<\/strong> USD (\u00a3750; \u20ac900) un var viegli p\u0101rsniegt $10,000 t\u0101liem p\u0101rcel\u0161an\u0101s braucieniem uz \u0101rzem\u0113m.<\/p>\n<h2><span class=\"ez-toc-section\" id=\"2_Packing_Unpacking_Costs\"><\/span>2. Iepako\u0161anas un izpako\u0161anas izmaksas<span class=\"ez-toc-section-end\"><\/span><\/h2>\n<p>Lai gan ne visi <a href=\"https:\/\/moverdb.com\/lv\/moving-companies\/\" data-internallinksmanager029f6b8e52c=\"79\" title=\"Top 25 Starptautiskie p\u0101rcel\u0161an\u0101s uz\u0146\u0113mumi tie\u0161saist\u0113\">P\u0101rvieto\u0161an\u0101s uz\u0146\u0113mumi<\/a> par iepako\u0161anu un izpako\u0161anu iekas\u0113 papildu maksu, daudzi to dara. Atkar\u012bb\u0101 no valsts, uz kuru p\u0101rce\u013caties, jums var neb\u016bt izv\u0113les par \u0161o izmaksu seg\u0161anu. Iemesls ir t\u0101ds, ka da\u017eu valstu muitas dokumentos ir noteikts, ka p\u0101rcel\u0161an\u0101s uz\u0146\u0113mumam ir j\u0101apliecina import\u0113jam\u0101s preces un j\u0101p\u0101rliecin\u0101s, ka netiek s\u016bt\u012bts nekas nelikum\u012bgs.<\/p>\n<p>Neleg\u0101lie priek\u0161meti ir ac\u012bmredzami, piem\u0113ram, narkotikas un iero\u010di, ta\u010du tie var b\u016bt ar\u012b t\u0101di, par kuriem j\u016bs pat nezin\u0101t, piem\u0113ram, da\u017ei augi vai dz\u012bvnieki. P\u0101rvad\u0101jumu uz\u0146\u0113mumiem, kas pie\u0137erti p\u0101rk\u0101pjot likumu, var tikt uzlikti naudas sodi vai zaud\u0113ta licence un l\u012bdz ar to iesp\u0113ja veikt uz\u0146\u0113m\u0113jdarb\u012bbu attiec\u012bgaj\u0101 valst\u012b.<\/p>\n<p>Ja v\u0113laties izvair\u012bties no \u0161\u012bm izmaks\u0101m vai samazin\u0101t t\u0101s, noteikti sazinieties ar savu p\u0101rv\u0101c\u0113ju un noskaidrojiet, vai ir iesp\u0113jams kaut ko dar\u012bt. Da\u017ereiz naudu var ietaup\u012bt, ja j\u016bs pats iepakojat lietas, bet atst\u0101jat kastes atv\u0113rtas, lai p\u0101rv\u0101c\u0113ji t\u0101s var\u0113tu p\u0101rbaud\u012bt. Un j\u016bs vienm\u0113r varat ietaup\u012bt naudu ar\u012b no otras puses, ja izv\u0113laties pa\u0161i izpakot lietas jaunaj\u0101 m\u0101jokl\u012b. <\/p>\n<p>Visbeidzot, paturiet pr\u0101t\u0101, ka nav iesp\u0113jams izvair\u012bties no maksas par iepakojuma materi\u0101liem, piem\u0113ram, kast\u0113m, burbu\u013cpl\u0113vi un l\u012bmlenti. <\/p>\n<p><strong>Tipisk\u0101s izmaksas:<\/strong> S\u0101kot no <strong>$100<\/strong> ASV dol\u0101ru (\u00a375, \u20ac90), bet parasti tie ir da\u017ei simti dol\u0101ru.    <\/p>\n<h2><span class=\"ez-toc-section\" id=\"3_Moving_Insurance_Costs\"><\/span>3. P\u0101rcel\u0161an\u0101s apdro\u0161in\u0101\u0161anas izmaksas<span class=\"ez-toc-section-end\"><\/span><\/h2>\n<p>Da\u017ei p\u0101rvieto\u0161an\u0101s uz\u0146\u0113mumi iek\u013cauj apdro\u0161in\u0101\u0161anu sav\u0101 pied\u0101v\u0101taj\u0101 cen\u0101, ta\u010du ne visi. P\u0101rliecinieties, ko tie\u0161i apdro\u0161in\u0101\u0161ana sedz un ko ne. <\/p>\n<p>Ja preces tiek s\u016bt\u012btas pa j\u016bru, p\u0101rliecinieties, vai ir nosl\u0113gta k\u0101da veida j\u016bras apdro\u0161in\u0101\u0161anas polise. Neatkar\u012bgi no t\u0101, k\u0101da veida apdro\u0161in\u0101\u0161ana jums b\u016bs nepiecie\u0161ama, lai polise segtu visu j\u016bsu pre\u010du zaud\u0113jumu, z\u0101dz\u012bbas un\/vai boj\u0101jumu v\u0113rt\u012bbu.   <\/p>\n<p><strong>Tipisk\u0101s izmaksas:<\/strong> S\u0101kot no <strong>$100<\/strong> USD (75 GBP, 90 EUR), bet, ja p\u0101rvad\u0101 v\u0113rt\u012bgas, neparastas un\/vai retas preces, t\u0101s var b\u016bt daudz d\u0101rg\u0101kas.<\/p>\n<h2><span class=\"ez-toc-section\" id=\"4_Storage_Costs\"><\/span>4. Uzglab\u0101\u0161anas izmaksas<span class=\"ez-toc-section-end\"><\/span><\/h2>\n<p>P\u0101rv\u0101coties uz \u0101rzem\u0113m, var gad\u012bties, ka papildus parastaj\u0101m p\u0101rcel\u0161an\u0101s izmaks\u0101m jums b\u016bs j\u0101maks\u0101 ar\u012b par uzglab\u0101\u0161anu. Tas ir t\u0101p\u0113c, ka var b\u016bt sare\u017e\u0123\u012bti saska\u0146ot j\u016bsu p\u0101rcel\u0161an\u0101s datumu ar nos\u016bt\u012b\u0161anas datumiem, ko izmanto p\u0101rvad\u0101t\u0101ji. <a href=\"https:\/\/moverdb.com\/lv\/container-shipping\/\" data-internallinksmanager029f6b8e52c=\"3\" title=\"Starptautisko konteineru p\u0101rvad\u0101jumu tarifu diagramma: Apr\u012blis 2026\">starptautisk\u0101 ku\u0123niec\u012bba<\/a> uz\u0146\u0113mumi. <\/p>\n<p>T\u0101d\u0113j\u0101di, kam\u0113r j\u016bsu preces netiek p\u0101rvad\u0101tas, t\u0101s ir kaut kur j\u0101glab\u0101. Noteikti paturiet to pr\u0101t\u0101, nosakot, kad j\u016bsu preces tiks nog\u0101d\u0101tas.<\/p>\n<p>Kam\u0113r mekl\u0113jat dz\u012bvesvietu jaunaj\u0101 m\u012btnes zem\u0113, varat ar\u012b glab\u0101t savas mantas noliktav\u0101. Vai ar\u012b, ja pl\u0101nojat, ka p\u0101rcel\u0161an\u0101s b\u016bs \u012bslaic\u012bga, varat vienk\u0101r\u0161i maks\u0101t par glab\u0101\u0161anu l\u012bdz atgrie\u0161an\u0101s br\u012bdim.  <\/p>\n<p><strong>Tipisk\u0101s izmaksas:<\/strong> S\u0101kot no <strong>$100<\/strong> USD (75 \u00a3, 90 \u20ac) m\u0113nes\u012b par nelielu dz\u012bvokli ar vienu vai div\u0101m gultasviet\u0101m, un cenas var pieaugt. Par laimi, \u0161aj\u0101 jom\u0101 ir diezgan liela konkurence, kas pal\u012bdz saglab\u0101t zemas cenas. <\/p>\n<h2><span class=\"ez-toc-section\" id=\"5Customs_Duty_Charges_Taxes\"><\/span>5.Muitas nodevas un nodok\u013ci<span class=\"ez-toc-section-end\"><\/span><\/h2>\n<p>Pirms p\u0101rcel\u0161an\u0101s ir j\u0101\u0146em v\u0113r\u0101 ar\u012b nelielas izmaksas, kas saist\u012btas ar muitas nodok\u013ciem valst\u012b, uz kuru p\u0101rce\u013caties. Da\u017e\u0101s valst\u012bs, piem\u0113ram, Amerikas Savienotaj\u0101s Valst\u012bs, liel\u0101ko da\u013cu m\u0101jsaimniec\u012bbas pre\u010du var p\u0101rvietot bez muitas nodok\u013ciem. <\/p>\n<p>T\u0101 k\u0101 valstis, piem. <a href=\"https:\/\/moverdb.com\/lv\/moving-to-the-uk\/\" data-internallinksmanager029f6b8e52c=\"93\" title=\"P\u0101rce\u013caties uz Apvienoto Karalisti? 2022 Dz\u012bves izmaksas un p\u0101rcel\u0161an\u0101s padomi\">Apvienot\u0101 Karaliste<\/a> ir sare\u017e\u0123\u012bt\u0101ki noteikumi, kas atkar\u012bgi no t\u0101, no kurienes p\u0101rce\u013caties. Piem\u0113ram, p\u0101rcel\u0161an\u0101s no ES (\u0161\u012b raksta sagatavo\u0161anas laik\u0101) ir atbr\u012bvota no muitas nodok\u013ca, savuk\u0101rt p\u0101rcel\u0161an\u0101s no valst\u012bm \u0101rpus ES var b\u016bt saist\u012bta ar muitas nodokli un nodok\u013ciem, par kuriem varat piepras\u012bt atvieglojumus. <\/p>\n<p>Visbie\u017e\u0101k muitas nodevas un nodok\u013ci tiek iekas\u0113ti, pamatojoties uz pa\u0161u pre\u010du v\u0113rt\u012bbu. <\/p>\n<p><strong>Tipisk\u0101s izmaksas:<\/strong> Atkar\u012bb\u0101 no pre\u010du v\u0113rt\u012bbas un veida, ko gatavojaties \u0146emt l\u012bdzi, var b\u016bt no bezmaksas l\u012bdz gandr\u012bz neierobe\u017eotam. <\/p>\n<h2><span class=\"ez-toc-section\" id=\"6_Visa_Fees\"><\/span>6. V\u012bzas nodevas<span class=\"ez-toc-section-end\"><\/span><\/h2>\n<p>Ja p\u0101rce\u013caties uz citu valsti str\u0101d\u0101t vai stud\u0113t, parasti jums ir j\u0101piesak\u0101s v\u012bzai, iz\u0146emot gad\u012bjumus, kad p\u0101rce\u013caties uz citu valsti ES robe\u017e\u0101s, kas \u013cauj p\u0101rvietoties starp valst\u012bm bez v\u012bzas. Darba un studiju v\u012bzas gandr\u012bz vienm\u0113r ir saist\u012btas ar lielu dokumentu k\u0101rto\u0161anu un da\u017ek\u0101rt diezgan iev\u0113rojamu samaksu. <\/p>\n<p>Piem\u0113ram, Apvienotaj\u0101 Karalist\u0113 da\u017eas v\u012bzas maks\u0101 vair\u0101k nek\u0101 1000 sterli\u0146u m\u0101rci\u0146u ($1 300 ASV dol\u0101ru; 1 200 eiro). Un paturiet pr\u0101t\u0101, ka \u0161\u012b maksa ir j\u0101maks\u0101 katru reizi, kad v\u012bza ir j\u0101atjauno. Tas var iev\u0113rojami palielin\u0101t j\u016bsu kop\u0113j\u0101s izmaksas, un tas ir j\u0101\u0146em v\u0113r\u0101 bud\u017eet\u0101.<\/p>\n<p><strong>Tipisk\u0101s izmaksas:<\/strong> ES teritorij\u0101 v\u012bzas ir bezmaksas, bet da\u017e\u0101d\u0101s valst\u012bs t\u0101s ir at\u0161\u0137ir\u012bgas, ta\u010du viena v\u012bza var izmaks\u0101t vair\u0101kus t\u016bksto\u0161us dol\u0101ru.<\/p>\n<h2><span class=\"ez-toc-section\" id=\"7_Lawyer_Fees\"><\/span>7. Jurista honor\u0101rs<span class=\"ez-toc-section-end\"><\/span><\/h2>\n<p>Kopum\u0101 v\u012bzas un citus muitas dokumentus varat aizpild\u012bt pa\u0161i, nedaudz izp\u0113tot inform\u0101ciju internet\u0101, izmantojot savas m\u012btnes valsts un valsts, uz kuru pl\u0101nojat p\u0101rcelties, vald\u012bbas t\u012bmek\u013ca viet\u0146u resursus. <\/p>\n<p>Tom\u0113r daudzi cilv\u0113ki j\u016btas \u0113rt\u0101k, ja izmanto jurista pakalpojumus, lai sak\u0101rtotu da\u017ek\u0101rt \u0101rk\u0101rt\u012bgi sare\u017e\u0123\u012bto starptautisko p\u0101rcel\u0161anos pasauli. <\/p>\n<p>T\u0101p\u0113c daudzi cilv\u0113ki izv\u0113las nol\u012bgt juristu, lai vi\u0146\u0161 aizpild\u012btu visus nepiecie\u0161amos dokumentus, t\u0101 viet\u0101, lai to dar\u012btu pa\u0161i. Lai gan tas var sniegt sirdsmieru, tas var b\u016bt saist\u012bts ar diezgan iev\u0113rojam\u0101m izmaks\u0101m. <\/p>\n<p><strong>Tipisk\u0101s izmaksas:<\/strong> Da\u017e\u0101d\u0101s valst\u012bs cenas ir \u013coti at\u0161\u0137ir\u012bgas, bet parasti cenas s\u0101kas no ne maz\u0101k k\u0101 <strong>$100USD stund\u0101<\/strong> (\u00a3 75, \u20ac 90), ar vienotas maksas par kop\u0113jiem pakalpojumiem, kas var viegli pieaugt virs <strong>$1,000 USD<\/strong> pat visvienk\u0101r\u0161\u0101kajiem pakalpojumiem.  <\/p>\n<h2><span class=\"ez-toc-section\" id=\"8_Housing_Costs\"><\/span>8. M\u0101jok\u013ca izmaksas<span class=\"ez-toc-section-end\"><\/span><\/h2>\n<p>Iesp\u0113jams, ka j\u016bsu liel\u0101kie izdevumi jaunaj\u0101 m\u012btnes zem\u0113 b\u016bs m\u0101joklis. Tom\u0113r \u0146emiet v\u0113r\u0101, ka da\u017e\u0101d\u0101s valst\u012bs m\u0101jok\u013ca iek\u0101rto\u0161ana un ar to saist\u012btie nodok\u013ci un nodevas var iev\u0113rojami at\u0161\u0137irties. <\/p>\n<p>Piem\u0113ram, Amerikas Savienotaj\u0101s Valst\u012bs nekustam\u0101 \u012bpa\u0161uma cenas \u0101rpus lielaj\u0101m piekrastes pils\u0113t\u0101m ir \u0101rk\u0101rt\u012bgi zemas. Tom\u0113r jums katru gadu b\u016bs j\u0101maks\u0101 nekustam\u0101 \u012bpa\u0161uma nodoklis, pamatojoties uz \u012bpa\u0161uma v\u0113rt\u012bbu, bet tikai tad, ja jums pieder \u012bpa\u0161ums. Tie sv\u0101rst\u0101s no 0,281 TP5T. <a href=\"https:\/\/moverdb.com\/lv\/moving-to-the-united-states\/moving-to-hawaii\/\" data-internallinksmanager029f6b8e52c=\"403\" title=\"P\u0101rcel\u0161an\u0101s uz Havaju sal\u0101m? 2023 Dz\u012bves izmaksas un p\u0101rcel\u0161an\u0101s padomi\">Havaju salas<\/a> l\u012bdz 2,29% <a href=\"https:\/\/moverdb.com\/lv\/moving-to-the-united-states\/moving-to-new-jersey\/\" data-internallinksmanager029f6b8e52c=\"417\" title=\"P\u0101rcel\u0161an\u0101s uz \u0145\u016bd\u017eersiju? 2023 Dz\u012bves izmaksas un p\u0101rcel\u0161an\u0101s padomi\">\u0145\u016bd\u017eersija<\/a>.<\/p>\n<p>No otras puses, t\u0101d\u0101s valst\u012bs k\u0101 Apvienot\u0101 Karaliste nav tie\u0161o \u012bpa\u0161uma nodok\u013cu. T\u0101 viet\u0101 j\u016bs maks\u0101jat <a href=\"https:\/\/www.gov.uk\/stamp-duty-land-tax\/residential-property-rates\" target=\"_blank\" rel=\"noopener\">z\u012bmognodeva<\/a> p\u0113rkot porp\u0113tu, kas var b\u016bt l\u012bdz 12% no pirkuma cenas (pirc\u0113js maks\u0101 visu maksu, p\u0101rdev\u0113js - ne). Turkl\u0101t gan m\u0101jok\u013cu \u012bpa\u0161niekiem, gan \u012brniekiem ir j\u0101maks\u0101 <a href=\"https:\/\/www.gov.uk\/council-tax\/working-out-your-council-tax\" target=\"_blank\" rel=\"noopener\">pa\u0161vald\u012bbas nodoklis<\/a> katru gadu, pamatojoties uz \u012bpa\u0161uma v\u0113rt\u012bbu 1991. gad\u0101. Vid\u0113ji tas ir aptuveni 1200 sterli\u0146u m\u0101rci\u0146u ($1 600 ASV dol\u0101ru; 1400 eiro) gad\u0101.<\/p>\n<p>T\u0101p\u0113c, mekl\u0113jot m\u0101jokli, ne\u0146emiet v\u0113r\u0101 tikai \u012bpa\u0161uma ieg\u0101des un\/vai \u012bres cenu. P\u0101rliecinieties, ka saprotat visas maksas, nodevas un nodok\u013cus, kas jums b\u016bs j\u0101maks\u0101, \u0146emot v\u0113r\u0101 m\u0101jok\u013ca veidu, atra\u0161an\u0101s vietu un \u012bres l\u012bgumu. <\/p>\n<p><strong>Tipisk\u0101s izmaksas:<\/strong> Tas ir atkar\u012bgs tikai no valsts, bet parasti nodok\u013ci ir ne maz\u0101ki par $1 000 ASV dol\u0101ru gad\u0101 un var b\u016bt iev\u0113rojami liel\u0101ki valst\u012bs, kur\u0101s \u012bpa\u0161uma nodok\u013ca re\u017e\u012bms balst\u0101s uz procentiem.    <\/p>\n<h2><span class=\"ez-toc-section\" id=\"9_Other_Costs\"><\/span>9. Citas izmaksas<span class=\"ez-toc-section-end\"><\/span><\/h2>\n<p>Visbeidzot, ja p\u0101rce\u013caties uz citu valsti, jums ir j\u0101r\u0113\u0137in\u0101s ar virkni citu nelielu un ne tik nelielu maksu un izmaksu. T\u0101s var b\u016bt, piem\u0113ram, jaunu m\u0113be\u013cu ieg\u0101de, ja p\u0101rce\u013caties no valsts, kur m\u0113bel\u0113ti dz\u012bvok\u013ci ir ierasta par\u0101d\u012bba, uz t\u0101d\u0101m valst\u012bm k\u0101 ASV vai Kan\u0101da, kur tas notiek reti.<\/p>\n<p>Pat tad, ja jums ir savas m\u0113beles, var gad\u012bties, ka jums b\u016bs j\u0101ieg\u0101d\u0101jas jaunas ier\u012bces, jo da\u017e\u0101d\u0101s valst\u012bs tiek izmantots at\u0161\u0137ir\u012bgs spriegums un\/vai ir at\u0161\u0137ir\u012bgas kontaktdak\u0161as. Nepareiza tipa ier\u012b\u010du izmanto\u0161ana var saboj\u0101t j\u016bsu elektrosist\u0113mu, t\u0101p\u0113c pirms p\u0101rcel\u0161an\u0101s vienm\u0113r to p\u0101rbaudiet. <\/p>\n<p>Ja p\u0101rce\u013caties no apgabala ar aukstiem laikapst\u0101k\u013ciem uz apgabalu ar siltiem laikapst\u0101k\u013ciem vai otr\u0101di, jums var b\u016bt nepiecie\u0161ams jauns ap\u0123\u0113rbs. Lai uzzin\u0101tu vair\u0101k par \u0161\u0101da veida izmaks\u0101m, vislab\u0101k ir uzzin\u0101t vair\u0101k par konkr\u0113to valsti, uz kuru p\u0101rce\u013caties.<\/p>\n<p>T\u0101p\u0113c esam izveidoju\u0161i da\u017eus \u012bpa\u0161us valstu ce\u013cve\u017eus, kas pal\u012bdz\u0113s jums uzzin\u0101t vair\u0101k par izmaks\u0101m valst\u012b, uz kuru p\u0101rce\u013caties.   <\/p>","protected":false},"excerpt":{"rendered":"<p>Many people who move abroad are surprised a just how high international moving costs can be. Below we look at many of the expected and unexpected expenses you may face and how to save money. 1. Moving &#038; Transportation Costs The biggest single expense you&#8217;ll face is hiring an international moving company to move your [&hellip;]<\/p>\n","protected":false},"author":1,"featured_media":780,"parent":0,"menu_order":0,"comment_status":"closed","ping_status":"closed","template":"","meta":{"_genesis_hide_title":false,"_genesis_hide_breadcrumbs":false,"_genesis_hide_singular_image":false,"_genesis_hide_footer_widgets":false,"_genesis_custom_body_class":"","_genesis_custom_post_class":"","_genesis_layout":"","footnotes":""},"class_list":{"0":"post-414","1":"page","2":"type-page","3":"status-publish","4":"has-post-thumbnail","6":"entry"},"_links":{"self":[{"href":"https:\/\/moverdb.com\/lv\/wp-json\/wp\/v2\/pages\/414","targetHints":{"allow":["GET"]}}],"collection":[{"href":"https:\/\/moverdb.com\/lv\/wp-json\/wp\/v2\/pages"}],"about":[{"href":"https:\/\/moverdb.com\/lv\/wp-json\/wp\/v2\/types\/page"}],"author":[{"embeddable":true,"href":"https:\/\/moverdb.com\/lv\/wp-json\/wp\/v2\/users\/1"}],"replies":[{"embeddable":true,"href":"https:\/\/moverdb.com\/lv\/wp-json\/wp\/v2\/comments?post=414"}],"version-history":[{"count":15,"href":"https:\/\/moverdb.com\/lv\/wp-json\/wp\/v2\/pages\/414\/revisions"}],"predecessor-version":[{"id":13165,"href":"https:\/\/moverdb.com\/lv\/wp-json\/wp\/v2\/pages\/414\/revisions\/13165"}],"wp:featuredmedia":[{"embeddable":true,"href":"https:\/\/moverdb.com\/lv\/wp-json\/wp\/v2\/media\/780"}],"wp:attachment":[{"href":"https:\/\/moverdb.com\/lv\/wp-json\/wp\/v2\/media?parent=414"}],"curies":[{"name":"wp","href":"https:\/\/api.w.org\/{rel}","templated":true}]}}