{"id":4126,"date":"2022-06-07T21:11:54","date_gmt":"2022-06-07T21:11:54","guid":{"rendered":"https:\/\/moverdb.com\/?page_id=4126"},"modified":"2026-01-08T14:38:32","modified_gmt":"2026-01-08T14:38:32","slug":"kaimanu-salas","status":"publish","type":"page","link":"https:\/\/moverdb.com\/lv\/container-shipping\/cayman-islands\/","title":{"rendered":"2023 J\u016bras kravu p\u0101rvad\u0101jumu ar konteineriem cenas uz Kaimanu sal\u0101m un no t\u0101m"},"content":{"rendered":"<div class=\"wp-block-image\">\n<figure class=\"aligncenter size-full\"><img loading=\"lazy\" decoding=\"async\" width=\"1000\" height=\"668\" src=\"https:\/\/moverdb.com\/wp-content\/uploads\/cayman-islands.jpg\" alt=\"\u012apa\u0161umi pludmal\u0113 un palmas Kaimanu sal\u0101s\" class=\"wp-image-4095\" srcset=\"https:\/\/moverdb.com\/wp-content\/uploads\/cayman-islands.jpg 1000w, https:\/\/moverdb.com\/wp-content\/uploads\/cayman-islands-300x200.jpg 300w, https:\/\/moverdb.com\/wp-content\/uploads\/cayman-islands-18x12.jpg 18w, https:\/\/moverdb.com\/wp-content\/uploads\/cayman-islands-600x401.jpg 600w\" sizes=\"auto, (max-width: 1000px) 100vw, 1000px\" \/><\/figure>\n<\/div>\n\n\n<p>Port\u0101ls <strong><a href=\"https:\/\/moverdb.com\/lv\/moving-to-cayman-islands\/\" data-internallinksmanager029f6b8e52c=\"425\" title=\"P\u0101rcel\u0161an\u0101s uz Kaimanu sal\u0101m? 2023 Dz\u012bves izmaksas un p\u0101rcel\u0161an\u0101s padomi\">Kaimanu salas<\/a><\/strong> ir viegli pieejama parad\u012bze, t\u0101pat k\u0101 p\u0101r\u0113j\u0101s Kar\u012bbu j\u016bras re\u0123iona skaist\u0101s valstis. Paties\u012bb\u0101 ir tr\u012bs Kaimanu salas, kuras visas rot\u0101 elpu aizraujo\u0161as pludmales, palmas un neskartas lag\u016bnas.<\/p>\n\n\n\n<p>\u0160\u012b neliel\u0101 valsts ir ide\u0101li piem\u0113rota ikvienam, kas v\u0113las baud\u012bt dz\u012bvi, vienlaikus str\u0101d\u0101jot, jo t\u0101 ir paz\u012bstama ar savu elast\u012bgo darba kult\u016bru un iedz\u012bvot\u0101ju ien\u0101kuma nodok\u013ca tr\u016bkumu. Lielisk\u0101 dz\u012bves kvalit\u0101te un lielo tranz\u012bta mezglu tuvums ar\u012b ir da\u017ei no pozit\u012bvajiem aspektiem, kas saist\u012bti ar dz\u012bvo\u0161anu Kaimanu sal\u0101s.<\/p>\n\n\n\n<p>Tom\u0113r, ja pl\u0101nojat p\u0101rcelties uz \u0161o valsti, jums b\u016btu \u013coti noder\u012bgi uzzin\u0101t, k\u0101das ir j\u016bsu person\u012bgo un sadz\u012bves priek\u0161metu transport\u0113\u0161anas izmaksas.<\/p>\n\n\n\n<p>Kaimanu salas <a href=\"https:\/\/moverdb.com\/lv\/container-shipping\/\" data-internallinksmanager029f6b8e52c=\"3\" title=\"Starptautisko konteineru p\u0101rvad\u0101jumu tarifu diagramma: Apr\u012blis 2026\">konteineru p\u0101rvad\u0101jumu tarifi<\/a> \u0160aj\u0101 rakst\u0101 apkopotie dati ir viszem\u0101kie, k\u0101dus varat atrast, t\u0101p\u0113c noteikti apl\u016bkojiet zem\u0101k redzam\u0101s diagrammas un pamaniet zem\u0101ko cenu. <a href=\"https:\/\/moverdb.com\/lv\/top-49-container-ports\/\" data-internallinksmanager029f6b8e52c=\"80\" title=\"49 liel\u0101kie un noslogot\u0101kie konteineru ostas 2025. gad\u0101\">osta<\/a> pils\u0113ta, kas atrodas vistuv\u0101k jums. Ja jums ir nepiecie\u0161ama prec\u012bza cena no durv\u012bm l\u012bdz durv\u012bm, l\u016bdzu, izmantojiet piel\u0101gotu cenu aptaujas r\u012bku, ko nodro\u0161ina <a href=\"https:\/\/moverdb.com\/lv\/\">MoverDB<\/a>.<\/p>\n\n\n\n<h2 class=\"wp-block-heading\">Konteineru p\u0101rvad\u0101jumu izmaksas uz Kaimanu salas (D\u017eord\u017etauna)<\/h2>\n\n\n<div class=\"wp-block-image\">\n<figure class=\"aligncenter size-large\"><img loading=\"lazy\" decoding=\"async\" width=\"1024\" height=\"539\" src=\"https:\/\/moverdb.com\/wp-content\/uploads\/Shipping-Container-Costs-to-Cayman-Islands-1024x539.png\" alt=\"Konteineru p\u0101rvad\u0101jumu izmaksas uz Kaimanu salas (D\u017eord\u017etauna)\" class=\"wp-image-4097\" srcset=\"https:\/\/moverdb.com\/wp-content\/uploads\/Shipping-Container-Costs-to-Cayman-Islands-1024x539.png 1024w, https:\/\/moverdb.com\/wp-content\/uploads\/Shipping-Container-Costs-to-Cayman-Islands-300x158.png 300w, https:\/\/moverdb.com\/wp-content\/uploads\/Shipping-Container-Costs-to-Cayman-Islands-1536x809.png 1536w, https:\/\/moverdb.com\/wp-content\/uploads\/Shipping-Container-Costs-to-Cayman-Islands-18x9.png 18w, https:\/\/moverdb.com\/wp-content\/uploads\/Shipping-Container-Costs-to-Cayman-Islands-600x316.png 600w, https:\/\/moverdb.com\/wp-content\/uploads\/Shipping-Container-Costs-to-Cayman-Islands.png 2000w\" sizes=\"auto, (max-width: 1024px) 100vw, 1024px\" \/><\/figure>\n<\/div>\n\n\n<table id=\"tablepress-79\" class=\"tablepress tablepress-id-79\">\n<thead>\n<tr class=\"row-1\">\n\t<th class=\"column-1\">Galam\u0113r\u0137a valsts (osta\/ pils\u0113ta)<\/th><th class=\"column-2\">20FT<\/th><th class=\"column-3\">40FT<\/th>\n<\/tr>\n<\/thead>\n<tbody class=\"row-striping row-hover\">\n<tr class=\"row-2\">\n\t<td class=\"column-1\"><a href=\"https:\/\/moverdb.com\/lv\/container-shipping\/andorra\/\" data-internallinksmanager029f6b8e52c=\"88\" title=\"2023 J\u016bras kravu p\u0101rvad\u0101jumu ar konteineriem cenas uz Andoru un no t\u0101s\">Andora (Andora la Vella)<\/a><\/td><td class=\"column-2\">1868<\/td><td class=\"column-3\">3171<\/td>\n<\/tr>\n<tr class=\"row-3\">\n\t<td class=\"column-1\"><a href=\"https:\/\/moverdb.com\/lv\/container-shipping\/argentina\/\" data-internallinksmanager029f6b8e52c=\"91\" title=\"2023 J\u016bras kravu p\u0101rvad\u0101jumu ar konteineriem cenas uz Argent\u012bnu un no t\u0101s\">Argent\u012bna (Buenosairesa)<\/a><\/td><td class=\"column-2\">3728<\/td><td class=\"column-3\">4313<\/td>\n<\/tr>\n<tr class=\"row-4\">\n\t<td class=\"column-1\"><a href=\"https:\/\/moverdb.com\/lv\/container-shipping\/australia\/\" data-internallinksmanager029f6b8e52c=\"89\" title=\"2026 Konteineru ku\u0123o\u0161anas cenas uz Austr\u0101liju un no t\u0101s\">Austr\u0101lija (Sidneja)<\/a><\/td><td class=\"column-2\">NAV PIEM\u0112ROJAMS<\/td><td class=\"column-3\">12406<\/td>\n<\/tr>\n<tr class=\"row-5\">\n\t<td class=\"column-1\"><a href=\"https:\/\/moverdb.com\/lv\/container-shipping\/austria\/\" data-internallinksmanager029f6b8e52c=\"95\" title=\"2023 J\u016bras kravu p\u0101rvad\u0101jumu ar konteineriem cenas uz Austriju un no t\u0101s\">Austrija (V\u012bne)<\/a><\/td><td class=\"column-2\">NAV PIEM\u0112ROJAMS<\/td><td class=\"column-3\">3739<\/td>\n<\/tr>\n<tr class=\"row-6\">\n\t<td class=\"column-1\"><a href=\"https:\/\/moverdb.com\/lv\/container-shipping\/bahrain\/\" data-internallinksmanager029f6b8e52c=\"96\" title=\"2023 J\u016bras kravu p\u0101rvad\u0101jumu konteineru p\u0101rvad\u0101jumu cenas uz Bahreinu un no t\u0101s\">Bahreina (Man\u0101ma)<\/a><\/td><td class=\"column-2\">NAV PIEM\u0112ROJAMS<\/td><td class=\"column-3\">12306<\/td>\n<\/tr>\n<tr class=\"row-7\">\n\t<td class=\"column-1\"><a href=\"https:\/\/moverdb.com\/lv\/container-shipping\/belgium\/\" data-internallinksmanager029f6b8e52c=\"86\" title=\"2023 J\u016bras kravu p\u0101rvad\u0101jumu konteineru p\u0101rvad\u0101jumu cenas uz Be\u013c\u0123iju un no t\u0101s\">Be\u013c\u0123ija (Antverpene)<\/a><\/td><td class=\"column-2\">2643<\/td><td class=\"column-3\">4077<\/td>\n<\/tr>\n<tr class=\"row-8\">\n\t<td class=\"column-1\"><a href=\"https:\/\/moverdb.com\/lv\/container-shipping\/belize\/\" data-internallinksmanager029f6b8e52c=\"137\" title=\"2023 J\u016bras kravu p\u0101rvad\u0101jumu konteineru p\u0101rvad\u0101jumu cenas uz Belizu un no t\u0101s\">Beliza (Belizas pils\u0113ta)<\/a><\/td><td class=\"column-2\">2448<\/td><td class=\"column-3\">2804<\/td>\n<\/tr>\n<tr class=\"row-9\">\n\t<td class=\"column-1\"><a href=\"https:\/\/moverdb.com\/lv\/container-shipping\/brazil\/\" data-internallinksmanager029f6b8e52c=\"98\" title=\"2023 J\u016bras kravu p\u0101rvad\u0101jumu ar konteineriem cenas uz Braz\u012bliju un no t\u0101s\">Braz\u012blija (Santosa)<\/a><\/td><td class=\"column-2\">3728<\/td><td class=\"column-3\">4327<\/td>\n<\/tr>\n<tr class=\"row-10\">\n\t<td class=\"column-1\"><a href=\"https:\/\/moverdb.com\/lv\/container-shipping\/cambodia\/\" data-internallinksmanager029f6b8e52c=\"101\" title=\"2023 J\u016bras kravas konteineru p\u0101rvad\u0101jumu cenas uz Kambod\u017eu un no t\u0101s\">Kambod\u017ea (Sihanukvila)<\/a><\/td><td class=\"column-2\">7606<\/td><td class=\"column-3\">8276<\/td>\n<\/tr>\n<tr class=\"row-11\">\n\t<td class=\"column-1\"><a href=\"https:\/\/moverdb.com\/lv\/container-shipping\/china\/\" data-internallinksmanager029f6b8e52c=\"105\" title=\"2023 J\u016bras kravu p\u0101rvad\u0101jumu konteineru p\u0101rvad\u0101jumu cenas uz \u0136\u012bnu un no t\u0101s\">\u0136\u012bna (Pekina)<\/a><\/td><td class=\"column-2\">6757<\/td><td class=\"column-3\">7134<\/td>\n<\/tr>\n<tr class=\"row-12\">\n\t<td class=\"column-1\">\u0136\u012bna (\u0160anhaja)<\/td><td class=\"column-2\">6696<\/td><td class=\"column-3\">7077<\/td>\n<\/tr>\n<tr class=\"row-13\">\n\t<td class=\"column-1\"><a href=\"https:\/\/moverdb.com\/lv\/container-shipping\/germany\/\" data-internallinksmanager029f6b8e52c=\"118\" title=\"2023 J\u016bras kravu p\u0101rvad\u0101jumu konteineru p\u0101rvad\u0101jumu tarifi uz V\u0101ciju un no t\u0101s\">V\u0101cija (Hamburga)<\/a><\/td><td class=\"column-2\">2643<\/td><td class=\"column-3\">4077<\/td>\n<\/tr>\n<tr class=\"row-14\">\n\t<td class=\"column-1\"><a href=\"https:\/\/moverdb.com\/lv\/container-shipping\/greece\/\" data-internallinksmanager029f6b8e52c=\"120\" title=\"2023 J\u016bras kravu p\u0101rvad\u0101jumu ar konteineriem cenas uz Grie\u0137iju un no t\u0101s\">Grie\u0137ija (Pireja)<\/a><\/td><td class=\"column-2\">4664<\/td><td class=\"column-3\">8058<\/td>\n<\/tr>\n<tr class=\"row-15\">\n\t<td class=\"column-1\"><a href=\"https:\/\/moverdb.com\/lv\/container-shipping\/guernsey\/\" data-internallinksmanager029f6b8e52c=\"121\" title=\"2023 J\u016bras kravu p\u0101rvad\u0101jumu ar konteineriem cenas uz G\u0113rnsiju un no t\u0101s\">G\u0113rnsija (Sentp\u012btersija)<\/a><\/td><td class=\"column-2\">3704<\/td><td class=\"column-3\">5620<\/td>\n<\/tr>\n<tr class=\"row-16\">\n\t<td class=\"column-1\"><a href=\"https:\/\/moverdb.com\/lv\/container-shipping\/hong-kong\/\" data-internallinksmanager029f6b8e52c=\"123\" title=\"2023 J\u016bras kravu p\u0101rvad\u0101jumu konteineru p\u0101rvad\u0101jumu cenas uz Honkongu un no t\u0101s\">Honkonga (Honkonga)<\/a><\/td><td class=\"column-2\">6696<\/td><td class=\"column-3\">7077<\/td>\n<\/tr>\n<tr class=\"row-17\">\n\t<td class=\"column-1\"><a href=\"https:\/\/moverdb.com\/lv\/container-shipping\/indonesia\/\" data-internallinksmanager029f6b8e52c=\"126\" title=\"2023 J\u016bras kravu p\u0101rvad\u0101jumu konteineru p\u0101rvad\u0101jumu cenas uz Indon\u0113ziju un no t\u0101s\">Indon\u0113zija (D\u017eakarta)<\/a><\/td><td class=\"column-2\">7295<\/td><td class=\"column-3\">7762<\/td>\n<\/tr>\n<tr class=\"row-18\">\n\t<td class=\"column-1\"><a href=\"https:\/\/moverdb.com\/lv\/container-shipping\/isle-of-man\/\" data-internallinksmanager029f6b8e52c=\"128\" title=\"2023 J\u016bras kravu p\u0101rvad\u0101jumu ar konteineriem cenas uz Menas salu un no t\u0101s\">Menas sala (Douglas)<\/a><\/td><td class=\"column-2\">3718<\/td><td class=\"column-3\">5641<\/td>\n<\/tr>\n<tr class=\"row-19\">\n\t<td class=\"column-1\"><a href=\"https:\/\/moverdb.com\/lv\/container-shipping\/jersey\/\" data-internallinksmanager029f6b8e52c=\"132\" title=\"2023 J\u016bras kravu p\u0101rvad\u0101jumu ar konteineriem cenas uz D\u017eersiju un no t\u0101s\">D\u017eersija (Sent Helj\u0113ra)<\/a><\/td><td class=\"column-2\">3704<\/td><td class=\"column-3\">5620<\/td>\n<\/tr>\n<tr class=\"row-20\">\n\t<td class=\"column-1\"><a href=\"https:\/\/moverdb.com\/lv\/container-shipping\/luxembourg\/\" data-internallinksmanager029f6b8e52c=\"146\" title=\"2023 J\u016bras kravu p\u0101rvad\u0101jumu ar konteineriem cenas uz un no Luksemburgas\">Luksemburga (Luksemburga)<\/a><\/td><td class=\"column-2\">2639<\/td><td class=\"column-3\">4071<\/td>\n<\/tr>\n<tr class=\"row-21\">\n\t<td class=\"column-1\"><a href=\"https:\/\/moverdb.com\/lv\/container-shipping\/malaysia\/\" data-internallinksmanager029f6b8e52c=\"148\" title=\"2023 J\u016bras kravu p\u0101rvad\u0101jumu konteineru p\u0101rvad\u0101jumu cenas uz Malaiziju un no t\u0101s\">Malaizija (Port Kelangas osta)<\/a><\/td><td class=\"column-2\">7354<\/td><td class=\"column-3\">7762<\/td>\n<\/tr>\n<tr class=\"row-22\">\n\t<td class=\"column-1\"><a href=\"https:\/\/moverdb.com\/lv\/container-shipping\/netherlands\/\" data-internallinksmanager029f6b8e52c=\"151\" title=\"2023 J\u016bras kravu p\u0101rvad\u0101jumu konteineru p\u0101rvad\u0101jumu cenas uz N\u012bderlandi un no t\u0101s\">N\u012bderlande (Roterdama)<\/a><\/td><td class=\"column-2\">2643<\/td><td class=\"column-3\">4077<\/td>\n<\/tr>\n<tr class=\"row-23\">\n\t<td class=\"column-1\"><a href=\"https:\/\/moverdb.com\/lv\/container-shipping\/philippines\/\" data-internallinksmanager029f6b8e52c=\"156\" title=\"2023 J\u016bras kravu p\u0101rvad\u0101jumu ar konteineriem cenas uz Filip\u012bn\u0101m un no t\u0101m\">Filip\u012bnas (Manila)<\/a><\/td><td class=\"column-2\">7438<\/td><td class=\"column-3\">7933<\/td>\n<\/tr>\n<tr class=\"row-24\">\n\t<td class=\"column-1\"><a href=\"https:\/\/moverdb.com\/lv\/container-shipping\/russia\/\" data-internallinksmanager029f6b8e52c=\"160\" title=\"2023 J\u016bras kravu p\u0101rvad\u0101jumu konteineru p\u0101rvad\u0101jumu cenas uz Krieviju un no t\u0101s\">Krievija (Sanktp\u0113terburga)<\/a><\/td><td class=\"column-2\">2087<\/td><td class=\"column-3\">3243<\/td>\n<\/tr>\n<tr class=\"row-25\">\n\t<td class=\"column-1\"><a href=\"https:\/\/moverdb.com\/lv\/container-shipping\/saudi-arabia\/\" data-internallinksmanager029f6b8e52c=\"178\" title=\"2023 J\u016bras kravu p\u0101rvad\u0101jumu konteineru p\u0101rvad\u0101jumu cenas uz Sa\u016bda Ar\u0101biju un no t\u0101s\">Sa\u016bda Ar\u0101bija (D\u017eidda)<\/a><\/td><td class=\"column-2\">4098<\/td><td class=\"column-3\">5198<\/td>\n<\/tr>\n<tr class=\"row-26\">\n\t<td class=\"column-1\"><a href=\"https:\/\/moverdb.com\/lv\/container-shipping\/singapore\/\" data-internallinksmanager029f6b8e52c=\"179\" title=\"2023 J\u016bras kravu p\u0101rvad\u0101jumu konteineru p\u0101rvad\u0101jumu cenas uz Singap\u016bru un no t\u0101s\">Singap\u016bra (Singap\u016bra)<\/a><\/td><td class=\"column-2\">7295<\/td><td class=\"column-3\">7704<\/td>\n<\/tr>\n<tr class=\"row-27\">\n\t<td class=\"column-1\"><a href=\"https:\/\/moverdb.com\/lv\/container-shipping\/south-korea\/\" data-internallinksmanager029f6b8e52c=\"180\" title=\"2023 J\u016bras kravu p\u0101rvad\u0101jumu konteineru p\u0101rvad\u0101jumu cenas uz Dienvidkoreju un no t\u0101s\">Dienvidkoreja (Busana)<\/a><\/td><td class=\"column-2\">7295<\/td><td class=\"column-3\">7704<\/td>\n<\/tr>\n<tr class=\"row-28\">\n\t<td class=\"column-1\"><a href=\"https:\/\/moverdb.com\/lv\/container-shipping\/spain\/\" data-internallinksmanager029f6b8e52c=\"182\" title=\"2023 J\u016bras kravu p\u0101rvad\u0101jumu konteineru p\u0101rvad\u0101jumu cenas uz Sp\u0101niju un no t\u0101s\">Sp\u0101nija (Valensija)<\/a><\/td><td class=\"column-2\">12974<\/td><td class=\"column-3\">17177<\/td>\n<\/tr>\n<tr class=\"row-29\">\n\t<td class=\"column-1\"><a href=\"https:\/\/moverdb.com\/lv\/container-shipping\/taiwan\/\" data-internallinksmanager029f6b8e52c=\"183\" title=\"2023 J\u016bras kravu p\u0101rvad\u0101jumu konteineru ku\u0123niec\u012bbas cenas uz un no Taiv\u0101nas\">Taiv\u0101na (Kaohsiung)<\/a><\/td><td class=\"column-2\">6696<\/td><td class=\"column-3\">7077<\/td>\n<\/tr>\n<tr class=\"row-30\">\n\t<td class=\"column-1\"><a href=\"https:\/\/moverdb.com\/lv\/container-shipping\/thailand\/\" data-internallinksmanager029f6b8e52c=\"189\" title=\"2023 J\u016bras kravu p\u0101rvad\u0101jumu konteineru ku\u0123niec\u012bbas cenas uz un no Taizemes\">Taizeme (Laem Chabang)<\/a><\/td><td class=\"column-2\">7295<\/td><td class=\"column-3\">7933<\/td>\n<\/tr>\n<tr class=\"row-31\">\n\t<td class=\"column-1\"><a href=\"https:\/\/moverdb.com\/lv\/container-shipping\/united-arab-emirates\/\" data-internallinksmanager029f6b8e52c=\"188\" title=\"2026 Konteineru ku\u0123o\u0161anas cenas uz AAE un no tiem\">AAE (Jebel Ali)<\/a><\/td><td class=\"column-2\">4098<\/td><td class=\"column-3\">5198<\/td>\n<\/tr>\n<tr class=\"row-32\">\n\t<td class=\"column-1\"><a href=\"https:\/\/moverdb.com\/lv\/container-shipping\/united-kingdom\/\" data-internallinksmanager029f6b8e52c=\"196\" title=\"2026 Konteineru p\u0101rvad\u0101jumu tarifi uz Apvienoto Karalisti un no t\u0101s\">Apvienot\u0101 Karaliste (Londona)<\/a><\/td><td class=\"column-2\">2756<\/td><td class=\"column-3\">2774<\/td>\n<\/tr>\n<tr class=\"row-33\">\n\t<td class=\"column-1\"><a href=\"https:\/\/moverdb.com\/lv\/moving-to-the-united-states\/\" data-internallinksmanager029f6b8e52c=\"94\" title=\"P\u0101rce\u013caties uz Amerikas Savienotaj\u0101m Valst\u012bm? 2022 Dz\u012bves izmaksas un p\u0101rcel\u0161an\u0101s padomi\">ASV<\/a> (<a href=\"https:\/\/moverdb.com\/lv\/moving-to-los-angeles\/\" data-internallinksmanager029f6b8e52c=\"51\" title=\"P\u0101rce\u013caties uz Losand\u017eelosu? 2026 Dz\u012bves izmaksas Losand\u017eelos\u0101 un p\u0101rcel\u0161an\u0101s padomi\">Losand\u017eelosa<\/a>)<\/td><td class=\"column-2\">912<\/td><td class=\"column-3\">1309<\/td>\n<\/tr>\n<tr class=\"row-34\">\n\t<td class=\"column-1\"><a href=\"https:\/\/moverdb.com\/lv\/container-shipping\/united-states\/\" data-internallinksmanager029f6b8e52c=\"87\" title=\"2023 J\u016bras kravu p\u0101rvad\u0101jumu konteineru p\u0101rvad\u0101jumu cenas uz ASV un no ASV\">ASV (\u0145ujorka)<\/a><\/td><td class=\"column-2\">2624<\/td><td class=\"column-3\">1937<\/td>\n<\/tr>\n<tr class=\"row-35\">\n\t<td class=\"column-1\"><a href=\"https:\/\/moverdb.com\/lv\/container-shipping\/vietnam\/\" data-internallinksmanager029f6b8e52c=\"245\" title=\"2023 J\u016bras kravu p\u0101rvad\u0101jumu konteineru ku\u0123niec\u012bbas cenas uz Vjetnamu un no t\u0101s\">Vjetnama (Saigona)<\/a><\/td><td class=\"column-2\">7295<\/td><td class=\"column-3\">7704<\/td>\n<\/tr>\n<\/tbody>\n<\/table>\n<!-- #tablepress-79 from cache -->\n\n\n\n<h2 class=\"wp-block-heading\">Konteineru p\u0101rvad\u0101jumu izmaksas no Kaimanu sal\u0101m (D\u017eord\u017etauna)<\/h2>\n\n\n<div class=\"wp-block-image\">\n<figure class=\"aligncenter size-large\"><img loading=\"lazy\" decoding=\"async\" width=\"1024\" height=\"539\" src=\"https:\/\/moverdb.com\/wp-content\/uploads\/Shipping-Container-Costs-from-Cayman-Islands-1024x539.png\" alt=\"Konteineru p\u0101rvad\u0101jumu izmaksas no Kaimanu sal\u0101m (D\u017eord\u017etauna)\" class=\"wp-image-4096\" srcset=\"https:\/\/moverdb.com\/wp-content\/uploads\/Shipping-Container-Costs-from-Cayman-Islands-1024x539.png 1024w, https:\/\/moverdb.com\/wp-content\/uploads\/Shipping-Container-Costs-from-Cayman-Islands-300x158.png 300w, https:\/\/moverdb.com\/wp-content\/uploads\/Shipping-Container-Costs-from-Cayman-Islands-1536x809.png 1536w, https:\/\/moverdb.com\/wp-content\/uploads\/Shipping-Container-Costs-from-Cayman-Islands-18x9.png 18w, https:\/\/moverdb.com\/wp-content\/uploads\/Shipping-Container-Costs-from-Cayman-Islands-600x316.png 600w, https:\/\/moverdb.com\/wp-content\/uploads\/Shipping-Container-Costs-from-Cayman-Islands.png 2000w\" sizes=\"auto, (max-width: 1024px) 100vw, 1024px\" \/><\/figure>\n<\/div>\n\n\n<table id=\"tablepress-75\" class=\"tablepress tablepress-id-75\">\n<thead>\n<tr class=\"row-1\">\n\t<th class=\"column-1\">Galam\u0113r\u0137a valsts (osta\/ pils\u0113ta)<\/th><th class=\"column-2\">20FT<\/th><th class=\"column-3\">40FT<\/th>\n<\/tr>\n<\/thead>\n<tbody class=\"row-striping row-hover\">\n<tr class=\"row-2\">\n\t<td class=\"column-1\">Andora (Andora la Vella)<\/td><td class=\"column-2\">346<\/td><td class=\"column-3\">355<\/td>\n<\/tr>\n<tr class=\"row-3\">\n\t<td class=\"column-1\"><a href=\"https:\/\/moverdb.com\/lv\/container-shipping\/antigua-and-barbuda\/\" data-internallinksmanager029f6b8e52c=\"92\" title=\"2023 J\u016bras konteineru p\u0101rvad\u0101jumu cenas uz Antigvu un Barbudu un no t\u0101s\">Antigva un Barbuda (Sentd\u017eons)<\/a><\/td><td class=\"column-2\">600<\/td><td class=\"column-3\">801<\/td>\n<\/tr>\n<tr class=\"row-4\">\n\t<td class=\"column-1\">Argent\u012bna (Buenosairesa)<\/td><td class=\"column-2\">928<\/td><td class=\"column-3\">1416<\/td>\n<\/tr>\n<tr class=\"row-5\">\n\t<td class=\"column-1\">Austr\u0101lija (Sidneja)<\/td><td class=\"column-2\">6430<\/td><td class=\"column-3\">8027<\/td>\n<\/tr>\n<tr class=\"row-6\">\n\t<td class=\"column-1\">Braz\u012blija (Santosa)<\/td><td class=\"column-2\">928<\/td><td class=\"column-3\">1416<\/td>\n<\/tr>\n<tr class=\"row-7\">\n\t<td class=\"column-1\"><a href=\"https:\/\/moverdb.com\/lv\/container-shipping\/canada\/\" data-internallinksmanager029f6b8e52c=\"102\" title=\"2023 J\u016bras kravu p\u0101rvad\u0101jumu konteineru p\u0101rvad\u0101jumu cenas uz Kan\u0101du un no t\u0101s\">Kan\u0101da (Toronto)<\/a><\/td><td class=\"column-2\">2331<\/td><td class=\"column-3\">3074<\/td>\n<\/tr>\n<tr class=\"row-8\">\n\t<td class=\"column-1\">Kan\u0101da (<a href=\"https:\/\/moverdb.com\/lv\/moving-to-canada\/moving-to-vancouver\/\" data-internallinksmanager029f6b8e52c=\"438\" title=\"P\u0101rce\u013caties uz Vank\u016bveru? 2023 Dz\u012bves izmaksas un p\u0101rcel\u0161an\u0101s padomi\">Vank\u016bvera<\/a>)<\/td><td class=\"column-2\">2842<\/td><td class=\"column-3\">3664<\/td>\n<\/tr>\n<tr class=\"row-9\">\n\t<td class=\"column-1\">\u0136\u012bna (Pekina)<\/td><td class=\"column-2\">3737<\/td><td class=\"column-3\">4102<\/td>\n<\/tr>\n<tr class=\"row-10\">\n\t<td class=\"column-1\">\u0136\u012bna (\u0160anhaja)<\/td><td class=\"column-2\">3449<\/td><td class=\"column-3\">4010<\/td>\n<\/tr>\n<tr class=\"row-11\">\n\t<td class=\"column-1\"><a href=\"https:\/\/moverdb.com\/lv\/container-shipping\/colombia\/\" data-internallinksmanager029f6b8e52c=\"106\" title=\"2023 J\u016bras kravu p\u0101rvad\u0101jumu konteineru p\u0101rvad\u0101jumu cenas uz Kolumbiju un no t\u0101s\">Kolumbija (Barrankilja)<\/a><\/td><td class=\"column-2\">638<\/td><td class=\"column-3\">870<\/td>\n<\/tr>\n<tr class=\"row-12\">\n\t<td class=\"column-1\">Indon\u0113zija (D\u017eakarta)<\/td><td class=\"column-2\">6307<\/td><td class=\"column-3\">7267<\/td>\n<\/tr>\n<tr class=\"row-13\">\n\t<td class=\"column-1\">Malaizija (Port Kelangas osta)<\/td><td class=\"column-2\">6307<\/td><td class=\"column-3\">7267<\/td>\n<\/tr>\n<tr class=\"row-14\">\n\t<td class=\"column-1\"><a href=\"https:\/\/moverdb.com\/lv\/container-shipping\/new-zealand\/\" data-internallinksmanager029f6b8e52c=\"163\" title=\"2023 J\u016bras kravu p\u0101rvad\u0101jumu konteineru p\u0101rvad\u0101jumu cenas uz Jaunz\u0113landi un no t\u0101s\">Jaunz\u0113lande (Oklenda)<\/a><\/td><td class=\"column-2\">6430<\/td><td class=\"column-3\">8027<\/td>\n<\/tr>\n<tr class=\"row-15\">\n\t<td class=\"column-1\"><a href=\"https:\/\/moverdb.com\/lv\/container-shipping\/papua-new-guinea\/\" data-internallinksmanager029f6b8e52c=\"165\" title=\"2023 J\u016bras konteineru p\u0101rvad\u0101jumu cenas uz Papua-Jaungvineju un no t\u0101s\">Papua-Jaungvineja (Port Moresbijs)<\/a><\/td><td class=\"column-2\">6430<\/td><td class=\"column-3\">8027<\/td>\n<\/tr>\n<tr class=\"row-16\">\n\t<td class=\"column-1\">Singap\u016bra (Singap\u016bra)<\/td><td class=\"column-2\">6307<\/td><td class=\"column-3\">7267<\/td>\n<\/tr>\n<tr class=\"row-17\">\n\t<td class=\"column-1\"><a href=\"https:\/\/moverdb.com\/lv\/container-shipping\/south-africa\/\" data-internallinksmanager029f6b8e52c=\"185\" title=\"2023 J\u016bras kravu p\u0101rvad\u0101jumu konteineru p\u0101rvad\u0101jumu cenas uz Dienvid\u0101friku un no t\u0101s\">Dienvid\u0101frika (Durban\u0101)<\/a><\/td><td class=\"column-2\">4806<\/td><td class=\"column-3\">5277<\/td>\n<\/tr>\n<tr class=\"row-18\">\n\t<td class=\"column-1\">ASV (Losand\u017eelosa)<\/td><td class=\"column-2\">729<\/td><td class=\"column-3\">905<\/td>\n<\/tr>\n<tr class=\"row-19\">\n\t<td class=\"column-1\">ASV (\u0145ujorka)<\/td><td class=\"column-2\">363<\/td><td class=\"column-3\">363<\/td>\n<\/tr>\n<\/tbody>\n<\/table>\n<!-- #tablepress-75 from cache -->\n\n\n\n<h3 class=\"wp-block-heading\">Piez\u012bmes par datiem:<\/h3>\n\n\n\n<ul class=\"wp-block-list\"><li>Visi $ skait\u013ci izteikti ASV dol\u0101ros (USD);<\/li><li>Tarifi ir prec\u012bzi 2022. gada vid\u016b;<\/li><li>\u0160aj\u0101 rakst\u0101 iek\u013caut\u0101s kartes tika izveidotas, izmantojot <a href=\"https:\/\/www.mapchart.net\" target=\"_blank\" rel=\"noreferrer noopener\">https:\/\/www.mapchart.net<\/a>. Kartes varat kop\u012bgot, ja vien nor\u0101d\u0101t saiti uz \u0161o vietni. <a href=\"https:\/\/moverdb.com\/lv\/\" target=\"_blank\" rel=\"noreferrer noopener\">MoverDB<\/a>;<\/li><li>Iepriek\u0161 nor\u0101d\u012bt\u0101s likmes ir tikai aptuvenas un kop\u0161 \u0161\u012b raksta public\u0113\u0161anas (2022. gada apr\u012bl\u012b) var b\u016bt main\u012bju\u0161\u0101s. To pamat\u0101 ir zem\u0101k\u0101 apl\u0113st\u0101 likme, kas ieg\u016bta no <a href=\"https:\/\/www.icontainers.com\" target=\"_blank\" rel=\"noreferrer noopener\">https:\/\/www.icontainers.com<\/a> vai <a href=\"https:\/\/www.freightos.com\" target=\"_blank\" rel=\"noreferrer noopener\">https:\/\/www.freightos.com<\/a>;<\/li><li>Lai ieg\u016btu prec\u012bz\u0101ku priek\u0161statu par izmaks\u0101m, l\u016bdzu, izmantojiet cenu pied\u0101v\u0101juma veidlapu \u0161\u012bs lapas aug\u0161pus\u0113;<\/li><li>Skatiet ar\u012b m\u016bsu ce\u013cvedi par <a href=\"https:\/\/moverdb.com\/lv\/konteineru-parvadajumi\/\" target=\"_blank\" rel=\"noreferrer noopener\">starptautiskie konteineru p\u0101rvad\u0101jumi<\/a><\/li><\/ul>","protected":false},"excerpt":{"rendered":"<p>The Cayman Islands are an easily-accessible paradise just like the rest of the beautiful countries in the Caribbean. There are, in fact, three Cayman islands that are all decorated with breathtaking beaches, palm trees, and pristine lagoons. This small country is perfect for anyone willing to enjoy their life while still working as the place [&hellip;]<\/p>\n","protected":false},"author":2,"featured_media":4095,"parent":44,"menu_order":0,"comment_status":"open","ping_status":"closed","template":"","meta":{"_genesis_hide_title":false,"_genesis_hide_breadcrumbs":false,"_genesis_hide_singular_image":false,"_genesis_hide_footer_widgets":false,"_genesis_custom_body_class":"","_genesis_custom_post_class":"","_genesis_layout":"","footnotes":""},"class_list":{"0":"post-4126","1":"page","2":"type-page","3":"status-publish","4":"has-post-thumbnail","6":"entry"},"_links":{"self":[{"href":"https:\/\/moverdb.com\/lv\/wp-json\/wp\/v2\/pages\/4126","targetHints":{"allow":["GET"]}}],"collection":[{"href":"https:\/\/moverdb.com\/lv\/wp-json\/wp\/v2\/pages"}],"about":[{"href":"https:\/\/moverdb.com\/lv\/wp-json\/wp\/v2\/types\/page"}],"author":[{"embeddable":true,"href":"https:\/\/moverdb.com\/lv\/wp-json\/wp\/v2\/users\/2"}],"replies":[{"embeddable":true,"href":"https:\/\/moverdb.com\/lv\/wp-json\/wp\/v2\/comments?post=4126"}],"version-history":[{"count":1,"href":"https:\/\/moverdb.com\/lv\/wp-json\/wp\/v2\/pages\/4126\/revisions"}],"predecessor-version":[{"id":4127,"href":"https:\/\/moverdb.com\/lv\/wp-json\/wp\/v2\/pages\/4126\/revisions\/4127"}],"up":[{"embeddable":true,"href":"https:\/\/moverdb.com\/lv\/wp-json\/wp\/v2\/pages\/44"}],"wp:featuredmedia":[{"embeddable":true,"href":"https:\/\/moverdb.com\/lv\/wp-json\/wp\/v2\/media\/4095"}],"wp:attachment":[{"href":"https:\/\/moverdb.com\/lv\/wp-json\/wp\/v2\/media?parent=4126"}],"curies":[{"name":"wp","href":"https:\/\/api.w.org\/{rel}","templated":true}]}}