{"id":384,"date":"2016-05-26T14:06:53","date_gmt":"2016-05-26T14:06:53","guid":{"rendered":"http:\/\/moverdb.com\/?page_id=384"},"modified":"2026-05-15T14:59:59","modified_gmt":"2026-05-15T14:59:59","slug":"atsauksmes","status":"publish","type":"page","link":"https:\/\/moverdb.com\/lv\/reviews\/","title":{"rendered":"MoverDB International Moving Company Reviews &amp; Scores Explained"},"content":{"rendered":"<p>MoverDB.com m\u0113r\u0137is ir sniegt jums objekt\u012bvu inform\u0101ciju un p\u0101rskatus par pasaul\u0113 liel\u0101kajiem un liel\u0101kajiem p\u0101rvad\u0101t\u0101jiem. <a href=\"https:\/\/moverdb.com\/lv\/parvietojas-uznemumi\/\">lab\u0101kie starptautiskie p\u0101rvieto\u0161an\u0101s uz\u0146\u0113mumi<\/a>. Lai to paveiktu, esam izveidoju\u0161i katra p\u0101rvietot\u0101ja profilus.<\/p>\n<p>Katr\u0101 profil\u0101 ir \u0161\u0101da inform\u0101cija:<\/p>\n<ol>\n<li> Uz\u0146\u0113muma pied\u0101v\u0101tie p\u0101rcel\u0161an\u0101s pakalpojumi.<\/li>\n<li> Uz\u0146\u0113muma profils: tostarp v\u0113sture, reput\u0101cija un <a href=\"https:\/\/moverdb.com\/lv\/organizacijas-asociacijas\/\">organiz\u0101cijas un saist\u012btie uz\u0146\u0113mumi<\/a> k\u0101 ar\u012b citus interesantus faktus.<\/li>\n<li> P\u0101rskati no visas t\u012bmek\u013cvietnes, lai pal\u012bdz\u0113tu jums izv\u0113l\u0113ties lab\u0101ku p\u0101rvietot\u0101ju.<\/li>\n<\/ol>\n<p><strong>4. T\u012bmek\u013ca vietnes p\u0101rskat\u012b\u0161anas skaidrojums<\/strong><\/p>\n<p>Visbeidzot, MoverDB.com ietver ar\u012b katra p\u0101rv\u0101c\u0113ja t\u012bmek\u013ca vietnes atsauksmju nov\u0113rt\u0113jumu. Tas ir p\u0101rskats par t\u012bmek\u013ca vietnes lietder\u012bbu un to, cik noder\u012bga t\u0101 ir. <strong>neatspogu\u013co<\/strong> pa\u0161a p\u0101rvieto\u0161anas l\u012bdzek\u013ca kvalit\u0101ti. T\u0101 viet\u0101 tiek \u0146emtas v\u0113r\u0101 \u0161\u0101das lietas:<\/p>\n<ol>\n<li> Skaidra kontaktinform\u0101cija<\/li>\n<li> Iesp\u0113ja viegli ieg\u016bt cit\u0101tu<\/li>\n<li> Skaidra un noder\u012bga inform\u0101cija t\u012bmek\u013ca vietn\u0113<\/li>\n<li> Dal\u012bba starptautiskaj\u0101s p\u0101rvieto\u0161an\u0101s organiz\u0101cij\u0101s<\/li>\n<li> Atsauksmes un atsauksmes<\/li>\n<\/ol>\n<p><em>Izmantojiet tos uz savu risku. MoverDB.com neuz\u0146emas atbild\u012bbu par sniegt\u0101s inform\u0101cijas precizit\u0101ti. Turkl\u0101t m\u0113s neuz\u0146emamies nek\u0101du atbild\u012bbu par \u0161aj\u0101 t\u012bmek\u013ca vietn\u0113 sniegt\u0101s inform\u0101cijas un atsauksmju izmanto\u0161anu, izv\u0113loties p\u0101rv\u0101c\u0113ju. M\u0113s vienk\u0101r\u0161i pied\u0101v\u0101jam iesp\u0113ju <a href=\"https:\/\/moverdb.com\/lv\/citati\/\">sal\u012bdzin\u0101t p\u0101rvietot\u0101jus ar bezmaksas cit\u0101tiem<\/a>.<\/em><\/p>","protected":false},"excerpt":{"rendered":"<p>At MoverDB.com our goal is to bring you unbiased information and reviews of the world&#8217;s biggest and best international moving companies. To do this we&#8217;ve created profiles for each and every mover. Each profile includes the following information: Moving services offered by the company. Company profile: including history, reputation and organizations &#038; affiliations along with [&hellip;]<\/p>\n","protected":false},"author":1,"featured_media":0,"parent":0,"menu_order":0,"comment_status":"closed","ping_status":"closed","template":"","meta":{"_genesis_hide_title":false,"_genesis_hide_breadcrumbs":false,"_genesis_hide_singular_image":false,"_genesis_hide_footer_widgets":false,"_genesis_custom_body_class":"","_genesis_custom_post_class":"","_genesis_layout":"","footnotes":""},"class_list":{"0":"post-384","1":"page","2":"type-page","3":"status-publish","5":"entry"},"_links":{"self":[{"href":"https:\/\/moverdb.com\/lv\/wp-json\/wp\/v2\/pages\/384","targetHints":{"allow":["GET"]}}],"collection":[{"href":"https:\/\/moverdb.com\/lv\/wp-json\/wp\/v2\/pages"}],"about":[{"href":"https:\/\/moverdb.com\/lv\/wp-json\/wp\/v2\/types\/page"}],"author":[{"embeddable":true,"href":"https:\/\/moverdb.com\/lv\/wp-json\/wp\/v2\/users\/1"}],"replies":[{"embeddable":true,"href":"https:\/\/moverdb.com\/lv\/wp-json\/wp\/v2\/comments?post=384"}],"version-history":[{"count":3,"href":"https:\/\/moverdb.com\/lv\/wp-json\/wp\/v2\/pages\/384\/revisions"}],"predecessor-version":[{"id":387,"href":"https:\/\/moverdb.com\/lv\/wp-json\/wp\/v2\/pages\/384\/revisions\/387"}],"wp:attachment":[{"href":"https:\/\/moverdb.com\/lv\/wp-json\/wp\/v2\/media?parent=384"}],"curies":[{"name":"wp","href":"https:\/\/api.w.org\/{rel}","templated":true}]}}