{"id":366,"date":"2016-05-22T20:25:26","date_gmt":"2016-05-22T20:25:26","guid":{"rendered":"http:\/\/moverdb.com\/?page_id=366"},"modified":"2026-01-08T14:47:18","modified_gmt":"2026-01-08T14:47:18","slug":"organizacijas-asociacijas","status":"publish","type":"page","link":"https:\/\/moverdb.com\/lv\/organizations-associations\/","title":{"rendered":"28 Starptautisk\u0101s p\u0101rcel\u0161an\u0101s un p\u0101rvad\u0101jumu organiz\u0101cijas un asoci\u0101cijas"},"content":{"rendered":"<p><img loading=\"lazy\" decoding=\"async\" width=\"720\" height=\"486\" src=\"https:\/\/moverdb.com\/wp-content\/uploads\/number-buttons.jpg\" alt=\"Starptautisk\u0101s p\u0101rcel\u0161an\u0101s un p\u0101rvad\u0101jumu organiz\u0101cijas un asoci\u0101cijas\" class=\"aligncenter size-full wp-image-367\" srcset=\"https:\/\/moverdb.com\/wp-content\/uploads\/number-buttons.jpg 720w, https:\/\/moverdb.com\/wp-content\/uploads\/number-buttons-300x203.jpg 300w, https:\/\/moverdb.com\/wp-content\/uploads\/number-buttons-600x405.jpg 600w\" sizes=\"auto, (max-width: 720px) 100vw, 720px\" \/><\/p>\n<p>Zem\u0101k ir sniegts nepiln\u012bgs saraksts ar svar\u012bg\u0101kaj\u0101m starptautiskaj\u0101m organiz\u0101cij\u0101m, asoci\u0101cij\u0101m, sh\u0113m\u0101m, \u0123ild\u0113m, padom\u0113m u. c.   <\/p>\n<ol>\n<li> <a href=\"https:\/\/moverdb.com\/lv\/esmu\/\">Starptautisk\u0101 P\u0101rv\u0101c\u0113ju asoci\u0101cija<\/a> (IAM) - <a href=\"https:\/\/moverdb.com\/lv\/iam\/\" data-internallinksmanager029f6b8e52c=\"23\" title=\"Starptautisk\u0101s P\u0101rv\u0101c\u0113ju asoci\u0101cijas (IAM) skaidrojumi\">Starptautisk\u0101 P\u0101rv\u0101c\u0113ju asoci\u0101cija<\/a> (IAM) ir glob\u0101la tirdzniec\u012bbas organiz\u0101cija, kuras biedri sniedz p\u0101rvieto\u0161anas, eksped\u012bcijas, ku\u0123niec\u012bbas, lo\u0123istikas un saist\u012btos pakalpojumus.<\/li>\n<li> <a href=\"https:\/\/moverdb.com\/lv\/fidi-faim\/\">FIDI un FIDI akredit\u0113tie starptautiskie p\u0101rv\u0101c\u0113ji<\/a> (<a href=\"https:\/\/moverdb.com\/lv\/fidi-faim\/\" data-internallinksmanager029f6b8e52c=\"16\" title=\"FIDI un FAIM (FIDI akredit\u0113tais starptautiskais p\u0101rvietot\u0101js) skaidrojums\">FAIM<\/a>) - FIDI (F\u00e9d\u00e9ration Internationale des D\u00e9m\u00e9nageurs Internationaux; Starptautisko P\u0101rv\u0101c\u0113ju feder\u0101cija) ir starptautisku p\u0101rv\u0101k\u0161an\u0101s un p\u0101rcel\u0161an\u0101s uz\u0146\u0113mumu glob\u0101la jumta organiz\u0101cija.<\/li>\n<li> <a href=\"https:\/\/moverdb.com\/lv\/amsa\/\">Amerikas P\u0101rv\u0101k\u0161an\u0101s un uzglab\u0101\u0161anas asoci\u0101cija<\/a> (AMSA) - <a href=\"https:\/\/moverdb.com\/lv\/amsa\/\" data-internallinksmanager029f6b8e52c=\"5\" title=\"Amerikas P\u0101rv\u0101k\u0161an\u0101s un uzglab\u0101\u0161anas asoci\u0101cijas (AMSA) skaidrojums\">Amerikas P\u0101rv\u0101k\u0161an\u0101s un uzglab\u0101\u0161anas asoci\u0101cija<\/a> (AMSA) ir Amerikas p\u0101rvieto\u0161an\u0101s nozares nacion\u0101l\u0101 tirdzniec\u012bbas asoci\u0101cija.<\/li>\n<li> <a href=\"https:\/\/moverdb.com\/lv\/ritenu-novirzitajs\/\">Re\u0123istr\u0113ts starptautiskais p\u0101rvietot\u0101js (RIM) \/ Starptautiskais ProMover<\/a> - Starptautiskais <a href=\"https:\/\/moverdb.com\/lv\/rim-promover\/\" data-internallinksmanager029f6b8e52c=\"76\" title=\"RIM International ProMover sertifik\u0101cijas skaidrojums\">ProMover<\/a> Sertifik\u0101cija ir da\u013ca no Amerikas P\u0101rv\u0101k\u0161an\u0101s un uzglab\u0101\u0161anas asoci\u0101cijas (AMSA) izveidot\u0101s Re\u0123istr\u0113to starptautisko p\u0101rv\u0101k\u0161an\u0101s pakalpojumu (RIM) programmas.<\/li>\n<li> <a href=\"https:\/\/moverdb.com\/lv\/britu-iznemeju-asociacija\/\">Lielbrit\u0101nijas P\u0101rv\u0101c\u0113ju asoci\u0101cija<\/a> (BAR) - <a href=\"https:\/\/moverdb.com\/lv\/british-association-of-removers\/\" data-internallinksmanager029f6b8e52c=\"9\" title=\"Lielbrit\u0101nijas P\u0101rv\u0101c\u0113ju asoci\u0101cijas (BAR) skaidrojumi\">Lielbrit\u0101nijas P\u0101rv\u0101c\u0113ju asoci\u0101cija<\/a> (BAR) sevi d\u0113v\u0113 par \"atz\u012btu profesion\u0101l\u0101s p\u0101rvieto\u0161an\u0101s nozares p\u0101rst\u0101vi\", un t\u0101 ir viena no galvenaj\u0101m organiz\u0101cij\u0101m, kas darbojas profesion\u0101l\u0101s p\u0101rvieto\u0161an\u0101s nozar\u0113. <a href=\"https:\/\/moverdb.com\/lv\/moving-to-the-uk\/\" data-internallinksmanager029f6b8e52c=\"93\" title=\"P\u0101rce\u013caties uz Apvienoto Karalisti? 2022 Dz\u012bves izmaksas un p\u0101rcel\u0161an\u0101s padomi\">APVIENOT\u0100 KARALISTE<\/a> p\u0101rvieto\u0161an\u0101s nozare.<\/li>\n<li> <a href=\"https:\/\/moverdb.com\/lv\/bars-arvalstis\/\">BAR Overseas Group<\/a> - <a href=\"https:\/\/moverdb.com\/lv\/bar-overseas\/\" data-internallinksmanager029f6b8e52c=\"10\" title=\"Lielbrit\u0101nijas P\u0101rv\u0101c\u0113ju asoci\u0101cijas (BAR) \u0100rvalstu grupas skaidrojums\">BAR Overseas<\/a> Grupa ir da\u013ca no Lielbrit\u0101nijas P\u0101rv\u0101c\u0113ju asoci\u0101cijas (BAR), un t\u0101s m\u0113r\u0137is ir veicin\u0101t profesion\u0101lo izcil\u012bbu p\u0101rv\u0101k\u0161an\u0101s nozar\u0113.<\/li>\n<li> <a href=\"https:\/\/moverdb.com\/lv\/mtc\/\">P\u0101rvietot\u0101ji Trading Club<\/a> (<a href=\"https:\/\/moverdb.com\/lv\/mtc\/\" data-internallinksmanager029f6b8e52c=\"30\" title=\"Movers Trading Club (MTC) Paskaidrots\">MTC<\/a>) - BAR Overseas grupas uz\u0146\u0113mumiem, kas ir BAR Overseas grupas dal\u012bbnieki, lai pal\u012bdz\u0113tu samazin\u0101t <a href=\"https:\/\/moverdb.com\/lv\/parcelsanas-izmaksas\/\">p\u0101rvieto\u0161an\u0101s izmaksas<\/a> uz <a href=\"https:\/\/moverdb.com\/lv\/moving-to-the-united-states\/\" data-internallinksmanager029f6b8e52c=\"94\" title=\"P\u0101rce\u013caties uz Amerikas Savienotaj\u0101m Valst\u012bm? 2022 Dz\u012bves izmaksas un p\u0101rcel\u0161an\u0101s padomi\">ASV<\/a> no Apvienot\u0101s Karalistes.<\/li>\n<li> <a href=\"https:\/\/moverdb.com\/lv\/kanadas-parvaceju-asociacija\/\">Kan\u0101das P\u0101rv\u0101c\u0113ju asoci\u0101cija<\/a> (CAM) - <a href=\"https:\/\/moverdb.com\/lv\/canadian-association-of-movers\/\" data-internallinksmanager029f6b8e52c=\"11\" title=\"Kan\u0101das P\u0101rv\u0101c\u0113ju asoci\u0101cijas (CAM) skaidrojums\">Kan\u0101das P\u0101rv\u0101c\u0113ju asoci\u0101cija<\/a> ir . <a href=\"https:\/\/moverdb.com\/lv\/moving-to-canada\/\" data-internallinksmanager029f6b8e52c=\"265\" title=\"P\u0101rcel\u0161an\u0101s uz Kan\u0101du? 2023 Dz\u012bves izmaksas un p\u0101rcel\u0161an\u0101s padomi\">Kan\u0101da<\/a>tirdzniec\u012bbas asoci\u0101cija, kas p\u0101rst\u0101v p\u0101rvieto\u0161an\u0101s un uzglab\u0101\u0161anas uz\u0146\u0113mumus. <\/li>\n<li> <a href=\"https:\/\/moverdb.com\/lv\/aima\/\">Austr\u0101lijas Starptautisko P\u0101rv\u0101c\u0113ju asoci\u0101cija<\/a> (AIMA) - <a href=\"https:\/\/moverdb.com\/lv\/aima\/\" data-internallinksmanager029f6b8e52c=\"8\" title=\"Austr\u0101lijas Starptautisko P\u0101rv\u0101c\u0113ju asoci\u0101cijas (AIMA) skaidrojums\">Austr\u0101lijas Starptautisko P\u0101rv\u0101c\u0113ju asoci\u0101cija<\/a> (AIMA) sevi raksturo k\u0101 profesion\u0101lu forumu, kas nodarbojas ar <a href=\"https:\/\/moverdb.com\/lv\/international-removals\/\" data-internallinksmanager029f6b8e52c=\"27\" title=\"36 Lab\u0101kie starptautisko p\u0101rvad\u0101jumu uz\u0146\u0113mumi Apvienotaj\u0101 Karalist\u0113\">starptautisk\u0101 p\u0101rcel\u0161an\u0101s<\/a> nozare.<\/li>\n<li> <a href=\"https:\/\/moverdb.com\/lv\/afra\/\">Austr\u0101lijas M\u0113be\u013cu p\u0101rv\u0101c\u0113ju asoci\u0101cija<\/a> (AFRA) - <a href=\"https:\/\/moverdb.com\/lv\/afra\/\" data-internallinksmanager029f6b8e52c=\"7\" title=\"Austr\u0101lijas M\u0113be\u013cu p\u0101rv\u0101c\u0113ju asoci\u0101cijas (AFRA) skaidrojumi\">Austr\u0101lijas M\u0113be\u013cu p\u0101rv\u0101c\u0113ju asoci\u0101cija<\/a> (AFRA) sevi raksturo gan k\u0101 p\u0101rv\u0101k\u0161an\u0101s nozares p\u0101rst\u0101vi, gan k\u0101 t\u0101s regulatoru. <a href=\"https:\/\/moverdb.com\/lv\/moving-to-australia\/living-in-australia\/\" data-internallinksmanager029f6b8e52c=\"240\" title=\"21 nosl\u0113pums par dz\u012bvi Austr\u0101lij\u0101, kas j\u0101zina pirms p\u0101rcel\u0161an\u0101s\">Austr\u0101lija<\/a>.<\/li>\n<li> <a href=\"https:\/\/moverdb.com\/lv\/hgfaa\/\">Amerikas M\u0101jsaimniec\u012bbas pre\u010du ekspeditoru asoci\u0101cija<\/a> (HGFAA) - <a href=\"https:\/\/moverdb.com\/lv\/hgfaa\/\" data-internallinksmanager029f6b8e52c=\"21\" title=\"M\u0101jsaimniec\u012bbas pre\u010du ekspeditoru asoci\u0101cijas (HGFAA) skaidrojums\">Amerikas M\u0101jsaimniec\u012bbas pre\u010du ekspeditoru asoci\u0101cija<\/a> (HGFAA) sevi raksturo k\u0101 glob\u0101lu p\u0101rv\u0101c\u0113ju asoci\u0101ciju, kuras m\u0113r\u0137is ir nodro\u0161in\u0101t, lai klienti p\u0101rv\u0101k\u0161an\u0101s laik\u0101 sa\u0146emtu vislab\u0101ko iesp\u0113jamo pakalpojumu.<\/li>\n<li> <a href=\"https:\/\/moverdb.com\/lv\/ncbfaa\/\">Amerikas Nacion\u0101l\u0101 muitas brokeru un ekspeditoru asoci\u0101cija<\/a> (NCBFAA) - <a href=\"https:\/\/moverdb.com\/lv\/ncbfaa\/\" data-internallinksmanager029f6b8e52c=\"73\" title=\"Amerikas Nacion\u0101l\u0101 muitas brokeru un ekspeditoru asoci\u0101cija (NCBFAA)\">Amerikas Nacion\u0101l\u0101 muitas brokeru un ekspeditoru asoci\u0101cija<\/a> (NCBFAA) tiek uzskat\u012bta par Amerikas transporta lo\u0123istikas nozares p\u0101rst\u0101vi.<\/li>\n<li> <a href=\"https:\/\/moverdb.com\/lv\/lacma\/\">Lat\u012b\u0146amerikas un Kar\u012bbu j\u016bras re\u0123iona valstu Starptautisko p\u0101rv\u0101c\u0113ju asoci\u0101cija<\/a> (LACMA) - <a href=\"https:\/\/moverdb.com\/lv\/lacma\/\" data-internallinksmanager029f6b8e52c=\"28\" title=\"Lat\u012b\u0146amerikas un Kar\u012bbu j\u016bras re\u0123iona valstu Starptautisko P\u0101rv\u0101c\u0113ju asoci\u0101cija (LACMA)\">Lat\u012b\u0146amerikas un Kar\u012bbu j\u016bras re\u0123iona valstu Starptautisko p\u0101rv\u0101c\u0113ju asoci\u0101cija<\/a> (LACIMA) p\u0101rst\u0101v p\u0101rcel\u0161an\u0101s un p\u0101rv\u0101k\u0161an\u0101s uz\u0146\u0113mumu apvien\u012bbu, lai veicin\u0101tu viet\u0113jo uz\u0146\u0113mumu, k\u0101 ar\u012b citu uz\u0146\u0113mumu integr\u0101ciju vis\u0101 pasaul\u0113.<\/li>\n<li> <a href=\"https:\/\/moverdb.com\/lv\/iata\/\">Starptautisk\u0101 Gaisa transporta asoci\u0101cija<\/a> (IATA) - <a href=\"https:\/\/moverdb.com\/lv\/iata\/\" data-internallinksmanager029f6b8e52c=\"22\" title=\"Starptautisk\u0101s Gaisa transporta asoci\u0101cijas (IATA) skaidrojumi\">Starptautisk\u0101 Gaisa transporta asoci\u0101cija<\/a> (IATA) ir pasaules aviosabiedr\u012bbu tirdzniec\u012bbas asoci\u0101cija. T\u0101s uzdevums ir vad\u012bt un kalpot saviem biedriem, k\u0101 ar\u012b p\u0101rst\u0101v\u0113t to intereses, lai veicin\u0101tu lidostu transporta nozares att\u012bst\u012bbu.<\/li>\n<li> <a href=\"https:\/\/moverdb.com\/lv\/euromovers\/\">Eiropas P\u0101rvad\u0101t\u0101ju partner\u012bba (EUROMOVERS International)<\/a> - <a href=\"https:\/\/moverdb.com\/lv\/euromovers\/\" data-internallinksmanager029f6b8e52c=\"12\" title=\"Paskaidrojumi par Eiropas P\u0101rvad\u0101t\u0101ju partner\u012bbu (EUROMOVERS International)\">Euromovers<\/a> atrodas <a href=\"https:\/\/moverdb.com\/lv\/moving-to-luxembourg\/\" data-internallinksmanager029f6b8e52c=\"349\" title=\"P\u0101rcel\u0161an\u0101s uz Luksemburgu? 2023 Dz\u012bves izmaksas un p\u0101rcel\u0161an\u0101s padomi\">Luksemburga<\/a> un to veido vair\u0101ki vado\u0161ie <a href=\"https:\/\/moverdb.com\/lv\/moving-companies\/\" data-internallinksmanager029f6b8e52c=\"79\" title=\"Top 25 Starptautiskie p\u0101rcel\u0161an\u0101s uz\u0146\u0113mumi tie\u0161saist\u0113\">starptautiskie p\u0101rvieto\u0161an\u0101s uz\u0146\u0113mumi<\/a> kas ir izveidoju\u0161i t\u012bklu, pamatojoties uz kop\u012bgiem standartiem, v\u012bziju un virz\u012bbu.<\/li>\n<li> <a href=\"https:\/\/moverdb.com\/lv\/darbinieku-parcelsanas-padome\/\">ERC vis\u0101 pasaul\u0113<\/a> (Darbinieku p\u0101rvieto\u0161anas padome) - The <a href=\"https:\/\/moverdb.com\/lv\/employee-relocation-council\/\" data-internallinksmanager029f6b8e52c=\"83\" title=\"Izskaidrots par darbinieku p\u0101rvieto\u0161anas padomi (ERC) vis\u0101 pasaul\u0113\">Darbinieku p\u0101rvieto\u0161anas padome vis\u0101 pasaul\u0113<\/a> (ERC) sevi raksturo k\u0101 darbasp\u0113ka mobilit\u0101tes asoci\u0101ciju profesion\u0101\u013ciem, kas p\u0101rrauga, p\u0101rvalda vai atbalsta ASV iek\u0161zemes un starptautisko darbinieku p\u0101rcel\u0161anu.<\/li>\n<li> <a href=\"https:\/\/moverdb.com\/lv\/harmony-relocation-network\/\">Harmonijas p\u0101rvieto\u0161anas t\u012bkls<\/a> - The <a href=\"https:\/\/moverdb.com\/lv\/harmony-relocation-network\/\" data-internallinksmanager029f6b8e52c=\"20\" title=\"Harmonijas p\u0101rvieto\u0161anas t\u012bkla (HRN) skaidrojums\">Harmonijas p\u0101rvieto\u0161anas t\u012bkls<\/a> (HRN) ir partneruz\u0146\u0113mumu grupa, kas izveidota, lai izveidotu Eiropas m\u0113roga t\u012bklu glob\u0101lai p\u0101rvieto\u0161anai.<\/li>\n<li> <a href=\"https:\/\/moverdb.com\/lv\/eiro\/\">Eiropas P\u0101rcel\u0161an\u0101s asoci\u0101cija<\/a> (EuRA) - <a href=\"https:\/\/moverdb.com\/lv\/eura\/\" data-internallinksmanager029f6b8e52c=\"13\" title=\"Eiropas P\u0101rcel\u0161an\u0101s asoci\u0101cijas (EuRA) skaidrojumi\">Eiropas P\u0101rcel\u0161an\u0101s asoci\u0101cija<\/a> (EuRA) populariz\u0113 profesion\u0101li p\u0101rvald\u012btu p\u0101rcel\u0161an\u0101s un mobilit\u0101tes pakalpojumu priek\u0161roc\u012bbas uz\u0146\u0113mumiem ar glob\u0101li mobiliem darbiniekiem.<\/li>\n<li> <a href=\"https:\/\/moverdb.com\/lv\/association-relocation-professionals\/\">P\u0101rcel\u0161an\u0101s profesion\u0101\u013cu asoci\u0101cija<\/a> (ARP) - <a href=\"https:\/\/moverdb.com\/lv\/association-relocation-professionals\/\" data-internallinksmanager029f6b8e52c=\"6\" title=\"P\u0101rcel\u0161an\u0101s profesion\u0101\u013cu asoci\u0101cijas (ARP) skaidrojumi\">P\u0101rcel\u0161an\u0101s profesion\u0101\u013cu asoci\u0101cija<\/a> (ARP) ir Apvienotaj\u0101 Karalist\u0113 p\u0101rcel\u0161an\u0101s nozares profesion\u0101l\u0101 organiz\u0101cija.<\/li>\n<li> <a href=\"https:\/\/moverdb.com\/lv\/rios\/\">P\u0101rv\u0101k\u0161an\u0101s nozares ombuda sh\u0113ma<\/a> (<a href=\"https:\/\/moverdb.com\/lv\/rios\/\" data-internallinksmanager029f6b8e52c=\"75\" title=\"P\u0101rv\u0101k\u0161an\u0101s nozares ombuda sh\u0113mas (RIOS) skaidrojums\">RIOS<\/a>) - P\u0101rv\u0101k\u0161an\u0101s nozares ombuds (RIOS) izskata s\u016bdz\u012bbas par Apvienot\u0101s Karalistes p\u0101rv\u0101k\u0161an\u0101s nozares uz\u0146\u0113mumiem.<\/li>\n<li> <a href=\"https:\/\/moverdb.com\/lv\/fedemac\/\">Eiropas P\u0101rv\u0101c\u0113ju feder\u0101cija<\/a> (FEDEMAC) - <a href=\"https:\/\/moverdb.com\/lv\/fedemac\/\" data-internallinksmanager029f6b8e52c=\"15\" title=\"Eiropas P\u0101rv\u0101c\u0113ju asoci\u0101cijas feder\u0101cijas (FEDEMAC) skaidrojums\">Eiropas P\u0101rv\u0101c\u0113ju feder\u0101cija<\/a> (FEDEMAC) ir Eiropas organiz\u0101cija, kas izveidota, lai Eiropas m\u0113rog\u0101 veicin\u0101tu p\u0101rvieto\u0161anas nozari.<\/li>\n<li> <a href=\"https:\/\/moverdb.com\/lv\/kravu-parvadajumu-transporta-asociacija\/\">Kravu p\u0101rvad\u0101jumu asoci\u0101cija<\/a> (FTA) - <a href=\"https:\/\/moverdb.com\/lv\/freight-transport-association\/\" data-internallinksmanager029f6b8e52c=\"18\" title=\"Kravu p\u0101rvad\u0101jumu asoci\u0101cijas (FTA) skaidrojumi\">Kravu p\u0101rvad\u0101jumu asoci\u0101cija<\/a> (FTA) tika izveidota, lai p\u0101rst\u0101v\u0113tu lo\u0123istikas uz\u0146\u0113mumu intereses neatkar\u012bgi no t\u0101, vai tie p\u0101rvad\u0101 preces pa j\u016bru, gaisu, autoce\u013ciem vai dzelzce\u013cu.<\/li>\n<li> <a href=\"https:\/\/moverdb.com\/lv\/eurovan-movers\/\">Eurovan Starptautiskais P\u0101rv\u0101c\u0113ju t\u012bkls<\/a> - <a href=\"https:\/\/moverdb.com\/lv\/eurovan-movers\/\" data-internallinksmanager029f6b8e52c=\"14\" title=\"Paskaidrots Eurovan Starptautiskais P\u0101rv\u0101c\u0113ju t\u012bkls (EM)\">Eurovan Starptautiskais P\u0101rv\u0101c\u0113ju t\u012bkls<\/a> (EM) ir neatkar\u012bgu viet\u0113jo p\u0101rvad\u0101t\u0101ju t\u012bkls, kas atrodas <a href=\"https:\/\/moverdb.com\/lv\/moving-to-germany\/\" data-internallinksmanager029f6b8e52c=\"321\" title=\"P\u0101rcel\u0161an\u0101s uz V\u0101ciju? 2023 Dz\u012bves izmaksas un p\u0101rcel\u0161an\u0101s padomi\">V\u0101cija<\/a>. T\u012bkls ir izveidots, lai nodro\u0161in\u0101tu konsekventu pakalpojumu l\u012bmeni starptautiskiem p\u0101rvad\u0101jumiem, kas var \u0161\u0137\u0113rsot vair\u0101kas valstis.<\/li>\n<li> <a href=\"https:\/\/moverdb.com\/lv\/ngrs\/\">P\u0101rv\u0101c\u0113ju un glab\u0101t\u0101ju nacion\u0101l\u0101 \u0123ilde<\/a> (NGRS) - <a href=\"https:\/\/moverdb.com\/lv\/ngrs\/\" data-internallinksmanager029f6b8e52c=\"74\" title=\"Nacion\u0101l\u0101s p\u0101rv\u0101c\u0113ju un glab\u0101t\u0101ju \u0123ildes (NGRS) skaidrojums\">P\u0101rv\u0101c\u0113ju un glab\u0101t\u0101ju nacion\u0101l\u0101 \u0123ilde<\/a> (NGRS) ir izveidota, lai nodro\u0161in\u0101tu zin\u0101mu regul\u0113jumu p\u0101rvieto\u0161anas un uzglab\u0101\u0161anas nozarei Apvienotaj\u0101 Karalist\u0113.<\/li>\n<li> <a href=\"https:\/\/moverdb.com\/lv\/starptautiska-maritime-organisation\/\">Starptautisk\u0101 j\u016brniec\u012bbas organiz\u0101cija<\/a> (IMO) - <a href=\"https:\/\/moverdb.com\/lv\/international-maritime-organisation\/\" data-internallinksmanager029f6b8e52c=\"24\" title=\"Starptautisk\u0101s J\u016brniec\u012bbas organiz\u0101cijas (SJO) skaidrojumi\">Starptautisk\u0101 J\u016brniec\u012bbas organiz\u0101cija<\/a> (SJO) ir ANO a\u0123ent\u016bra, kas atrodas Apvienotaj\u0101 Karalist\u0113 un ir atbild\u012bga par ku\u0123niec\u012bbas regul\u0113\u0161anu.<\/li>\n<li> <a href=\"https:\/\/moverdb.com\/lv\/world-shipping-council\/\">Pasaules ku\u0123niec\u012bbas padome<\/a> (WSC) - <a href=\"https:\/\/moverdb.com\/lv\/world-shipping-council\/\" data-internallinksmanager029f6b8e52c=\"82\" title=\"Pasaules ku\u0123niec\u012bbas padomes (WSC) skaidrojums\">Pasaules ku\u0123niec\u012bbas padome<\/a> (WSC) p\u0101rst\u0101v l\u012bnijp\u0101rvad\u0101jumu nozari.<\/li>\n<li> <a href=\"https:\/\/moverdb.com\/lv\/world-customs-organization\/\">Pasaules muitas organiz\u0101cija<\/a> (<a href=\"https:\/\/moverdb.com\/lv\/world-customs-organization\/\" data-internallinksmanager029f6b8e52c=\"81\" title=\"Pasaules Muitas organiz\u0101cijas (PMO) skaidrojumi\">WCO<\/a>) - Pasaules Muitas organiz\u0101cija (PMO) ir neatkar\u012bga starpvald\u012bbu organiz\u0101cija, kas p\u0101rst\u0101v muitas kopienu. <\/li>\n<li> <a href=\"https:\/\/moverdb.com\/lv\/starptautiska-kugniecibas-kamera\/\">Starptautisk\u0101 ku\u0123niec\u012bbas pal\u0101ta<\/a> (ICS) -  <a href=\"https:\/\/moverdb.com\/lv\/international-chamber-shipping\/\" data-internallinksmanager029f6b8e52c=\"78\" title=\"Starptautisk\u0101s ku\u0123niec\u012bbas kameras (ICS) skaidrojums\">Starptautisk\u0101 ku\u0123niec\u012bbas pal\u0101ta<\/a> (ICS) ir tirdzniec\u012bbas asoci\u0101cija, kas p\u0101rst\u0101v ku\u0123u \u012bpa\u0161niekus un ku\u0123u operatorus, izmantojot valstu ku\u0123u \u012bpa\u0161nieku asoci\u0101cijas. <\/li>\n<\/ol>","protected":false},"excerpt":{"rendered":"<p>Below is a non-exhaustive list of the most important international moving &#038; shipping organizations, associations, schemes, guilds, councils etc. International Association of Movers (IAM) &#8211; The International Association of Movers (IAM) is a global trade body with members who provide moving, forwarding, shipping, logistics, and related services. FIDI &#038; FIDI Accredited International Mover (FAIM) &#8211; [&hellip;]<\/p>\n","protected":false},"author":1,"featured_media":367,"parent":0,"menu_order":0,"comment_status":"closed","ping_status":"closed","template":"","meta":{"_genesis_hide_title":false,"_genesis_hide_breadcrumbs":false,"_genesis_hide_singular_image":false,"_genesis_hide_footer_widgets":false,"_genesis_custom_body_class":"","_genesis_custom_post_class":"","_genesis_layout":"","footnotes":""},"class_list":{"0":"post-366","1":"page","2":"type-page","3":"status-publish","4":"has-post-thumbnail","6":"entry"},"_links":{"self":[{"href":"https:\/\/moverdb.com\/lv\/wp-json\/wp\/v2\/pages\/366","targetHints":{"allow":["GET"]}}],"collection":[{"href":"https:\/\/moverdb.com\/lv\/wp-json\/wp\/v2\/pages"}],"about":[{"href":"https:\/\/moverdb.com\/lv\/wp-json\/wp\/v2\/types\/page"}],"author":[{"embeddable":true,"href":"https:\/\/moverdb.com\/lv\/wp-json\/wp\/v2\/users\/1"}],"replies":[{"embeddable":true,"href":"https:\/\/moverdb.com\/lv\/wp-json\/wp\/v2\/comments?post=366"}],"version-history":[{"count":29,"href":"https:\/\/moverdb.com\/lv\/wp-json\/wp\/v2\/pages\/366\/revisions"}],"predecessor-version":[{"id":1342,"href":"https:\/\/moverdb.com\/lv\/wp-json\/wp\/v2\/pages\/366\/revisions\/1342"}],"wp:featuredmedia":[{"embeddable":true,"href":"https:\/\/moverdb.com\/lv\/wp-json\/wp\/v2\/media\/367"}],"wp:attachment":[{"href":"https:\/\/moverdb.com\/lv\/wp-json\/wp\/v2\/media?parent=366"}],"curies":[{"name":"wp","href":"https:\/\/api.w.org\/{rel}","templated":true}]}}