{"id":353,"date":"2016-05-22T20:42:36","date_gmt":"2016-05-22T20:42:36","guid":{"rendered":"http:\/\/moverdb.com\/?page_id=353"},"modified":"2026-01-08T15:20:35","modified_gmt":"2026-01-08T15:20:35","slug":"ritenu-novirzitajs","status":"publish","type":"page","link":"https:\/\/moverdb.com\/lv\/rim-promover\/","title":{"rendered":"RIM International ProMover sertifik\u0101cijas skaidrojums"},"content":{"rendered":"<p>Starptautiskais ProMover sertifik\u0101ts ir da\u013ca no Re\u0123istr\u0113to starptautisko p\u0101rved\u0113ju (RIM) programmas, ko izveidoja <a href=\"https:\/\/moverdb.com\/lv\/amsa\/\">Amerikas P\u0101rv\u0101k\u0161an\u0101s un uzglab\u0101\u0161anas asoci\u0101cija<\/a> (<a href=\"https:\/\/moverdb.com\/lv\/amsa\/\" data-internallinksmanager029f6b8e52c=\"5\" title=\"Amerikas P\u0101rv\u0101k\u0161an\u0101s un uzglab\u0101\u0161anas asoci\u0101cijas (AMSA) skaidrojums\">AMSA<\/a>). <\/p>\n<p>T\u0101 m\u0113r\u0137is ir pal\u012bdz\u0113t klientiem, kuri izmanto starptautiskos m\u0101jsaimniec\u012bbas pre\u010du p\u0101rvieto\u0161anas pakalpojumus, un t\u0101 ir paredz\u0113ta, lai atvieglotu izv\u0113li, padarot vienk\u0101r\u0161\u0101ku iesp\u0113ju diferenci\u0101ciju un pareiz\u0101 p\u0101rv\u0101c\u0113ja atra\u0161anu.<\/p>\n<p><strong>Svar\u012bg\u0101kie fakti par organiz\u0101ciju:<\/strong><\/p>\n<ol>\n<li> Vair\u0101k nek\u0101 200 uz\u0146\u0113mumiem un vair\u0101k nek\u0101 1000 priv\u0101tperson\u0101m \u0161obr\u012bd ir pie\u0161\u0137irts RIM korporat\u012bvais vai individu\u0101lais sertifik\u0101ts.<\/li>\n<li> Re\u0123istr\u0113ts starptautiskais p\u0101rv\u0101c\u0113js ir viens no AMSA administr\u0113to speci\u0101listu profesion\u0101lo sertifik\u0101tu kl\u0101sta.<\/li>\n<li> AMSA ir Amerikas p\u0101rcel\u0161an\u0101s un uzglab\u0101\u0161anas nozares nacion\u0101l\u0101 tirdzniec\u012bbas asoci\u0101cija. Tom\u0113r sertifik\u0101cijai ir glob\u0101ls m\u0113rogs, un tai var pieteikties uz\u0146\u0113mumi vis\u0101 pasaul\u0113.<\/li>\n<li> Re\u0123istr\u0113to starptautisko p\u0101rceltuvju programma ir izstr\u0101d\u0101ta, lai noteiktu univers\u0101lus standartus attiec\u012bb\u0101 uz <a href=\"https:\/\/moverdb.com\/lv\/moving-companies\/\" data-internallinksmanager029f6b8e52c=\"79\" title=\"Top 25 Starptautiskie p\u0101rcel\u0161an\u0101s uz\u0146\u0113mumi tie\u0161saist\u0113\">starptautiskie p\u0101rvieto\u0161an\u0101s uz\u0146\u0113mumi<\/a> un to darbiniekiem.<\/li>\n<li> RIM sertific\u0113ti uz\u0146\u0113mumi, kas atbilst ProMover pras\u012bb\u0101m, k\u013c\u016bs par \"International ProMovers\".<\/li>\n<li> RIM ir diezgan unik\u0101la, jo to 1994. gad\u0101 izveidoja p\u0101rst\u0101vji no <a href=\"https:\/\/moverdb.com\/lv\/hgfaa\/\">HHGFAA<\/a>, NMSA (AMSA), <a href=\"https:\/\/moverdb.com\/lv\/employee-relocation-council\/\" data-internallinksmanager029f6b8e52c=\"83\" title=\"Izskaidrots par darbinieku p\u0101rvieto\u0161anas padomi (ERC) vis\u0101 pasaul\u0113\">ERC<\/a>, OMNI, <a href=\"https:\/\/moverdb.com\/lv\/fidi-faim\/\">FIDI<\/a> un 10 liel\u0101kaj\u0101m furgonu p\u0101rvad\u0101jumu l\u012bnij\u0101m, kas ir gan pirc\u0113ju, gan konkur\u0113tsp\u0113j\u012bgu p\u0101rdev\u0113ju apvienojums.<\/li>\n<p><strong>RIM organiz\u0101cijas profils<\/strong><\/p>\n<p>Lai k\u013c\u016btu par RIM biedru, tiek r\u012bkotas stingras apm\u0101c\u012bbas, p\u0101rbaudes un testi, kuros galven\u0101 uzman\u012bba tiek piev\u0113rsta tam, vai ir ieviesti apr\u012bkojuma apstr\u0101des standarti un vai uz\u0146\u0113mumam ir resursi, lai starptautisku p\u0101rcel\u0161anos veiktu atbilsto\u0161i augstiem standartiem. <\/p>\n<p>ProMover sertifik\u0101ta ideja ir t\u0101da, ka tas tiek pie\u0161\u0137irts tikai tiem uz\u0146\u0113mumiem, kas var pier\u0101d\u012bt, ka tie iev\u0113ro visaugst\u0101kos \u0113tikas principus un praksi p\u0101rvieto\u0161anas un uzglab\u0101\u0161anas nozar\u0113. <\/p>\n<p>ProMover sertifik\u0101cija at\u0161\u0137iras ar to, ka t\u0101 nodro\u0161ina standartiz\u0113tu, neatkar\u012bgu veidu, k\u0101 klienti var at\u0161\u0137irt da\u017e\u0101das iesp\u0113jas un izv\u0113l\u0113ties kvalific\u0113tu uz\u0146\u0113mumu starptautiskai p\u0101rcel\u0161an\u0101s organiz\u0113\u0161anai neatkar\u012bgi no t\u0101, kur atrodas \u0161is uz\u0146\u0113mums.<\/p>\n<p><strong>Dal\u012bbas krit\u0113riji <\/strong><\/p>\n<ul>\n<li> Vismaz viena gada pieredze starptautisko m\u0101jsaimniec\u012bbas pre\u010du p\u0101rvieto\u0161anas pakalpojumu jom\u0101.<\/li>\n<li> Nep\u0101rtraukta dal\u012bba AMSA vismaz 18 m\u0113ne\u0161us.<\/li>\n<li> ir darb\u012bbas pilnvaras, kas nepiecie\u0161amas, lai likum\u012bgi veiktu uz\u0146\u0113m\u0113jdarb\u012bbu, neatkar\u012bgi no t\u0101, vai t\u0101s ir <a href=\"https:\/\/moverdb.com\/lv\/moving-to-the-united-states\/\" data-internallinksmanager029f6b8e52c=\"94\" title=\"P\u0101rce\u013caties uz Amerikas Savienotaj\u0101m Valst\u012bm? 2022 Dz\u012bves izmaksas un p\u0101rcel\u0161an\u0101s padomi\">ASV<\/a> vai citur.<\/li>\n<li> nok\u0101rtot rakstisku eks\u0101menu (individu\u0101li uz\u0146\u0113muma v\u0101rd\u0101).<\/li>\n<li> Atbilst RIM standartiem attiec\u012bb\u0101 uz apr\u012bkojumu, iek\u0101rt\u0101m un dro\u0161\u012bbas dokument\u0101ciju - tos p\u0101rbauda, veicot negaid\u012btus apmekl\u0113jumus uz vietas.<\/li>\n<li> Parakst\u012bties uz Starptautisko ProMover \u0113tikas kodeksu<\/li>\n<li> Lai veiktu atk\u0101rtotu sertifik\u0101ciju, j\u0101b\u016bt sertific\u0113tiem vismaz trim darbiniekiem (biroja darbiniekiem, iepako\u0161anas darbiniekiem vai apkalpes locek\u013ciem).<\/li>\n<li> BBB reitings \"C\" vai augst\u0101ks BBB v\u0113rt\u0113tajiem uz\u0146\u0113mumiem valst\u012bs, kur\u0101s ir pieejami BBB reitingi.<\/li>\n<li> AMSA darbinieku veikt\u0101 s\u016bdz\u012bbu izskat\u012b\u0161ana<\/li>\n<li> B\u016btiskas ir atsauksmes no sadarb\u012bbas partneriem<\/li>\n<\/ul>\n<p><strong>10 lab\u0101kie dal\u012bbfirmas uz\u0146\u0113mumi<\/strong> (p\u0113c lieluma)<\/p>\n<ol>\n<li> <a href=\"https:\/\/moverdb.com\/lv\/united-van-lines\/\">United Van Lines<\/a><\/li>\n<li> <a href=\"https:\/\/moverdb.com\/lv\/atlas-van-lines-international\/\">Atlas Van Lines International<\/a><\/li>\n<li> <a href=\"https:\/\/moverdb.com\/lv\/mayflower-transit\/\">Mayflower Transit<\/a><\/li>\n<li> <a href=\"https:\/\/moverdb.com\/lv\/north-american-van-lines\/\">North American Van Lines<\/a><\/li>\n<li> <a href=\"https:\/\/moverdb.com\/lv\/wheaton\/\">Wheaton World Wide Moving<\/a><\/li>\n<li> <a href=\"https:\/\/moverdb.com\/lv\/bekins-van-lines\/\">Bekins Van Lines<\/a><\/li>\n<li> <a href=\"https:\/\/moverdb.com\/lv\/graebel-van-lines\/\">Graebel Van Lines<\/a><\/li>\n<li> <a href=\"https:\/\/moverdb.com\/lv\/arpin-van-lines\/\">Arpin Van Lines<\/a><\/li>\n<li> <a href=\"https:\/\/moverdb.com\/lv\/stevens-worldwide-van-lines\/\">Stevens Worldwide Van Lines<\/a><\/li>\n<li> <a href=\"https:\/\/moverdb.com\/lv\/suddath\/\">Suddath<\/a><\/li>\n<li> <a href=\"https:\/\/moverdb.com\/lv\/vip-transport\/\">VIP transports<\/a><\/li>\n<li> <a href=\"https:\/\/moverdb.com\/lv\/royal-hawaiian-movers\/\">Royal Hawaiian Movers<\/a><\/li>\n<\/ol>\n<p><strong>Viedok\u013ci par organiz\u0101ciju<\/strong><\/p>\n<p>Vair\u0101ki p\u0101rv\u0101c\u0113ji sav\u0101s t\u012bmek\u013ca vietn\u0113s ir iek\u013c\u0101vu\u0161i RIM sertifik\u0101tu, un vair\u0101k\u0101s konsult\u0101ciju vietn\u0113s tas tiek min\u0113ts k\u0101 profesion\u0101las p\u0101rv\u0101k\u0161an\u0101s organiz\u0101cijas paz\u012bme. Katr\u0101 vietn\u0113, kur\u0101 tas ir iek\u013cauts, ir atsauce uz stingraj\u0101m apm\u0101c\u012bb\u0101m un p\u0101rbaud\u0113m, kas nepiecie\u0161amas, lai sertifik\u0101tu ieg\u016btu un saglab\u0101tu. <\/p>\n<p>Finan\u0161u stabilit\u0101te un augstas kvalit\u0101tes pakalpojumu snieg\u0161anas reput\u0101cija ir v\u0113l divas no \u012bpa\u0161\u012bb\u0101m, ko RIM sertifik\u0101tam pie\u0161\u0137ir p\u0101rvietot\u0101ji, kuri to nor\u0101da sav\u0101s t\u012bmek\u013ca vietn\u0113s. Liel\u0101k\u0101 da\u013ca uzsver, ka sertifik\u0101cija prasa nep\u0101rtrauktu darb\u012bbu - past\u0101v\u012bgu apm\u0101c\u012bbu un izgl\u012bto\u0161anu, k\u0101 ar\u012b sp\u0113ju iztur\u0113t izlases veida apmekl\u0113jumus uz vietas. <\/p>\n<p>Tiek min\u0113ts ar\u012b tas, ka ir j\u0101iev\u0113ro stingrs prakses kodekss.<\/p>\n<p>Vair\u0101ki p\u0101rv\u0101c\u0113ji nor\u0101da ar\u012b ProMover kvalifik\u0101ciju - tas ir svar\u012bgi, jo \"\u0161is sasniegums sniegs m\u016bsu klientiem p\u0101rliec\u012bbu, ka vi\u0146i sadarbojas ar likum\u012bgu, profesion\u0101lu p\u0101rv\u0101c\u0113ju, nevis nakts kr\u0101pnieku, kas v\u0113las vi\u0146us apkr\u0101pt. K\u013c\u016b\u0161ana par ProMover ir saska\u0146\u0101 ar m\u016bsu uz\u0146\u0113muma ilggad\u0113jo v\u0113sturi, kas paredz god\u012bgu un godpr\u0101t\u012bgu attieksmi pret klientiem.\" <\/p>\n<p>Tiek nor\u0101d\u012bts, ka kvalifik\u0101cija \u013cauj p\u0101rcel\u0161an\u0101s uz\u0146\u0113mumam rekl\u0101mas un m\u0101rketinga materi\u0101los, k\u0101 ar\u012b t\u012bmek\u013ca vietn\u0113 izvietot treknu logotipu ar lielo burtu \"M\", kas ir ProMover z\u012bme.<\/p>\n<p>K\u0101 to att\u0113lo p\u0101rvietot\u0101ji:<\/p>\n<blockquote><p>A\u0123ent\u016bras sertifik\u0101cija apliecina, ka a\u0123ent\u016brai ir pietiekams apr\u012bkojums, telpas un RIM\u00ae sertific\u0113ts person\u0101ls, lai izpild\u012btu minim\u0101los RIM\u00ae standartus. Turkl\u0101t tas paredz, ka galvenajam vai vado\u0161ajam darbiniekam ir j\u0101nok\u0101rto eks\u0101mens, pamatojoties uz RIM\u00ae rokasgr\u0101matu, un ka vi\u0146am\/vi\u0146ai ir zin\u0101\u0161anas, kas nepiecie\u0161amas, lai veiktu starptautiskus dar\u012bjumus. Turkl\u0101t tr\u012bs gadu laik\u0101 p\u0113c s\u0101kotn\u0113j\u0101s sertifik\u0101cijas RIM\u00ae sertific\u0113tam a\u0123entam ir j\u0101nodarbina RIM\u00ae sertific\u0113ts inspektors, koordinators un vismaz tr\u012bs sertific\u0113ti starptautiskie iepakot\u0101ji.<\/p><\/blockquote>\n<p> - <a href=\"http:\/\/www.castinemovers.com\/category\/RIM\/c70\" target=\"_blank\" rel=\"noopener\">Castine Movers<\/a><\/p>\n<blockquote><p>Re\u0123istr\u0113to starptautisko p\u0101rvad\u0101t\u0101ju (RIM) sertifik\u0101cija ir br\u012bvpr\u0101t\u012bga. Lai ieg\u016btu sertifik\u0101tu, p\u0101rcel\u0161an\u0101s uz\u0146\u0113mumam ir j\u0101iziet stingras apm\u0101c\u012bbas un p\u0101rbaudes. Sertifik\u0101cija nodro\u0161ina, ka t\u0101s \u012bpa\u0161nieks p\u0101rzina visus starptautisk\u0101s p\u0101rcel\u0161an\u0101s aspektus.<\/p><\/blockquote>\n<p> - <a href=\"http:\/\/www.newworldvanlines.com\/international.html\" target=\"_blank\" rel=\"noopener\">New World Van Lines<\/a><\/p>\n<blockquote><p>Lai saglab\u0101tu sertifik\u0101tu, vad\u012bbai un person\u0101lam tr\u012bs gadu laik\u0101 ir j\u0101apg\u016bst vismaz 15 stundas RIM apstiprin\u0101tas t\u0101l\u0101kizgl\u012bt\u012bbas un apm\u0101c\u012bbas, un ik p\u0113c trim gadiem ir j\u0101veic atk\u0101rtota uz\u0146\u0113muma iek\u0101rtu un apr\u012bkojuma p\u0101rbaude. L\u012bdz \u0161im RIM programmas s\u0101kotn\u0113jo posmu ir pabeigu\u0161i vair\u0101k nek\u0101 142 p\u0101rcel\u0161an\u0101s un uzglab\u0101\u0161anas uz\u0146\u0113mumi.<\/p><\/blockquote>\n<p> - <a href=\"http:\/\/www.movingscam.com\/articles\/planning-an-international-move\" target=\"_blank\" rel=\"noopener\">P\u0101rvieto\u0161an\u0101s kr\u0101p\u0161ana<\/a><\/p>\n<blockquote><p>Lai sa\u0146emtu RIM (Registered International Mover) programmas sertifik\u0101tu, ir j\u0101b\u016bt finansi\u0101li stabilam, ar reput\u0101ciju, kas nodro\u0161ina kvalitat\u012bvus pakalpojumus, un tam ir j\u0101piekr\u012bt stingram prakses kodeksam, kura m\u0113r\u0137is ir nodro\u0161in\u0101t j\u016bsu piln\u012bgu apmierin\u0101t\u012bbu.<\/p><\/blockquote>\n<p> - <a href=\"http:\/\/taylorinternational.ca\/international-moving-relocation\" target=\"_blank\" rel=\"noopener\">Taylor International Movers<\/a><\/p>","protected":false},"excerpt":{"rendered":"<p>The International ProMover certification is part of the Registered International Mover (RIM) program created by the American Moving &#038; Storage Association (AMSA). It is aimed to assist customers using international household goods relocation services and is intended to facilitate easier choices, making it simpler to differentiate between the options and find the right mover. Key [&hellip;]<\/p>\n","protected":false},"author":1,"featured_media":0,"parent":0,"menu_order":0,"comment_status":"closed","ping_status":"closed","template":"","meta":{"_genesis_hide_title":false,"_genesis_hide_breadcrumbs":false,"_genesis_hide_singular_image":false,"_genesis_hide_footer_widgets":false,"_genesis_custom_body_class":"","_genesis_custom_post_class":"","_genesis_layout":"","footnotes":""},"class_list":{"0":"post-353","1":"page","2":"type-page","3":"status-publish","5":"entry"},"_links":{"self":[{"href":"https:\/\/moverdb.com\/lv\/wp-json\/wp\/v2\/pages\/353","targetHints":{"allow":["GET"]}}],"collection":[{"href":"https:\/\/moverdb.com\/lv\/wp-json\/wp\/v2\/pages"}],"about":[{"href":"https:\/\/moverdb.com\/lv\/wp-json\/wp\/v2\/types\/page"}],"author":[{"embeddable":true,"href":"https:\/\/moverdb.com\/lv\/wp-json\/wp\/v2\/users\/1"}],"replies":[{"embeddable":true,"href":"https:\/\/moverdb.com\/lv\/wp-json\/wp\/v2\/comments?post=353"}],"version-history":[{"count":22,"href":"https:\/\/moverdb.com\/lv\/wp-json\/wp\/v2\/pages\/353\/revisions"}],"predecessor-version":[{"id":6232,"href":"https:\/\/moverdb.com\/lv\/wp-json\/wp\/v2\/pages\/353\/revisions\/6232"}],"wp:attachment":[{"href":"https:\/\/moverdb.com\/lv\/wp-json\/wp\/v2\/media?parent=353"}],"curies":[{"name":"wp","href":"https:\/\/api.w.org\/{rel}","templated":true}]}}