{"id":350,"date":"2016-05-22T20:57:46","date_gmt":"2016-05-22T20:57:46","guid":{"rendered":"http:\/\/moverdb.com\/?page_id=350"},"modified":"2026-01-08T15:20:55","modified_gmt":"2026-01-08T15:20:55","slug":"krasta-porteru-sabiedriba","status":"publish","type":"page","link":"https:\/\/moverdb.com\/lv\/shore-porters-society\/","title":{"rendered":"The Shore Porters Society International Moving &amp; Removals Atsauksmes"},"content":{"rendered":"<p>Shore Porters Society pied\u0101v\u0101 \u0161\u0101dus pakalpojumus cilv\u0113kiem, kas p\u0101rce\u013cas uz \u0101rzem\u0113m, re\u0123ion\u0101l\u0101 un viet\u0113j\u0101 m\u0113rog\u0101. \u0160eit ir ar\u012b uz\u0146\u0113muma profils un atsauksmes par pakalpojumiem.<\/p>\n<p><strong>Uz\u0146\u0113mumu un priv\u0101tpersonu p\u0101rcel\u0161an\u0101s uz \u0101rzem\u0113m<\/strong><\/p>\n<ul>\n<li> Apsekojums pirms p\u0101rcel\u0161an\u0101s<\/li>\n<li> Pakalpojums no durv\u012bm l\u012bdz durv\u012bm<\/li>\n<li> Oke\u0101na vai gaisa kravu p\u0101rvad\u0101jumi<\/li>\n<li> Da\u017e\u0101das iepako\u0161anas iesp\u0113jas<\/li>\n<li> Uzglab\u0101\u0161anas iesp\u0113jas<\/li>\n<li> Pal\u012bdz\u012bba saist\u012bb\u0101 ar galam\u0113r\u0137a valsts dokument\u0101ciju<\/li>\n<li> Padzi\u013cin\u0101tas zin\u0101\u0161anas par galam\u0113r\u0137a valsts noteikumiem un regul\u0113jumu.<\/li>\n<li> IT iek\u0101rtu atvieno\u0161ana un atk\u0101rtota piesl\u0113g\u0161ana galam\u0113r\u0137\u012b<\/li>\n<li> Apdro\u0161in\u0101\u0161ana<\/li>\n<\/ul>\n<p><strong>T\u0113lot\u0101jm\u0101ksla un senlietas<\/strong><\/p>\n<ul>\n<li> Speci\u0101listu zin\u0101\u0161anas par iepako\u0161anu un nos\u016bt\u012b\u0161anu<\/li>\n<li> Pavad\u012bt klientus pirk\u0161anas braucienos, lai nodro\u0161in\u0101tu pareizu iepako\u0161anu.<\/li>\n<li> Padomi par dokument\u0101ciju<\/li>\n<li> Muito\u0161ana galam\u0113r\u0137a valst\u012b<\/li>\n<\/ul>\n<p><strong>Uzglab\u0101\u0161ana<\/strong><\/p>\n<ul>\n<li> Konteineru glab\u0101\u0161ana<\/li>\n<li> Parast\u0101 uzglab\u0101\u0161ana<\/li>\n<li> Komerci\u0101l\u0101 uzglab\u0101\u0161ana<\/li>\n<li> Arh\u012bva glab\u0101\u0161ana<\/li>\n<li> Lock 'n' Leave - bezmaksas piek\u013cuve darba laik\u0101<\/li>\n<li> Crate noma<\/li>\n<li> Pale\u0161u uzglab\u0101\u0161ana<\/li>\n<\/ul>\n<p><strong>Viet\u0113jie p\u0101rv\u0101k\u0161an\u0101s<\/strong><\/p>\n<ul>\n<li> Pakalpojums no durv\u012bm l\u012bdz durv\u012bm<\/li>\n<li> Da\u017e\u0101das iepako\u0161anas iesp\u0113jas<\/li>\n<li> Apdro\u0161in\u0101\u0161ana organiz\u0113ta<\/li>\n<\/ul>\n<h2>The Shore Porters Society Uz\u0146\u0113muma profils<\/h2>\n<p>Krasta nes\u0113ju biedr\u012bba tika dibin\u0101ta 1498. gad\u0101, pirms vair\u0101k nek\u0101 500 gadiem. T\u0101 lepojas ar to, ka ir vec\u0101k\u0101 transporta komp\u0101nija pasaul\u0113, jo t\u0101s pirms\u0101kumi mekl\u0113jami nes\u0113ju kooperat\u012bv\u0101, kas str\u0101d\u0101ja Aberd\u012bnas ost\u0101. <\/p>\n<p>L\u012bdz 19. gadsimta vidum uz\u0146\u0113mums atrad\u0101s Aberd\u012bnas pils\u0113tas domes pasp\u0101rn\u0113. Tagad t\u0101 ir priv\u0101ta partner\u012bba, kas sniedz ar\u012b kravu p\u0101rvad\u0101\u0161anas, p\u0101rcel\u0161an\u0101s, \u012bpa\u0161uma un noliktavu pakalpojumus.<\/p>\n<p>Uz\u0146\u0113mumam ir 30 kravas automa\u0161\u012bnu un furgonu autoparks, kas darbojas Aberd\u012bn\u0101 un Ri\u010dmond\u0101 pie Temzas, un 11 noliktavas vis\u0101 pasaul\u0113. <a href=\"https:\/\/moverdb.com\/lv\/moving-to-the-uk\/\" data-internallinksmanager029f6b8e52c=\"93\" title=\"P\u0101rce\u013caties uz Apvienoto Karalisti? 2022 Dz\u012bves izmaksas un p\u0101rcel\u0161an\u0101s padomi\">APVIENOT\u0100 KARALISTE<\/a>. <\/p>\n<p>Uz\u0146\u0113mumam ir labas attiec\u012bbas ar liel\u0101kajiem izso\u013cu namiem vis\u0101 pasaul\u0113, un tas lepojas ar savu kompetenci m\u0101kslas un antikv\u0101ro priek\u0161metu s\u016bt\u012bjumu jom\u0101.<\/p>\n<p>Zem\u0101k ir sniegts The Shore Porters Society akredit\u0101ciju un pieder\u012bbas saraksts:<\/p>\n<ul>\n<li> <a href=\"https:\/\/moverdb.com\/lv\/britu-iznemeju-asociacija\/\">Lielbrit\u0101nijas P\u0101rv\u0101c\u0113ju asoci\u0101cija (BAR)<\/a><\/li>\n<li> Finan\u0161u saist\u012bbas ar <a href=\"https:\/\/moverdb.com\/lv\/bars-arvalstis\/\">BAR Overseas Group<\/a><\/li>\n<li> <a href=\"https:\/\/moverdb.com\/lv\/fidi-faim\/\">FIDI<\/a><\/li>\n<li> <a href=\"https:\/\/moverdb.com\/lv\/esmu\/\">Starptautisk\u0101 P\u0101rv\u0101c\u0113ju asoci\u0101cija (IAM)<\/a><\/li>\n<li> Kvalit\u0101tes sist\u0113mas sertifik\u0101cija ISO9001<\/li>\n<li> <a href=\"https:\/\/moverdb.com\/lv\/kravu-parvadajumu-transporta-asociacija\/\">FTA loceklis<\/a><\/li>\n<\/ul>\n<h2>The Shore Porters Society Atsauksmes<\/h2>\n<p>L\u016bdzu, \u0146emiet v\u0113r\u0101, ka p\u0113d\u0113jo 12 m\u0113ne\u0161u laik\u0101 tie\u0161saist\u0113 nav public\u0113tas jaunas atsauksmes par The Shore Porters Society.<\/p>\n<div itemprop=\"review\" itemscope itemtype=\"http:\/\/schema.org\/Review\">\n<span itemprop=\"author\" itemscope=\"\" itemtype=\"http:\/\/schema.org\/Organization\"><span itemprop=\"name\">MoverDB.com<\/span><\/span> Tie\u0161saistes vietnes p\u0101rskats par <span itemprop=\"itemreviewed\" itemscope=\"\" itemtype=\"http:\/\/schema.org\/Brand\"><span itemprop=\"name\">Krasta nes\u0113ju biedr\u012bba<\/span><\/span>:<\/p>\n<ol>\n<li> Skaidra kontaktinform\u0101cija t\u012bmek\u013ca vietn\u0113 (tostarp t\u0101lru\u0146a numurs): <strong>J\u0101<\/strong><\/li>\n<li> Viegli ieg\u016bt <a href=\"https:\/\/moverdb.com\/lv\/citati\/\">starptautiskie p\u0101rv\u0101k\u0161an\u0101s cit\u0101ti<\/a>? (Tie\u0161saistes t\u0101mes piepras\u012bjuma veidlapa): <strong>J\u0101<\/strong><\/li>\n<li> Skaidra inform\u0101cija t\u012bmek\u013ca vietn\u0113: <strong>Da\u013c\u0113js<\/strong>. T\u012bmek\u013ca vietn\u0113 ir sniegta neskaidra inform\u0101cija, kur\u0101 ir l\u016bgums sazin\u0101ties ar uz\u0146\u0113mumu, lai ieg\u016btu s\u012bk\u0101ku inform\u0101ciju.<\/li>\n<li> Dal\u012bba starptautiski atz\u012bt\u0101s kust\u012bbu organiz\u0101cij\u0101s: <strong>J\u0101<\/strong>skat\u012bt iepriek\u0161.<\/li>\n<li> Klientu saraksts un\/vai iepriek\u0161\u0113jo klientu atsauksmes: <strong>N\u0113.<\/strong><\/li>\n<\/ol>\n<div itemprop=\"reviewRating\" itemscope itemtype=\"http:\/\/schema.org\/Rating\"><meta itemprop=\"worstRating\" content = \"0\" \/><meta itemprop=\"bestRating\" content=\"5\" \/><meta itemprop=\"ratingValue\" content=\"4\"><\/div>\n<p><strong>Kop\u0113jais v\u0113rt\u0113jums: 4\/5<\/strong><br \/>\n<strong>P\u0101rskata datums:<\/strong> <span itemprop=\"datePublished\" content=\"2016-05-22\">22\/05\/2016<\/span><\/p>\n<\/div>\n<p>Vair\u0101k par <a href=\"https:\/\/moverdb.com\/lv\/starptautiskie-parvaksanas-darbi\/\">Apvienot\u0101s Karalistes p\u0101rcel\u0161an\u0101s uz\u0146\u0113mumi<\/a> un m\u016bsu <a href=\"https:\/\/moverdb.com\/lv\/atsauksmes\/\">izskaidrots p\u0101rskat\u012b\u0161anas process<\/a>.<\/p>\n<p><strong>T\u012bmek\u013ca vietne:<\/strong> <a href=\"https:\/\/www.shoreporters.com\/\" target=\"_blank\" rel=\"noopener\">https:\/\/www.shoreporters.com<\/a><\/p>","protected":false},"excerpt":{"rendered":"<p>The Shore Porters Society offers the following services for people moving abroad, regionally and locally. There is also a company profile and service reviews to peruse. Corporate and Personal Moves Abroad Pre-Move survey Door to door service Ocean or Air Freight Various packing options Storage options Assistance with documentation for destination country In depth knowledge [&hellip;]<\/p>\n","protected":false},"author":1,"featured_media":0,"parent":0,"menu_order":0,"comment_status":"closed","ping_status":"closed","template":"","meta":{"_genesis_hide_title":false,"_genesis_hide_breadcrumbs":false,"_genesis_hide_singular_image":false,"_genesis_hide_footer_widgets":false,"_genesis_custom_body_class":"","_genesis_custom_post_class":"","_genesis_layout":"","footnotes":""},"class_list":{"0":"post-350","1":"page","2":"type-page","3":"status-publish","5":"entry"},"_links":{"self":[{"href":"https:\/\/moverdb.com\/lv\/wp-json\/wp\/v2\/pages\/350","targetHints":{"allow":["GET"]}}],"collection":[{"href":"https:\/\/moverdb.com\/lv\/wp-json\/wp\/v2\/pages"}],"about":[{"href":"https:\/\/moverdb.com\/lv\/wp-json\/wp\/v2\/types\/page"}],"author":[{"embeddable":true,"href":"https:\/\/moverdb.com\/lv\/wp-json\/wp\/v2\/users\/1"}],"replies":[{"embeddable":true,"href":"https:\/\/moverdb.com\/lv\/wp-json\/wp\/v2\/comments?post=350"}],"version-history":[{"count":12,"href":"https:\/\/moverdb.com\/lv\/wp-json\/wp\/v2\/pages\/350\/revisions"}],"predecessor-version":[{"id":6246,"href":"https:\/\/moverdb.com\/lv\/wp-json\/wp\/v2\/pages\/350\/revisions\/6246"}],"wp:attachment":[{"href":"https:\/\/moverdb.com\/lv\/wp-json\/wp\/v2\/media?parent=350"}],"curies":[{"name":"wp","href":"https:\/\/api.w.org\/{rel}","templated":true}]}}