{"id":349,"date":"2016-05-22T20:51:02","date_gmt":"2016-05-22T20:51:02","guid":{"rendered":"http:\/\/moverdb.com\/?page_id=349"},"modified":"2026-01-08T15:20:48","modified_gmt":"2026-01-08T15:20:48","slug":"komanda-parvietosanas","status":"publish","type":"page","link":"https:\/\/moverdb.com\/lv\/team-relocations\/","title":{"rendered":"Team Relocations International Moving &amp; Removals Atsauksmes"},"content":{"rendered":"<p>Team Relocations pied\u0101v\u0101 \u0161\u0101dus p\u0101rcel\u0161an\u0101s pakalpojumus priv\u0101tperson\u0101m un uz\u0146\u0113mumiem, kas p\u0101rvieto person\u0101lu vai veselus birojus uz \u0101rzem\u0113m. Izlasiet Team Locations uz\u0146\u0113muma profilu un atsauksmes zem\u0101k.<\/p>\n<p><strong>Personu un uz\u0146\u0113mumu p\u0101rv\u0101k\u0161an\u0101s<\/strong><\/p>\n<ul>\n<li> Konsult\u0101ciju pakalpojums, kas pied\u0101v\u0101 individu\u0101lus risin\u0101jumus p\u0101rvieto\u0161anai<\/li>\n<li> Strat\u0113\u0123isk\u0101 p\u0101rvieto\u0161anas p\u0101rvald\u012bba<\/li>\n<li> Uzlabot\u0101 webZone tehnolo\u0123ija<\/li>\n<li> Iepako\u0161ana un nos\u016bt\u012b\u0161ana<\/li>\n<li> Apdro\u0161in\u0101\u0161ana organiz\u0113ta<\/li>\n<\/ul>\n<p><strong>\u012apa\u0161uma pakalpojumi<\/strong><\/p>\n<ul>\n<li> Mekl\u0113\u0161ana<\/li>\n<li> \u012ares l\u012bgumu p\u0101rrunas un atjauno\u0161ana<\/li>\n<li> Invent\u0101ra p\u0101rbaude\/izve\u0161ana<\/li>\n<li> M\u0113be\u013cu un iek\u0101rtu noma<\/li>\n<li> Pagaidu izmitin\u0101\u0161ana<\/li>\n<li> Izbrauk\u0161anas programmas<\/li>\n<li> M\u0101jas p\u0101rdo\u0161anas p\u0101rvald\u012bba<\/li>\n<li> \u012apa\u0161uma p\u0101rvald\u012bba <\/li>\n<li> Garant\u0113t\u0101 m\u0101jok\u013ca p\u0101rdo\u0161anas programma<\/li>\n<\/ul>\n<p><strong>Iek\u0101rto\u0161an\u0101s<\/strong><\/p>\n<ul>\n<li> Orient\u0113\u0161an\u0101s<\/li>\n<li> Inform\u0101cija par galam\u0113r\u0137i<\/li>\n<li> Informat\u012bvie semin\u0101ri par kult\u016bru<\/li>\n<li> Valodu apm\u0101c\u012bba<\/li>\n<li> P\u0101rvieto\u0161anas p\u0101rvald\u012bba<\/li>\n<li> Meistara\/kalpot\u0101jas pakalpojumi<\/li>\n<\/ul>\n<p><strong>\u0122imenes programmas<\/strong><\/p>\n<ul>\n<li> Izgl\u012bt\u012bbas p\u0113tniec\u012bba un re\u0123istr\u0101cija<\/li>\n<li> M\u0101jdz\u012bvnieku p\u0101rvieto\u0161ana<\/li>\n<li> Partneru atbalsts<\/li>\n<\/ul>\n<p><strong>Uzglab\u0101\u0161anas pakalpojumi<\/strong><\/p>\n<ul>\n<li> Specializ\u0113t\u0101 uzglab\u0101\u0161ana<\/li>\n<li> Arh\u012bvs un dokumentu glab\u0101\u0161ana<\/li>\n<li> Tradicion\u0101l\u0101 uzglab\u0101\u0161ana<\/li>\n<\/ul>\n<p><strong>Speci\u0101listu pakalpojumi<\/strong><\/p>\n<ul>\n<li> Glob\u0101l\u0101 p\u0101rve\u0161ana priv\u0101tajam kravas nos\u016bt\u012bt\u0101jam<\/li>\n<li> Komerci\u0101lo un biroju p\u0101rcel\u0161an\u0101s un p\u0101rvieto\u0161ana<\/li>\n<li> Slimn\u012bcas p\u0101rcel\u0161an\u0101s<\/li>\n<li> Uzglab\u0101\u0161ana m\u0101jsaimniec\u012bb\u0101<\/li>\n<li> Dokumentu un arh\u012bvu glab\u0101\u0161ana<\/li>\n<\/ul>\n<p><strong>Papildu pakalpojumi<\/strong><\/p>\n<ul>\n<li> K\u0101p\u0146u pac\u0113l\u0101ji apgr\u016btin\u0101tai piek\u013cuvei<\/li>\n<li> M\u0101kslas un antikvari\u0101ta priek\u0161metu iepako\u0161ana<\/li>\n<li> Elektri\u0137a pakalpojumi, tostarp<\/li>\n<li> Kontaktdak\u0161u mai\u0146a, lai piel\u0101gotu viet\u0113j\u0101m rozet\u0113m<\/li>\n<li> Lampu un ier\u012b\u010du p\u0101rinstal\u0113\u0161ana<\/li>\n<li> Transformatoru nodro\u0161in\u0101\u0161ana<\/li>\n<li> Rokdarbnieks<\/li>\n<li> Kalpot\u0101jas pakalpojumi<\/li>\n<li> Klavieru regul\u0113\u0161ana<\/li>\n<li> Satel\u012btantenu uzst\u0101d\u012b\u0161ana\/no\u0146em\u0161ana<\/li>\n<li> Uzkop\u0161anas komandas<\/li>\n<li> Sav\u0101k\u0161ana no biroja<\/li>\n<li> Labdar\u012bbas kastes<\/li>\n<li> <a href=\"https:\/\/moverdb.com\/lv\/auto-transporta-nosutisana\/\">Transportl\u012bdzek\u013cu nos\u016bt\u012b\u0161ana<\/a> un uzglab\u0101\u0161ana<\/li>\n<\/ul>\n<h2>Team Relocation Uz\u0146\u0113muma profils<\/h2>\n<p>Uz\u0146\u0113mums Team Relocation tika dibin\u0101ts 1977. gad\u0101 un \u0161obr\u012bd ir viens no liel\u0101kajiem p\u0101rvieto\u0161anas un <a href=\"https:\/\/moverdb.com\/lv\/international-removals\/\" data-internallinksmanager029f6b8e52c=\"27\" title=\"36 Lab\u0101kie starptautisko p\u0101rvad\u0101jumu uz\u0146\u0113mumi Apvienotaj\u0101 Karalist\u0113\">p\u0101rv\u0101k\u0161an\u0101s uz\u0146\u0113mumi<\/a> pasaul\u0113. Team Location ir biroji 13 valst\u012bs, un daudzas iev\u0113rojamas priv\u0101tpersonas, starptautiski uz\u0146\u0113mumi un valsts a\u0123ent\u016bras izmanto uz\u0146\u0113muma pakalpojumus darbinieku un uz\u0146\u0113mumu p\u0101rvieto\u0161anai uz \u0101rzem\u0113m un re\u0123ioniem. <\/p>\n<p>Team Relocation sadarbosies tikai ar partneriem, kuriem ir t\u0101das pa\u0161as pamatv\u0113rt\u012bbas k\u0101 vi\u0146iem, tostarp izcil\u012bba, god\u012bgums, atbild\u012bba un dro\u0161\u012bba. Uz\u0146\u0113mums koncentr\u0113jas uz p\u0101rcel\u0161an\u0101s, p\u0101rv\u0101k\u0161an\u0101s un speci\u0101listu pakalpojumiem. <\/p>\n<p>Uz\u0146\u0113mums ir p\u0101rliecin\u0101ts ar\u012b par starptautiskaj\u0101m cilv\u0113kties\u012bb\u0101m un atbalsta daudzas labdar\u012bbas organiz\u0101cijas vis\u0101 pasaul\u0113.<\/p>\n<p>Turpm\u0101k ir uzskait\u012btas komandas atra\u0161an\u0101s vietas akredit\u0101cijas un pieder\u012bbas:<\/p>\n<ul>\n<li> <a href=\"https:\/\/moverdb.com\/lv\/britu-iznemeju-asociacija\/\">Lielbrit\u0101nijas P\u0101rv\u0101c\u0113ju asoci\u0101cija (BAR)<\/a><\/li>\n<li> DBA<\/li>\n<li> Port\u0101ls <a href=\"https:\/\/moverdb.com\/lv\/mtc\/\">P\u0101rvietot\u0101ji Trading Club<\/a> (<a href=\"https:\/\/moverdb.com\/lv\/mtc\/\" data-internallinksmanager029f6b8e52c=\"30\" title=\"Movers Trading Club (MTC) Paskaidrots\">MTC<\/a>)<\/li>\n<li> <a href=\"https:\/\/moverdb.com\/lv\/fidi-faim\/\">FAIM<\/a><\/li>\n<li> <a href=\"https:\/\/moverdb.com\/lv\/fidi-faim\/\">FIDI<\/a><\/li>\n<li> Pasaules mobilit\u0101tes asoci\u0101cija <\/li>\n<li> <a href=\"https:\/\/moverdb.com\/lv\/esmu\/\">Starptautisk\u0101 P\u0101rv\u0101c\u0113ju asoci\u0101cija (IAM)<\/a><\/li>\n<li> OMNI<\/li>\n<\/ul>\n<h2>Komandas p\u0101rcel\u0161an\u0101s atsauksmes<\/h2>\n<p><em>\u0160obr\u012bd mums neizdev\u0101s atrast nevienu atsauksmi par Team Relocations, kas b\u016btu public\u0113ta citur tie\u0161saist\u0113.<\/em><\/p>\n<div itemprop=\"review\" itemscope itemtype=\"http:\/\/schema.org\/Review\">\n<span itemprop=\"author\" itemscope=\"\" itemtype=\"http:\/\/schema.org\/Organization\"><span itemprop=\"name\">MoverDB.com<\/span><\/span> Tie\u0161saistes vietnes p\u0101rskats par <span itemprop=\"itemreviewed\" itemscope=\"\" itemtype=\"http:\/\/schema.org\/Brand\"><span itemprop=\"name\">Komandas p\u0101rvieto\u0161ana<\/span><\/span>:<\/p>\n<ol>\n<li> Skaidra kontaktinform\u0101cija t\u012bmek\u013ca vietn\u0113 (tostarp t\u0101lru\u0146a numurs): <strong>J\u0101<\/strong><\/li>\n<li> Viegli ieg\u016bt <a href=\"https:\/\/moverdb.com\/lv\/citati\/\">starptautiskie p\u0101rv\u0101k\u0161an\u0101s cit\u0101ti<\/a>? (Tie\u0161saistes t\u0101mes piepras\u012bjuma veidlapa): <strong>J\u0101<\/strong><\/li>\n<li> Skaidra inform\u0101cija t\u012bmek\u013ca vietn\u0113: <strong>J\u0101<\/strong>. Informat\u012bva t\u012bmek\u013ca vietne, ta\u010du s\u012bk\u0101ka inform\u0101cija ir j\u0101sa\u0146em tie\u0161i no uz\u0146\u0113muma.<\/li>\n<li> Dal\u012bba starptautiski atz\u012bt\u0101s kust\u012bbu organiz\u0101cij\u0101s: <strong>J\u0101<\/strong>skat\u012bt iepriek\u0161.<\/li>\n<li> Klientu saraksts un\/vai iepriek\u0161\u0113jo klientu atsauksmes: <strong>N\u0113.<\/strong><\/li>\n<\/ol>\n<div itemprop=\"reviewRating\" itemscope itemtype=\"http:\/\/schema.org\/Rating\"><meta itemprop=\"worstRating\" content = \"0\" \/><meta itemprop=\"bestRating\" content=\"5\" \/><meta itemprop=\"ratingValue\" content=\"4\"><\/div>\n<p><strong>Kop\u0113jais v\u0113rt\u0113jums: 4\/5<\/strong><br \/>\n<strong>P\u0101rskata datums:<\/strong> <span itemprop=\"datePublished\" content=\"2016-05-22\">22\/05\/2016<\/span><\/p>\n<\/div>\n<p>Vair\u0101k par <a href=\"https:\/\/moverdb.com\/lv\/parvietojas-uznemumi\/\">starptautiskie p\u0101rvieto\u0161an\u0101s uz\u0146\u0113mumi<\/a> un m\u016bsu <a href=\"https:\/\/moverdb.com\/lv\/atsauksmes\/\">izskaidrots p\u0101rskat\u012b\u0161anas process<\/a>.<\/p>\n<p><strong>T\u012bmek\u013ca vietne:<\/strong> <a href=\"http:\/\/www.teamrelocations.com\/\" target=\"_blank\" rel=\"noopener\">http:\/\/www.teamrelocations.com<\/a><\/p>","protected":false},"excerpt":{"rendered":"<p>Team Relocations offers the following moving services for individuals and corporates moving personnel or whole offices abroad. Read Team Locations&#8217; company profile and reviews below. Personal and Corporate Moves Consultancy service offering individual solutions to moving Strategic relocation management Advanced webZone technology Packing and shipping Insurance arranged Property Services Home Search Tenancy Negotiations &#038; Renewals [&hellip;]<\/p>\n","protected":false},"author":1,"featured_media":0,"parent":0,"menu_order":0,"comment_status":"closed","ping_status":"closed","template":"","meta":{"_genesis_hide_title":false,"_genesis_hide_breadcrumbs":false,"_genesis_hide_singular_image":false,"_genesis_hide_footer_widgets":false,"_genesis_custom_body_class":"","_genesis_custom_post_class":"","_genesis_layout":"","footnotes":""},"class_list":{"0":"post-349","1":"page","2":"type-page","3":"status-publish","5":"entry"},"_links":{"self":[{"href":"https:\/\/moverdb.com\/lv\/wp-json\/wp\/v2\/pages\/349","targetHints":{"allow":["GET"]}}],"collection":[{"href":"https:\/\/moverdb.com\/lv\/wp-json\/wp\/v2\/pages"}],"about":[{"href":"https:\/\/moverdb.com\/lv\/wp-json\/wp\/v2\/types\/page"}],"author":[{"embeddable":true,"href":"https:\/\/moverdb.com\/lv\/wp-json\/wp\/v2\/users\/1"}],"replies":[{"embeddable":true,"href":"https:\/\/moverdb.com\/lv\/wp-json\/wp\/v2\/comments?post=349"}],"version-history":[{"count":12,"href":"https:\/\/moverdb.com\/lv\/wp-json\/wp\/v2\/pages\/349\/revisions"}],"predecessor-version":[{"id":6243,"href":"https:\/\/moverdb.com\/lv\/wp-json\/wp\/v2\/pages\/349\/revisions\/6243"}],"wp:attachment":[{"href":"https:\/\/moverdb.com\/lv\/wp-json\/wp\/v2\/media?parent=349"}],"curies":[{"name":"wp","href":"https:\/\/api.w.org\/{rel}","templated":true}]}}