{"id":348,"date":"2016-05-22T19:54:24","date_gmt":"2016-05-22T19:54:24","guid":{"rendered":"http:\/\/moverdb.com\/?page_id=348"},"modified":"2026-01-08T15:20:45","modified_gmt":"2026-01-08T15:20:45","slug":"sterling-relocation","status":"publish","type":"page","link":"https:\/\/moverdb.com\/lv\/sterling-relocation\/","title":{"rendered":"Sterling Relocation International Moving &amp; Removals Atsauksmes"},"content":{"rendered":"<p>Sterling pied\u0101v\u0101 starptautiskiem darba dev\u0113jiem vienk\u0101r\u0161u veidu, k\u0101 p\u0101rvietot darbiniekus vis\u0101 pasaul\u0113. Turpm\u0101k ir uzskait\u012bti uz\u0146\u0113muma pakalpojumi, k\u0101 ar\u012b klientu atsauksmes un uz\u0146\u0113muma profils.<\/p>\n<p><strong>P\u0101rcel\u0161an\u0101s pakalpojumi<\/strong><\/p>\n<ul>\n<li> Uzdevumu p\u0101rvald\u012bba<\/li>\n<li> Starpkult\u016bru apm\u0101c\u012bba<\/li>\n<li> Izbrauk\u0161anas pakalpojumi<\/li>\n<li> Pal\u012bdz\u012bba izgl\u012bt\u012bbas jom\u0101<\/li>\n<li> Izdevumu p\u0101rvald\u012bba<\/li>\n<li> M\u0113be\u013cu noma<\/li>\n<li> Garant\u0113ta m\u0101jas p\u0101rdo\u0161ana<\/li>\n<li> M\u0101jas mekl\u0113\u0161anas pakalpojums<\/li>\n<li> Imigr\u0101cija, v\u012bzas un darba at\u013caujas<\/li>\n<li> Valodu apm\u0101c\u012bba<\/li>\n<li> P\u0101rvieto\u0161anas p\u0101rvald\u012bba<\/li>\n<li> P\u0101rcel\u0161an\u0101s pakalpojumi<\/li>\n<li> Orient\u0113\u0161an\u0101s<\/li>\n<li> Partneru pal\u012bdz\u012bba<\/li>\n<li> Politikas apsprie\u0161ana<\/li>\n<li> \u012apa\u0161uma p\u0101rvald\u012bba<\/li>\n<li> Iek\u0101rto\u0161an\u0101s pakalpojumi<\/li>\n<li> \u012astermi\u0146a izmitin\u0101\u0161ana<\/li>\n<li> Uzglab\u0101\u0161ana<\/li>\n<li> \u012ares p\u0101rvald\u012bba<\/li>\n<li> Tranz\u012bta v\u0101ks<\/li>\n<\/ul>\n<h2>Sterling Relocation Uz\u0146\u0113muma profils<\/h2>\n<p>Uz\u0146\u0113mums Sterling Relocation tika dibin\u0101ts 1991. gad\u0101, lai k\u013c\u016btu par vado\u0161o glob\u0101lo p\u0101rcel\u0161an\u0101s pakalpojumu sniedz\u0113ju korporat\u012bvaj\u0101 pasaul\u0113. Tas pieder UniGroup, $1,7 miljardu v\u0113rtam uz\u0146\u0113mumam, kas nodarbojas ar cilv\u0113ku p\u0101rvieto\u0161anu jau vair\u0101k nek\u0101 80 gadus. <\/p>\n<p>UniGroup P\u0101rcel\u0161an\u0101s t\u012bkls darbojas vair\u0101k nek\u0101 180 valst\u012bs, izmantojot 1200 pakalpojumu centru.<\/p>\n<p>Daudzi Sterling Relocation darbinieki ir dz\u012bvoju\u0161i \u0101rzem\u0113s, t\u0101p\u0113c saprot probl\u0113mas, ar kur\u0101m saskaras darbinieki un vi\u0146u \u0123imenes, p\u0101rce\u013coties uz \u0101rzem\u0113m. Katrs klients str\u0101d\u0101 tie\u0161i ar vienu darbinieku, kur\u0161 nodro\u0161ina, lai visi p\u0101rcel\u0161an\u0101s aspekti norit\u0113tu raiti. <\/p>\n<p>2015. gad\u0101 99,63% no Sterling Relocation klientiem bija apmierin\u0101ti ar savu p\u0101rcel\u0161anos.<\/p>\n<p>Sterling Relocation apgalvo, ka vi\u0146u v\u0113rt\u012bbas, misija un v\u012bzija ietver aizrau\u0161anos ar savu nozari, god\u012bgumu vis\u0101s jom\u0101s, r\u016bpes par klientiem un person\u0101lu, k\u0101 ar\u012b vislab\u0101ko iesp\u0113jamo pakalpojumu snieg\u0161anu.<\/p>\n<p>Sterling Relocation akredit\u0101ciju un asoci\u0101ciju saraksts:<\/p>\n<ul>\n<li> <a href=\"https:\/\/moverdb.com\/lv\/fidi-faim\/\">Starptautisko P\u0101rv\u0101c\u0113ju feder\u0101cija<\/a> (<a href=\"https:\/\/moverdb.com\/lv\/fidi-faim\/\" data-internallinksmanager029f6b8e52c=\"16\" title=\"FIDI un FAIM (FIDI akredit\u0113tais starptautiskais p\u0101rvietot\u0101js) skaidrojums\">FIDI<\/a>)<\/li>\n<li> <a href=\"https:\/\/moverdb.com\/lv\/association-relocation-professionals\/\">P\u0101rcel\u0161an\u0101s profesion\u0101\u013cu asoci\u0101cija<\/a> (<a href=\"https:\/\/moverdb.com\/lv\/association-relocation-professionals\/\" data-internallinksmanager029f6b8e52c=\"6\" title=\"P\u0101rcel\u0161an\u0101s profesion\u0101\u013cu asoci\u0101cijas (ARP) skaidrojumi\">ARP<\/a>)<\/li>\n<li> <a href=\"https:\/\/moverdb.com\/lv\/darbinieku-parcelsanas-padome\/\">Darbinieku p\u0101rvieto\u0161anas padome - ERC vis\u0101 pasaul\u0113<\/a><\/li>\n<li> <a href=\"https:\/\/moverdb.com\/lv\/eiro\/\">Eiropas P\u0101rcel\u0161an\u0101s asoci\u0101cija<\/a> (<a href=\"https:\/\/moverdb.com\/lv\/eura\/\" data-internallinksmanager029f6b8e52c=\"13\" title=\"Eiropas P\u0101rcel\u0161an\u0101s asoci\u0101cijas (EuRA) skaidrojumi\">EuRA<\/a>)<\/li>\n<li> Overseas Moving Network International (OMNI)<\/li>\n<li> <a href=\"https:\/\/moverdb.com\/lv\/esmu\/\">Starptautisk\u0101 P\u0101rv\u0101c\u0113ju asoci\u0101cija (IAM)<\/a><\/li>\n<li> <a href=\"https:\/\/moverdb.com\/lv\/lacma\/\">Lat\u012b\u0146amerikas un Kar\u012bbu j\u016bras re\u0123iona valstu P\u0101rv\u0101c\u0113ju asoci\u0101cija<\/a> (<a href=\"https:\/\/moverdb.com\/lv\/lacma\/\" data-internallinksmanager029f6b8e52c=\"28\" title=\"Lat\u012b\u0146amerikas un Kar\u012bbu j\u016bras re\u0123iona valstu Starptautisko P\u0101rv\u0101c\u0113ju asoci\u0101cija (LACMA)\">LACMA<\/a>)<\/li>\n<li> <a href=\"https:\/\/moverdb.com\/lv\/britu-iznemeju-asociacija\/\">Lielbrit\u0101nijas P\u0101rv\u0101c\u0113ju asoci\u0101cija (BAR)<\/a><\/li>\n<\/ul>\n<h2>Sterling Relocation Atsauksmes<\/h2>\n<p><strong>Pozit\u012bvs<\/strong><\/p>\n<p><em>\"Sterlin mani ir aizkustin\u0101jis no <a href=\"https:\/\/moverdb.com\/lv\/moving-to-london\/\">Londona<\/a> uz <a href=\"https:\/\/moverdb.com\/lv\/moving-to-switzerland\/\" data-internallinksmanager029f6b8e52c=\"327\" title=\"P\u0101rcel\u0161an\u0101s uz \u0160veici? 2023 Dz\u012bves izmaksas un p\u0101rcel\u0161an\u0101s padomi\">\u0160veice<\/a> pirms da\u017eiem gadiem uz\u0146\u0113muma p\u0101rcel\u0161an\u0101s laik\u0101. T\u0101 k\u0101 p\u0113c tam esmu p\u0101rdz\u012bvojis vair\u0101kus p\u0101rv\u0101k\u0161an\u0101s gad\u012bjumus, tagad j\u016btos sp\u0113j\u012bgs tos nov\u0113rt\u0113t. Un man j\u0101saka, ka vi\u0146i organiz\u0113ja vienk\u0101r\u0161i lab\u0101ko p\u0101rv\u0101k\u0161anos, k\u0101da man ir bijusi.\"<\/em> - p\u0101rskats <a href=\"http:\/\/www.yelp.co.uk\/biz\/sterling-corporate-relocation-london\" target=\"_blank\" rel=\"noopener\">caur Yelp<\/a><\/p>\n<p><strong>Negat\u012bvs<\/strong><\/p>\n<p><em>M\u0113s nevar\u0113j\u0101m atrast negat\u012bvas atsauksmes par Sterling Relocation tie\u0161saist\u0113<\/em><\/p>\n<div itemprop=\"review\" itemscope itemtype=\"http:\/\/schema.org\/Review\">\n<span itemprop=\"author\" itemscope=\"\" itemtype=\"http:\/\/schema.org\/Organization\"><span itemprop=\"name\">MoverDB.com<\/span><\/span> Tie\u0161saistes vietnes p\u0101rskats par <span itemprop=\"itemreviewed\" itemscope=\"\" itemtype=\"http:\/\/schema.org\/Brand\"><span itemprop=\"name\">Sterling Relocation<\/span><\/span>:<\/p>\n<ol>\n<li> Skaidra kontaktinform\u0101cija t\u012bmek\u013ca vietn\u0113 (tostarp t\u0101lru\u0146a numurs): <strong>J\u0101<\/strong><\/li>\n<li> Viegli ieg\u016bt <a href=\"https:\/\/moverdb.com\/lv\/citati\/\">starptautiskie p\u0101rv\u0101k\u0161an\u0101s cit\u0101ti<\/a>? (Tie\u0161saistes t\u0101mes piepras\u012bjuma veidlapa): <strong>J\u0101<\/strong><\/li>\n<li> Skaidra inform\u0101cija t\u012bmek\u013ca vietn\u0113: <strong>J\u0101<\/strong> Sterling Relocation t\u012bmek\u013ca vietn\u0113 ir visaptvero\u0161a inform\u0101cija par visiem uz\u0146\u0113muma darb\u012bbas aspektiem. Taj\u0101 ir ar\u012b noder\u012bga sada\u013ca \"Jaunumi\", kur\u0101 sniegta jaun\u0101k\u0101 inform\u0101cija par v\u012bzu nepiecie\u0161am\u012bbu un dz\u012bvi da\u017e\u0101d\u0101s pasaules valst\u012bs.<\/li>\n<li> Dal\u012bba starptautiski atz\u012bt\u0101s kust\u012bbu organiz\u0101cij\u0101s: <strong>J\u0101<\/strong>skat\u012bt iepriek\u0161.<\/li>\n<li> Klientu saraksts un\/vai iepriek\u0161\u0113jo klientu atsauksmes: <strong>Da\u013c\u0113js<\/strong> Lai gan nav klientu saraksta, bet ir da\u017e\u0101di klientu atsauksmes dotted ap vietni.<\/li>\n<\/ol>\n<div itemprop=\"reviewRating\" itemscope itemtype=\"http:\/\/schema.org\/Rating\"><meta itemprop=\"worstRating\" content = \"0\" \/><meta itemprop=\"bestRating\" content=\"5\" \/><meta itemprop=\"ratingValue\" content=\"4.5\"><\/div>\n<p><strong>Kop\u0113jais v\u0113rt\u0113jums: 4,5\/5<\/strong><br \/>\n<strong>P\u0101rskata datums:<\/strong> <span itemprop=\"datePublished\" content=\"2016-05-22\">22\/05\/2016<\/span>\n<\/div>\n<p>Vair\u0101k par <a href=\"https:\/\/moverdb.com\/lv\/starptautiskie-parvaksanas-darbi\/\">Apvienot\u0101s Karalistes p\u0101rcel\u0161an\u0101s uz\u0146\u0113mumi<\/a> un m\u016bsu <a href=\"https:\/\/moverdb.com\/lv\/atsauksmes\/\">izskaidrots p\u0101rskat\u012b\u0161anas process<\/a>.<\/p>\n<p><strong>T\u012bmek\u013ca vietne:<\/strong> <a href=\"http:\/\/www.sterling.com\/\" target=\"_blank\" rel=\"noopener\">http:\/\/www.sterling.com\/<\/a><\/p>","protected":false},"excerpt":{"rendered":"<p>Sterling offers international employers an easy way to relocate their staff worldwide. Their services are listed below, together with customer reviews and a company profile. Relocation Services Assignment Management Cross Culture Training Departure Services Education Assistance Expense Management Furniture Rental Guaranteed Home Sale Home Finding Service Immigration, Visa and Work Permits Language Training Move Management [&hellip;]<\/p>\n","protected":false},"author":1,"featured_media":0,"parent":0,"menu_order":0,"comment_status":"closed","ping_status":"closed","template":"","meta":{"_genesis_hide_title":false,"_genesis_hide_breadcrumbs":false,"_genesis_hide_singular_image":false,"_genesis_hide_footer_widgets":false,"_genesis_custom_body_class":"","_genesis_custom_post_class":"","_genesis_layout":"","footnotes":""},"class_list":{"0":"post-348","1":"page","2":"type-page","3":"status-publish","5":"entry"},"_links":{"self":[{"href":"https:\/\/moverdb.com\/lv\/wp-json\/wp\/v2\/pages\/348","targetHints":{"allow":["GET"]}}],"collection":[{"href":"https:\/\/moverdb.com\/lv\/wp-json\/wp\/v2\/pages"}],"about":[{"href":"https:\/\/moverdb.com\/lv\/wp-json\/wp\/v2\/types\/page"}],"author":[{"embeddable":true,"href":"https:\/\/moverdb.com\/lv\/wp-json\/wp\/v2\/users\/1"}],"replies":[{"embeddable":true,"href":"https:\/\/moverdb.com\/lv\/wp-json\/wp\/v2\/comments?post=348"}],"version-history":[{"count":15,"href":"https:\/\/moverdb.com\/lv\/wp-json\/wp\/v2\/pages\/348\/revisions"}],"predecessor-version":[{"id":6240,"href":"https:\/\/moverdb.com\/lv\/wp-json\/wp\/v2\/pages\/348\/revisions\/6240"}],"wp:attachment":[{"href":"https:\/\/moverdb.com\/lv\/wp-json\/wp\/v2\/media?parent=348"}],"curies":[{"name":"wp","href":"https:\/\/api.w.org\/{rel}","templated":true}]}}