{"id":3392,"date":"2019-09-20T11:37:54","date_gmt":"2019-09-20T11:37:54","guid":{"rendered":"https:\/\/moverdb.com\/?page_id=3392"},"modified":"2026-01-08T14:39:59","modified_gmt":"2026-01-08T14:39:59","slug":"international-van-lines","status":"publish","type":"page","link":"https:\/\/moverdb.com\/lv\/international-van-lines\/","title":{"rendered":"International Van Lines (IVL): P\u0101rcel\u0161an\u0101s un p\u0101rcel\u0161an\u0101s Atsauksmes"},"content":{"rendered":"<p><img loading=\"lazy\" decoding=\"async\" width=\"700\" height=\"158\" src=\"https:\/\/moverdb.com\/wp-content\/uploads\/International-Van-Lines-Logo.png\" alt=\"International Van Lines logotips\" class=\"aligncenter size-full wp-image-3389\" data-wp-pid=\"3389\" srcset=\"https:\/\/moverdb.com\/wp-content\/uploads\/International-Van-Lines-Logo.png 700w, https:\/\/moverdb.com\/wp-content\/uploads\/International-Van-Lines-Logo-300x68.png 300w, https:\/\/moverdb.com\/wp-content\/uploads\/International-Van-Lines-Logo-600x135.png 600w\" sizes=\"auto, (max-width: 700px) 100vw, 700px\" \/><\/p>\n<p>International Van Lines ir 2000. gad\u0101 dibin\u0101ta amerik\u0101\u0146u p\u0101rvad\u0101jumu komp\u0101nija, kas \u0161obr\u012bd ir viens no liel\u0101kajiem starptautiskajiem p\u0101rvad\u0101t\u0101jiem. <a href=\"https:\/\/moverdb.com\/lv\/moving-companies\/\" data-internallinksmanager029f6b8e52c=\"79\" title=\"Top 25 Starptautiskie p\u0101rcel\u0161an\u0101s uz\u0146\u0113mumi tie\u0161saist\u0113\">starptautiskie p\u0101rvieto\u0161an\u0101s uz\u0146\u0113mumi<\/a> pasaul\u0113. 2017., 2018. un 2019. gad\u0101 Consumer Advocate tos ir atzinis par lab\u0101kajiem p\u0101rcel\u0161an\u0101s uz\u0146\u0113mumiem.<\/p>\n<p>\u0160eit ir da\u017ei no vi\u0146u sniegtajiem pakalpojumiem:<\/p>\n<p><a href=\"https:\/\/moverdb.com\/lv\/konteineru-parvadajumi\/\"><strong>Pilnas konteineru kravas (FCL) p\u0101rvad\u0101jumi<\/strong><\/a><\/p>\n<ul>\n<li> Sausie konteineri<\/li>\n<li> Pieejami 20\u2032 un 40\u2032 varianti<\/li>\n<li> Pakalpojums \"no durv\u012bm l\u012bdz durv\u012bm\" vai dz\u012bv\u0101 slodze (DIY)<\/li>\n<li> Feder\u0101l\u0101 j\u016brniec\u012bbas komisija ir izsniegusi licenci k\u0101 <a href=\"https:\/\/moverdb.com\/lv\/freight-forwarder\/\" data-internallinksmanager029f6b8e52c=\"17\" title=\"Starptautisko ekspeditoru un NVOCC starptautisko izmaksu un uz\u0146\u0113mumu ce\u013cvedis\">kravas ekspeditors<\/a>.<\/li>\n<\/ul>\n<p><strong>Kravu p\u0101rvad\u0101jumi pa oke\u0101nu<\/strong><\/p>\n<ul>\n<li> No durv\u012bm l\u012bdz durv\u012bm<\/li>\n<li> Durvis uz <a href=\"https:\/\/moverdb.com\/lv\/top-49-container-ports\/\" data-internallinksmanager029f6b8e52c=\"80\" title=\"49 liel\u0101kie un noslogot\u0101kie konteineru ostas 2025. gad\u0101\">Osta<\/a><\/li>\n<li> No ostas uz durv\u012bm<\/li>\n<li> No ostas uz ostu<\/li>\n<\/ul>\n<p><strong>Gaisa kravu p\u0101rvad\u0101jumu pakalpojumi<\/strong><\/p>\n<ul>\n<li> Nodarbojas gan ar aviop\u0101rvad\u0101jumiem, gan ekspress\u016bt\u012bjumiem.<\/li>\n<li> Vai var nos\u016bt\u012bt da\u017eas kastes vai visu m\u0101jsaimniec\u012bbu<\/li>\n<li> Pied\u0101v\u0101jiet pakalpojumus no durv\u012bm l\u012bdz durv\u012bm, no durv\u012bm l\u012bdz termin\u0101lim, no termin\u0101\u013ca l\u012bdz durv\u012bm vai no termin\u0101\u013ca l\u012bdz termin\u0101lim.<\/li>\n<li> Visas m\u0101jsaimniec\u012bbas preces pirms iekrau\u0161anas tiks iesai\u0146otas saraukt\u0101 iepakojum\u0101 un novietotas uz palet\u0113m.<\/li>\n<li> Nodro\u0161iniet visus nepiecie\u0161amos dokumentus, lai nok\u0101rtotu muitas formalit\u0101tes.<\/li>\n<\/ul>\n<p><a href=\"https:\/\/moverdb.com\/lv\/auto-transporta-nosutisana\/\"><strong>Auto p\u0101rvad\u0101jumi<\/strong><\/a><\/p>\n<ul>\n<li> <a href=\"https:\/\/moverdb.com\/lv\/container-shipping\/\" data-internallinksmanager029f6b8e52c=\"3\" title=\"Starptautisko konteineru p\u0101rvad\u0101jumu tarifu diagramma: Maijs 2026\">Konteineru p\u0101rvad\u0101jumi<\/a><\/li>\n<li> Konsolid\u0101cijas pakalpojums<\/li>\n<li> Roll on Roll off (RO\/RO)<\/li>\n<li> Muito\u0161anas dokument\u0101cija<\/li>\n<li> Apdro\u0161in\u0101\u0161anas iesp\u0113jas<\/li>\n<\/ul>\n<p><strong>P\u0101rv\u0101k\u0161an\u0101s pakalpojumi lielos att\u0101lumos<\/strong><\/p>\n<ul>\n<li> P\u0101rvieto\u0161anai <a href=\"https:\/\/moverdb.com\/lv\/moving-to-the-united-states\/\" data-internallinksmanager029f6b8e52c=\"94\" title=\"P\u0101rce\u013caties uz Amerikas Savienotaj\u0101m Valst\u012bm? 2022 Dz\u012bves izmaksas un p\u0101rcel\u0161an\u0101s padomi\">Amerikas Savienot\u0101s Valstis<\/a><\/li>\n<li> Iepakojums<\/li>\n<li> Uzglab\u0101\u0161ana<\/li>\n<li> Crating<\/li>\n<li> Specializ\u0113tie pakalpojumi<\/li>\n<\/ul>\n<p><strong>Citi pakalpojumi<\/strong><\/p>\n<ul>\n<li> Uz\u0146\u0113mumu p\u0101rvieto\u0161ana<\/li>\n<li> Biroju p\u0101rcel\u0161an\u0101s<\/li>\n<li> Vald\u012bba &amp; Milit\u0101r\u0101s kust\u012bbas<\/li>\n<li> P\u0101rvad\u0101t\u0101ju un starpnieku pakalpojumi<\/li>\n<\/ul>\n<h2>International Van Lines Uz\u0146\u0113muma profils<\/h2>\n<p>International Van Lines apgalvo, ka gad\u0101 veic vair\u0101k nek\u0101 10 000 p\u0101rcel\u0161anos, un s\u016bdz\u012bbu skaits ir maz\u0101ks nek\u0101 1%. Vi\u0146i aptver visas Amerikas Savienot\u0101s Valstis un vair\u0101k nek\u0101 180 valstis. Vi\u0146i darbojas starptautisko p\u0101rv\u0101k\u0161an\u0101s pakalpojumu jom\u0101 kop\u0161 2000. gada un 2004. gad\u0101 papla\u0161in\u0101ja savu darb\u012bbu, pied\u0101v\u0101jot ar\u012b iek\u0161zemes t\u0101lsatiksmes p\u0101rv\u0101k\u0161an\u0101s pakalpojumus. Pa\u0161laik uz\u0146\u0113mum\u0101 str\u0101d\u0101 vair\u0101k nek\u0101 200 darbinieku, un 2012. gad\u0101 tas tika iek\u013cauts INC 5000 sarakst\u0101, kur\u0101 iek\u013cauti ASV visstrauj\u0101k augo\u0161ie uz\u0146\u0113mumi. <\/p>\n<p>International Van Lines ir ar\u012b lieliskas atsauksmes no <a href=\"https:\/\/uk.trustpilot.com\/review\/www.internationalvanlines.com\" rel=\"noopener noreferrer\" target=\"_blank\">Trustpilot<\/a> (4,3 no 5), <a href=\"https:\/\/www.move.org\/international-van-lines-review\/\" rel=\"noopener noreferrer\" target=\"_blank\">Move.org<\/a> (4,7 no 5) un <a href=\"https:\/\/www.consumeraffairs.com\/homeowners\/international-van-lines.html\" rel=\"noopener noreferrer\" target=\"_blank\">Pat\u0113r\u0113t\u0101ju lietas<\/a> (4 no 5). T\u0101p\u0113c, ja p\u0101rce\u013caties uz ASV vai no ASV, ir v\u0113rts sa\u0146emt pied\u0101v\u0101jumu.<\/p>\n<p>Tie ir akredit\u0113ti k\u0101:<\/p>\n<ul>\n<li> Licenc\u0113ts <a href=\"https:\/\/safer.fmcsa.dot.gov\/query.asp?searchtype=ANY&#038;query_type=queryCarrierSnapshot&#038;query_param=USDOT&#038;query_string=2293832\" rel=\"noopener noreferrer\" target=\"_blank\">DOT p\u0101rvad\u0101t\u0101js<\/a><\/li>\n<li> <a href=\"https:\/\/moverdb.com\/lv\/kravas-ekspeditors\/\">NVOCC<\/a> (kop\u012bg\u0101 p\u0101rvad\u0101t\u0101ja, kas neveic p\u0101rvad\u0101jumus ar ku\u0123i) licence<\/li>\n<li> FMC (Feder\u0101l\u0101 j\u016brniec\u012bbas komisija) <\/li>\n<li> <a href=\"https:\/\/moverdb.com\/lv\/ritenu-novirzitajs\/\">ProMover<\/a><\/li>\n<\/ul>\n<h2>International Van Lines atsauksmes<\/h2>\n<p><strong>Pozit\u012bvi:<\/strong><\/p>\n<ul>\n<li> <em>\"IVL paveica lielisku darbu, veicot manu t\u0101lsatiksmes p\u0101rcel\u0161anos. Darbinieki ierad\u0101s laik\u0101, labi sapakoja un izdar\u012bja, ko bija apsol\u012bju\u0161i. Es vi\u0146us izmantotu v\u0113lreiz, ja b\u016btu nepiecie\u0161ams.\"<\/em> - Marta B., izmantojot uz\u0146\u0113muma t\u012bmek\u013ca vietni<\/li>\n<li> <em>\"International Van Lines nesen nog\u0101d\u0101ja manas mantas. P\u0113c p\u0101rbaudes man nebija nek\u0101du boj\u0101jumu vai zaud\u0113jumu, un tas ir lieliski.\"<\/em> - IVY Powers, izmantojot Move.org <\/li>\n<li> <em>\"Es biju apmierin\u0101ts ar pieredzi ar IVL, un es apsveru vi\u0146u pakalpojumus, ja man b\u016btu j\u0101nos\u016bta vai j\u0101p\u0101rce\u013cas uz \u0101rzem\u0113m.\"<\/em> - D\u017eefs caur Pat\u0113r\u0113t\u0101ju ties\u012bbu aizsardz\u012bbas dienestu<\/li>\n<li> <em>\"Kopum\u0101 mana pieredze bija lieliska! Es ar vi\u0146iem str\u0101d\u0101tu atkal, ja b\u016btu nepiecie\u0161ams.\"<\/em> - Sade caur Trustpliot<\/li>\n<\/ul>\n<p><strong>Negat\u012bvs:<\/strong><\/p>\n<ul>\n<li> <em>\"Es esmu v\u012blies un nekad nevienam neiesaku International Van Lines.\"<\/em> - Ezeibe, izmantojot Trustpilot<\/li>\n<li> <em>\"Vi\u0146i pazaud\u0113ja pakl\u0101ju un citas lietas.\"<\/em> - Maritini suns, izmantojot Move.org<\/li>\n<li> <em>\"Slikts miscommunication par priek\u0161\u0113j\u0101 gal\u0101 par to, kad vi\u0146i bija gatavojas faktiski b\u016bs p\u0101rvietojas m\u016bsu s\u012bkumi uz m\u016bsu jauno m\u0101ju\"<\/em> - Erin caur Pat\u0113r\u0113t\u0101ju liet\u0101m<\/li>\n<\/ul>\n<div itemprop=\"review\" itemscope itemtype=\"http:\/\/schema.org\/Review\">\n<span itemprop=\"author\" itemscope=\"\" itemtype=\"http:\/\/schema.org\/Organization\"><span itemprop=\"name\">MoverDB.com<\/span><\/span> Tie\u0161saistes vietnes p\u0101rskats par <span itemprop=\"itemreviewed\" itemscope=\"\" itemtype=\"http:\/\/schema.org\/Brand\"><span itemprop=\"name\">International Van Lines<\/span><\/span>:<\/p>\n<ol>\n<li> Skaidra kontaktinform\u0101cija t\u012bmek\u013ca vietn\u0113 (tostarp t\u0101lru\u0146a numurs): <strong>J\u0101<\/strong><\/li>\n<li> Viegli ieg\u016bt <a href=\"https:\/\/moverdb.com\/lv\/citati\/\">starptautiskie p\u0101rvietojas cit\u0101ti<\/a>? (Tie\u0161saistes t\u0101mes piepras\u012bjuma veidlapa): <strong>J\u0101<\/strong><\/li>\n<li> Skaidra inform\u0101cija t\u012bmek\u013ca vietn\u0113: <strong>J\u0101.<\/strong> T\u012bmek\u013ca vietn\u0113 ir skaidri izkl\u0101st\u012bti visi uz\u0146\u0113muma pied\u0101v\u0101tie pakalpojumi.<\/li>\n<li> Dal\u012bba starptautiski atz\u012bt\u0101s kust\u012bbu organiz\u0101cij\u0101s: <strong>J\u0101<\/strong>, (sk. iepriek\u0161)<\/li>\n<li> Klientu saraksts un\/vai iepriek\u0161\u0113jo klientu atsauksmes. <strong>J\u0101,<\/strong> T\u012bmek\u013ca vietn\u0113 ir tie\u0161saistes atsauksmes, k\u0101 ar\u012b daudz pozit\u012bvu atsauksmju tie\u0161saist\u0113.<\/li>\n<\/ol>\n<div itemprop=\"reviewRating\" itemscope itemtype=\"http:\/\/schema.org\/Rating\"><meta itemprop=\"worstRating\" content = \"0\" \/><meta itemprop=\"bestRating\" content=\"5\" \/><meta itemprop=\"ratingValue\" content=\"5\"><\/div>\n<p><strong>Kop\u0113jais v\u0113rt\u0113jums: 5\/5<\/strong><br \/>\n<strong>P\u0101rskata datums:<\/strong> <span itemprop=\"datePublished\" content=\"2019-09-20\">20\/09\/2019<\/span>\n<\/div>\n<p>Las\u012bt vair\u0101k par <a href=\"https:\/\/moverdb.com\/lv\/parvietojas-uznemumi\/\">starptautiskie p\u0101rvieto\u0161an\u0101s uz\u0146\u0113mumi<\/a>, <a href=\"https:\/\/moverdb.com\/lv\/us-kanada-parvietotaji\/\">iek\u0161zemes p\u0101rv\u0101k\u0161an\u0101s uz\u0146\u0113mumi<\/a> un m\u016bsu <a href=\"https:\/\/moverdb.com\/lv\/atsauksmes\/\">izskaidrots p\u0101rskat\u012b\u0161anas process<\/a>.<\/p>\n<p><strong>T\u012bmek\u013ca vietne:<\/strong> <a href=\"https:\/\/internationalvanlines.com\/\" target=\"_blank\" rel=\"noopener noreferrer\">https:\/\/internationalvanlines.com\/<\/a><\/p>","protected":false},"excerpt":{"rendered":"<p>International Van Lines is an American based mover founded in 2000 and is now one the largest international moving companies in the world. They have been rated as The Best Moving Company by Consumer Advocate in 2017, 2018 and 2019. Here are some of the services they provide: Full Container Load (FCL) Shipping Dry Containers [&hellip;]<\/p>\n","protected":false},"author":1,"featured_media":0,"parent":0,"menu_order":0,"comment_status":"closed","ping_status":"closed","template":"","meta":{"_genesis_hide_title":false,"_genesis_hide_breadcrumbs":false,"_genesis_hide_singular_image":false,"_genesis_hide_footer_widgets":false,"_genesis_custom_body_class":"","_genesis_custom_post_class":"","_genesis_layout":"","footnotes":""},"class_list":{"0":"post-3392","1":"page","2":"type-page","3":"status-publish","5":"entry","6":"has-post-thumbnail"},"_links":{"self":[{"href":"https:\/\/moverdb.com\/lv\/wp-json\/wp\/v2\/pages\/3392","targetHints":{"allow":["GET"]}}],"collection":[{"href":"https:\/\/moverdb.com\/lv\/wp-json\/wp\/v2\/pages"}],"about":[{"href":"https:\/\/moverdb.com\/lv\/wp-json\/wp\/v2\/types\/page"}],"author":[{"embeddable":true,"href":"https:\/\/moverdb.com\/lv\/wp-json\/wp\/v2\/users\/1"}],"replies":[{"embeddable":true,"href":"https:\/\/moverdb.com\/lv\/wp-json\/wp\/v2\/comments?post=3392"}],"version-history":[{"count":3,"href":"https:\/\/moverdb.com\/lv\/wp-json\/wp\/v2\/pages\/3392\/revisions"}],"predecessor-version":[{"id":3396,"href":"https:\/\/moverdb.com\/lv\/wp-json\/wp\/v2\/pages\/3392\/revisions\/3396"}],"wp:attachment":[{"href":"https:\/\/moverdb.com\/lv\/wp-json\/wp\/v2\/media?parent=3392"}],"curies":[{"name":"wp","href":"https:\/\/api.w.org\/{rel}","templated":true}]}}