{"id":320,"date":"2016-05-17T21:20:57","date_gmt":"2016-05-17T21:20:57","guid":{"rendered":"http:\/\/moverdb.com\/?page_id=320"},"modified":"2026-01-08T14:40:08","modified_gmt":"2026-01-08T14:40:08","slug":"matthew-james","status":"publish","type":"page","link":"https:\/\/moverdb.com\/lv\/matthew-james\/","title":{"rendered":"Matthew James Global Relocations"},"content":{"rendered":"<p>Matthew James Global Relocations ir priv\u0101ts uz\u0146\u0113mums, kas pied\u0101v\u0101 daudzus pakalpojumus priv\u0101tperson\u0101m un uz\u0146\u0113mumiem, kuri p\u0101rce\u013cas uz \u0101rzem\u0113m un viet\u0113ji. Turpm\u0101k ir uzskait\u012bti t\u0101 pakalpojumi, k\u0101 ar\u012b uz\u0146\u0113muma profils un atsauksmes.<\/p>\n<p><strong>Starptautiskie p\u0101rcel\u0161an\u0101s darbi<\/strong><\/p>\n<ul>\n<li> Piln\u012bgs pakalpojums no durv\u012bm l\u012bdz durv\u012bm<\/li>\n<li> Eksporta iepako\u0161anas un iesai\u0146o\u0161anas pakalpojumi<\/li>\n<li> Izpako\u0161anas un atk\u0101rtotas mont\u0101\u017eas pakalpojumi<\/li>\n<li> <a href=\"https:\/\/moverdb.com\/lv\/container-shipping\/\" data-internallinksmanager029f6b8e52c=\"3\" title=\"Starptautisko konteineru p\u0101rvad\u0101jumu tarifu diagramma: Apr\u012blis 2026\">Starptautisk\u0101 pieg\u0101de<\/a> inventariz\u0101cija<\/li>\n<li> Specializ\u0113tie un kombin\u0113tie s\u016bt\u012bjumi<\/li>\n<li> Muito\u0161anas pal\u012bdz\u012bba<\/li>\n<li> P\u0113c pas\u016bt\u012bjuma veidots iesai\u0146ojums trausliem un delik\u0101tiem priek\u0161metiem<\/li>\n<li> Starptautiskais dzi\u013cj\u016bras apdro\u0161in\u0101\u0161anas segums<\/li>\n<li> Visp\u0101r\u0113j\u0101 apdro\u0161in\u0101\u0161ana<\/li>\n<\/ul>\n<p><strong>P\u0101rcel\u0161an\u0101s Eirop\u0101<\/strong><\/p>\n<ul>\n<li> Piln\u012bgs pakalpojums no durv\u012bm l\u012bdz durv\u012bm<\/li>\n<li> Iepako\u0161ana, iesai\u0146o\u0161ana un izpako\u0161ana<\/li>\n<li> <a href=\"https:\/\/moverdb.com\/lv\/auto-transporta-nosutisana\/\">Transportl\u012bdzeklis<\/a>, laivu un velosip\u0113du transports<\/li>\n<li> Apdro\u0161in\u0101\u0161ana organiz\u0113ta<\/li>\n<\/ul>\n<p><strong>Iek\u0161zemes p\u0101rv\u0101k\u0161an\u0101s<\/strong><\/p>\n<ul>\n<li> Piln\u012bgs pakalpojums no durv\u012bm l\u012bdz durv\u012bm<\/li>\n<li> Iepako\u0161ana, iesai\u0146o\u0161ana un izpako\u0161ana<\/li>\n<li> Autom\u0101tiski apdro\u0161in\u0101ts l\u012bdz 50 000 \u00a3<\/li>\n<\/ul>\n<p><strong>Uzglab\u0101\u0161ana London\u0101 un <a href=\"https:\/\/moverdb.com\/lv\/moving-to-spain\/\" data-internallinksmanager029f6b8e52c=\"266\" title=\"P\u0101rcel\u0161an\u0101s uz Sp\u0101niju? 2023 Dz\u012bves izmaksas un p\u0101rcel\u0161an\u0101s padomi\">Sp\u0101nija<\/a><\/strong><\/p>\n<ul>\n<li> Uzglab\u0101\u0161ana konteineros<\/li>\n<li> Pa\u0161glab\u0101\u0161an\u0101s<\/li>\n<li> Arh\u012bva glab\u0101\u0161ana<\/li>\n<\/ul>\n<h2>Matthew James Uz\u0146\u0113muma profils<\/h2>\n<p>Matthew James Global Relocations jau tr\u012bs paaudzes nodarbojas ar cilv\u0113ku p\u0101rvieto\u0161anu vis\u0101 pasaul\u0113. Ar uzticamu glob\u0101lu partner\u012bbu pal\u012bdz\u012bbu t\u0101 aptver vair\u0101k nek\u0101 25 000 galam\u0113r\u0137u vair\u0101k nek\u0101 300 valst\u012bs. Uz\u0146\u0113mums specializ\u0113jas p\u0101rcel\u0161an\u0101s darbos uz Sp\u0101niju, un tam ir tr\u012bs biroji \u0161aj\u0101 valst\u012b.<\/p>\n<p>\u0160odienas r\u012bkot\u0101jdirektors Metj\u016b De-Ma\u010dens jau kop\u0161 b\u0113rn\u012bbas ir aizr\u0101vies ar kravas automa\u0161\u012bn\u0101m, un \u0161\u012b aizrau\u0161an\u0101s ir iestr\u0101d\u0101ta uz\u0146\u0113muma darb\u0101. <\/p>\n<p>Uz\u0146\u0113mums ir k\u013cuvis slavens ar augstas kvalit\u0101tes piel\u0101gotiem transportl\u012bdzek\u013ciem, un ir pieejami pat transportl\u012bdzek\u013cu mode\u013ci, kurus var ieg\u0101d\u0101ties. Matthew De-Machen aizrau\u0161an\u0101s ar kravas automobi\u013cu piln\u012bbu ir p\u0101rtapusi ar\u012b Matthew James uz\u0146\u0113mum\u0101, kur uz\u0146\u0113mums apgalvo, ka tikai piln\u012bba ir ide\u0101la.<\/p>\n<p>Matthew James Relocation Services fili\u0101les un akredit\u0101cijas:<\/p>\n<ul>\n<li> <a href=\"https:\/\/moverdb.com\/lv\/britu-iznemeju-asociacija\/\">Lielbrit\u0101nijas P\u0101rv\u0101c\u0113ju asoci\u0101cija (BAR)<\/a><\/li>\n<li> <a href=\"https:\/\/moverdb.com\/lv\/esmu\/\">Starptautisk\u0101 P\u0101rv\u0101c\u0113ju asoci\u0101cija (IAM)<\/a><\/li>\n<li> <a href=\"https:\/\/moverdb.com\/lv\/bars-arvalstis\/\">Lielbrit\u0101nijas P\u0101rv\u0101c\u0113ju asoci\u0101cija - Starptautiskais asoci\u0113tais biedrs<\/a><\/li>\n<li> QAS International<\/li>\n<li> <a href=\"https:\/\/moverdb.com\/lv\/fedemac\/\">Fedemac Eiropas P\u0101rvietot\u0101ji<\/a><\/li>\n<li> Autotransporta parku operatoru atz\u012b\u0161anas sist\u0113ma (FORS) - Zelts<\/li>\n<li> Kvalit\u0101tes nodro\u0161in\u0101\u0161anas pakalpojuma standarts - m\u0113be\u013cu p\u0101rve\u0161anas darb\u012bbas un \u0101rzemju p\u0101rcel\u0161an\u0101s pakalpojumi<\/li>\n<li> Tirdzniec\u012bbas standartu instit\u016bts (TSI)<\/li>\n<\/ul>\n<h2>Matthew James P\u0101rcel\u0161an\u0101s Atsauksmes<\/h2>\n<p><strong>Pozit\u012bvs<\/strong><\/p>\n<ul>\n<li> <em>\"\u013boti piekl\u0101j\u012bgi abos p\u0101rvieto\u0161anas posmos. \u0160\u0137iet, ka visas m\u016bsu mantas ir izdz\u012bvoju\u0161as ce\u013cojumu.\"<\/em> - izmantojot <a href=\"http:\/\/www.referenceline.com\/removers_removals-in-dartford-matthewjamesremovalsstorageltd-14758\" target=\"_blank\" rel=\"noopener\">Atsauces l\u012bnija<\/a>.<\/li>\n<li> <em>\"profesion\u0101ls, piekl\u0101j\u012bgs, efekt\u012bvs, jautrs\"<\/em> - izmantojot <a href=\"https:\/\/www.trustedmover.org\/questionnaire\/7167\" target=\"_blank\" rel=\"noopener\">Uzticams p\u0101rvietot\u0101js<\/a><\/li>\n<li> <em>\"Man ir tikai uzslavas par to, k\u0101 Mathew James darbinieki veica manu p\u0101rcel\u0161anos, s\u0101kot no s\u0101kotn\u0113j\u0101s konsult\u0101cijas, pied\u0101v\u0101juma un iepako\u0161anas l\u012bdz pieg\u0101dei.\"<\/em> - izmantojot <a href=\"http:\/\/www.reviews.co.uk\/company-reviews\/store\/matthew-james-removals\" target=\"_blank\" rel=\"noopener\">Reviews.co.uk<\/a><\/li>\n<\/ul>\n<p><strong>Negat\u012bvs<\/strong><\/p>\n<ul>\n<li> <em>\"Piln\u012bga nev\u0113r\u012bba pret klientiem un absol\u016bta neuzman\u012bba.\"<\/em> - izmantojot <a href=\"https:\/\/www.yell.com\/biz\/matthew-james-removals-and-storage-dartford-8459632\/\" target=\"_blank\" rel=\"noopener\">Kliedziet<\/a><\/li>\n<\/ul>\n<div itemprop=\"review\" itemscope itemtype=\"http:\/\/schema.org\/Review\">\n<span itemprop=\"author\" itemscope=\"\" itemtype=\"http:\/\/schema.org\/Organization\"><span itemprop=\"name\">MoverDB.com<\/span><\/span> Tie\u0161saistes vietnes p\u0101rskats par <span itemprop=\"itemreviewed\" itemscope=\"\" itemtype=\"http:\/\/schema.org\/Brand\"><span itemprop=\"name\">Matthew James P\u0101rv\u0101k\u0161an\u0101s<\/span><\/span>:<\/p>\n<ol>\n<li> Skaidra kontaktinform\u0101cija t\u012bmek\u013ca vietn\u0113 (tostarp t\u0101lru\u0146a numurs): <strong>J\u0101<\/strong><\/li>\n<li> Viegli ieg\u016bt <a href=\"https:\/\/moverdb.com\/lv\/citati\/\">starptautiskie p\u0101rv\u0101k\u0161an\u0101s cit\u0101ti<\/a>? (Tie\u0161saistes t\u0101mes piepras\u012bjuma veidlapa): <strong>J\u0101<\/strong><\/li>\n<li> Skaidra inform\u0101cija t\u012bmek\u013ca vietn\u0113: <strong>Da\u013c\u0113js.<\/strong> T\u012bmek\u013ca vietn\u0113 nav daudz noder\u012bgas inform\u0101cijas, un taj\u0101 ir ieteikts sazin\u0101ties ar uz\u0146\u0113mumu, lai ieg\u016btu s\u012bk\u0101ku inform\u0101ciju.<\/li>\n<li> Dal\u012bba starptautiski atz\u012bt\u0101s kust\u012bbu organiz\u0101cij\u0101s: <strong>J\u0101<\/strong>skat\u012bt iepriek\u0161.<\/li>\n<li> Klientu saraksts un\/vai iepriek\u0161\u0113jo klientu atsauksmes: <strong>Da\u013c\u0113js.<\/strong> Vietn\u0113 nav klientu saraksta, ta\u010du j\u016bs varat doties uz ReferenceLine, lai apskat\u012btu atsauksmes.<\/li>\n<\/ol>\n<div itemprop=\"reviewRating\" itemscope itemtype=\"http:\/\/schema.org\/Rating\"><meta itemprop=\"worstRating\" content = \"0\" \/><meta itemprop=\"bestRating\" content=\"5\" \/><meta itemprop=\"ratingValue\" content=\"4.5\"><\/div>\n<p><strong>Kop\u0113jais v\u0113rt\u0113jums: 4,5\/5<\/strong><br \/>\n<strong>P\u0101rskata datums:<\/strong> <span itemprop=\"datePublished\" content=\"2016-05-017\">17\/05\/2016<\/span><\/p>\n<\/div>\n<p>Vair\u0101k par <a href=\"https:\/\/moverdb.com\/lv\/starptautiskie-parvaksanas-darbi\/\">Apvienot\u0101s Karalistes p\u0101rcel\u0161an\u0101s uz\u0146\u0113mumi<\/a> un m\u016bsu <a href=\"https:\/\/moverdb.com\/lv\/atsauksmes\/\">izskaidrots p\u0101rskat\u012b\u0161anas process<\/a>.<\/p>\n<p><strong>T\u012bmek\u013ca vietne:<\/strong> <a href=\"http:\/\/www.matthewjamesremovals.com\/\" target=\"_blank\" rel=\"noopener\">http:\/\/www.matthewjamesremovals.com\/<\/a><\/p>","protected":false},"excerpt":{"rendered":"<p>Matthew James Global Relocations is a privately owned company which offers many services for individuals and companies moving abroad and locally. Its services are listed below, together with a company profile and reviews. International Relocations Complete door to door service Export packing and wrapping services Unpacking and reassembly services International shipping inventory Dedicated and Groupage [&hellip;]<\/p>\n","protected":false},"author":1,"featured_media":0,"parent":0,"menu_order":0,"comment_status":"closed","ping_status":"closed","template":"","meta":{"_genesis_hide_title":false,"_genesis_hide_breadcrumbs":false,"_genesis_hide_singular_image":false,"_genesis_hide_footer_widgets":false,"_genesis_custom_body_class":"","_genesis_custom_post_class":"","_genesis_layout":"","footnotes":""},"class_list":{"0":"post-320","1":"page","2":"type-page","3":"status-publish","5":"entry"},"_links":{"self":[{"href":"https:\/\/moverdb.com\/lv\/wp-json\/wp\/v2\/pages\/320","targetHints":{"allow":["GET"]}}],"collection":[{"href":"https:\/\/moverdb.com\/lv\/wp-json\/wp\/v2\/pages"}],"about":[{"href":"https:\/\/moverdb.com\/lv\/wp-json\/wp\/v2\/types\/page"}],"author":[{"embeddable":true,"href":"https:\/\/moverdb.com\/lv\/wp-json\/wp\/v2\/users\/1"}],"replies":[{"embeddable":true,"href":"https:\/\/moverdb.com\/lv\/wp-json\/wp\/v2\/comments?post=320"}],"version-history":[{"count":12,"href":"https:\/\/moverdb.com\/lv\/wp-json\/wp\/v2\/pages\/320\/revisions"}],"predecessor-version":[{"id":13173,"href":"https:\/\/moverdb.com\/lv\/wp-json\/wp\/v2\/pages\/320\/revisions\/13173"}],"wp:attachment":[{"href":"https:\/\/moverdb.com\/lv\/wp-json\/wp\/v2\/media?parent=320"}],"curies":[{"name":"wp","href":"https:\/\/api.w.org\/{rel}","templated":true}]}}