{"id":303,"date":"2016-05-03T20:16:23","date_gmt":"2016-05-03T20:16:23","guid":{"rendered":"http:\/\/moverdb.com\/?page_id=303"},"modified":"2026-01-08T13:18:30","modified_gmt":"2026-01-08T13:18:30","slug":"harrow-green","status":"publish","type":"page","link":"https:\/\/moverdb.com\/lv\/harrow-green\/","title":{"rendered":"Harrow Green International Moving &amp; P\u0101rv\u0101k\u0161an\u0101s atsauksmes"},"content":{"rendered":"<p>Harrow Green galvenok\u0101rt specializ\u0113jas gan iek\u0161zemes, gan starptautiskajos uz\u0146\u0113mumu p\u0101rv\u0101k\u0161an\u0101s darbos. Zem\u0101k ir sniegti galvenie pakalpojumi un atsauksmes par uz\u0146\u0113mumu.<\/p>\n<h2>Harrow Green P\u0101rv\u0101k\u0161an\u0101s pakalpojumi<\/h2>\n<p><strong>Starptautisk\u0101 p\u0101rcel\u0161an\u0101s<\/strong><\/p>\n<ul>\n<li> Iepako\u0161anas pakalpojumi<\/li>\n<li> Transports<\/li>\n<li> Uzglab\u0101\u0161anas pakalpojumi<\/li>\n<li> Galam\u0113r\u0137a pakete<\/li>\n<li> Apdro\u0161in\u0101\u0161ana<\/li>\n<li> Galam\u0113r\u0137a pakalpojumi, piem\u0113ram, pal\u012bgstr\u0101dnieki, m\u0101jok\u013ca mekl\u0113\u0161ana un m\u0101jdz\u012bvnieku p\u0101rvieto\u0161ana.<\/li>\n<\/ul>\n<p><strong>Uz\u0146\u0113mumu p\u0101rvieto\u0161ana<\/strong><\/p>\n<ul>\n<li> Telpu pl\u0101no\u0161ana<\/li>\n<li> Jaunu m\u0113be\u013cu pieg\u0101de<\/li>\n<li> Eso\u0161o m\u0113be\u013cu demont\u0101\u017ea un atk\u0101rtota mont\u0101\u017ea<\/li>\n<li> Videi draudz\u012bga nevajadz\u012bgo iek\u0101rtu utiliz\u0101cija<\/li>\n<li> P\u0101rstr\u0101des un atk\u0101rtotas izmanto\u0161anas programmas<\/li>\n<li> \u0100rpusobjekta glab\u0101\u0161anas risin\u0101jumi<\/li>\n<li> Crate noma<\/li>\n<\/ul>\n<p><strong>Tehnolo\u0123iju p\u0101rvieto\u0161ana<\/strong><\/p>\n<ul>\n<li> Pamatpakalpojums ietver person\u0101los datorus, darbstacijas un visas perif\u0113rijas ier\u012bces (piem\u0113ram, printerus un skenerus), k\u0101 ar\u012b galda balss un datu p\u0101rraides iek\u0101rtas.<\/li>\n<li> Detaliz\u0113ts audits pirms p\u0101rcel\u0161an\u0101s<\/li>\n<li> Sist\u0113mas atjaunin\u0101jumi<\/li>\n<\/ul>\n<p><strong>P\u0101rstr\u0101de un atk\u0101rtota izmanto\u0161ana<\/strong><\/p>\n<ul>\n<li> Labdar\u012bbas ziedojums<\/li>\n<li> T\u0101l\u0101kp\u0101rdo\u0161ana<\/li>\n<li> Renov\u0101cija<\/li>\n<li> P\u0101rstr\u0101de<\/li>\n<li> Biroja t\u012br\u012b\u0161ana<\/li>\n<\/ul>\n<p><strong>Uzglab\u0101\u0161anas pakalpojumi<\/strong><\/p>\n<ul>\n<li> M\u0113be\u013cu uzglab\u0101\u0161ana<\/li>\n<li> Kr\u0101jumu kontrole un p\u0101rvald\u012bba<\/li>\n<li> Kult\u016bras mantojuma un specializ\u0113t\u0101 uzglab\u0101\u0161ana<\/li>\n<\/ul>\n<p><strong>Ierakstu p\u0101rvald\u012bba<\/strong><\/p>\n<ul>\n<li> Dokumentu glab\u0101\u0161ana<\/li>\n<li> Dokumentu izseko\u0161ana tie\u0161saist\u0113<\/li>\n<li> Sken\u0113\u0161ana p\u0113c piepras\u012bjuma<\/li>\n<li> Dokumentu glab\u0101\u0161anas dro\u0161\u012bba<\/li>\n<li> Mantojuma dro\u0161\u012bba<\/li>\n<li> M\u0101ko\u0146glab\u0101\u0161ana<\/li>\n<li> Lentes glab\u0101\u0161ana<\/li>\n<li> M\u0101jas birojs un person\u012bgais<\/li>\n<\/ul>\n<h2>Harrow Green Uz\u0146\u0113muma profils<\/h2>\n<p>Harrow Green ir tr\u012bs gadu desmitus ilga pieredze uz\u0146\u0113mumu p\u0101rvieto\u0161anas jom\u0101, un gadu gait\u0101 t\u0101 ir papla\u0161in\u0101jusi savus pakalpojumus, lai apmierin\u0101tu klientu un vi\u0146u augo\u0161o organiz\u0101ciju vajadz\u012bbas. <\/p>\n<p>Vi\u0146i sevi d\u0113v\u0113 par uz\u0146\u0113mumu numur viens starp komercp\u0101rvad\u0101t\u0101jiem. Harrow Green jau 20 gadus ir piln\u012bb\u0101 integr\u0113ts UBS pakalpojumu snieg\u0161anas partneris.<\/p>\n<p>Uz\u0146\u0113mums s\u0101ka savu darb\u012bbu 80. gados, vadot IT p\u0101rv\u0101k\u0161anos, bet 90. gados pievienoja dokumentu p\u0101rvald\u012bbas noda\u013cu un starptautisko p\u0101rv\u0101k\u0161anos. Harrow Green galvenok\u0101rt nodarbojas ar uz\u0146\u0113mumu, galvenok\u0101rt korporat\u012bvo, valsts un MVU organiz\u0101ciju, p\u0101rvieto\u0161anu. <\/p>\n<p>Tom\u0113r t\u0101 pied\u0101v\u0101 ierobe\u017eotus individu\u0101los pakalpojumus. <\/p>\n<p>Harrow Green kop\u0161 2012. gada febru\u0101ra ir da\u013ca no Restore plc, uz\u0146\u0113muma, kura m\u0113r\u0137is ir k\u013c\u016bt par tirgus l\u012bderi. <a href=\"https:\/\/moverdb.com\/lv\/moving-to-the-uk\/\" data-internallinksmanager029f6b8e52c=\"93\" title=\"P\u0101rce\u013caties uz Apvienoto Karalisti? 2022 Dz\u012bves izmaksas un p\u0101rcel\u0161an\u0101s padomi\">APVIENOT\u0100 KARALISTE<\/a> biroja pakalpojumu grupa. Restore plc ir AIM kot\u0113ts atbalsta pakalpojumu uz\u0146\u0113mums, kas tika kot\u0113ts 2004. gad\u0101.<\/p>\n<p><strong>Apbalvojumi<\/strong><\/p>\n<ul>\n<li> PFM Partner\u012bbas balvas fin\u0101lists<\/li>\n<li> Gada komercp\u0101rvad\u0101t\u0101js 2014<\/li>\n<li> Balva par lab\u0101ko inov\u0101ciju FM pakalpojumu jom\u0101<\/li>\n<li> BIFM lab\u0101k\u0101 korporat\u012bv\u0101 atbalst\u012bt\u0101ja balva<\/li>\n<li> \"Best Companies\" atz\u012bts par \"vienu no v\u0113rojam\u0101kajiem<\/li>\n<li> Izv\u0113l\u0113ts EMMA balvai konkurs\u0101 <a href=\"https:\/\/moverdb.com\/lv\/moving-companies\/\" data-internallinksmanager029f6b8e52c=\"79\" title=\"Top 25 Starptautiskie p\u0101rcel\u0161an\u0101s uz\u0146\u0113mumi tie\u0161saist\u0113\">Starptautisko p\u0101rcel\u0161an\u0101s uz\u0146\u0113mums<\/a> Gada balvas kategorij\u0101<\/li>\n<li> 2015. gada BIFM balvas fin\u0101lists kategorij\u0101 \"M\u0101c\u012b\u0161an\u0101s un karjeras att\u012bst\u012bba<\/li>\n<li> East London Chamber of Commerce\/Docklands Business Awards fin\u0101lists<\/li>\n<li> UBS gada p\u0101rdev\u0113js<\/li>\n<li> Fin\u0101listi par izcil\u012bbu klientu apkalpo\u0161an\u0101 <a href=\"\" data-internallinksmanager029f6b8e52c=\"34\" title=\"Birmingema\">Birmingema<\/a> Tirdzniec\u012bbas pal\u0101tas Biznesa balvas.<\/li>\n<\/ul>\n<p><strong>Dal\u012bba un sertifik\u0101ti<\/strong> <\/p>\n<ul>\n<li> SGS klientu apkalpo\u0161anas izcil\u012bbas standarts<\/li>\n<li> BS 8522 sertific\u0113ts<\/li>\n<li> ISO 9001 Kvalit\u0101tes vad\u012bbas sist\u0113mas - Cert FS 34113<\/li>\n<li> <a href=\"https:\/\/moverdb.com\/lv\/fidi-faim\/\">FIDI FAIMPlus sertific\u0113ts<\/a><\/li>\n<li> JAUPT ir apstiprin\u0101jis apm\u0101c\u012bbu snieg\u0161anu<\/li>\n<li> Achilles\/UVDB (B2 kategorija) sertific\u0113ts<\/li>\n<li> Sertific\u0113ts k\u0101 atbilsto\u0161s Dro\u0161a darbuz\u0146\u0113m\u0113ja nozares atbilst\u012bbas sh\u0113mai.<\/li>\n<li> Sertific\u0113ts k\u0101 atbilsto\u0161s CHAS nozares atbilst\u012bbas sh\u0113mai.<\/li>\n<li> Sertific\u0113ts k\u0101 atbilsto\u0161s B\u016bvniec\u012bbas l\u012bnijas nozares atbilst\u012bbas sh\u0113mai<\/li>\n<li> Lielbrit\u0101nijas Iek\u0101rtu p\u0101rvald\u012bbas instit\u016bta korporat\u012bvais biedrs<\/li>\n<li> O'Neil strat\u0113\u0123iskais partneris ierakstu p\u0101rvald\u012bbas sist\u0113m\u0101m<\/li>\n<li> Loceklis <a href=\"https:\/\/moverdb.com\/lv\/britu-iznemeju-asociacija\/\">BAR, Lielbrit\u0101nijas P\u0101rv\u0101c\u0113ju asoci\u0101cija<\/a><\/li>\n<li> <a href=\"https:\/\/moverdb.com\/lv\/bars-arvalstis\/\">BAR Overseas Group<\/a><\/li>\n<li> <a href=\"https:\/\/moverdb.com\/lv\/fidi-faim\/\">FIDI biedrs<\/a>, organiz\u0101cija, kas p\u0101rst\u0101v pasaules m\u0113roga p\u0101rvad\u0101t\u0101jus<\/li>\n<li> RoSPA - Karalisk\u0101s nelaimes gad\u012bjumu nov\u0113r\u0161anas biedr\u012bbas - biedrs<\/li>\n<li> <a href=\"https:\/\/moverdb.com\/lv\/esmu\/\">Starptautisk\u0101s P\u0101rv\u0101c\u0113ju asoci\u0101cijas (IAM) biedrs<\/a><\/li>\n<li> The <a href=\"https:\/\/moverdb.com\/lv\/british-association-of-removers\/\" data-internallinksmanager029f6b8e52c=\"9\" title=\"Lielbrit\u0101nijas P\u0101rv\u0101c\u0113ju asoci\u0101cijas (BAR) skaidrojumi\">Lielbrit\u0101nijas P\u0101rv\u0101c\u0113ju asoci\u0101cija<\/a> DBA <a href=\"https:\/\/moverdb.com\/lv\/mtc\/\">P\u0101rvietot\u0101ji Trading Club<\/a> (<a href=\"https:\/\/moverdb.com\/lv\/mtc\/\" data-internallinksmanager029f6b8e52c=\"30\" title=\"Movers Trading Club (MTC) Paskaidrots\">MTC<\/a>)<\/li>\n<\/ul>\n<h2>Harrow Green P\u0101rv\u0101k\u0161an\u0101s atsauksmes<\/h2>\n<div itemprop=\"review\" itemscope itemtype=\"http:\/\/schema.org\/Review\">\n<span itemprop=\"author\" itemscope=\"\" itemtype=\"http:\/\/schema.org\/Organization\"><span itemprop=\"name\">MoverDB.com<\/span><\/span> Tie\u0161saistes vietnes p\u0101rskats par <span itemprop=\"itemreviewed\" itemscope=\"\" itemtype=\"http:\/\/schema.org\/Brand\"><span itemprop=\"name\">Harrow Green<\/span><\/span>:<\/p>\n<ol>\n<li> Skaidra kontaktinform\u0101cija t\u012bmek\u013ca vietn\u0113 (tostarp t\u0101lru\u0146a numurs)? <strong>J\u0101<\/strong><\/li>\n<li> Viegli ieg\u016bt <a href=\"https:\/\/moverdb.com\/lv\/citati\/\">starptautiskie p\u0101rv\u0101k\u0161an\u0101s cit\u0101ti<\/a>? (Tie\u0161saistes t\u0101mes piepras\u012bjuma veidlapa): <strong>Da\u013c\u0113js<\/strong>, ir e-pasta veidlapa, bet nav atbilsto\u0161as cit\u0101ta veidlapas.<\/li>\n<li> Skaidra inform\u0101cija t\u012bmek\u013ca vietn\u0113: <strong>J\u0101<\/strong>, T\u012bmek\u013ca vietne ir labi izveidota un viegli saprotama un lietojama. Tr\u016bkst tikai cenu veidlapas\/cenu pied\u0101v\u0101juma veidlapas.<\/li>\n<li> Dal\u012bba starptautiski atz\u012bt\u0101s kust\u012bbu organiz\u0101cij\u0101s: <strong>J\u0101<\/strong><\/li>\n<li> Klientu saraksts un\/vai iepriek\u0161\u0113jo klientu atsauksmes: <strong>J\u0101<\/strong><\/li>\n<\/ol>\n<div itemprop=\"reviewRating\" itemscope itemtype=\"http:\/\/schema.org\/Rating\"><meta itemprop=\"worstRating\" content = \"0\" \/><meta itemprop=\"bestRating\" content=\"5\" \/><meta itemprop=\"ratingValue\" content=\"4.5\"><\/div>\n<p><strong>Kop\u0113jais v\u0113rt\u0113jums: 4,5\/5<\/strong><br \/>\n<strong>P\u0101rskata datums:<\/strong> <span itemprop=\"datePublished\" content=\"2018-01-15\">15\/01\/2018<\/span>\n<\/div>\n<p>Vair\u0101k par <a href=\"https:\/\/moverdb.com\/lv\/starptautiskie-parvaksanas-darbi\/\">Apvienot\u0101s Karalistes p\u0101rcel\u0161an\u0101s uz\u0146\u0113mumi<\/a> un m\u016bsu <a href=\"https:\/\/moverdb.com\/lv\/atsauksmes\/\">izskaidrots p\u0101rskat\u012b\u0161anas process<\/a>.<\/p>\n<p><strong>T\u012bmek\u013ca vietne:<\/strong> <a href=\"https:\/\/www.harrowgreeninternational.com\/\" target=\"_blank\" rel=\"noopener noreferrer\">https:\/\/www.harrowgreeninternational.com\/<\/a><\/p>","protected":false},"excerpt":{"rendered":"<p>Harrow Green specialise primarily in business removals, both domestic and international. Below are their core services along with reviews about the company. Harrow Green Removals Services International moving Packing services Transportation Storage services Destination package Insurance Destination services, such as handyman, home search and pet relocation Business removals Space planning New furniture supply Dismantling and [&hellip;]<\/p>\n","protected":false},"author":1,"featured_media":0,"parent":0,"menu_order":0,"comment_status":"closed","ping_status":"closed","template":"","meta":{"_genesis_hide_title":false,"_genesis_hide_breadcrumbs":false,"_genesis_hide_singular_image":false,"_genesis_hide_footer_widgets":false,"_genesis_custom_body_class":"","_genesis_custom_post_class":"","_genesis_layout":"","footnotes":""},"class_list":{"0":"post-303","1":"page","2":"type-page","3":"status-publish","5":"entry"},"_links":{"self":[{"href":"https:\/\/moverdb.com\/lv\/wp-json\/wp\/v2\/pages\/303","targetHints":{"allow":["GET"]}}],"collection":[{"href":"https:\/\/moverdb.com\/lv\/wp-json\/wp\/v2\/pages"}],"about":[{"href":"https:\/\/moverdb.com\/lv\/wp-json\/wp\/v2\/types\/page"}],"author":[{"embeddable":true,"href":"https:\/\/moverdb.com\/lv\/wp-json\/wp\/v2\/users\/1"}],"replies":[{"embeddable":true,"href":"https:\/\/moverdb.com\/lv\/wp-json\/wp\/v2\/comments?post=303"}],"version-history":[{"count":13,"href":"https:\/\/moverdb.com\/lv\/wp-json\/wp\/v2\/pages\/303\/revisions"}],"predecessor-version":[{"id":3300,"href":"https:\/\/moverdb.com\/lv\/wp-json\/wp\/v2\/pages\/303\/revisions\/3300"}],"wp:attachment":[{"href":"https:\/\/moverdb.com\/lv\/wp-json\/wp\/v2\/media?parent=303"}],"curies":[{"name":"wp","href":"https:\/\/api.w.org\/{rel}","templated":true}]}}