{"id":2804,"date":"2018-05-18T20:05:25","date_gmt":"2018-05-18T20:05:25","guid":{"rendered":"https:\/\/moverdb.com\/?page_id=2804"},"modified":"2026-01-08T14:48:10","modified_gmt":"2026-01-08T14:48:10","slug":"datu-apstrades-politika","status":"publish","type":"page","link":"https:\/\/moverdb.com\/lv\/data-processing-policy\/","title":{"rendered":"Datu apstr\u0101des politika"},"content":{"rendered":"<p>\u0160aj\u0101 datu apstr\u0101des politik\u0101 vienk\u0101r\u0161\u0101 ang\u013cu valod\u0101 ir izskaidrots, k\u0101 MoverDB.com apstr\u0101d\u0101 datus, lai j\u016bs var\u0113tu izdar\u012bt apzin\u0101tu izv\u0113li par to, vai v\u0113laties izmantot m\u016bsu pakalpojumus. M\u0113s to izveidoj\u0101m k\u0101 atbildi uz GDPR. T\u0101 ir vienk\u0101r\u0161\u0101 ang\u013cu valod\u0101 sniegts detaliz\u0113ts papildin\u0101jums m\u016bsu <a href=\"https:\/\/moverdb.com\/lv\/privatuma-politika\/\">Konfidencialit\u0101tes politika<\/a> un <a href=\"https:\/\/moverdb.com\/lv\/lietosanas-noteikumi\/\">Noteikumi un nosac\u012bjumi<\/a>.<\/p>\n<p>MoverDB.com ir bezmaksas t\u012bmek\u013ca vietne, un, lai to izmantotu, nav oblig\u0101ti j\u0101re\u0123istr\u0113jas un\/vai j\u0101ievada personas dati. Visa inform\u0101cija ikvienam ir pieejama bez maksas.<\/p>\n<p>Tom\u0113r m\u0113s akt\u012bvi un pas\u012bvi v\u0101cam un apstr\u0101d\u0101jam datus, par kuriem, m\u016bsupr\u0101t, jums vajadz\u0113tu zin\u0101t. Visas vietnes lapas un dati tiek nos\u016bt\u012bti, izmantojot dro\u0161u SSL tehnolo\u0123iju.<\/p>\n<p>Visas m\u016bsu akt\u012bv\u0101s datu apstr\u0101des darb\u012bbas (sk. turpm\u0101k) tiek veiktas, izmantojot <strong>piekri\u0161anas pamats<\/strong> un m\u016bsu pas\u012bv\u0101s datu apstr\u0101des darb\u012bbas (sk. turpm\u0101k) tiek veiktas, izmantojot <strong>le\u0123it\u012bmo intere\u0161u pamats<\/strong>. <\/p>\n<p>MoverDB.com apstr\u0101d\u0101 vair\u0101ku veidu datus vair\u0101kiem da\u017e\u0101diem m\u0113r\u0137iem, izmantojot vair\u0101kus tre\u0161o pu\u0161u partnerus un platformas.<\/p>\n<p><strong>Akt\u012bv\u0101s datu apstr\u0101des darb\u012bbas <\/strong><\/p>\n<p>M\u016bsu galven\u0101 datu apstr\u0101des darb\u012bba ir pal\u012bdz\u0113t cilv\u0113kiem sa\u0146emt cit\u0101tus par p\u0101rcel\u0161anos uz \u0101rzem\u0113m, izmantojot bezmaksas un beznodok\u013cu cenu aptaujas pakalpojumu. To ir paredz\u0113ts izmantot person\u0101m gan ES, gan \u0101rpus t\u0101s.<\/p>\n<p>L\u016bdzu, \u0146emiet v\u0113r\u0101 ar\u012b to, ka MoverDB.com pats nesniedz cit\u0101tus, bet ir sadarbojies ar <a href=\"https:\/\/moverdb.com\/lv\/international-removals\/\" data-internallinksmanager029f6b8e52c=\"27\" title=\"36 Lab\u0101kie starptautisko p\u0101rvad\u0101jumu uz\u0146\u0113mumi Apvienotaj\u0101 Karalist\u0113\">Starptautiskie p\u0101rv\u0101k\u0161an\u0101s darbi<\/a> Direct, TriGlobal B.V. un MyMovingLoads, lai sniegtu cit\u0101tus. Katrs no tiem savuk\u0101rt sadarbojas tie\u0161i ar saviem <a href=\"https:\/\/moverdb.com\/lv\/moving-companies\/\" data-internallinksmanager029f6b8e52c=\"79\" title=\"Top 25 Starptautiskie p\u0101rcel\u0161an\u0101s uz\u0146\u0113mumi tie\u0161saist\u0113\">P\u0101rvieto\u0161an\u0101s uz\u0146\u0113mumi<\/a>. <\/p>\n<p>T\u0101p\u0113c m\u0113s darbojamies gan k\u0101 datu p\u0101rzinis (jo m\u0113s nos\u016bt\u0101m vi\u0146iem datus), gan k\u0101 datu apstr\u0101d\u0101t\u0101js (jo vi\u0146i inform\u0113, k\u0101di dati vi\u0146iem ir vajadz\u012bgi, un lemj, k\u0101 tos apstr\u0101d\u0101t). Visi dati, ko m\u0113s apkopojam to v\u0101rd\u0101, ir nepiecie\u0161ami, lai pal\u012bdz\u0113tu atlas\u012bt jums piem\u0113rot\u0101kos pieg\u0101d\u0101t\u0101jus. Ja nev\u0113laties dal\u012bties ar noteiktu inform\u0101ciju, varat to dar\u012bt br\u012bvi un joproj\u0101m varat atrast visp\u0101r\u012bgus <a href=\"https:\/\/moverdb.com\/lv\/konteineru-parvadajumi\/\">cenu inform\u0101cija \u0161eit<\/a>.<\/p>\n<p>Tas, ar kuru uz\u0146\u0113mumu tiks veikta j\u016bsu datu apstr\u0101de, b\u016bs atkar\u012bgs gan no t\u0101, k\u0101du veidlapu izmantojat, gan no kurienes p\u0101rce\u013caties.  <\/p>\n<p><strong>Galven\u0101 veidlapa (lapas aug\u0161pus\u0113)<\/strong><\/p>\n<p>M\u016bsu galven\u0101 veidlapa izskat\u0101s \u0161\u0101di:<\/p>\n<p><img loading=\"lazy\" decoding=\"async\" width=\"833\" height=\"365\" src=\"https:\/\/moverdb.com\/wp-content\/uploads\/Top-page-form.png\" alt=\"\" class=\"aligncenter size-full wp-image-3236\" srcset=\"https:\/\/moverdb.com\/wp-content\/uploads\/Top-page-form.png 833w, https:\/\/moverdb.com\/wp-content\/uploads\/Top-page-form-300x131.png 300w\" sizes=\"auto, (max-width: 833px) 100vw, 833px\" \/><\/p>\n<p>M\u0113s pa\u0161i apkopojam \u0161\u012bs veidlapas datus un p\u0113c tam izlemjam, kur tie tiks nos\u016bt\u012bti.  <\/p>\n<p>\u0160eit ir apkopoti dati un to apkopo\u0161anas iemesls:<\/p>\n<ul>\n<li> Kur J\u016bs p\u0101rce\u013caties: Tas pal\u012bdz ieg\u016bt prec\u012bzus pied\u0101v\u0101jumus un filtr\u0113 potenci\u0101los p\u0101rvieto\u0161an\u0101s uz\u0146\u0113mumus.<\/li>\n<li> Pa\u0161reiz\u0113j\u0101 adrese\/pasta indekss\/pasta indekss\/ pils\u0113ta\/valsts: Tas pal\u012bdz ieg\u016bt prec\u012bzus pied\u0101v\u0101jumus un filtr\u0113 potenci\u0101los p\u0101rcel\u0161an\u0101s uz\u0146\u0113mumus.<\/li>\n<li> Uz k\u0101du pils\u0113tu j\u016bs p\u0101rce\u013caties: Tas pal\u012bdz ieg\u016bt prec\u012bzus pied\u0101v\u0101jumus un filtr\u0113 potenci\u0101los p\u0101rvieto\u0161an\u0101s uz\u0146\u0113mumus.<\/li>\n<li> Paredzamais p\u0101rvieto\u0161anas lielums: Tas pal\u012bdz ieg\u016bt prec\u012bzus pied\u0101v\u0101jumus un atlas\u012bt potenci\u0101los p\u0101rvieto\u0161an\u0101s uz\u0146\u0113mumus.<\/li>\n<li> Nos\u016bt\u0101mie priek\u0161meti: Tas pal\u012bdz ieg\u016bt prec\u012bzus pied\u0101v\u0101jumus, atlas\u012bt potenci\u0101los p\u0101rcel\u0161an\u0101s uz\u0146\u0113mumus un nodro\u0161ina, ka j\u016bs nem\u0113\u0123in\u0101t p\u0101rvad\u0101t neko nelikum\u012bgu.<\/li>\n<li> Paredzamais p\u0101rcel\u0161an\u0101s datums: Tas pal\u012bdz ieg\u016bt prec\u012bzus pied\u0101v\u0101jumus, k\u0101 ar\u012b j\u0101apzin\u0101s, ka liel\u0101k\u0101 da\u013ca uz\u0146\u0113mumu nevar sniegt pied\u0101v\u0101jumus par p\u0101rcel\u0161anos vair\u0101k nek\u0101 3 m\u0113ne\u0161us iepriek\u0161.<\/li>\n<li> J\u016bsu v\u0101rds un uzv\u0101rds: Lai uz\u0146\u0113mumi zin\u0101tu, ar ko tie sadarbojas.<\/li>\n<li> J\u016bsu e-pasta adrese: e-pasta adrese: Kur var nos\u016bt\u012bt pied\u0101v\u0101jumus un sazin\u0101ties ar jums par j\u016bsu piepras\u012bjumu.<\/li>\n<li> J\u016bsu t\u0101lru\u0146a numurs: T\u0101lrunis: nepiecie\u0161ams, lai uz\u0146\u0113mumi var\u0113tu ar jums sazin\u0101ties par j\u016bsu cenu pied\u0101v\u0101jumu.<\/li>\n<\/ul>\n<p>Kad visi dati ir ievad\u012bti un veidlapa ir nos\u016bt\u012bta, tiks veiktas \u0161\u0101das darb\u012bbas:<\/p>\n<ul>\n<li> J\u016bs redz\u0113siet m\u016bsu pateic\u012bbas zi\u0146ojumu, kur\u0101 iek\u013cauts ar\u012b r\u012bks no <a href=\"https:\/\/moverdb.com\/lv\/international-money-transfer-services\/currencies-direct-review\/\" data-internallinksmanager029f6b8e52c=\"237\" title=\"Val\u016btas tie\u0161o starptautisko naudas p\u0101rvedumu p\u0101rskats 2023\">Val\u016btas Direct<\/a> kas var pal\u012bdz\u0113t noskaidrot, k\u0101 apmain\u012bt \u0101rvalstu val\u016btu.<\/li>\n<li> P\u0113c tam veidlapas dati, izmantojot dro\u0161u SSL t\u012bmek\u013ca \u0101\u0137i, tiek nos\u016bt\u012bti uz Zapier.com, kas pal\u012bdz. <a href=\"https:\/\/moverdb.com\/lv\/moving-to-the-united-states\/\" data-internallinksmanager029f6b8e52c=\"94\" title=\"P\u0101rce\u013caties uz Amerikas Savienotaj\u0101m Valst\u012bm? 2022 Dz\u012bves izmaksas un p\u0101rcel\u0161an\u0101s padomi\">mums<\/a> apstr\u0101d\u0101t datus, izmantojot t\u0101 saukto Zap.<\/li>\n<li> Kad Zapier.com sa\u0146em datus, Zap filtr\u0113 visus sav\u0101ktos datus uz International Removals Direct (p\u0101rcel\u0161an\u0101s no <a href=\"https:\/\/moverdb.com\/lv\/moving-to-the-uk\/\" data-internallinksmanager029f6b8e52c=\"93\" title=\"P\u0101rce\u013caties uz Apvienoto Karalisti? 2022 Dz\u012bves izmaksas un p\u0101rcel\u0161an\u0101s padomi\">APVIENOT\u0100 KARALISTE<\/a>) vai TriGlobal B.V. (p\u0101rvietojoties no jebkuras citas vietas pasaul\u0113), izmantojot dro\u0161u SSL t\u012bmek\u013ca savienojumu. P\u0113c tam tie p\u0101rbaud\u012bs j\u016bsu datus un nos\u016bt\u012bs j\u016bsu piepras\u012bjumu l\u012bdz 6 attiec\u012bgajiem p\u0101rcel\u0161an\u0101s uz\u0146\u0113mumiem, kuri savuk\u0101rt var sazin\u0101ties ar jums pa t\u0101lruni un\/vai e-pastu. Jums nav pien\u0101kuma kaut ko ieg\u0101d\u0101ties, un j\u016bs varat vi\u0146us inform\u0113t, ka nev\u0113laties to dar\u012bt. Turkl\u0101t j\u016bs varat ar\u012b l\u016bgt mums atcelt j\u016bsu piepras\u012bjumu, izmantojot m\u016bsu <a href=\"https:\/\/moverdb.com\/lv\/sazinieties-ar-mums\/\">kontaktinform\u0101cija<\/a>.<\/li>\n<li> P\u0113c datu nos\u016bt\u012b\u0161anas Zap nos\u016bt\u012bs form\u0101 ievad\u012bto e-pasta adresi uz Mailchimp, izmantojot Zapier integr\u0101ciju. P\u0113c tam tiks nos\u016bt\u012bts autom\u0101tisks e-pasts, kur\u0101 tiks apstiprin\u0101ts piepras\u012bjums un v\u0113lreiz paskaidrots, ko sagaid\u012bt. P\u0113c tam aptuveni 5 dienas p\u0113c piepras\u012bjuma nos\u016bt\u012bs 1 turpm\u0101ku e-pasta v\u0113stuli, sniedzot pla\u0161\u0101ku inform\u0101ciju par naudas p\u0101rvieto\u0161anu uz \u0101rzem\u0113m kop\u0101 ar prec\u0113m. Tas tiek nos\u016bt\u012bts, jo esam konstat\u0113ju\u0161i, ka daudzi cilv\u0113ki ir neizpratn\u0113 par da\u017e\u0101d\u0101m iesp\u0113j\u0101m, kad runa ir par naudas nos\u016bt\u012b\u0161anu uz \u0101rzem\u0113m. J\u016bs varat viegli atteikties no visiem e-pastiem, noklik\u0161\u0137inot uz atteik\u0161an\u0101s saites katra e-pasta aug\u0161da\u013c\u0101 vai apak\u0161da\u013c\u0101, kas atcels visus turpm\u0101kos e-pastus. M\u0113s ar\u012b regul\u0101ri dz\u0113\u0161am e-pasta v\u0113stules vismaz reizi gad\u0101.<\/li>\n<li> \u0160aj\u0101 posm\u0101 Zap ir pabeigts, un Zapier autom\u0101tiski dz\u0113s\u012bs visus datus 90 dienu laik\u0101. Tas dod mums laiku, lai pal\u012bdz\u0113tu atrisin\u0101t visas probl\u0113mas, bet noz\u012bm\u0113, ka dati netiek glab\u0101ti ilg\u0101k, nek\u0101 nepiecie\u0161ams.<\/li>\n<li> M\u0113s saglab\u0101sim j\u016bsu e-pasta adresi (un neko citu) pfr l\u012bdz 1 gadam, izmantojot Mailchimp.<\/li>\n<li> International Removals Direct un TriGlobal B.V. saglab\u0101s inform\u0101ciju tik ilgi, cik to nosaka to iek\u0161\u0113j\u0101 politika. Ja jums ir k\u0101das ba\u017eas par vi\u0146u r\u012bc\u012bb\u0101 eso\u0161ajiem datiem, l\u016bdzu, sazinieties ar mums, un m\u0113s dar\u012bsim visu iesp\u0113jamo, lai jums pal\u012bdz\u0113tu.<\/li>\n<\/ul>\n<p><strong>Sekund\u0101r\u0101 veidlapa #1 (lapas vidusda\u013ca)<\/strong><\/p>\n<p>M\u016bsu sekund\u0101r\u0101 forma #1 izskat\u0101s \u0161\u0101di.<\/p>\n<p><img loading=\"lazy\" decoding=\"async\" width=\"907\" height=\"512\" src=\"https:\/\/moverdb.com\/wp-content\/uploads\/bottom-page-form.png\" alt=\"\" class=\"aligncenter size-full wp-image-3235\" srcset=\"https:\/\/moverdb.com\/wp-content\/uploads\/bottom-page-form.png 907w, https:\/\/moverdb.com\/wp-content\/uploads\/bottom-page-form-300x169.png 300w\" sizes=\"auto, (max-width: 907px) 100vw, 907px\" \/><\/p>\n<p>\u0160o veidlapu nodro\u0161ina MyMovingLoads, un m\u0113s nekontrol\u0113jam, k\u0101 t\u0101 tiek nos\u016bt\u012bta vai apstr\u0101d\u0101ta. <\/p>\n<p>\u0160eit ir apkopoti dati:<\/p>\n<ul>\n<li> Izcelsmes valsts\/ pils\u0113ta un pieg\u0101des valsts un pieg\u0101des pils\u0113ta: Tas pal\u012bdz ieg\u016bt prec\u012bzus pied\u0101v\u0101jumus un filtr\u0113 potenci\u0101los p\u0101rcel\u0161an\u0101s uz\u0146\u0113mumus.<\/li>\n<li> P\u0101rcel\u0161an\u0101s datums: Tas pal\u012bdz ieg\u016bt prec\u012bzus cit\u0101tus, k\u0101 ar\u012b j\u0101apzin\u0101s, ka liel\u0101k\u0101 da\u013ca uz\u0146\u0113mumu nevar sniegt cit\u0101tus par p\u0101rvieto\u0161anos vair\u0101k nek\u0101 3 m\u0113ne\u0161us iepriek\u0161.<\/li>\n<li> Izv\u0113lieties m\u0101jas lielumu: Tas pal\u012bdz ieg\u016bt prec\u012bzas kot\u0101cijas un filtr\u0113 potenci\u0101los p\u0101rvieto\u0161an\u0101s uz\u0146\u0113mumus.<<\/li>\n<li> V\u0101rds un uzv\u0101rds: Lai uz\u0146\u0113mumi zin\u0101tu, ar ko tie sadarbojas.<\/li>\n<li> T\u0101lrunis: T\u0101lrunis: nepiecie\u0161ams, lai uz\u0146\u0113mumi var\u0113tu ar jums sazin\u0101ties par cenu pied\u0101v\u0101jumu.<\/li>\n<li> J\u016bsu e-pasta adrese: e-pasta adrese: kur var nos\u016bt\u012bt cit\u0101tus un veids, k\u0101 sazin\u0101ties ar jums par j\u016bsu piepras\u012bjumu.<\/li>\n<\/ul>\n<p>Kad visi dati ir ievad\u012bti un veidlapa ir nos\u016bt\u012bta, tiks veiktas \u0161\u0101das darb\u012bbas:<\/p>\n<ul>\n<li> Tiek par\u0101d\u012bts pateic\u012bbas pazi\u0146ojums.<\/li>\n<li> Dati tiks nos\u016bt\u012bti MyMovingLoads, kas tos apstr\u0101d\u0101s saska\u0146\u0101 ar saviem pakalpojumu snieg\u0161anas noteikumiem, kuriem jums ir j\u0101piekr\u012bt, iesniedzot veidlapu.<\/li>\n<\/ul>\n<p><strong>Sekund\u0101r\u0101 veidlapa #2 (lapas apak\u0161\u0101)<\/strong><\/p>\n<p>M\u016bsu sekund\u0101r\u0101 forma #2 izskat\u0101s \u0161\u0101di:<\/p>\n<p><img loading=\"lazy\" decoding=\"async\" src=\"https:\/\/moverdb.com\/wp-content\/uploads\/Triglobal-form.png\" alt=\"\" width=\"597\" height=\"795\" class=\"aligncenter size-full wp-image-3269\" srcset=\"https:\/\/moverdb.com\/wp-content\/uploads\/Triglobal-form.png 597w, https:\/\/moverdb.com\/wp-content\/uploads\/Triglobal-form-225x300.png 225w\" sizes=\"auto, (max-width: 597px) 100vw, 597px\" \/><\/p>\n<p>\u0160o veidlapu nodro\u0161ina TriGlobal B.V., un m\u0113s nekontrol\u0113jam, k\u0101 t\u0101 tiek nos\u016bt\u012bta vai apstr\u0101d\u0101ta.<\/p>\n<p>\u0160eit ir apkopoti dati:<\/p>\n<ul>\n<li> Inform\u0101cija par pa\u0161reiz\u0113jo adresi un pieg\u0101des adresi (iela, pasta indekss, pils\u0113ta un valsts): Tas pal\u012bdz ieg\u016bt prec\u012bzus pied\u0101v\u0101jumus un filtr\u0113 potenci\u0101los p\u0101rcel\u0161an\u0101s uz\u0146\u0113mumus.<\/li>\n<li> P\u0101rvieto\u0161an\u0101s lielums: Pal\u012bdz rad\u012bt prec\u012bzus pied\u0101v\u0101jumus<\/li>\n<li> P\u0101rcel\u0161an\u0101s datums: Tas pal\u012bdz ieg\u016bt prec\u012bzus cit\u0101tus, k\u0101 ar\u012b j\u0101apzin\u0101s, ka liel\u0101k\u0101 da\u013ca uz\u0146\u0113mumu nevar sniegt cit\u0101tus par p\u0101rvieto\u0161anos vair\u0101k nek\u0101 3 m\u0113ne\u0161us iepriek\u0161.<\/li>\n<li> Paredzamais tilpums ft3 (p\u0113c izv\u0113les): pal\u012bdz sagatavot prec\u012bz\u0101ku pied\u0101v\u0101jumu.<\/li>\n<li> Iepako\u0161ana\/mont\u0101\u017ea (p\u0113c izv\u0113les): pal\u012bdz jums sniegt prec\u012bz\u0101ku cenu pied\u0101v\u0101jumu.<\/li>\n<li> Piez\u012bmes (p\u0113c izv\u0113les): \u0160eit varat pievienot \u012bpa\u0161us piepras\u012bjumus, jaut\u0101jumus utt.<\/li>\n<li> P\u0101rvieto\u0161anas veids: Tas pal\u012bdz nos\u016bt\u012bt j\u016bsu pied\u0101v\u0101jumu pareizajam departamentam, kas p\u0101rvietojas uz\u0146\u0113mumos.<\/li>\n<li> V\u0101rds un uzv\u0101rds: Lai uz\u0146\u0113mumi zin\u0101tu, ar ko tie sadarbojas.<\/li>\n<li> T\u0101lrunis #1: Nepiecie\u0161ams, lai uz\u0146\u0113mumi var\u0113tu ar jums sazin\u0101ties par j\u016bsu cenu.<\/li>\n<li> E-pasts: E-pasts: kur var nos\u016bt\u012bt pied\u0101v\u0101jumus un sazin\u0101ties ar jums par j\u016bsu piepras\u012bjumu.<\/li>\n<\/ul>\n<p>Kad visi dati ir ievad\u012bti un veidlapa ir nos\u016bt\u012bta, tiks veiktas \u0161\u0101das darb\u012bbas:<\/p>\n<ul>\n<li> Tiek par\u0101d\u012bts pateic\u012bbas pazi\u0146ojums.<\/li>\n<li> Dati tiks nos\u016bt\u012bti uz\u0146\u0113mumam TriGlobal B.V., kas tos apstr\u0101d\u0101s saska\u0146\u0101 ar saviem pakalpojumu noteikumiem.<\/li>\n<\/ul>\n<p><strong>Pas\u012bv\u0101s datu apstr\u0101des darb\u012bbas <\/strong><\/p>\n<p>M\u0113s izmantojam \u0161\u0101dus tre\u0161o pu\u0161u r\u012bkus, lai pal\u012bdz\u0113tu mums uztur\u0113t lietojamu vietni. Tie mums nesniedz nek\u0101du personisku inform\u0101ciju par jums, tom\u0113r tie var v\u0101kt inform\u0101ciju par jums un\/vai j\u016bsu datoru, kas var tikt uzskat\u012bta par personisku inform\u0101ciju.<\/p>\n<p>Zem\u0101k m\u0113s izkl\u0101st\u0101m, k\u0101diem nol\u016bkiem m\u0113s izmantojam katru no tiem un kur varat uzzin\u0101t vair\u0101k par to, k\u0101 tie var v\u0101kt un izmantot personas datus:<\/p>\n<p><strong>Google Analytics:<\/strong> M\u0113s to izmantojam, lai apkopot\u0101 veid\u0101 izsekotu, k\u0101 cilv\u0113ki izmanto m\u016bsu vietni. M\u0113s to neizmantojam, lai izsekotu individu\u0101lus lietot\u0101jus. \u0160eit ir galvenie iestat\u012bjumi, ko m\u0113s pa\u0161laik izmantojam:<\/p>\n<ul>\n<li>T\u0101l\u0101kp\u0101rdo\u0161ana: OFF<\/li>\n<li>Rekl\u0101mas zi\u0146o\u0161anas funkcijas: OFF<\/li>\n<li>Lietot\u0101ju un notikumu datu saglab\u0101\u0161ana: Iestat\u012bts, ka termi\u0146\u0161 beidzas p\u0113c 14 m\u0113ne\u0161iem (\u012bs\u0101kais pied\u0101v\u0101tais variants).<\/li>\n<li>Atiestat\u012bt jaunu darb\u012bbu: ON<\/li>\n<li>Lietot\u0101ja ID: OFF<\/li>\n<li>Pie\u0146emts VDAR datu apstr\u0101des groz\u012bjums<\/li>\n<\/ul>\n<p>Google pa\u0161laik pied\u0101v\u0101 Analytics atteik\u0161an\u0101s iesp\u0113ju <a href=\"https:\/\/support.google.com\/analytics\/answer\/181881?hl=en\" rel=\"noopener\" target=\"_blank\">\u0161eit<\/a> vai ar\u012b varat izmantot tre\u0161\u0101s puses r\u012bku, piem\u0113ram. <a href=\"https:\/\/www.ghostery.com\/\" rel=\"noopener\" target=\"_blank\">Ghostery<\/a>.<\/p>\n<p><strong>Facebook soci\u0101lais grafiks:<\/strong> Tas tiek izmantots, lai atvieglotu m\u016bsu vietnes un emu\u0101ra satura kop\u012bgo\u0161anu soci\u0101laj\u0101 t\u012bkl\u0101 Facebook un lai cilv\u0113ki var\u0113tu redz\u0113t, cik bie\u017ei saturs ir sasmalcin\u0101ts. M\u0113s to neizmantojam nek\u0101dai atk\u0101rtotai reklam\u0113\u0161anai vai m\u0113r\u0137auditorijas mai\u0146ai. Skat\u012bt Facebook <a href=\"https:\/\/www.facebook.com\/help\/1701730696756992\/?helpref=hc_fnav\" rel=\"noopener\" target=\"_blank\">Datu lapa<\/a> vair\u0101k par to, k\u0101 t\u0101s izmanto j\u016bsu datus.<\/p>\n<p><strong>Koplieto\u0161ana soci\u0101lajos pla\u0161sazi\u0146as l\u012bdzek\u013cos:<\/strong> Papildus Facebook soci\u0101lajam grafam m\u016bsu vietn\u0113 ir ar\u012b G+, Twitter un LinkedIn kop\u012bgo\u0161anas pogas, lai atvieglotu m\u016bsu satura kop\u012bgo\u0161anu \u0161aj\u0101s platform\u0101s. J\u016bs varat redz\u0113t <a href=\"https:\/\/policies.google.com\/privacy\" rel=\"noopener\" target=\"_blank\">G+ konfidencialit\u0101tes politika \u0161eit<\/a>, Twitter <a href=\"https:\/\/twitter.com\/en\/privacy\" rel=\"noopener\" target=\"_blank\">Konfidencialit\u0101tes politika<\/a> \u0161eit un <a href=\"https:\/\/www.linkedin.com\/legal\/privacy-policy\" rel=\"noopener\" target=\"_blank\">LinkedIn konfidencialit\u0101tes politika \u0161eit<\/a>.<\/p>\n<p><strong>\u0100r\u0113j\u0101s \/ fili\u0101\u013cu saites:<\/strong> Da\u017ek\u0101rt \u0101r\u0113j\u0101s saites m\u0113s izsekojam, izmantojot Google Analytics un\/vai tre\u0161o pu\u0161u partneru izseko\u0161anas platformas. Jebk\u0101da veida izseko\u0161ana notiek tikai tad, ja j\u016bs noklik\u0161\u0137in\u0101t uz \u0101r\u0113j\u0101s saites. Katras lapas apak\u0161\u0101, kur tas notiek, m\u0113s atkl\u0101jam, kuras saites ir partneru saites, bet, ja j\u016bs par to uztrauc tas, visvienk\u0101r\u0161\u0101k\u0101 iesp\u0113ja ir nespiest uz \u0101r\u0113j\u0101m sait\u0113m m\u016bsu vietn\u0113.<\/p>\n<p><strong>Web hostings:<\/strong> M\u0113s izmantojam StudioPress vietnes, lai mitin\u0101tu m\u016bsu vietni. T\u0101pat k\u0101 vairums webhostinga uz\u0146\u0113mumu, tie uztur vietnes \u017eurn\u0101lus, lai gan mums nav tie\u0161as piek\u013cuves tiem. J\u016bs varat uzzin\u0101t vair\u0101k par vi\u0146u r\u012bc\u012bb\u0101 eso\u0161ajiem datiem. <a href=\"https:\/\/www.studiopress.com\/privacy-policy\/\" rel=\"noopener\" target=\"_blank\">priv\u0101tuma politika<\/a>.<\/p>","protected":false},"excerpt":{"rendered":"<p>This Data Processing Policy explains in plain English how MoverDB.com processes data so you can make an informed choice about whether or not you&#8217;d like to use our services. We&#8217;ve created it as a response to GDPR. It is a plain English, detailed, addition to our Privacy Policy and Terms and Conditions. MoverDB.com is a [&hellip;]<\/p>\n","protected":false},"author":1,"featured_media":0,"parent":0,"menu_order":0,"comment_status":"closed","ping_status":"closed","template":"","meta":{"_genesis_hide_title":false,"_genesis_hide_breadcrumbs":false,"_genesis_hide_singular_image":false,"_genesis_hide_footer_widgets":false,"_genesis_custom_body_class":"","_genesis_custom_post_class":"","_genesis_layout":"","footnotes":""},"class_list":{"0":"post-2804","1":"page","2":"type-page","3":"status-publish","5":"entry","6":"has-post-thumbnail"},"_links":{"self":[{"href":"https:\/\/moverdb.com\/lv\/wp-json\/wp\/v2\/pages\/2804","targetHints":{"allow":["GET"]}}],"collection":[{"href":"https:\/\/moverdb.com\/lv\/wp-json\/wp\/v2\/pages"}],"about":[{"href":"https:\/\/moverdb.com\/lv\/wp-json\/wp\/v2\/types\/page"}],"author":[{"embeddable":true,"href":"https:\/\/moverdb.com\/lv\/wp-json\/wp\/v2\/users\/1"}],"replies":[{"embeddable":true,"href":"https:\/\/moverdb.com\/lv\/wp-json\/wp\/v2\/comments?post=2804"}],"version-history":[{"count":16,"href":"https:\/\/moverdb.com\/lv\/wp-json\/wp\/v2\/pages\/2804\/revisions"}],"predecessor-version":[{"id":3270,"href":"https:\/\/moverdb.com\/lv\/wp-json\/wp\/v2\/pages\/2804\/revisions\/3270"}],"wp:attachment":[{"href":"https:\/\/moverdb.com\/lv\/wp-json\/wp\/v2\/media?parent=2804"}],"curies":[{"name":"wp","href":"https:\/\/api.w.org\/{rel}","templated":true}]}}