{"id":2752,"date":"2017-05-09T16:25:21","date_gmt":"2017-05-09T16:25:21","guid":{"rendered":"https:\/\/moverdb.com\/?page_id=2752"},"modified":"2026-01-08T14:47:12","modified_gmt":"2026-01-08T14:47:12","slug":"auto-transporta-nosutisana","status":"publish","type":"page","link":"https:\/\/moverdb.com\/lv\/car-transport-shipping\/","title":{"rendered":"2026 Starptautiskais autotransports un transportl\u012bdzek\u013cu p\u0101rvad\u0101\u0161anas cit\u0101ti"},"content":{"rendered":"<p>Mekl\u0113jat starptautisko automobi\u013cu vai transportl\u012bdzek\u013cu transport\u0113\u0161anu, bet nezin\u0101t, ar ko s\u0101kt? M\u0113s varam jums pal\u012bdz\u0113t, s\u0101kot ar uz\u0146\u0113mumiem, izmaks\u0101m un beidzot ar cenu pied\u0101v\u0101jumu. <\/p>\n<p>J\u016bs varat s\u0101kt darbu uzreiz, izmantojot m\u016bsu pied\u0101v\u0101juma veidlapu, vai ar\u012b turpiniet las\u012bt m\u016bsu ce\u013cvedi, lai uzzin\u0101tu vair\u0101k.<\/p>\n<p><img loading=\"lazy\" decoding=\"async\" width=\"720\" height=\"480\" src=\"https:\/\/moverdb.com\/wp-content\/uploads\/car-transport-shipping.jpg\" alt=\"2019 Starptautiskais autotransports un transportl\u012bdzek\u013cu p\u0101rvad\u0101\u0161anas cit\u0101ti\" class=\"aligncenter size-full wp-image-2753\" srcset=\"https:\/\/moverdb.com\/wp-content\/uploads\/car-transport-shipping.jpg 720w, https:\/\/moverdb.com\/wp-content\/uploads\/car-transport-shipping-300x200.jpg 300w, https:\/\/moverdb.com\/wp-content\/uploads\/car-transport-shipping-600x400.jpg 600w\" sizes=\"auto, (max-width: 720px) 100vw, 720px\" \/><\/p>\n<div id=\"ez-toc-container\" class=\"ez-toc-v2_0_82_2 ez-toc-wrap-left counter-hierarchy ez-toc-counter ez-toc-transparent ez-toc-container-direction\">\n<div class=\"ez-toc-title-container\">\n<p class=\"ez-toc-title\" style=\"cursor:inherit\">Sada\u013cas<\/p>\n<span class=\"ez-toc-title-toggle\"><a href=\"#\" class=\"ez-toc-pull-right ez-toc-btn ez-toc-btn-xs ez-toc-btn-default ez-toc-toggle\" aria-label=\"P\u0101rsl\u0113gt satura tabulu\"><span class=\"ez-toc-js-icon-con\"><span class=\"\"><span class=\"eztoc-hide\" style=\"display:none;\">P\u0101rsl\u0113gt<\/span><span class=\"ez-toc-icon-toggle-span\"><svg style=\"fill: #999;color:#999\" xmlns=\"http:\/\/www.w3.org\/2000\/svg\" class=\"list-377408\" width=\"20px\" height=\"20px\" viewbox=\"0 0 24 24\" fill=\"none\"><path d=\"M6 6H4v2h2V6zm14 0H8v2h12V6zM4 11h2v2H4v-2zm16 0H8v2h12v-2zM4 16h2v2H4v-2zm16 0H8v2h12v-2z\" fill=\"currentColor\"><\/path><\/svg><svg style=\"fill: #999;color:#999\" class=\"arrow-unsorted-368013\" xmlns=\"http:\/\/www.w3.org\/2000\/svg\" width=\"10px\" height=\"10px\" viewbox=\"0 0 24 24\" version=\"1.2\" baseprofile=\"tiny\"><path d=\"M18.2 9.3l-6.2-6.3-6.2 6.3c-.2.2-.3.4-.3.7s.1.5.3.7c.2.2.4.3.7.3h11c.3 0 .5-.1.7-.3.2-.2.3-.5.3-.7s-.1-.5-.3-.7zM5.8 14.7l6.2 6.3 6.2-6.3c.2-.2.3-.5.3-.7s-.1-.5-.3-.7c-.2-.2-.4-.3-.7-.3h-11c-.3 0-.5.1-.7.3-.2.2-.3.5-.3.7s.1.5.3.7z\"\/><\/svg><\/span><\/span><\/span><\/a><\/span><\/div>\n<nav><ul class='ez-toc-list ez-toc-list-level-1 eztoc-toggle-hide-by-default' ><li class='ez-toc-page-1 ez-toc-heading-level-2'><a class=\"ez-toc-link ez-toc-heading-1\" href=\"https:\/\/moverdb.com\/lv\/car-transport-shipping\/#Auto_Transport_Companies\" >Autotransporta uz\u0146\u0113mumi<\/a><ul class='ez-toc-list-level-3' ><li class='ez-toc-heading-level-3'><a class=\"ez-toc-link ez-toc-heading-2\" href=\"https:\/\/moverdb.com\/lv\/car-transport-shipping\/#US_Canadian_Auto_Transport_Companies\" >ASV un Kan\u0101das autotransporta uz\u0146\u0113mumi<\/a><\/li><li class='ez-toc-page-1 ez-toc-heading-level-3'><a class=\"ez-toc-link ez-toc-heading-3\" href=\"https:\/\/moverdb.com\/lv\/car-transport-shipping\/#UK_Car_Transport_Companies\" >Apvienot\u0101s Karalistes autotransporta uz\u0146\u0113mumi<\/a><\/li><li class='ez-toc-page-1 ez-toc-heading-level-3'><a class=\"ez-toc-link ez-toc-heading-4\" href=\"https:\/\/moverdb.com\/lv\/car-transport-shipping\/#Australian_Car_Transport_Companies\" >Austr\u0101lijas autotransporta uz\u0146\u0113mumi<\/a><\/li><\/ul><\/li><li class='ez-toc-page-1 ez-toc-heading-level-2'><a class=\"ez-toc-link ez-toc-heading-5\" href=\"https:\/\/moverdb.com\/lv\/car-transport-shipping\/#International_Car_Transport_Costs\" >Starptautisk\u0101s automa\u0161\u012bnu transport\u0113\u0161anas izmaksas<\/a><ul class='ez-toc-list-level-3' ><li class='ez-toc-heading-level-3'><a class=\"ez-toc-link ez-toc-heading-6\" href=\"https:\/\/moverdb.com\/lv\/car-transport-shipping\/#Car_Transport_Taxes\" >Autotransporta nodok\u013ci<\/a><\/li><\/ul><\/li><li class='ez-toc-page-1 ez-toc-heading-level-2'><a class=\"ez-toc-link ez-toc-heading-7\" href=\"https:\/\/moverdb.com\/lv\/car-transport-shipping\/#International_Vehicle_Shipping_Documentation\" >Starptautisk\u0101 transportl\u012bdzek\u013cu p\u0101rvad\u0101\u0161anas dokument\u0101cija<\/a><\/li><li class='ez-toc-page-1 ez-toc-heading-level-2'><a class=\"ez-toc-link ez-toc-heading-8\" href=\"https:\/\/moverdb.com\/lv\/car-transport-shipping\/#Other_Car_Transport_Tips\" >Citi auto transport\u0113\u0161anas padomi<\/a><\/li><li class='ez-toc-page-1 ez-toc-heading-level-2'><a class=\"ez-toc-link ez-toc-heading-9\" href=\"https:\/\/moverdb.com\/lv\/car-transport-shipping\/#Car_Transport_Quotes\" >Autotransporta cit\u0101ti<\/a><\/li><\/ul><\/nav><\/div>\n<h2><span class=\"ez-toc-section\" id=\"Auto_Transport_Companies\"><\/span>Autotransporta uz\u0146\u0113mumi<span class=\"ez-toc-section-end\"><\/span><\/h2>\n<p>Starptautiskais automa\u0161\u012bnu un automobi\u013cu p\u0101rvad\u0101jumu tirgus ir \u013coti sadrumstalots, un taj\u0101 darbojas simtiem vai, iesp\u0113jams, t\u016bksto\u0161iem mazu uz\u0146\u0113mumu vis\u0101 pasaul\u0113. Zem\u0101k m\u0113s esam uzskait\u012bju\u0161i da\u017eus popul\u0101r\u0101kos uz\u0146\u0113mumus, kas specializ\u0113jas automobi\u013cu p\u0101rvad\u0101jumos. <\/p>\n<p>Tom\u0113r jums noteikti ir j\u0101sa\u0146em ar\u012b pied\u0101v\u0101jumi no <a href=\"https:\/\/moverdb.com\/lv\/parvietojas-uznemumi\/\">lab\u0101kie starptautiskie p\u0101rvieto\u0161an\u0101s uz\u0146\u0113mumi<\/a> un <a href=\"https:\/\/moverdb.com\/lv\/kravas-ekspeditors\/\">kravas ekspeditori<\/a> lai p\u0101rliecin\u0101tos, ka sa\u0146emat taisn\u012bgu pied\u0101v\u0101jumu.<\/p>\n<p>Varat ar\u012b vienk\u0101r\u0161i doties uz lapas s\u0101kumu un aizpild\u012bt m\u016bsu pied\u0101v\u0101juma veidlapu, lai \u0101tri atrastu uz\u0146\u0113mumus. <\/p>\n<h3><span class=\"ez-toc-section\" id=\"US_Canadian_Auto_Transport_Companies\"><\/span>ASV un Kan\u0101das autotransporta uz\u0146\u0113mumi<span class=\"ez-toc-section-end\"><\/span><\/h3>\n<ul>\n<li> A-1 Auto Transports<\/li>\n<li> Amerik\u0101\u0146u auto p\u0101rvad\u0101jumi<\/li>\n<li> AmeriFreight<\/li>\n<li> C.A.R. Transport<\/li>\n<li> Uzticami auto nos\u016bt\u012bt\u0101ji (DAS)<\/li>\n<li> eShip<\/li>\n<li> Executive Auto Shippers<\/li>\n<li> Fisher Shipping<\/li>\n<li> Autotransporta karalis<\/li>\n<li> Montway Auto Transports<\/li>\n<li> Prostar Automobi\u013cu transports<\/li>\n<li> Automa\u0161\u012bnu s\u016bt\u012b\u0161ana tie\u0161i<\/li>\n<li> Nos\u016btiet savu automa\u0161\u012bnu tagad<\/li>\n<li> Stateway Auto Transports<\/li>\n<li> \u0112rta auto pieg\u0101de<\/li>\n<li> M\u0113s to transport\u0113sim<\/li>\n<\/ul>\n<h3><span class=\"ez-toc-section\" id=\"UK_Car_Transport_Companies\"><\/span>Apvienot\u0101s Karalistes autotransporta uz\u0146\u0113mumi<span class=\"ez-toc-section-end\"><\/span><\/h3>\n<ul>\n<li> Acumen Automobi\u013cu lo\u0123istika<\/li>\n<li> AutoShippers<\/li>\n<li> Autotransporta cit\u0101ts<\/li>\n<li> Klasiskie automobi\u013cu p\u0101rvieto\u0161anas pakalpojumi<\/li>\n<li> Quinns Autotransports<\/li>\n<li> P\u0101rsl\u0113gt automa\u0161\u012bnu<\/li>\n<li> White's Transportl\u012bdzek\u013cu transports<\/li>\n<li> Woodside Motorfreight<\/li>\n<\/ul>\n<p>Apskatiet ar\u012b m\u016bsu <a href=\"https:\/\/moverdb.com\/lv\/starptautiskie-parvaksanas-darbi\/\">starptautisk\u0101 p\u0101rcel\u0161an\u0101s<\/a> lapa.<\/p>\n<h3><span class=\"ez-toc-section\" id=\"Australian_Car_Transport_Companies\"><\/span>Austr\u0101lijas autotransporta uz\u0146\u0113mumi<span class=\"ez-toc-section-end\"><\/span><\/h3>\n<ul>\n<li> ACR <a href=\"https:\/\/moverdb.com\/lv\/moving-to-australia\/living-in-australia\/\" data-internallinksmanager029f6b8e52c=\"240\" title=\"21 nosl\u0113pums par dz\u012bvi Austr\u0101lij\u0101, kas j\u0101zina pirms p\u0101rcel\u0161an\u0101s\">Austr\u0101lija<\/a><\/li>\n<li> Austr\u0101lijas automa\u0161\u012bnu transports<\/li>\n<li> Autom\u0101tisk\u0101 lo\u0123istika<\/li>\n<li> Autotransports Express<\/li>\n<li> P\u0101rvad\u0101\u0161ana no durv\u012bm l\u012bdz durv\u012bm<\/li>\n<li> CEVA Carrying<\/li>\n<li> Automa\u0161\u012bnu p\u0101rvieto\u0161ana<\/li>\n<li> PrixCar Transport<\/li>\n<li> SMB Austr\u0101lija Autotransports<\/li>\n<li> Maksas<\/li>\n<\/ul>\n<h2><span class=\"ez-toc-section\" id=\"International_Car_Transport_Costs\"><\/span>Starptautisk\u0101s automa\u0161\u012bnu transport\u0113\u0161anas izmaksas<span class=\"ez-toc-section-end\"><\/span><\/h2>\n<p>Automa\u0161\u012bnu transport\u0113\u0161anas un p\u0101rvad\u0101\u0161anas izmaksas ir \u013coti at\u0161\u0137ir\u012bgas atkar\u012bb\u0101 no t\u0101, cik \u0101tri jums ir nepiecie\u0161ams transportl\u012bdzeklis un k\u0101da ir p\u0101rvad\u0101\u0161anas metode. Ja p\u0101rvad\u0101jums notiek pa j\u016bru, izmantojot konteineru, izmaksas var b\u016bt tikai da\u017ei simti dol\u0101ru, bet tas var aiz\u0146emt vair\u0101k nek\u0101 m\u0113nesi. <\/p>\n<p>Varat ietaup\u012bt v\u0113l vair\u0101k naudas, ja jums nav nepiecie\u0161ams pakalpojums \"no durv\u012bm l\u012bdz durv\u012bm\", bet izv\u0113laties sa\u0146emt automa\u0161\u012bnu no tuv\u0101k\u0101s tuv\u0101k\u0101s. <a href=\"https:\/\/moverdb.com\/lv\/top-49-container-ports\/\" data-internallinksmanager029f6b8e52c=\"80\" title=\"49 liel\u0101kie un noslogot\u0101kie konteineru ostas 2025. gad\u0101\">osta<\/a> ja s\u016bt\u012bjums tiek s\u016bt\u012bts pa j\u016bru ar RoRo (Roll on Roll off).<\/p>\n<p>Uzziniet vair\u0101k, izlasot m\u016bsu ce\u013cvedi: <a href=\"https:\/\/moverdb.com\/lv\/konteineru-parvadajumi\/\">Starptautisko konteineru p\u0101rvad\u0101jumu tarifi un izmaksas<\/a><\/p>\n<p>P\u0101rvieto\u0161anai kontinenta robe\u017e\u0101s (piem. <a href=\"https:\/\/moverdb.com\/lv\/moving-to-the-united-states\/\" data-internallinksmanager029f6b8e52c=\"94\" title=\"P\u0101rce\u013caties uz Amerikas Savienotaj\u0101m Valst\u012bm? 2022 Dz\u012bves izmaksas un p\u0101rcel\u0161an\u0101s padomi\">ASV<\/a> uz <a href=\"https:\/\/moverdb.com\/lv\/moving-to-canada\/\" data-internallinksmanager029f6b8e52c=\"265\" title=\"P\u0101rcel\u0161an\u0101s uz Kan\u0101du? 2023 Dz\u012bves izmaksas un p\u0101rcel\u0161an\u0101s padomi\">Kan\u0101da<\/a>, <a href=\"https:\/\/moverdb.com\/lv\/moving-to-the-uk\/\" data-internallinksmanager029f6b8e52c=\"93\" title=\"P\u0101rce\u013caties uz Apvienoto Karalisti? 2022 Dz\u012bves izmaksas un p\u0101rcel\u0161an\u0101s padomi\">APVIENOT\u0100 KARALISTE<\/a> uz <a href=\"https:\/\/moverdb.com\/lv\/moving-to-spain\/\" data-internallinksmanager029f6b8e52c=\"266\" title=\"P\u0101rcel\u0161an\u0101s uz Sp\u0101niju? 2023 Dz\u012bves izmaksas un p\u0101rcel\u0161an\u0101s padomi\">Sp\u0101nija<\/a>u.c.) varat nol\u012bgt auto p\u0101rvad\u0101t\u0101ju, lai tas aizvestu j\u016bsu automa\u0161\u012bnu, ja vien j\u016bsu automa\u0161\u012bna ir darba k\u0101rt\u012bb\u0101. Tas bie\u017ei vien izmaks\u0101s iev\u0113rojami d\u0101rg\u0101k (l\u012bdz pat p\u0101ris t\u016bksto\u0161iem dol\u0101ru, m\u0101rci\u0146u vai eiro), ta\u010du tas noz\u012bm\u0113, ka j\u016bs varat sa\u0146emt savu automa\u0161\u012bnu da\u017eu dienu, nevis ned\u0113\u013cu laik\u0101. <\/p>\n<p>Ja j\u016bsu automa\u0161\u012bna nav darba k\u0101rt\u012bb\u0101, jums b\u016bs nepiecie\u0161ams p\u0101rvietot to ar piekabi vai citu specializ\u0113tu kravas automa\u0161\u012bnu. <\/p>\n<p>Visd\u0101rg\u0101kais variants ir s\u016bt\u012bt s\u016bt\u012bjumu pa gaisu, ta\u010du parasti tas nav ieteicams, jo izmaksas ir p\u0101r\u0101k augstas.<\/p>\n<p><strong>Citas lietas, kas ietekm\u0113 izmaksas:<\/strong><\/p>\n<ul>\n<li> <strong>Att\u0101lums:<\/strong> Jo t\u0101l\u0101k s\u016bt\u012bjums tiek veikts, jo liel\u0101ka ir kop\u0113j\u0101 summa, lai gan par vienu j\u016bdzi j\u0101maks\u0101 iev\u0113rojami maz\u0101k.<\/li>\n<li> <strong>Gada laiks:<\/strong> Da\u017eos gadalaikos konkr\u0113ti mar\u0161ruti ir d\u0101rg\u0101ki nek\u0101 citos.<\/li>\n<li> <strong>Izpildes laiks:<\/strong> Jo agr\u0101k varat s\u0101kt sa\u0146emt pied\u0101v\u0101jumus, jo lab\u0101k, jo cenas iev\u0113rojami pieaug, ja pas\u016bt\u012bjumu izpilde ir \u0101tr\u0101ka.<\/li>\n<li> <strong>Atv\u0113rt\u0101 un sl\u0113gt\u0101 kravas automa\u0161\u012bna:<\/strong> Atv\u0113rt\u0101s kravas automa\u0161\u012bnas ir l\u0113t\u0101kas, ta\u010du t\u0101m parasti ir liel\u0101ks boj\u0101jumu risks sal\u012bdzin\u0101jum\u0101 ar sl\u0113gtaj\u0101m kravas automa\u0161\u012bn\u0101m. <\/li>\n<\/ul>\n<h3><span class=\"ez-toc-section\" id=\"Car_Transport_Taxes\"><\/span>Autotransporta nodok\u013ci<span class=\"ez-toc-section-end\"><\/span><\/h3>\n<p>Atkar\u012bb\u0101 no t\u0101, uz kurieni s\u016bt\u0101t automa\u0161\u012bnu, jums var n\u0101kties maks\u0101t iev\u0113rojamus nodok\u013cus. Piem\u0113ram, automa\u0161\u012bnas <a href=\"https:\/\/moverdb.com\/lv\/piegade-uz-singapuru\/\">nos\u016bt\u012bts uz Singap\u016bru<\/a> tiks piem\u0113rots 20% ievedmuitas nodoklis par automa\u0161\u012bnas muitas v\u0113rt\u012bbu. <\/p>\n<p>Daudz\u0101s Eiropas valst\u012bs tiek iekas\u0113ti ievedmuitas nodok\u013ci aptuveni 10% apm\u0113r\u0101, bet papildus tam var tikt iekas\u0113ts ar\u012b PVN, kas atkar\u012bb\u0101 no automobi\u013ca izmanto\u0161anas veida var palielin\u0101ties v\u0113l par 20%. <\/p>\n<p>T\u0101p\u0113c, sa\u0146emot cenu pied\u0101v\u0101jumus un pirms automa\u0161\u012bnas nos\u016bt\u012b\u0161anas, p\u0101rliecinieties, ka tas ir iek\u013cauts bud\u017eet\u0101. Da\u017eos gad\u012bjumos l\u0113t\u0101k un vienk\u0101r\u0161\u0101k var b\u016bt vienk\u0101r\u0161i ieg\u0101d\u0101ties jaunu automa\u0161\u012bnu, nevis s\u016bt\u012bt veco.  <\/p>\n<h2><span class=\"ez-toc-section\" id=\"International_Vehicle_Shipping_Documentation\"><\/span>Starptautisk\u0101 transportl\u012bdzek\u013cu p\u0101rvad\u0101\u0161anas dokument\u0101cija<span class=\"ez-toc-section-end\"><\/span><\/h2>\n<p>Lai nos\u016bt\u012btu automa\u0161\u012bnu vai citu transportl\u012bdzekli starptautisk\u0101 m\u0113rog\u0101, jums ir nepiecie\u0161ama atbilsto\u0161a dokument\u0101cija. Pras\u012bbas da\u017e\u0101d\u0101s valst\u012bs at\u0161\u0137iras, t\u0101p\u0113c pirms nos\u016bt\u012b\u0161anas vienm\u0113r p\u0101rbaudiet. Visbie\u017e\u0101k nepiecie\u0161amie dokumenti ir \u0161\u0101di:<\/p>\n<ul>\n<li> Ori\u0123in\u0101lais transportl\u012bdzek\u013ca nosaukums<\/li>\n<li> Izcelsmes sertifik\u0101ts<\/li>\n<li> Pre\u010du pavadz\u012bme<\/li>\n<li> Apdro\u0161in\u0101\u0161anas dokumenti<\/li>\n<\/ul>\n<h2><span class=\"ez-toc-section\" id=\"Other_Car_Transport_Tips\"><\/span>Citi auto transport\u0113\u0161anas padomi<span class=\"ez-toc-section-end\"><\/span><\/h2>\n<ul>\n<li> <strong>Uz\u0146emiet fotoatt\u0113lus:<\/strong> P\u0101rliecinieties, ka pirms transportl\u012bdzek\u013ca nos\u016bt\u012b\u0161anas esat nofotograf\u0113jis savu transportl\u012bdzekli ar laika z\u012bmogu, ja ir k\u0101di boj\u0101jumi. Ja ir k\u0101di boj\u0101jumi, p\u0101rliecinieties, ka fotoatt\u0113li ir uz\u0146emti uzreiz, lai mazin\u0101tu str\u012bdus.<\/li>\n<li> <strong>Apdro\u0161in\u0101\u0161ana:<\/strong> P\u0101rliecinieties, ka j\u016bsu apdro\u0161in\u0101\u0161ana sedz visu j\u016bsu automa\u0161\u012bnas un visu to personu, kas to var vad\u012bt, ce\u013cojumu.<\/li>\n<li> <strong>Iz\u0146emiet person\u012bg\u0101s mantas:<\/strong> Pirms nos\u016bt\u012b\u0161anas p\u0101rliecinieties, ka no automa\u0161\u012bnas ir iz\u0146emtas visas j\u016bsu person\u012bg\u0101s mantas, lai t\u0101s nepazustu (vai netiktu nozagtas!).<\/li>\n<li> <strong>Mekl\u0113jiet speci\u0101listus:<\/strong> Ja jums ir klasiska vai nedaudz neparasta automa\u0161\u012bna, kuru v\u0113laties nos\u016bt\u012bt, p\u0101rliecinieties, ka izv\u0113l\u0113tajam uz\u0146\u0113mumam ir pieredze \u0161\u0101du automa\u0161\u012bnu p\u0101rvad\u0101\u0161an\u0101 un\/vai transport\u0113\u0161an\u0101.<\/li>\n<li> <strong>Laika grafiki:<\/strong> P\u0101rliecinieties, vai zin\u0101t, cik ilgi automa\u0161\u012bna tiks nog\u0101d\u0101ta no punkta A l\u012bdz punktam B.<\/li>\n<li> <strong>Darb\u012bbas st\u0101voklis:<\/strong> Pirms p\u0101rvad\u0101\u0161anas uzs\u0101k\u0161anas p\u0101rliecinieties, ka ar transporta uz\u0146\u0113mumu esat noskaidroju\u0161ies par g\u0101zes (benz\u012bna) l\u012bmeni, \u0161\u0137idrumiem, riepu spiedienu, akumulatoru utt. Piem\u0113ram, ja p\u0101rvad\u0101jat starptautisku transportu ar kravas konteineru, iesp\u0113jams, b\u016bs nepiecie\u0161ams piln\u012bb\u0101 iztuk\u0161ot g\u0101zes tvertni. No otras puses, ja j\u016bs k\u0101dam uzticat vad\u012bt j\u016bsu automa\u0161\u012bnu, jums b\u016bs j\u0101p\u0101rliecin\u0101s, ka degvielas tvertne ir pilna.<\/li>\n<\/ul>\n<h2><span class=\"ez-toc-section\" id=\"Car_Transport_Quotes\"><\/span>Autotransporta cit\u0101ti<span class=\"ez-toc-section-end\"><\/span><\/h2>\n<p>Lai sa\u0146emtu starptautisko automobi\u013cu p\u0101rvad\u0101jumu cenu pied\u0101v\u0101jumu, varat izmantot m\u016bsu pied\u0101v\u0101juma veidlapu lapas aug\u0161pus\u0113. Tom\u0113r, pirms pie\u0146emat jebkuru pied\u0101v\u0101jumu, p\u0101rliecinieties, ka piln\u012bb\u0101 saprotat, kas vad\u012bs vai p\u0101rvad\u0101s j\u016bsu automa\u0161\u012bnu (katr\u0101 brauciena posm\u0101), k\u0101 j\u016bsu transportl\u012bdzeklis tiks apdro\u0161in\u0101ts, un izlasiet atsauksmes par uz\u0146\u0113mumu. <\/p>","protected":false},"excerpt":{"rendered":"<p>Looking for international car transport or vehicle shipping, but don&#8217;t know where to start? We can help you with everything from companies to costs to quotes. You can get started right away using our quote form above, or keep reading our guide below for more information. Auto Transport Companies The international car and auto transport [&hellip;]<\/p>\n","protected":false},"author":1,"featured_media":2753,"parent":0,"menu_order":0,"comment_status":"closed","ping_status":"closed","template":"","meta":{"_genesis_hide_title":false,"_genesis_hide_breadcrumbs":false,"_genesis_hide_singular_image":false,"_genesis_hide_footer_widgets":false,"_genesis_custom_body_class":"","_genesis_custom_post_class":"","_genesis_layout":"","footnotes":""},"class_list":{"0":"post-2752","1":"page","2":"type-page","3":"status-publish","4":"has-post-thumbnail","6":"entry"},"_links":{"self":[{"href":"https:\/\/moverdb.com\/lv\/wp-json\/wp\/v2\/pages\/2752","targetHints":{"allow":["GET"]}}],"collection":[{"href":"https:\/\/moverdb.com\/lv\/wp-json\/wp\/v2\/pages"}],"about":[{"href":"https:\/\/moverdb.com\/lv\/wp-json\/wp\/v2\/types\/page"}],"author":[{"embeddable":true,"href":"https:\/\/moverdb.com\/lv\/wp-json\/wp\/v2\/users\/1"}],"replies":[{"embeddable":true,"href":"https:\/\/moverdb.com\/lv\/wp-json\/wp\/v2\/comments?post=2752"}],"version-history":[{"count":18,"href":"https:\/\/moverdb.com\/lv\/wp-json\/wp\/v2\/pages\/2752\/revisions"}],"predecessor-version":[{"id":18593,"href":"https:\/\/moverdb.com\/lv\/wp-json\/wp\/v2\/pages\/2752\/revisions\/18593"}],"wp:featuredmedia":[{"embeddable":true,"href":"https:\/\/moverdb.com\/lv\/wp-json\/wp\/v2\/media\/2753"}],"wp:attachment":[{"href":"https:\/\/moverdb.com\/lv\/wp-json\/wp\/v2\/media?parent=2752"}],"curies":[{"name":"wp","href":"https:\/\/api.w.org\/{rel}","templated":true}]}}