{"id":270,"date":"2016-05-01T17:06:39","date_gmt":"2016-05-01T17:06:39","guid":{"rendered":"http:\/\/moverdb.com\/?page_id=270"},"modified":"2026-01-08T14:47:32","modified_gmt":"2026-01-08T14:47:32","slug":"anglo-piekrastie-udeni","status":"publish","type":"page","link":"https:\/\/moverdb.com\/lv\/anglo-pacific\/","title":{"rendered":"Anglo Pacific: Starptautisk\u0101 p\u0101rcel\u0161an\u0101s un p\u0101rv\u0101k\u0161an\u0101s Atsauksmes"},"content":{"rendered":"<p>Anglo Pacific pied\u0101v\u0101 da\u017e\u0101dus p\u0101rcel\u0161an\u0101s pakalpojumus, lai pal\u012bdz\u0113tu cilv\u0113kiem p\u0101rcelties uz \u0101rzem\u0113m. \u0160eit ir sniegti galvenie pakalpojumi, k\u0101 ar\u012b uz\u0146\u0113muma profils un atsauksmes.<\/p>\n<p><strong>Pakalpojumi<\/strong> <\/p>\n<p><strong>P\u0101rcel\u0161an\u0101s pakalpojumi<\/strong> <\/p>\n<ul>\n<li> Imports<\/li>\n<li> Starptautisk\u0101 p\u0101rcel\u0161an\u0101s<\/li>\n<li> Nodro\u0161in\u0101\u0161ana <a href=\"https:\/\/moverdb.com\/lv\/konteineru-parvadajumi\/\">ku\u0123o\u0161anas konteineri<\/a><\/li>\n<li> Te\u0101tra izr\u0101\u017eu izve\u0161ana<\/li>\n<li> <a href=\"https:\/\/moverdb.com\/lv\/uk-removals\/man-and-van-cost\/\" data-internallinksmanager029f6b8e52c=\"380\" title=\"Cik maks\u0101 v\u012bru un furgonu pakalpojumi Apvienotaj\u0101 Karalist\u0113? 2026 ce\u013cvedis\">Cilv\u0113ks un furgons<\/a> iznom\u0101t <a href=\"https:\/\/moverdb.com\/lv\/moving-to-london\/\">Londona<\/a><\/li>\n<\/ul>\n<p><strong>Pieg\u0101des pakalpojumi<\/strong><\/p>\n<ul>\n<li> Bag\u0101\u017ea<\/li>\n<li> <a href=\"https:\/\/moverdb.com\/lv\/auto-transporta-nosutisana\/\">Automa\u0161\u012bnas<\/a><\/li>\n<li> T\u0113lot\u0101jm\u0101ksla<\/li>\n<li> Kravas<\/li>\n<li> Imports<\/li>\n<li> Motocikls<\/li>\n<li> Bag\u0101\u017ea<\/li>\n<li> Tirdzniec\u012bba<\/li>\n<li> Students<\/li>\n<\/ul>\n<h2>Anglo Pacific Company profils<\/h2>\n<p>Anglo Pacific ir liel\u0101kais ku\u0123niec\u012bbas un p\u0101rcel\u0161an\u0101s uz\u0146\u0113mums, kas darb\u012bbu uzs\u0101ka pirms vair\u0101k nek\u0101 30 gadiem. <a href=\"https:\/\/moverdb.com\/lv\/moving-to-the-uk\/\" data-internallinksmanager029f6b8e52c=\"93\" title=\"P\u0101rce\u013caties uz Apvienoto Karalisti? 2022 Dz\u012bves izmaksas un p\u0101rcel\u0161an\u0101s padomi\">APVIENOT\u0100 KARALISTE<\/a>, apstr\u0101d\u0101jot vair\u0101k nek\u0101 20 000 atsevi\u0161\u0137u bag\u0101\u017eas s\u016bt\u012bjumu un neskait\u0101mas <a href=\"https:\/\/moverdb.com\/lv\/international-removals\/\" data-internallinksmanager029f6b8e52c=\"27\" title=\"36 Lab\u0101kie starptautisko p\u0101rvad\u0101jumu uz\u0146\u0113mumi Apvienotaj\u0101 Karalist\u0113\">starptautisk\u0101 p\u0101rcel\u0161an\u0101s<\/a> katru gadu. <\/p>\n<p>Uz\u0146\u0113mums lepojas ar to, ka sniedz augst\u0101k\u0101s klases, draudz\u012bgus un profesion\u0101lus p\u0101rcel\u0161an\u0101s pakalpojumus neatkar\u012bgi no t\u0101, vai tas ir visa \u012bpa\u0161uma saturs vai ar\u012b delik\u0101ti priek\u0161meti, piem\u0113ram, m\u0101kslas darbi. <\/p>\n<p>Anglo Pacific \u013coti r\u016bp\u012bgi izv\u0113las visaugst\u0101k\u0101 l\u012bme\u0146a profesion\u0101\u013cus, lai pievienotos savai komandai, un izv\u0113las tikai t\u0101dus darbiniekus, kas klientiem sniedz papildu pakalpojumus, un darbiniekus, kuri sp\u0113j prasm\u012bgi vad\u012bt dro\u0161u un efekt\u012bvu person\u012bgo mantu p\u0101rvieto\u0161anu. <\/p>\n<p>Turkl\u0101t visu s\u016bt\u012bjumu izseko\u0161anas pakalpojums \u013cauj darbiniekiem prec\u012bzi noteikt prec\u012bzu izve\u0161anas vietu un statusu, lai klienti var\u0113tu b\u016bt dro\u0161i, ka vi\u0146u s\u016bt\u012bjumi ir ce\u013c\u0101 uz paredz\u0113to vietu.<\/p>\n<p>Anglo Pacific nosaka un uztur \u0101rk\u0101rt\u012bgi augstus standartus un k\u0101 Anglo Pacific locek\u013ci <a href=\"https:\/\/moverdb.com\/lv\/bars-arvalstis\/\">Overseas Group<\/a> no <a href=\"https:\/\/moverdb.com\/lv\/britu-iznemeju-asociacija\/\">Lielbrit\u0101nijas P\u0101rv\u0101c\u0113ju asoci\u0101cija<\/a> (<a href=\"https:\/\/moverdb.com\/lv\/british-association-of-removers\/\" data-internallinksmanager029f6b8e52c=\"9\" title=\"Lielbrit\u0101nijas P\u0101rv\u0101c\u0113ju asoci\u0101cijas (BAR) skaidrojumi\">BAR<\/a>) vi\u0146u m\u0113r\u0137is ir nodro\u0161in\u0101t tikai lab\u0101ko. <\/p>\n<p>Turkl\u0101t vi\u0146i iev\u0113ro International Movers Mutual Insurance Company Ltd. uzlaboto maks\u0101jumu garantiju, kas klientiem sniedz liel\u0101ku p\u0101rliec\u012bbu. <\/p>\n<h2>Anglo Pacific Atsauksmes<\/h2>\n<p><strong>Pozit\u012bvs<\/strong><\/p>\n<ul>\n<li> <em>\"Liels paldies visiem Anglo Pacific un Keys Brothers. M\u016bsu p\u0101rcel\u0161an\u0101s no Londonas uz P\u0113rtu norit\u0113ja tik raiti, m\u0113s patie\u0161\u0101m nov\u0113rt\u0113jam visu j\u016bsu pal\u012bdz\u012bbu. \u013boti profesion\u0101li un efekt\u012bvi, un tas viss par lielisku cenu!!!\"<\/em> - Via <a href=\"http:\/\/www.reviewcentre.com\/reviews252735.html?ratingfilter=5#refineYourSearch\" target=\"_blank\" rel=\"noopener\">P\u0101rskata centrs<\/a><\/li>\n<li> <em>\"Man vajadz\u0113ja nos\u016bt\u012bt lieko bag\u0101\u017eu uz <a href=\"https:\/\/moverdb.com\/lv\/moving-to-australia\/living-in-australia\/\" data-internallinksmanager029f6b8e52c=\"240\" title=\"21 nosl\u0113pums par dz\u012bvi Austr\u0101lij\u0101, kas j\u0101zina pirms p\u0101rcel\u0161an\u0101s\">Austr\u0101lija<\/a>. Es sazin\u0101jos ar daudziem cilv\u0113kiem internet\u0101, un galu gal\u0101 non\u0101cu pie Anglo Pacific. Mana bag\u0101\u017ea tika savesta laikus, un pa ce\u013cam man tika sniegta inform\u0101cija.\"<\/em> - Via <a href=\"http:\/\/www.reviewcentre.com\/Removal-Companies\/Anglo-Pacific-Removals-Company-www-anglopacific-co-uk-review_1596555\" target=\"_blank\" rel=\"noopener\">P\u0101rskata centrs<\/a><\/li>\n<li> <em>\"Es ieteiktu Anglo Pacific ikvienam, kas v\u0113las dro\u0161i un efekt\u012bvi p\u0101rvad\u0101t savas mantas.\"<\/em> - izmantojot <a href=\"https:\/\/uk.trustpilot.com\/review\/anglopacific.co.uk\" target=\"_blank\" rel=\"noopener\">TrustPilot<\/a><\/li>\n<\/ul>\n<p><strong>Negat\u012bvs<\/strong><\/p>\n<ul>\n<li> <em>\"Es l\u016bdzu j\u016bs vairs neapsveriet Anglo Pacific!!! Mans s\u016bt\u012bjums ierad\u0101s ar piln\u012bgi sadrag\u0101tiem traukiem un elektroier\u012b\u010du kast\u012bti, kas tika pieg\u0101d\u0101ta otr\u0101di!\"<\/em> - izmantojot <a href=\"http:\/\/www.reviewcentre.com\/Removal-Companies\/Anglo-Pacific-Removals-Company-www-anglopacific-co-uk-review_3741459\" target=\"_blank\" rel=\"noopener\">P\u0101rskata centrs<\/a><\/li>\n<li> <em>\"Es diez vai varu izteikt savu \u0161ausmas, kad es atv\u0113ru p\u0113d\u0113jo no man\u0101m kast\u0113m, kas atrodas <a href=\"https:\/\/moverdb.com\/lv\/moving-to-nyc\/\" data-internallinksmanager029f6b8e52c=\"57\" title=\"P\u0101rce\u013caties uz \u0145ujorku? 2026 \u0145ujorkas dz\u012bvo\u0161anas izmaksas un p\u0101rcel\u0161an\u0101s padomi\">NYC<\/a> tikai tad, kad sapratu, ka tr\u016bkst manu v\u0113rt\u012bg\u0101ko priek\u0161metu un liel\u0101k\u0101s da\u013cas d\u0101rgo virtuves piederumu.\"<\/em> - izmantojot <a href=\"http:\/\/www.mymovingreviews.com\/movers\/anglo-pacific-international-1790\" target=\"_blank\" rel=\"noopener\">Mani p\u0101rcel\u0161an\u0101s Atsauksmes<\/a><\/li>\n<li> <em>\"Izvairieties - briesm\u012bga pieredze ar piln\u012bgu apr\u016bpes tr\u016bkumu un slikt\u0101ko p\u0113c pakalpojuma\"<\/em> - izmantojot <a href=\"https:\/\/uk.trustpilot.com\/reviews\/56d595280000ff000940e229\" target=\"_blank\" rel=\"noopener\">Trustpilot<\/a><\/li>\n<\/ul>\n<div itemprop=\"review\" itemscope itemtype=\"http:\/\/schema.org\/Review\">\n<span itemprop=\"author\" itemscope=\"\" itemtype=\"http:\/\/schema.org\/Organization\"><span itemprop=\"name\">MoverDB.com<\/span><\/span> Tie\u0161saistes vietnes p\u0101rskats par <span itemprop=\"itemreviewed\" itemscope=\"\" itemtype=\"http:\/\/schema.org\/Brand\"><span itemprop=\"name\">Anglo Pacific<\/span><\/span>:<\/p>\n<ol>\n<li> Skaidra kontaktinform\u0101cija t\u012bmek\u013ca vietn\u0113 (tostarp t\u0101lru\u0146a numurs)? <strong>J\u0101<\/strong><\/li>\n<li> Viegli ieg\u016bt <a href=\"https:\/\/moverdb.com\/lv\/citati\/\">starptautiskie p\u0101rv\u0101k\u0161an\u0101s cit\u0101ti<\/a>? (Tie\u0161saistes t\u0101mes piepras\u012bjuma veidlapa): <strong>J\u0101<\/strong><\/li>\n<li> Skaidra inform\u0101cija t\u012bmek\u013ca vietn\u0113: <strong>J\u0101<\/strong>, lapas ir viegli p\u0101rvietoties, un ir skaidri redzams, k\u0101dus pakalpojumus tie pied\u0101v\u0101.<\/li>\n<li> Dal\u012bba starptautiski atz\u012bt\u0101s kust\u012bbu organiz\u0101cij\u0101s: <strong>J\u0101<\/strong><\/li>\n<li> Klientu saraksts un\/vai iepriek\u0161\u0113jo klientu atsauksmes: <strong>J\u0101 <\/strong><\/li>\n<\/ol>\n<div itemprop=\"reviewRating\" itemscope itemtype=\"http:\/\/schema.org\/Rating\"><meta itemprop=\"worstRating\" content = \"0\" \/><meta itemprop=\"bestRating\" content=\"5\" \/><meta itemprop=\"ratingValue\" content=\"5\"><\/div>\n<p><strong>Kop\u0113jais v\u0113rt\u0113jums: 5\/5<\/strong><br \/>\n<strong>P\u0101rskata datums:<\/strong> <span itemprop=\"datePublished\" content=\"2016-05-01\">01\/05\/2016<\/span>\n<\/div>\n<p>Vair\u0101k par <a href=\"https:\/\/moverdb.com\/lv\/starptautiskie-parvaksanas-darbi\/\">Apvienot\u0101s Karalistes p\u0101rcel\u0161an\u0101s uz\u0146\u0113mumi<\/a> un m\u016bsu <a href=\"https:\/\/moverdb.com\/lv\/atsauksmes\/\">izskaidrots p\u0101rskat\u012b\u0161anas process<\/a>.<\/p>\n<p><strong>T\u012bmek\u013ca vietne:<\/strong> <a href=\"http:\/\/www.anglopacific.co.uk\" target=\"_blank\" rel=\"noopener\">http:\/\/www.anglopacific.co.uk<\/a><\/p>","protected":false},"excerpt":{"rendered":"<p>Anglo Pacific offers a variety of removal services to help people move overseas. Here are their core service offerings along with company profile and reviews. Services Removal Services Imports International Relocation Provision of shipping containers Theatrical removals Man and Van hire in London Shipping Services Baggage Cars Fine Art Freight Imports Motorbike Luggage Trade Student [&hellip;]<\/p>\n","protected":false},"author":1,"featured_media":0,"parent":0,"menu_order":0,"comment_status":"closed","ping_status":"closed","template":"","meta":{"_genesis_hide_title":false,"_genesis_hide_breadcrumbs":false,"_genesis_hide_singular_image":false,"_genesis_hide_footer_widgets":false,"_genesis_custom_body_class":"","_genesis_custom_post_class":"","_genesis_layout":"","footnotes":""},"class_list":{"0":"post-270","1":"page","2":"type-page","3":"status-publish","5":"entry"},"_links":{"self":[{"href":"https:\/\/moverdb.com\/lv\/wp-json\/wp\/v2\/pages\/270","targetHints":{"allow":["GET"]}}],"collection":[{"href":"https:\/\/moverdb.com\/lv\/wp-json\/wp\/v2\/pages"}],"about":[{"href":"https:\/\/moverdb.com\/lv\/wp-json\/wp\/v2\/types\/page"}],"author":[{"embeddable":true,"href":"https:\/\/moverdb.com\/lv\/wp-json\/wp\/v2\/users\/1"}],"replies":[{"embeddable":true,"href":"https:\/\/moverdb.com\/lv\/wp-json\/wp\/v2\/comments?post=270"}],"version-history":[{"count":12,"href":"https:\/\/moverdb.com\/lv\/wp-json\/wp\/v2\/pages\/270\/revisions"}],"predecessor-version":[{"id":6173,"href":"https:\/\/moverdb.com\/lv\/wp-json\/wp\/v2\/pages\/270\/revisions\/6173"}],"wp:attachment":[{"href":"https:\/\/moverdb.com\/lv\/wp-json\/wp\/v2\/media?parent=270"}],"curies":[{"name":"wp","href":"https:\/\/api.w.org\/{rel}","templated":true}]}}