{"id":2675,"date":"2017-05-03T15:16:49","date_gmt":"2017-05-03T15:16:49","guid":{"rendered":"https:\/\/moverdb.com\/?page_id=2675"},"modified":"2026-01-08T15:20:41","modified_gmt":"2026-01-08T15:20:41","slug":"piegade-uz-singapuru","status":"publish","type":"page","link":"https:\/\/moverdb.com\/lv\/shipping-to-singapore\/","title":{"rendered":"Pieg\u0101de uz Singap\u016bru: Kas jums j\u0101zina"},"content":{"rendered":"<p><img loading=\"lazy\" decoding=\"async\" width=\"720\" height=\"313\" src=\"https:\/\/moverdb.com\/wp-content\/uploads\/shipping-to-singapore.png\" alt=\"Pieg\u0101de uz Singap\u016bru\" class=\"aligncenter size-full wp-image-2676\" srcset=\"https:\/\/moverdb.com\/wp-content\/uploads\/shipping-to-singapore.png 720w, https:\/\/moverdb.com\/wp-content\/uploads\/shipping-to-singapore-300x130.png 300w, https:\/\/moverdb.com\/wp-content\/uploads\/shipping-to-singapore-600x261.png 600w\" sizes=\"auto, (max-width: 720px) 100vw, 720px\" \/><\/p>\n<p>Neatkar\u012bgi no t\u0101, vai esat <a href=\"https:\/\/moverdb.com\/lv\/parcelsanas-uz-singapuru\/\">p\u0101rcel\u0161an\u0101s uz Singap\u016bru<\/a> vai tikai v\u0113laties nos\u016bt\u012bt da\u017eus s\u016bt\u012bjumus, m\u0113s varam pal\u012bdz\u0113t jums atrast lab\u0101kos p\u0101rvad\u0101jumu pied\u0101v\u0101jumus no <a href=\"https:\/\/moverdb.com\/lv\/moving-to-the-united-states\/\" data-internallinksmanager029f6b8e52c=\"94\" title=\"P\u0101rce\u013caties uz Amerikas Savienotaj\u0101m Valst\u012bm? 2022 Dz\u012bves izmaksas un p\u0101rcel\u0161an\u0101s padomi\">ASV<\/a>, <a href=\"https:\/\/moverdb.com\/lv\/moving-to-the-uk\/\" data-internallinksmanager029f6b8e52c=\"93\" title=\"P\u0101rce\u013caties uz Apvienoto Karalisti? 2022 Dz\u012bves izmaksas un p\u0101rcel\u0161an\u0101s padomi\">APVIENOT\u0100 KARALISTE<\/a>, <a href=\"https:\/\/moverdb.com\/lv\/moving-to-australia\/living-in-australia\/\" data-internallinksmanager029f6b8e52c=\"240\" title=\"21 nosl\u0113pums par dz\u012bvi Austr\u0101lij\u0101, kas j\u0101zina pirms p\u0101rcel\u0161an\u0101s\">Austr\u0101lija<\/a>, <a href=\"https:\/\/moverdb.com\/lv\/moving-to-canada\/\" data-internallinksmanager029f6b8e52c=\"265\" title=\"P\u0101rcel\u0161an\u0101s uz Kan\u0101du? 2023 Dz\u012bves izmaksas un p\u0101rcel\u0161an\u0101s padomi\">Kan\u0101da<\/a>, <a href=\"https:\/\/moverdb.com\/lv\/moving-to-france\/\" data-internallinksmanager029f6b8e52c=\"315\" title=\"P\u0101rcel\u0161an\u0101s uz Franciju? 2023 Dz\u012bves izmaksas un p\u0101rcel\u0161an\u0101s padomi\">Francija<\/a>, <a href=\"https:\/\/moverdb.com\/lv\/moving-to-hong-kong\/\" data-internallinksmanager029f6b8e52c=\"350\" title=\"P\u0101rcel\u0161an\u0101s uz Honkongu? 2023 Dz\u012bves izmaksas un p\u0101rcel\u0161an\u0101s padomi\">Honkonga<\/a>, <a href=\"https:\/\/moverdb.com\/lv\/moving-to-new-zealand\/\" data-internallinksmanager029f6b8e52c=\"324\" title=\"P\u0101rcel\u0161an\u0101s uz Jaunz\u0113landi? 2023 Dz\u012bves izmaksas un p\u0101rcel\u0161an\u0101s padomi\">Jaunz\u0113lande<\/a>, <a href=\"https:\/\/moverdb.com\/lv\/moving-to-the-philippines\/\" data-internallinksmanager029f6b8e52c=\"376\" title=\"P\u0101rce\u013caties uz Filip\u012bn\u0101m? 2023 Dz\u012bves izmaksas un p\u0101rcel\u0161an\u0101s padomi\">Filip\u012bnas<\/a> un liel\u0101kaj\u0101 da\u013c\u0101 citu pasaules valstu. <\/p>\n<p>J\u016bs varat s\u0101kt, izmantojot iepriek\u0161 nor\u0101d\u012bto bezmaksas pied\u0101v\u0101juma veidlapu. <\/p>\n<div id=\"ez-toc-container\" class=\"ez-toc-v2_0_82_2 ez-toc-wrap-left counter-hierarchy ez-toc-counter ez-toc-transparent ez-toc-container-direction\">\n<div class=\"ez-toc-title-container\">\n<p class=\"ez-toc-title\" style=\"cursor:inherit\">Sada\u013cas<\/p>\n<span class=\"ez-toc-title-toggle\"><a href=\"#\" class=\"ez-toc-pull-right ez-toc-btn ez-toc-btn-xs ez-toc-btn-default ez-toc-toggle\" aria-label=\"P\u0101rsl\u0113gt satura tabulu\"><span class=\"ez-toc-js-icon-con\"><span class=\"\"><span class=\"eztoc-hide\" style=\"display:none;\">P\u0101rsl\u0113gt<\/span><span class=\"ez-toc-icon-toggle-span\"><svg style=\"fill: #999;color:#999\" xmlns=\"http:\/\/www.w3.org\/2000\/svg\" class=\"list-377408\" width=\"20px\" height=\"20px\" viewbox=\"0 0 24 24\" fill=\"none\"><path d=\"M6 6H4v2h2V6zm14 0H8v2h12V6zM4 11h2v2H4v-2zm16 0H8v2h12v-2zM4 16h2v2H4v-2zm16 0H8v2h12v-2z\" fill=\"currentColor\"><\/path><\/svg><svg style=\"fill: #999;color:#999\" class=\"arrow-unsorted-368013\" xmlns=\"http:\/\/www.w3.org\/2000\/svg\" width=\"10px\" height=\"10px\" viewbox=\"0 0 24 24\" version=\"1.2\" baseprofile=\"tiny\"><path d=\"M18.2 9.3l-6.2-6.3-6.2 6.3c-.2.2-.3.4-.3.7s.1.5.3.7c.2.2.4.3.7.3h11c.3 0 .5-.1.7-.3.2-.2.3-.5.3-.7s-.1-.5-.3-.7zM5.8 14.7l6.2 6.3 6.2-6.3c.2-.2.3-.5.3-.7s-.1-.5-.3-.7c-.2-.2-.4-.3-.7-.3h-11c-.3 0-.5.1-.7.3-.2.2-.3.5-.3.7s.1.5.3.7z\"\/><\/svg><\/span><\/span><\/span><\/a><\/span><\/div>\n<nav><ul class='ez-toc-list ez-toc-list-level-1 eztoc-toggle-hide-by-default' ><li class='ez-toc-page-1 ez-toc-heading-level-2'><a class=\"ez-toc-link ez-toc-heading-1\" href=\"https:\/\/moverdb.com\/lv\/shipping-to-singapore\/#Shipping_to_Singapore_From_The_US\" >Pieg\u0101de uz Singap\u016bru no ASV<\/a><\/li><li class='ez-toc-page-1 ez-toc-heading-level-2'><a class=\"ez-toc-link ez-toc-heading-2\" href=\"https:\/\/moverdb.com\/lv\/shipping-to-singapore\/#Shipping_to_Singapore_From_The_UK\" >Pieg\u0101de uz Singap\u016bru no Apvienot\u0101s Karalistes<\/a><\/li><li class='ez-toc-page-1 ez-toc-heading-level-2'><a class=\"ez-toc-link ez-toc-heading-3\" href=\"https:\/\/moverdb.com\/lv\/shipping-to-singapore\/#Shipping_to_Singapore_From_Australia\" >Pieg\u0101de uz Singap\u016bru no Austr\u0101lijas<\/a><\/li><li class='ez-toc-page-1 ez-toc-heading-level-2'><a class=\"ez-toc-link ez-toc-heading-4\" href=\"https:\/\/moverdb.com\/lv\/shipping-to-singapore\/#Shipping_to_Singapore_From_Canada\" >Pieg\u0101de uz Singap\u016bru no Kan\u0101das<\/a><\/li><li class='ez-toc-page-1 ez-toc-heading-level-2'><a class=\"ez-toc-link ez-toc-heading-5\" href=\"https:\/\/moverdb.com\/lv\/shipping-to-singapore\/#Shipping_to_Singapore_From_France\" >Pieg\u0101de uz Singap\u016bru no Francijas<\/a><\/li><li class='ez-toc-page-1 ez-toc-heading-level-2'><a class=\"ez-toc-link ez-toc-heading-6\" href=\"https:\/\/moverdb.com\/lv\/shipping-to-singapore\/#Shipping_to_Singapore_From_Hong_Kong\" >Pieg\u0101de uz Singap\u016bru no Honkongas<\/a><\/li><li class='ez-toc-page-1 ez-toc-heading-level-2'><a class=\"ez-toc-link ez-toc-heading-7\" href=\"https:\/\/moverdb.com\/lv\/shipping-to-singapore\/#Shipping_to_Singapore_From_New_Zealand\" >Pieg\u0101de uz Singap\u016bru no Jaunz\u0113landes<\/a><\/li><li class='ez-toc-page-1 ez-toc-heading-level-2'><a class=\"ez-toc-link ez-toc-heading-8\" href=\"https:\/\/moverdb.com\/lv\/shipping-to-singapore\/#Shipping_to_Singapore_From_the_Philippines\" >Pieg\u0101de uz Singap\u016bru no Filip\u012bn\u0101m<\/a><\/li><li class='ez-toc-page-1 ez-toc-heading-level-2'><a class=\"ez-toc-link ez-toc-heading-9\" href=\"https:\/\/moverdb.com\/lv\/shipping-to-singapore\/#Singapore_Import_Duties_Taxes\" >Singap\u016bras importa nodevas un nodok\u013ci<\/a><\/li><li class='ez-toc-page-1 ez-toc-heading-level-2'><a class=\"ez-toc-link ez-toc-heading-10\" href=\"https:\/\/moverdb.com\/lv\/shipping-to-singapore\/#Restricted_Items_in_Singapore\" >Ierobe\u017eoti priek\u0161meti Singap\u016br\u0101<\/a><\/li><li class='ez-toc-page-1 ez-toc-heading-level-2'><a class=\"ez-toc-link ez-toc-heading-11\" href=\"https:\/\/moverdb.com\/lv\/shipping-to-singapore\/#Other_Useful_Guides_to_Singapore\" >Citi noder\u012bgi ce\u013cve\u017ei uz Singap\u016bru<\/a><\/li><\/ul><\/nav><\/div>\n<h2><span class=\"ez-toc-section\" id=\"Shipping_to_Singapore_From_The_US\"><\/span>Pieg\u0101de uz Singap\u016bru no ASV<span class=\"ez-toc-section-end\"><\/span><\/h2>\n<p><strong><a href=\"https:\/\/moverdb.com\/lv\/container-shipping\/\" data-internallinksmanager029f6b8e52c=\"3\" title=\"Starptautisko konteineru p\u0101rvad\u0101jumu tarifu diagramma: Apr\u012blis 2026\">Konteineru p\u0101rvad\u0101jumu izmaksas<\/a> No <a href=\"https:\/\/moverdb.com\/lv\/parvietojas-uz-losandzelosu\/\">Losand\u017eelosa<\/a><\/strong><\/p>\n<ul>\n<li> 20 p\u0113du konteineri: $750 - $830<\/li>\n<li> 40 p\u0113du konteineri: $1,120 - $1,235<\/li>\n<\/ul>\n<p><strong>Konteineru p\u0101rvad\u0101jumu izmaksas no <a href=\"https:\/\/moverdb.com\/lv\/parcelsanas-uz-nigeriju\/\">\u0145ujorka<\/a><\/strong><\/p>\n<ul>\n<li> 20 p\u0113du konteineri: $975 - $1,080<\/li>\n<li> 40 p\u0113du konteineri: $1,460 - $1,610<\/li>\n<\/ul>\n<p><strong>S\u016bt\u012bjumu pieg\u0101des izmaksas<\/strong><\/p>\n<ul>\n<li> Pirmie 0,5 kg: $11,80+<\/li>\n<li> Katrs papildu 0,5 kg: $3,25+<\/li>\n<\/ul>\n<p><em>Avots:<\/em> <a href=\"http:\/\/comgateway.com\/ship-to-Singapore\/\" target=\"_blank\" rel=\"noopener noreferrer\">comGateway<\/a><\/p>\n<p><strong>Pieg\u0101des laiki<\/strong><\/p>\n<ul>\n<li> <strong>Gaisa:<\/strong> 1-3 dienas<\/li>\n<li> <strong>J\u016bra:<\/strong> Apm\u0113ram 1 m\u0113nesis<\/li>\n<\/ul>\n<h2><span class=\"ez-toc-section\" id=\"Shipping_to_Singapore_From_The_UK\"><\/span>Pieg\u0101de uz Singap\u016bru no Apvienot\u0101s Karalistes<span class=\"ez-toc-section-end\"><\/span><\/h2>\n<p><strong>Konteineru p\u0101rvad\u0101jumu izmaksas no <a href=\"https:\/\/moverdb.com\/lv\/moving-to-london\/\">Londona<\/a><\/strong><\/p>\n<ul>\n<li> 20 p\u0113du konteiners: \u00a3 895 - \u00a3 1000<\/li>\n<li> 40 p\u0113du konteiners: \u00a3 1340 - \u00a3 1480<\/li>\n<\/ul>\n<p><strong>S\u016bt\u012bjumu pieg\u0101des izmaksas<\/strong><\/p>\n<ul>\n<li> L\u012bdz 1 kg: \u00a320,12+<\/li>\n<li> L\u012bdz 20 kg: \u00a387,31+<\/li>\n<\/ul>\n<p><em>Avots:<\/em> <a href=\"https:\/\/www.transglobalexpress.co.uk\/parcel-to\/singapore\/\" target=\"_blank\" rel=\"noopener noreferrer\">Transglobal Express<\/a><\/p>\n<p><strong>Pieg\u0101des laiki<\/strong><\/p>\n<ul>\n<li> <strong>Gaisa:<\/strong> 1-3 dienas<\/li>\n<li> <strong>J\u016bra:<\/strong> Apm\u0113ram 1 m\u0113nesis<\/li>\n<\/ul>\n<h2><span class=\"ez-toc-section\" id=\"Shipping_to_Singapore_From_Australia\"><\/span>Pieg\u0101de uz Singap\u016bru no Austr\u0101lijas<span class=\"ez-toc-section-end\"><\/span><\/h2>\n<p><strong>Konteineru p\u0101rvad\u0101jumu izmaksas no <a href=\"https:\/\/moverdb.com\/lv\/parcelsanas-uz-sidneju\/\">Sidneja<\/a><\/strong><\/p>\n<ul>\n<li> 20 p\u0113du konteiners: $980 - $1,080 AUD<\/li>\n<li> 40 p\u0113du konteiners: $1,470 - $1,620 AUD<\/li>\n<\/ul>\n<p><strong>S\u016bt\u012bjumu pieg\u0101des izmaksas<\/strong><\/p>\n<ul>\n<li> Maza soma (l\u012bdz 500 g): $22.26+<\/li>\n<li> Kaste (l\u012bdz 5 kg): $81.73+<\/li>\n<\/ul>\n<p><em>Avots:<\/em> <a href=\"https:\/\/auspost.com.au\/parcels-mail\/calculate-postage-delivery-times\/#\/\" target=\"_blank\" rel=\"noopener noreferrer\">Austr\u0101lijas pasts<\/a><\/p>\n<p><strong>Pieg\u0101des laiki<\/strong><\/p>\n<ul>\n<li> <strong>Gaisa:<\/strong> 1-3 dienas<\/li>\n<li> <strong>J\u016bra:<\/strong> Aptuveni 20 dienas<\/li>\n<\/ul>\n<h2><span class=\"ez-toc-section\" id=\"Shipping_to_Singapore_From_Canada\"><\/span>Pieg\u0101de uz Singap\u016bru no Kan\u0101das<span class=\"ez-toc-section-end\"><\/span><\/h2>\n<p><strong>Konteineru p\u0101rvad\u0101jumu izmaksas no <a href=\"https:\/\/moverdb.com\/lv\/moving-to-canada\/moving-to-montreal\/\" data-internallinksmanager029f6b8e52c=\"410\" title=\"P\u0101rcel\u0161an\u0101s uz Monre\u0101lu? 2023 Dz\u012bves izmaksas un p\u0101rcel\u0161an\u0101s padomi\">Monre\u0101la<\/a><\/strong><\/p>\n<ul>\n<li> 20 p\u0113du konteiners: $1,640 - $1,800 CAD<\/li>\n<li> 40 p\u0113du konteiners: $2 440 - $2 700 CAD<\/li>\n<\/ul>\n<p><strong>Konteineru p\u0101rvad\u0101jumu izmaksas no <a href=\"https:\/\/moverdb.com\/lv\/moving-to-canada\/moving-to-vancouver\/\" data-internallinksmanager029f6b8e52c=\"438\" title=\"P\u0101rce\u013caties uz Vank\u016bveru? 2023 Dz\u012bves izmaksas un p\u0101rcel\u0161an\u0101s padomi\">Vank\u016bvera<\/a><\/strong><\/p>\n<ul>\n<li> 20 p\u0113du konteiners: $990 - $1,100 CAD<\/li>\n<li> 40 p\u0113du konteiners: $1,480 - $1,630 CAD<\/li>\n<\/ul>\n<p><strong>S\u016bt\u012bjumu pieg\u0101des izmaksas<\/strong><\/p>\n<ul>\n<li> 1 kg: $20.29 - $105.44+<\/li>\n<li> 10 kg: $139,85 - $412,93+<\/li>\n<\/ul>\n<p><em>Avots:<\/em> <a href=\"https:\/\/www.canadapost.ca\/cpotools\/apps\/far\/personal\/farInt\" target=\"_blank\" rel=\"noopener noreferrer\">Kan\u0101das pasts<\/a><\/p>\n<p><strong>Pieg\u0101des laiki<\/strong><\/p>\n<ul>\n<li> <strong>Gaisa:<\/strong> 1-3 dienas<\/li>\n<li> <strong>J\u016bra:<\/strong> Apm\u0113ram 1 m\u0113nesis<\/li>\n<\/ul>\n<h2><span class=\"ez-toc-section\" id=\"Shipping_to_Singapore_From_France\"><\/span>Pieg\u0101de uz Singap\u016bru no Francijas<span class=\"ez-toc-section-end\"><\/span><\/h2>\n<p><strong>Konteineru p\u0101rvad\u0101jumu izmaksas no Marse\u013cas<\/strong><\/p>\n<ul>\n<li> 20 p\u0113du konteiners: \u20ac740 - \u20ac820<\/li>\n<li> 40 p\u0113du konteiners: \u20ac1,100 - \u20ac1,220<\/li>\n<\/ul>\n<p><strong>Pieg\u0101des laiki<\/strong><\/p>\n<ul>\n<li> <strong>Gaisa:<\/strong> 1-3 dienas<\/li>\n<li> <strong>J\u016bra:<\/strong> Apm\u0113ram 1 m\u0113nesis<\/li>\n<\/ul>\n<h2><span class=\"ez-toc-section\" id=\"Shipping_to_Singapore_From_Hong_Kong\"><\/span>Pieg\u0101de uz Singap\u016bru no Honkongas<span class=\"ez-toc-section-end\"><\/span><\/h2>\n<p><strong>Konteineru p\u0101rvad\u0101jumu izmaksas<\/strong><\/p>\n<ul>\n<li> 20 p\u0113du konteiners: $1,820 - $2,010 HKD<\/li>\n<li> 40 p\u0113du konteiners: $1,860 - $2,060 HKD<\/li>\n<\/ul>\n<p><strong>Pieg\u0101des laiki<\/strong><\/p>\n<ul>\n<li> <strong>Gaisa:<\/strong> 1-2 dienas<\/li>\n<li> <strong>J\u016bra:<\/strong> Apm\u0113ram 12 dienas<\/li>\n<\/ul>\n<h2><span class=\"ez-toc-section\" id=\"Shipping_to_Singapore_From_New_Zealand\"><\/span>Pieg\u0101de uz Singap\u016bru no Jaunz\u0113landes<span class=\"ez-toc-section-end\"><\/span><\/h2>\n<p><strong>Konteineru p\u0101rvad\u0101jumu izmaksas no Oklendas<\/strong><\/p>\n<ul>\n<li> 20 p\u0113du konteiners: $1,860 - $2,050 NZD<\/li>\n<li> 40 p\u0113du konteiners: $2,775 - $3,070 NZD<\/li>\n<\/ul>\n<p><strong>Pieg\u0101des laiki<\/strong><\/p>\n<ul>\n<li> <strong>Gaisa:<\/strong> 1-3 dienas<\/li>\n<li> <strong>J\u016bra:<\/strong> Aptuveni 23 dienas<\/li>\n<\/ul>\n<h2><span class=\"ez-toc-section\" id=\"Shipping_to_Singapore_From_the_Philippines\"><\/span>Pieg\u0101de uz Singap\u016bru no Filip\u012bn\u0101m<span class=\"ez-toc-section-end\"><\/span><\/h2>\n<p><strong>Konteineru p\u0101rvad\u0101jumu izmaksas no Manilas<\/strong><\/p>\n<ul>\n<li> 20 p\u0113du konteiners: \u20b118 300 - \u20b120 255<\/li>\n<li> 40 p\u0113du konteiners: \u20b127 350 - \u20b130 230 \u20ac<\/li>\n<\/ul>\n<p><strong>Pieg\u0101des laiki<\/strong><\/p>\n<ul>\n<li> <strong>Gaisa:<\/strong> 1-3 dienas<\/li>\n<li> <strong>J\u016bra:<\/strong> Apm\u0113ram 12 dienas<\/li>\n<\/ul>\n<p>Konteineru p\u0101rvad\u0101jumu izmaksu dati ir balst\u012bti uz j\u016bsu pre\u010du nos\u016bt\u012b\u0161anu pa j\u016bru un ieg\u016bti no m\u016bsu <a href=\"https:\/\/moverdb.com\/lv\/konteineru-parvadajumi\/\">starptautisko konteineru p\u0101rvad\u0101jumu tarifi<\/a> lapu un <a href=\"http:\/\/worldfreightrates.com\" target=\"_blank\" rel=\"noopener noreferrer\">WorldFreightRates.com<\/a>, Gaisa p\u0101rvad\u0101jumu laiki n\u0101k no <a href=\"https:\/\/wwwapps.ups.com\/fctc\/timeandcost\" target=\"_blank\" rel=\"noopener noreferrer\">UPS laika un izmaksu kalkulators<\/a>, un j\u016bras p\u0101rvad\u0101jumu laiki ir no <a href=\"https:\/\/www.searates.com\" target=\"_blank\" rel=\"noopener noreferrer\">SeaRates.com<\/a>.<\/p>\n<h2><span class=\"ez-toc-section\" id=\"Singapore_Import_Duties_Taxes\"><\/span>Singap\u016bras importa nodevas un nodok\u013ci<span class=\"ez-toc-section-end\"><\/span><\/h2>\n<p>Ja sadz\u012bves priek\u0161metus un person\u012bg\u0101s mantas s\u016bta uz <a href=\"https:\/\/moverdb.com\/lv\/moving-to-singapore\/\" data-internallinksmanager029f6b8e52c=\"68\" title=\"P\u0101rcel\u0161an\u0101s uz Singap\u016bru? 2022 Dz\u012bves izmaksas un p\u0101rcel\u0161an\u0101s padomi\">Singap\u016bra<\/a> par prec\u0113m, kuru v\u0113rt\u012bba p\u0101rsniedz 400 SGD, jums tiks piem\u0113rots pre\u010du un pakalpojumu nodoklis (GST) 7% apm\u0113r\u0101. Tom\u0113r j\u016bs varat pieteikties uz atvieglojumiem, ja ir izpild\u012bti \u0161\u0101di nosac\u012bjumi:<\/p>\n<blockquote><p>Par lietotu m\u0101jsaimniec\u012bbas priek\u0161metu un personisko priek\u0161metu importu var pie\u0161\u0137irt GST atvieglojumus:<\/p>\n<p>Singap\u016bras pilso\u0146i un Singap\u016bras past\u0101v\u012bgie iedz\u012bvot\u0101ji (PR), kas dz\u012bvo \u0101rzem\u0113s un atgrie\u017eas, lai ats\u0101ktu uztur\u0113\u0161anos Singap\u016br\u0101<br \/>\n\u0100rvalstnieki, kas maina dz\u012bvesvietu vai migr\u0113 uz Singap\u016bru<\/p>\n<p>Uz GST atvieglojumu attiecas \u0161\u0101di nosac\u012bjumi:<\/p>\n<p>\u0161\u012b persona pier\u0101da muitai, ka:<\/p>\n<ul>\n<li> Vi\u0146\u0161 maina dz\u012bvesvietu uz Singap\u016bru;<\/li>\n<li> Vi\u0146\u0161 ir import\u0113to priek\u0161metu, person\u012bgo lietu un person\u012bgo m\u0101jdz\u012bvnieku \u012bpa\u0161nieks;<\/li>\n<li> Priek\u0161meti un person\u012bg\u0101s mantas ir biju\u0161as vi\u0146a \u012bpa\u0161um\u0101 un izmantotas vismaz tr\u012bs m\u0113ne\u0161us; un<\/li>\n<li> Priek\u0161meti un person\u012bg\u0101s mantas tiek import\u0113tas pa gaisu vai j\u016bru.<\/li>\n<li> Priek\u0161meti, person\u012bg\u0101s mantas un person\u012bgie m\u0101jdz\u012bvnieki tiek import\u0113ti 6 m\u0113ne\u0161u laik\u0101 p\u0113c pirm\u0101s iera\u0161an\u0101s Singap\u016br\u0101.<\/li>\n<li> Tiek paredz\u0113tas saist\u012bbas neizn\u012bcin\u0101t priek\u0161metus un person\u012bg\u0101s mantas tr\u012bs m\u0113ne\u0161u laik\u0101 no ieve\u0161anas dienas.<\/li>\n<\/ul>\n<p>Lai Singap\u016bras pilso\u0146i un PR, kas atgrie\u017eas no Singap\u016bras, var\u0113tu sa\u0146emt \u0161o GST atvieglojumu, vi\u0146iem ir j\u0101b\u016bt uztur\u0113ju\u0161amies \u0101rvalst\u012bs ilg\u0101k nek\u0101 6 m\u0113ne\u0161us.<\/p><\/blockquote>\n<p><strong>Avots:<\/strong> <a href=\"https:\/\/www.customs.gov.sg\/businesses\/importing-goods\/import-procedures\/importing-used-household-articles-and-personal-effects\" target=\"_blank\" rel=\"noopener noreferrer\">Singap\u016bras muita<\/a><\/p>\n<p>L\u016bdzu, \u0146emiet v\u0113r\u0101, ka ir <a href=\"https:\/\/www.customs.gov.sg\/businesses\/valuation-duties-taxes--fees\/duties-and-dutiable-goods\" target=\"_blank\" rel=\"noopener noreferrer\">ir 4 ar nodokli apliekamo pre\u010du kategorijas.<\/a> (uz kuriem neattiecas GST atvieglojumi):<\/p>\n<ul>\n<li> Apreibino\u0161ie alkoholiskie dz\u0113rieni: Pamatojoties uz vienu no div\u0101m formul\u0101m: <em>Maks\u0101jamie nodok\u013ci = kop\u0113jais daudzums litros x muitas un\/vai akc\u012bzes nodok\u013ca likme x spirta procentu\u0101l\u0101 koncentr\u0101cija<\/em> <strong>vai<\/strong><em> Maks\u0101jamie nodok\u013ci = Kop\u0113jais apliekamais daudzums kilogramos x muitas nodok\u013ca likme<\/em>.<\/li>\n<li> Tabakas izstr\u0101d\u0101jumi - <em>Cigaretes:<\/em> Maks\u0101jamie nodok\u013ci = kop\u0113jais n\u016bji\u0146u skaits x atsevi\u0161\u0137u n\u016bji\u0146u svars (katrs grams vai t\u0101 da\u013ca) x akc\u012bzes nodok\u013ca likme - <em>visi p\u0101r\u0113jie tabakas izstr\u0101d\u0101jumi:<\/em> Maks\u0101jamie nodok\u013ci = kop\u0113jais svars (kilogramos) x akc\u012bzes nodok\u013ca likme<\/li>\n<li> Automa\u0161\u012bnas un meh\u0101niskie transportl\u012bdzek\u013ci - <em>Maks\u0101jamie nodok\u013ci = muitas v\u0113rt\u012bba x akc\u012bzes nodok\u013ca likme<\/em>; vieglajiem un klasiskajiem automobi\u013ciem akc\u012bzes nodok\u013ca likme ir \u0161\u0101da. <strong>20%<\/strong> un motocikliem un motorolleriem akc\u012bzes nodok\u013ca likme ir \u0161\u0101da. <strong>12%<\/strong>.<\/li>\n<li> Naftas produkti un biod\u012bze\u013cdegvielas mais\u012bjumi - Naftas produkti: <em>Maks\u0101jamie nodok\u013ci = kop\u0113jais apjoms x akc\u012bzes nodok\u013ca likme<\/em>, saspiest\u0101 dabasg\u0101ze (Cng): <em>Maks\u0101jamie nodok\u013ci = kop\u0113jais svars x akc\u012bzes nodok\u013ca likme<\/em>, Biod\u012bze\u013cdegvielas mais\u012bjums Maks\u0101jamie nodok\u013ci = <em>D\u012bze\u013cdegvielas apjoms x akc\u012bzes nodok\u013ca likme<\/em>.<\/li>\n<\/ul>\n<p>S\u012bk\u0101ku inform\u0101ciju skatiet Singap\u016bras muitas dienest\u0101 <a href=\"https:\/\/www.customs.gov.sg\/businesses\/importing-goods\/import-procedures\" target=\"_blank\" rel=\"noopener noreferrer\">Import\u0113\u0161anas proced\u016bras \u0161eit<\/a>.<\/p>\n<h2><span class=\"ez-toc-section\" id=\"Restricted_Items_in_Singapore\"><\/span>Ierobe\u017eoti priek\u0161meti Singap\u016br\u0101<span class=\"ez-toc-section-end\"><\/span><\/h2>\n<p>Singap\u016bras muita aizliedz un\/vai kontrol\u0113 \u0161\u0101das preces (<a href=\"https:\/\/www.customs.gov.sg\/individuals\/going-through-customs\/arrival\/prohibited-and-controlled-goods\" target=\"_blank\" rel=\"noopener noreferrer\">skat\u012bt t\u012bmek\u013ca vietni<\/a> s\u012bk\u0101ku inform\u0101ciju):<\/p>\n<ul>\n<li> Ko\u0161\u013c\u0101jam\u0101 gumija (iz\u0146emot Vesel\u012bbas zin\u0101t\u0146u iest\u0101des apstiprin\u0101t\u0101s mutes dobuma zob\u0101rstniec\u012bbas un \u0101rstniecisk\u0101s gumijas).<\/li>\n<li> ko\u0161\u013c\u0101jam\u0101 tabaka un tabakas imit\u0101cijas izstr\u0101d\u0101jumi (piem\u0113ram, elektronisk\u0101s cigaretes).<\/li>\n<li> \u0160i\u0161a<\/li>\n<li> Bezd\u016bmu cig\u0101ri, bezd\u016bmu cigarilli vai bezd\u016bmu cigaretes<\/li>\n<li> \u0160\u0137\u012bsto\u0161a tabaka vai nikot\u012bns<\/li>\n<li> Jebkur\u0161 nikot\u012bnu vai tabaku saturo\u0161s produkts, ko var lietot lok\u0101li, implant\u0113jot vai injic\u0113jot jebkur\u0101 \u0137erme\u0146a da\u013c\u0101.<\/li>\n<li> Jebkur\u0161 \u0161\u0137\u012bdums vai viela, kuras sast\u0101v\u0101 ir tabaka vai nikot\u012bns un kuru paredz\u0113ts izmantot kop\u0101 ar elektronisko nikot\u012bna pieg\u0101des sist\u0113mu vai iztvaic\u0113t\u0101jiem.<\/li>\n<li> deguna tabaka (st\u0101jas sp\u0113k\u0101 2016. gada 1. august\u0101)<\/li>\n<li> tabakas iek\u0161\u0137\u012bgai lieto\u0161anai (no 2016. gada 1. augusta)<\/li>\n<li> Gutkha, khaini un zarda (no 2016. gada 1. augusta).<\/li>\n<li> Pistoles vai revolvera formas cigare\u0161u \u0161\u0137iltavas<\/li>\n<p>Contr<\/p>\n<li> ol\u0113tas narkotikas un psihotrop\u0101s vielas<\/li>\n<li> Apdraud\u0113t\u0101s savva\u013cas dz\u012bvnieku sugas un to blakusprodukti<\/li>\n<li> Petardes<\/li>\n<li> Ne\u0137\u012btri raksti, publik\u0101cijas un videokasetes\/diski<\/li>\n<li> Autorties\u012bbu aizsarg\u0101tu publik\u0101ciju, programmat\u016bras, videokase\u0161u, videokompaktdisku, l\u0101zerdisku, ierakstu vai kase\u0161u pavairo\u0161ana.<\/li>\n<li> Maldino\u0161i un nodev\u012bgi materi\u0101li<\/li>\n<\/ul>\n<p>Ja neesat p\u0101rliecin\u0101ts par k\u0101du citu preci, pirms pre\u010du nos\u016bt\u012b\u0161anas sazinieties ar vi\u0146iem.<\/p>\n<h2><span class=\"ez-toc-section\" id=\"Other_Useful_Guides_to_Singapore\"><\/span>Citi noder\u012bgi ce\u013cve\u017ei uz Singap\u016bru<span class=\"ez-toc-section-end\"><\/span><\/h2>\n<ul>\n<li> <a href=\"https:\/\/moverdb.com\/lv\/konteineru-parvadajumi\/singapura\/\">2024 J\u016bras kravu p\u0101rvad\u0101jumu konteineru ku\u0123niec\u012bbas cenas uz Singap\u016bru un no Singap\u016bras<\/a><\/li>\n<li> <a href=\"https:\/\/moverdb.com\/lv\/parvietojas-uznemumi\/moving-companies-singapore\/\">22 Lab\u0101kie starptautisk\u0101s p\u0101rcel\u0161an\u0101s uz\u0146\u0113mumi Singap\u016br\u0101<\/a><\/li>\n<li> <a href=\"https:\/\/moverdb.com\/lv\/piegade-uz-singapuru\/\">Pieg\u0101de uz Singap\u016bru: Kas jums j\u0101zina<\/a><\/li>\n<li> <a href=\"https:\/\/moverdb.com\/lv\/parcelsanas-uz-singapuru\/\">P\u0101rcel\u0161an\u0101s uz Singap\u016bru? 2024 Dz\u012bves izmaksas un p\u0101rcel\u0161an\u0101s padomi<\/a><\/li>\n<li> <a href=\"https:\/\/moverdb.com\/lv\/parcelsanas-uz-singapuru\/best-places-to-live-singapore\/\">12 lab\u0101k\u0101s vietas, kur dz\u012bvot Singap\u016br\u0101<\/a><\/li>\n<li> <a href=\"https:\/\/moverdb.com\/lv\/parcelsanas-uz-singapuru\/living-in-singapore\/\">21 nosl\u0113pums par dz\u012bvi Singap\u016br\u0101, kas j\u0101zina pirms p\u0101rcel\u0161an\u0101s<\/a><\/li>\n<li> <a href=\"https:\/\/moverdb.com\/lv\/parcelsanas-uz-singapuru\/moving-to-singapore-from-the-united-states\/\">P\u0101rcel\u0161an\u0101s uz Singap\u016bru no Amerikas Savienotaj\u0101m Valst\u012bm<\/a><\/li>\n<\/ul>","protected":false},"excerpt":{"rendered":"<p>Whether you&#8217;re moving to Singapore or just looking to ship a few parcels, we can help you find the best shipping deals from the US, UK, Australia, Canada, France, Hong Kong, New Zealand, Philippines and most other countries around the world. You can get started by using the free quote form above. Shipping to Singapore [&hellip;]<\/p>\n","protected":false},"author":1,"featured_media":2676,"parent":0,"menu_order":0,"comment_status":"closed","ping_status":"closed","template":"","meta":{"_genesis_hide_title":false,"_genesis_hide_breadcrumbs":false,"_genesis_hide_singular_image":false,"_genesis_hide_footer_widgets":false,"_genesis_custom_body_class":"","_genesis_custom_post_class":"","_genesis_layout":"","footnotes":""},"class_list":{"0":"post-2675","1":"page","2":"type-page","3":"status-publish","4":"has-post-thumbnail","6":"entry"},"_links":{"self":[{"href":"https:\/\/moverdb.com\/lv\/wp-json\/wp\/v2\/pages\/2675","targetHints":{"allow":["GET"]}}],"collection":[{"href":"https:\/\/moverdb.com\/lv\/wp-json\/wp\/v2\/pages"}],"about":[{"href":"https:\/\/moverdb.com\/lv\/wp-json\/wp\/v2\/types\/page"}],"author":[{"embeddable":true,"href":"https:\/\/moverdb.com\/lv\/wp-json\/wp\/v2\/users\/1"}],"replies":[{"embeddable":true,"href":"https:\/\/moverdb.com\/lv\/wp-json\/wp\/v2\/comments?post=2675"}],"version-history":[{"count":17,"href":"https:\/\/moverdb.com\/lv\/wp-json\/wp\/v2\/pages\/2675\/revisions"}],"predecessor-version":[{"id":16941,"href":"https:\/\/moverdb.com\/lv\/wp-json\/wp\/v2\/pages\/2675\/revisions\/16941"}],"wp:featuredmedia":[{"embeddable":true,"href":"https:\/\/moverdb.com\/lv\/wp-json\/wp\/v2\/media\/2676"}],"wp:attachment":[{"href":"https:\/\/moverdb.com\/lv\/wp-json\/wp\/v2\/media?parent=2675"}],"curies":[{"name":"wp","href":"https:\/\/api.w.org\/{rel}","templated":true}]}}