{"id":265,"date":"2016-05-01T06:12:45","date_gmt":"2016-05-01T06:12:45","guid":{"rendered":"http:\/\/moverdb.com\/?page_id=265"},"modified":"2026-01-08T14:47:55","modified_gmt":"2026-01-08T14:47:55","slug":"cadogan-tate","status":"publish","type":"page","link":"https:\/\/moverdb.com\/lv\/cadogan-tate\/","title":{"rendered":"Cadogan Tate: Starptautiskie p\u0101rv\u0101k\u0161an\u0101s un p\u0101rcel\u0161an\u0101s darbi Atsauksmes"},"content":{"rendered":"<p>Cadogan Tate saviem klientiem pied\u0101v\u0101. \u0160ai inform\u0101cijai seko uz\u0146\u0113muma profils un da\u017e\u0101du klientu atsauksmes.<\/p>\n<p><strong>Personu un uz\u0146\u0113mumu p\u0101rv\u0101k\u0161an\u0101s<\/strong><\/p>\n<p>P\u0101rcel\u0161an\u0101s p\u0101rvald\u012bbas pakalpojumi<\/p>\n<ul>\n<li> P\u0101rvieto\u0161anas p\u0101rvald\u012bbas pl\u0101ns<\/li>\n<li> Iepako\u0161ana un izpako\u0161ana<\/li>\n<li> Transport\u0113\u0161ana un nos\u016bt\u012b\u0161ana<\/li>\n<li> Muito\u0161ana <\/li>\n<li> Uzglab\u0101\u0161ana - glob\u0101lais p\u0101rkl\u0101jums<\/li>\n<\/ul>\n<p><strong>M\u0101kslas pakalpojumi un gadatirgu pakalpojumi<\/strong><\/p>\n<ul>\n<li> M\u0101kslas priek\u0161metu uzglab\u0101\u0161ana, nos\u016bt\u012b\u0161ana un p\u0101rvieto\u0161ana<\/li>\n<li> Izst\u0101\u017eu un gadatirgu priek\u0161metu p\u0101rvieto\u0161ana vis\u0101 pasaul\u0113<\/li>\n<\/ul>\n<p><strong>Speci\u0101listu uzdevumi<\/strong><\/p>\n<ul>\n<li> Izsmalcin\u0101tu v\u012bnu p\u0101rvieto\u0161ana <\/li>\n<li> <a href=\"https:\/\/moverdb.com\/lv\/auto-transporta-nosutisana\/\">Automa\u0161\u012bnu nos\u016bt\u012b\u0161ana<\/a>, laivas un lidma\u0161\u012bnas<\/li>\n<li> M\u0101jdz\u012bvnieku p\u0101rvieto\u0161ana<\/li>\n<\/ul>\n<p><strong>Interjera dizainera pakalpojumi<\/strong><\/p>\n<ul>\n<li> Jebkura dizainera izstr\u0101d\u0101juma sav\u0101k\u0161ana un p\u0101rvieto\u0161ana vis\u0101 pasaul\u0113<\/li>\n<li> Pieredz\u0113jis person\u0101ls to prasm\u012bgi iesai\u0146o\/nosai\u0146o un p\u0101rvieto.<\/li>\n<li> Pieg\u0101de un muita <\/li>\n<li> Uzglab\u0101\u0161ana <\/li>\n<\/ul>\n<h2>Cadogan Tate Uz\u0146\u0113muma profils<\/h2>\n<p>Uz\u0146\u0113mums Cadogan Tate tika dibin\u0101ts 1977. gad\u0101, un tagad t\u0101 biroji atrodas <a href=\"https:\/\/moverdb.com\/lv\/moving-to-london\/\">Londona<\/a>, <a href=\"https:\/\/moverdb.com\/lv\/moving-to-france\/moving-to-paris\/\" data-internallinksmanager029f6b8e52c=\"407\" title=\"P\u0101rcel\u0161an\u0101s uz Par\u012bzi? 2023 Dz\u012bves izmaksas un p\u0101rcel\u0161an\u0101s padomi\">Par\u012bze<\/a>, Cote d'Azure, <a href=\"https:\/\/moverdb.com\/lv\/parcelsanas-uz-nigeriju\/\">\u0145ujorka<\/a> un <a href=\"https:\/\/moverdb.com\/lv\/parvietojas-uz-losandzelosu\/\">Losand\u017eelosa<\/a> Vi\u0146i ne tikai p\u0101rvieto uz\u0146\u0113mumus un priv\u0101tpersonas vis\u0101 pasaul\u0113, bet ir ar\u012b eksperti m\u0101kslas darbu, k\u0101 ar\u012b pasaules vado\u0161o dizaineru rad\u012bto m\u0113be\u013cu un dekorat\u012bvo priek\u0161metu p\u0101rvieto\u0161an\u0101. <\/p>\n<p>Cadogan Tate lepojas ar savu pieredzi m\u0101kslas izst\u0101\u017eu r\u012bko\u0161an\u0101, \u0146emot v\u0113r\u0101 izst\u0101\u017eu organizatoru, pirc\u0113ju un dal\u012bbnieku vajadz\u012bbas. Cadogan Tate logotips ir \"viss, kas tiek r\u016bp\u012bgi apstr\u0101d\u0101ts\".<br \/>\nUz\u0146\u0113mumam ir ilgs saraksts ar saist\u012bb\u0101m un akredit\u0101cij\u0101m:<\/p>\n<ul>\n<li> <a href=\"https:\/\/moverdb.com\/lv\/britu-iznemeju-asociacija\/\">Lielbrit\u0101nijas P\u0101rv\u0101c\u0113ju asoci\u0101cija (BAR)<\/a><\/li>\n<li> <a href=\"https:\/\/moverdb.com\/lv\/mtc\/\">P\u0101rvietot\u0101ji Trading Club<\/a> (<a href=\"https:\/\/moverdb.com\/lv\/mtc\/\" data-internallinksmanager029f6b8e52c=\"30\" title=\"Movers Trading Club (MTC) Paskaidrots\">MTC<\/a>)<\/li>\n<li> Muzeju asoci\u0101cija<\/li>\n<li> Iek\u0161lietu ministrija - <a href=\"https:\/\/moverdb.com\/lv\/moving-to-the-uk\/\" data-internallinksmanager029f6b8e52c=\"93\" title=\"P\u0101rce\u013caties uz Apvienoto Karalisti? 2022 Dz\u012bves izmaksas un p\u0101rcel\u0161an\u0101s padomi\">APVIENOT\u0100 KARALISTE<\/a> Robe\u017eu a\u0123ent\u016bra<\/li>\n<li> <a href=\"https:\/\/moverdb.com\/lv\/harmony-relocation-network\/\">Harmonijas p\u0101rvieto\u0161anas t\u012bkls<\/a><\/li>\n<li> <a href=\"https:\/\/moverdb.com\/lv\/esmu\/\">Starptautisk\u0101 P\u0101rv\u0101c\u0113ju asoci\u0101cija (IAM)<\/a><\/li>\n<li> <a href=\"https:\/\/moverdb.com\/lv\/fidi-faim\/\">FAIM<\/a><\/li>\n<li> Apvienot\u0101s Karalistes Re\u0123istrat\u016bru grupa<\/li>\n<li> <a href=\"https:\/\/moverdb.com\/lv\/fidi-faim\/\">FIDI glob\u0101l\u0101 alianse<\/a><\/li>\n<li> M\u0101kslas un antikvari\u0101tu tirgot\u0101ju asoci\u0101cija (LAPADA)<\/li>\n<li> Kvalit\u0101tes nodro\u0161in\u0101\u0161anas pakalpojuma standarts - Komerci\u0101l\u0101 p\u0101rcel\u0161an\u0101s<\/li>\n<li> Kvalit\u0101tes nodro\u0161in\u0101\u0161anas pakalpojuma standarts - Vides p\u0101rvald\u012bbas sist\u0113mas<\/li>\n<li> Kvalit\u0101tes nodro\u0161in\u0101\u0161anas pakalpojuma standarts - Komerci\u0101l\u0101 p\u0101rcel\u0161an\u0101s<\/li>\n<li> Kvalit\u0101tes nodro\u0161in\u0101\u0161anas pakalpojuma standarts - M\u0101jsaimniec\u012bbas m\u0113be\u013cu p\u0101rve\u0161ana<\/li>\n<li> Kvalit\u0101tes nodro\u0161in\u0101\u0161anas pakalpojumu standarts - arodvesel\u012bbas un vad\u012bbas sist\u0113mas<\/li>\n<li> Kvalit\u0101tes nodro\u0161in\u0101\u0161anas pakalpojumu standarts - Kvalit\u0101tes vad\u012bbas sist\u0113mas<\/li>\n<\/ul>\n<h2>Cadogan Tate Atsauksmes<\/h2>\n<p><strong>Pozit\u012bvs<\/strong><\/p>\n<ul>\n<li> \"<em>M\u0113s bij\u0101m saj\u016bsm\u0101 par Cadogan Tate. T\u0101 nebija l\u0113ta izv\u0113le, bet p\u0113c darba ar vi\u0146iem m\u0113s nol\u0113m\u0101m, ka vi\u0146i bija katra centa v\u0113rti.\" <\/em> E. Perry, izmantojot <a href=\"http:\/\/www.reviewcentre.com\/Removal-Companies\/Cadogan-Tate-www-cadogantate-com-review_3591881\" target=\"_blank\" rel=\"noopener\">P\u0101rskata centrs<\/a>\n<\/li>\n<li> \"<em>Nesen pas\u016bt\u012bju s\u016bt\u012bjumu caur Cadogan Tate, lai p\u0101rceltos no Dienvidu <a href=\"https:\/\/moverdb.com\/lv\/moving-to-france\/\" data-internallinksmanager029f6b8e52c=\"315\" title=\"P\u0101rcel\u0161an\u0101s uz Franciju? 2023 Dz\u012bves izmaksas un p\u0101rcel\u0161an\u0101s padomi\">Francija<\/a> uz Londonu. Tas tika paveikts tik perfekti.\" <\/em>Rivsalov caur <a href=\"http:\/\/www.removalreviews.co.uk\/movingreviews\/smooth-and-efficient-with-a-professional-approach-5733\" target=\"_blank\" rel=\"noopener\">P\u0101rcel\u0161an\u0101s atsauksmes<\/a>\n<\/li>\n<\/ul>\n<p><strong>Negat\u012bvs<\/strong><\/p>\n<ul>\n<li> \"<em>Izj\u016btat sa\u0161utumu par to, cik daudz vides atkritumu rada \u0161is uz\u0146\u0113mums. Kastes ar t\u0101diem neder\u012bgiem priek\u0161metiem k\u0101 spilveni un gultasve\u013ca, kas l\u012bdz mal\u0101m piepild\u012btas ar pavisam jaunu pap\u012bra iepakojumu.\" <\/em>Carl Lyon via <a href=\"http:\/\/www.reviewcentre.com\/Removal-Companies\/Cadogan-Tate-www-cadogantate-com-review_3349791\" target=\"_blank\" rel=\"noopener\">P\u0101rskata centrs<\/a>\n<\/li>\n<li> \"<em>M\u0113s izmantoj\u0101m Cadogan Tate, lai p\u0101rceltos no Londonas atpaka\u013c uz <a href=\"https:\/\/moverdb.com\/lv\/moving-to-the-united-states\/\" data-internallinksmanager029f6b8e52c=\"94\" title=\"P\u0101rce\u013caties uz Amerikas Savienotaj\u0101m Valst\u012bm? 2022 Dz\u012bves izmaksas un p\u0101rcel\u0161an\u0101s padomi\">ASV<\/a>. P\u0101rvietot\u0101ji bija \u013coti profesion\u0101li un draudz\u012bgi. Tom\u0113r birojam ir nopietnas probl\u0113mas.\" <\/em> D J Skillman caur <a href=\"http:\/\/www.removalreviews.co.uk\/movers\/cadogan-tate-311\" target=\"_blank\" rel=\"noopener\">P\u0101rcel\u0161an\u0101s atsauksmes<\/a>\n<\/li>\n<\/ul>\n<div itemprop=\"review\" itemscope itemtype=\"http:\/\/schema.org\/Review\">\n<span itemprop=\"author\" itemscope=\"\" itemtype=\"http:\/\/schema.org\/Organization\"><span itemprop=\"name\">MoverDB.com<\/span><\/span> Tie\u0161saistes vietnes p\u0101rskats par <span itemprop=\"itemreviewed\" itemscope=\"\" itemtype=\"http:\/\/schema.org\/Brand\"><span itemprop=\"name\">Cadogan Tate<\/span><\/span>:<\/p>\n<ol>\n<li> Skaidra kontaktinform\u0101cija t\u012bmek\u013ca vietn\u0113 (tostarp t\u0101lru\u0146a numurs): <strong>J\u0101<\/strong><\/li>\n<li> Viegli ieg\u016bt <a href=\"https:\/\/moverdb.com\/lv\/citati\/\">starptautiskie p\u0101rv\u0101k\u0161an\u0101s cit\u0101ti<\/a>? (Tie\u0161saistes t\u0101mes piepras\u012bjuma veidlapa): <strong>J\u0101<\/strong><\/li>\n<li> Skaidra inform\u0101cija t\u012bmek\u013ca vietn\u0113: <strong>Da\u013c\u0113js.<\/strong> T\u012bmek\u013ca vietn\u0113 nav daudz detaliz\u0113tas inform\u0101cijas. T\u0101 tiek sniegta pl\u0101no\u0161anas posm\u0101.<\/li>\n<li> Dal\u012bba starptautiski atz\u012bt\u0101s kust\u012bbu organiz\u0101cij\u0101s: <strong>J\u0101<\/strong>skat\u012bt iepriek\u0161.<\/li>\n<li> Klientu saraksts un\/vai iepriek\u0161\u0113jo klientu atsauksmes: <strong>Da\u013c\u0113js.<\/strong> Vietn\u0113 ir gad\u012bjumu izp\u0113te, kur\u0101 aprakst\u012bti da\u017e\u0101di g\u0101jieni, kuros nav klientu v\u0101rdu vai klientu atsauksmju.<\/li>\n<\/ol>\n<div itemprop=\"reviewRating\" itemscope itemtype=\"http:\/\/schema.org\/Rating\"><meta itemprop=\"worstRating\" content = \"0\" \/><meta itemprop=\"bestRating\" content=\"5\" \/><meta itemprop=\"ratingValue\" content=\"4\"><\/div>\n<p><strong>Kop\u0113jais v\u0113rt\u0113jums: 4\/5<\/strong><br \/>\n<strong>P\u0101rskata datums:<\/strong> <span itemprop=\"datePublished\" content=\"2016-05-01\">01\/05\/2016<\/span>\n<\/div>\n<p>Vair\u0101k par <a href=\"https:\/\/moverdb.com\/lv\/starptautiskie-parvaksanas-darbi\/\">Apvienot\u0101s Karalistes p\u0101rcel\u0161an\u0101s uz\u0146\u0113mumi<\/a> un m\u016bsu <a href=\"https:\/\/moverdb.com\/lv\/atsauksmes\/\">izskaidrots p\u0101rskat\u012b\u0161anas process<\/a>.<\/p>\n<p><strong>T\u012bmek\u013ca vietne:<\/strong> <a href=\"https:\/\/www.cadogantate.com\/en\" target=\"_blank\" rel=\"noopener\">https:\/\/www.cadogantate.com\/en<\/a><\/p>","protected":false},"excerpt":{"rendered":"<p>Cadogan Tate offer their clients the following for their move abroad. This information is followed by a company profile and reviews from various clients. Personal and Corporate Moves Move Management Services Move management plan Packing and unpacking Transportation and shipping Customs clearance Storage &#8211; Global coverage Art Services and Fair Services Fine art storage, shipping [&hellip;]<\/p>\n","protected":false},"author":1,"featured_media":0,"parent":0,"menu_order":0,"comment_status":"closed","ping_status":"closed","template":"","meta":{"_genesis_hide_title":false,"_genesis_hide_breadcrumbs":false,"_genesis_hide_singular_image":false,"_genesis_hide_footer_widgets":false,"_genesis_custom_body_class":"","_genesis_custom_post_class":"","_genesis_layout":"","footnotes":""},"class_list":{"0":"post-265","1":"page","2":"type-page","3":"status-publish","5":"entry"},"_links":{"self":[{"href":"https:\/\/moverdb.com\/lv\/wp-json\/wp\/v2\/pages\/265","targetHints":{"allow":["GET"]}}],"collection":[{"href":"https:\/\/moverdb.com\/lv\/wp-json\/wp\/v2\/pages"}],"about":[{"href":"https:\/\/moverdb.com\/lv\/wp-json\/wp\/v2\/types\/page"}],"author":[{"embeddable":true,"href":"https:\/\/moverdb.com\/lv\/wp-json\/wp\/v2\/users\/1"}],"replies":[{"embeddable":true,"href":"https:\/\/moverdb.com\/lv\/wp-json\/wp\/v2\/comments?post=265"}],"version-history":[{"count":17,"href":"https:\/\/moverdb.com\/lv\/wp-json\/wp\/v2\/pages\/265\/revisions"}],"predecessor-version":[{"id":6190,"href":"https:\/\/moverdb.com\/lv\/wp-json\/wp\/v2\/pages\/265\/revisions\/6190"}],"wp:attachment":[{"href":"https:\/\/moverdb.com\/lv\/wp-json\/wp\/v2\/media?parent=265"}],"curies":[{"name":"wp","href":"https:\/\/api.w.org\/{rel}","templated":true}]}}