{"id":246,"date":"2016-04-21T14:54:42","date_gmt":"2016-04-21T14:54:42","guid":{"rendered":"http:\/\/moverdb.com\/?page_id=246"},"modified":"2026-01-08T14:47:37","modified_gmt":"2026-01-08T14:47:37","slug":"atlas-van-lines-international","status":"publish","type":"page","link":"https:\/\/moverdb.com\/lv\/atlas-van-lines-international\/","title":{"rendered":"Atlas Van Lines International: P\u0101rcel\u0161an\u0101s pakalpojumi un atsauksmes"},"content":{"rendered":"<p>Atlas Van Lines International pied\u0101v\u0101 \u0161\u0101dus pakalpojumus cilv\u0113kiem, kas p\u0101rce\u013cas uz \u0101rzem\u0113m. T\u0101l\u0101k varat apskat\u012bt uz\u0146\u0113muma profilu un izlas\u012bt atsauksmes:<\/p>\n<p><strong>Person\u012bgie un korporat\u012bvie p\u0101rvadi:<\/strong><\/p>\n<p>Transporta pakalpojumi<\/p>\n<ul>\n<li> M\u0101jsaimniec\u012bbas pre\u010du p\u0101rvad\u0101jumi \"no durv\u012bm l\u012bdz durv\u012bm\" vis\u0101 pasaul\u0113<\/li>\n<li> <a href=\"https:\/\/moverdb.com\/lv\/kravas-ekspeditors\/\">Oke\u0101na un gaisa kravu p\u0101rvad\u0101jumi<\/a><\/li>\n<li> Automa\u0161\u012bnas un laivas<\/li>\n<li> Projektu kravu p\u0101rvad\u0101jumi (ekspon\u0101ti un izst\u0101des)<\/li>\n<\/ul>\n<p>P\u0101rcel\u0161an\u0101s pakalpojumi<\/p>\n<ul>\n<li> Programmas administr\u0113\u0161ana un atbalsts<\/li>\n<li> Politikas izstr\u0101de<\/li>\n<li> Konsult\u0101cijas<\/li>\n<li> P\u0101r\u0146\u0113m\u0113ja m\u0101joklis<\/li>\n<li> Galam\u0113r\u0137a pakalpojumi<\/li>\n<li> V\u0113rt\u012bbas aizsardz\u012bbas pakalpojums<\/li>\n<\/ul>\n<p>Ce\u013cojumu pakalpojumi<\/p>\n<ul>\n<li> Pilna servisa korporat\u012bvo ce\u013cojumu a\u0123ent\u016bra<\/li>\n<li> Programmas p\u0101rvald\u012bba un zi\u0146o\u0161ana<\/li>\n<\/ul>\n<p>Ilgtermi\u0146a uzglab\u0101\u0161anas p\u0101rvald\u012bba<\/p>\n<p><strong>Vald\u012bbas un milit\u0101rie pas\u0101kumi:<\/strong><\/p>\n<ul>\n<li> Atbalsts Aizsardz\u012bbas personisk\u0101 \u012bpa\u0161uma programmai (DP3)<\/li>\n<li> Starptautisko m\u0101jsaimniec\u012bbas pre\u010du p\u0101rvad\u0101jumu p\u0101rvald\u012bba (4., 5. un T kods)<\/li>\n<li> M\u0101jsaimniec\u012bbas pre\u010du p\u0101rvieto\u0161anas p\u0101rvald\u012bba (1. un 2. kods)<\/li>\n<li> Starptautiskie bag\u0101\u017eas s\u016bt\u012bjumi (kods J)<\/li>\n<li> OTO s\u016bt\u012bjumi<\/li>\n<li> \u012apa\u0161a klientu apkalpo\u0161anas komanda, kas nodro\u0161ina VIP person\u012bgo apr\u016bpi pakalpojumu dal\u012bbniekiem.<\/li>\n<li> GSA kontu komanda, kas nodarbojas tikai ar starptautisku p\u0101rcel\u0161anos par <a href=\"https:\/\/moverdb.com\/lv\/moving-to-the-united-states\/\" data-internallinksmanager029f6b8e52c=\"94\" title=\"P\u0101rce\u013caties uz Amerikas Savienotaj\u0101m Valst\u012bm? 2022 Dz\u012bves izmaksas un p\u0101rcel\u0161an\u0101s padomi\">ASV<\/a> vald\u012bbas a\u0123ent\u016bras<\/li>\n<li> I-CHAMP dal\u012bbnieks<\/li>\n<\/ul>\n<p><strong>Ekspon\u0101ti un kravas:<\/strong><\/p>\n<ul>\n<li> Ekspon\u0101ti<\/li>\n<li> Tirdzniec\u012bbas izst\u0101\u017eu displeji<\/li>\n<li> Veikala apr\u012bkojums<\/li>\n<li> \u012apa\u0161ie projekti \u0101rzem\u0113s<\/li>\n<\/ul>\n<h2>Atlas Van Lines International uz\u0146\u0113muma profils<\/h2>\n<p>Atlas International ir priv\u0101t\u0101 uz\u0146\u0113muma Atlas Van Lines fili\u0101le, kas ir da\u013ca no Atlas World Group. Jau vair\u0101k nek\u0101 50 gadus uz\u0146\u0113mums nodarbojas ar cilv\u0113ku p\u0101rvieto\u0161anu uz \u0101rzem\u0113m. Uz\u0146\u0113mums galvenok\u0101rt koncentr\u0113jas uz uz\u0146\u0113mumu p\u0101rvieto\u0161anu, kas veido 85% no 7000 p\u0101rcel\u0161an\u0101s gad\u012bjumu gad\u0101. <\/p>\n<p>Tom\u0113r tie p\u0101rvieto ar\u012b atsevi\u0161\u0137us profesion\u0101\u013cus, valsts darbiniekus un ASV armijas locek\u013cus (un vi\u0146u \u0123imenes locek\u013cus).<\/p>\n<p>Uz\u0146\u0113mums apgalvo, ka ir ap\u0146\u0113m\u012bbas pilns nodro\u0161in\u0101t integrit\u0101ti, kvalit\u0101ti un risin\u0101jumus. Uz\u0146\u0113mums ir \u0161\u0101du organiz\u0101ciju biedrs:<\/p>\n<ul>\n<li> C-TPAT sertifik\u0101cija ASV Muitas un robe\u017eapsardzes dienest\u0101<\/li>\n<li> ISO 9001 re\u0123istr\u0113ta<\/li>\n<li> <a href=\"https:\/\/moverdb.com\/lv\/ritenu-novirzitajs\/\">RIM\u00ae - Re\u0123istr\u0113ts starptautiskais mobilo p\u0101rvad\u0101jumu uz\u0146\u0113mums<\/a><\/li>\n<li> <a href=\"https:\/\/moverdb.com\/lv\/amsa\/\">Amerikas P\u0101rv\u0101k\u0161an\u0101s un uzglab\u0101\u0161anas asoci\u0101cija<\/a> (<a href=\"https:\/\/moverdb.com\/lv\/amsa\/\" data-internallinksmanager029f6b8e52c=\"5\" title=\"Amerikas P\u0101rv\u0101k\u0161an\u0101s un uzglab\u0101\u0161anas asoci\u0101cijas (AMSA) skaidrojums\">AMSA<\/a>)<\/li>\n<li> <a href=\"https:\/\/moverdb.com\/lv\/hgfaa\/\">Amerikas HHG ekspeditoru asoci\u0101cija<\/a> (HHGFAA)<\/li>\n<li> <a href=\"https:\/\/moverdb.com\/lv\/lacma\/\">Lat\u012b\u0146amerikas un Kar\u012bbu j\u016bras re\u0123iona valstu p\u0101rvieto\u0161an\u0101s asoci\u0101cija<\/a> (<a href=\"https:\/\/moverdb.com\/lv\/lacma\/\" data-internallinksmanager029f6b8e52c=\"28\" title=\"Lat\u012b\u0146amerikas un Kar\u012bbu j\u016bras re\u0123iona valstu Starptautisko P\u0101rv\u0101c\u0113ju asoci\u0101cija (LACMA)\">LACMA<\/a>)<\/li>\n<li> <a href=\"https:\/\/moverdb.com\/lv\/iata\/\">Starptautisk\u0101 Gaisa transporta asoci\u0101cija<\/a> (<a href=\"https:\/\/moverdb.com\/lv\/iata\/\" data-internallinksmanager029f6b8e52c=\"22\" title=\"Starptautisk\u0101s Gaisa transporta asoci\u0101cijas (IATA) skaidrojumi\">IATA<\/a>)<\/li>\n<li> <a href=\"https:\/\/moverdb.com\/lv\/euromovers\/\">Eiropas P\u0101rvietot\u0101ju partner\u012bba<\/a><\/li>\n<li> <a href=\"https:\/\/moverdb.com\/lv\/darbinieku-parcelsanas-padome\/\">Darbinieku p\u0101rvieto\u0161anas padome<\/a> (vis\u0101 pasaul\u0113 <a href=\"https:\/\/moverdb.com\/lv\/employee-relocation-council\/\" data-internallinksmanager029f6b8e52c=\"83\" title=\"Izskaidrots par darbinieku p\u0101rvieto\u0161anas padomi (ERC) vis\u0101 pasaul\u0113\">ERC<\/a>)<\/li>\n<li> Feder\u0101l\u0101 j\u016brniec\u012bbas komisija ir izsniegusi licenci k\u0101 <a href=\"https:\/\/moverdb.com\/lv\/freight-forwarder\/\" data-internallinksmanager029f6b8e52c=\"17\" title=\"Starptautisko ekspeditoru un NVOCC starptautisko izmaksu un uz\u0146\u0113mumu ce\u013cvedis\">NVOCC<\/a>, licence # 79NF<\/li>\n<li> ITGBL p\u0101rvad\u0101t\u0101js, kas piedal\u0101s CHAMP programm\u0101 ASV vald\u012bbas a\u0123ent\u016br\u0101m<\/li>\n<li> ITGBL p\u0101rvad\u0101t\u0101js, kas piedal\u0101s ASV Aizsardz\u012bbas ministrijas projekt\u0101 <\/li>\n<\/ul>\n<p>T\u0101m ir \u0161\u0101das glob\u0101l\u0101s a\u0123ent\u016bras:<\/p>\n<ul>\n<li> Augsti kvalific\u0113tas atlanta a\u0123ent\u016bras visos 50 ASV \u0161tatos.<\/li>\n<li> Vair\u0101k nek\u0101 130 a\u0123entu vis\u0101 <a href=\"https:\/\/moverdb.com\/lv\/moving-to-canada\/\" data-internallinksmanager029f6b8e52c=\"265\" title=\"P\u0101rcel\u0161an\u0101s uz Kan\u0101du? 2023 Dz\u012bves izmaksas un p\u0101rcel\u0161an\u0101s padomi\">Kan\u0101da<\/a>.<\/li>\n<li> Vair\u0101k nek\u0101 300 \"Atlas\" iecien\u012btu a\u0123entu, kas str\u0101d\u0101 vis\u0101s pasaules valst\u012bs.<\/li>\n<\/ul>\n<p>Vi\u0146i ar\u012b apgalvo, ka p\u0101rcel\u0161an\u0101s speci\u0101listi, kurus redzat un ar kuriem mijiedarbojaties - abos p\u0101rcel\u0161an\u0101s posmos, ir iepriek\u0161 kvalific\u0113ti.<\/p>\n<h2>Atlas Van Lines International atsauksmes<\/h2>\n<p><em><strong>L\u016bdzu, \u0146emiet v\u0113r\u0101:<\/strong> ietver atsauksmes gan par Atlas Van Lines, gan Atlas International<\/em><\/p>\n<p><strong>Pozit\u012bvs<\/strong><\/p>\n<ul>\n<li> <em>\"Es biju \u013coti p\u0101rsteigts ne tikai par to, cik c\u012bt\u012bgi vi\u0146i str\u0101d\u0101ja, bet ar\u012b par to, cik r\u016bp\u012bgi vi\u0146i r\u016bp\u0113j\u0101s par man\u0101m mant\u0101m.\"\"<\/em> - Laurie via <a href=\"http:\/\/www.atlasvanlines.com\/moving-company-reviews\/\" target=\"_blank\" rel=\"noopener\">Atlas Van Lines p\u0101rskata lapa<\/a><\/li>\n<li> <em>\"Atlas bija lieliska izv\u0113le. Es \u013coti iesaku vi\u0146us ikvienam, kas p\u0101rce\u013cas uz lieliem att\u0101lumiem un kam ir ba\u017eas par to, ka sve\u0161inieki aizved\u012bs vi\u0146u mantas.\"<\/em> - Kate, izmantojot <a href=\"http:\/\/www.mymovingreviews.com\/movingreviews\/great-movers-9968\" target=\"_blank\" rel=\"noopener\">MyMovingReviews<\/a><\/li>\n<li> <em>\"BBB ir noteikusi, ka uz\u0146\u0113mums Atlas Van Lines International atbilst BBB akredit\u0101cijas standartiem, kas ietver ap\u0146em\u0161anos godpr\u0101t\u012bgi censties atrisin\u0101t visas pat\u0113r\u0113t\u0101ju s\u016bdz\u012bbas.\"<\/em> <a href=\"http:\/\/www.bbb.org\/western-washington\/business-reviews\/movers\/atlas-van-lines-international-in-seattle-wa-27030248\" target=\"_blank\" rel=\"noopener\">Lab\u0101ka biznesa birojs<\/a><\/li>\n<li> <em>\"Man vienk\u0101r\u0161i vajadz\u0113ja nodz\u0113st rindi\u0146u p\u0113c lielisk\u0101s pieredzes, kas mums bija ar Atlas Van Lines.\"<\/em> - Shahram via <a href=\"https:\/\/www.consumeraffairs.com\/movers\/atlas.html\" target=\"_blank\" rel=\"noopener\">Pat\u0113r\u0113t\u0101ju lietas<\/a><\/li>\n<li> <em>\"Es nevar\u0113tu b\u016bt apmierin\u0101ts ar Atlas Van Lines sniegtajiem pakalpojumiem manas p\u0101rcel\u0161an\u0101s laik\u0101 uz <a href=\"https:\/\/moverdb.com\/lv\/parvietojas-uz-houston\/\">Hj\u016bstona<\/a>. Pat briesm\u012bgo laikapst\u0101k\u013cu d\u0113\u013c manas m\u0113beles tika nog\u0101d\u0101tas laik\u0101.\"<\/em> Katelyn via <a href=\"http:\/\/www.yelp.co.uk\/biz\/atlas-van-lines-evansville-2?hrid=zrPxDQ8O1DE0pKFgOYoQzA&#038;utm_campaign=www_review_share_popup&#038;utm_medium=copy_link&#038;utm_source=(direct)\" target=\"_blank\" rel=\"noopener\">Yelp<\/a><\/li>\n<\/ul>\n<p><strong>Negat\u012bvs<\/strong><\/p>\n<ul>\n<li> <em>\"M\u016bsu meiten\u012btes b\u0113rnu albums ir pazudis, neaizst\u0101jams.\"<\/em> - R\u016bta caur <a href=\"http:\/\/www.atlasvanlines.com\/moving-company-reviews\/\" target=\"_blank\" rel=\"noopener\">Atlas Van Lines p\u0101rskata lapa<\/a><\/li>\n<li> <em>\"Atlants ir visslikt\u0101kais. Pa\u0161laik m\u0113s ar vi\u0146iem esam milit\u0101raj\u0101 p\u0101rcel\u0161an\u0101s proces\u0101, t\u0101p\u0113c mums nebija iesp\u0113jas izv\u0113l\u0113ties. P\u0113c tam, kad izlas\u012bju \u0161ausmino\u0161as atsauksmes par uz\u0146\u0113mumu, es biju noraiz\u0113jies, bet nodom\u0101ju, ka k\u0101 milit\u0101r\u0101 \u0123imene vi\u0146i dar\u012bs visu iesp\u0113jamo, lai r\u016bp\u0113tos par tiem, kas ir upur\u0113ju\u0161ies un kalpoju\u0161i savai valstij. Tas t\u0101 nav noticis.\"<\/em> - Chrstine via <a href=\"http:\/\/moving-companies.credio.com\/l\/6\/Atlas-Van-Lines-Inc#review\/532419\" target=\"_blank\" rel=\"noopener\">Credio<\/a><\/li>\n<li> <em>\"Es \u013coti v\u0113l\u0113jos, lai man patiktu Atlas un vi\u0146u kan\u0101die\u0161u a\u0123ents AMJ Campbell.  Vi\u0146i bija pa vidu man pied\u0101v\u0101taj\u0101m cen\u0101m, ne p\u0101r\u0101k augstas, ne p\u0101r\u0101k zemas. Vi\u0146us ieteica draugs, kur\u0161 pirms gada veica l\u012bdz\u012bgu starptautisku p\u0101rcel\u0161anos. Ta\u010du vair\u0101kos gad\u012bjumos vi\u0146i ir cietu\u0161i neveiksmi.\"<\/em>- Irene A. via <a href=\"http:\/\/www.yelp.co.uk\/biz\/atlas-van-lines-evansville-2?hrid=bDSbnk9dU-dvtTPUKtGOyA&#038;utm_campaign=www_review_share_popup&#038;utm_medium=copy_link&#038;utm_source=(direct)\" target=\"_blank\" rel=\"noopener\">Yelp<\/a><\/li>\n<li> <em>\"P\u0101rv\u0101c\u0113ji manus priek\u0161metus pieg\u0101d\u0101ja ar 21 dienas nokav\u0113\u0161anos.\"<\/em> - D\u017eeimss, izmantojot <a href=\"http:\/\/www.mymovingreviews.com\/movingreviews\/another-victim-49405\" target=\"_blank\" rel=\"noopener\">MyMovingReviews<\/a><\/li>\n<li> <em>\"M\u0113s nesen izmantoj\u0101m ATLAS Van Lines un neiesak\u0101m \u0161o uz\u0146\u0113mumu nevienam. M\u016bsu neliela p\u0101rcel\u0161an\u0101s un pieg\u0101des pakalpojuma cena bija maz\u0101ka par $7000. Galu gal\u0101 m\u0113s samaks\u0101j\u0101m vair\u0101k nek\u0101 $12 000 un p\u0113c tam sa\u0146\u0113m\u0101m DROP-OFF pakalpojumu.\"<\/em> Noreen via <a href=\"https:\/\/www.consumeraffairs.com\/movers\/atlas.html\" target=\"_blank\" rel=\"noopener\">Pat\u0113r\u0113t\u0101ju lietas<\/a><\/li>\n<\/ul>\n<div itemprop=\"review\" itemscope itemtype=\"http:\/\/schema.org\/Review\">\n<span itemprop=\"author\" itemscope=\"\" itemtype=\"http:\/\/schema.org\/Organization\"><span itemprop=\"name\">MoverDB.com<\/span><\/span> Tie\u0161saistes vietnes p\u0101rskats par <span itemprop=\"itemreviewed\" itemscope=\"\" itemtype=\"http:\/\/schema.org\/Brand\"><span itemprop=\"name\">Atlas International<\/span><\/span>:<\/p>\n<ol>\n<li> Skaidra kontaktinform\u0101cija t\u012bmek\u013ca vietn\u0113 (tostarp t\u0101lru\u0146a numurs): <strong>J\u0101<\/strong><\/li>\n<li> Viegli ieg\u016bt <a href=\"https:\/\/moverdb.com\/lv\/citati\/\">starptautiskie p\u0101rvietojas cit\u0101ti<\/a>? (Tie\u0161saistes t\u0101mes piepras\u012bjuma veidlapa): <strong>J\u0101<\/strong><\/li>\n<li> Skaidra inform\u0101cija t\u012bmek\u013ca vietn\u0113: <strong>Da\u013c\u0113js.<\/strong> Lai gan t\u012bmek\u013ca vietn\u0113 ir daudz noder\u012bgas inform\u0101cijas, t\u0101 nav \u012bpa\u0161i labi izvietota. Turkl\u0101t t\u0101 nav piln\u012bb\u0101 piel\u0101gojama mobilaj\u0101m ier\u012bc\u0113m.<\/li>\n<li> Dal\u012bba starptautiski atz\u012bt\u0101s kust\u012bbu organiz\u0101cij\u0101s: <strong>J\u0101<\/strong>, 12 (skat\u012bt iepriek\u0161)<\/li>\n<li> Klientu saraksts un\/vai iepriek\u0161\u0113jo klientu atsauksmes: <strong>Da\u013c\u0113js.<\/strong> Lai gan t\u012bmek\u013ca vietn\u0113 ir izkais\u012bti da\u017ei ieteikumi, nav vienas vietas, kur tos visus apskat\u012bt. Turkl\u0101t, lai gan sada\u013c\u0101 \"Uz\u0146\u0113mumu p\u0101rvieto\u0161ana\" ir klientu sada\u013ca, neviena klienta v\u0101rds un uzv\u0101rds nav min\u0113ts.<\/li>\n<\/ol>\n<div itemprop=\"reviewRating\" itemscope itemtype=\"http:\/\/schema.org\/Rating\"><meta itemprop=\"worstRating\" content = \"0\" \/><meta itemprop=\"bestRating\" content=\"5\" \/><meta itemprop=\"ratingValue\" content=\"4\"><\/div>\n<p><strong>Kop\u0113jais v\u0113rt\u0113jums: 4\/5<\/strong><br \/>\n<strong>P\u0101rskata datums:<\/strong> <span itemprop=\"datePublished\" content=\"2016-04-21\">21\/04\/2016<\/span>\n<\/div>\n<p>Las\u012bt vair\u0101k par <a href=\"https:\/\/moverdb.com\/lv\/parvietojas-uznemumi\/\">starptautiskie p\u0101rvieto\u0161an\u0101s uz\u0146\u0113mumi<\/a>, <a href=\"https:\/\/moverdb.com\/lv\/us-kanada-parvietotaji\/\">ASV b\u0101z\u0113ti p\u0101rvietojas uz\u0146\u0113mumi<\/a> un m\u016bsu <a href=\"https:\/\/moverdb.com\/lv\/atsauksmes\/\">izskaidrots p\u0101rskat\u012b\u0161anas process<\/a>.<\/p>\n<p><strong>T\u012bmek\u013ca vietne:<\/strong> <a href=\"https:\/\/www.atlasvanlines.com\/international-movers\" target=\"_blank\" rel=\"noopener\">https:\/\/www.atlasvanlines.com\/international-movers<\/a><\/p>","protected":false},"excerpt":{"rendered":"<p>Atlas Van Lines International offers the following services for people moving abroad. You can also view a company profile and read reviews below: Personal and Corporate moves: Transportation Services Global door-to-door household goods transportation Ocean &#038; air freight Automobiles and boats Project freight (exhibits and displays) Relocation Services Program administration &#038; support Policy development Consulting [&hellip;]<\/p>\n","protected":false},"author":1,"featured_media":0,"parent":0,"menu_order":0,"comment_status":"closed","ping_status":"closed","template":"","meta":{"_genesis_hide_title":false,"_genesis_hide_breadcrumbs":false,"_genesis_hide_singular_image":false,"_genesis_hide_footer_widgets":false,"_genesis_custom_body_class":"","_genesis_custom_post_class":"","_genesis_layout":"","footnotes":""},"class_list":{"0":"post-246","1":"page","2":"type-page","3":"status-publish","5":"entry"},"_links":{"self":[{"href":"https:\/\/moverdb.com\/lv\/wp-json\/wp\/v2\/pages\/246","targetHints":{"allow":["GET"]}}],"collection":[{"href":"https:\/\/moverdb.com\/lv\/wp-json\/wp\/v2\/pages"}],"about":[{"href":"https:\/\/moverdb.com\/lv\/wp-json\/wp\/v2\/types\/page"}],"author":[{"embeddable":true,"href":"https:\/\/moverdb.com\/lv\/wp-json\/wp\/v2\/users\/1"}],"replies":[{"embeddable":true,"href":"https:\/\/moverdb.com\/lv\/wp-json\/wp\/v2\/comments?post=246"}],"version-history":[{"count":29,"href":"https:\/\/moverdb.com\/lv\/wp-json\/wp\/v2\/pages\/246\/revisions"}],"predecessor-version":[{"id":6178,"href":"https:\/\/moverdb.com\/lv\/wp-json\/wp\/v2\/pages\/246\/revisions\/6178"}],"wp:attachment":[{"href":"https:\/\/moverdb.com\/lv\/wp-json\/wp\/v2\/media?parent=246"}],"curies":[{"name":"wp","href":"https:\/\/api.w.org\/{rel}","templated":true}]}}