{"id":225,"date":"2016-03-28T16:58:52","date_gmt":"2016-03-28T16:58:52","guid":{"rendered":"http:\/\/moverdb.com\/?page_id=225"},"modified":"2026-01-08T14:47:25","modified_gmt":"2026-01-08T14:47:25","slug":"par","status":"publish","type":"page","link":"https:\/\/moverdb.com\/lv\/about\/","title":{"rendered":"Par"},"content":{"rendered":"<p>MoverDB.com tika izveidots, lai sniegtu objekt\u012bvu inform\u0101ciju par <a href=\"https:\/\/moverdb.com\/lv\/moving-companies\/\" data-internallinksmanager029f6b8e52c=\"79\" title=\"Top 25 Starptautiskie p\u0101rcel\u0161an\u0101s uz\u0146\u0113mumi tie\u0161saist\u0113\">starptautiskie p\u0101rvieto\u0161an\u0101s uz\u0146\u0113mumi<\/a> un izmaksas, kas saist\u012btas ar p\u0101rcel\u0161anos uz \u0101rzem\u0113m. <\/p>\n<p>Lai jums pal\u012bdz\u0113tu, esam izveidoju\u0161i da\u017eus \u0113rtus ce\u013cve\u017eus, kas pal\u012bdz\u0113s jums s\u0101kt darbu. J\u016bs varat uzzin\u0101t par:<\/p>\n<ul>\n<li> <a href=\"https:\/\/moverdb.com\/lv\/konteineru-parvadajumi\/\">Starptautisko konteineru p\u0101rvad\u0101jumu tarifi<\/a><\/li>\n<li> <a href=\"https:\/\/moverdb.com\/lv\/parvietojas-uznemumi\/\">Top 25 Starptautiskie p\u0101rcel\u0161an\u0101s uz\u0146\u0113mumi tie\u0161saist\u0113<\/a><\/li>\n<li> <a href=\"https:\/\/moverdb.com\/lv\/kugniecibas-uznemumi\/\">20 lab\u0101kie starptautisko p\u0101rvad\u0101jumu uz\u0146\u0113mumi<\/a><\/li>\n<li> <a href=\"https:\/\/moverdb.com\/lv\/starptautiskie-parvaksanas-darbi\/\">Starptautiskie p\u0101rv\u0101k\u0161an\u0101s darbi: 12 lab\u0101kie uz\u0146\u0113mumi Apvienotaj\u0101 Karalist\u0113: 12 lab\u0101kie uz\u0146\u0113mumi Apvienotaj\u0101 Karalist\u0113<\/a><\/li>\n<li> <a href=\"https:\/\/moverdb.com\/lv\/parcelsanas-izmaksas\/\">Starptautisk\u0101s p\u0101rvieto\u0161an\u0101s izmaksas: 9 lietas, kuras nedr\u012bkst ignor\u0113t<\/a><\/li>\n<li> <a href=\"https:\/\/moverdb.com\/lv\/kravas-ekspeditors\/\">Starptautisko ekspeditoru un NVOCC starptautisko izmaksu un uz\u0146\u0113mumu ce\u013cvedis<\/a><\/li>\n<li> <a href=\"https:\/\/moverdb.com\/lv\/citati\/\">Starptautisk\u0101s p\u0101rcel\u0161an\u0101s cit\u0101ti: 12 veidi, k\u0101 sal\u012bdzin\u0101t savu P\u0101rvad\u0101t\u0101ju<\/a><\/li>\n<\/ul>\n<p>T\u0101pat ir v\u0113rts atz\u012bm\u0113t, ka varat izmantot lapas aug\u0161pus\u0113 eso\u0161o veidlapu, lai piepras\u012btu cenu pied\u0101v\u0101jumu no l\u012bdz pat 6 starptautiskajiem p\u0101rvad\u0101jumu uz\u0146\u0113mumiem. M\u0113s esam sadarboju\u0161ies ar <a href=\"https:\/\/moverdb.com\/lv\/international-removals\/\" data-internallinksmanager029f6b8e52c=\"27\" title=\"36 Lab\u0101kie starptautisko p\u0101rvad\u0101jumu uz\u0146\u0113mumi Apvienotaj\u0101 Karalist\u0113\">Starptautiskie p\u0101rv\u0101k\u0161an\u0101s darbi<\/a> Direct, lai nodro\u0161in\u0101tu, ka j\u016bs tiekat atlas\u012bts no lab\u0101kajiem uz\u0146\u0113mumiem pasaul\u0113. <\/p>\n<p>Ja ir kaut kas, ko v\u0113laties redz\u0113t m\u016bsu vietn\u0113, l\u016bdzu, nekautr\u0113jieties. <a href=\"https:\/\/moverdb.com\/lv\/sazinieties-ar-mums\/\">sazinieties ar mums<\/a>.<\/p>","protected":false},"excerpt":{"rendered":"<p>MoverDB.com was set-up to give you unbiased information about international moving companies and the costs associated with moving overseas. To help you we&#8217;ve created some handy guides to get you started. You can find out about: International Container Shipping Rates Top 25 International Moving Companies Online Top 20 International Shipping Companies International Removals: Top 12 [&hellip;]<\/p>\n","protected":false},"author":1,"featured_media":0,"parent":0,"menu_order":0,"comment_status":"closed","ping_status":"closed","template":"","meta":{"_genesis_hide_title":false,"_genesis_hide_breadcrumbs":false,"_genesis_hide_singular_image":false,"_genesis_hide_footer_widgets":false,"_genesis_custom_body_class":"","_genesis_custom_post_class":"","_genesis_layout":"","footnotes":""},"class_list":{"0":"post-225","1":"page","2":"type-page","3":"status-publish","5":"entry"},"_links":{"self":[{"href":"https:\/\/moverdb.com\/lv\/wp-json\/wp\/v2\/pages\/225","targetHints":{"allow":["GET"]}}],"collection":[{"href":"https:\/\/moverdb.com\/lv\/wp-json\/wp\/v2\/pages"}],"about":[{"href":"https:\/\/moverdb.com\/lv\/wp-json\/wp\/v2\/types\/page"}],"author":[{"embeddable":true,"href":"https:\/\/moverdb.com\/lv\/wp-json\/wp\/v2\/users\/1"}],"replies":[{"embeddable":true,"href":"https:\/\/moverdb.com\/lv\/wp-json\/wp\/v2\/comments?post=225"}],"version-history":[{"count":4,"href":"https:\/\/moverdb.com\/lv\/wp-json\/wp\/v2\/pages\/225\/revisions"}],"predecessor-version":[{"id":5337,"href":"https:\/\/moverdb.com\/lv\/wp-json\/wp\/v2\/pages\/225\/revisions\/5337"}],"wp:attachment":[{"href":"https:\/\/moverdb.com\/lv\/wp-json\/wp\/v2\/media?parent=225"}],"curies":[{"name":"wp","href":"https:\/\/api.w.org\/{rel}","templated":true}]}}