{"id":17398,"date":"2024-07-03T09:10:49","date_gmt":"2024-07-03T09:10:49","guid":{"rendered":"https:\/\/moverdb.com\/?page_id=17398"},"modified":"2026-01-08T13:18:45","modified_gmt":"2026-01-08T13:18:45","slug":"u-haul-cost","status":"publish","type":"page","link":"https:\/\/moverdb.com\/lv\/u-haul-cost\/","title":{"rendered":"Cik maks\u0101 U-Haul? 2024. gada ietaup\u012bjumu ce\u013cvedis"},"content":{"rendered":"<figure class=\"wp-block-image size-full\"><img loading=\"lazy\" decoding=\"async\" width=\"1000\" height=\"667\" src=\"https:\/\/moverdb.com\/wp-content\/uploads\/u-haul-moving-1.jpg\" alt=\"\" class=\"wp-image-11040\" srcset=\"https:\/\/moverdb.com\/wp-content\/uploads\/u-haul-moving-1.jpg 1000w, https:\/\/moverdb.com\/wp-content\/uploads\/u-haul-moving-1-300x200.jpg 300w, https:\/\/moverdb.com\/wp-content\/uploads\/u-haul-moving-1-18x12.jpg 18w, https:\/\/moverdb.com\/wp-content\/uploads\/u-haul-moving-1-600x400.jpg 600w\" sizes=\"auto, (max-width: 1000px) 100vw, 1000px\" \/><\/figure>\r\n\r\n\r\n\r\n<p>U-Haul joproj\u0101m ir popul\u0101ra izv\u0113le starp pa\u0161darb\u012bbas p\u0101rv\u0101c\u0113jiem, bet cik tas paties\u012bb\u0101 maks\u0101? \u0160aj\u0101 rakst\u0101 m\u0113s izanaliz\u0113sim U-Haul cenu veido\u0161anas mode\u013cus, apl\u016bkojot da\u017e\u0101dus faktorus, kas ietekm\u0113 kop\u0113j\u0101s izmaksas, un sniegsim jums svar\u012bgus, rentablus padomus par p\u0101rcel\u0161an\u0101s iesp\u0113j\u0101m.<\/p>\r\n\r\n\r\n\r\n<p>M\u016bsu ce\u013cved\u012b ir aprakst\u012bti \u0161\u0101di jaut\u0101jumi:<\/p>\r\n\r\n\r\n\r\n<ul class=\"wp-block-list\">\r\n<li>Cik maks\u0101 U-Haul<\/li>\r\n\r\n\r\n\r\n<li>Kas ietekm\u0113 U-Haul izmaksas<\/li>\r\n\r\n\r\n\r\n<li>K\u0101 ietaup\u012bt naudu uz U-Haul<\/li>\r\n\r\n\r\n\r\n<li>Kas ir saist\u012bts ar U-Haul izmanto\u0161anu<\/li>\r\n\r\n\r\n\r\n<li>K\u0101 uzzin\u0101t, vai U-Haul ir lab\u0101k\u0101 izv\u0113le jums<\/li>\r\n\r\n\r\n\r\n<li>K\u0101 atrast un nol\u012bgt U-Haul<\/li>\r\n<\/ul>\r\n\r\n\r\n\r\n<p>Ja v\u0113laties samazin\u0101t izmaksas un p\u0101rcelties m\u0101j\u0101s, izmantojot U-Haul pakalpojumus, tas var b\u016bt lielisks veids, k\u0101 samazin\u0101t izmaksas. S\u0101ksim.<\/p>\r\n\r\n\r\n\r\n<div id=\"ez-toc-container\" class=\"ez-toc-v2_0_82_2 ez-toc-wrap-left counter-hierarchy ez-toc-counter ez-toc-transparent ez-toc-container-direction\">\n<div class=\"ez-toc-title-container\">\n<p class=\"ez-toc-title\" style=\"cursor:inherit\">Sada\u013cas<\/p>\n<span class=\"ez-toc-title-toggle\"><a href=\"#\" class=\"ez-toc-pull-right ez-toc-btn ez-toc-btn-xs ez-toc-btn-default ez-toc-toggle\" aria-label=\"P\u0101rsl\u0113gt satura tabulu\"><span class=\"ez-toc-js-icon-con\"><span class=\"\"><span class=\"eztoc-hide\" style=\"display:none;\">P\u0101rsl\u0113gt<\/span><span class=\"ez-toc-icon-toggle-span\"><svg style=\"fill: #999;color:#999\" xmlns=\"http:\/\/www.w3.org\/2000\/svg\" class=\"list-377408\" width=\"20px\" height=\"20px\" viewbox=\"0 0 24 24\" fill=\"none\"><path d=\"M6 6H4v2h2V6zm14 0H8v2h12V6zM4 11h2v2H4v-2zm16 0H8v2h12v-2zM4 16h2v2H4v-2zm16 0H8v2h12v-2z\" fill=\"currentColor\"><\/path><\/svg><svg style=\"fill: #999;color:#999\" class=\"arrow-unsorted-368013\" xmlns=\"http:\/\/www.w3.org\/2000\/svg\" width=\"10px\" height=\"10px\" viewbox=\"0 0 24 24\" version=\"1.2\" baseprofile=\"tiny\"><path d=\"M18.2 9.3l-6.2-6.3-6.2 6.3c-.2.2-.3.4-.3.7s.1.5.3.7c.2.2.4.3.7.3h11c.3 0 .5-.1.7-.3.2-.2.3-.5.3-.7s-.1-.5-.3-.7zM5.8 14.7l6.2 6.3 6.2-6.3c.2-.2.3-.5.3-.7s-.1-.5-.3-.7c-.2-.2-.4-.3-.7-.3h-11c-.3 0-.5.1-.7.3-.2.2-.3.5-.3.7s.1.5.3.7z\"\/><\/svg><\/span><\/span><\/span><\/a><\/span><\/div>\n<nav><ul class='ez-toc-list ez-toc-list-level-1 eztoc-toggle-hide-by-default' ><li class='ez-toc-page-1 ez-toc-heading-level-2'><a class=\"ez-toc-link ez-toc-heading-1\" href=\"https:\/\/moverdb.com\/lv\/u-haul-cost\/#How_Much_Does_U-Haul_Cost\" >Cik maks\u0101 U-Haul?<\/a><\/li><li class='ez-toc-page-1 ez-toc-heading-level-2'><a class=\"ez-toc-link ez-toc-heading-2\" href=\"https:\/\/moverdb.com\/lv\/u-haul-cost\/#What_Affects_the_Cost_of_U-Haul\" >Kas ietekm\u0113 U-Haul izmaksas?<\/a><\/li><li class='ez-toc-page-1 ez-toc-heading-level-2'><a class=\"ez-toc-link ez-toc-heading-3\" href=\"https:\/\/moverdb.com\/lv\/u-haul-cost\/#How_Can_I_Save_Money_on_U-Haul\" >K\u0101 es varu ietaup\u012bt naudu par U-Haul?<\/a><\/li><li class='ez-toc-page-1 ez-toc-heading-level-2'><a class=\"ez-toc-link ez-toc-heading-4\" href=\"https:\/\/moverdb.com\/lv\/u-haul-cost\/#Whats_Involved_in_Hiring_a_U-Haul\" >Kas ir saist\u012bts ar U-Haul \u012bri?<\/a><\/li><li class='ez-toc-page-1 ez-toc-heading-level-2'><a class=\"ez-toc-link ez-toc-heading-5\" href=\"https:\/\/moverdb.com\/lv\/u-haul-cost\/#Is_a_U-Haul_the_Best_Choice_for_Me\" >Vai U-Haul ir lab\u0101kais risin\u0101jums man?<\/a><\/li><li class='ez-toc-page-1 ez-toc-heading-level-2'><a class=\"ez-toc-link ez-toc-heading-6\" href=\"https:\/\/moverdb.com\/lv\/u-haul-cost\/#Final_Checklist\" >Gal\u012bgais kontrolsaraksts<\/a><\/li><li class='ez-toc-page-1 ez-toc-heading-level-2'><a class=\"ez-toc-link ez-toc-heading-7\" href=\"https:\/\/moverdb.com\/lv\/u-haul-cost\/#Frequently_Asked_Questions\" >Bie\u017e\u0101k uzdotie jaut\u0101jumi<\/a><ul class='ez-toc-list-level-3' ><li class='ez-toc-heading-level-3'><a class=\"ez-toc-link ez-toc-heading-8\" href=\"https:\/\/moverdb.com\/lv\/u-haul-cost\/#How_Do_I_Reserve_a_U-Haul_Truck\" >K\u0101 rezerv\u0113t U-Haul kravas automa\u0161\u012bnu?<\/a><\/li><li class='ez-toc-page-1 ez-toc-heading-level-3'><a class=\"ez-toc-link ez-toc-heading-9\" href=\"https:\/\/moverdb.com\/lv\/u-haul-cost\/#What_Do_I_Need_to_Bring_for_Pickup\" >Kas man j\u0101\u0146em l\u012bdzi, lai sa\u0146emtu s\u016bt\u012bjumu?<\/a><\/li><li class='ez-toc-page-1 ez-toc-heading-level-3'><a class=\"ez-toc-link ez-toc-heading-10\" href=\"https:\/\/moverdb.com\/lv\/u-haul-cost\/#Can_I_Extend_My_Rental_Period\" >Vai es varu pagarin\u0101t nomas periodu?<\/a><\/li><li class='ez-toc-page-1 ez-toc-heading-level-3'><a class=\"ez-toc-link ez-toc-heading-11\" href=\"https:\/\/moverdb.com\/lv\/u-haul-cost\/#What_Should_I_Do_if_I_Encounter_Issues_During_the_Rental\" >Ko dar\u012bt, ja nomas laik\u0101 rodas probl\u0113mas?<\/a><\/li><\/ul><\/li><\/ul><\/nav><\/div>\n<h2 class=\"wp-block-heading\"><span class=\"ez-toc-section\" id=\"How_Much_Does_U-Haul_Cost\"><\/span><strong>Cik maks\u0101 U-Haul?<\/strong><span class=\"ez-toc-section-end\"><\/span><\/h2>\r\n\r\n\r\n\r\n<p>U-Haul, kas ir labi paz\u012bstams v\u0101rds p\u0101rcel\u0161an\u0101s nozar\u0113, pied\u0101v\u0101 konteineru p\u0101rcel\u0161an\u0101s pakalpojumus, k\u0101 ar\u012b transportl\u012bdzek\u013cu nomu. Lai gan vi\u0146i var\u0113tu b\u016bt saist\u012bti ar tradicion\u0101lo kravas automa\u0161\u012bnu nomu, vi\u0146u konteineru pakalpojums ir alternat\u012bvs risin\u0101jums m\u0101jok\u013ca p\u0101rcel\u0161anai.<\/p>\r\n\r\n\r\n\r\n<p>U-Haul z\u012bmola atpaz\u012bstam\u012bba un pieejam\u012bba vis\u0101 valst\u012b veicina t\u0101 augst\u0101ku cenu sal\u012bdzin\u0101jum\u0101 ar konkurentiem. S\u0101kum\u0101 apl\u016bkosim U-Haul nomas vid\u0113j\u0101s izmaksas.<\/p>\r\n\r\n\r\n\n<table id=\"tablepress-360\" class=\"tablepress tablepress-id-360\">\n<thead>\n<tr class=\"row-1\">\n\t<th class=\"column-1\">Att\u0101lums<\/th><th class=\"column-2\">Apr\u0113\u0137in\u0101t\u0101s izmaksas<\/th>\n<\/tr>\n<\/thead>\n<tbody class=\"row-striping row-hover\">\n<tr class=\"row-2\">\n\t<td class=\"column-1\">50 j\u016bdzes<\/td><td class=\"column-2\">$25 + $0,99 par j\u016bdzi<\/td>\n<\/tr>\n<tr class=\"row-3\">\n\t<td class=\"column-1\">450 j\u016bdzes<\/td><td class=\"column-2\">$600+<\/td>\n<\/tr>\n<tr class=\"row-4\">\n\t<td class=\"column-1\">Vair\u0101k nek\u0101 1 000 j\u016bd\u017eu<\/td><td class=\"column-2\">$1,600 l\u012bdz $2,300+<\/td>\n<\/tr>\n<\/tbody>\n<\/table>\n<!-- #tablepress-360 from cache -->\n\r\n\r\n\r\n<p>\u012asa 50 j\u016bd\u017eu brauciena izmaksas ir aptuveni $25 par \u012bri un $0,99 par j\u016bdzi. Liel\u0101ki braucieni, kas p\u0101rsniedz 1000 j\u016bdzes, var izmaks\u0101t no $1,600 l\u012bdz $2,300 atkar\u012bb\u0101 no kop\u0113j\u0101 nobraukt\u0101 att\u0101luma.<\/p>\r\n\r\n\r\n\r\n<p>Lai sal\u012bdzin\u0101tu izmaksas, m\u0113s apl\u016bkosim da\u017e\u0101dus DIY transportl\u012bdzek\u013cu nomas un uzglab\u0101\u0161anas vien\u012bbu pieg\u0101d\u0101t\u0101jus, lai sal\u012bdzin\u0101tu un pretstat\u012btu to cenas un sniegtu jums piln\u012bgu priek\u0161statu par izmaks\u0101m, ar k\u0101d\u0101m j\u016bs saskarsieties, mekl\u0113jot p\u0101rcel\u0161an\u0101s pakalpojumus.<\/p>\r\n\r\n\r\n\n<table id=\"tablepress-359\" class=\"tablepress tablepress-id-359\">\n<thead>\n<tr class=\"row-1\">\n\t<th class=\"column-1\">Pakalpojumu sniedz\u0113js<\/th><th class=\"column-2\">Vid\u0113j\u0101 konteineru\/transportl\u012bdzek\u013cu nomas cena<\/th>\n<\/tr>\n<\/thead>\n<tbody class=\"row-striping row-hover\">\n<tr class=\"row-2\">\n\t<td class=\"column-1\">PODS<\/td><td class=\"column-2\">$6,100+<\/td>\n<\/tr>\n<tr class=\"row-3\">\n\t<td class=\"column-1\">U-Pack<\/td><td class=\"column-2\">$3,000+<\/td>\n<\/tr>\n<tr class=\"row-4\">\n\t<td class=\"column-1\">1-800-PACK-RAT<\/td><td class=\"column-2\">$3,000+<\/td>\n<\/tr>\n<tr class=\"row-5\">\n\t<td class=\"column-1\">zippyshell<\/td><td class=\"column-2\">$2,900+<\/td>\n<\/tr>\n<tr class=\"row-6\">\n\t<td class=\"column-1\">U-Haul<\/td><td class=\"column-2\">$3,500+<\/td>\n<\/tr>\n<tr class=\"row-7\">\n\t<td class=\"column-1\">SMARTBOX<\/td><td class=\"column-2\">$3,100+<\/td>\n<\/tr>\n<tr class=\"row-8\">\n\t<td class=\"column-1\">U-Box<\/td><td class=\"column-2\">$3 700+ (ieskaitot transportl\u012bdzek\u013ca nomu un kastes)<\/td>\n<\/tr>\n<\/tbody>\n<\/table>\n<!-- #tablepress-359 from cache -->\n\r\n\r\n\r\n<p>Cenu diapazons no citiem pieg\u0101d\u0101t\u0101jiem sv\u0101rst\u0101s no $2 900 zem\u0101kaj\u0101 cenu diapazon\u0101 l\u012bdz $6 100+ augst\u0101kaj\u0101 cenu diapazon\u0101.<\/p>\r\n\r\n\r\n\r\n<h2 class=\"wp-block-heading\"><span class=\"ez-toc-section\" id=\"What_Affects_the_Cost_of_U-Haul\"><\/span><strong>Kas ietekm\u0113 U-Haul izmaksas?<\/strong><span class=\"ez-toc-section-end\"><\/span><\/h2>\r\n\r\n\r\n\r\n<p>Tagad m\u0113s zin\u0101m da\u017eas no cen\u0101m, kas saist\u012btas ar U-Haul nomu, t\u0101p\u0113c apl\u016bkosim veidus, k\u0101 j\u016bs varat ietekm\u0113t izmaksas, lai j\u016bs b\u016btu inform\u0113ts par faktiem, pirms iesaist\u012bties.<\/p>\r\n\r\n\r\n\r\n<p><strong>P\u0101rvieto\u0161an\u0101s att\u0101lums<\/strong><\/p>\r\n\r\n\r\n\r\n<p>K\u0101 jau var\u0113ja gaid\u012bt, izmaksas iev\u0113rojami ietekm\u0113 att\u0101lums, ko pl\u0101nojat veikt ar iznom\u0101to U-Haul kravas automa\u0161\u012bnu. Liel\u0101ki att\u0101lumi parasti palielina nomas maksu, jo palielin\u0101s degvielas pat\u0113ri\u0146\u0161 un transportl\u012bdzek\u013ca nolietojums.<\/p>\r\n\r\n\r\n\r\n<p><strong>Kravas automa\u0161\u012bnas izm\u0113rs un tips<\/strong><\/p>\r\n\r\n\r\n\r\n<p>Izv\u0113l\u0113t\u0101s U-Haul kravas automa\u0161\u012bnas lielums un veids ietekm\u0113s nomas maksu. Par liel\u0101k\u0101m kravas automa\u0161\u012bn\u0101m ar liel\u0101ku kravas telpu parasti j\u0101maks\u0101 augst\u0101ka nomas maksa sal\u012bdzin\u0101jum\u0101 ar maz\u0101k\u0101m automa\u0161\u012bn\u0101m.<\/p>\r\n\r\n\r\n\r\n<p><strong>Nomas ilgums<\/strong><\/p>\r\n\r\n\r\n\r\n<p>Sakar\u0101 ar to, cik ilgi jums ir nepiecie\u0161ama U-Haul kravas automa\u0161\u012bna, ir atkar\u012bga ar\u012b saist\u012bt\u0101 maksa, jo ilg\u0101ks nomas periods noz\u012bm\u0113 liel\u0101ku kop\u0113jo maksu. U-Haul pied\u0101v\u0101 da\u017e\u0101da ilguma nomas iesp\u0113jas, s\u0101kot no da\u017e\u0101m stund\u0101m l\u012bdz vair\u0101k\u0101m dien\u0101m, t\u0101d\u0113j\u0101di pal\u012bdzot jums atrast j\u016bsu individu\u0101lajai situ\u0101cijai piem\u0113rotu pakalpojumu.<\/p>\r\n\r\n\r\n\r\n<p><strong>P\u0101rvieto\u0161anas piederumi un papildapr\u012bkojumi<\/strong><\/p>\r\n\r\n\r\n\r\n<p>Ja izv\u0113laties papildu pakalpojumus un p\u0101rvieto\u0161anas piederumus, piem\u0113ram, iepako\u0161anas piederumus, rati\u0146us un m\u0113be\u013cu spilventi\u0146us, tas var palielin\u0101t nomas maksu. \u0160ie papildpakalpojumi var pal\u012bdz\u0113t racionaliz\u0113t p\u0101rcel\u0161anos, bet var palielin\u0101t izdevumus.<\/p>\r\n\r\n\r\n\r\n<p><strong>Sav\u0101k\u0161anas un izkrau\u0161anas vietas<\/strong><\/p>\r\n\r\n\r\n\r\n<p>U-Haul nomas sa\u0146em\u0161anas un nodo\u0161anas vietas ietekm\u0113 izmaksas, jo nomas likmes var at\u0161\u0137irties atkar\u012bb\u0101 no piepras\u012bjuma un kravas automa\u0161\u012bnu pieejam\u012bbas konkr\u0113t\u0101s viet\u0101s. Svar\u012bgi \u0146emt v\u0113r\u0101, ka cenas var at\u0161\u0137irties ar\u012b starp vienvirziena un viet\u0113jiem nomas l\u012bgumiem.<\/p>\r\n\r\n\r\n\r\n<h2 class=\"wp-block-heading\"><span class=\"ez-toc-section\" id=\"How_Can_I_Save_Money_on_U-Haul\"><\/span><strong>K\u0101 es varu ietaup\u012bt naudu par U-Haul?<\/strong><span class=\"ez-toc-section-end\"><\/span><\/h2>\r\n\r\n\r\n\r\n<figure class=\"wp-block-image size-full\"><img loading=\"lazy\" decoding=\"async\" width=\"1000\" height=\"667\" src=\"https:\/\/moverdb.com\/wp-content\/uploads\/u-haul-moving-2.jpg\" alt=\"\" class=\"wp-image-11041\" srcset=\"https:\/\/moverdb.com\/wp-content\/uploads\/u-haul-moving-2.jpg 1000w, https:\/\/moverdb.com\/wp-content\/uploads\/u-haul-moving-2-300x200.jpg 300w, https:\/\/moverdb.com\/wp-content\/uploads\/u-haul-moving-2-18x12.jpg 18w, https:\/\/moverdb.com\/wp-content\/uploads\/u-haul-moving-2-600x400.jpg 600w\" sizes=\"auto, (max-width: 1000px) 100vw, 1000px\" \/><\/figure>\r\n\r\n\r\n\r\n<p>Tagad m\u0113s zin\u0101m, k\u0101 U-Hauls var sad\u0101rdzin\u0101ties, t\u0101p\u0113c izmantosim da\u017eus atjaut\u012bgus ieteikumus, lai kontrol\u0113tu savus izdevumus.<\/p>\r\n\r\n\r\n\r\n<p>Ja iesp\u0113jams, izv\u0113lieties maz\u0101ku kravas automa\u0161\u012bnu, jo, izv\u0113loties kravas automa\u0161\u012bnas lielumu, kur\u0101 j\u016bsu mant\u0101m nav p\u0101r\u0101k daudz vietas, varat samazin\u0101t nomas izmaksas. Maz\u0101ku kravas automa\u0161\u012bnu nomas cenas parasti ir izdev\u012bg\u0101kas.<\/p>\r\n\r\n\r\n\r\n<p>Ja \u012br\u0113jat transportl\u012bdzekli, pamatojoties uz nobraukumu, pl\u0101nojiet efekt\u012bv\u0101ko mar\u0161rutu l\u012bdz galam\u0113r\u0137im, lai p\u0113c iesp\u0113jas samazin\u0101tu nobraukto att\u0101lumu. Izvairieties no apk\u0101rtce\u013ciem un nevajadz\u012bgiem nobraukumiem, lai samazin\u0101tu izmaksas.<\/p>\r\n\r\n\r\n\r\n<p>T\u0101pat izv\u0113lieties sav\u0101m vajadz\u012bb\u0101m piem\u0113rotu nomas ilgumu. Ja p\u0101rv\u0101k\u0161anos varat pabeigt \u012bs\u0101k\u0101 laik\u0101, nomas maksa b\u016bs maz\u0101ka, ta\u010du \u0146emiet v\u0113r\u0101 savu grafiku un p\u0101rm\u0113r\u012bgu optimismu, jo kav\u0113juma maksa var b\u016bt tikpat negat\u012bva k\u0101 pagarin\u0101ts nomas termi\u0146\u0161.<\/p>\r\n\r\n\r\n\r\n<p>P\u0101rvieto\u0161an\u0101s \u0101rpus sezonas maksimuma vai darbadien\u0101s var b\u016bt izdev\u012bg\u0101ka, ja nomas maksa ir zem\u0101ka. Ja iesp\u0113jams, centieties izvair\u012bties no ned\u0113\u013cas nogal\u0113m un p\u0101rv\u0101k\u0161an\u0101s m\u0113ne\u0161iem, piem\u0113ram, vasar\u0101, lai izmantotu potenci\u0101li izdev\u012bg\u0101k\u0101s cenas.<\/p>\r\n\r\n\r\n\r\n<p>Visbeidzot, lai gan U-Haul pied\u0101v\u0101 da\u017e\u0101dus p\u0101rvieto\u0161an\u0101s piederumus un papildin\u0101jumus, izv\u0113lieties tikai to, ko j\u016bs v\u0113laties. <em>patiesi<\/em> nepiecie\u0161ams. Nevajadz\u012bgu papildier\u012b\u010du, piem\u0113ram, speci\u0101l\u0101 apr\u012bkojuma, izlai\u0161ana var pal\u012bdz\u0113t samazin\u0101t kop\u0113j\u0101s izmaksas.<\/p>\r\n\r\n\r\n\r\n<h2 class=\"wp-block-heading\"><span class=\"ez-toc-section\" id=\"Whats_Involved_in_Hiring_a_U-Haul\"><\/span><strong>Kas ir saist\u012bts ar<\/strong> U-Haul noma?<span class=\"ez-toc-section-end\"><\/span><\/h2>\r\n\r\n\r\n\r\n<figure class=\"wp-block-image size-full\"><img loading=\"lazy\" decoding=\"async\" width=\"1000\" height=\"654\" src=\"https:\/\/moverdb.com\/wp-content\/uploads\/u-haul-moving-3.jpg\" alt=\"\" class=\"wp-image-11042\" srcset=\"https:\/\/moverdb.com\/wp-content\/uploads\/u-haul-moving-3.jpg 1000w, https:\/\/moverdb.com\/wp-content\/uploads\/u-haul-moving-3-300x196.jpg 300w, https:\/\/moverdb.com\/wp-content\/uploads\/u-haul-moving-3-18x12.jpg 18w, https:\/\/moverdb.com\/wp-content\/uploads\/u-haul-moving-3-600x392.jpg 600w\" sizes=\"auto, (max-width: 1000px) 100vw, 1000px\" \/><\/figure>\r\n\r\n\r\n\r\n<p>Pirmais solis U-Haul nomas proces\u0101, iesp\u0113jams, ir visgr\u016bt\u0101kais - jums ir j\u0101nosaka j\u016bsu mant\u0101m piem\u0113rotais kravas automa\u0161\u012bnas izm\u0113rs un j\u0101apr\u0113\u0137ina ce\u013cojuma att\u0101lums.<\/p>\r\n\r\n\r\n\r\n<p>Kad esat izv\u0113l\u0113jies kravas automa\u0161\u012bnu, varat rezerv\u0113t U-Haul kravas automa\u0161\u012bnu tie\u0161saist\u0113 vai pa t\u0101lruni, nor\u0101dot sa\u0146em\u0161anas vietu, nomas ilgumu un izk\u0101p\u0161anas vietu.<\/p>\r\n\r\n\r\n\r\n<p>Pl\u0101notaj\u0101 sa\u0146em\u0161anas dien\u0101 dodieties uz izv\u0113l\u0113to U-Haul atra\u0161an\u0101s vietu, lai sa\u0146emtu \u012br\u0113to kravas automa\u0161\u012bnu, un p\u0101rliecinieties, ka l\u012bdzi esat pa\u0146\u0113mis der\u012bgu vad\u012bt\u0101ja apliec\u012bbu un rezerv\u0113\u0161anai izmantoto maks\u0101juma veidu. P\u0113c dokumentu noform\u0113\u0161anas jums tiks izsniegtas U-Haul kravas automa\u0161\u012bnas atsl\u0113gas.<\/p>\r\n\r\n\r\n\r\n<p>No turienes varat iekraut mantas, aizbraukt l\u012bdz galam\u0113r\u0137im un p\u0113c tam izkraut t\u0101s jums \u0113rt\u0101 laik\u0101. Kad esat beidzis izmantot kravas automa\u0161\u012bnu, vienk\u0101r\u0161i atdodiet to atpaka\u013c nor\u0101d\u012btaj\u0101 izkrau\u0161anas viet\u0101 noteiktaj\u0101 nomas termi\u0146\u0101.<\/p>\r\n\r\n\r\n\r\n<h2 class=\"wp-block-heading\"><span class=\"ez-toc-section\" id=\"Is_a_U-Haul_the_Best_Choice_for_Me\"><\/span><strong>Vai U-Haul ir lab\u0101kais risin\u0101jums man?<\/strong><span class=\"ez-toc-section-end\"><\/span><\/h2>\r\n\r\n\r\n\r\n<p>Lai izvair\u012btos no smagumu cel\u0161anas un brauk\u0161anas uz jauno un veco m\u0101ju un no t\u0101s, var b\u016bt vilino\u0161i izv\u0113l\u0113ties piln\u012bb\u0101 apkalpotu p\u0101rv\u0101k\u0161an\u0101s pakalpojumu, ta\u010du, ja v\u0113laties b\u016bt praktisk\u0101ks, U-Haulu noma var b\u016bt lieliska izv\u0113le.<\/p>\r\n\r\n\r\n\n<table id=\"tablepress-344\" class=\"tablepress tablepress-id-344\">\n<thead>\n<tr class=\"row-1\">\n\t<th class=\"column-1\">U-Haul priek\u0161roc\u012bbas<\/th><th class=\"column-2\">U-Haul tr\u016bkumi<\/th>\n<\/tr>\n<\/thead>\n<tbody class=\"row-striping row-hover\">\n<tr class=\"row-2\">\n\t<td class=\"column-1\">P\u0101rvieto\u0161an\u0101s laika un grafika elast\u012bba<\/td><td class=\"column-2\">darbietilp\u012bgs - jums pa\u0161iem j\u0101brauc, j\u0101vad\u0101, j\u0101iekrauj un j\u0101izkrauj.<\/td>\n<\/tr>\n<tr class=\"row-3\">\n\t<td class=\"column-1\">L\u0113t\u0101k nek\u0101 tradicion\u0101l\u0101s piln\u012bb\u0101 apkalpot\u0101s p\u0101rvieto\u0161anas iesp\u0113jas<\/td><td class=\"column-2\">J\u016bs esat atbild\u012bgs par apdro\u0161in\u0101\u0161anu ce\u013cojuma laik\u0101.<\/td>\n<\/tr>\n<tr class=\"row-4\">\n\t<td class=\"column-1\">P\u0101rv\u0101k\u0161an\u0101s laik\u0101 varat sekot l\u012bdzi sav\u0101m mant\u0101m.<\/td><td class=\"column-2\">P\u0101rv\u0101k\u0161an\u0101s laik\u0101 transportl\u012bdzeklim var rasties boj\u0101jumi, kas jums b\u016bs j\u0101labo.<\/td>\n<\/tr>\n<\/tbody>\n<\/table>\n<!-- #tablepress-344 from cache -->\n\r\n\r\n\r\n<p>U-Haul nomas priek\u0161roc\u012bba numur viens ir t\u0101, ka j\u016bs varat lab\u0101k kontrol\u0113t savus izdevumus. J\u016bs varat izv\u0113l\u0113ties j\u016bsu mant\u0101m piem\u0113rotu kravas automa\u0161\u012bnas izm\u0113ru, nomas ilgumu un izlemt, vai pievienot papildu pakalpojumus vai piederumus.<\/p>\r\n\r\n\r\n\r\n<p>Tom\u0113r smago m\u0113be\u013cu un priek\u0161metu iekrau\u0161ana un izkrau\u0161ana var b\u016bt fiziski smaga. Ja jums nav \u0113rta cel\u0161ana un ne\u0161ana vai ja jums nepiecie\u0161ama profesion\u0101la pal\u012bdz\u012bba, iesp\u0113jams, jums b\u016bs nepiecie\u0161ams nol\u012bgt papildu pal\u012bdz\u012bbu.<\/p>\r\n\r\n\r\n\r\n<h2 class=\"wp-block-heading\"><span class=\"ez-toc-section\" id=\"Final_Checklist\"><\/span><strong>Gal\u012bgais kontrolsaraksts<\/strong><span class=\"ez-toc-section-end\"><\/span><\/h2>\r\n\r\n\r\n\r\n<p>Ja dom\u0101jat, ka lab\u0101kais veids, k\u0101 p\u0101rcelties, ir izmantot U-Haulu, noteikti \u0146emiet v\u0113r\u0101 m\u016bsu gal\u012bgo kontrolsarakstu, lai nodro\u0161in\u0101tu, ka viss ir k\u0101rt\u012bb\u0101, kad notiks j\u016bsu liel\u0101 p\u0101rcel\u0161an\u0101s.<\/p>\r\n\r\n\r\n\r\n<ul class=\"wp-block-list\">\r\n<li>Apsveriet, vai v\u0113laties, lai jums pal\u012bdz\u0113tu p\u0101rcel\u0161an\u0101s komanda, kas sniedz pilnu servisu, vai ar\u012b t\u0101 viet\u0101 varat izv\u0113l\u0113ties DIY ce\u013cu.<\/li>\r\n\r\n\r\n\r\n<li>P\u0101rskatiet savas mantas - vai varat samazin\u0101t to izm\u0113ru, pirms rezerv\u0113t U-Haul, lai ietaup\u012btu naudu?<\/li>\r\n\r\n\r\n\r\n<li>Iepaz\u012bstieties ar transportl\u012bdzek\u013cu kl\u0101stu un izv\u0113lieties j\u016bsu kravu apjomam un vajadz\u012bb\u0101m atbilsto\u0161u transportl\u012bdzekli.<\/li>\r\n\r\n\r\n\r\n<li>Vai jums ir nepiecie\u0161ami papildu pakalpojumi? Neaizmirstiet tos pievienot pirms rezerv\u0101cijas veik\u0161anas<\/li>\r\n\r\n\r\n\r\n<li>Divreiz p\u0101rbaudiet datumus un rezerv\u0113jiet savu p\u0101rcel\u0161an\u0101s vietu!<\/li>\r\n<\/ul>\r\n\r\n\r\n\r\n<h2 class=\"wp-block-heading\"><span class=\"ez-toc-section\" id=\"Frequently_Asked_Questions\"><\/span><strong>Bie\u017e\u0101k uzdotie jaut\u0101jumi<\/strong><span class=\"ez-toc-section-end\"><\/span><\/h2>\r\n\r\n\r\n<div id=\"rank-math-faq\" class=\"rank-math-block\">\n<div class=\"rank-math-list\">\n<div id=\"faq-question-1692200957678\" class=\"rank-math-list-item\">\n<h3 class=\"rank-math-question\"><span class=\"ez-toc-section\" id=\"How_Do_I_Reserve_a_U-Haul_Truck\"><\/span><strong>K\u0101 rezerv\u0113t U-Haul kravas automa\u0161\u012bnu?<\/strong><span class=\"ez-toc-section-end\"><\/span><\/h3>\n<div class=\"rank-math-answer\">\n\n<p>U-Haul kravas automa\u0161\u012bnu varat viegli rezerv\u0113t tie\u0161saist\u0113, apmekl\u0113jot U-Haul vietni vai izmantojot t\u0101s lietotni. Vienk\u0101r\u0161i ievadiet savu atra\u0161an\u0101s vietu, nomas datumu un izv\u0113l\u0113tos kravas automa\u0161\u012bnas izm\u0113rus, lai s\u0101ktu darbu. <\/p>\n<p>Varat ar\u012b piezvan\u012bt U-Haul klientu apkalpo\u0161anas dienestam, lai veiktu rezerv\u0101ciju pa t\u0101lruni un apspriestu visus rezerv\u0101cijas aspektus.<\/p>\n\n<\/div>\n<\/div>\n<div id=\"faq-question-1692201036551\" class=\"rank-math-list-item\">\n<h3 class=\"rank-math-question\"><span class=\"ez-toc-section\" id=\"What_Do_I_Need_to_Bring_for_Pickup\"><\/span><strong>Kas man j\u0101\u0146em l\u012bdzi, lai sa\u0146emtu s\u016bt\u012bjumu?<\/strong><span class=\"ez-toc-section-end\"><\/span><\/h3>\n<div class=\"rank-math-answer\">\n\n<p>Sa\u0146emot U-Haul kravas automa\u0161\u012bnu, uzr\u0101diet der\u012bgu vad\u012bt\u0101ja apliec\u012bbu un rezerv\u0101cijai izmantoto maks\u0101juma veidu. J\u016bsu nomas vien\u012bbai var b\u016bt nepiecie\u0161ams papildu identifik\u0101cijas dokuments, t\u0101p\u0113c vislab\u0101k katr\u0101 konkr\u0113t\u0101 gad\u012bjum\u0101 to noskaidrot pie pakalpojuma sniedz\u0113ja.<\/p>\n\n<\/div>\n<\/div>\n<div id=\"faq-question-1692201050762\" class=\"rank-math-list-item\">\n<h3 class=\"rank-math-question\"><span class=\"ez-toc-section\" id=\"Can_I_Extend_My_Rental_Period\"><\/span><strong>Vai es varu pagarin\u0101t nomas periodu?<\/strong><span class=\"ez-toc-section-end\"><\/span><\/h3>\n<div class=\"rank-math-answer\">\n\n<p>J\u0101, ja nepiecie\u0161ams, varat pagarin\u0101t nomas periodu. Sazinieties ar U-Haul klientu apkalpo\u0161anas dienestu vai apmekl\u0113jiet viet\u0113jo nomas vietu, lai apspriestu pagarin\u0101jumu un veiktu nepiecie\u0161amos pas\u0101kumus. <\/p>\n<p>\u0145emiet v\u0113r\u0101, ka par pagarin\u0101to periodu var tikt piem\u0113rota papildu nomas maksa.<\/p>\n\n<\/div>\n<\/div>\n<div id=\"faq-question-1692201063702\" class=\"rank-math-list-item\">\n<h3 class=\"rank-math-question\"><span class=\"ez-toc-section\" id=\"What_Should_I_Do_if_I_Encounter_Issues_During_the_Rental\"><\/span><strong>Ko dar\u012bt, ja nomas laik\u0101 rodas probl\u0113mas?<\/strong><span class=\"ez-toc-section-end\"><\/span><\/h3>\n<div class=\"rank-math-answer\">\n\n<p>Ja nomas laik\u0101 rodas probl\u0113mas ar U-Haul kravas automa\u0161\u012bnu, piem\u0113ram, meh\u0101niskas probl\u0113mas vai jaut\u0101jumi par apr\u012bkojumu, sazinieties ar U-Haul pal\u012bdz\u012bbu uz ce\u013ca vai klientu apkalpo\u0161anas dienestu, lai sa\u0146emtu padomu un atbalstu.<\/p>\n<p>Vi\u0146i sniegs pal\u012bdz\u012bbu, lai pal\u012bdz\u0113tu atrisin\u0101t visas probl\u0113mas, kas jums rodas, izmantojot \u012br\u0113to kravas automa\u0161\u012bnu.<\/p>\n\n<\/div>\n<\/div>\n<\/div>\n<\/div>","protected":false},"excerpt":{"rendered":"<p>U-Haul remains a popular choice among DIY movers, but how much does it actually cost? In this article, we\u2019ll dissect the pricing models of U-Haul, looking at the various factors that contribute to the overall cost &#8211; and leave you with all-important, cost-effective moving tips. Our guide will cover the following: If you fancy keeping [&hellip;]<\/p>\n","protected":false},"author":1,"featured_media":0,"parent":0,"menu_order":0,"comment_status":"closed","ping_status":"closed","template":"","meta":{"_genesis_hide_title":false,"_genesis_hide_breadcrumbs":false,"_genesis_hide_singular_image":false,"_genesis_hide_footer_widgets":false,"_genesis_custom_body_class":"","_genesis_custom_post_class":"","_genesis_layout":"","footnotes":""},"class_list":{"0":"post-17398","1":"page","2":"type-page","3":"status-publish","5":"entry"},"_links":{"self":[{"href":"https:\/\/moverdb.com\/lv\/wp-json\/wp\/v2\/pages\/17398","targetHints":{"allow":["GET"]}}],"collection":[{"href":"https:\/\/moverdb.com\/lv\/wp-json\/wp\/v2\/pages"}],"about":[{"href":"https:\/\/moverdb.com\/lv\/wp-json\/wp\/v2\/types\/page"}],"author":[{"embeddable":true,"href":"https:\/\/moverdb.com\/lv\/wp-json\/wp\/v2\/users\/1"}],"replies":[{"embeddable":true,"href":"https:\/\/moverdb.com\/lv\/wp-json\/wp\/v2\/comments?post=17398"}],"version-history":[{"count":1,"href":"https:\/\/moverdb.com\/lv\/wp-json\/wp\/v2\/pages\/17398\/revisions"}],"predecessor-version":[{"id":17399,"href":"https:\/\/moverdb.com\/lv\/wp-json\/wp\/v2\/pages\/17398\/revisions\/17399"}],"wp:attachment":[{"href":"https:\/\/moverdb.com\/lv\/wp-json\/wp\/v2\/media?parent=17398"}],"curies":[{"name":"wp","href":"https:\/\/api.w.org\/{rel}","templated":true}]}}