{"id":1684,"date":"2017-02-23T19:16:05","date_gmt":"2017-02-23T19:16:05","guid":{"rendered":"http:\/\/moverdb.com\/?page_id=1684"},"modified":"2026-01-08T14:45:54","modified_gmt":"2026-01-08T14:45:54","slug":"1-800-pack-rat","status":"publish","type":"page","link":"https:\/\/moverdb.com\/lv\/1-800-pack-rat\/","title":{"rendered":"1-800-Pack-Rat - Atsauksmes par starptautisko p\u0101rcel\u0161anos"},"content":{"rendered":"<p>1-800-Pack-Rat saviem klientiem pied\u0101v\u0101 vienk\u0101r\u0161u p\u0101rcel\u0161an\u0101s iesp\u0113ju. T\u0101l\u0101k ir sniegta s\u012bk\u0101ka inform\u0101cija, uz\u0146\u0113muma profils un atsauksmes.<\/p>\n<p><strong>T\u0101lsatiksmes un viet\u0113jie p\u0101rv\u0101k\u0161an\u0101s<\/strong><\/p>\n<ul>\n<li> Pieg\u0101d\u0101t konteineru vismaz 30 dienas pirms p\u0101rcel\u0161an\u0101s.<\/li>\n<li> Pa\u0161u iepakojuma konteiners vai profesion\u0101lu iepakot\u0101ju izmanto\u0161ana<\/li>\n<li> Bezmaksas konteinera sl\u0113dzene bez grie\u0161anas<\/li>\n<li> Bezmaksas $10,000 satura aizsardz\u012bba<\/li>\n<li> Garas un \u012bsas uzglab\u0101\u0161anas iesp\u0113ja<\/li>\n<li> Konteineru sav\u0101k\u0161ana un pieg\u0101de uz galam\u0113r\u0137i<\/li>\n<\/ul>\n<p><strong>Milit\u0101r\u0101s kust\u012bbas<\/strong><\/p>\n<ul>\n<li> Milit\u0101rais person\u0101ls var izv\u0113l\u0113ties person\u012bgi ieg\u0101d\u0101tu p\u0101rvieto\u0161anos (PPM)<\/li>\n<li> Vald\u012bba atmaks\u0101s 95% profesion\u0101lo <a href=\"https:\/\/moverdb.com\/lv\/parcelsanas-izmaksas\/\">p\u0101rvieto\u0161an\u0101s izmaksas<\/a><\/li>\n<li> Konteinera pieg\u0101de l\u012bdz durv\u012bm<\/li>\n<li> 30 dienas vai vair\u0101k l\u012bdz iepako\u0161anai<\/li>\n<li> <a href=\"https:\/\/moverdb.com\/lv\/konteineru-parvadajumi\/\">Konteineru p\u0101rvad\u0101jumi<\/a> uz jauno atra\u0161an\u0101s vietu<\/li>\n<\/ul>\n<p><strong>Uzglab\u0101\u0161ana<\/strong><\/p>\n<ul>\n<li> 24\/7 videonov\u0113ro\u0161ana<\/li>\n<li> Autom\u0101tiskie smidzin\u0101t\u0101ji<\/li>\n<li> Klimata kontrole<\/li>\n<li> Viegla piek\u013cuve uz vietas<\/li>\n<li> Pieg\u0101de bez probl\u0113m\u0101m<\/li>\n<\/ul>\n<p><strong>Konteinera izmanto\u0161ana<\/strong><\/p>\n<ul>\n<li> Restaur\u0101cija un san\u0101cija<\/li>\n<li> B\u016bvuz\u0146\u0113m\u0113ju pakalpojumi<\/li>\n<li> Sezonas glab\u0101\u0161ana<\/li>\n<li> Nekustam\u0101 \u012bpa\u0161uma pakalpojumi<\/li>\n<li> Pal\u012bdz\u012bba katastrofu gad\u012bjumos<\/li>\n<li> Notikumu glab\u0101\u0161ana<\/li>\n<li> Mazumtirdzniec\u012bbas un komerci\u0101l\u0101 uzglab\u0101\u0161ana<\/li>\n<li> Apdro\u0161in\u0101\u0161anas uz\u0146\u0113mumi<\/li>\n<li> Uz\u0146\u0113muma vai milit\u0101r\u0101 p\u0101rvieto\u0161ana<\/li>\n<li> Kravu p\u0101rvad\u0101jumu un lo\u0123istikas risin\u0101jumi<\/li>\n<\/ul>\n<h2>1-800-Pack-Rat uz\u0146\u0113muma profils<\/h2>\n<p>1-800-Pack-Rat ir daudzviet. <a href=\"https:\/\/moverdb.com\/lv\/moving-to-the-united-states\/\" data-internallinksmanager029f6b8e52c=\"94\" title=\"P\u0101rce\u013caties uz Amerikas Savienotaj\u0101m Valst\u012bm? 2022 Dz\u012bves izmaksas un p\u0101rcel\u0161an\u0101s padomi\">Amerikas Savienot\u0101s Valstis<\/a> un <a href=\"https:\/\/moverdb.com\/lv\/moving-to-canada\/\" data-internallinksmanager029f6b8e52c=\"265\" title=\"P\u0101rcel\u0161an\u0101s uz Kan\u0101du? 2023 Dz\u012bves izmaksas un p\u0101rcel\u0161an\u0101s padomi\">Kan\u0101da<\/a>. Uz\u0146\u0113mumam ir vair\u0101k nek\u0101 10 gadu pieredze cilv\u0113ku un uz\u0146\u0113mumu uzglab\u0101\u0161an\u0101 un p\u0101rvieto\u0161an\u0101 gan uz vietas, gan lielos att\u0101lumos.<\/p>\n<p>1-800-Pack-Rat ir \u0161\u0101das akredit\u0101cijas un pieder\u012bbas:<\/p>\n<ul>\n<li> T\u012bmek\u013ca vietn\u0113 nav nor\u0101d\u012bts, lai gan <a href=\"https:\/\/moverdb.com\/lv\/esmu\/\" target=\"_blank\" rel=\"noopener\">Starptautisk\u0101 P\u0101rv\u0101c\u0113ju asoci\u0101cija<\/a> ir uzskait\u012btas biedru katalog\u0101.<\/li>\n<\/ul>\n<h2>1-800-Pack-Rat Atsauksmes<\/h2>\n<p><strong>Pozit\u012bvi:<\/strong><\/p>\n<ul>\n<li> <em>\"Bija br\u012bni\u0161\u0137\u012bgi, ka mums nebija j\u0101uztraucas par \u0161o p\u0101rcel\u0161an\u0101s aspektu. Visa pieredze, s\u0101kot ar manu s\u0101kotn\u0113jo zvanu, konkur\u0113tsp\u0113j\u012bgu pied\u0101v\u0101jumu sa\u0146em\u0161anu, tie\u0161saistes pl\u0101no\u0161anu, autom\u0101tisko apmaksu un sadarb\u012bbu ar zino\u0161iem un draudz\u012bgiem darbiniekiem, kad man rad\u0101s jaut\u0101jumi, bija bez stresa. Es v\u0113l neesmu pabeidzis izpakot, bet l\u012bdz \u0161im viss ir k\u0101rt\u012bb\u0101 ar man\u0101m mant\u0101m, kas ierad\u0101s dro\u0161\u012bb\u0101 un vesel\u012bb\u0101.\"<\/em> - Heather caur <a href=\"https:\/\/www.1800packrat.com\/reviews\" target=\"_blank\" rel=\"noopener\">klienta atsauksme<\/a><\/li>\n<li> <em>\"M\u0113s p\u0101rvietoj\u0101m visas savas mantas ar 1-800-PACK-RAT, un pieredze bija lieliska. Vi\u0146i bija pieejami, kad var\u0113ja uzdot jaut\u0101jumus, pat nakt\u012b, un bija piekl\u0101j\u012bgi un draudz\u012bgi. Vi\u0146i iev\u0113roja visus termi\u0146us, \u013c\u0101va mums pa\u0161iem iepakot savas mantas p\u0101ris dienu laik\u0101 un p\u0113c tam 10 dienu laik\u0101 aizveda t\u0101s uz m\u016bsu jauno dz\u012bvesvietu.\"<\/em> - izmantojot <a href=\"https:\/\/uk.trustpilot.com\/reviews\/58acb46d883cc60a283ce37e\" target=\"_blank\" rel=\"noopener\">TrustPilot<\/a><\/li>\n<li> <em>\"Nesen es p\u0101rc\u0113los uz lieliem att\u0101lumiem no <a href=\"https:\/\/moverdb.com\/lv\/moving-to-the-united-states\/moving-to-california\/\" data-internallinksmanager029f6b8e52c=\"330\" title=\"P\u0101rcel\u0161an\u0101s uz Kaliforniju? 2023 Dz\u012bves izmaksas un p\u0101rcel\u0161an\u0101s padomi\">Kalifornija<\/a> uz <a href=\"https:\/\/moverdb.com\/lv\/moving-to-the-united-states\/moving-to-florida\/\" data-internallinksmanager029f6b8e52c=\"331\" title=\"P\u0101rcel\u0161an\u0101s uz Floridu? 2023 Dz\u012bves izmaksas un p\u0101rcel\u0161an\u0101s padomi\">Florida<\/a> izmantojot Pack Rat kr\u0101tuvi. Un es vi\u0146us izmanto\u0161u atkal, vi\u0146i bija savlaic\u012bgi no nog\u0101d\u0101\u0161anas l\u012bdz pieg\u0101dei, un Pack Rat bija l\u0113t\u0101ki nek\u0101 PODS.\"<\/em> - Pols, izmantojot <a href=\"https:\/\/www.yelp.co.uk\/biz\/1-800-pack-rat-tampa?hrid=sQKUV3MPkChipe8OJiZIcQ&#038;utm_campaign=www_review_share_popup&#038;utm_medium=copy_link&#038;utm_source=(direct)\" target=\"_blank\" rel=\"noopener\">Yelp<\/a><\/li>\n<\/ul>\n<p><strong>Negat\u012bvs:<\/strong><\/p>\n<ul>\n<li> <em>\"Tie ir murgs. Neviens nezina, ko dara otrs.\"<\/em> - Mia, izmantojot <a href=\"https:\/\/www.yelp.com\/biz\/1-800-pack-rat-fremont?hrid=YhOaE8BWuhGeu6UpKuLVVQ&#038;utm_campaign=www_review_share_popup&#038;utm_medium=copy_link&#038;utm_source=(direct)\" target=\"_blank\" rel=\"noopener\">Yelp<\/a><\/li>\n<li> <em>\"Vi\u0146i nesp\u0113ja vai dr\u012bz\u0101k pat nev\u0113l\u0113j\u0101s nog\u0101d\u0101t podus l\u012bdz manai m\u0101jai. \u0160oferis neko nem\u0113r\u012bja. Bija tur 2 min\u016btes un aizbrauca. Kad es piezvan\u012bju klientu apkalpo\u0161anas dienestam, vi\u0146i bija tik neticami rupji!\"<\/em> - Leila caur <a href=\"https:\/\/www.bbb.org\/boston\/business-reviews\/storage-units-household-and-commercial\/1-800-pack-rat-in-foxboro-ma-116673\/reviews-and-complaints\" target=\"_blank\" rel=\"noopener\">BBB.org<\/a><\/li>\n<li> <em>\"Tik dusm\u012bgs ar 1-800-PackRat\"<\/em> - izmantojot <a href=\"https:\/\/www.pissedconsumer.com\/company\/1800-pack-rat\/so-angry-with-1-800-packrat-20161024942159.html\" target=\"_blank\" rel=\"noopener\">Iedusmots pat\u0113r\u0113t\u0101js<\/a><\/li>\n<\/ul>\n<div itemprop=\"review\" itemscope itemtype=\"http:\/\/schema.org\/Review\">\n<span itemprop=\"author\" itemscope=\"\" itemtype=\"http:\/\/schema.org\/Organization\"><span itemprop=\"name\">MoverDB.com<\/span><\/span> Tie\u0161saistes vietnes p\u0101rskats par <span itemprop=\"itemreviewed\" itemscope=\"\" itemtype=\"http:\/\/schema.org\/Brand\"><span itemprop=\"name\">1-800-Pack-Rat<\/span><\/span>:<\/p>\n<ol>\n<li> Skaidra kontaktinform\u0101cija t\u012bmek\u013ca vietn\u0113 (tostarp t\u0101lru\u0146a numurs): <strong>J\u0101<\/strong><\/li>\n<li> Viegli ieg\u016bt <a href=\"https:\/\/moverdb.com\/lv\/citati\/\">p\u0101rvietojas cit\u0101ti<\/a>? (Tie\u0161saistes t\u0101mes piepras\u012bjuma veidlapa): <strong>J\u0101<\/strong><\/li>\n<li> Skaidra inform\u0101cija t\u012bmek\u013ca vietn\u0113: <strong>J\u0101,<\/strong> T\u012bmek\u013ca vietn\u0113 ir skaidri izkl\u0101st\u012bti visi uz\u0146\u0113muma pied\u0101v\u0101tie pakalpojumi.<\/li>\n<li> Dal\u012bba starptautiski atz\u012bt\u0101s kust\u012bbu organiz\u0101cij\u0101s: <strong>J\u0101<\/strong>, bet tas nav nor\u0101d\u012bts t\u012bmek\u013ca vietn\u0113.<\/li>\n<li> Klientu saraksts un\/vai iepriek\u0161\u0113jo klientu atsauksmes: <strong>J\u0101,<\/strong> bet p\u0101r\u0113j\u0101 interneta atsauksmes ir \u013coti neviennoz\u012bm\u012bgas.<\/li>\n<\/ol>\n<div itemprop=\"reviewRating\" itemscope itemtype=\"http:\/\/schema.org\/Rating\"><meta itemprop=\"worstRating\" content = \"0\" \/><meta itemprop=\"bestRating\" content=\"5\" \/><meta itemprop=\"ratingValue\" content=\"4\"><\/div>\n<p><strong>Kop\u0113jais v\u0113rt\u0113jums: 4\/5<\/strong><br \/>\n<strong>P\u0101rskata datums:<\/strong> <span itemprop=\"datePublished\" content=\"2017-02-23\">23\/02\/2017<\/span>\n<\/div>\n<p>Las\u012bt vair\u0101k par <a href=\"https:\/\/moverdb.com\/lv\/parvietojas-uznemumi\/\">starptautiskie p\u0101rvietot\u0101ji<\/a> un m\u016bsu <a href=\"https:\/\/moverdb.com\/lv\/atsauksmes\/\">p\u0101rskat\u012b\u0161anas process<\/a>.<\/p>\n<p><strong>T\u012bmek\u013ca vietne:<\/strong> <a href=\"https:\/\/www.1800packrat.com\/\" target=\"_blank\" rel=\"noopener\">https:\/\/www.1800packrat.com\/<\/a><\/p>","protected":false},"excerpt":{"rendered":"<p>1-800-Pack-Rat offers its customers an easy option when it comes to moving. The details are listed below, together with a company profile and reviews. Long Distance and Local Moves Deliver container at least 30 days prior to moving Self-pack container or employ professional packers Complimentary no-cut container lock Complimentary $10,000 contents protection Long and short [&hellip;]<\/p>\n","protected":false},"author":1,"featured_media":0,"parent":0,"menu_order":0,"comment_status":"closed","ping_status":"closed","template":"","meta":{"_genesis_hide_title":false,"_genesis_hide_breadcrumbs":false,"_genesis_hide_singular_image":false,"_genesis_hide_footer_widgets":false,"_genesis_custom_body_class":"","_genesis_custom_post_class":"","_genesis_layout":"","footnotes":""},"class_list":{"0":"post-1684","1":"page","2":"type-page","3":"status-publish","5":"entry"},"_links":{"self":[{"href":"https:\/\/moverdb.com\/lv\/wp-json\/wp\/v2\/pages\/1684","targetHints":{"allow":["GET"]}}],"collection":[{"href":"https:\/\/moverdb.com\/lv\/wp-json\/wp\/v2\/pages"}],"about":[{"href":"https:\/\/moverdb.com\/lv\/wp-json\/wp\/v2\/types\/page"}],"author":[{"embeddable":true,"href":"https:\/\/moverdb.com\/lv\/wp-json\/wp\/v2\/users\/1"}],"replies":[{"embeddable":true,"href":"https:\/\/moverdb.com\/lv\/wp-json\/wp\/v2\/comments?post=1684"}],"version-history":[{"count":3,"href":"https:\/\/moverdb.com\/lv\/wp-json\/wp\/v2\/pages\/1684\/revisions"}],"predecessor-version":[{"id":6165,"href":"https:\/\/moverdb.com\/lv\/wp-json\/wp\/v2\/pages\/1684\/revisions\/6165"}],"wp:attachment":[{"href":"https:\/\/moverdb.com\/lv\/wp-json\/wp\/v2\/media?parent=1684"}],"curies":[{"name":"wp","href":"https:\/\/api.w.org\/{rel}","templated":true}]}}