{"id":1680,"date":"2017-01-25T11:25:11","date_gmt":"2017-01-25T11:25:11","guid":{"rendered":"http:\/\/moverdb.com\/?page_id=1680"},"modified":"2026-01-08T14:47:26","modified_gmt":"2026-01-08T14:47:26","slug":"veikliba","status":"publish","type":"page","link":"https:\/\/moverdb.com\/lv\/agility\/","title":{"rendered":"Agility - P\u0101rvieto\u0161an\u0101s un starptautisk\u0101 ku\u0123niec\u012bba Atsauksmes"},"content":{"rendered":"<p>Agility ir liel\u0101kais lo\u0123istikas un <a href=\"https:\/\/moverdb.com\/lv\/moving-companies\/\" data-internallinksmanager029f6b8e52c=\"79\" title=\"Top 25 Starptautiskie p\u0101rcel\u0161an\u0101s uz\u0146\u0113mumi tie\u0161saist\u0113\">P\u0101rvieto\u0161an\u0101s uz\u0146\u0113mums<\/a> Tuvajos Austrumos. Tas saviem klientiem pied\u0101v\u0101 pla\u0161u pakalpojumu kl\u0101stu, kas uzskait\u012bti turpm\u0101k, k\u0101 ar\u012b uz\u0146\u0113muma profilu un atsauksmes. <strong>\u0145emiet v\u0113r\u0101, ka Agility nep\u0101rvieto m\u0101jsaimniec\u012bbas preces vai person\u012bg\u0101s mantas priv\u0101tperson\u0101m.<\/strong>.<\/p>\n<p><strong>Starptautisk\u0101s p\u0101rcel\u0161an\u0101s<\/strong><\/p>\n<ul>\n<li> Pakalpojums no durv\u012bm l\u012bdz durv\u012bm<\/li>\n<li> J\u016bras vai gaisa kravu p\u0101rvad\u0101jumi<\/li>\n<li> Ekspertu iepako\u0161anas pakalpojumi<\/li>\n<li> Ekspertu izpako\u0161anas pakalpojums<\/li>\n<li> Atkritumu izve\u0161ana<\/li>\n<li> Nodarbojas ar muitas starpniec\u012bbas un muito\u0161anas jaut\u0101jumiem.<\/li>\n<li> Speci\u0101lo konteineru iekrau\u0161anas uzraudz\u012bba uz vietas<\/li>\n<li> Ilgtermi\u0146a un \u012bstermi\u0146a uzglab\u0101\u0161ana<\/li>\n<li> Apdro\u0161in\u0101\u0161ana<\/li>\n<li> Specializ\u0113t\u0101 iesai\u0146o\u0161ana<\/li>\n<li> Ier\u012b\u010du apkalpo\u0161ana<\/li>\n<li> Meistara pakalpojumi<\/li>\n<li> Elektri\u0137is<\/li>\n<li> M\u0113be\u013cu un pre\u010du demont\u0101\u017ea un atk\u0101rtota mont\u0101\u017ea<\/li>\n<li> \u012apa\u0161a apie\u0161an\u0101s ar lieliem un\/vai trausliem priek\u0161metiem<\/li>\n<\/ul>\n<p><strong>Noliktavu un izplat\u012b\u0161ana<\/strong><\/p>\n<ul>\n<li> Pilna servisa vad\u012bba<\/li>\n<li> Autotransporta, gaisa un j\u016bras kravu p\u0101rvad\u0101jumi<\/li>\n<li> Objekta lieluma un veida elast\u012bba<\/li>\n<li> P\u0101rvaldiet visaptvero\u0161u kr\u0101jumu pl\u0101no\u0161anu un papildin\u0101\u0161anu.<\/li>\n<\/ul>\n<p><strong>Nozares risin\u0101jumi<\/strong><\/p>\n<ul>\n<li> P\u0101rvieto\u0161an\u0101s automobi\u013cu nozar\u0113<\/li>\n<li> Dro\u0161a, uzticama \u0137\u012bmisko vielu p\u0101rvieto\u0161ana<\/li>\n<li> Pat\u0113ri\u0146a preces<\/li>\n<li> Starptautisko organiz\u0101ciju, vald\u012bbu, pal\u012bdz\u012bbas grupu un milit\u0101ro sp\u0113ku p\u0101rvieto\u0161ana<\/li>\n<li> R\u016bpnieciskie p\u0101rvadi<\/li>\n<li> Naftas un g\u0101zes lo\u0123istikas risin\u0101jumi<\/li>\n<li> Farm\u0101cijas un dz\u012bv\u012bbas zin\u0101t\u0146u pieg\u0101des \u0137\u0113de<\/li>\n<li> Tehnolo\u0123ija<\/li>\n<li> Izst\u0101des un pas\u0101kumi p\u0101rce\u013cas<\/li>\n<\/ul>\n<h2>Agility Uz\u0146\u0113muma profils<\/h2>\n<p>Agility ir glob\u0101ls lo\u0123istikas uz\u0146\u0113mums, kas atrodas Sulaibij\u0101, <a href=\"https:\/\/moverdb.com\/lv\/moving-to-kuwait\/\" data-internallinksmanager029f6b8e52c=\"354\" title=\"P\u0101rcel\u0161an\u0101s uz Kuveitu? 2023 Dz\u012bves izmaksas un p\u0101rcel\u0161an\u0101s padomi\">Kuveita<\/a>. Agility apkalpo uz\u0146\u0113mumus, vald\u012bbas, pal\u012bdz\u012bbas a\u0123ent\u016bras, milit\u0101r\u0101s un starptautisk\u0101s organiz\u0101cijas, nodro\u0161inot transport\u0113\u0161anu, uzglab\u0101\u0161anu, <a href=\"https:\/\/moverdb.com\/lv\/kravas-ekspeditors\/\">kravu p\u0101rvad\u0101jumi<\/a> un lo\u0123istikas risin\u0101jumi. Uz\u0146\u0113mum\u0101 str\u0101d\u0101 vair\u0101k nek\u0101 22 000 darbinieku, un tam ir vair\u0101k nek\u0101 500 biroju 100 valst\u012bs.<\/p>\n<p>Agility savu darb\u012bbu uzs\u0101ka 1979. gad\u0101 k\u0101 Kuveitas valstij piedero\u0161s uz\u0146\u0113mums - Public Warehousing Co. 1997. gad\u0101 uz\u0146\u0113mums tika privatiz\u0113ts, un par t\u0101 priek\u0161s\u0113d\u0113t\u0101ju k\u013cuva Tareks Sultans Al Essa. Agility nol\u0113ma apg\u016bt v\u0113l neizmantotus tirgus, piem\u0113ram, \u0100frikas, \u0100zijas, Tuvo Austrumu un Lat\u012b\u0146amerikas tirgus. Uz\u0146\u0113mums strauji papla\u0161in\u0101j\u0101s, ieg\u0101d\u0101joties vair\u0101k nek\u0101 40 lo\u0123istikas uz\u0146\u0113mumu un akt\u012bvu vis\u0101 pasaul\u0113. <\/p>\n<p>L\u012bdz 2004. gadam Agility bija liel\u0101kais lo\u0123istikas pakalpojumu sniedz\u0113js Tuvajos Austrumos. Tikai 2006. gad\u0101 PWC k\u013cuva paz\u012bstams k\u0101 Agility ar jaunu saukli \"Jauns lo\u0123istikas l\u012bderis\".<\/p>\n<p>Agility ir divas uz\u0146\u0113m\u0113jdarb\u012bbas nozares - Agility Global Integrated Logistics un Agility Infrastructure. Pirm\u0101 nodro\u0161ina klientiem pieg\u0101des \u0137\u0113des risin\u0101jumus. Agility ir veicis 2,14 miljonus p\u0101rvad\u0101jumu, apkalpojot 60 500 klientu. Uz\u0146\u0113mums ir p\u0101rvietojis 372 700 tonnas gaisa kravu un 513 100 TEU gaisa kravu. Agility Infrastructure pal\u012bdz jaunatt\u012bst\u012bbas tirgiem risin\u0101t ar lo\u0123istiku saist\u012btas probl\u0113mas.<\/p>\n<p>Agility sniedz atbalstu, sniedzot pro bono lo\u0123istikas atbalstu hum\u0101no katastrofu gad\u012bjumos. T\u0101s darbinieki atbalsta ar\u012b viet\u0113j\u0101s kopienas<br \/>\n.<br \/>\nAgility ir \u0161\u0101das fili\u0101les un akredit\u0101cijas:<\/p>\n<ul>\n<li> Nav nor\u0101d\u012bts t\u012bmek\u013ca vietn\u0113<\/li>\n<\/ul>\n<h2>Agility Moving Atsauksmes<\/h2>\n<p><em>L\u016bdzu, \u0146emiet v\u0113r\u0101, ka rakst\u012b\u0161anas laik\u0101 m\u0113s nevar\u0113j\u0101m atrast nek\u0101das atsauksmes tie\u0161saist\u0113 par Agility p\u0101rcel\u0161an\u0101s pakalpojumiem.<\/em> <\/p>\n<div itemprop=\"review\" itemscope itemtype=\"http:\/\/schema.org\/Review\">\n<span itemprop=\"author\" itemscope=\"\" itemtype=\"http:\/\/schema.org\/Organization\"><span itemprop=\"name\">MoverDB.com<\/span><\/span> Tie\u0161saistes vietnes p\u0101rskats par <span itemprop=\"itemreviewed\" itemscope=\"\" itemtype=\"http:\/\/schema.org\/Brand\"><span itemprop=\"name\">Veikl\u012bba P\u0101rvieto\u0161an\u0101s<\/span><\/span>:<\/p>\n<ol>\n<li> Skaidra kontaktinform\u0101cija t\u012bmek\u013ca vietn\u0113 (tostarp t\u0101lru\u0146a numurs): <strong>J\u0101<\/strong><\/li>\n<li> Viegli ieg\u016bt <a href=\"https:\/\/moverdb.com\/lv\/citati\/\">starptautiskie p\u0101rvietojas cit\u0101ti<\/a>? (Tie\u0161saistes t\u0101mes piepras\u012bjuma veidlapa): <strong>J\u0101<\/strong><\/li>\n<li> Skaidra inform\u0101cija t\u012bmek\u013ca vietn\u0113: <strong>J\u0101,<\/strong> Sarakst\u0101 ir uzskait\u012bti vi\u0146u pied\u0101v\u0101tie pakalpojumi.<\/li>\n<li> Dal\u012bba starptautiski atz\u012bt\u0101s kust\u012bbu organiz\u0101cij\u0101s: <strong>Nav nor\u0101d\u012bts t\u012bmek\u013ca vietn\u0113<\/strong><\/li>\n<li> Klientu saraksts un\/vai iepriek\u0161\u0113jo klientu atsauksmes. <strong>J\u0101,<\/strong> T\u012bmek\u013ca vietn\u0113 ir pieejami detaliz\u0113ti apraksti par da\u017e\u0101diem specializ\u0113tiem g\u0101jieniem.<\/li>\n<\/ol>\n<div itemprop=\"reviewRating\" itemscope itemtype=\"http:\/\/schema.org\/Rating\"><meta itemprop=\"worstRating\" content = \"0\" \/><meta itemprop=\"bestRating\" content=\"5\" \/><meta itemprop=\"ratingValue\" content=\"4\"><\/div>\n<p><strong>Kop\u0113jais v\u0113rt\u0113jums: 4\/5<\/strong><br \/>\n<strong>P\u0101rskata datums:<\/strong> <span itemprop=\"datePublished\" content=\"2017-01-25\">25\/01\/2017<\/span>\n<\/div>\n<p>Las\u012bt vair\u0101k par <a href=\"https:\/\/moverdb.com\/lv\/parvietojas-uznemumi\/\">lab\u0101kie starptautiskie p\u0101rvietot\u0101ji<\/a> un m\u016bsu <a href=\"https:\/\/moverdb.com\/lv\/atsauksmes\/\">p\u0101rskat\u012b\u0161anas process<\/a>.<\/p>\n<p><strong>T\u012bmek\u013ca vietnes:<\/strong> <a href=\"http:\/\/www.agility.com\/EN\/products-and-services\/Pages\/Household-Goods-Movement.aspx\" target=\"_blank\" rel=\"noopener\">Veikl\u012bba M\u0101jsaimniec\u012bbas pre\u010du p\u0101rvieto\u0161ana<\/a><\/p>","protected":false},"excerpt":{"rendered":"<p>Agility is the largest logistics and moving company in the Middle East. It offers its customers a wide range of services which are listed below, together with a company profile and reviews. Note that Agility does not move household goods or personal effects for individuals. International Moves Door to door service Sea freight or airfreight [&hellip;]<\/p>\n","protected":false},"author":1,"featured_media":0,"parent":0,"menu_order":0,"comment_status":"closed","ping_status":"closed","template":"","meta":{"_genesis_hide_title":false,"_genesis_hide_breadcrumbs":false,"_genesis_hide_singular_image":false,"_genesis_hide_footer_widgets":false,"_genesis_custom_body_class":"","_genesis_custom_post_class":"","_genesis_layout":"","footnotes":""},"class_list":{"0":"post-1680","1":"page","2":"type-page","3":"status-publish","5":"entry"},"_links":{"self":[{"href":"https:\/\/moverdb.com\/lv\/wp-json\/wp\/v2\/pages\/1680","targetHints":{"allow":["GET"]}}],"collection":[{"href":"https:\/\/moverdb.com\/lv\/wp-json\/wp\/v2\/pages"}],"about":[{"href":"https:\/\/moverdb.com\/lv\/wp-json\/wp\/v2\/types\/page"}],"author":[{"embeddable":true,"href":"https:\/\/moverdb.com\/lv\/wp-json\/wp\/v2\/users\/1"}],"replies":[{"embeddable":true,"href":"https:\/\/moverdb.com\/lv\/wp-json\/wp\/v2\/comments?post=1680"}],"version-history":[{"count":3,"href":"https:\/\/moverdb.com\/lv\/wp-json\/wp\/v2\/pages\/1680\/revisions"}],"predecessor-version":[{"id":6167,"href":"https:\/\/moverdb.com\/lv\/wp-json\/wp\/v2\/pages\/1680\/revisions\/6167"}],"wp:attachment":[{"href":"https:\/\/moverdb.com\/lv\/wp-json\/wp\/v2\/media?parent=1680"}],"curies":[{"name":"wp","href":"https:\/\/api.w.org\/{rel}","templated":true}]}}