{"id":1678,"date":"2017-01-25T12:00:23","date_gmt":"2017-01-25T12:00:23","guid":{"rendered":"http:\/\/moverdb.com\/?page_id=1678"},"modified":"2026-01-08T14:47:27","modified_gmt":"2026-01-08T14:47:27","slug":"aires","status":"publish","type":"page","link":"https:\/\/moverdb.com\/lv\/aires\/","title":{"rendered":"Aires - Atsauksmes par starptautisko p\u0101rcel\u0161anos un p\u0101rv\u0101k\u0161anos"},"content":{"rendered":"<p>Aires saviem klientiem - gan individu\u0101liem, gan korporat\u012bviem - pied\u0101v\u0101 da\u017e\u0101dus p\u0101rcel\u0161an\u0101s pakalpojumus. Tie ir uzskait\u012bti turpm\u0101k kop\u0101 ar uz\u0146\u0113muma profilu un atsauksm\u0113m.<\/p>\n<p><strong>Starptautisk\u0101s p\u0101rcel\u0161an\u0101s<\/strong><\/p>\n<ul>\n<li> Piln\u012bga visu m\u0101jsaimniec\u012bbas pre\u010du un personisko priek\u0161metu iepako\u0161ana un iesai\u0146o\u0161ana.<\/li>\n<li> No durv\u012bm l\u012bdz durv\u012bm<\/li>\n<li> M\u0101jsaimniec\u012bbas pre\u010du tie\u0161a iekrau\u0161ana atbilsto\u0161\u0101 konteiner\u0101 vai furgon\u0101.<\/li>\n<li> Visas dokument\u0101cijas sagatavo\u0161ana<\/li>\n<li> Parast\u0101, tie\u0161\u0101 dz\u012bvesvietas pieg\u0101de un b\u016bvgru\u017eu izve\u0161ana<\/li>\n<li> Tuk\u0161u konteineru atgrie\u0161ana starptautiskaj\u0101 galam\u0113r\u0137\u012b<\/li>\n<li> Piln\u012bga s\u016bt\u012bjuma statusa izseko\u0161ana un pazi\u0146o\u0161ana<\/li>\n<li> Automobiles<\/li>\n<li> Ilgtermi\u0146a un \u012bstermi\u0146a uzglab\u0101\u0161ana<\/li>\n<li> M\u0101jdz\u012bvnieku p\u0101rvieto\u0161ana<\/li>\n<\/ul>\n<p><strong>Galam\u0113r\u0137a un iek\u0101rto\u0161an\u0101s pakalpojumi<\/strong><\/p>\n<ul>\n<li> Tik\u0161an\u0101s un sagaid\u012b\u0161ana<\/li>\n<li> Orient\u0101cija p\u0113c apgabala<\/li>\n<li> Skolu mekl\u0113\u0161ana un re\u0123istr\u0101cija<\/li>\n<li> Nomas m\u0101jok\u013ca mekl\u0113\u0161anas pal\u012bdz\u012bba<\/li>\n<li> Pal\u012bdz\u012bba nomas sarunu risin\u0101\u0161an\u0101<\/li>\n<li> Iek\u0101rto\u0161an\u0101s pakalpojumi<\/li>\n<li> Pal\u012bdz\u012bba laul\u0101tajam\/partnerim<\/li>\n<li> Pagaidu izmitin\u0101\u0161anas pakalpojums<\/li>\n<li> Pal\u012bdz\u012bba v\u012bzu, pasu un imigr\u0101cijas jaut\u0101jumos<\/li>\n<li> Kult\u016bras un valodas apm\u0101c\u012bbas pakalpojumi<\/li>\n<li> Repatri\u0101cijas pal\u012bdz\u012bba<\/li>\n<\/ul>\n<p><strong>Korporat\u012bvie pakalpojumi<\/strong><\/p>\n<ul>\n<li> P\u0101rcel\u0161an\u0101s p\u0101rvald\u012bbas pakalpojumi<\/li>\n<li> P\u0101rcel\u0161an\u0101s programmas p\u0101rvald\u012bba<\/li>\n<li> ReloNet t\u012bmek\u013ca pakalpojumu vietne - Korporat\u012bvie r\u012bki<\/li>\n<li> Politikas p\u0101rskat\u012b\u0161ana un izstr\u0101de<\/li>\n<li> Nekustam\u0101 \u012bpa\u0161uma pakalpojumi<\/li>\n<li> \u012apa\u0161uma un \u012bres p\u0101rvald\u012bba<\/li>\n<li> Inspekcijas pakalpojumi<\/li>\n<li> Dz\u012bves d\u0101rdz\u012bbas prognozes<\/li>\n<li> Izdevumu p\u0101rvald\u012bba<\/li>\n<li> Apdro\u0161in\u0101\u0161ana un riska p\u0101rvald\u012bba<\/li>\n<li> Grupu p\u0101rcel\u0161an\u0101s pakalpojumi<\/li>\n<li> Starptautiskie kompens\u0101cijas un datu v\u0101k\u0161anas pakalpojumi<\/li>\n<li> Pieg\u0101des \u0137\u0113des p\u0101rvald\u012bba<\/li>\n<\/ul>\n<h2>Aires Uz\u0146\u0113muma profils<\/h2>\n<p>Aires jeb American International Relocation Solutions LLC 1981. gad\u0101 dibin\u0101ja D\u017eims Putts. Uz\u0146\u0113mums koncentr\u0113j\u0101s uz uz\u0146\u0113mumu un to darbinieku starptautiskiem p\u0101rv\u0101k\u0161an\u0101s un uzglab\u0101\u0161anas pakalpojumiem. Tagad tas ir papla\u0161in\u0101jies, ietverot pilnu p\u0101rcel\u0161an\u0101s pakalpojumu kl\u0101stu un pal\u012bdzot darbiniekiem \u0101tri iek\u0101rtoties jaunaj\u0101 vid\u0113. Aires joproj\u0101m ir \u0123imenes \u012bpa\u0161um\u0101 eso\u0161s un vad\u012bts priv\u0101ts uz\u0146\u0113mums.<\/p>\n<p>Aires \u013coti nopietni izturas pret savu atbild\u012bbu par vides aizsardz\u012bbu un \"za\u013co\" jaut\u0101jumu risina no vis\u0101m pus\u0113m. Piln\u012bb\u0101 automatiz\u0113t\u0101s sist\u0113mas iev\u0113rojami samazina vajadz\u012bbu p\u0113c pap\u012bru k\u0101rto\u0161anas, un visi uz\u0146\u0113muma biroji un atra\u0161an\u0101s vietas ir energoefekt\u012bvas un videi draudz\u012bgas.<\/p>\n<p>Aires ir \u0161\u0101das akredit\u0101cijas un asoci\u0101cijas:<\/p>\n<ul>\n<li> <a href=\"https:\/\/moverdb.com\/lv\/darbinieku-parcelsanas-padome\/\">ERC vis\u0101 pasaul\u0113<\/a><\/li>\n<li> CERC (Kan\u0101das Darbinieku p\u0101rvieto\u0161anas padome)<\/li>\n<li> SHRM (Cilv\u0113kresursu vad\u012bbas biedr\u012bba)<\/li>\n<li> <a href=\"https:\/\/moverdb.com\/lv\/esmu\/\">IAM<\/a> (<a href=\"https:\/\/moverdb.com\/lv\/iam\/\" data-internallinksmanager029f6b8e52c=\"23\" title=\"Starptautisk\u0101s P\u0101rv\u0101c\u0113ju asoci\u0101cijas (IAM) skaidrojumi\">Starptautisk\u0101 P\u0101rv\u0101c\u0113ju asoci\u0101cija<\/a>)<\/li>\n<li> OSA (Aizj\u016bras nos\u016bt\u012bt\u0101ju asoci\u0101cija)<\/li>\n<li> <a href=\"https:\/\/moverdb.com\/lv\/fidi-faim\/\">FIDI<\/a> (Starptautisk\u0101 m\u0113be\u013cu p\u0101rv\u0101c\u0113ju feder\u0101cija)<\/li>\n<li> <a href=\"https:\/\/moverdb.com\/lv\/eiro\/\">EuRA<\/a> (<a href=\"https:\/\/moverdb.com\/lv\/eura\/\" data-internallinksmanager029f6b8e52c=\"13\" title=\"Eiropas P\u0101rcel\u0161an\u0101s asoci\u0101cijas (EuRA) skaidrojumi\">EuRA<\/a> P\u0101rcel\u0161an\u0101s)<\/li>\n<li> PAIMA (Panamerikas Starptautisko P\u0101rvad\u0101t\u0101ju asoci\u0101cija)<\/li>\n<li> <a href=\"https:\/\/moverdb.com\/lv\/lacma\/\">LACMA<\/a> (Lat\u012b\u0146amerikas un Kar\u012bbu j\u016bras re\u0123iona valstu P\u0101rv\u0101c\u0113ju asoci\u0101cija)<\/li>\n<li> OMNI (Overseas Moving Network International)<\/li>\n<\/ul>\n<h2>Aires Atsauksmes<\/h2>\n<p><em>Rakst\u012b\u0161anas laik\u0101 m\u0113s nevar\u0113j\u0101m atrast nek\u0101das atsauksmes par Aires tie\u0161saist\u0113.<\/em><\/p>\n<div itemprop=\"review\" itemscope itemtype=\"http:\/\/schema.org\/Review\">\n<span itemprop=\"author\" itemscope=\"\" itemtype=\"http:\/\/schema.org\/Organization\"><span itemprop=\"name\">MoverDB.com<\/span><\/span> Tie\u0161saistes vietnes p\u0101rskats par <span itemprop=\"itemreviewed\" itemscope=\"\" itemtype=\"http:\/\/schema.org\/Brand\"><span itemprop=\"name\">Aires<\/span><\/span>:<\/p>\n<ol>\n<li> Skaidra kontaktinform\u0101cija t\u012bmek\u013ca vietn\u0113 (tostarp t\u0101lru\u0146a numurs): <strong>J\u0101<\/strong><\/li>\n<li> Viegli ieg\u016bt <a href=\"https:\/\/moverdb.com\/lv\/citati\/\">starptautiskie p\u0101rvietojas cit\u0101ti<\/a>? (Tie\u0161saistes t\u0101mes piepras\u012bjuma veidlapa): <strong>J\u0101<\/strong><\/li>\n<li> Skaidra inform\u0101cija t\u012bmek\u013ca vietn\u0113: <strong>J\u0101,<\/strong> ir daudz \u013coti detaliz\u0113tas inform\u0101cijas par uz\u0146\u0113muma pied\u0101v\u0101tajiem pakalpojumiem.<\/li>\n<li> Dal\u012bba starptautiski atz\u012bt\u0101s kust\u012bbu organiz\u0101cij\u0101s: <strong>J\u0101<\/strong>, (sk. iepriek\u0161)<\/li>\n<li> Klientu saraksts un\/vai iepriek\u0161\u0113jo klientu atsauksmes. <strong>N\u0113,<\/strong> lai gan tiem ir sada\u013ca ar apbalvojumiem.<\/li>\n<\/ol>\n<div itemprop=\"reviewRating\" itemscope itemtype=\"http:\/\/schema.org\/Rating\"><meta itemprop=\"worstRating\" content = \"0\" \/><meta itemprop=\"bestRating\" content=\"5\" \/><meta itemprop=\"ratingValue\" content=\"4\"><\/div>\n<p><strong>Kop\u0113jais v\u0113rt\u0113jums: 4\/5<\/strong><br \/>\n<strong>P\u0101rskata datums:<\/strong> <span itemprop=\"datePublished\" content=\"2017-01-25\">25\/01\/2017<\/span>\n<\/div>\n<p>Las\u012bt vair\u0101k par <a href=\"https:\/\/moverdb.com\/lv\/parvietojas-uznemumi\/\">starptautiskie p\u0101rvieto\u0161an\u0101s uz\u0146\u0113mumi<\/a> un m\u016bsu <a href=\"https:\/\/moverdb.com\/lv\/atsauksmes\/\">p\u0101rskat\u012b\u0161anas process<\/a>.<\/p>\n<p><strong>T\u012bmek\u013ca vietnes:<\/strong> <a href=\"https:\/\/www.aires.com\/\" target=\"_blank\" rel=\"noopener\">https:\/\/www.aires.com\/<\/a><\/p>","protected":false},"excerpt":{"rendered":"<p>Aires offers its clients, both individual and corporate, a variety of moving services. These are listed below together with a company profile and reviews. International Moves Complete packing and wrapping of all household goods and personal effects Door to door Direct loading of household goods into appropriate container or van Preparation of all documentation Normal, [&hellip;]<\/p>\n","protected":false},"author":1,"featured_media":0,"parent":0,"menu_order":0,"comment_status":"closed","ping_status":"closed","template":"","meta":{"_genesis_hide_title":false,"_genesis_hide_breadcrumbs":false,"_genesis_hide_singular_image":false,"_genesis_hide_footer_widgets":false,"_genesis_custom_body_class":"","_genesis_custom_post_class":"","_genesis_layout":"","footnotes":""},"class_list":{"0":"post-1678","1":"page","2":"type-page","3":"status-publish","5":"entry"},"_links":{"self":[{"href":"https:\/\/moverdb.com\/lv\/wp-json\/wp\/v2\/pages\/1678","targetHints":{"allow":["GET"]}}],"collection":[{"href":"https:\/\/moverdb.com\/lv\/wp-json\/wp\/v2\/pages"}],"about":[{"href":"https:\/\/moverdb.com\/lv\/wp-json\/wp\/v2\/types\/page"}],"author":[{"embeddable":true,"href":"https:\/\/moverdb.com\/lv\/wp-json\/wp\/v2\/users\/1"}],"replies":[{"embeddable":true,"href":"https:\/\/moverdb.com\/lv\/wp-json\/wp\/v2\/comments?post=1678"}],"version-history":[{"count":3,"href":"https:\/\/moverdb.com\/lv\/wp-json\/wp\/v2\/pages\/1678\/revisions"}],"predecessor-version":[{"id":6168,"href":"https:\/\/moverdb.com\/lv\/wp-json\/wp\/v2\/pages\/1678\/revisions\/6168"}],"wp:attachment":[{"href":"https:\/\/moverdb.com\/lv\/wp-json\/wp\/v2\/media?parent=1678"}],"curies":[{"name":"wp","href":"https:\/\/api.w.org\/{rel}","templated":true}]}}