{"id":1662,"date":"2017-02-23T10:26:07","date_gmt":"2017-02-23T10:26:07","guid":{"rendered":"http:\/\/moverdb.com\/?page_id=1662"},"modified":"2026-01-08T14:47:48","modified_gmt":"2026-01-08T14:47:48","slug":"bolliger","status":"publish","type":"page","link":"https:\/\/moverdb.com\/lv\/bolliger\/","title":{"rendered":"Bolliger - Starptautiskie p\u0101rv\u0101k\u0161an\u0101s un p\u0101rcel\u0161an\u0101s atsauksmes"},"content":{"rendered":"<p>Bolliger saviem klientiem pied\u0101v\u0101 pla\u0161u p\u0101rcel\u0161an\u0101s pakalpojumu kl\u0101stu. Tie ir uzskait\u012bti turpm\u0101k kop\u0101 ar uz\u0146\u0113muma profilu un atsauksm\u0113m.<\/p>\n<p><strong>Starptautisk\u0101 p\u0101rcel\u0161an\u0101s<\/strong><\/p>\n<ul>\n<li> P\u0101rvieto\u0161an\u0101s resursu t\u012bkls vis\u0101 pasaul\u0113<\/li>\n<li> No durv\u012bm l\u012bdz durv\u012bm<\/li>\n<li> P\u0101rcel\u0161an\u0101s vad\u012bt\u0101js ar vismaz 5 gadu pieredzi<\/li>\n<li> S\u016bt\u012bjuma izseko\u0161ana 24\/7<\/li>\n<li> M\u0101jas apseko\u0161ana, lai noskaidrotu iepako\u0161anas pras\u012bbas utt.<\/li>\n<li> Apdro\u0161in\u0101\u0161ana organiz\u0113ta<\/li>\n<li> Person\u012bgais koordinators pal\u012bdz\u0113s sagatavot nepiecie\u0161amo dokument\u0101ciju<\/li>\n<li> Iepako\u0161ana un iekrau\u0161ana<\/li>\n<li> Muito\u0161ana<\/li>\n<li> Pieg\u0101de un izpako\u0161ana<\/li>\n<li> Visi priek\u0161meti tiks r\u016bp\u012bgi izkrauti, sal\u012bdzin\u0101ti ar j\u016bsu invent\u0101ra sarakstu un novietoti pareizaj\u0101s telp\u0101s.<\/li>\n<li> Trausli priek\u0161meti, piem\u0113ram, stikls un <a href=\"https:\/\/moverdb.com\/lv\/moving-to-china\/\" data-internallinksmanager029f6b8e52c=\"357\" title=\"P\u0101rcel\u0161an\u0101s uz \u0136\u012bnu? 2023 Dz\u012bves izmaksas un p\u0101rcel\u0161an\u0101s padomi\">\u0136\u012bna<\/a>, tiks izkrauti uz l\u012bdzenas virsmas<\/li>\n<li> Visi iepakojuma materi\u0101li un gru\u017ei tiks \u0101tri izvesti no j\u016bsu m\u0101jok\u013ca.<\/li>\n<\/ul>\n<p><strong>Uz\u0146\u0113mumu p\u0101rvieto\u0161anas pakalpojumi<\/strong><\/p>\n<ul>\n<li> Iek\u0101rto\u0161an\u0101s pakalpojumi<\/li>\n<li> Skolu un m\u0101jok\u013cu mekl\u0113\u0161ana<\/li>\n<li> Kult\u016bras inform\u0101cija<\/li>\n<li> Pal\u012bdz\u012bba partnerim\/laul\u0101tajam<\/li>\n<li> \u012astermi\u0146a izmitin\u0101\u0161ana<\/li>\n<li> M\u0113be\u013cu noma<\/li>\n<\/ul>\n<p><strong>P\u0101rcel\u0161an\u0101s pakalpojumi<\/strong><\/p>\n<ul>\n<li> Iepako\u0161anas materi\u0101lu nodro\u0161in\u0101\u0161ana<\/li>\n<li> Piln\u012bgi iepako\u0161anas pakalpojumi<\/li>\n<li> Specializ\u0113t\u0101 iepako\u0161ana<\/li>\n<li> Piel\u0101gotas kastes<\/li>\n<li> Darbs ar klavier\u0113m un seifiem<\/li>\n<li> Motoriz\u0113t\u0101s k\u0101pnes<\/li>\n<li> Autotransporta, gaisa un j\u016bras p\u0101rvad\u0101jumi<\/li>\n<li> Muitas oper\u0101cijas<\/li>\n<li> a\u0123enti vis\u0101 pasaul\u0113.<\/li>\n<\/ul>\n<p><strong>Biroju p\u0101rvieto\u0161ana<\/strong><\/p>\n<ul>\n<li> P\u0101rvieto\u0161an\u0101s projekt\u0113\u0161ana un pl\u0101no\u0161ana<\/li>\n<li> Specializ\u0113ts person\u0101ls un apr\u012bkojums<\/li>\n<li> Motoriz\u0113t\u0101s k\u0101pnes un celt\u0146i<\/li>\n<li> Biroju izveide<\/li>\n<li> Atkritumu p\u0101rstr\u0101de un apglab\u0101\u0161ana<\/li>\n<li> Dienas un nakts oper\u0101cijas<\/li>\n<\/ul>\n<p><strong>T\u0113lot\u0101jm\u0101ksla<\/strong><\/p>\n<ul>\n<li> P\u0113c individu\u0101la pas\u016bt\u012bjuma izgatavotu kastu un kastu projekt\u0113\u0161ana un izgatavo\u0161ana<\/li>\n<li> T\u0113lot\u0101jm\u0101kslas formalit\u0101tes modern\u0101s un ant\u012bk\u0101s m\u0101kslas darbu importam\/eksportam<\/li>\n<li> Pieg\u0101de pa autoce\u013ciem \/ j\u016bru \/ gaisu<\/li>\n<li> Specializ\u0113tie a\u0123enti vis\u0101 pasaul\u0113<\/li>\n<li> Izst\u0101\u017eu telpu iek\u0101rto\u0161ana<\/li>\n<\/ul>\n<p><strong>Uzglab\u0101\u0161ana<\/strong><\/p>\n<ul>\n<li> \u012astermi\u0146a un ilgtermi\u0146a uzglab\u0101\u0161ana<\/li>\n<li> Met\u0101la konteineri, kastes vai palikt\u0146i<\/li>\n<li> 24\/7 apsardze<\/li>\n<li> D\u016bmu detektori<\/li>\n<li> Kontrol\u0113ta temperat\u016bra un mitrums<\/li>\n<li> Dokumentu arh\u012bvi<\/li>\n<\/ul>\n<h2>Bolliger Uz\u0146\u0113muma profils<\/h2>\n<p>Art\u016brs Bolligers pirmo Bolligera biroju Rom\u0101 atv\u0113ra 1909. gad\u0101. Tagad uz\u0146\u0113mumu vada Bolligeru ceturt\u0101 paaudze, un tam ir biroji Mil\u0101n\u0101, Lug\u0101no un Florenc\u0113, k\u0101 ar\u012b It\u0101lij\u0101. <a href=\"https:\/\/moverdb.com\/lv\/moving-to-switzerland\/\" data-internallinksmanager029f6b8e52c=\"327\" title=\"P\u0101rcel\u0161an\u0101s uz \u0160veici? 2023 Dz\u012bves izmaksas un p\u0101rcel\u0161an\u0101s padomi\">\u0160veice<\/a>, un <a href=\"https:\/\/moverdb.com\/lv\/moving-to-the-uk\/\" data-internallinksmanager029f6b8e52c=\"93\" title=\"P\u0101rce\u013caties uz Apvienoto Karalisti? 2022 Dz\u012bves izmaksas un p\u0101rcel\u0161an\u0101s padomi\">APVIENOT\u0100 KARALISTE<\/a>, un <a href=\"https:\/\/moverdb.com\/lv\/moving-to-the-united-states\/\" data-internallinksmanager029f6b8e52c=\"94\" title=\"P\u0101rce\u013caties uz Amerikas Savienotaj\u0101m Valst\u012bm? 2022 Dz\u012bves izmaksas un p\u0101rcel\u0161an\u0101s padomi\">ASV<\/a> un <a href=\"https:\/\/moverdb.com\/lv\/moving-to-spain\/\" data-internallinksmanager029f6b8e52c=\"266\" title=\"P\u0101rcel\u0161an\u0101s uz Sp\u0101niju? 2023 Dz\u012bves izmaksas un p\u0101rcel\u0161an\u0101s padomi\">Sp\u0101nija<\/a>.<\/p>\n<p>Uz\u0146\u0113muma pirm\u0101s kravas automa\u0161\u012bnas tika ieg\u0101d\u0101tas 1919. gad\u0101, un t\u0101s tika izmantotas Pirmaj\u0101 pasaules kar\u0101.Pa\u0161laik uz\u0146\u0113muma autopark\u0101 ir vair\u0101k nek\u0101 200 p\u0101rv\u0101k\u0161an\u0101s transportl\u012bdzek\u013cu, un tas pieg\u0101d\u0101 preces priv\u0101tperson\u0101m un uz\u0146\u0113mumiem vis\u0101 pasaul\u0113. Bolliger bija viens no uz\u0146\u0113muma dibin\u0101t\u0101jiem. <a href=\"https:\/\/moverdb.com\/lv\/fidi-faim\/\" data-internallinksmanager029f6b8e52c=\"16\" title=\"FIDI un FAIM (FIDI akredit\u0113tais starptautiskais p\u0101rvietot\u0101js) skaidrojums\">FIDI<\/a>. \u0160odien FIDI ir liel\u0101k\u0101 \u0161\u0101da veida asoci\u0101cija pasaul\u0113, kur\u0101 darbojas 600 p\u0101rst\u0101vji 100 valst\u012bs. <\/p>\n<p>1982. gad\u0101 Bolligers k\u013cuva par vien\u012bgo Allied International p\u0101rst\u0101vi It\u0101lij\u0101.<\/p>\n<p>1985. gad\u0101 Bolligers k\u013cuva par vienu no Overseas Moving Network International (OMNI) dibin\u0101t\u0101jiem. 2002. gad\u0101 uz\u0146\u0113muma kompetence tika nov\u0113rt\u0113ta ar ISO 9001 sertifik\u0101tu - pirmo ISO 9001 sertifik\u0101tu, kas bija pirmais <a href=\"https:\/\/moverdb.com\/lv\/moving-companies\/\" data-internallinksmanager029f6b8e52c=\"79\" title=\"Top 25 Starptautiskie p\u0101rcel\u0161an\u0101s uz\u0146\u0113mumi tie\u0161saist\u0113\">P\u0101rvieto\u0161an\u0101s uz\u0146\u0113mums<\/a> vietn\u0113 <a href=\"https:\/\/moverdb.com\/lv\/moving-to-italy\/\" data-internallinksmanager029f6b8e52c=\"346\" title=\"P\u0101rcel\u0161an\u0101s uz It\u0101liju? 2023 Dz\u012bves izmaksas un p\u0101rcel\u0161an\u0101s padomi\">It\u0101lija<\/a> lai to sasniegtu.<\/p>\n<p>Bollinger konsekventi cen\u0161as samazin\u0101t uz\u0146\u0113muma ietekmi uz vidi, piev\u0113r\u0161ot \u012bpa\u0161u uzman\u012bbu izmantotajiem iepakojuma materi\u0101liem, izmantotajiem transportl\u012bdzek\u013ciem un cen\u0161oties p\u0113c iesp\u0113jas vair\u0101k p\u0101rstr\u0101d\u0101t. Uz\u0146\u0113mums ar\u012b \u012bsteno labdar\u012bbas programmas mazatt\u012bst\u012bt\u0101s Dienvidamerikas un \u0100frikas valst\u012bs.<\/p>\n<p>Bolligeram ir \u0161\u0101das akredit\u0101cijas un pieder\u012bbas:<\/p>\n<ul>\n<li> <a href=\"https:\/\/moverdb.com\/lv\/allied-van-lines\/\">Allied International<\/a><\/li>\n<li> ISO 9001<\/li>\n<li> <a href=\"https:\/\/moverdb.com\/lv\/fidi-faim\/\">Starptautisko P\u0101rv\u0101c\u0113ju feder\u0101cija<\/a> (FIDI)<\/li>\n<li> Overseas Moving Network International (OMNI)<\/li>\n<li> <a href=\"https:\/\/moverdb.com\/lv\/fidi-faim\/\">FIDI akredit\u0113ts starptautiskais mobilo p\u0101rvad\u0101jumu uz\u0146\u0113mums<\/a> (FAIM)<\/li>\n<li> <a href=\"https:\/\/moverdb.com\/lv\/esmu\/\">Starptautisk\u0101 P\u0101rv\u0101c\u0113ju asoci\u0101cija<\/a> (<a href=\"https:\/\/moverdb.com\/lv\/iam\/\" data-internallinksmanager029f6b8e52c=\"23\" title=\"Starptautisk\u0101s P\u0101rv\u0101c\u0113ju asoci\u0101cijas (IAM) skaidrojumi\">IAM<\/a>)<\/li>\n<li> <a href=\"https:\/\/moverdb.com\/lv\/iata\/\">Starptautisk\u0101 Gaisa transporta asoci\u0101cija<\/a> (<a href=\"https:\/\/moverdb.com\/lv\/iata\/\" data-internallinksmanager029f6b8e52c=\"22\" title=\"Starptautisk\u0101s Gaisa transporta asoci\u0101cijas (IATA) skaidrojumi\">IATA<\/a>)<\/li>\n<li> <a href=\"https:\/\/moverdb.com\/lv\/fedemac\/\">Eiropas P\u0101rv\u0101c\u0113ju feder\u0101cija<\/a> (<a href=\"https:\/\/moverdb.com\/lv\/fedemac\/\" data-internallinksmanager029f6b8e52c=\"15\" title=\"Eiropas P\u0101rv\u0101c\u0113ju asoci\u0101cijas feder\u0101cijas (FEDEMAC) skaidrojums\">FEDEMAC<\/a>)<\/li>\n<\/ul>\n<h2>Bolliger Atsauksmes<\/h2>\n<p><strong>Pozit\u012bvi:<\/strong><\/p>\n<ul>\n<li> \"M\u016bsu koordinators bija \u013coti profesion\u0101ls un izpal\u012bdz\u012bgs. Vi\u0146a atbild\u0113ja uz visiem m\u016bsu jaut\u0101jumiem un padar\u012bja m\u016bsu p\u0101rcel\u0161anos no Romas uz <a href=\"https:\/\/moverdb.com\/lv\/moving-to-london\/\">Londona<\/a> justies viegli un dro\u0161i. Vi\u0146a par\u016bp\u0113j\u0101s par piln\u012bgi visu. M\u0113s noteikti izmantosim Bolliger pakalpojumus ar\u012b n\u0101kamaj\u0101 p\u0101rcel\u0161an\u0101s reiz\u0113 un varam ieteikt vi\u0146us ikvienam.\" - Bolliger klients <a href=\"http:\/\/www.bolliger.co.uk\/testimonials.html\" target=\"_blank\" rel=\"noopener\">Atsauksmes<\/a><\/li>\n<li> <em>\"Kopum\u0101 esmu \u013coti apmierin\u0101ts ar \u0161o p\u0101rcel\u0161an\u0101s pieredzi. T\u0101s bija bungas un \u0161\u0137\u012bvji, t\u0101tad diezgan delik\u0101tas lietas. Viss ierad\u0101s dro\u0161\u012bb\u0101 un laik\u0101. Kontakti un sazi\u0146a bija nevainojama un savlaic\u012bga.\"<\/em> - Andrea via <a href=\"http:\/\/www.removalreviews.co.uk\/movers\/bolliger-352#2761  Read more: http:\/\/www.removalreviews.co.uk\/movers\/bolliger-352\" target=\"_blank\" rel=\"noopener\">P\u0101rcel\u0161an\u0101s atsauksmes<\/a><\/li>\n<li> <em>\"Es ne p\u0101r\u0101k bie\u017ei rakstu \u0161\u0101da veida ieteikumus vai atsauksmes, ta\u010du man vajadz\u0113ja velt\u012bt da\u017eas min\u016btes, lai pateiktos uz\u0146\u0113mumam Bolliger par lielisko darbu, nesen p\u0101rce\u013cot mani no Londonas uz Berl\u012bni.\"<\/em> - davelucas via <a href=\"https:\/\/www.yell.com\/biz\/bolliger-uk-ltd-west-drayton-7150125\/\" target=\"_blank\" rel=\"noopener\">Kliedziet<\/a><\/li>\n<\/ul>\n<p><strong>Negat\u012bvs:<\/strong><\/p>\n<ul>\n<li> <em>\"Ne\u013caujiet sevi maldin\u0101t ar Bolliger Sales Pitch un apgalvojumiem par izcil\u012bbu...\"<\/em> - D Bruce kungs, izmantojot <a href=\"http:\/\/www.removalreviews.co.uk\/movers\/bolliger-352#10617  Read more: http:\/\/www.removalreviews.co.uk\/movers\/bolliger-352\" target=\"_blank\" rel=\"noopener\">P\u0101rcel\u0161an\u0101s atsauksmes<\/a><\/li>\n<li> <em>\"Bolliger UK bija absol\u016bti briesm\u012bgi...... Nepieredz\u0113ju\u0161as a\u0123ent\u016bras komanda ierad\u0101s v\u0113lu bez p\u0101rcel\u0161an\u0101s apr\u012bkojuma, lai gan m\u016bsu rezerv\u0113taj\u0101 p\u0101rvieto\u0161an\u0101 bija iek\u013cauts m\u016bsu fl\u012b\u0123elis.\"<\/em> - Don.Br via <a href=\"http:\/\/www.reviewcentre.com\/Removal-Companies\/Bolliger-www-bolliger-co-uk-reviews_2387554\" target=\"_blank\" rel=\"noopener\">P\u0101rskata centrs<\/a><\/li>\n<\/ul>\n<div itemprop=\"review\" itemscope itemtype=\"http:\/\/schema.org\/Review\">\n<span itemprop=\"author\" itemscope=\"\" itemtype=\"http:\/\/schema.org\/Organization\"><span itemprop=\"name\">MoverDB.com<\/span><\/span> Tie\u0161saistes vietnes p\u0101rskats par <span itemprop=\"itemreviewed\" itemscope=\"\" itemtype=\"http:\/\/schema.org\/Brand\"><span itemprop=\"name\">Bolliger<\/span><\/span>:<\/p>\n<ol>\n<li> Skaidra kontaktinform\u0101cija t\u012bmek\u013ca vietn\u0113 (tostarp t\u0101lru\u0146a numurs): <strong>J\u0101<\/strong><\/li>\n<li> Viegli ieg\u016bt <a href=\"https:\/\/moverdb.com\/lv\/citati\/\">starptautiskie p\u0101rvietojas cit\u0101ti<\/a>? (Tie\u0161saistes t\u0101mes piepras\u012bjuma veidlapa): <strong>J\u0101<\/strong><\/li>\n<li> Skaidra inform\u0101cija t\u012bmek\u013ca vietn\u0113: <strong>J\u0101,<\/strong> bet ne vienm\u0113r \u013coti detaliz\u0113ti.<\/li>\n<li> Dal\u012bba starptautiski atz\u012bt\u0101s kust\u012bbu organiz\u0101cij\u0101s: <strong>J\u0101<\/strong>, (sk. iepriek\u0161)<\/li>\n<li> Klientu saraksts un\/vai iepriek\u0161\u0113jo klientu atsauksmes: <strong>J\u0101,<\/strong> daudz pozit\u012bvu klientu atsauksmju un kopum\u0101 labas atsauksmes no p\u0101r\u0113j\u0101s t\u012bmek\u013ca vietnes.<\/li>\n<\/ol>\n<div itemprop=\"reviewRating\" itemscope itemtype=\"http:\/\/schema.org\/Rating\"><meta itemprop=\"worstRating\" content = \"0\" \/><meta itemprop=\"bestRating\" content=\"5\" \/><meta itemprop=\"ratingValue\" content=\"4.5\"><\/div>\n<p><strong>Kop\u0113jais v\u0113rt\u0113jums: 4,5\/5<\/strong><br \/>\n<strong>P\u0101rskata datums:<\/strong> <span itemprop=\"datePublished\" content=\"2017-02-23\">23\/02\/2017<\/span>\n<\/div>\n<p>Las\u012bt vair\u0101k par <a href=\"https:\/\/moverdb.com\/lv\/parvietojas-uznemumi\/\">starptautiskie p\u0101rvieto\u0161an\u0101s uz\u0146\u0113mumi<\/a> un m\u016bsu <a href=\"https:\/\/moverdb.com\/lv\/atsauksmes\/\">p\u0101rskat\u012b\u0161anas process<\/a>.<\/p>\n<p><strong>T\u012bmek\u013ca vietnes:<\/strong> IT: <a href=\"http:\/\/www.bolliger.it\/\" target=\"_blank\" rel=\"noopener\">http:\/\/www.bolliger.it\/<\/a> APVIENOT\u0100 KARALISTE: <a href=\"http:\/\/www.bolliger.co.uk\/\" target=\"_blank\" rel=\"noopener\">http:\/\/www.bolliger.co.uk\/<\/a><\/p>","protected":false},"excerpt":{"rendered":"<p>Bolliger offers its customers a wide variety of moving services. These are listed below together with a company profile and reviews. International Moving Worldwide network of moving resources Door to door Move Manager with at least 5 years&#8217; experience Track your shipment 24\/7 House survey to ascertain packing requirements etc Insurance arranged Personal coordinator will [&hellip;]<\/p>\n","protected":false},"author":1,"featured_media":0,"parent":0,"menu_order":0,"comment_status":"closed","ping_status":"closed","template":"","meta":{"_genesis_hide_title":false,"_genesis_hide_breadcrumbs":false,"_genesis_hide_singular_image":false,"_genesis_hide_footer_widgets":false,"_genesis_custom_body_class":"","_genesis_custom_post_class":"","_genesis_layout":"","footnotes":""},"class_list":{"0":"post-1662","1":"page","2":"type-page","3":"status-publish","5":"entry"},"_links":{"self":[{"href":"https:\/\/moverdb.com\/lv\/wp-json\/wp\/v2\/pages\/1662","targetHints":{"allow":["GET"]}}],"collection":[{"href":"https:\/\/moverdb.com\/lv\/wp-json\/wp\/v2\/pages"}],"about":[{"href":"https:\/\/moverdb.com\/lv\/wp-json\/wp\/v2\/types\/page"}],"author":[{"embeddable":true,"href":"https:\/\/moverdb.com\/lv\/wp-json\/wp\/v2\/users\/1"}],"replies":[{"embeddable":true,"href":"https:\/\/moverdb.com\/lv\/wp-json\/wp\/v2\/comments?post=1662"}],"version-history":[{"count":5,"href":"https:\/\/moverdb.com\/lv\/wp-json\/wp\/v2\/pages\/1662\/revisions"}],"predecessor-version":[{"id":6184,"href":"https:\/\/moverdb.com\/lv\/wp-json\/wp\/v2\/pages\/1662\/revisions\/6184"}],"wp:attachment":[{"href":"https:\/\/moverdb.com\/lv\/wp-json\/wp\/v2\/media?parent=1662"}],"curies":[{"name":"wp","href":"https:\/\/api.w.org\/{rel}","templated":true}]}}