{"id":1648,"date":"2017-04-21T14:26:25","date_gmt":"2017-04-21T14:26:25","guid":{"rendered":"http:\/\/moverdb.com\/?page_id=1648"},"modified":"2026-01-08T14:47:58","modified_gmt":"2026-01-08T14:47:58","slug":"cma-cgm","status":"publish","type":"page","link":"https:\/\/moverdb.com\/lv\/cma-cgm\/","title":{"rendered":"CMA CGM Group - Starptautisk\u0101s ku\u0123niec\u012bbas pakalpojumi un atsauksmes"},"content":{"rendered":"<p>CMA CGM Group saviem klientiem pied\u0101v\u0101 pla\u0161u ku\u0123niec\u012bbas un lo\u0123istikas risin\u0101jumu kl\u0101stu. Tie ir uzskait\u012bti turpm\u0101k kop\u0101 ar uz\u0146\u0113muma profilu un atsauksm\u0113m.<\/p>\n<h3>Starptautisk\u0101 pieg\u0101de<\/h3>\n<p><strong>Sausie konteineri<\/strong><\/p>\n<ul>\n<li> Visp\u0101r\u0113jas lieto\u0161anas konteineri (20'\/40'\/40\u2032 HC\/45\u2032 HC);<\/li>\n<li> Paletes platie konteineri (40\u2032 HC PW\/45\u2032 HC PW);<\/li>\n<li> Specializ\u0113tie konteineri (plakanie, va\u013c\u0113jie, va\u013c\u0113jie, platformas, cisternas u. c.)<\/li>\n<li> Individualiz\u0113ts pakalpojums<\/li>\n<\/ul>\n<p><strong>Refri\u017eeratoru konteineri<\/strong><\/p>\n<ul>\n<li> 20\u2032 RE\/40\u2032 RH refri\u017eeratoru konteineri,<\/li>\n<li> Tirg\u016b liel\u0101kais 45\u2032 RH Pallet plato konteineru parks, kas paredz\u0113ts Eiropas iek\u0161\u0113jai tirdzniec\u012bbai.<\/li>\n<li> Specializ\u0113ts departaments<\/li>\n<\/ul>\n<p><strong>XXL Cargo<\/strong><\/p>\n<ul>\n<li> Kravas ar nestandarta izm\u0113riem un svaru.<\/li>\n<li> Luksusa automobi\u013ci<\/li>\n<li> Helikopteri<\/li>\n<li> Liela tehnika<\/li>\n<li> Dzelzce\u013ca vagoni<\/li>\n<li> Lielgabar\u012bta turb\u012bnas un \u0123eneratori<\/li>\n<li> Ekspert\u012bze beramkravu p\u0101rvad\u0101\u0161an\u0101<\/li>\n<\/ul>\n<p><strong>Iek\u0161zemes - intermod\u0101lie pakalpojumi - visos kontinentos<\/strong><\/p>\n<ul>\n<li> Visaptvero\u0161s pakalpojums no durv\u012bm l\u012bdz durv\u012bm<\/li>\n<li> Piel\u0101goti risin\u0101jumi iek\u0161zemes p\u0101rvad\u0101jumiem (pa dzelzce\u013cu, autoce\u013ciem un up\u0113m)<\/li>\n<li> Optimiz\u0113t pieg\u0101des \u0137\u0113di, izmantojot izmaksu ietaup\u012b\u0161anas iesp\u0113jas \"no durv\u012bm l\u012bdz durv\u012bm\".<\/li>\n<li> Pievilc\u012bga \u012bpa\u0161\u0101 aiztur\u0113\u0161anas un demur\u0101\u017eas maksa<\/li>\n<li> Prec\u012bza uzraudz\u012bba savlaic\u012bgu pieg\u0101\u017eu nodro\u0161in\u0101\u0161anai<\/li>\n<li> Viegla rezerv\u0113\u0161ana un turpm\u0101ki pas\u0101kumi, izmantojot<a>e-biznesa platforma<\/a><\/li>\n<\/ul>\n<p><strong>AQUAVIVA - Dz\u012bvu om\u0101ru pieg\u0101de<\/strong><\/p>\n<ul>\n<li> Pakalpojums \"no durv\u012bm l\u012bdz durv\u012bm<\/li>\n<li> Jauna alternat\u012bva gan sasald\u0113\u0161anai, gan d\u0101rgiem aviop\u0101rvad\u0101jumiem<\/li>\n<li> saglab\u0101 dabisko om\u0101ru dz\u012bvotni<\/li>\n<li> Garant\u0113 pirm\u0101s dienas svaigumu un kvalit\u0101ti pat ilgsto\u0161as uzglab\u0101\u0161anas laik\u0101.<\/li>\n<li> saudz\u012bgi pret vidi<\/li>\n<\/ul>\n<p><strong>RORO (Roll on Roll off)<\/strong><\/p>\n<ul>\n<li> <strong><a href=\"https:\/\/moverdb.com\/lv\/moving-companies\/algeria\/\" data-internallinksmanager029f6b8e52c=\"166\" title=\"3 lab\u0101kie starptautisk\u0101s p\u0101rcel\u0161an\u0101s uz\u0146\u0113mumi Al\u017e\u012brij\u0101\">Al\u017e\u012brija<\/a><\/strong>: lidojumi uz Mostaganem un Or\u0101nu un lidojumi uz Bed\u017eu.<\/li>\n<li> <strong><a href=\"https:\/\/moverdb.com\/lv\/moving-companies\/moving-companies-morocco\/\" data-internallinksmanager029f6b8e52c=\"287\" title=\"4 Lab\u0101kie starptautisk\u0101s p\u0101rcel\u0161an\u0101s uz\u0146\u0113mumi Marok\u0101\">Maroka<\/a><\/strong>: pakalpojums uz Kasablankas lidostu<\/li>\n<li> <strong>Tunisija<\/strong>: pakalpojums uz Rades un La Goulette<\/li>\n<\/ul>\n<p><strong>Kravu kru\u012bzi<\/strong><\/p>\n<ul>\n<li> Dalieties ikdienas dz\u012bv\u0113 ar apkalpi<\/li>\n<li> 170 j\u016bras l\u012bnijas, 450 <a href=\"https:\/\/moverdb.com\/lv\/top-49-container-ports\/\" data-internallinksmanager029f6b8e52c=\"80\" title=\"49 liel\u0101kie un noslogot\u0101kie konteineru ostas 2025. gad\u0101\">ostas<\/a> un 150 valstis<\/li>\n<li> Rezerv\u0113jiet uz da\u017e\u0101m dien\u0101m vai da\u017eiem m\u0113ne\u0161iem<\/li>\n<li> Uz vienu dienu vai ned\u0113\u013cu izk\u0101piet krast\u0101 un no\u0137eriet n\u0101kamo ku\u0123i.<\/li>\n<\/ul>\n<h2>CMA CGM Group uz\u0146\u0113muma profils<\/h2>\n<p>CMA CGM grupu 1978. gad\u0101 Marse\u013c\u0101 izveidoja \u017daks R. Saad\u0113, kur\u0161 nodibin\u0101ja Compagnie Maritime d'Affr\u00e8tement (CMA). CMA bija viens ku\u0123is un \u010detri darbinieki, kas str\u0101d\u0101ja vien\u0101 ku\u0123o\u0161anas l\u012bnij\u0101 starp Beir\u016btu, Lattakiju, Marse\u013cu un Livorno. <\/p>\n<p>L\u012bdz 1980. gadam CMA ir divi ku\u0123i, 65 darbinieki un atv\u0113rti biroji Eirop\u0101. 1983. gad\u0101 CMA s\u0101ka sniegt multimod\u0101lo p\u0101rvad\u0101jumu pakalpojumus, kas \u013c\u0101va nos\u016bt\u012bt preces no durv\u012bm l\u012bdz durv\u012bm.<\/p>\n<p>1999. gad\u0101 CGM un CMA apvienoj\u0101s, k\u013c\u016bstot par 12. uz\u0146\u0113mumu pasaul\u0113. L\u012bdz 2003. gadam komp\u0101nija bija pak\u0101pusies l\u012bdz 5. vietai.<sup>th<\/sup> poz\u012bcija. 2006. gad\u0101 CMA CGM k\u013cuva par pasaules l\u012bderi Nr. 3.<sup>rd<\/sup> liel\u0101kais <a href=\"https:\/\/moverdb.com\/lv\/kugniecibas-uznemumi\/\" target=\"_blank\" rel=\"noopener\">konteineru p\u0101rvad\u0101jumu un transport\u0113\u0161anas uz\u0146\u0113mums<\/a>, kas ir saglab\u0101jies l\u012bdz pat m\u016bsdien\u0101m.<\/p>\n<p>\u0160odien CMA CGM grup\u0101 vis\u0101 pasaul\u0113 str\u0101d\u0101 gandr\u012bz 25 000 darbinieku, un tai ir 64 biroji un a\u0123ent\u016bras vis\u0101 pasaul\u0113. Tai ir divas galven\u0101s m\u012btnes - viena Marse\u013c\u0101 un otra Norfolk\u0101, <a href=\"https:\/\/moverdb.com\/lv\/moving-to-the-united-states\/moving-to-virginia\/\" data-internallinksmanager029f6b8e52c=\"442\" title=\"P\u0101rcel\u0161an\u0101s uz Vird\u017e\u012bniju? 2023 Dz\u012bves izmaksas un p\u0101rcel\u0161an\u0101s padomi\">Virginia<\/a>. Uz\u0146\u0113mums darbojas 170 j\u016bras l\u012bnij\u0101s un veic reisus 450 ost\u0101s 150 valst\u012bs. Pa\u0161laik t\u0101 ir tre\u0161\u0101 liel\u0101k\u0101 <a href=\"https:\/\/moverdb.com\/lv\/shipping-companies\/\" data-internallinksmanager029f6b8e52c=\"4\" title=\"10 lab\u0101kie starptautisko konteineru p\u0101rvad\u0101jumu uz\u0146\u0113mumi\">ku\u0123niec\u012bbas uz\u0146\u0113mums<\/a> pasaul\u0113, un t\u0101s flot\u0113 ir 428 ku\u0123i.<\/p>\n<p>CMA CGM ir \u0161\u0101das akredit\u0101cijas un saist\u012btie uz\u0146\u0113mumi:<\/p>\n<ul>\n<li> Starptautiskais ku\u0123a aizsardz\u012bbas sertifik\u0101ts (ISSC)<\/li>\n<li> Dro\u0161\u012bbas vad\u012bbas sertifik\u0101ts (SMC)<\/li>\n<li> Konvencija par darbu j\u016brniec\u012bb\u0101 (MLC)<\/li>\n<li> <a href=\"https:\/\/moverdb.com\/lv\/world-shipping-council\/\">Pasaules ku\u0123niec\u012bbas padome<\/a> (<a href=\"https:\/\/moverdb.com\/lv\/world-shipping-council\/\" data-internallinksmanager029f6b8e52c=\"82\" title=\"Pasaules ku\u0123niec\u012bbas padomes (WSC) skaidrojums\">WSC<\/a>)<\/li>\n<\/ul>\n<h2>CMA CGM Group atsauksmes<\/h2>\n<p><em>Rakst\u012b\u0161anas laik\u0101 mums neizdev\u0101s atrast nevienu atsauksmi par CMA CGM Group ku\u0123niec\u012bbas pakalpojumiem tie\u0161saist\u0113.<\/em><\/p>\n<div itemprop=\"review\" itemscope itemtype=\"http:\/\/schema.org\/Review\">\n<strong><span itemprop=\"author\" itemscope=\"\" itemtype=\"http:\/\/schema.org\/Organization\"><span itemprop=\"name\">MoverDB.com<\/span><\/span> Tie\u0161saistes vietnes p\u0101rskats par <span itemprop=\"itemreviewed\" itemscope=\"\" itemtype=\"http:\/\/schema.org\/Brand\"><span itemprop=\"name\">CMA CGM grupa<\/span><\/span>:<\/strong><\/p>\n<ol>\n<li> Skaidra kontaktinform\u0101cija t\u012bmek\u013ca vietn\u0113 (tostarp t\u0101lru\u0146a numurs): <strong>J\u0101<\/strong><\/li>\n<li> Viegli ieg\u016bt <a href=\"https:\/\/moverdb.com\/lv\/container-shipping\/\" data-internallinksmanager029f6b8e52c=\"3\" title=\"Starptautisko konteineru p\u0101rvad\u0101jumu tarifu diagramma: Maijs 2026\">starptautisk\u0101 ku\u0123niec\u012bba<\/a> cit\u0101ti? (Tie\u0161saistes t\u0101mes piepras\u012bjuma veidlapa): <strong>N\u0113<\/strong>, \u0161\u0137iet, ka jums ir j\u0101re\u0123istr\u0113jas, lai sa\u0146emtu cit\u0101tus.<\/li>\n<li> Skaidra inform\u0101cija t\u012bmek\u013ca vietn\u0113: <strong>J\u0101,<\/strong> t\u012bmek\u013ca vietn\u0113 ir sniegta detaliz\u0113ta inform\u0101cija par visiem pakalpojumiem.<\/li>\n<li> Dal\u012bba starptautiski atz\u012bt\u0101s ku\u0123niec\u012bbas organiz\u0101cij\u0101s: <strong>J\u0101<\/strong><\/li>\n<li> Klientu saraksts un\/vai iepriek\u0161\u0113jo klientu atsauksmes. <strong>N\u0113,<\/strong> vi\u0146u t\u012bmek\u013ca vietn\u0113 nav neviena.<\/li>\n<\/ol>\n<div itemprop=\"reviewRating\" itemscope itemtype=\"http:\/\/schema.org\/Rating\"><meta itemprop=\"worstRating\" content = \"0\" \/><meta itemprop=\"bestRating\" content=\"5\" \/><meta itemprop=\"ratingValue\" content=\"3.5\"><\/div>\n<p><strong>Kop\u0113jais v\u0113rt\u0113jums: 3,5\/5<\/strong><br \/>\n<strong>P\u0101rskata datums:<\/strong> <span itemprop=\"datePublished\" content=\"2017-04-21\">21\/04\/2017<\/span>\n<\/div>\n<p>Vair\u0101k par citiem <a href=\"https:\/\/moverdb.com\/lv\/kugniecibas-uznemumi\/\">starptautiskie ku\u0123niec\u012bbas uz\u0146\u0113mumi<\/a>, <a href=\"https:\/\/moverdb.com\/lv\/konteineru-parvadajumi\/\">konteineru p\u0101rvad\u0101jumu tarifi<\/a> un m\u016bsu <a href=\"https:\/\/moverdb.com\/lv\/atsauksmes\/\">p\u0101rskat\u012b\u0161anas process<\/a>.<\/p>\n<p><strong>T\u012bmek\u013ca vietne:<\/strong> <a href=\"http:\/\/www.cma-cgm.com\/\" target=\"_blank\" rel=\"noopener\">http:\/\/www.cma-cgm.com\/<\/a><\/p>","protected":false},"excerpt":{"rendered":"<p>CMA CGM Group offers its clients a wide range of shipping and logistics solutions. These are listed below together with a company profile and reviews. International Shipping Dry Containers General-use containers (20&#8217;\/40&#8217;\/40&#8242; HC\/45&#8242; HC); Pallet wide containers (40&#8242; HC PW\/45&#8242; HC PW); Specialised containers (flat-rack, open-top, open-side, platform, tank, etc.) Personalised service Reefer Containers 20&#8242; [&hellip;]<\/p>\n","protected":false},"author":1,"featured_media":0,"parent":0,"menu_order":0,"comment_status":"closed","ping_status":"closed","template":"","meta":{"_genesis_hide_title":false,"_genesis_hide_breadcrumbs":false,"_genesis_hide_singular_image":false,"_genesis_hide_footer_widgets":false,"_genesis_custom_body_class":"","_genesis_custom_post_class":"","_genesis_layout":"","footnotes":""},"class_list":{"0":"post-1648","1":"page","2":"type-page","3":"status-publish","5":"entry"},"_links":{"self":[{"href":"https:\/\/moverdb.com\/lv\/wp-json\/wp\/v2\/pages\/1648","targetHints":{"allow":["GET"]}}],"collection":[{"href":"https:\/\/moverdb.com\/lv\/wp-json\/wp\/v2\/pages"}],"about":[{"href":"https:\/\/moverdb.com\/lv\/wp-json\/wp\/v2\/types\/page"}],"author":[{"embeddable":true,"href":"https:\/\/moverdb.com\/lv\/wp-json\/wp\/v2\/users\/1"}],"replies":[{"embeddable":true,"href":"https:\/\/moverdb.com\/lv\/wp-json\/wp\/v2\/comments?post=1648"}],"version-history":[{"count":5,"href":"https:\/\/moverdb.com\/lv\/wp-json\/wp\/v2\/pages\/1648\/revisions"}],"predecessor-version":[{"id":6192,"href":"https:\/\/moverdb.com\/lv\/wp-json\/wp\/v2\/pages\/1648\/revisions\/6192"}],"wp:attachment":[{"href":"https:\/\/moverdb.com\/lv\/wp-json\/wp\/v2\/media?parent=1648"}],"curies":[{"name":"wp","href":"https:\/\/api.w.org\/{rel}","templated":true}]}}