{"id":1644,"date":"2017-02-23T09:28:26","date_gmt":"2017-02-23T09:28:26","guid":{"rendered":"http:\/\/moverdb.com\/?page_id=1644"},"modified":"2026-01-08T14:48:02","modified_gmt":"2026-01-08T14:48:02","slug":"conroy-removals","status":"publish","type":"page","link":"https:\/\/moverdb.com\/lv\/conroy-removals\/","title":{"rendered":"Conroy P\u0101rv\u0101k\u0161an\u0101s - Starptautisk\u0101 P\u0101rv\u0101k\u0161an\u0101s Atsauksmes"},"content":{"rendered":"<p>Conroy Removals saviem klientiem pied\u0101v\u0101 pla\u0161u p\u0101rcel\u0161an\u0101s pakalpojumu kl\u0101stu gan <a href=\"https:\/\/moverdb.com\/lv\/moving-to-australia\/living-in-australia\/\" data-internallinksmanager029f6b8e52c=\"240\" title=\"21 nosl\u0113pums par dz\u012bvi Austr\u0101lij\u0101, kas j\u0101zina pirms p\u0101rcel\u0161an\u0101s\">Austr\u0101lija<\/a> un <a href=\"https:\/\/moverdb.com\/lv\/moving-to-new-zealand\/\" data-internallinksmanager029f6b8e52c=\"324\" title=\"P\u0101rcel\u0161an\u0101s uz Jaunz\u0113landi? 2023 Dz\u012bves izmaksas un p\u0101rcel\u0161an\u0101s padomi\">Jaunz\u0113lande<\/a>. Tie ir uzskait\u012bti turpm\u0101k, pievienojot uz\u0146\u0113muma profilu un atsauksmes.<\/p>\n<p><strong><a href=\"https:\/\/moverdb.com\/lv\/international-removals\/\" data-internallinksmanager029f6b8e52c=\"27\" title=\"36 Lab\u0101kie starptautisko p\u0101rvad\u0101jumu uz\u0146\u0113mumi Apvienotaj\u0101 Karalist\u0113\">Starptautiskie p\u0101rv\u0101k\u0161an\u0101s darbi<\/a><\/strong><\/p>\n<ul>\n<li> Person\u012bgais p\u0101rcel\u0161an\u0101s koordinators<\/li>\n<li> No durv\u012bm l\u012bdz durv\u012bm<\/li>\n<li> Pilna servisa iepako\u0161ana, da\u013c\u0113ja iepako\u0161ana un DIY iepako\u0161ana<\/li>\n<li> M\u0113be\u013cu demont\u0101\u017ea un atk\u0101rtota mont\u0101\u017ea<\/li>\n<li> <a href=\"https:\/\/moverdb.com\/lv\/auto-transporta-nosutisana\/\">Automa\u0161\u012bnu nos\u016bt\u012b\u0161ana<\/a>, motocikli, laivas un piekabes.<\/li>\n<li> J\u016bras p\u0101rvad\u0101jumi - <a href=\"https:\/\/moverdb.com\/lv\/konteineru-parvadajumi\/\">FCL\/LCL konteineru p\u0101rvad\u0101jumi<\/a><\/li>\n<li> Gaisa kravu p\u0101rvad\u0101jumi<\/li>\n<li> Pieejama ilgtermi\u0146a un \u012bstermi\u0146a uzglab\u0101\u0161ana<\/li>\n<li> Pieejams pilns izpako\u0161anas pakalpojums<\/li>\n<li> Atkritumu izve\u0161ana<\/li>\n<li> Muito\u0161ana un pal\u012bdz\u012bba nepiecie\u0161am\u0101s dokument\u0101cijas k\u0101rto\u0161an\u0101<\/li>\n<li> Organiz\u0113ta apdro\u0161in\u0101\u0161ana<\/li>\n<li> \u0100rvalstu val\u016btas mai\u0146as pakalpojumi<\/li>\n<\/ul>\n<p><strong>Starpvalstu, t\u0101lsatiksmes un viet\u0113jie p\u0101rvadi<\/strong><\/p>\n<ul>\n<li> Specializ\u0113ts no\u0146em\u0161anas eksperts<\/li>\n<li> No durv\u012bm l\u012bdz durv\u012bm<\/li>\n<li> Pieejami da\u017e\u0101di iepakojumi<\/li>\n<li> Pilns iepako\u0161anas pakalpojums, trauslu priek\u0161metu vai DIY iepako\u0161ana<\/li>\n<li> M\u0113be\u013cu demont\u0101\u017ea un atk\u0101rtota mont\u0101\u017ea<\/li>\n<li> Pieejama ilgtermi\u0146a un \u012bstermi\u0146a uzglab\u0101\u0161ana<\/li>\n<li> Izpako\u0161anas pakalpojums pieejams<\/li>\n<li> Apdro\u0161in\u0101\u0161ana organiz\u0113ta<\/li>\n<\/ul>\n<p><strong>Uz\u0146\u0113mumu p\u0101rvieto\u0161ana<\/strong><\/p>\n<ul>\n<li> M\u0101jsaimniec\u012bbas pre\u010du p\u0101rve\u0161ana<\/li>\n<li> Mekl\u0113\u0161ana m\u0101j\u0101s<\/li>\n<li> Skolas mekl\u0113\u0161ana<\/li>\n<li> Orient\u0113\u0161an\u0101s<\/li>\n<li> Valodu apm\u0101c\u012bba<\/li>\n<li> \u012astermi\u0146a izmitin\u0101\u0161ana<\/li>\n<li> <a href=\"https:\/\/moverdb.com\/lv\/auto-transporta-nosutisana\/\">Meh\u0101nisko transportl\u012bdzek\u013cu p\u0101rvad\u0101\u0161ana un nos\u016bt\u012b\u0161ana<\/a><\/li>\n<li> M\u0101jdz\u012bvnieku p\u0101rvad\u0101\u0161ana<\/li>\n<li> M\u0101jas uzkop\u0161ana<\/li>\n<li> Valet izkrau\u0161ana<\/li>\n<li> \u0100rvalstu val\u016btas mai\u0146a<\/li>\n<\/ul>\n<h2>Conroy Removals Uz\u0146\u0113muma profils<\/h2>\n<p>\"Conroy Removals of Australia and New Zealand\" darbu s\u0101ka 1972. gad\u0101. Uz\u0146\u0113mumam ir fili\u0101les vis\u0101 Austr\u0101lij\u0101 un Jaunz\u0113land\u0113, un tas uzskata sevi par lab\u0101ko p\u0101rv\u0101k\u0161an\u0101s uz\u0146\u0113mumu \u0161aj\u0101 re\u0123ion\u0101. Conroy ir pla\u0161s nacion\u0101lo un starptautisko partneru un fili\u0101\u013cu t\u012bkls, kas uz\u0146\u0113mumam nodro\u0161ina piek\u013cuvi vair\u0101k nek\u0101 350 starptautiskiem partneriem.<\/p>\n<p>Uz\u0146\u0113mums ir ap\u0146\u0113mies samazin\u0101t oglek\u013ca dioks\u012bda emisiju, samazinot, atk\u0101rtoti izmantojot un p\u0101rstr\u0101d\u0101jot. Uz\u0146\u0113mums ir ar\u012b p\u0101rliecin\u0101ts, ka t\u0101 darbinieki ir labi apm\u0101c\u012bti un p\u0101rliecin\u0101ti par sav\u0101m sp\u0113j\u0101m nodro\u0161in\u0101t izcilu servisu vis\u0101, ko vi\u0146i dara.<\/p>\n<p>Conroy Removals (Austr\u0101lija un Jaunz\u0113lande) ir \u0161\u0101das akredit\u0101cijas un asoci\u0101cijas:<\/p>\n<ul>\n<li> <a href=\"https:\/\/moverdb.com\/lv\/esmu\/\">Starptautisk\u0101 P\u0101rv\u0101c\u0113ju asoci\u0101cija<\/a> (<a href=\"https:\/\/moverdb.com\/lv\/iam\/\" data-internallinksmanager029f6b8e52c=\"23\" title=\"Starptautisk\u0101s P\u0101rv\u0101c\u0113ju asoci\u0101cijas (IAM) skaidrojumi\">IAM<\/a>)<\/li>\n<li> <a href=\"https:\/\/moverdb.com\/lv\/britu-iznemeju-asociacija\/\">Lielbrit\u0101nijas P\u0101rv\u0101c\u0113ju asoci\u0101cija<\/a> (<a href=\"https:\/\/moverdb.com\/lv\/british-association-of-removers\/\" data-internallinksmanager029f6b8e52c=\"9\" title=\"Lielbrit\u0101nijas P\u0101rv\u0101c\u0113ju asoci\u0101cijas (BAR) skaidrojumi\">BAR<\/a>)<\/li>\n<li> <a href=\"https:\/\/moverdb.com\/lv\/afra\/\">Austr\u0101lijas M\u0113be\u013cu p\u0101rv\u0101c\u0113ju asoci\u0101cija<\/a> (<a href=\"https:\/\/moverdb.com\/lv\/afra\/\" data-internallinksmanager029f6b8e52c=\"7\" title=\"Austr\u0101lijas M\u0113be\u013cu p\u0101rv\u0101c\u0113ju asoci\u0101cijas (AFRA) skaidrojumi\">AFRA<\/a>)<\/li>\n<li> <a href=\"https:\/\/moverdb.com\/lv\/aima\/\">Austr\u0101lijas Starptautisko P\u0101rv\u0101c\u0113ju asoci\u0101cija<\/a> (<a href=\"https:\/\/moverdb.com\/lv\/aima\/\" data-internallinksmanager029f6b8e52c=\"8\" title=\"Austr\u0101lijas Starptautisko P\u0101rv\u0101c\u0113ju asoci\u0101cijas (AIMA) skaidrojums\">AIMA<\/a>)<\/li>\n<li> Dienvid\u0101frikas Starptautisko P\u0101rv\u0101c\u0113ju asoci\u0101cija (SAIMA)<\/li>\n<li> Panamerikas Starptautisko P\u0101rvad\u0101t\u0101ju asoci\u0101cija (PAIMA)<\/li>\n<li> Jaunz\u0113landes Aizj\u016bras p\u0101rv\u0101k\u0161an\u0101s asoci\u0101cija (NZOMA)<\/li>\n<li> <a href=\"https:\/\/moverdb.com\/lv\/fidi-faim\/\">FIDI glob\u0101l\u0101 alianse<\/a><\/li>\n<\/ul>\n<p>Tiem ir Austr\u0101lijas biroji:<\/p>\n<ul>\n<li> <a href=\"https:\/\/moverdb.com\/lv\/moving-to-brisbane\/\" data-internallinksmanager029f6b8e52c=\"255\" title=\"P\u0101rce\u013caties uz Brisbani? 2023 Dz\u012bves izmaksas un p\u0101rcel\u0161an\u0101s padomi\">Brisbane<\/a><\/li>\n<li> <a href=\"https:\/\/moverdb.com\/lv\/parcelsanas-uz-sidneju\/\">Sidneja<\/a><\/li>\n<li> Melburna<\/li>\n<li> P\u0113rta<\/li>\n<li> Townsville<\/li>\n<\/ul>\n<p>Jaunz\u0113landes biroji:<\/p>\n<ul>\n<li> Napier<\/li>\n<li> Oklenda<\/li>\n<li> Tauranga<\/li>\n<li> Velingtonas<\/li>\n<li> Christchurch<\/li>\n<li> Nelsons<\/li>\n<\/ul>\n<h2>Conroy Removals Atsauksmes<\/h2>\n<p><strong>Pozit\u012bvi:<\/strong><\/p>\n<ul>\n<li> <em>\"Manas m\u0101jas iepako\u0161ana tika paveikta lieliski, ar lielu r\u016bp\u012bbu par vis\u0101m man\u0101m mant\u0101m un \u013coti efekt\u012bv\u0101 termi\u0146\u0101. Viss tika skaidri uzskait\u012bts, un izpako\u0161ana bija vienk\u0101r\u0161a, jo visas mantas bija viegli atrodamas un kastes bija labi nosauktas katrai telpai. Visi atkritumi tika izvesti, un pat da\u017eas vec\u0101s kastes tika aizvestas man, kas bija liels pal\u012bgs, sakopjot tuk\u0161o m\u0101ju.\"<\/em> - Klienta atsauksme <a href=\"https:\/\/www.conroy.co.nz\/customer-reviews\/nz-to-overseas\" target=\"_blank\" rel=\"noopener\">caur NZ t\u012bmek\u013ca vietni<\/a><\/li>\n<li> <em>\"Lieliska sazi\u0146a pirms pieg\u0101des, un abi v\u012bri, kas pieg\u0101d\u0101ja m\u016bsu preces, bija piekl\u0101j\u012bgi, draudz\u012bgi, \u0101tri un \u013coti efekt\u012bvi.\"<\/em> - Klienta atsauksme, izmantojot <a href=\"https:\/\/www.conroyremovals.com.au\/customer-reviews\/overseas-to-australia\" target=\"_blank\" rel=\"noopener\">\u0100S t\u012bmek\u013ca vietne<\/a><\/li>\n<li> <em>\"Esmu p\u0101rc\u0113lusies 25 reizes, un \u0161\u012b bija l\u012bdz \u0161im lab\u0101k\u0101 p\u0101rcel\u0161an\u0101s pieredze. Paldies Conroys!\"<\/em> - Jackie via <a href=\"http:\/\/www.productreview.com.au\/p\/conroy-removals.html?rating=5#reviews\" target=\"_blank\" rel=\"noopener\">Produkta p\u0101rskats<\/a><\/li>\n<li> <em>\"Lielu priek\u0161metu p\u0101rvieto\u0161ana pa Nz un uz Austr\u0101liju var b\u016bt gr\u016bta, bet \u0161ie pui\u0161i to patie\u0161\u0101m atviegloja.\"<\/em> - Deivs, izmantojot <a href=\"https:\/\/yellow.co.nz\/y\/conroy-removals-airpark-drive#detailsRatingsReviews\" target=\"_blank\" rel=\"noopener\">Dzeltenais<\/a><\/li>\n<\/ul>\n<p><strong>Negat\u012bvs:<\/strong><\/p>\n<ul>\n<li> <em>\"Neskatoties uz vair\u0101kk\u0101rt\u0113jiem zvaniem (visi tika ies\u016bt\u012bti uz balss pastu) un e-pasta v\u0113stul\u0113m, es neko nedzird\u0113ju divas ned\u0113\u013cas no br\u012b\u017ea, kad manas preces tika muitotas, l\u012bdz br\u012bdim, kad piezvan\u012bja pieg\u0101d\u0101t\u0101ji.\"<\/em> - Klienta atsauksme, izmantojot <a href=\"https:\/\/www.conroy.co.nz\/customer-reviews\/overseas-to-nz\" target=\"_blank\" rel=\"noopener\">NZ t\u012bmek\u013ca vietne<\/a><\/li>\n<li> <em>\"Preces tika muitotas pirms 2 ned\u0113\u013c\u0101m. Iz\u0146emot pras\u012bbu samaks\u0101t GST + nodokli (ko es izdar\u012bju n\u0101kamaj\u0101 dien\u0101), neesmu neko dzird\u0113jis par to, kad manas preces tiks pieg\u0101d\u0101tas. Esmu atst\u0101jis balss pastu, e-pasta v\u0113stules, un joproj\u0101m nek\u0101. Esmu sam\u0113r\u0101 samierin\u0101jies ar to, ka savas preces vairs neredz\u0113\u0161u.\"<\/em> - klienta atsauksme, izmantojot <a href=\"https:\/\/www.conroyremovals.com.au\/customer-reviews\/australia-to-overseas\" target=\"_blank\" rel=\"noopener\">\u0100S t\u012bmek\u013ca vietne<\/a><\/li>\n<li> <em>\"Diem\u017e\u0113l mums nepaveic\u0101s ar m\u016bsu p\u0101rcel\u0161anos, preces tika saboj\u0101tas nepareizas iepako\u0161anas d\u0113\u013c, un Conroy nev\u0113las uz\u0146emties nek\u0101du atbild\u012bbu par \u0161o lietu.\"<\/em> - Karen, izmantojot <a href=\"https:\/\/www.mymovingreviews.com\/movers\/conroy-removals-1807#58945\" target=\"_blank\" rel=\"noopener\">Mani p\u0101rcel\u0161an\u0101s Atsauksmes<\/a><\/li>\n<li> <em>\"\u013boti v\u0113lu, bija v\u012blu\u0161ies par to, bet vi\u0146i turpin\u0101ja sazin\u0101ties, t\u0101p\u0113c kred\u012bts par to. Ar\u012b par sapr\u0101t\u012bgu cenu.\"<\/em> - D\u017eons, izmantojot <a href=\"https:\/\/www.nocowboys.co.nz\/businesses\/conroy-removals-\" target=\"_blank\" rel=\"noopener\">NoCowboys<\/a><\/li>\n<\/ul>\n<div itemprop=\"review\" itemscope itemtype=\"http:\/\/schema.org\/Review\">\n<span itemprop=\"author\" itemscope=\"\" itemtype=\"http:\/\/schema.org\/Organization\"><span itemprop=\"name\">MoverDB.com<\/span><\/span> Tie\u0161saistes vietnes p\u0101rskats par <span itemprop=\"itemreviewed\" itemscope=\"\" itemtype=\"http:\/\/schema.org\/Brand\"><span itemprop=\"name\">Conroy Removals<\/span><\/span>:<\/p>\n<ol>\n<li> Skaidra kontaktinform\u0101cija t\u012bmek\u013ca vietn\u0113 (tostarp t\u0101lru\u0146a numurs): <strong>J\u0101<\/strong><\/li>\n<li> Viegli ieg\u016bt <a href=\"https:\/\/moverdb.com\/lv\/citati\/\">starptautiskie p\u0101rvietojas cit\u0101ti<\/a>? (Tie\u0161saistes t\u0101mes piepras\u012bjuma veidlapa): <strong>J\u0101<\/strong><\/li>\n<li> Skaidra inform\u0101cija t\u012bmek\u013ca vietn\u0113: <strong>J\u0101,<\/strong> t\u012bmek\u013ca vietn\u0113 ir daudz \u013coti detaliz\u0113tas inform\u0101cijas.<\/li>\n<li> Dal\u012bba starptautiski atz\u012bt\u0101s kust\u012bbu organiz\u0101cij\u0101s: <strong>J\u0101<\/strong>, (daudzi, skat\u012bt iepriek\u0161)<\/li>\n<li> Klientu saraksts un\/vai iepriek\u0161\u0113jo klientu atsauksmes: <strong>J\u0101,<\/strong> Uz\u0146\u0113muma t\u012bmek\u013ca vietn\u0113 ir gan pozit\u012bvas, gan negat\u012bvas klientu atsauksmes, kuras varat \u0161\u0137irot p\u0113c zvaig\u017e\u0146u v\u0113rt\u0113juma un p\u0101rvieto\u0161an\u0101s veida.<\/li>\n<\/ol>\n<div itemprop=\"reviewRating\" itemscope itemtype=\"http:\/\/schema.org\/Rating\"><meta itemprop=\"worstRating\" content = \"0\" \/><meta itemprop=\"bestRating\" content=\"5\" \/><meta itemprop=\"ratingValue\" content=\"5\"><\/div>\n<p><strong>Kop\u0113jais v\u0113rt\u0113jums: 5\/5<\/strong><br \/>\n<strong>P\u0101rskata datums:<\/strong> <span itemprop=\"datePublished\" content=\"2017-02-23\">23\/02\/2017<\/span>\n<\/div>\n<p>Las\u012bt vair\u0101k par <a href=\"https:\/\/moverdb.com\/lv\/parvietojas-uznemumi\/\">starptautiskie p\u0101rvieto\u0161an\u0101s uz\u0146\u0113mumi<\/a> un m\u016bsu <a href=\"https:\/\/moverdb.com\/lv\/atsauksmes\/\">p\u0101rskat\u012b\u0161anas process<\/a>.<\/p>\n<p><strong>T\u012bmek\u013ca vietnes:<\/strong> AU: <a href=\"https:\/\/www.conroyremovals.com.au\/\" target=\"_blank\" rel=\"noopener\">https:\/\/www.conroyremovals.com.au\/<\/a>, NZ: <a href=\"https:\/\/www.conroy.co.nz\/\" target=\"_blank\" rel=\"noopener\">https:\/\/www.conroy.co.nz\/<\/a><\/p>","protected":false},"excerpt":{"rendered":"<p>Conroy Removals offers its customers a wide variety of removal services in both Australia and New Zealand. These are listed below, together with a company profile and reviews. International Removals Personal moving coordinator Door to door Full service packing, partial packing and DIY packing Dismantling and reassembly of furniture Shipping of cars, motorbikes, boats and [&hellip;]<\/p>\n","protected":false},"author":1,"featured_media":0,"parent":0,"menu_order":0,"comment_status":"closed","ping_status":"closed","template":"","meta":{"_genesis_hide_title":false,"_genesis_hide_breadcrumbs":false,"_genesis_hide_singular_image":false,"_genesis_hide_footer_widgets":false,"_genesis_custom_body_class":"","_genesis_custom_post_class":"","_genesis_layout":"","footnotes":""},"class_list":{"0":"post-1644","1":"page","2":"type-page","3":"status-publish","5":"entry"},"_links":{"self":[{"href":"https:\/\/moverdb.com\/lv\/wp-json\/wp\/v2\/pages\/1644","targetHints":{"allow":["GET"]}}],"collection":[{"href":"https:\/\/moverdb.com\/lv\/wp-json\/wp\/v2\/pages"}],"about":[{"href":"https:\/\/moverdb.com\/lv\/wp-json\/wp\/v2\/types\/page"}],"author":[{"embeddable":true,"href":"https:\/\/moverdb.com\/lv\/wp-json\/wp\/v2\/users\/1"}],"replies":[{"embeddable":true,"href":"https:\/\/moverdb.com\/lv\/wp-json\/wp\/v2\/comments?post=1644"}],"version-history":[{"count":10,"href":"https:\/\/moverdb.com\/lv\/wp-json\/wp\/v2\/pages\/1644\/revisions"}],"predecessor-version":[{"id":6194,"href":"https:\/\/moverdb.com\/lv\/wp-json\/wp\/v2\/pages\/1644\/revisions\/6194"}],"wp:attachment":[{"href":"https:\/\/moverdb.com\/lv\/wp-json\/wp\/v2\/media?parent=1644"}],"curies":[{"name":"wp","href":"https:\/\/api.w.org\/{rel}","templated":true}]}}