{"id":1640,"date":"2017-02-01T15:26:12","date_gmt":"2017-02-01T15:26:12","guid":{"rendered":"http:\/\/moverdb.com\/?page_id=1640"},"modified":"2026-01-08T14:48:08","modified_gmt":"2026-01-08T14:48:08","slug":"krona-parcelsana","status":"publish","type":"page","link":"https:\/\/moverdb.com\/lv\/crown-relocations\/","title":{"rendered":"Crown Relocations - Atsauksmes par starptautisko p\u0101rcel\u0161anos"},"content":{"rendered":"<p>Crown Relocations galvenais birojs atrodas <a href=\"https:\/\/moverdb.com\/lv\/moving-to-hong-kong\/\" data-internallinksmanager029f6b8e52c=\"350\" title=\"P\u0101rcel\u0161an\u0101s uz Honkongu? 2023 Dz\u012bves izmaksas un p\u0101rcel\u0161an\u0101s padomi\">Honkonga<\/a>. Uz\u0146\u0113mums saviem klientiem pied\u0101v\u0101 virkni p\u0101rcel\u0161an\u0101s un p\u0101rv\u0101k\u0161an\u0101s pakalpojumu, un tie ir uzskait\u012bti turpm\u0101k kop\u0101 ar uz\u0146\u0113muma profilu un atsauksm\u0113m.<\/p>\n<p><strong>Starptautisk\u0101 p\u0101rcel\u0161an\u0101s<\/strong><\/p>\n<ul>\n<li> Individualiz\u0113ts pakalpojums<\/li>\n<li> Pakalpojums no durv\u012bm l\u012bdz durv\u012bm<\/li>\n<li> Iepako\u0161ana - veiciet to pa\u0161i, atlas\u012bti priek\u0161meti vai pilns pakalpojums<\/li>\n<li> Uzglab\u0101\u0161ana - \u012bstermi\u0146a un ilgtermi\u0146a<\/li>\n<li> Tie\u0161saistes izseko\u0161anas r\u012bki<\/li>\n<li> M\u0101jdz\u012bvnieku p\u0101rvieto\u0161ana<\/li>\n<li> Imigr\u0101cijas pakalpojumi<\/li>\n<li> Starpkult\u016bru apm\u0101c\u012bba<\/li>\n<li> Valodu apm\u0101c\u012bba<\/li>\n<li> M\u0101jas p\u0101rdo\u0161anas pakalpojumi<\/li>\n<li> \u012apa\u0161uma p\u0101rvald\u012bba<\/li>\n<li> Ce\u013cojumu pakalpojumu priek\u0161skat\u012bjums<\/li>\n<li> Pal\u012bdz\u012bba m\u0101jok\u013ca mekl\u0113\u0161an\u0101<\/li>\n<li> Skolas mekl\u0113\u0161ana<\/li>\n<li> Orient\u0113\u0161an\u0101s p\u0113c iera\u0161an\u0101s<\/li>\n<li> Partneru karjeras atbalsts<\/li>\n<li> Meistara un m\u0101jsaimniec\u012bbas pakalpojumu snieg\u0161ana<\/li>\n<li> M\u0113be\u013cu noma<\/li>\n<li> Atbalsts uzdevuma izpildes laik\u0101<\/li>\n<\/ul>\n<p><strong>Viet\u0113j\u0101 un t\u0101l\u0101 p\u0101rcel\u0161an\u0101s<\/strong><\/p>\n<ul>\n<li> Individualiz\u0113ts pakalpojums<\/li>\n<li> Pakalpojums no durv\u012bm l\u012bdz durv\u012bm<\/li>\n<li> Pilna servisa iepako\u0161ana, trauslu priek\u0161metu vai DIY iepako\u0161ana<\/li>\n<li> Izpako\u0161anas pakalpojums<\/li>\n<li> Atkritumu izve\u0161ana<\/li>\n<li> M\u0101jdz\u012bvnieku p\u0101rvieto\u0161ana<\/li>\n<li> Ilgtermi\u0146a un \u012bstermi\u0146a uzglab\u0101\u0161anas organiz\u0113\u0161ana<\/li>\n<li> Apdro\u0161in\u0101\u0161ana<\/li>\n<\/ul>\n<h2>Crown Relocations Uz\u0146\u0113muma profils<\/h2>\n<p>Crown Relocations ir da\u013ca no Crown Worldwide grupas, kuras galvenais birojs atrodas Honkong\u0101. D\u017eeimss Tompsons (James E. Thompson) dibin\u0101ja grupu 1965. gad\u0101, dz\u012bvojot Jokoham\u0101, <a href=\"https:\/\/moverdb.com\/lv\/moving-to-japan\/\" data-internallinksmanager029f6b8e52c=\"342\" title=\"P\u0101rcel\u0161an\u0101s uz Jap\u0101nu? 2023 Dz\u012bves izmaksas un p\u0101rcel\u0161an\u0101s padomi\">Jap\u0101na<\/a>. Vi\u0146\u0161 s\u0101ka ar $1,000 un sa\u0146\u0113ma l\u012bgumu ar <a href=\"https:\/\/moverdb.com\/lv\/moving-to-the-united-states\/\" data-internallinksmanager029f6b8e52c=\"94\" title=\"P\u0101rce\u013caties uz Amerikas Savienotaj\u0101m Valst\u012bm? 2022 Dz\u012bves izmaksas un p\u0101rcel\u0161an\u0101s padomi\">ASV<\/a> milit\u0101rajiem sp\u0113kiem p\u0101rvietot person\u0101lu uz Jap\u0101nu un no t\u0101s. <\/p>\n<p>Tompsons joproj\u0101m ir grupas izpilddirektors un 1978. gad\u0101 p\u0101rc\u0113la savu un uz\u0146\u0113muma galveno m\u012btni uz Honkongu. Tagad uz\u0146\u0113mumam ir vair\u0101k nek\u0101 265 biroji 58 valst\u012bs vis\u0101 pasaul\u0113, un taj\u0101 str\u0101d\u0101 vair\u0101k nek\u0101 3100 darbinieku no 70 da\u017e\u0101d\u0101m taut\u012bb\u0101m. Crown Relocations katru gadu vid\u0113ji veic 120 000 p\u0101rcel\u0161anos, un t\u0101 r\u012bc\u012bb\u0101 ir aptuveni 3,4 miljoni kvadr\u0101tp\u0113du noliktavu plat\u012bbas.<\/p>\n<p>Crown Relocations izmanto pla\u0161o Crown grupas pieredzi un p\u0101rvieto cilv\u0113kus vis\u0101 pasaul\u0113, pal\u012bdzot vi\u0146iem katr\u0101 sol\u012b. M\u0113r\u0137is ir l\u012bdz minimumam samazin\u0101t satricin\u0101jumus un t\u0101d\u0113j\u0101di \u013caut uz\u0146\u0113muma person\u0101lam un priv\u0101tperson\u0101m \u0101tri piel\u0101goties jaunajai dz\u012bvei.<\/p>\n<p>Crown Relocation Services ir \u0161\u0101das akredit\u0101cijas un pieder\u012bbas: -<\/p>\n<ul>\n<li> ISO 9001:2008<\/li>\n<li> <a href=\"https:\/\/moverdb.com\/lv\/esmu\/\">Starptautisk\u0101 P\u0101rv\u0101c\u0113ju asoci\u0101cija<\/a> (<a href=\"https:\/\/moverdb.com\/lv\/iam\/\" data-internallinksmanager029f6b8e52c=\"23\" title=\"Starptautisk\u0101s P\u0101rv\u0101c\u0113ju asoci\u0101cijas (IAM) skaidrojumi\">IAM<\/a>)<\/li>\n<\/ul>\n<h2>Crown Relocations Atsauksmes<\/h2>\n<p><strong>Pozit\u012bvi:<\/strong><\/p>\n<ul>\n<li> <em>\"M\u0113s esam piln\u012bgi p\u0101rsteigti par to, cik profesion\u0101li, draudz\u012bgi un kompetenti viss process mums ir noticis, absol\u016bti lieliski no s\u0101kuma l\u012bdz beig\u0101m!\"<\/em> - G. kungs un M. J. Webb via <a href=\"https:\/\/www.crownrelo.com\/intl\/en-gb\/page\/testimonials\" target=\"_blank\" rel=\"noopener\">uz\u0146\u0113muma atsauksmju lapa<\/a><\/li>\n<li> <em>\"M\u0113s esam \u013coti apmierin\u0101ti ar Crown pakalpojumiem un ieteiktu to ikvienam.\"<\/em> - Phuc Do via <a href=\"http:\/\/www.productreview.com.au\/p\/crown-relocations-australia.html?rating=5#reviews\" target=\"_blank\" rel=\"noopener\">ProductReview.com.au<\/a><\/li>\n<li> <em>\"Draugs ieteica Crown m\u016bsu p\u0101rv\u0101k\u0161anai no Dohas, pakalpojums bija lielisks.\"<\/em> - Hilary via <a href=\"https:\/\/www.facebook.com\/pg\/CrownRelocations\/reviews\/\" target=\"_blank\" rel=\"noopener\">Facebook lapa<\/a><\/li>\n<li> <em>\"\u0160ie pui\u0161i bija lieliski. Vi\u0146i ierad\u0101s laik\u0101, un es biju p\u0101rsteigts, cik \u0101tri vi\u0146i bija.\"<\/em> - Yana via <a href=\"https:\/\/www.yelp.com\/biz\/crown-relocations-mililani?hrid=gPhaBuTV20YimRwN7q4Wyw&#038;utm_campaign=www_review_share_popup&#038;utm_medium=copy_link&#038;utm_source=(direct)\" target=\"_blank\" rel=\"noopener\">Yelp<\/a><\/li>\n<\/ul>\n<p><strong>Negat\u012bvs:<\/strong><\/p>\n<ul>\n<li> <em>\"Slikt\u0101kais uz\u0146\u0113mums, ar kuru man jebkad ir n\u0101cies sadarboties. Vi\u0146iem nav god\u012bguma un vi\u0146i neuz\u0146emas atbild\u012bbu par manai m\u0101jai nodar\u012btajiem zaud\u0113jumiem.\"<\/em> - Benjamins caur <a href=\"https:\/\/www.yelp.com\/biz\/crown-relocations-mililani?hrid=R9s-xC375R-HSBYSZZI_ag&#038;utm_campaign=www_review_share_popup&#038;utm_medium=copy_link&#038;utm_source=(direct)\" target=\"_blank\" rel=\"noopener\">Yelp<\/a><\/li>\n<li> <em>\"Mums bija milz\u012bgi daudz boj\u0101jumu, kas rad\u0101s tikai neuzman\u012bgas iepako\u0161anas d\u0113\u013c. Pag\u0101ja vair\u0101kas ned\u0113\u013cas, l\u012bdz vi\u0146i atbild\u0113ja uz m\u016bsu daudzajiem e-pastiem, un vi\u0146i atzina, ka tas radies neuzman\u012bgas iepako\u0161anas d\u0113\u013c.\"<\/em> - Elizabete caur <a href=\"https:\/\/www.facebook.com\/pg\/CrownRelocations\/reviews\/\" target=\"_blank\" rel=\"noopener\">Facebook lapa<\/a><\/li>\n<li> \"Briesm\u012bgi. D\u0101rgi un pavir\u0161i. Person\u0101ls neatbild \u0101tri uz jaut\u0101jumiem\" - LillithQ via <a href=\"http:\/\/www.productreview.com.au\/p\/crown-relocations-australia.html?rating=1#reviews\" target=\"_blank\" rel=\"noopener\">ProductReview.com.au<\/a><\/li>\n<\/ul>\n<div itemprop=\"review\" itemscope itemtype=\"http:\/\/schema.org\/Review\">\n<span itemprop=\"author\" itemscope=\"\" itemtype=\"http:\/\/schema.org\/Organization\"><span itemprop=\"name\">MoverDB.com<\/span><\/span> Tie\u0161saistes vietnes p\u0101rskats par <span itemprop=\"itemreviewed\" itemscope=\"\" itemtype=\"http:\/\/schema.org\/Brand\"><span itemprop=\"name\">Crown p\u0101rvieto\u0161ana<\/span><\/span>:<\/p>\n<ol>\n<li> Skaidra kontaktinform\u0101cija t\u012bmek\u013ca vietn\u0113 (tostarp t\u0101lru\u0146a numurs): <strong>J\u0101<\/strong><\/li>\n<li> Viegli ieg\u016bt <a href=\"https:\/\/moverdb.com\/lv\/citati\/\">starptautiskie p\u0101rvietojas cit\u0101ti<\/a>? (Tie\u0161saistes t\u0101mes piepras\u012bjuma veidlapa): <strong>J\u0101<\/strong><\/li>\n<li> Skaidra inform\u0101cija t\u012bmek\u013ca vietn\u0113: <strong>J\u0101.<\/strong> T\u012bmek\u013ca vietn\u0113 ir skaidri izkl\u0101st\u012bti visi pied\u0101v\u0101tie pakalpojumi un iek\u013cauti galam\u0113r\u0137u ce\u013cve\u017ei.<\/li>\n<li> Dal\u012bba starptautiski atz\u012bt\u0101s kust\u012bbu organiz\u0101cij\u0101s: <strong>J\u0101<\/strong>, (sk. iepriek\u0161)<\/li>\n<li> Klientu saraksts un\/vai iepriek\u0161\u0113jo klientu atsauksmes. <strong>J\u0101,<\/strong> Vi\u0146iem ir atsauksmju lapa, un atsauksmes no interneta kopum\u0101 \u0161\u0137iet pozit\u012bvas.<\/li>\n<\/ol>\n<div itemprop=\"reviewRating\" itemscope itemtype=\"http:\/\/schema.org\/Rating\"><meta itemprop=\"worstRating\" content = \"0\" \/><meta itemprop=\"bestRating\" content=\"5\" \/><meta itemprop=\"ratingValue\" content=\"5\"><\/div>\n<p><strong>Kop\u0113jais v\u0113rt\u0113jums: 5\/5<\/strong><br \/>\n<strong>P\u0101rskata datums:<\/strong> <span itemprop=\"datePublished\" content=\"2017-02-01\">01\/02\/2017<\/span>\n<\/div>\n<p>Las\u012bt vair\u0101k par <a href=\"https:\/\/moverdb.com\/lv\/parvietojas-uznemumi\/\">starptautiskie p\u0101rvieto\u0161an\u0101s uz\u0146\u0113mumi<\/a> un m\u016bsu <a href=\"https:\/\/moverdb.com\/lv\/atsauksmes\/\">p\u0101rskat\u012b\u0161anas process<\/a>.<\/p>\n<p><strong>T\u012bmek\u013ca vietnes:<\/strong> <a href=\"https:\/\/www.crownrelo.com\/\" target=\"_blank\" rel=\"noopener\">https:\/\/www.crownrelo.com\/<\/a>; ASV: <a href=\"https:\/\/www.crownworldwide.com\/en-us\" rel=\"noopener\" target=\"_blank\">https:\/\/www.crownworldwide.com\/en-us<\/a><\/p>","protected":false},"excerpt":{"rendered":"<p>Crown Relocations has its headquarters in Hong Kong. It offers its customers a range of relocation and moving services and these are listed below, together with a company profile and reviews. International Relocation Personalised service Door to door service Packing &#8211; do it yourself, selected items or full service Storage &#8211; short and long term [&hellip;]<\/p>\n","protected":false},"author":1,"featured_media":0,"parent":0,"menu_order":0,"comment_status":"closed","ping_status":"closed","template":"","meta":{"_genesis_hide_title":false,"_genesis_hide_breadcrumbs":false,"_genesis_hide_singular_image":false,"_genesis_hide_footer_widgets":false,"_genesis_custom_body_class":"","_genesis_custom_post_class":"","_genesis_layout":"","footnotes":""},"class_list":{"0":"post-1640","1":"page","2":"type-page","3":"status-publish","5":"entry"},"_links":{"self":[{"href":"https:\/\/moverdb.com\/lv\/wp-json\/wp\/v2\/pages\/1640","targetHints":{"allow":["GET"]}}],"collection":[{"href":"https:\/\/moverdb.com\/lv\/wp-json\/wp\/v2\/pages"}],"about":[{"href":"https:\/\/moverdb.com\/lv\/wp-json\/wp\/v2\/types\/page"}],"author":[{"embeddable":true,"href":"https:\/\/moverdb.com\/lv\/wp-json\/wp\/v2\/users\/1"}],"replies":[{"embeddable":true,"href":"https:\/\/moverdb.com\/lv\/wp-json\/wp\/v2\/comments?post=1640"}],"version-history":[{"count":6,"href":"https:\/\/moverdb.com\/lv\/wp-json\/wp\/v2\/pages\/1640\/revisions"}],"predecessor-version":[{"id":6199,"href":"https:\/\/moverdb.com\/lv\/wp-json\/wp\/v2\/pages\/1640\/revisions\/6199"}],"wp:attachment":[{"href":"https:\/\/moverdb.com\/lv\/wp-json\/wp\/v2\/media?parent=1640"}],"curies":[{"name":"wp","href":"https:\/\/api.w.org\/{rel}","templated":true}]}}