{"id":1628,"date":"2017-04-24T11:01:52","date_gmt":"2017-04-24T11:01:52","guid":{"rendered":"http:\/\/moverdb.com\/?page_id=1628"},"modified":"2026-01-08T14:48:18","modified_gmt":"2026-01-08T14:48:18","slug":"evergreen-marine","status":"publish","type":"page","link":"https:\/\/moverdb.com\/lv\/evergreen-marine\/","title":{"rendered":"Evergreen Marine (l\u012bnija) - Starptautisk\u0101s ku\u0123niec\u012bbas pakalpojumi un atsauksmes"},"content":{"rendered":"<p>Evergreen Marine, paz\u012bstams ar\u012b k\u0101 Evergreen Line, ir Taiv\u0101nas konteineru p\u0101rvad\u0101jumu un <a href=\"https:\/\/moverdb.com\/lv\/shipping-companies\/\" data-internallinksmanager029f6b8e52c=\"4\" title=\"10 lab\u0101kie starptautisko konteineru p\u0101rvad\u0101jumu uz\u0146\u0113mumi\">ku\u0123niec\u012bbas uz\u0146\u0113mums<\/a>. T\u0101 saviem klientiem pied\u0101v\u0101 pla\u0161u pakalpojumu kl\u0101stu. Tie ir uzskait\u012bti turpm\u0101k kop\u0101 ar uz\u0146\u0113muma profilu un atsauksm\u0113m.<\/p>\n<h3>Starptautisk\u0101 pieg\u0101de<\/h3>\n<p><strong>Viss vien\u0101 pakalpojum\u0101<\/strong><\/p>\n<ul>\n<li> S\u016bt\u012bjumu p\u0101rskats<\/li>\n<li> Rezerv\u0113\u0161ana<\/li>\n<li> B\/L instrukcija<\/li>\n<li> B\/L korekt\u016bra<\/li>\n<li> <a href=\"https:\/\/moverdb.com\/lv\/moving-to-the-united-states\/\" data-internallinksmanager029f6b8e52c=\"94\" title=\"P\u0101rce\u013caties uz Amerikas Savienotaj\u0101m Valst\u012bm? 2022 Dz\u012bves izmaksas un p\u0101rcel\u0161an\u0101s padomi\">ASV<\/a> import\u0113t\u0101ja dro\u0161\u012bbas pieteikuma iesnieg\u0161ana (ISF)<\/li>\n<\/ul>\n<p><strong>Intermod\u0101lie pakalpojumi<\/strong><\/p>\n<ul>\n<li> Pieg\u0101de no durv\u012bm l\u012bdz durv\u012bm<\/li>\n<li> J\u016bra, upe, autoce\u013c\u0161 un dzelzce\u013c\u0161<\/li>\n<\/ul>\n<p><strong>Sauso kravu konteineri<\/strong><\/p>\n<ul>\n<li> \u012apa\u0161i nor\u012bkots p\u0101rdo\u0161anas darbinieks<\/li>\n<li> 20\u2032 t\u0113rauda sauso kravu konteiners<\/li>\n<li> 40\u2032 t\u0113rauda sauso kravu konteiners<\/li>\n<li> 40\u2032 Hi-Cube sauso kravu konteiners<\/li>\n<li> 45\u2032 Hi-Cube sauso kravu konteiners<\/li>\n<\/ul>\n<p><strong>Refri\u017eeratoru konteiners<\/strong><\/p>\n<ul>\n<li> 20\u2032 MGSS refri\u017eeratorkonteiners<\/li>\n<li> 20\u2032 alum\u012bnija refri\u017eeratorkonteiners<\/li>\n<li> 40\u2032 Hi-Cube refri\u017eeratora konteiners<\/li>\n<li> 40\u2032 Hi-Cube alum\u012bnija refri\u017eeratora konteiners<\/li>\n<\/ul>\n<p><strong>\u012apa\u0161s konteiners<\/strong><\/p>\n<ul>\n<li> 20\u2032 pilna augstuma konteiners ar atv\u0113rtu aug\u0161\u0113jo da\u013cu<\/li>\n<li> 20\u2032 plakan\u0101 plauktu plauktu konteiners ar \u010detriem br\u012bvi st\u0101vo\u0161iem stat\u0146iem<\/li>\n<li> 20\u2032 plakan\u0101 plaukta plaukta konteiners ar salok\u0101mu galu<\/li>\n<li> 40\u2032 plakan\u0101 plauktu plauktu konteiners ar \u010detriem br\u012bvi st\u0101vo\u0161iem stat\u0146iem<\/li>\n<li> 40\u2032 plakan\u0101 plauktu plauktu konteiners ar salok\u0101mu galu<\/li>\n<li> 40\u2032 pilna augstuma konteiners ar atv\u0113rtu aug\u0161\u0113jo da\u013cu<\/li>\n<li> 40\u2032 Hi-cube ang\u0101ra konteiners<\/li>\n<\/ul>\n<h2>Evergreen Marine Uz\u0146\u0113muma profils<\/h2>\n<p>Evergreen Group pirmais uz\u0146\u0113mums Evergreen Marine Corporation tika dibin\u0101ts Taiv\u0101n\u0101 1. janv\u0101r\u012b.<sup>st<\/sup> 1968. gada septembr\u012b Dr. Yung-Fa Chang ar vienu lietotu kravas ku\u0123i. Evergreen s\u0101ka <a href=\"https:\/\/moverdb.com\/lv\/container-shipping\/\" data-internallinksmanager029f6b8e52c=\"3\" title=\"Starptautisko konteineru p\u0101rvad\u0101jumu tarifu diagramma: Apr\u012blis 2026\">konteineru p\u0101rvad\u0101jumi<\/a> 1975. gad\u0101, un l\u012bdz 1985. gadam uz\u0146\u0113mums bija k\u013cuvis par pasaul\u0113 liel\u0101ko konteineru p\u0101rvad\u0101jumu uz\u0146\u0113mumu.<\/p>\n<p>Tagad t\u0101 darbojas ar z\u012bmolu \"Evergreen Line\" kop\u0101 ar Evergreen Marine Corp. (Taiwan) Ltd., Evergreen Marine (<a href=\"https:\/\/moverdb.com\/lv\/moving-to-the-uk\/\" data-internallinksmanager029f6b8e52c=\"93\" title=\"P\u0101rce\u013caties uz Apvienoto Karalisti? 2022 Dz\u012bves izmaksas un p\u0101rcel\u0161an\u0101s padomi\">APVIENOT\u0100 KARALISTE<\/a>) Ltd., Evergreen Marine (<a href=\"https:\/\/moverdb.com\/lv\/moving-to-hong-kong\/\" data-internallinksmanager029f6b8e52c=\"350\" title=\"P\u0101rcel\u0161an\u0101s uz Honkongu? 2023 Dz\u012bves izmaksas un p\u0101rcel\u0161an\u0101s padomi\">Honkonga<\/a>) Ltd., Italia Marittima S.p.A. un Evergreen Marine (<a href=\"https:\/\/moverdb.com\/lv\/moving-to-singapore\/\" data-internallinksmanager029f6b8e52c=\"68\" title=\"P\u0101rcel\u0161an\u0101s uz Singap\u016bru? 2022 Dz\u012bves izmaksas un p\u0101rcel\u0161an\u0101s padomi\">Singap\u016bra<\/a>) Pte Ltd.<\/p>\n<p>Evergreen atbilst savam nosaukumam, jo t\u0101 liel\u0101kie ku\u0123i ir 7024 TEU S s\u0113rijas ku\u0123i, kas ir \u012bpa\u0161i konstru\u0113ti t\u0101, lai p\u0113c iesp\u0113jas maz\u0101k ietekm\u0113tu vidi.<\/p>\n<p>Evergreen Marine ir \u0161\u0101das akredit\u0101cijas un asoci\u0101cijas:<\/p>\n<ul>\n<li> ISO 9001 2000<\/li>\n<li> ISO 9002<\/li>\n<li> Starptautisk\u0101 dro\u0161\u012bbas p\u0101rvald\u012bba (ISM)<\/li>\n<li> SOLAS<\/li>\n<li> OPA90<\/li>\n<li> IMDG<\/li>\n<li> <a href=\"https:\/\/moverdb.com\/lv\/world-shipping-council\/\">Pasaules ku\u0123niec\u012bbas padome<\/a> (<a href=\"https:\/\/moverdb.com\/lv\/world-shipping-council\/\" data-internallinksmanager029f6b8e52c=\"82\" title=\"Pasaules ku\u0123niec\u012bbas padomes (WSC) skaidrojums\">WSC<\/a>)<\/li>\n<li> Klus\u0101 oke\u0101na siltumn\u012bcefekta g\u0101zu m\u0113r\u012bjumi (PGGM)<\/li>\n<\/ul>\n<h2>Evergreen Marine Atsauksmes<\/h2>\n<p>Public\u0113\u0161anas laik\u0101 m\u0113s nevar\u0113j\u0101m atrast pozit\u012bvas vai negat\u012bvas atsauksmes par Evergreen Marine vai Evergreen l\u012bnij\u0101m tie\u0161saist\u0113.<\/p>\n<div itemprop=\"review\" itemscope itemtype=\"http:\/\/schema.org\/Review\">\n<strong><span itemprop=\"author\" itemscope=\"\" itemtype=\"http:\/\/schema.org\/Organization\"><span itemprop=\"name\">MoverDB.com<\/span><\/span> Tie\u0161saistes vietnes p\u0101rskats par <span itemprop=\"itemreviewed\" itemscope=\"\" itemtype=\"http:\/\/schema.org\/Brand\"><span itemprop=\"name\">Evergreen Marine<\/span><\/span>:<\/strong><\/p>\n<ol>\n<li> Skaidra kontaktinform\u0101cija t\u012bmek\u013ca vietn\u0113 (tostarp t\u0101lru\u0146a numurs): <strong>J\u0101<\/strong><\/li>\n<li> Viegli ieg\u016bt starptautiskos p\u0101rvad\u0101jumu pied\u0101v\u0101jumus? (Tie\u0161saistes t\u0101mes piepras\u012bjuma veidlapa): <strong>J\u0101<\/strong>, var piepras\u012bt, izmantojot kontaktformu.<\/li>\n<li> Skaidra inform\u0101cija t\u012bmek\u013ca vietn\u0113: <strong>J\u0101,<\/strong> t\u012bmek\u013ca vietn\u0113 ir sniegta detaliz\u0113ta inform\u0101cija par visiem pakalpojumiem.<\/li>\n<li> Dal\u012bba starptautiski atz\u012bt\u0101s ku\u0123niec\u012bbas organiz\u0101cij\u0101s: <strong>J\u0101<\/strong><\/li>\n<li> Klientu saraksts un\/vai iepriek\u0161\u0113jo klientu atsauksmes. <strong>N\u0113,<\/strong> vi\u0146u t\u012bmek\u013ca vietn\u0113 nav neviena.<\/li>\n<\/ol>\n<div itemprop=\"reviewRating\" itemscope itemtype=\"http:\/\/schema.org\/Rating\"><meta itemprop=\"worstRating\" content = \"0\" \/><meta itemprop=\"bestRating\" content=\"5\" \/><meta itemprop=\"ratingValue\" content=\"4\"><\/div>\n<p><strong>Kop\u0113jais v\u0113rt\u0113jums: 4\/5<\/strong><br \/>\n<strong>P\u0101rskata datums:<\/strong> <span itemprop=\"datePublished\" content=\"2017-04-24\">24\/04\/2017<\/span>\n<\/div>\n<p>Vair\u0101k par citiem <a href=\"https:\/\/moverdb.com\/lv\/kugniecibas-uznemumi\/\">konteineru p\u0101rvad\u0101jumu uz\u0146\u0113mumi<\/a>, <a href=\"https:\/\/moverdb.com\/lv\/konteineru-parvadajumi\/\">starptautisko konteineru p\u0101rvad\u0101jumu izmaksas<\/a> un m\u016bsu <a href=\"https:\/\/moverdb.com\/lv\/atsauksmes\/\">p\u0101rskat\u012b\u0161anas process<\/a>.<\/p>\n<p><strong>T\u012bmek\u013ca vietnes:<\/strong> <\/p>\n<ul>\n<li> <a href=\"http:\/\/www.evergreen-line.com\/\" target=\"_blank\" rel=\"noopener\">http:\/\/www.evergreen-line.com\/<\/a><\/li>\n<li> <a href=\"http:\/\/www.evergreen-marine.co.uk\/\" target=\"_blank\" rel=\"noopener\">http:\/\/www.evergreen-marine.co.uk\/<\/a><\/li>\n<li> <a href=\"http:\/\/www.evergreen-marine.com\/\" target=\"_blank\" rel=\"noopener\">http:\/\/www.evergreen-marine.com\/<\/a><\/li>\n<li> <a href=\"http:\/\/www.evergreen-marine.com.hk\/\" target=\"_blank\" rel=\"noopener\">http:\/\/www.evergreen-marine.com.hk\/<\/a><\/li>\n<li> <a href=\"http:\/\/www.evergreen-marine.com.sg\/\" target=\"_blank\" rel=\"noopener\">http:\/\/www.evergreen-marine.com.sg\/<\/a><\/li>\n<li> <a href=\"http:\/\/www.italiamarittima.it\/\" target=\"_blank\" rel=\"noopener\">http:\/\/www.italiamarittima.it\/<\/a><\/li>\n<\/ul>","protected":false},"excerpt":{"rendered":"<p>Evergreen Marine, also known as Evergreen Line, is a Taiwanese container transportation and shipping company. It offers its clients a wide array of services. These are listed below together with a company profile and reviews. International Shipping All-in-one Service Shipment overview Booking B\/L instruction B\/L proofreading US importer security filing (ISF) Intermodal Services Door to [&hellip;]<\/p>\n","protected":false},"author":1,"featured_media":0,"parent":0,"menu_order":0,"comment_status":"closed","ping_status":"closed","template":"","meta":{"_genesis_hide_title":false,"_genesis_hide_breadcrumbs":false,"_genesis_hide_singular_image":false,"_genesis_hide_footer_widgets":false,"_genesis_custom_body_class":"","_genesis_custom_post_class":"","_genesis_layout":"","footnotes":""},"class_list":{"0":"post-1628","1":"page","2":"type-page","3":"status-publish","5":"entry"},"_links":{"self":[{"href":"https:\/\/moverdb.com\/lv\/wp-json\/wp\/v2\/pages\/1628","targetHints":{"allow":["GET"]}}],"collection":[{"href":"https:\/\/moverdb.com\/lv\/wp-json\/wp\/v2\/pages"}],"about":[{"href":"https:\/\/moverdb.com\/lv\/wp-json\/wp\/v2\/types\/page"}],"author":[{"embeddable":true,"href":"https:\/\/moverdb.com\/lv\/wp-json\/wp\/v2\/users\/1"}],"replies":[{"embeddable":true,"href":"https:\/\/moverdb.com\/lv\/wp-json\/wp\/v2\/comments?post=1628"}],"version-history":[{"count":3,"href":"https:\/\/moverdb.com\/lv\/wp-json\/wp\/v2\/pages\/1628\/revisions"}],"predecessor-version":[{"id":6206,"href":"https:\/\/moverdb.com\/lv\/wp-json\/wp\/v2\/pages\/1628\/revisions\/6206"}],"wp:attachment":[{"href":"https:\/\/moverdb.com\/lv\/wp-json\/wp\/v2\/media?parent=1628"}],"curies":[{"name":"wp","href":"https:\/\/api.w.org\/{rel}","templated":true}]}}