{"id":1624,"date":"2017-02-24T09:47:42","date_gmt":"2017-02-24T09:47:42","guid":{"rendered":"http:\/\/moverdb.com\/?page_id=1624"},"modified":"2026-01-08T13:18:22","modified_gmt":"2026-01-08T13:18:22","slug":"gil-stauffer","status":"publish","type":"page","link":"https:\/\/moverdb.com\/lv\/gil-stauffer\/","title":{"rendered":"Gil Stauffer - Starptautiskie p\u0101rv\u0101k\u0161an\u0101s un p\u0101rcel\u0161an\u0101s atsauksmes"},"content":{"rendered":"<p>Gil Stauffer ir sp\u0101\u0146u <a href=\"https:\/\/moverdb.com\/lv\/international-removals\/\" data-internallinksmanager029f6b8e52c=\"27\" title=\"36 Lab\u0101kie starptautisko p\u0101rvad\u0101jumu uz\u0146\u0113mumi Apvienotaj\u0101 Karalist\u0113\">p\u0101rcel\u0161an\u0101s uz\u0146\u0113mums<\/a> ar galveno m\u012btni <a href=\"https:\/\/moverdb.com\/lv\/moving-to-spain\/moving-to-madrid\/\" data-internallinksmanager029f6b8e52c=\"413\" title=\"P\u0101rcel\u0161an\u0101s uz Madridi? 2023 Dz\u012bves izmaksas un p\u0101rcel\u0161an\u0101s padomi\">Madride<\/a>. Uz\u0146\u0113mums saviem klientiem pied\u0101v\u0101 daudzus pakalpojumus, un tie ir uzskait\u012bti turpm\u0101k kop\u0101 ar uz\u0146\u0113muma profilu un atsauksm\u0113m.<\/p>\n<p><strong>Starptautisk\u0101s p\u0101rcel\u0161an\u0101s<\/strong><\/p>\n<ul>\n<li> Personaliz\u0113ts p\u0101rvieto\u0161an\u0101s pl\u0101ns<\/li>\n<li> No durv\u012bm l\u012bdz durv\u012bm<\/li>\n<li> J\u016bras vai gaisa kravu p\u0101rvad\u0101jumi<\/li>\n<li> Pilns iepako\u0161anas pakalpojums, da\u013c\u0113ja iepako\u0161ana vai pa\u0161iepako\u0161ana<\/li>\n<li> M\u0113be\u013cu demont\u0101\u017ea un atk\u0101rtota mont\u0101\u017ea<\/li>\n<li> Izpako\u0161anas pakalpojums pieejams<\/li>\n<li> Muito\u0161ana un pal\u012bdz\u012bba ar dokument\u0101ciju<\/li>\n<li> Apdro\u0161in\u0101\u0161ana organiz\u0113ta<\/li>\n<li> Pieejama \u012bstermi\u0146a un ilgtermi\u0146a uzglab\u0101\u0161ana<\/li>\n<\/ul>\n<p><strong>Valsts un viet\u0113jie p\u0101rv\u0101k\u0161an\u0101s<\/strong><\/p>\n<ul>\n<li> Personaliz\u0113ts p\u0101rvieto\u0161an\u0101s pl\u0101ns<\/li>\n<li> No durv\u012bm l\u012bdz durv\u012bm<\/li>\n<li> Pilns iepako\u0161anas pakalpojums, da\u013c\u0113ja iepako\u0161ana vai pa\u0161iepako\u0161ana<\/li>\n<li> Izpako\u0161anas pakalpojums pieejams<\/li>\n<li> M\u0113be\u013cu demont\u0101\u017ea un atk\u0101rtota mont\u0101\u017ea<\/li>\n<li> Atkritumu att\u012br\u012b\u0161ana<\/li>\n<li> Apdro\u0161in\u0101\u0161ana organiz\u0113ta<\/li>\n<li> Pieejama \u012bstermi\u0146a un ilgtermi\u0146a uzglab\u0101\u0161ana<\/li>\n<\/ul>\n<p><strong>Komerci\u0101lie p\u0101rv\u0101k\u0161an\u0101s<\/strong><\/p>\n<ul>\n<li> Lo\u0123istikas pl\u0101ns<\/li>\n<li> P\u0113c stund\u0101m p\u0101rvietojas<\/li>\n<li> No durv\u012bm l\u012bdz durv\u012bm<\/li>\n<li> Visu m\u0113be\u013cu demont\u0101\u017ea un atk\u0101rtota mont\u0101\u017ea<\/li>\n<li> Datora no\u0146em\u0161ana un p\u0101rinstal\u0113\u0161ana<\/li>\n<li> Atkritumu att\u012br\u012b\u0161ana<\/li>\n<li> Person\u0101la p\u0101rvieto\u0161ana<\/li>\n<\/ul>\n<p><strong>Darbinieku p\u0101rvieto\u0161ana<\/strong><\/p>\n<ul>\n<li> Darba at\u013caujas<\/li>\n<li> M\u0101ju med\u012bbas<\/li>\n<li> Valodu nodarb\u012bbas<\/li>\n<li> Pagaidu m\u0101joklis<\/li>\n<li> M\u0113be\u013cu noma<\/li>\n<li> Skolas mekl\u0113\u0161ana<\/li>\n<li> Viesn\u012bcu rezerv\u0101cija<\/li>\n<li> Bankas konti<\/li>\n<li> L\u012bzinga un nomas l\u012bgumi<\/li>\n<li> Pamatpakalpojumu nol\u012bgumi<\/li>\n<li> Kult\u016bras un para\u017eu kursi<\/li>\n<\/ul>\n<p><strong>Konteineri un uzglab\u0101\u0161ana<\/strong><\/p>\n<ul>\n<li> Preces, kas tiek uzglab\u0101tas herm\u0113tiski nosl\u0113gtos koka konteineros.<\/li>\n<li> 24\/7 apsardze<\/li>\n<li> Klimata kontrole<\/li>\n<li> Konteineri, kas apstr\u0101d\u0101ti pret kait\u0113k\u013ciem<\/li>\n<li> Veiktie ugunsdro\u0161\u012bbas pas\u0101kumi<\/li>\n<\/ul>\n<p><strong>Dokumentu noda\u013ca<\/strong><\/p>\n<ul>\n<li> Dokumentu arh\u012bvi<\/li>\n<li> Konfidenci\u0101las dokument\u0101cijas glab\u0101\u0161ana<\/li>\n<li> Pieejama arh\u012bvu elektroniska glab\u0101\u0161ana<\/li>\n<li> Augsta l\u012bme\u0146a dro\u0161\u012bba<\/li>\n<li> Klimata kontrole<\/li>\n<\/ul>\n<p><strong>M\u0101kslas darbu transport\u0113\u0161ana<\/strong><\/p>\n<ul>\n<li> P\u0101rvietojo\u0161\u0101s izst\u0101des<\/li>\n<li> Augsta l\u012bme\u0146a tehnisk\u0101s zin\u0101\u0161anas<\/li>\n<li> \u012apa\u0161i apstr\u0101des pa\u0146\u0113mieni<\/li>\n<li> P\u0101rvieto\u0161anas transportl\u012bdzek\u013ci ir ar klimata kontroli<\/li>\n<\/ul>\n<p><strong>Kurjerpasta pakalpojumi<\/strong><\/p>\n<ul>\n<li> Viet\u0113jais un starptautiskais<\/li>\n<li> S\u016bt\u012bjumi vai dokumenti<\/li>\n<li> Izsekot tie\u0161saist\u0113<\/li>\n<li> Nav svara ierobe\u017eojuma<\/li>\n<li> Gaisa, j\u016bras vai sauszemes kravu p\u0101rvad\u0101jumi<\/li>\n<\/ul>\n<h2>Gil Stauffer Uz\u0146\u0113muma profils<\/h2>\n<p>Gil Stauffer ir Sp\u0101nijas p\u0101rcel\u0161an\u0101s uz\u0146\u0113mums, kas dibin\u0101ts 1905. gad\u0101. T\u0101s galvenais birojs atrodas Madrid\u0113, bet 33 biroji ir izkais\u012bti vis\u0101 pasaul\u0113. <a href=\"https:\/\/moverdb.com\/lv\/moving-to-spain\/\" data-internallinksmanager029f6b8e52c=\"266\" title=\"P\u0101rcel\u0161an\u0101s uz Sp\u0101niju? 2023 Dz\u012bves izmaksas un p\u0101rcel\u0161an\u0101s padomi\">Sp\u0101nija<\/a> un Bale\u0101ru salas. T\u0101 lepojas, ka p\u0101rved\u012bs klientus jebkur\u0101 viet\u0101 un jebkur\u0101 gada dien\u0101. Uz\u0146\u0113mumam ir biroji Eirop\u0101, <a href=\"https:\/\/moverdb.com\/lv\/moving-to-the-united-states\/\" data-internallinksmanager029f6b8e52c=\"94\" title=\"P\u0101rce\u013caties uz Amerikas Savienotaj\u0101m Valst\u012bm? 2022 Dz\u012bves izmaksas un p\u0101rcel\u0161an\u0101s padomi\">Amerikas Savienot\u0101s Valstis<\/a>, Oke\u0101nij\u0101, \u0100zij\u0101 un \u0100frik\u0101.<\/p>\n<p>Gil Stauffer lepojas ar savu novatorisko garu. Pag\u0101ju\u0161\u0101 gadsimta 50. gados uz\u0146\u0113mums konstru\u0113ja vien\u012bgo kravas automa\u0161\u012bnu Sp\u0101nij\u0101, ar kuru var\u0113ja p\u0101rvietot l\u012bdz 200 tonn\u0101m smagas kravas. Pirms vair\u0101k nek\u0101 70 gadiem tas bija ar\u012b viens no pirmajiem, kas s\u0101ka izmantot konteineru ekspresvilcienu sist\u0113mu (TECO).<\/p>\n<p>Uz\u0146\u0113mums ir izveidojis specializ\u0113tas apm\u0101c\u012bbas programmas un pieprasa, lai t\u0101 starptautisk\u0101s noda\u013cas darbinieki lieliski p\u0101rvalda ang\u013cu valodu, k\u0101 ar\u012b citas valodas. Uz\u0146\u0113mumam ir \u013coti iespaid\u012bgs transportl\u012bdzek\u013cu parks, kas aptver visas iesp\u0113jam\u0101s klientu vajadz\u012bbas.<\/p>\n<p>Uz\u0146\u0113mums saviem klientiem nodro\u0161ina starptautiskus un iek\u0161zemes p\u0101rv\u0101k\u0161an\u0101s darbus, k\u0101 ar\u012b uz\u0146\u0113mumu un biroju p\u0101rv\u0101k\u0161anos un darbinieku p\u0101rcel\u0161anos.<br \/>\nGil Stauffer ir \u0161\u0101das akredit\u0101cijas un asoci\u0101cijas:<\/p>\n<ul>\n<li> <a href=\"https:\/\/moverdb.com\/lv\/fidi-faim\/\">FIDI<\/a><\/li>\n<li> <a href=\"https:\/\/moverdb.com\/lv\/esmu\/\">IAM<\/a><\/li>\n<li> <a href=\"https:\/\/moverdb.com\/lv\/amsa\/\">AMSA<\/a><\/li>\n<li> <a href=\"https:\/\/moverdb.com\/lv\/fedemac\/\">FEDEMAC<\/a><\/li>\n<li> <a href=\"https:\/\/moverdb.com\/lv\/lacma\/\">LACMA<\/a><\/li>\n<li> PAIMA<\/li>\n<\/ul>\n<h2>Gil Stauffer Company Atsauksmes<\/h2>\n<p><strong>Pozit\u012bvi:<\/strong><\/p>\n<ul>\n<li> Neviens nav pieejams, un nav iesp\u0113jams atrast atsauksmes uz vietas<\/li>\n<\/ul>\n<p><strong>Negat\u012bvs:<\/strong><\/p>\n<ul>\n<li> <em>\"Neizmantojiet Gila Staufera pakalpojumus, lai p\u0101rvietotu j\u016bsu mantas. J\u016bs to no\u017e\u0113losiet.\"<\/em> - Craig Bugden via <a href=\"https:\/\/uk.trustpilot.com\/reviews\/56ec28640000ff00094734c0\" target=\"_blank\" rel=\"noopener\">Trustpilot<\/a><\/li>\n<\/ul>\n<div itemprop=\"review\" itemscope itemtype=\"http:\/\/schema.org\/Review\">\n<span itemprop=\"author\" itemscope=\"\" itemtype=\"http:\/\/schema.org\/Organization\"><span itemprop=\"name\">MoverDB.com<\/span><\/span> Tie\u0161saistes vietnes p\u0101rskats par <span itemprop=\"itemreviewed\" itemscope=\"\" itemtype=\"http:\/\/schema.org\/Brand\"><span itemprop=\"name\">Gil Stauffer<\/span><\/span>:<\/p>\n<ol>\n<li> Skaidra kontaktinform\u0101cija t\u012bmek\u013ca vietn\u0113 (tostarp t\u0101lru\u0146a numurs): <strong>J\u0101<\/strong><\/li>\n<li> Viegli ieg\u016bt <a href=\"https:\/\/moverdb.com\/lv\/citati\/\">starptautiskie p\u0101rvietojas cit\u0101ti<\/a>? (Tie\u0161saistes t\u0101mes piepras\u012bjuma veidlapa): <strong>J\u0101<\/strong>, bet tikai pa e-pastu (bez veidlapas).<\/li>\n<li> Skaidra inform\u0101cija t\u012bmek\u013ca vietn\u0113: <strong>Da\u017ei,<\/strong> T\u012bmek\u013ca vietn\u0113 ir pietiekami daudz inform\u0101cijas par vi\u0146u pakalpojumiem, ta\u010du t\u0101 nav \u013coti detaliz\u0113ta.<\/li>\n<li> Dal\u012bba starptautiski atz\u012bt\u0101s kust\u012bbu organiz\u0101cij\u0101s: <strong>J\u0101<\/strong>, bet tie nav nor\u0101d\u012bti to t\u012bmek\u013ca vietn\u0113<\/li>\n<li> Klientu saraksts un\/vai iepriek\u0161\u0113jo klientu atsauksmes: <strong>N\u0113,<\/strong> un vien\u012bgais p\u0101rskats, ko m\u0113s var\u0113j\u0101m atrast par tiem ang\u013cu valod\u0101, bija negat\u012bvs.<\/li>\n<\/ol>\n<div itemprop=\"reviewRating\" itemscope itemtype=\"http:\/\/schema.org\/Rating\"><meta itemprop=\"worstRating\" content = \"0\" \/><meta itemprop=\"bestRating\" content=\"5\" \/><meta itemprop=\"ratingValue\" content=\"3.5\"><\/div>\n<p><strong>Kop\u0113jais v\u0113rt\u0113jums: 3,5\/5<\/strong><br \/>\n<strong>P\u0101rskata datums:<\/strong> <span itemprop=\"datePublished\" content=\"2017-02-24\">24\/02\/2017<\/span>\n<\/div>\n<p>Las\u012bt vair\u0101k par <a href=\"https:\/\/moverdb.com\/lv\/parvietojas-uznemumi\/\">starptautiskie p\u0101rvieto\u0161an\u0101s uz\u0146\u0113mumi<\/a> un m\u016bsu <a href=\"https:\/\/moverdb.com\/lv\/atsauksmes\/\">p\u0101rskat\u012b\u0161anas process<\/a>.<\/p>\n<p><strong>T\u012bmek\u013ca vietne:<\/strong> <a href=\"http:\/\/www.gil-stauffer.com\/?lang=en\" target=\"_blank\" rel=\"noopener\">http:\/\/www.gil-stauffer.com\/<\/a><\/p>","protected":false},"excerpt":{"rendered":"<p>Gil Stauffer is a Spanish removal company with its headquarters in Madrid. The company has many services to offer its customers and these are listed below together with a company profile and reviews. International Moves Personalised moving plan Door to door Sea freight or air freight Full packing service, partial packing or self-packing Disassembly and [&hellip;]<\/p>\n","protected":false},"author":1,"featured_media":0,"parent":0,"menu_order":0,"comment_status":"closed","ping_status":"closed","template":"","meta":{"_genesis_hide_title":false,"_genesis_hide_breadcrumbs":false,"_genesis_hide_singular_image":false,"_genesis_hide_footer_widgets":false,"_genesis_custom_body_class":"","_genesis_custom_post_class":"","_genesis_layout":"","footnotes":""},"class_list":{"0":"post-1624","1":"page","2":"type-page","3":"status-publish","5":"entry"},"_links":{"self":[{"href":"https:\/\/moverdb.com\/lv\/wp-json\/wp\/v2\/pages\/1624","targetHints":{"allow":["GET"]}}],"collection":[{"href":"https:\/\/moverdb.com\/lv\/wp-json\/wp\/v2\/pages"}],"about":[{"href":"https:\/\/moverdb.com\/lv\/wp-json\/wp\/v2\/types\/page"}],"author":[{"embeddable":true,"href":"https:\/\/moverdb.com\/lv\/wp-json\/wp\/v2\/users\/1"}],"replies":[{"embeddable":true,"href":"https:\/\/moverdb.com\/lv\/wp-json\/wp\/v2\/comments?post=1624"}],"version-history":[{"count":3,"href":"https:\/\/moverdb.com\/lv\/wp-json\/wp\/v2\/pages\/1624\/revisions"}],"predecessor-version":[{"id":6215,"href":"https:\/\/moverdb.com\/lv\/wp-json\/wp\/v2\/pages\/1624\/revisions\/6215"}],"wp:attachment":[{"href":"https:\/\/moverdb.com\/lv\/wp-json\/wp\/v2\/media?parent=1624"}],"curies":[{"name":"wp","href":"https:\/\/api.w.org\/{rel}","templated":true}]}}