{"id":1614,"date":"2017-04-27T14:28:26","date_gmt":"2017-04-27T14:28:26","guid":{"rendered":"http:\/\/moverdb.com\/?page_id=1614"},"modified":"2026-01-08T13:18:27","modified_gmt":"2026-01-08T13:18:27","slug":"hamburg-sud","status":"publish","type":"page","link":"https:\/\/moverdb.com\/lv\/hamburg-sud\/","title":{"rendered":"Hamburg S\u00fcd Group - Starptautisk\u0101s ku\u0123niec\u012bbas pakalpojumi un atsauksmes"},"content":{"rendered":"<p>Hamburg S\u00fcd ir V\u0101cijas <a href=\"https:\/\/moverdb.com\/lv\/shipping-companies\/\" data-internallinksmanager029f6b8e52c=\"4\" title=\"10 lab\u0101kie starptautisko konteineru p\u0101rvad\u0101jumu uz\u0146\u0113mumi\">ku\u0123niec\u012bbas uz\u0146\u0113mums<\/a> kas saviem klientiem pied\u0101v\u0101 virkni pakalpojumu. Tie ir uzskait\u012bti turpm\u0101k kop\u0101 ar uz\u0146\u0113muma profilu un atsauksm\u0113m. (<em><strong>Piez\u012bme:<\/strong> <a href=\"https:\/\/moverdb.com\/lv\/maersk\/\" target=\"_blank\" rel=\"noopener\">Maersk Line<\/a> ir uz\u0146\u0113muma ieg\u0101des proces\u0101.<\/em>).<\/p>\n<h3>Starptautiskie konteineru p\u0101rvad\u0101jumi<\/h3>\n<ul>\n<li> Ekspertu veikta pl\u0101no\u0161ana<\/li>\n<li> No durv\u012bm l\u012bdz durv\u012bm<\/li>\n<li> Pieejami kombin\u0113t\u0101 transporta pakalpojumi<\/li>\n<\/ul>\n<p><strong>Saus\u0101s kravas<\/strong><\/p>\n<p><strong>B\u012bstam\u0101s kravas<\/strong><\/p>\n<ul>\n<li> Katru piepras\u012bjumu izskata eksperti<\/li>\n<li> J\u0101iev\u0113ro normat\u012bvie akti<\/li>\n<li> Sertific\u0113ts b\u012bstamo kravu dro\u0161\u012bbas konsultants (DGSA) konsult\u0113 par visiem p\u0101rvad\u0101jumiem.<\/li>\n<li> M\u016bsdien\u012bgi ku\u0123i b\u012bstamu kravu p\u0101rvad\u0101\u0161anai<\/li>\n<li> Stingra uzman\u012bba krau\u0161anas atbilst\u012bbai<\/li>\n<\/ul>\n<p><strong>Refri\u017eeratoru kravu p\u0101rvad\u0101jumi<\/strong><\/p>\n<ul>\n<li> Aug\u013ci, d\u0101rze\u0146i, ziedi, augi<\/li>\n<li> Ga\u013ca, zivis un j\u016bras veltes<\/li>\n<li> Farmaceitiskie l\u012bdzek\u013ci, fotomateri\u0101li un \u0137\u012bmisk\u0101s vielas<\/li>\n<li> Piens un sula<\/li>\n<li> <a href=\"https:\/\/moverdb.com\/lv\/konteineru-parvadajumi\/\">20\u2032 un 40\u2032 konteineri<\/a><\/li>\n<li> Nep\u0101rtraukta aukstuma pieg\u0101des \u0137\u0113de<\/li>\n<li> Nov\u0101kto aug\u013cu un d\u0101rze\u0146u atmosf\u0113ras p\u0101rvald\u012bba<\/li>\n<li> Vair\u0101ku temperat\u016bru re\u017e\u012bms<\/li>\n<li> Spuldzes re\u017e\u012bms<\/li>\n<\/ul>\n<p><strong>\u012apa\u0161\u0101s kravas<\/strong><\/p>\n<ul>\n<li> P\u0101rr\u0101vuma apjoms<\/li>\n<li> \u0100rpus gabar\u012bta<\/li>\n<li> Augsta bl\u012bvuma<\/li>\n<\/ul>\n<p><strong>Citi pieg\u0101des pakalpojumi<\/strong><\/p>\n<ul>\n<li> visu attiec\u012bgo importa un eksporta dokumentu k\u0101rto\u0161ana<\/li>\n<li> Pagaidu glab\u0101\u0161ana<\/li>\n<li> Liel\u0101ku s\u016bt\u012bjumu sadal\u012b\u0161ana atsevi\u0161\u0137os s\u016bt\u012bjumos.<\/li>\n<li> Mar\u0137\u0113\u0161ana<\/li>\n<li> Importa un eksporta muito\u0161ana<\/li>\n<\/ul>\n<p><strong>Ku\u0123i<\/strong><\/p>\n<ul>\n<li> Modern\u0101 flote<\/li>\n<li> <a href=\"https:\/\/moverdb.com\/lv\/kugniecibas-uznemumi\/\">Konteineru ku\u0123i<\/a><\/li>\n<li> Beramkravu p\u0101rvad\u0101t\u0101ji<\/li>\n<li> Produktu tankku\u0123i<\/li>\n<\/ul>\n<p><strong>Lietotu konteineru tirdzniec\u012bba<\/strong><\/p>\n<ul>\n<li> Pla\u0161s da\u017e\u0101du konteineru veidu kl\u0101sts<\/li>\n<li> Piek\u013cuve lietotiem konteineriem vis\u0101 pasaul\u0113<\/li>\n<li> Augstas kvalit\u0101tes konteineri<\/li>\n<li> Pieredz\u0113ju\u0161i darbinieki<\/li>\n<li> Viet\u0113j\u0101s valodas atbalsts<\/li>\n<\/ul>\n<p><strong>e-komercija<\/strong><\/p>\n<ul>\n<li> Uz min\u016bti prec\u012bzi grafiki<\/li>\n<li> Izseko\u0161ana un izseko\u0161ana (konteineru izseko\u0161ana)<\/li>\n<li> Rezerv\u0101ciju p\u0101rskati<\/li>\n<li> Rezerv\u0101ciju atjauno\u0161ana<\/li>\n<li> P\u0101rskats par nos\u016bt\u012b\u0161anas instrukcij\u0101m<\/li>\n<li> Jaunu nos\u016bt\u012b\u0161anas instrukciju iesnieg\u0161ana<\/li>\n<li> B\/L projektu p\u0101rbaude<\/li>\n<li> Standartiz\u0113tu zi\u0146ojumu izveide par s\u016bt\u012bjumu<\/li>\n<li> Kravas izseko\u0161ana un izseko\u0161ana<\/li>\n<\/ul>\n<h2>Hamburg S\u00fcd Uz\u0146\u0113muma profils<\/h2>\n<p>Hamburg S\u00fcd 1871. gad\u0101 dibin\u0101ja vienpadsmit Hamburgas tirdzniec\u012bbas namu p\u0101rst\u0101vji, un t\u0101 bija paz\u012bstama k\u0101 Hamburg S\u00fcdamerikanische Dampfschifffahrts-Gesellschaft. L\u012bdz 1914. gadam uz\u0146\u0113mumam bija 50 tvaika ku\u0123i, no kuriem visi tika izn\u012bcin\u0101ti Pirm\u0101 pasaules kara laik\u0101. <\/p>\n<p>1920. gad\u0101 uz\u0146\u0113mums s\u0101k p\u0101rb\u016bvi un dibina kru\u012bzu komp\u0101niju. L\u012bdz 1939. gadam Hamburg S\u00fcd ir liel\u0101k\u0101 flote pasaul\u0113 - kopum\u0101 52 ku\u0123i.<\/p>\n<p>Otr\u0101 pasaules kara laik\u0101 uz\u0146\u0113muma flote atkal tika piln\u012bb\u0101 zaud\u0113ta. Hamburg S\u00fcd pamaz\u0101m ats\u0101ka kru\u012bzu ku\u0123u darb\u012bbu un piev\u0113rs\u0101s ar\u012b l\u012bgumreisu p\u0101rvad\u0101jumu nozarei. Uz\u0146\u0113mums uzs\u0101ka tankku\u0123u un refri\u017eeratoru p\u0101rvad\u0101jumus un 1971. gad\u0101 s\u0101ka nodarboties ar <a href=\"https:\/\/moverdb.com\/lv\/container-shipping\/\" data-internallinksmanager029f6b8e52c=\"3\" title=\"Starptautisko konteineru p\u0101rvad\u0101jumu tarifu diagramma: Maijs 2026\">konteineru p\u0101rvad\u0101jumi<\/a>.<\/p>\n<p>Uz\u0146\u0113mums \u0161obr\u012bd ir ierindojies pasaules konteineru p\u0101rvad\u0101jumu uz\u0146\u0113mumu pirmaj\u0101 desmitniek\u0101. Tam ir 127 <a href=\"https:\/\/moverdb.com\/lv\/top-10-largest-container-ships-in-2022\/\" data-internallinksmanager029f6b8e52c=\"84\" title=\"10 liel\u0101kie konteinerku\u0123i 2026. gad\u0101\">konteineru ku\u0123i<\/a> ar vair\u0101k nek\u0101 600 000 TEU slotu ietilp\u012bbu un 50 l\u012bnijp\u0101rvad\u0101jumiem. Hamburg S\u00fcd nodarbina vair\u0101k nek\u0101 6000 darbinieku 250 birojos vis\u0101 pasaul\u0113.<\/p>\n<p>Hamburg S\u00fcd ir \u0161\u0101das akredit\u0101cijas un pieder\u012bbas:<\/p>\n<ul>\n<li> <a href=\"https:\/\/moverdb.com\/lv\/world-shipping-council\/\">Pasaules ku\u0123niec\u012bbas padome<\/a> (<a href=\"https:\/\/moverdb.com\/lv\/world-shipping-council\/\" data-internallinksmanager029f6b8e52c=\"82\" title=\"Pasaules ku\u0123niec\u012bbas padomes (WSC) skaidrojums\">WSC<\/a>)<\/li>\n<li> T\u012bras kravas darba grupa (CCWG)<\/li>\n<li> <a href=\"https:\/\/moverdb.com\/lv\/moving-to-the-united-states\/\" data-internallinksmanager029f6b8e52c=\"94\" title=\"P\u0101rce\u013caties uz Amerikas Savienotaj\u0101m Valst\u012bm? 2022 Dz\u012bves izmaksas un p\u0101rcel\u0161an\u0101s padomi\">ASV<\/a> Vides aizsardz\u012bbas a\u0123ent\u016bra (EPA)<\/li>\n<li> VDR (Verband Deutsche Reeder)<\/li>\n<li> Starptautiskais ku\u0123o\u0161anas dro\u0161\u012bbas sertifik\u0101ts (ISSC)<\/li>\n<li> EIPP Standartu konsultat\u012bv\u0101 padome<\/li>\n<\/ul>\n<p><strong>Hamburg S\u00fcd Group Atsauksmes<\/strong><\/p>\n<p><em>Rakst\u012b\u0161anas laik\u0101 m\u0113s nevar\u0113j\u0101m atrast pozit\u012bvas vai negat\u012bvas atsauksmes par Hamburg S\u00fcd ku\u0123niec\u012bbas pakalpojumiem tie\u0161saist\u0113.<\/em><\/p>\n<p><strong><\/p>\n<div itemprop=\"review\" itemscope itemtype=\"http:\/\/schema.org\/Review\">\n<span itemprop=\"author\" itemscope=\"\" itemtype=\"http:\/\/schema.org\/Organization\"><span itemprop=\"name\">MoverDB.com<\/span><\/span> Tie\u0161saistes vietnes p\u0101rskats par <span itemprop=\"itemreviewed\" itemscope=\"\" itemtype=\"http:\/\/schema.org\/Brand\"><span itemprop=\"name\">Hamburg S\u00fcd<\/span><\/span>:<\/strong><\/p>\n<ol>\n<li> Skaidra kontaktinform\u0101cija t\u012bmek\u013ca vietn\u0113 (tostarp t\u0101lru\u0146a numurs): <strong>J\u0101<\/strong><\/li>\n<li> Viegli ieg\u016bt starptautiskos p\u0101rvad\u0101jumu pied\u0101v\u0101jumus? (Tie\u0161saistes t\u0101mes piepras\u012bjuma veidlapa): <strong>Kaut k\u0101<\/strong>, lai veiktu jaunu rezerv\u0101ciju, ir j\u0101re\u0123istr\u0113jas.<\/li>\n<li> Skaidra inform\u0101cija t\u012bmek\u013ca vietn\u0113: <strong>J\u0101,<\/strong> T\u012bmek\u013ca vietn\u0113 ir skaidri izkl\u0101st\u012bti visi uz\u0146\u0113muma pied\u0101v\u0101tie pakalpojumi.<\/li>\n<li> Dal\u012bba starptautiski atz\u012bt\u0101s ku\u0123niec\u012bbas organiz\u0101cij\u0101s: <strong>J\u0101<\/strong>skat\u012bt iepriek\u0161.<\/li>\n<li> Klientu saraksts un\/vai iepriek\u0161\u0113jo klientu atsauksmes. <strong>N\u0113,<\/strong> bet vi\u0146i uzskait\u012bja daudzos apbalvojumus, ko vi\u0146i ir ieguvu\u0161i.<\/li>\n<\/ol>\n<div itemprop=\"reviewRating\" itemscope itemtype=\"http:\/\/schema.org\/Rating\"><meta itemprop=\"worstRating\" content = \"0\" \/><meta itemprop=\"bestRating\" content=\"5\" \/><meta itemprop=\"ratingValue\" content=\"4\"><\/div>\n<p><strong>Kop\u0113jais v\u0113rt\u0113jums: 4\/5<\/strong><br \/>\n<strong>P\u0101rskata datums:<\/strong> <span itemprop=\"datePublished\" content=\"2017-04-27\">27\/04\/2017<\/span>\n<\/div>\n<p>Vair\u0101k par citiem <a href=\"https:\/\/moverdb.com\/lv\/kugniecibas-uznemumi\/\">starptautiskie ku\u0123niec\u012bbas uz\u0146\u0113mumi<\/a>, <a href=\"https:\/\/moverdb.com\/lv\/konteineru-parvadajumi\/\">konteineru p\u0101rvad\u0101jumu tarifi<\/a> un m\u016bsu <a href=\"https:\/\/moverdb.com\/lv\/atsauksmes\/\">p\u0101rskat\u012b\u0161anas process<\/a>.<\/p>\n<p><strong>T\u012bmek\u013ca vietne:<\/strong> <a href=\"http:\/\/www.hamburgsud.com\" target=\"_blank\" rel=\"noopener\">http:\/\/www.hamburgsud.com<\/a><\/p>","protected":false},"excerpt":{"rendered":"<p>Hamburg S\u00fcd is a German shipping company which offers its customers a range of services. These are listed below together with a company profile and reviews. (Note: Maersk Line is in the process of buying the company). International Container Shipping Planning by experts Door to door Intermodal services available Dry Cargo Hazardous Cargo Each request [&hellip;]<\/p>\n","protected":false},"author":1,"featured_media":0,"parent":0,"menu_order":0,"comment_status":"closed","ping_status":"closed","template":"","meta":{"_genesis_hide_title":false,"_genesis_hide_breadcrumbs":false,"_genesis_hide_singular_image":false,"_genesis_hide_footer_widgets":false,"_genesis_custom_body_class":"","_genesis_custom_post_class":"","_genesis_layout":"","footnotes":""},"class_list":{"0":"post-1614","1":"page","2":"type-page","3":"status-publish","5":"entry"},"_links":{"self":[{"href":"https:\/\/moverdb.com\/lv\/wp-json\/wp\/v2\/pages\/1614","targetHints":{"allow":["GET"]}}],"collection":[{"href":"https:\/\/moverdb.com\/lv\/wp-json\/wp\/v2\/pages"}],"about":[{"href":"https:\/\/moverdb.com\/lv\/wp-json\/wp\/v2\/types\/page"}],"author":[{"embeddable":true,"href":"https:\/\/moverdb.com\/lv\/wp-json\/wp\/v2\/users\/1"}],"replies":[{"embeddable":true,"href":"https:\/\/moverdb.com\/lv\/wp-json\/wp\/v2\/comments?post=1614"}],"version-history":[{"count":4,"href":"https:\/\/moverdb.com\/lv\/wp-json\/wp\/v2\/pages\/1614\/revisions"}],"predecessor-version":[{"id":6217,"href":"https:\/\/moverdb.com\/lv\/wp-json\/wp\/v2\/pages\/1614\/revisions\/6217"}],"wp:attachment":[{"href":"https:\/\/moverdb.com\/lv\/wp-json\/wp\/v2\/media?parent=1614"}],"curies":[{"name":"wp","href":"https:\/\/api.w.org\/{rel}","templated":true}]}}