{"id":1610,"date":"2017-04-24T11:17:52","date_gmt":"2017-04-24T11:17:52","guid":{"rendered":"http:\/\/moverdb.com\/?page_id=1610"},"modified":"2026-01-08T13:18:28","modified_gmt":"2026-01-08T13:18:28","slug":"hapag-lloyd","status":"publish","type":"page","link":"https:\/\/moverdb.com\/lv\/hapag-lloyd\/","title":{"rendered":"Hapag-Lloyd - Starptautisk\u0101s ku\u0123niec\u012bbas pakalpojumi un atsauksmes"},"content":{"rendered":"<p>Hapag-Lloyd ir glob\u0101ls <a href=\"https:\/\/moverdb.com\/lv\/shipping-companies\/\" data-internallinksmanager029f6b8e52c=\"4\" title=\"10 lab\u0101kie starptautisko konteineru p\u0101rvad\u0101jumu uz\u0146\u0113mumi\">ku\u0123niec\u012bbas uz\u0146\u0113mums<\/a> ar galveno biroju Hamburg\u0101, <a href=\"https:\/\/moverdb.com\/lv\/moving-to-germany\/\" data-internallinksmanager029f6b8e52c=\"321\" title=\"P\u0101rcel\u0161an\u0101s uz V\u0101ciju? 2023 Dz\u012bves izmaksas un p\u0101rcel\u0161an\u0101s padomi\">V\u0101cija<\/a>. T\u0101 saviem klientiem pied\u0101v\u0101 pla\u0161u p\u0101rvad\u0101jumu un lo\u0123istikas risin\u0101jumu kl\u0101stu. Tie ir uzskait\u012bti turpm\u0101k kop\u0101 ar uz\u0146\u0113muma profilu un atsauksm\u0113m.<\/p>\n<h3>Starptautisk\u0101 pieg\u0101de<\/h3>\n<p><strong>Saus\u0101s kravas<\/strong><\/p>\n<ul>\n<li> Pla\u0161s konteineru risin\u0101jumu kl\u0101sts<\/li>\n<li> \u0100tri tranz\u012bta laiki<\/li>\n<li> Uz vietas grafika uzticam\u012bba<\/li>\n<li> Pied\u0101v\u0101 pakalpojumus no durv\u012bm l\u012bdz durv\u012bm<\/li>\n<li> \u0136\u012bmisko vielu s\u016bt\u012bjumi, iev\u0113roti noteikumi<\/li>\n<\/ul>\n<p><strong>Refri\u017eeratoru kravu p\u0101rvad\u0101jumi<\/strong><\/p>\n<ul>\n<li> Aug\u013ci, d\u0101rze\u0146i, ga\u013ca, zivis, ziedi<\/li>\n<li> Farmaceitiskie produkti ar augstu pievienoto v\u0113rt\u012bbu<\/li>\n<li> Kontrol\u0113ta atmosf\u0113ra<\/li>\n<li> ExtraFresh un EverFresh tehnolo\u0123ija, kas izmantota kondens\u0101cijas samazin\u0101\u0161anai.<\/li>\n<li> Profesion\u0101li apstr\u0101d\u0101t\u0101ji<\/li>\n<\/ul>\n<p><strong>B\u012bstam\u0101s preces<\/strong><\/p>\n<ul>\n<li> Personaliz\u0113ti risin\u0101jumi katram sare\u017e\u0123\u012btam b\u012bstamo kravu p\u0101rvad\u0101jumam<\/li>\n<li> 24\/7 atbalsts no b\u012bstamo kravu ekspertiem visos re\u0123ion\u0101lajos birojos (Hamburg\u0101, Valparaiso, Piskatavej\u0101 un Piskatavej\u0101). <a href=\"https:\/\/moverdb.com\/lv\/moving-to-singapore\/\" data-internallinksmanager029f6b8e52c=\"68\" title=\"P\u0101rcel\u0161an\u0101s uz Singap\u016bru? 2022 Dz\u012bves izmaksas un p\u0101rcel\u0161an\u0101s padomi\">Singap\u016bra<\/a>)<\/li>\n<li> Vair\u0101ki b\u012bstamo kravu eksperti de\u017e\u016bras ned\u0113\u013cas nogal\u0113s<\/li>\n<li> \u0100tra un uzticama rezerv\u0101cijas p\u0101rbaude, lai nodro\u0161in\u0101tu starptautisko ties\u012bbu aktu pras\u012bbas un netrauc\u0113tu pre\u010du transport\u0113\u0161anu.<\/li>\n<li> Pareiza uzglab\u0101\u0161ana un no\u0161\u0137ir\u0161ana uz ku\u0123a, lai nodro\u0161in\u0101tu dro\u0161u j\u016bras braucienu visai kravai.<\/li>\n<li> Vajadz\u012bbas gad\u012bjum\u0101 izmantojiet dro\u0161us p\u0101rvad\u0101\u0161anas pas\u0101kumus, kas p\u0101rsniedz IMDG kodeksa pras\u012bbas.<\/li>\n<\/ul>\n<p><strong>\u012apa\u0161\u0101s kravas<\/strong><\/p>\n<ul>\n<li> Specializ\u0113t\u0101 komanda<\/li>\n<li> Breakbulk - eksperti pl\u0101no lielizm\u0113ra projektus<\/li>\n<\/ul>\n<p><strong>Konteineri<\/strong><\/p>\n<ul>\n<li> Atbilst ISO pras\u012bb\u0101m<\/li>\n<li> Sauskravas - standarta, standarta augsta kuba, standarta cietais jumts, standarta augsta kuba cietais jumts, standarta augsta kuba cietais jumts<\/li>\n<li> Refri\u017eeratoru kravu p\u0101rvad\u0101jumi - temperat\u016bras uztur\u0113\u0161ana no -35\u00b0C l\u012bdz +30\u00b0C.<\/li>\n<li> Mazs pa\u0161masa = liela lietder\u012bg\u0101 slodze<\/li>\n<li> Speci\u0101l\u0101 krava - plakan\u0101 platforma, plakan\u0101 platforma ar augstu kubu, atv\u0113rta aug\u0161da\u013ca\/ cieta aug\u0161da\u013ca, atv\u0113rta aug\u0161da\u013ca ar augstu kubu, cieta aug\u0161da\u013ca ar augstu kubu.<\/li>\n<\/ul>\n<p><strong>Kru\u012bzi<\/strong><\/p>\n<ul>\n<li> 125 gadu pieredze<\/li>\n<li> Pasaules kru\u012bzi<\/li>\n<\/ul>\n<h2>Hapag-Lloyd uz\u0146\u0113muma profils<\/h2>\n<p>Hapag-Lloyd tika dibin\u0101ts 1970. gad\u0101, kad Hamburg-Amerikanische Packetfahrt-Actien-Gesellschaft (Hapag) un Norddeutscher Lloyd apvienoj\u0101s. Abas \u0161\u012bs komp\u0101nijas savu darb\u012bbu uzs\u0101ka devi\u0146padsmit\u0101 gadsimta vid\u016b, kad notika emigr\u0101cija no Eiropas uz \u0101rzem\u0113m. <a href=\"https:\/\/moverdb.com\/lv\/moving-to-the-united-states\/\" data-internallinksmanager029f6b8e52c=\"94\" title=\"P\u0101rce\u013caties uz Amerikas Savienotaj\u0101m Valst\u012bm? 2022 Dz\u012bves izmaksas un p\u0101rcel\u0161an\u0101s padomi\">Amerikas Savienot\u0101s Valstis<\/a> s\u0101k\u0101s nopietni.<\/p>\n<p>\u0160odien Hapag-Lloyd apkalpo tirgus un klientus vis\u0101 pasaul\u0113, un tam ir pla\u0161s l\u012bnijp\u0101rvad\u0101jumu t\u012bkls, kas savieno pasauli. Tam ir vair\u0101k nek\u0101 190 ku\u0123u, kas gad\u0101 p\u0101rvad\u0101 vid\u0113ji 7,4 TEU. Uz\u0146\u0113mum\u0101 str\u0101d\u0101 aptuveni 9300 darbinieku, un tam ir vair\u0101k nek\u0101 600 biroju 120 pasaules valst\u012bs. <\/p>\n<p>Hapag-Lloyd flotes kop\u0113j\u0101 ietilp\u012bba ir 955 000 TEU un konteineru kr\u0101jumi - 1,5 miljoni TEU. Tai ir viena no pasaul\u0113 liel\u0101kaj\u0101m un modern\u0101kaj\u0101m refri\u017eeratoru konteineru flot\u0113m.<\/p>\n<p>Hapag-Lloyd ir \u0161\u0101das akredit\u0101cijas un asoci\u0101cijas:<\/p>\n<ul>\n<li> Starptautiskais ku\u0123a aizsardz\u012bbas sertifik\u0101ts (ISSC)<\/li>\n<li> Dro\u0161\u012bbas vad\u012bbas sertifik\u0101ts (SMC)<\/li>\n<li> Konvencija par darbu j\u016brniec\u012bb\u0101 (MLC)<\/li>\n<li> <a href=\"https:\/\/moverdb.com\/lv\/world-shipping-council\/\">Pasaules ku\u0123niec\u012bbas padome<\/a> (<a href=\"https:\/\/moverdb.com\/lv\/world-shipping-council\/\" data-internallinksmanager029f6b8e52c=\"82\" title=\"Pasaules ku\u0123niec\u012bbas padomes (WSC) skaidrojums\">WSC<\/a>)<\/li>\n<\/ul>\n<h2>Hapag-Lloyd Shipping Atsauksmes<\/h2>\n<p><em>Rakst\u012b\u0161anas laik\u0101 m\u0113s nevar\u0113j\u0101m atrast nevienu atsauksmi par Hapag-Lloyd ku\u0123niec\u012bbas pakalpojumiem tie\u0161saist\u0113.<\/em>  <\/p>\n<p><strong><\/p>\n<div itemprop=\"review\" itemscope itemtype=\"http:\/\/schema.org\/Review\">\n<span itemprop=\"author\" itemscope=\"\" itemtype=\"http:\/\/schema.org\/Organization\"><span itemprop=\"name\">MoverDB.com<\/span><\/span> Tie\u0161saistes vietnes p\u0101rskats par <span itemprop=\"itemreviewed\" itemscope=\"\" itemtype=\"http:\/\/schema.org\/Brand\"><span itemprop=\"name\">Hapag-Lloyd<\/span><\/span>:<\/strong><\/p>\n<ol>\n<li> Skaidra kontaktinform\u0101cija t\u012bmek\u013ca vietn\u0113 (tostarp t\u0101lru\u0146a numurs): <strong>J\u0101<\/strong><\/li>\n<li> Viegli ieg\u016bt <a href=\"https:\/\/moverdb.com\/lv\/container-shipping\/\" data-internallinksmanager029f6b8e52c=\"3\" title=\"Starptautisko konteineru p\u0101rvad\u0101jumu tarifu diagramma: Apr\u012blis 2026\">starptautisk\u0101 ku\u0123niec\u012bba<\/a> cit\u0101ti? (Tie\u0161saistes t\u0101mes piepras\u012bjuma veidlapa): <strong>J\u0101<\/strong><\/li>\n<li> Skaidra inform\u0101cija t\u012bmek\u013ca vietn\u0113: <strong>J\u0101,<\/strong> T\u012bmek\u013ca vietne ir \u013coti detaliz\u0113ta un labi izstr\u0101d\u0101ta.<\/li>\n<li> Dal\u012bba starptautiski atz\u012bt\u0101s ku\u0123niec\u012bbas organiz\u0101cij\u0101s: <strong>J\u0101<\/strong>, (sk. iepriek\u0161).<\/li>\n<li> Klientu saraksts un\/vai iepriek\u0161\u0113jo klientu atsauksmes. <strong>N\u0113,<\/strong> bet tajos ir uzskait\u012bti apbalvojumi un sertifik\u0101cija.<\/li>\n<\/ol>\n<div itemprop=\"reviewRating\" itemscope itemtype=\"http:\/\/schema.org\/Rating\"><meta itemprop=\"worstRating\" content = \"0\" \/><meta itemprop=\"bestRating\" content=\"5\" \/><meta itemprop=\"ratingValue\" content=\"4.5\"><\/div>\n<p><strong>Kop\u0113jais v\u0113rt\u0113jums: 4,5\/5<\/strong><br \/>\n<strong>P\u0101rskata datums:<\/strong> <span itemprop=\"datePublished\" content=\"2017-04-24\">24\/04\/2017<\/span>\n<\/div>\n<p>Vair\u0101k par citiem <a href=\"https:\/\/moverdb.com\/lv\/kugniecibas-uznemumi\/\">starptautiskie ku\u0123niec\u012bbas uz\u0146\u0113mumi<\/a>, <a href=\"https:\/\/moverdb.com\/lv\/konteineru-parvadajumi\/\">konteineru p\u0101rvad\u0101\u0161anas izmaksas<\/a> un m\u016bsu <a href=\"https:\/\/moverdb.com\/lv\/atsauksmes\/\">p\u0101rskat\u012b\u0161anas process<\/a>.<\/p>\n<p><strong>T\u012bmek\u013ca vietne:<\/strong> <a href=\"https:\/\/www.hapag-lloyd.com\/en\/home.html\" target=\"_blank\" rel=\"noopener\">https:\/\/www.hapag-lloyd.com\/en\/home.html<\/a><\/p>","protected":false},"excerpt":{"rendered":"<p>Hapag-Lloyd is a global shipping company with its head office in Hamburg, Germany. It offers its clients a wide range of shipping and logistics solutions. These are listed below together with a company profile and reviews. International Shipping Dry Cargo Broad range of container solutions Fast transit times On point schedule reliability Door to door [&hellip;]<\/p>\n","protected":false},"author":1,"featured_media":0,"parent":0,"menu_order":0,"comment_status":"closed","ping_status":"closed","template":"","meta":{"_genesis_hide_title":false,"_genesis_hide_breadcrumbs":false,"_genesis_hide_singular_image":false,"_genesis_hide_footer_widgets":false,"_genesis_custom_body_class":"","_genesis_custom_post_class":"","_genesis_layout":"","footnotes":""},"class_list":{"0":"post-1610","1":"page","2":"type-page","3":"status-publish","5":"entry"},"_links":{"self":[{"href":"https:\/\/moverdb.com\/lv\/wp-json\/wp\/v2\/pages\/1610","targetHints":{"allow":["GET"]}}],"collection":[{"href":"https:\/\/moverdb.com\/lv\/wp-json\/wp\/v2\/pages"}],"about":[{"href":"https:\/\/moverdb.com\/lv\/wp-json\/wp\/v2\/types\/page"}],"author":[{"embeddable":true,"href":"https:\/\/moverdb.com\/lv\/wp-json\/wp\/v2\/users\/1"}],"replies":[{"embeddable":true,"href":"https:\/\/moverdb.com\/lv\/wp-json\/wp\/v2\/comments?post=1610"}],"version-history":[{"count":3,"href":"https:\/\/moverdb.com\/lv\/wp-json\/wp\/v2\/pages\/1610\/revisions"}],"predecessor-version":[{"id":6218,"href":"https:\/\/moverdb.com\/lv\/wp-json\/wp\/v2\/pages\/1610\/revisions\/6218"}],"wp:attachment":[{"href":"https:\/\/moverdb.com\/lv\/wp-json\/wp\/v2\/media?parent=1610"}],"curies":[{"name":"wp","href":"https:\/\/api.w.org\/{rel}","templated":true}]}}