{"id":1592,"date":"2017-04-21T13:39:38","date_gmt":"2017-04-21T13:39:38","guid":{"rendered":"http:\/\/moverdb.com\/?page_id=1592"},"modified":"2026-01-08T14:40:07","modified_gmt":"2026-01-08T14:40:07","slug":"maersk","status":"publish","type":"page","link":"https:\/\/moverdb.com\/lv\/maersk\/","title":{"rendered":"Maersk Line - Starptautisk\u0101s ku\u0123niec\u012bbas pakalpojumi un atsauksmes"},"content":{"rendered":"<p>Maersk Line ir da\u013ca no A.P. Moller-Maersk Group, kas ir pasaules m\u0113roga koncerns. <a href=\"https:\/\/moverdb.com\/lv\/shipping-companies\/\" data-internallinksmanager029f6b8e52c=\"4\" title=\"10 lab\u0101kie starptautisko konteineru p\u0101rvad\u0101jumu uz\u0146\u0113mumi\">ku\u0123niec\u012bbas uz\u0146\u0113mums<\/a> atrodas Kopenh\u0101gen\u0101, <a href=\"https:\/\/moverdb.com\/lv\/moving-to-denmark\/\" data-internallinksmanager029f6b8e52c=\"335\" title=\"P\u0101rcel\u0161an\u0101s uz D\u0101niju? 2023 Dz\u012bves izmaksas un p\u0101rcel\u0161an\u0101s padomi\">D\u0101nija<\/a>. Tas pied\u0101v\u0101 saviem klientiem pla\u0161u pakalpojumu kl\u0101stu, kas uzskait\u012bti turpm\u0101k, k\u0101 ar\u012b uz\u0146\u0113muma profilu un atsauksmes.<\/p>\n<p><strong>Starptautiskie kravu p\u0101rvad\u0101jumi un ku\u0123niec\u012bbas pakalpojumi<\/strong><\/p>\n<ul>\n<li> Saus\u0101s kravas<\/li>\n<li> No durv\u012bm l\u012bdz durv\u012bm<\/li>\n<li> 20\u2032 konteineri ar kravnes\u012bbu l\u012bdz 28,2 metrisk\u0101m tonn\u0101m.<\/li>\n<li> 40\u2032 8\u2032 6\u2033 konteineri ar kravnes\u012bbu l\u012bdz 28,8 metrisk\u0101m tonn\u0101m<\/li>\n<li> 45\u2032 9\u2032 6\u2033 augsts ar kop\u0113jo ietilp\u012bbu 85 kubikmetri<\/li>\n<li> Pakaramo sijas, kas \u013cauj transport\u0113t ap\u0123\u0113rbu uz pakaramiem bez papildu iepako\u0161anas.<\/li>\n<li> stiprin\u0101jumu stie\u0146i un stiprin\u0101jumu gredzeni, kas nodro\u0161ina papildu dro\u0161\u012bbu j\u016bsu kravai.<\/li>\n<li> Pieejama uzglab\u0101\u0161ana<\/li>\n<li> Muito\u0161ana<\/li>\n<\/ul>\n<p><strong>Refri\u017eeratoru kravu p\u0101rvad\u0101jumi<\/strong><\/p>\n<ul>\n<li> Sald\u0113t\u0101jkonteineri<\/li>\n<li> No durv\u012bm l\u012bdz durv\u012bm<\/li>\n<li> R\u016bp\u012bga kravu apstr\u0101de, lai nodro\u0161in\u0101tu produktu svaigumu.<\/li>\n<li> Unik\u0101la konteinera konstrukcija nodro\u0161ina maksim\u0101lu lietder\u012bgo slodzi<\/li>\n<li> Samazin\u0101tas CO2 emisijas<\/li>\n<li> Optim\u0101la produkta temperat\u016bra<\/li>\n<li> Samazin\u0101ts ener\u0123ijas pat\u0113ri\u0146\u0161<\/li>\n<li> 3 veidu refri\u017eeratorkonteineri ar kravas ietilp\u012bbu no 27 l\u012bdz 67 CBM.<\/li>\n<li> Muito\u0161ana<\/li>\n<\/ul>\n<p><strong>\u012apa\u0161\u0101s kravas<\/strong><\/p>\n<ul>\n<li> Pieg\u0101de \u0101rpus gabar\u012btiem, ar gabar\u012btiem un beramkravu pieg\u0101de laik\u0101.<\/li>\n<li> Savlaic\u012bga j\u016bsu \u012bpa\u0161\u0101s kravas pieg\u0101de vis\u0101 pasaul\u0113<\/li>\n<li> Speci\u0101lo kravu eksperti vis\u0101s laika josl\u0101s, lai j\u016bs var\u0113tu nekav\u0113joties rea\u0123\u0113t un sa\u0146emt atbalstu.<\/li>\n<li> Modern\u0101k\u0101s plakan\u0101s un atkl\u0101t\u0101s platformas, kas ir pieejamas, kur un kad jums t\u0101s ir nepiecie\u0161amas.<\/li>\n<li> No durv\u012bm l\u012bdz durv\u012bm<\/li>\n<li> Pieejama uzglab\u0101\u0161ana<\/li>\n<li> Muito\u0161ana<\/li>\n<\/ul>\n<p><strong>Iek\u0161zemes transporta pakalpojumi<\/strong><\/p>\n<ul>\n<li> Pilna servisa transporta risin\u0101jums<\/li>\n<li> No durv\u012bm l\u012bdz durv\u012bm<\/li>\n<li> Savlaic\u012bga pa\u0146em\u0161ana un pieg\u0101de<\/li>\n<li> Liels kvalitat\u012bvu transporta pakalpojumu sniedz\u0113ju t\u012bkls<\/li>\n<li> Vienas pieturas a\u0123ent\u016bra, kas apvieno j\u016bsu sauszemes un j\u016bras transporta vajadz\u012bbas.<\/li>\n<li> Past\u0101v\u012bga uzraudz\u012bba un kvalit\u0101tes nodro\u0161in\u0101\u0161ana<\/li>\n<li> Apdro\u0161in\u0101\u0161ana organiz\u0113ta<\/li>\n<\/ul>\n<p><strong>Lietotu konteineru p\u0101rdo\u0161ana<\/strong><\/p>\n<ul>\n<li> Izmanto uzglab\u0101\u0161anai, birojam, m\u0101jai, pat peldbaseinam<\/li>\n<li> Piek\u013cuve kr\u0101jumiem, kas atbilst j\u016bsu vajadz\u012bb\u0101m<\/li>\n<li> Pla\u0161s lietotu konteineru t\u012bkls<\/li>\n<li> Vienk\u0101r\u0161as sist\u0113mas, kas nodro\u0161ina sav\u0101k\u0161anas grafika iev\u0113ro\u0161anu.<\/li>\n<li> Garant\u0113ta konteineru kvalit\u0101te<\/li>\n<\/ul>\n<h2>Maersk Line<\/h2>\n<p>Maersk Line tika dibin\u0101ta 1928. gad\u0101. Maersk Line pieder A.P. Moller-Maersk grupai, un t\u0101 ir viena no pasaules liel\u0101kaj\u0101m l\u012bnij\u0101m, kas veic p\u0101rvad\u0101jumus ar Maersk Line. <a href=\"https:\/\/moverdb.com\/lv\/kugniecibas-uznemumi\/\">liel\u0101kais konteineru p\u0101rvad\u0101jumu uz\u0146\u0113mums<\/a>, kas paz\u012bstams ar savu elast\u012bgumu, uzticam\u012bbu un ekolo\u0123iski efekt\u012bviem pakalpojumiem. <\/p>\n<p>T\u0101s galvenais birojs atrodas Kopenh\u0101gen\u0101, D\u0101nij\u0101. Uz\u0146\u0113mumam ir vair\u0101k nek\u0101 630 ku\u0123i ar 3,3 miljonu TEU ietilp\u012bbu, kas apkalpo 59 000 klientu vis\u0101 pasaul\u0113.<\/p>\n<p>Pag\u0101ju\u0161aj\u0101 gad\u0101 Maersk vis\u0101 pasaul\u0113 nos\u016bt\u012bja aptuveni 12 miljonus konteineru, iebraucot 46 000 ost\u0101s 343 ost\u0101s. <a href=\"https:\/\/moverdb.com\/lv\/top-49-container-ports\/\" data-internallinksmanager029f6b8e52c=\"80\" title=\"49 liel\u0101kie un noslogot\u0101kie konteineru ostas 2025. gad\u0101\">ostas<\/a> 121 valst\u012b. Maersk pied\u0101v\u0101 vair\u0101kus reisus katru dienu visos liel\u0101kajos ku\u0123o\u0161anas mar\u0161rutos. Lai viss norit\u0113tu raiti, uz\u0146\u0113mum\u0101 str\u0101d\u0101 7000 j\u016brnieku un 25 000 sauszemes darbinieku 374 birojos vis\u0101 pasaul\u0113.<\/p>\n<p>Maersk ir ap\u0146\u0113musies sniegt atbalstu sabiedr\u012bbai un atbalsta projektus vis\u0101 pasaul\u0113, kas ietilpst trij\u0101s glob\u0101l\u0101s sh\u0113m\u0101s - katastrofu seku likvid\u0113\u0161ana un gatav\u012bba t\u0101m, vides aizsardz\u012bba un uz\u0146\u0113m\u0113jdarb\u012bbas veicin\u0101\u0161ana maz\u0101k att\u012bst\u012bt\u0101s kopien\u0101s.<\/p>\n<p>Maersk Line ir \u0161\u0101das akredit\u0101cijas un pieder\u012bbas:<\/p>\n<ul>\n<li> Starptautisk\u0101 Gaisa un ku\u0123niec\u012bbas asoci\u0101cija (IASA)<\/li>\n<li> <a href=\"https:\/\/moverdb.com\/lv\/starptautiska-kugniecibas-kamera\/\">Starptautisk\u0101 ku\u0123niec\u012bbas pal\u0101ta<\/a> (<a href=\"https:\/\/moverdb.com\/lv\/international-chamber-shipping\/\" data-internallinksmanager029f6b8e52c=\"78\" title=\"Starptautisk\u0101s ku\u0123niec\u012bbas kameras (ICS) skaidrojums\">ICS<\/a>)<\/li>\n<li> PTO Pasaules alianse tirdzniec\u012bbas veicin\u0101\u0161anai<\/li>\n<li> Dz\u012bv\u012bbas aizsardz\u012bba uz j\u016bras (SOLAS)<\/li>\n<li> Ku\u0123u brokeru un ku\u0123u a\u0123entu nacion\u0101lo asoci\u0101ciju feder\u0101cija (FONASBA)<\/li>\n<\/ul>\n<h2>Maersk Line Company atsauksmes<\/h2>\n<p><em>Rakst\u012b\u0161anas laik\u0101 m\u0113s nevar\u0113j\u0101m atrast nek\u0101das atsauksmes tie\u0161saist\u0113 par Maersk Line ku\u0123niec\u012bbas pakalpojumiem.<\/em><\/p>\n<p><strong><\/p>\n<div itemprop=\"review\" itemscope itemtype=\"http:\/\/schema.org\/Review\">\n<span itemprop=\"author\" itemscope=\"\" itemtype=\"http:\/\/schema.org\/Organization\"><span itemprop=\"name\">MoverDB.com<\/span><\/span> Tie\u0161saistes vietnes p\u0101rskats par <span itemprop=\"itemreviewed\" itemscope=\"\" itemtype=\"http:\/\/schema.org\/Brand\"><span itemprop=\"name\">Maersk Line<\/span><\/span>:<\/strong><\/p>\n<ol>\n<li> Skaidra kontaktinform\u0101cija t\u012bmek\u013ca vietn\u0113 (tostarp t\u0101lru\u0146a numurs): <strong>J\u0101<\/strong><\/li>\n<li> Viegli ieg\u016bt <a href=\"https:\/\/moverdb.com\/lv\/container-shipping\/\" data-internallinksmanager029f6b8e52c=\"3\" title=\"Starptautisko konteineru p\u0101rvad\u0101jumu tarifu diagramma: Apr\u012blis 2026\">starptautisk\u0101 ku\u0123niec\u012bba<\/a> cit\u0101ti? (Tie\u0161saistes t\u0101mes piepras\u012bjuma veidlapa): <strong>J\u0101<\/strong><\/li>\n<li> Skaidra inform\u0101cija t\u012bmek\u013ca vietn\u0113: <strong>J\u0101,<\/strong> T\u012bmek\u013ca vietn\u0113 ir skaidri izkl\u0101st\u012bti visi uz\u0146\u0113muma pied\u0101v\u0101tie pakalpojumi.<\/li>\n<li> Dal\u012bba starptautiski atz\u012bt\u0101s ku\u0123niec\u012bbas organiz\u0101cij\u0101s: <strong>J\u0101<\/strong>, bet to t\u012bmek\u013ca vietn\u0113 nav daudz sarakstu.<\/li>\n<li> Klientu saraksts un\/vai iepriek\u0161\u0113jo klientu atsauksmes. <strong>N\u0113,<\/strong> vi\u0146u t\u012bmek\u013ca vietn\u0113 nav neviena.<\/li>\n<\/ol>\n<div itemprop=\"reviewRating\" itemscope itemtype=\"http:\/\/schema.org\/Rating\"><meta itemprop=\"worstRating\" content = \"0\" \/><meta itemprop=\"bestRating\" content=\"5\" \/><meta itemprop=\"ratingValue\" content=\"4\"><\/div>\n<p><strong>Kop\u0113jais v\u0113rt\u0113jums: 4\/5<\/strong><br \/>\n<strong>P\u0101rskata datums:<\/strong> <span itemprop=\"datePublished\" content=\"2017-04-21\">21\/04\/2017<\/span>\n<\/div>\n<p>Vair\u0101k par citiem <a href=\"https:\/\/moverdb.com\/lv\/kugniecibas-uznemumi\/\">starptautiskie ku\u0123niec\u012bbas uz\u0146\u0113mumi<\/a>, <a href=\"https:\/\/moverdb.com\/lv\/konteineru-parvadajumi\/\">konteineru p\u0101rvad\u0101jumu tarifi<\/a> un m\u016bsu <a href=\"https:\/\/moverdb.com\/lv\/atsauksmes\/\">p\u0101rskat\u012b\u0161anas process<\/a>.<\/p>\n<p><strong>T\u012bmek\u013ca vietne:<\/strong> <a href=\"https:\/\/www2.maerskline.com\/\" target=\"_blank\" rel=\"noopener\">https:\/\/www2.maerskline.com\/<\/a><\/p>","protected":false},"excerpt":{"rendered":"<p>Maersk Line, is part of A.P. Moller\u2013Maersk Group, a worldwide shipping company based in Copenhagen, Denmark. It offers its customers a wide range of services which are listed below, together with a company profile and reviews. International Freight and Shipping Services Dry Cargo Door to door 20&#8242; containers with payload up to 28.2 metric tons [&hellip;]<\/p>\n","protected":false},"author":1,"featured_media":0,"parent":0,"menu_order":0,"comment_status":"closed","ping_status":"closed","template":"","meta":{"_genesis_hide_title":false,"_genesis_hide_breadcrumbs":false,"_genesis_hide_singular_image":false,"_genesis_hide_footer_widgets":false,"_genesis_custom_body_class":"","_genesis_custom_post_class":"","_genesis_layout":"","footnotes":""},"class_list":{"0":"post-1592","1":"page","2":"type-page","3":"status-publish","5":"entry"},"_links":{"self":[{"href":"https:\/\/moverdb.com\/lv\/wp-json\/wp\/v2\/pages\/1592","targetHints":{"allow":["GET"]}}],"collection":[{"href":"https:\/\/moverdb.com\/lv\/wp-json\/wp\/v2\/pages"}],"about":[{"href":"https:\/\/moverdb.com\/lv\/wp-json\/wp\/v2\/types\/page"}],"author":[{"embeddable":true,"href":"https:\/\/moverdb.com\/lv\/wp-json\/wp\/v2\/users\/1"}],"replies":[{"embeddable":true,"href":"https:\/\/moverdb.com\/lv\/wp-json\/wp\/v2\/comments?post=1592"}],"version-history":[{"count":7,"href":"https:\/\/moverdb.com\/lv\/wp-json\/wp\/v2\/pages\/1592\/revisions"}],"predecessor-version":[{"id":13172,"href":"https:\/\/moverdb.com\/lv\/wp-json\/wp\/v2\/pages\/1592\/revisions\/13172"}],"wp:attachment":[{"href":"https:\/\/moverdb.com\/lv\/wp-json\/wp\/v2\/media?parent=1592"}],"curies":[{"name":"wp","href":"https:\/\/api.w.org\/{rel}","templated":true}]}}