{"id":1590,"date":"2017-01-25T12:24:31","date_gmt":"2017-01-25T12:24:31","guid":{"rendered":"http:\/\/moverdb.com\/?page_id=1590"},"modified":"2026-01-08T15:20:28","modified_gmt":"2026-01-08T15:20:28","slug":"nippon-express","status":"publish","type":"page","link":"https:\/\/moverdb.com\/lv\/nippon-express\/","title":{"rendered":"Nippon Express - Atsauksmes par starptautisko p\u0101rcel\u0161anos un p\u0101rv\u0101k\u0161anos"},"content":{"rendered":"<p>Nippon Express atrodas Tokij\u0101, <a href=\"https:\/\/moverdb.com\/lv\/moving-to-japan\/\" data-internallinksmanager029f6b8e52c=\"342\" title=\"P\u0101rcel\u0161an\u0101s uz Jap\u0101nu? 2023 Dz\u012bves izmaksas un p\u0101rcel\u0161an\u0101s padomi\">Jap\u0101na<\/a>. Tas saviem klientiem pied\u0101v\u0101 da\u017e\u0101dus p\u0101rcel\u0161an\u0101s pakalpojumus. Tie ir uzskait\u012bti turpm\u0101k kop\u0101 ar uz\u0146\u0113muma profilu un atsauksm\u0113m.<\/p>\n<p><strong>Starptautisk\u0101s p\u0101rcel\u0161an\u0101s<\/strong><\/p>\n<ul>\n<li> Person\u012bgais p\u0101rcel\u0161an\u0101s vad\u012bt\u0101js<\/li>\n<li> Pakalpojums no durv\u012bm l\u012bdz durv\u012bm<\/li>\n<li> Pal\u012bdz\u012bba muitas un dokument\u0101cijas k\u0101rto\u0161an\u0101<\/li>\n<li> Pilns iepako\u0161anas pakalpojums, tikai trauslu priek\u0161metu iepako\u0161ana vai iepako\u0161ana pa\u0161u sp\u0113kiem<\/li>\n<li> M\u0113be\u013cu demont\u0101\u017ea un atk\u0101rtota mont\u0101\u017ea<\/li>\n<li> Izpako\u0161anas pakalpojums<\/li>\n<li> Atkritumu izve\u0161ana<\/li>\n<li> Ilgtermi\u0146a un \u012bstermi\u0146a uzglab\u0101\u0161ana<\/li>\n<li> Automobi\u013cu p\u0101rvieto\u0161ana<\/li>\n<li> Motocikli<\/li>\n<li> Pian\u012bni<\/li>\n<\/ul>\n<p><strong>P\u0101rcel\u0161an\u0101s pakalpojumi - uz Jap\u0101nu<\/strong><\/p>\n<ul>\n<li> P\u0101rcel\u0161an\u0101s konsult\u0101cijas<\/li>\n<li> Orient\u0113\u0161an\u0101s<\/li>\n<li> Mekl\u0113\u0161ana m\u0101j\u0101s<\/li>\n<li> Starptautisk\u0101 iek\u0161zemes p\u0101rvietojas<\/li>\n<li> Skolas mekl\u0113\u0161ana<\/li>\n<li> Izbrauk\u0161anas pakalpojums, t. i., nomas l\u012bguma izbeig\u0161ana, t\u0101lru\u0146a un komun\u0101lo pakalpojumu atsl\u0113g\u0161ana, pasta p\u0101rs\u016bt\u012b\u0161ana.<\/li>\n<\/ul>\n<p><strong>Iek\u0161zemes p\u0101rv\u0101k\u0161an\u0101s - Jap\u0101nas iek\u0161ien\u0113<\/strong><\/p>\n<ul>\n<li> Pakalpojums no durv\u012bm l\u012bdz durv\u012bm<\/li>\n<li> Pilna iepako\u0161ana, da\u013c\u0113ja iepako\u0161ana vai DIY iepako\u0161ana<\/li>\n<li> M\u0113be\u013cu demont\u0101\u017ea un atk\u0101rtota mont\u0101\u017ea<\/li>\n<li> Izpako\u0161anas pakalpojums<\/li>\n<li> Atkritumu izve\u0161ana<\/li>\n<li> Pieejama ilgtermi\u0146a un \u012bstermi\u0146a uzglab\u0101\u0161ana<\/li>\n<li> Apdro\u0161in\u0101\u0161ana organiz\u0113ta<\/li>\n<\/ul>\n<p><strong>Kravu eksped\u012bcija<\/strong><\/p>\n<ul>\n<li> Visp\u0101r\u0113j\u0101s preces un komponenti<\/li>\n<li> T\u0113lot\u0101jm\u0101ksla un senlietas<\/li>\n<li> Tirdzniec\u012bbas izst\u0101des un gadatirgi<\/li>\n<\/ul>\n<h2>Nippon Express Uz\u0146\u0113muma profils<\/h2>\n<p>Nippon Express ir viens no vado\u0161ajiem <a href=\"https:\/\/moverdb.com\/lv\/moving-companies\/\" data-internallinksmanager029f6b8e52c=\"79\" title=\"Top 25 Starptautiskie p\u0101rcel\u0161an\u0101s uz\u0146\u0113mumi tie\u0161saist\u0113\">P\u0101rvieto\u0161an\u0101s uz\u0146\u0113mumi<\/a> priv\u0101tpersonu un uz\u0146\u0113mumu p\u0101rvieto\u0161anai uz Jap\u0101nu un ap to. T\u0101 specializ\u0113jas uz\u0146\u0113mumu un vald\u012bbas darbinieku un vi\u0146u \u0123ime\u0146u p\u0101rcel\u0161an\u0101s jom\u0101, ierodoties Jap\u0101n\u0101 un izbraucot no t\u0101s. Nippon Express ir paz\u012bstams ar\u012b ar savu glob\u0101lo darb\u012bbu. <a href=\"https:\/\/moverdb.com\/lv\/kravas-ekspeditors\/\">kravu p\u0101rvad\u0101jumi<\/a> zin\u0101\u0161anas, pre\u010du p\u0101rvad\u0101\u0161ana vis\u0101 pasaul\u0113.<\/p>\n<p>Nippon Express s\u0101k\u0101s 1937 k\u0101 bija 53% vald\u012bbas \u012bpa\u0161um\u0101. P\u0113c Otr\u0101 pasaules kara uz\u0146\u0113mums tika privatiz\u0113ts. Uz\u0146\u0113mums 1949. gad\u0101 uzs\u0101ka starptautisku kravu eksped\u012bciju, darbojoties k\u0101 da\u017e\u0101du starptautisko aviokomp\u0101niju a\u0123ents. L\u012bdz 1958. gadam Nippon Express atv\u0113ra savu pirmo \u0101rzemju biroju. <a href=\"https:\/\/moverdb.com\/lv\/parcelsanas-uz-nigeriju\/\">\u0145ujorka<\/a>l\u012bdz 1991. gadam bija 97 biroji <a href=\"https:\/\/moverdb.com\/lv\/moving-to-the-united-states\/\" data-internallinksmanager029f6b8e52c=\"94\" title=\"P\u0101rce\u013caties uz Amerikas Savienotaj\u0101m Valst\u012bm? 2022 Dz\u012bves izmaksas un p\u0101rcel\u0161an\u0101s padomi\">Amerikas Savienot\u0101s Valstis<\/a>. <\/p>\n<p>1973. gad\u0101 uz\u0146\u0113mums ieg\u0101d\u0101j\u0101s savu pirmo <a href=\"https:\/\/moverdb.com\/lv\/kugniecibas-uznemumi\/\">konteinera ku\u0123is<\/a> un s\u0101ka kravu p\u0101rvad\u0101jumus starp Tokiju un Tomakomai.<\/p>\n<p>\u0160obr\u012bd Nippon Express ir biroji un ra\u017eotnes 260 pils\u0113t\u0101s 42 valst\u012bs, un taj\u0101 str\u0101d\u0101 36 700 darbinieku Jap\u0101n\u0101 un v\u0113l 16 000 \u0101rzem\u0113s.<\/p>\n<p>Nippon Express ir \u0161\u0101das akredit\u0101cijas un saist\u012btie uz\u0146\u0113mumi:<\/p>\n<ul>\n<li> <a href=\"https:\/\/moverdb.com\/lv\/fidi-faim\/\">FIDI<\/a><\/li>\n<li> <a href=\"https:\/\/moverdb.com\/lv\/esmu\/\">Starptautisk\u0101 P\u0101rv\u0101c\u0113ju asoci\u0101cija<\/a> (<a href=\"https:\/\/moverdb.com\/lv\/iam\/\" data-internallinksmanager029f6b8e52c=\"23\" title=\"Starptautisk\u0101s P\u0101rv\u0101c\u0113ju asoci\u0101cijas (IAM) skaidrojumi\">IAM<\/a>)<\/li>\n<li> ISO 9001<\/li>\n<li> <a href=\"https:\/\/moverdb.com\/lv\/iata\/\">IATA<\/a><\/li>\n<\/ul>\n<h2>Nippon Express Atsauksmes<\/h2>\n<p><strong>Pozit\u012bvi:<\/strong><\/p>\n<ul>\n<li> <em>\"\u012asti jap\u0101\u0146u stil\u0101 vi\u0146i ir piekl\u0101j\u012bgi un izturas ar cie\u0146u - vi\u0146i pat novelk kurpes, lai ienestu j\u016bsu mantas m\u0101j\u0101! Nav nek\u0101du mu\u013c\u0137\u012bbu - vi\u0146i str\u0101d\u0101 l\u012bdz galam, apst\u0101jas, lai pauzei atv\u0113l\u0113tu laiku, tad atkal \u0137eras pie darba un neapst\u0101jas, kam\u0113r darbs nav pabeigts.\"<\/em> - KK W, izmantojot <a href=\"https:\/\/www.yelp.co.uk\/biz\/nippon-express-usa-el-segundo?hrid=ilixQzfFmyj3IAX32d0E-A&#038;utm_campaign=www_review_share_popup&#038;utm_medium=copy_link&#038;utm_source=(direct)\" target=\"_blank\" rel=\"noopener\">Yelp<\/a><\/li>\n<\/ul>\n<p><strong>Negat\u012bvs:<\/strong><\/p>\n<p><em>M\u0113s nevar\u0113j\u0101m atrast negat\u012bvas atsauksmes par Nippon Express tie\u0161saist\u0113.<\/em><\/p>\n<div itemprop=\"review\" itemscope itemtype=\"http:\/\/schema.org\/Review\">\n<span itemprop=\"author\" itemscope=\"\" itemtype=\"http:\/\/schema.org\/Organization\"><span itemprop=\"name\">MoverDB.com<\/span><\/span> Tie\u0161saistes vietnes p\u0101rskats par <span itemprop=\"itemreviewed\" itemscope=\"\" itemtype=\"http:\/\/schema.org\/Brand\"><span itemprop=\"name\">Nippon Express<\/span><\/span>:<\/p>\n<ol>\n<li> Skaidra kontaktinform\u0101cija t\u012bmek\u013ca vietn\u0113 (tostarp t\u0101lru\u0146a numurs): <strong>J\u0101<\/strong><\/li>\n<li> Viegli ieg\u016bt <a href=\"https:\/\/moverdb.com\/lv\/citati\/\">starptautiskie p\u0101rvietojas cit\u0101ti<\/a>? (Tie\u0161saistes t\u0101mes piepras\u012bjuma veidlapa): <strong>J\u0101<\/strong><\/li>\n<li> Skaidra inform\u0101cija t\u012bmek\u013ca vietn\u0113: <strong>J\u0101,<\/strong> lai gan to t\u012bmek\u013ca vietnes izskat\u0101s nedaudz novecoju\u0161as, taj\u0101s ir izkl\u0101st\u012bti visi pakalpojumi.<\/li>\n<li> Dal\u012bba starptautiski atz\u012bt\u0101s kust\u012bbu organiz\u0101cij\u0101s: <strong>J\u0101<\/strong>, (sk. iepriek\u0161)<\/li>\n<li> Klientu saraksts un\/vai iepriek\u0161\u0113jo klientu atsauksmes. <strong>N\u0113,<\/strong> bet, pamatojoties uz atsauksm\u0113m tie\u0161saist\u0113, vi\u0146iem ir \u013coti laba reput\u0101cija.<\/li>\n<\/ol>\n<div itemprop=\"reviewRating\" itemscope itemtype=\"http:\/\/schema.org\/Rating\"><meta itemprop=\"worstRating\" content = \"0\" \/><meta itemprop=\"bestRating\" content=\"5\" \/><meta itemprop=\"ratingValue\" content=\"4.5\"><\/div>\n<p><strong>Kop\u0113jais v\u0113rt\u0113jums: 4,5\/5<\/strong><br \/>\n<strong>P\u0101rskata datums:<\/strong> <span itemprop=\"datePublished\" content=\"2017-01-25\">25\/01\/2017<\/span>\n<\/div>\n<p>Las\u012bt vair\u0101k par <a href=\"https:\/\/moverdb.com\/lv\/parvietojas-uznemumi\/\">starptautiskie p\u0101rvieto\u0161an\u0101s uz\u0146\u0113mumi<\/a>, un m\u016bsu <a href=\"https:\/\/moverdb.com\/lv\/atsauksmes\/\">p\u0101rskat\u012b\u0161anas process<\/a>.<\/p>\n<p><strong>T\u012bmek\u013ca vietnes:<\/strong> Glob\u0101l\u0101: <a href=\"http:\/\/www.nipponexpress.com\/\" target=\"_blank\" rel=\"noopener\">http:\/\/www.nipponexpress.com\/<\/a>, ASV: <a href=\"https:\/\/nipponexpressusa.com\/\" target=\"_blank\" rel=\"noopener\">https:\/\/nipponexpressusa.com\/<\/a> un <a href=\"https:\/\/moverdb.com\/lv\/moving-to-the-uk\/\" data-internallinksmanager029f6b8e52c=\"93\" title=\"P\u0101rce\u013caties uz Apvienoto Karalisti? 2022 Dz\u012bves izmaksas un p\u0101rcel\u0161an\u0101s padomi\">APVIENOT\u0100 KARALISTE<\/a>: <a href=\"http:\/\/www.nipponexpress.co.uk\/\" target=\"_blank\" rel=\"noopener\">http:\/\/www.nipponexpress.co.uk\/<\/a><\/p>","protected":false},"excerpt":{"rendered":"<p>Nippon Express is based in Tokyo, Japan. It offers its clients a variety of moving services. These are listed below together with a company profile and reviews. International Moves Personal move manager Door to door service Assistance with customs and documentation Full packing service, fragile items only or do-it-yourself packing Disassembly and reassembly of furniture [&hellip;]<\/p>\n","protected":false},"author":1,"featured_media":0,"parent":0,"menu_order":0,"comment_status":"closed","ping_status":"closed","template":"","meta":{"_genesis_hide_title":false,"_genesis_hide_breadcrumbs":false,"_genesis_hide_singular_image":false,"_genesis_hide_footer_widgets":false,"_genesis_custom_body_class":"","_genesis_custom_post_class":"","_genesis_layout":"","footnotes":""},"class_list":{"0":"post-1590","1":"page","2":"type-page","3":"status-publish","5":"entry"},"_links":{"self":[{"href":"https:\/\/moverdb.com\/lv\/wp-json\/wp\/v2\/pages\/1590","targetHints":{"allow":["GET"]}}],"collection":[{"href":"https:\/\/moverdb.com\/lv\/wp-json\/wp\/v2\/pages"}],"about":[{"href":"https:\/\/moverdb.com\/lv\/wp-json\/wp\/v2\/types\/page"}],"author":[{"embeddable":true,"href":"https:\/\/moverdb.com\/lv\/wp-json\/wp\/v2\/users\/1"}],"replies":[{"embeddable":true,"href":"https:\/\/moverdb.com\/lv\/wp-json\/wp\/v2\/comments?post=1590"}],"version-history":[{"count":4,"href":"https:\/\/moverdb.com\/lv\/wp-json\/wp\/v2\/pages\/1590\/revisions"}],"predecessor-version":[{"id":6226,"href":"https:\/\/moverdb.com\/lv\/wp-json\/wp\/v2\/pages\/1590\/revisions\/6226"}],"wp:attachment":[{"href":"https:\/\/moverdb.com\/lv\/wp-json\/wp\/v2\/media?parent=1590"}],"curies":[{"name":"wp","href":"https:\/\/api.w.org\/{rel}","templated":true}]}}