{"id":1578,"date":"2017-04-21T14:09:10","date_gmt":"2017-04-21T14:09:10","guid":{"rendered":"http:\/\/moverdb.com\/?page_id=1578"},"modified":"2026-01-08T14:40:13","modified_gmt":"2026-01-08T14:40:13","slug":"mediterranean-shipping-company","status":"publish","type":"page","link":"https:\/\/moverdb.com\/lv\/mediterranean-shipping-company\/","title":{"rendered":"Vidusj\u016bras ku\u0123niec\u012bbas komp\u0101nija - Starptautiskie pakalpojumi un atsauksmes"},"content":{"rendered":"<p>Vidusj\u016bras <a href=\"https:\/\/moverdb.com\/lv\/shipping-companies\/\" data-internallinksmanager029f6b8e52c=\"4\" title=\"10 lab\u0101kie starptautisko konteineru p\u0101rvad\u0101jumu uz\u0146\u0113mumi\">Ku\u0123niec\u012bbas uz\u0146\u0113mums<\/a> (MSC) saviem klientiem pied\u0101v\u0101 pla\u0161u ku\u0123niec\u012bbas un citu pakalpojumu kl\u0101stu. Tie ir uzskait\u012bti turpm\u0101k kop\u0101 ar uz\u0146\u0113muma profilu un atsauksm\u0113m.<\/p>\n<h3>Starptautisk\u0101 pieg\u0101de<\/h3>\n<p><strong>Saus\u0101s kravas<\/strong><\/p>\n<ul>\n<li> Standarta 20 p\u0113du, 40 p\u0113du vai 40 p\u0113du augsti kubveida konteineri<\/li>\n<li> Negabar\u012bta un beramkravas<\/li>\n<li> Ikned\u0113\u013cas un regul\u0101ra nos\u016bt\u012b\u0161ana uz galam\u0113r\u0137iem vis\u0101 pasaul\u0113.<\/li>\n<li> Muito\u0161ana un dokument\u0101cija<\/li>\n<\/ul>\n<p><strong>Refri\u017eeratoru kravu p\u0101rvad\u0101jumi<\/strong><\/p>\n<ul>\n<li> Individu\u0101li piel\u0101goti kompleksie transporta risin\u0101jumi<\/li>\n<li> Ikned\u0113\u013cas un regul\u0101ra nos\u016bt\u012b\u0161ana uz galam\u0113r\u0137iem vis\u0101 pasaul\u0113.<\/li>\n<li> Atdzes\u0113tu un sald\u0113tu pre\u010du p\u0101rvad\u0101\u0161anas pieredze.<\/li>\n<li> P\u0101rbaude pirms brauciena: <\/li>\n<li> P\u0101rliecinieties, ka konteiners ir izt\u012br\u012bts, lai nov\u0113rstu net\u012brumus un smakas.<\/li>\n<li> p\u0101rbauda, vai konteinera iek\u0161puse atbilst p\u0101rtikas produktu specifik\u0101cij\u0101m.<\/li>\n<li> P\u0101rbaudes, lai p\u0101rliecin\u0101tos, ka ma\u0161\u012bnas darbojas atbilsto\u0161i nozares standartiem.<\/li>\n<li> P\u0101rliecinieties, ka tvertnes temperat\u016bra ir pazemin\u0101ta l\u012bdz pareizajam izv\u0113l\u0113tajam punktam.<\/li>\n<li> Muito\u0161ana un dokument\u0101cija<\/li>\n<\/ul>\n<p><strong>\u0100rpus gabar\u012btiem un beramkravu pakalpojumi<\/strong><\/p>\n<ul>\n<li> Ekspertu projektu kravu lo\u0123istikas komanda<\/li>\n<li> Kravas iekrau\u0161ana, nostiprin\u0101\u0161ana un nostiprin\u0101\u0161ana izcelsmes viet\u0101. <a href=\"https:\/\/moverdb.com\/lv\/top-49-container-ports\/\" data-internallinksmanager029f6b8e52c=\"80\" title=\"49 liel\u0101kie un noslogot\u0101kie konteineru ostas 2025. gad\u0101\">osta<\/a> vai tuv\u0113j\u0101 noliktav\u0101<\/li>\n<li> Iek\u0161zemes sav\u0101k\u0161ana un pieg\u0101de, izmantojot da\u017e\u0101das iek\u0101rtas<\/li>\n<li> Policijas\/iek\u0161zemes transporta pazi\u0146ojumu organiz\u0113\u0161ana, ja nepiecie\u0161ams.<\/li>\n<li> Stividoru, ostas nostiprin\u0101\u0161anas un ostas noliktavu iek\u0101rtas<\/li>\n<li> Specializ\u0113tais apr\u012bkojums<\/li>\n<li> Konkur\u0113tsp\u0113j\u012bgas cenas<\/li>\n<li> Muito\u0161ana un dokument\u0101cija<\/li>\n<\/ul>\n<p><strong>Intermod\u0101lie p\u0101rvad\u0101jumi<\/strong><\/p>\n<ul>\n<li> No durv\u012bm l\u012bdz durv\u012bm<\/li>\n<li> No r\u016bpn\u012bcas l\u012bdz pat\u0113r\u0113t\u0101jam<\/li>\n<li> Pieg\u0101des saist\u012bbu izpildei pieejamo transporta veidu kombin\u0101cija<\/li>\n<\/ul>\n<p><strong>Konteineru un kravu uzglab\u0101\u0161ana<\/strong><\/p>\n<ul>\n<li> Glob\u0101lais t\u012bkls un noliktavu un noliktavu darb\u012bba<\/li>\n<li> Pal\u012bdz\u012bba izplat\u012b\u0161anas t\u012bklu veido\u0161an\u0101<\/li>\n<li> Visaptvero\u0161i komplekt\u0113\u0161anas\/iepako\u0161anas, izkrau\u0161anas\/palet\u0113\u0161anas un beramkravu uzglab\u0101\u0161anas pakalpojumi un iek\u0101rtas.<\/li>\n<\/ul>\n<p><strong>Cross Trading<\/strong><\/p>\n<ul>\n<li> S\u016btiet no jebkuras izcelsmes vietas uz jebkuru galam\u0113r\u0137i<\/li>\n<li> Saus\u0101s kravas<\/li>\n<li> Refri\u017eeratoru kravas<\/li>\n<li> \u0100rpus gabar\u012bta<\/li>\n<li> D\u0101rgmet\u0101lu un b\u012bstamas kravas<\/li>\n<li> Dokument\u0101cijas apstr\u0101de<\/li>\n<li> Izseko\u0161ana<\/li>\n<li> Muito\u0161ana<\/li>\n<\/ul>\n<p><strong>Kravas piekabes<\/strong><\/p>\n<ul>\n<li> Cietie<\/li>\n<li> Plakan\u0101 platforma<\/li>\n<li> Pa\u0161izg\u0101z\u0113js<\/li>\n<li> Zems iekr\u0101v\u0113js<\/li>\n<li> Konteineru pac\u0113l\u0101ja piekabe<\/li>\n<li> \u0122eneratoriek\u0101rtas piekabe<\/li>\n<\/ul>\n<p><strong>Konteineru apr\u012bkojums<\/strong><\/p>\n<ul>\n<li> 20 p\u0113du \/ 40 p\u0113du standarta un augstie kubu konteineri<\/li>\n<li> 20 p\u0113du \/ 40 p\u0113du va\u013c\u0113jie konteineri<\/li>\n<li> 20 p\u0113du \/ 40 p\u0113du un lielgabar\u012bta refri\u017eeratoru konteineri<\/li>\n<li> 20 p\u0113du \/ 40 p\u0113du plakan\u0101s platformas<\/li>\n<li> 20 p\u0113du \/ 40 p\u0113du platformas<\/li>\n<li> 20 p\u0113du \/ 40 p\u0113du va\u013c\u0113jie konteineri<\/li>\n<\/ul>\n<h2>Vidusj\u016bras ku\u0123niec\u012bbas komp\u0101nija (MSC)<\/h2>\n<p>Vidusj\u016bras ku\u0123niec\u012bbas komp\u0101nija ir priv\u0101ta glob\u0101la <a href=\"https:\/\/moverdb.com\/lv\/kugniecibas-uznemumi\/\">starptautiskais ku\u0123niec\u012bbas uz\u0146\u0113mums<\/a> kas darbojas jau vair\u0101k nek\u0101 40 gadus. To Neapol\u0113 dibin\u0101ja D\u017eanluid\u017ei Aponte (Gianluigi Aponte), un to joproj\u0101m vada Aponte \u0123imene. T\u0101s galvenais birojs atrodas <a href=\"https:\/\/moverdb.com\/lv\/moving-to-switzerland\/moving-to-geneva\/\" data-internallinksmanager029f6b8e52c=\"416\" title=\"P\u0101rcel\u0161an\u0101s uz \u017den\u0113vu? 2023 Dz\u012bves izmaksas un p\u0101rcel\u0161an\u0101s padomi\">\u017den\u0113va<\/a> un tai ir 480 biroji 150 valst\u012bs, un taj\u0101 str\u0101d\u0101 vair\u0101k nek\u0101 60 000 darbinieku vis\u0101 pasaul\u0113.<\/p>\n<p>MSC flot\u0113 ir 500 konteinerku\u0123u ar ietilp\u012bbu aptuveni 3,0 miljoni TEU. Katru gadu uz\u0146\u0113mums apst\u0101jas 315 ost\u0101s vis\u0101 pasaul\u0113, pieg\u0101d\u0101jot da\u017e\u0101da veida kravas.<\/p>\n<p>Vidusj\u016bras ku\u0123niec\u012bbas komp\u0101nijai ir \u0161\u0101das akredit\u0101cijas un pieder\u012bbas:<\/p>\n<ul>\n<li> Dz\u012bv\u012bbas aizsardz\u012bba uz j\u016bras (SOLAS)<\/li>\n<li> Starptautisk\u0101 Gaisa un ku\u0123niec\u012bbas asoci\u0101cija (IASA)<\/li>\n<li> <a href=\"https:\/\/moverdb.com\/lv\/starptautiska-kugniecibas-kamera\/\">Starptautisk\u0101 ku\u0123niec\u012bbas pal\u0101ta<\/a> (<a href=\"https:\/\/moverdb.com\/lv\/international-chamber-shipping\/\" data-internallinksmanager029f6b8e52c=\"78\" title=\"Starptautisk\u0101s ku\u0123niec\u012bbas kameras (ICS) skaidrojums\">ICS<\/a>)<\/li>\n<li> Ku\u0123u brokeru un ku\u0123u a\u0123entu nacion\u0101lo asoci\u0101ciju feder\u0101cija (FONASBA)<\/li>\n<\/ul>\n<p><strong>Vidusj\u016bras ku\u0123niec\u012bbas komp\u0101nija Atsauksmes<\/strong><\/p>\n<p><em>Rakst\u012b\u0161anas laik\u0101 m\u0113s nevar\u0113j\u0101m atrast nevienu atsauksmi par Mediterranean Shipping Company ku\u0123niec\u012bbas pakalpojumiem tie\u0161saist\u0113.<\/em> <\/p>\n<div itemprop=\"review\" itemscope itemtype=\"http:\/\/schema.org\/Review\">\n<strong><span itemprop=\"author\" itemscope=\"\" itemtype=\"http:\/\/schema.org\/Organization\"><span itemprop=\"name\">MoverDB.com<\/span><\/span> Tie\u0161saistes vietnes p\u0101rskats par <span itemprop=\"itemreviewed\" itemscope=\"\" itemtype=\"http:\/\/schema.org\/Brand\"><span itemprop=\"name\">Vidusj\u016bras ku\u0123niec\u012bbas uz\u0146\u0113mums<\/span><\/span>:<\/strong><\/p>\n<ol>\n<li> Skaidra kontaktinform\u0101cija t\u012bmek\u013ca vietn\u0113 (tostarp t\u0101lru\u0146a numurs): <strong>J\u0101<\/strong><\/li>\n<li> Viegli ieg\u016bt <a href=\"https:\/\/moverdb.com\/lv\/container-shipping\/\" data-internallinksmanager029f6b8e52c=\"3\" title=\"Starptautisko konteineru p\u0101rvad\u0101jumu tarifu diagramma: Apr\u012blis 2026\">starptautisk\u0101 ku\u0123niec\u012bba<\/a> cit\u0101ti? (Tie\u0161saistes t\u0101mes piepras\u012bjuma veidlapa): <strong>J\u0101<\/strong><\/li>\n<li> Skaidra inform\u0101cija t\u012bmek\u013ca vietn\u0113: <strong>J\u0101,<\/strong> T\u012bmek\u013ca vietn\u0113 ir pieejama bag\u0101t\u012bga inform\u0101cija par starptautiskajiem p\u0101rvad\u0101jumiem.<\/li>\n<li> Dal\u012bba starptautiski atz\u012bt\u0101s ku\u0123niec\u012bbas organiz\u0101cij\u0101s: <strong>J\u0101<\/strong>.<\/li>\n<li> Klientu saraksts un\/vai iepriek\u0161\u0113jo klientu atsauksmes. <strong>J\u0101,<\/strong> vi\u0146u t\u012bmek\u013ca vietn\u0113 ir ierobe\u017eots gad\u012bjumu izp\u0113tes gad\u012bjumu skaits.<\/li>\n<\/ol>\n<div itemprop=\"reviewRating\" itemscope itemtype=\"http:\/\/schema.org\/Rating\"><meta itemprop=\"worstRating\" content = \"0\" \/><meta itemprop=\"bestRating\" content=\"5\" \/><meta itemprop=\"ratingValue\" content=\"5\"><\/div>\n<p><strong>Kop\u0113jais v\u0113rt\u0113jums: 5\/5<\/strong><br \/>\n<strong>P\u0101rskata datums:<\/strong> <span itemprop=\"datePublished\" content=\"2017-04-21\">21\/04\/2017<\/span>\n<\/div>\n<p>Vair\u0101k par citiem <a href=\"https:\/\/moverdb.com\/lv\/kugniecibas-uznemumi\/\">starptautiskie ku\u0123niec\u012bbas uz\u0146\u0113mumi<\/a>, <a href=\"https:\/\/moverdb.com\/lv\/konteineru-parvadajumi\/\">konteineru p\u0101rvad\u0101jumu tarifi<\/a> un m\u016bsu <a href=\"https:\/\/moverdb.com\/lv\/atsauksmes\/\">p\u0101rskat\u012b\u0161anas process<\/a>.<\/p>\n<p><strong>T\u012bmek\u013ca vietne:<\/strong> <a href=\"https:\/\/www.msc.com\/\" target=\"_blank\" rel=\"noopener\">https:\/\/www.msc.com\/<\/a><\/p>","protected":false},"excerpt":{"rendered":"<p>Mediterranean Shipping Company (MSC) offers its customers a wide range of shipping and other services. These are listed below, together with a company profile and reviews. International Shipping Dry Cargo Standard 20ft, 40ft or 40ft high cube containers Oversized and breakbulk cargo Weekly and regular shipping services to global destinations Customs clearance and documentation Reefer [&hellip;]<\/p>\n","protected":false},"author":1,"featured_media":0,"parent":0,"menu_order":0,"comment_status":"closed","ping_status":"closed","template":"","meta":{"_genesis_hide_title":false,"_genesis_hide_breadcrumbs":false,"_genesis_hide_singular_image":false,"_genesis_hide_footer_widgets":false,"_genesis_custom_body_class":"","_genesis_custom_post_class":"","_genesis_layout":"","footnotes":""},"class_list":{"0":"post-1578","1":"page","2":"type-page","3":"status-publish","5":"entry"},"_links":{"self":[{"href":"https:\/\/moverdb.com\/lv\/wp-json\/wp\/v2\/pages\/1578","targetHints":{"allow":["GET"]}}],"collection":[{"href":"https:\/\/moverdb.com\/lv\/wp-json\/wp\/v2\/pages"}],"about":[{"href":"https:\/\/moverdb.com\/lv\/wp-json\/wp\/v2\/types\/page"}],"author":[{"embeddable":true,"href":"https:\/\/moverdb.com\/lv\/wp-json\/wp\/v2\/users\/1"}],"replies":[{"embeddable":true,"href":"https:\/\/moverdb.com\/lv\/wp-json\/wp\/v2\/comments?post=1578"}],"version-history":[{"count":6,"href":"https:\/\/moverdb.com\/lv\/wp-json\/wp\/v2\/pages\/1578\/revisions"}],"predecessor-version":[{"id":13177,"href":"https:\/\/moverdb.com\/lv\/wp-json\/wp\/v2\/pages\/1578\/revisions\/13177"}],"wp:attachment":[{"href":"https:\/\/moverdb.com\/lv\/wp-json\/wp\/v2\/media?parent=1578"}],"curies":[{"name":"wp","href":"https:\/\/api.w.org\/{rel}","templated":true}]}}