{"id":1570,"date":"2017-02-24T09:05:40","date_gmt":"2017-02-24T09:05:40","guid":{"rendered":"http:\/\/moverdb.com\/?page_id=1570"},"modified":"2026-01-08T15:20:24","modified_gmt":"2026-01-08T15:20:24","slug":"mudanzas-gou","status":"publish","type":"page","link":"https:\/\/moverdb.com\/lv\/mudanzas-gou\/","title":{"rendered":"Mudanzas Gou - Atsauksmes par starptautisko p\u0101rcel\u0161anos"},"content":{"rendered":"<p>Mudanzas Gou ir meksik\u0101\u0146u izcelsmes <a href=\"https:\/\/moverdb.com\/lv\/moving-companies\/\" data-internallinksmanager029f6b8e52c=\"79\" title=\"Top 25 Starptautiskie p\u0101rcel\u0161an\u0101s uz\u0146\u0113mumi tie\u0161saist\u0113\">P\u0101rvieto\u0161an\u0101s uz\u0146\u0113mums<\/a> kas saviem klientiem pied\u0101v\u0101 pla\u0161u pakalpojumu kl\u0101stu, kuri ir uzskait\u012bti turpm\u0101k, k\u0101 ar\u012b uz\u0146\u0113muma profilu un atsauksmes.<\/p>\n<p><strong>Starptautisk\u0101s p\u0101rcel\u0161an\u0101s<\/strong><\/p>\n<ul>\n<li> No durv\u012bm l\u012bdz durv\u012bm<\/li>\n<li> Pilns iepako\u0161anas pakalpojums, trausla iepakojuma vai DIY iepako\u0161ana<\/li>\n<li> M\u0113be\u013cu demont\u0101\u017ea un atk\u0101rtota mont\u0101\u017ea<\/li>\n<li> Muito\u0161ana un pal\u012bdz\u012bba ar dokument\u0101ciju<\/li>\n<li> Apdro\u0161in\u0101\u0161ana organiz\u0113ta<\/li>\n<li> Izpako\u0161anas pakalpojums pieejams<\/li>\n<li> Pieejama \u012bstermi\u0146a un ilgtermi\u0146a uzglab\u0101\u0161ana<\/li>\n<\/ul>\n<p><strong>Iek\u0161zemes un t\u0101lsatiksmes p\u0101rv\u0101k\u0161an\u0101s<\/strong><\/p>\n<ul>\n<li> No durv\u012bm l\u012bdz durv\u012bm<\/li>\n<li> Pilns iepako\u0161anas pakalpojums, trausla iepakojuma vai DIY iepako\u0161ana<\/li>\n<li> M\u0113be\u013cu demont\u0101\u017ea un atk\u0101rtota mont\u0101\u017ea<\/li>\n<li> Apdro\u0161in\u0101\u0161ana organiz\u0113ta<\/li>\n<li> Izpako\u0161anas pakalpojums pieejams<\/li>\n<li> Pieejama ilgtermi\u0146a un \u012bstermi\u0146a uzglab\u0101\u0161ana<\/li>\n<\/ul>\n<p><strong>Komerci\u0101lie p\u0101rv\u0101k\u0161an\u0101s<\/strong><\/p>\n<ul>\n<li> P\u0113c stund\u0101m p\u0101rvietojas<\/li>\n<li> Lo\u0123istikas pl\u0101ns<\/li>\n<li> IT p\u0101rcel\u0161an\u0101s<\/li>\n<li> Visu m\u0113be\u013cu demont\u0101\u017ea un atk\u0101rtota mont\u0101\u017ea<\/li>\n<\/ul>\n<p><strong>\u012apa\u0161s transports un pieg\u0101de<\/strong><\/p>\n<ul>\n<li> <a href=\"https:\/\/moverdb.com\/lv\/auto-transporta-nosutisana\/\">Automobiles<\/a><\/li>\n<li> Vans<\/li>\n<li> Motocikli<\/li>\n<li> Bru\u0146uma\u0161\u012bnas<\/li>\n<li> Sav\u0101k\u0161anas transportl\u012bdzek\u013ci<\/li>\n<li> Da\u017e\u0101das iek\u0101rtas<\/li>\n<li> Motorlaivas<\/li>\n<li> Buru laivas<\/li>\n<li> Medic\u012bnas piederumi un slimn\u012bcas<\/li>\n<li> Izgl\u012bt\u012bbas iest\u0101des<\/li>\n<li> M\u0101ksla un senlietas<\/li>\n<li> Specializ\u0113tais apr\u012bkojums<\/li>\n<\/ul>\n<p><strong>Uzglab\u0101\u0161ana<\/strong><\/p>\n<ul>\n<li> Ilgtermi\u0146a un \u012bstermi\u0146a<\/li>\n<li> 24\/7 apsardze<\/li>\n<li> Invent\u0101ra sist\u0113ma<\/li>\n<li> Pieejama klimata kontrole<\/li>\n<li> Kait\u0113k\u013cu apkaro\u0161ana<\/li>\n<li> Ugunsdz\u0113s\u012bbas sist\u0113ma<\/li>\n<li> Arh\u012bva glab\u0101\u0161ana<\/li>\n<\/ul>\n<h2>Mudanzas Gou Uz\u0146\u0113muma profils<\/h2>\n<p>Mudanzas Gou ir viens no vec\u0101kajiem <a href=\"https:\/\/moverdb.com\/lv\/moving-companies\/moving-companies-mexico\/\" data-internallinksmanager029f6b8e52c=\"288\" title=\"18 Lab\u0101kie starptautisk\u0101s p\u0101rcel\u0161an\u0101s uz\u0146\u0113mumi Meksik\u0101\">p\u0101rvietojas uz\u0146\u0113mumi Meksik\u0101<\/a>, kur t\u0101 s\u0101k\u0101s 1900. gad\u0101. \u0160obr\u012bd tai ir 10 biroji Meksik\u0101 un sakari ar a\u0123entiem vis\u0101 pasaul\u0113. Gou bija viens no dibin\u0101t\u0101jiem <a href=\"https:\/\/moverdb.com\/lv\/fidi-faim\/\" data-internallinksmanager029f6b8e52c=\"16\" title=\"FIDI un FAIM (FIDI akredit\u0113tais starptautiskais p\u0101rvietot\u0101js) skaidrojums\">FIDI<\/a>, OMNI, <a href=\"https:\/\/moverdb.com\/lv\/lacma\/\" data-internallinksmanager029f6b8e52c=\"28\" title=\"Lat\u012b\u0146amerikas un Kar\u012bbu j\u016bras re\u0123iona valstu Starptautisko P\u0101rv\u0101c\u0113ju asoci\u0101cija (LACMA)\">LACMA<\/a>, AMI un <a href=\"https:\/\/moverdb.com\/lv\/amsa\/\" data-internallinksmanager029f6b8e52c=\"5\" title=\"Amerikas P\u0101rv\u0101k\u0161an\u0101s un uzglab\u0101\u0161anas asoci\u0101cijas (AMSA) skaidrojums\">AMSA<\/a>.<\/p>\n<p>Gou lepojas ar savu person\u012bgo apkalpo\u0161anu un uzst\u0101j, ka ar katru klientu ir j\u0101run\u0101 kl\u0101tien\u0113, lai sniegtu vi\u0146am vislab\u0101ko iesp\u0113jamo servisu. Visiem uz\u0146\u0113muma transportl\u012bdzek\u013ciem ir satel\u012btnov\u0113ro\u0161ana, un tos iekrauj un vada uz\u0146\u0113muma person\u0101ls.<\/p>\n<p>Mudanzas Gou ir \u0161\u0101das akredit\u0101cijas un pieder\u012bbas:<\/p>\n<ul>\n<li> <a href=\"https:\/\/moverdb.com\/lv\/fidi-faim\/\">Starptautisk\u0101 starptautisko d\u012bleru feder\u0101cija (F\u00e9d\u00e9ration Internationale des D\u00e9m\u00e9nageurs Internationaux)<\/a> (FIDI)<\/li>\n<li> Overseas Moving Network International (OMNI)<\/li>\n<li> <a href=\"https:\/\/moverdb.com\/lv\/lacma\/\">Lat\u012b\u0146amerikas un Kar\u012bbu j\u016bras re\u0123iona valstu Starptautisko p\u0101rv\u0101c\u0113ju asoci\u0101cija<\/a> (LACMA)<\/li>\n<li> <a href=\"https:\/\/moverdb.com\/lv\/hgfaa\/\">Amerikas M\u0101jsaimniec\u012bbas pre\u010du ekspeditoru asoci\u0101cija<\/a> (HHGFA)<\/li>\n<li> <a href=\"https:\/\/moverdb.com\/lv\/amsa\/\" target=\"_blank\" rel=\"noopener\">Amerikas P\u0101rv\u0101k\u0161an\u0101s un uzglab\u0101\u0161anas asoci\u0101cija<\/a> (AMSA)<\/li>\n<li> Panamerikas Starptautisko P\u0101rvad\u0101t\u0101ju asoci\u0101cija (PAIMA)<\/li>\n<li> <a href=\"https:\/\/moverdb.com\/lv\/fidi-faim\/\">FAIM<\/a><\/li>\n<li> Muitas un tirdzniec\u012bbas partner\u012bba pret terorismu (C-PAT)<\/li>\n<\/ul>\n<h2>Mudanzas Gou Atsauksmes<\/h2>\n<p>Mums neizdev\u0101s atrast nevienu atsauksmi ang\u013cu valod\u0101 par Mudanzas Gou tie\u0161saist\u0113, k\u0101 ar\u012b \u0161\u0137iet, ka vietn\u0113 nav klientu atsauksmju.<\/p>\n<div itemprop=\"review\" itemscope itemtype=\"http:\/\/schema.org\/Review\">\n<span itemprop=\"author\" itemscope=\"\" itemtype=\"http:\/\/schema.org\/Organization\"><span itemprop=\"name\">MoverDB.com<\/span><\/span> Tie\u0161saistes vietnes p\u0101rskats par <span itemprop=\"itemreviewed\" itemscope=\"\" itemtype=\"http:\/\/schema.org\/Brand\"><span itemprop=\"name\">Mudanzas Gou<\/span><\/span>:<\/p>\n<ol>\n<li> Skaidra kontaktinform\u0101cija t\u012bmek\u013ca vietn\u0113 (tostarp t\u0101lru\u0146a numurs): <strong>J\u0101<\/strong><\/li>\n<li> Viegli ieg\u016bt <a href=\"https:\/\/moverdb.com\/lv\/citati\/\">p\u0101rvietojas cit\u0101ti<\/a>? (Tie\u0161saistes t\u0101mes piepras\u012bjuma veidlapa): <strong>J\u0101<\/strong><\/li>\n<li> Skaidra inform\u0101cija t\u012bmek\u013ca vietn\u0113: <strong>J\u0101,<\/strong> lai gan tas ir pamata, taj\u0101 ir sniegti pakalpojumi gan ang\u013cu, gan sp\u0101\u0146u valod\u0101.<\/li>\n<li> Dal\u012bba starptautiski atz\u012bt\u0101s kust\u012bbu organiz\u0101cij\u0101s: <strong>J\u0101<\/strong>, (daudzi sk. iepriek\u0161)<\/li>\n<li> Klientu saraksts un\/vai iepriek\u0161\u0113jo klientu atsauksmes: <strong>N\u0113,<\/strong> m\u0113s nevar\u0113j\u0101m atrast nek\u0101das atsauksmes vai klientu atsauksmes.<\/li>\n<\/ol>\n<div itemprop=\"reviewRating\" itemscope itemtype=\"http:\/\/schema.org\/Rating\"><meta itemprop=\"worstRating\" content = \"0\" \/><meta itemprop=\"bestRating\" content=\"5\" \/><meta itemprop=\"ratingValue\" content=\"4\"><\/div>\n<p><strong>Kop\u0113jais v\u0113rt\u0113jums: 4\/5<\/strong><br \/>\n<strong>P\u0101rskata datums:<\/strong> <span itemprop=\"datePublished\" content=\"2017-02-24\">24\/02\/2017<\/span>\n<\/div>\n<p>Las\u012bt vair\u0101k par <a href=\"https:\/\/moverdb.com\/lv\/parvietojas-uznemumi\/\">starptautiskie p\u0101rvieto\u0161an\u0101s uz\u0146\u0113mumi<\/a> un m\u016bsu <a href=\"https:\/\/moverdb.com\/lv\/atsauksmes\/\">p\u0101rskat\u012b\u0161anas process<\/a>.<\/p>\n<p><strong>T\u012bmek\u013ca vietnes:<\/strong> Sp\u0101\u0146u valoda: <a href=\"http:\/\/www.mudanzasgou.com.mx\/\" target=\"_blank\" rel=\"noopener\">http:\/\/www.mudanzasgou.com.mx\/<\/a> Ang\u013cu valod\u0101: <a href=\"http:\/\/www.mudanzasgou.com\/\" target=\"_blank\" rel=\"noopener\">http:\/\/www.mudanzasgou.com\/<\/a><\/p>","protected":false},"excerpt":{"rendered":"<p>Mudanzas Gou is a Mexican moving company which offers its clients a wide range of services which are listed below, together with a company profile and reviews. International Moves Door to door Full packing service, fragile packing or DIY packing Disassembly and reassembly of furniture Customs clearance and assistance with documentation Insurance arranged Unpacking service [&hellip;]<\/p>\n","protected":false},"author":1,"featured_media":0,"parent":0,"menu_order":0,"comment_status":"closed","ping_status":"closed","template":"","meta":{"_genesis_hide_title":false,"_genesis_hide_breadcrumbs":false,"_genesis_hide_singular_image":false,"_genesis_hide_footer_widgets":false,"_genesis_custom_body_class":"","_genesis_custom_post_class":"","_genesis_layout":"","footnotes":""},"class_list":{"0":"post-1570","1":"page","2":"type-page","3":"status-publish","5":"entry"},"_links":{"self":[{"href":"https:\/\/moverdb.com\/lv\/wp-json\/wp\/v2\/pages\/1570","targetHints":{"allow":["GET"]}}],"collection":[{"href":"https:\/\/moverdb.com\/lv\/wp-json\/wp\/v2\/pages"}],"about":[{"href":"https:\/\/moverdb.com\/lv\/wp-json\/wp\/v2\/types\/page"}],"author":[{"embeddable":true,"href":"https:\/\/moverdb.com\/lv\/wp-json\/wp\/v2\/users\/1"}],"replies":[{"embeddable":true,"href":"https:\/\/moverdb.com\/lv\/wp-json\/wp\/v2\/comments?post=1570"}],"version-history":[{"count":4,"href":"https:\/\/moverdb.com\/lv\/wp-json\/wp\/v2\/pages\/1570\/revisions"}],"predecessor-version":[{"id":6222,"href":"https:\/\/moverdb.com\/lv\/wp-json\/wp\/v2\/pages\/1570\/revisions\/6222"}],"wp:attachment":[{"href":"https:\/\/moverdb.com\/lv\/wp-json\/wp\/v2\/media?parent=1570"}],"curies":[{"name":"wp","href":"https:\/\/api.w.org\/{rel}","templated":true}]}}