{"id":1568,"date":"2017-02-01T16:22:03","date_gmt":"2017-02-01T16:22:03","guid":{"rendered":"http:\/\/moverdb.com\/?page_id=1568"},"modified":"2026-01-08T14:40:03","modified_gmt":"2026-01-08T14:40:03","slug":"leo-packers-movers","status":"publish","type":"page","link":"https:\/\/moverdb.com\/lv\/leo-packers-movers\/","title":{"rendered":"Leo Packers and Movers - Starptautisk\u0101 P\u0101rv\u0101k\u0161an\u0101s Reviews"},"content":{"rendered":"<p>Leo Packers un Movers atrodas Bangalor\u0101, <a href=\"https:\/\/moverdb.com\/lv\/moving-to-india\/\" data-internallinksmanager029f6b8e52c=\"356\" title=\"P\u0101rcel\u0161an\u0101s uz Indiju? 2023 Dz\u012bves izmaksas un p\u0101rcel\u0161an\u0101s padomi\">Indija<\/a>. Uz\u0146\u0113mums saviem klientiem pied\u0101v\u0101 pla\u0161u pakalpojumu kl\u0101stu, kas ir uzskait\u012bti turpm\u0101k, k\u0101 ar\u012b uz\u0146\u0113muma profilu un atsauksmes.<\/p>\n<p><strong>Starptautisk\u0101s p\u0101rcel\u0161an\u0101s<\/strong><\/p>\n<ul>\n<li> No durv\u012bm l\u012bdz durv\u012bm<\/li>\n<li> Durvis uz termin\u0101li<\/li>\n<li> Pilns iepako\u0161anas pakalpojums, trauslu priek\u0161metu vai DIY iepako\u0161ana<\/li>\n<li> M\u0113be\u013cu demont\u0101\u017ea un atk\u0101rtota mont\u0101\u017ea<\/li>\n<li> Pieejams pilns izpako\u0161anas pakalpojums<\/li>\n<li> Atkritumu izve\u0161ana<\/li>\n<li> Pieejama ilgtermi\u0146a un \u012bstermi\u0146a uzglab\u0101\u0161ana<\/li>\n<li> Muito\u0161ana un pal\u012bdz\u012bba dokumentu k\u0101rto\u0161an\u0101<\/li>\n<li> Gaisa kravu p\u0101rvad\u0101jumi<\/li>\n<li> J\u016bras kravu p\u0101rvad\u0101jumi<\/li>\n<li> Apdro\u0161in\u0101\u0161ana organiz\u0113ta<\/li>\n<\/ul>\n<p><strong>P\u0101rv\u0101k\u0161an\u0101s uz dz\u012bvojam\u0101m telp\u0101m<\/strong><\/p>\n<ul>\n<li> No durv\u012bm l\u012bdz durv\u012bm<\/li>\n<li> Pieejams pilns iepako\u0161anas pakalpojums<\/li>\n<li> M\u0113be\u013cu demont\u0101\u017ea un atk\u0101rtota mont\u0101\u017ea<\/li>\n<li> Izpako\u0161anas pakalpojums pieejams<\/li>\n<li> Atkritumu izve\u0161ana<\/li>\n<li> P\u0113c pas\u016bt\u012bjuma b\u016bv\u0113ti konteineru transportl\u012bdzek\u013ci<\/li>\n<li> Ilgtermi\u0146a un \u012bstermi\u0146a uzglab\u0101\u0161ana<\/li>\n<li> Apdro\u0161in\u0101\u0161ana organiz\u0113ta<\/li>\n<\/ul>\n<p><strong>Uz\u0146\u0113mumu p\u0101rvieto\u0161ana<\/strong><\/p>\n<ul>\n<li> Pakalpojums no durv\u012bm l\u012bdz durv\u012bm<\/li>\n<li> M\u0113be\u013cu demont\u0101\u017ea un atk\u0101rtota mont\u0101\u017ea<\/li>\n<li> Pilna servisa iepako\u0161ana<\/li>\n<li> Pareiza mar\u0137\u0113\u0161ana<\/li>\n<li> Darba staciju iek\u0101rto\u0161ana<\/li>\n<li> P\u0101rvieto\u0161an\u0101s p\u0113c darba laika un ned\u0113\u013cas nogal\u0113s<\/li>\n<li> Atkritumu izve\u0161ana<\/li>\n<\/ul>\n<p><strong>Uzglab\u0101\u0161ana<\/strong><\/p>\n<ul>\n<li> P\u0113c pas\u016bt\u012bjuma izgatavotas individu\u0101las kab\u012bnes<\/li>\n<li> Bez putek\u013ciem, bez termitiem, bez smak\u0101m (kait\u0113k\u013cu kontrole).<\/li>\n<li> RCC \u0113ka ar pirm\u0101 st\u0101va telp\u0101m<\/li>\n<li> Pa\u0161u \u012bpa\u0161um\u0101 eso\u0161as noliktavas<\/li>\n<li> Nep\u0101rtraukta diennakts apsardze<\/li>\n<li> Uzraudz\u012bba<\/li>\n<\/ul>\n<h2>Leo Packers un Movers Uz\u0146\u0113muma profils<\/h2>\n<p>Leo Packers and Movers savu darb\u012bbu uzs\u0101ka 1975. gad\u0101 Bangalor\u0101, Indij\u0101. Uz\u0146\u0113mumu joproj\u0101m vada t\u0101 dibin\u0101t\u0101ju \u0123imene \u0160ahu \u0123imene, un tagad taj\u0101 str\u0101d\u0101 jau tr\u012bs paaudzes. Uz\u0146\u0113mums ir neatkar\u012bgs p\u0101rcel\u0161an\u0101s uz\u0146\u0113mums, un Indij\u0101 tas ir paz\u012bstams k\u0101 viens no lab\u0101kajiem m\u0101jsaimniec\u012bbu un uz\u0146\u0113mumu p\u0101rcel\u0161an\u0101s uz\u0146\u0113mumiem gan viet\u0113j\u0101, gan re\u0123ion\u0101l\u0101 un starptautisk\u0101 m\u0113rog\u0101.<\/p>\n<p>Uz\u0146\u0113mums uzskata, ka ir svar\u012bgi veicin\u0101t un uztur\u0113t labas attiec\u012bbas ar klientiem. Vi\u0146i zina, ka izmaksas ir svar\u012bgs faktors, un cen\u0161as saglab\u0101t zemas cenas, vienlaikus saglab\u0101jot izcilu servisu. Leo Packers and Movers apgalvo, ka katrs p\u0101rv\u0101k\u0161an\u0101s process ir at\u0161\u0137ir\u012bgs, t\u0101p\u0113c katrs p\u0101rv\u0101k\u0161an\u0101s process tiek piel\u0101gots atbilsto\u0161i klienta vajadz\u012bb\u0101m.<\/p>\n<p>Leo Packers and Movers ir \u0161\u0101das akredit\u0101cijas un pieder\u012bbas: -<\/p>\n<ul>\n<li> Uz\u0146\u0113muma t\u012bmek\u013ca vietn\u0113 nav min\u0113ts<\/li>\n<\/ul>\n<h2>Leo Packers un Movers Atsauksmes<\/h2>\n<p><strong>Pozit\u012bvi:<\/strong><\/p>\n<ul>\n<li> <em>\"Komandas locek\u013ci ne tikai labi iztur\u0113j\u0101s, bet ar\u012b pild\u012bja savus uzdevumus, bija koncentr\u0113ti un paciet\u012bgi veica savu darbu.\"<\/em> rarami20000 via <a href=\"http:\/\/www.mouthshut.com\/review\/Leo-Packers-and-Movers-Hyderabad-review-mmqtqrslsnm\" target=\"_blank\" rel=\"noopener\">MouthShut.com<\/a>\n<\/ul>\n<p><strong>Negat\u012bvs:<\/strong><\/p>\n<ul>\n<li> <em>\"\u0160ie cilv\u0113ki ir vis\u013caun\u0101kie, vispirms vi\u0146i no jums pa\u0146ems naudu, bet p\u0113c tam nekad j\u016bs neuzklaus\u012bs.\"<\/em> subbu2001978 via <a href=\"http:\/\/www.mouthshut.com\/review\/Leo-Packers-and-Movers-Hyderabad-review-sqtrrrmoqqm\" target=\"_blank\" rel=\"noopener\">MouthShut.com<\/a><\/li>\n<\/ul>\n<div itemprop=\"review\" itemscope itemtype=\"http:\/\/schema.org\/Review\">\n<span itemprop=\"author\" itemscope=\"\" itemtype=\"http:\/\/schema.org\/Organization\"><span itemprop=\"name\">MoverDB.com<\/span><\/span> Tie\u0161saistes vietnes p\u0101rskats par <span itemprop=\"itemreviewed\" itemscope=\"\" itemtype=\"http:\/\/schema.org\/Brand\"><span itemprop=\"name\">Leo Packers un Movers<\/span><\/span>:<\/p>\n<ol>\n<li> Skaidra kontaktinform\u0101cija t\u012bmek\u013ca vietn\u0113 (tostarp t\u0101lru\u0146a numurs): <strong>J\u0101<\/strong><\/li>\n<li> Viegli ieg\u016bt <a href=\"https:\/\/moverdb.com\/lv\/citati\/\">starptautiskie p\u0101rvietojas cit\u0101ti<\/a>? (Tie\u0161saistes t\u0101mes piepras\u012bjuma veidlapa): <strong>J\u0101<\/strong><\/li>\n<li> Skaidra inform\u0101cija t\u012bmek\u013ca vietn\u0113: <strong>Ierobe\u017eots<\/strong> t\u012bmek\u013ca vietn\u0113 ir sniegta tikai ierobe\u017eota inform\u0101cija par pakalpojumiem.<\/li>\n<li> Dal\u012bba starptautiski atz\u012bt\u0101s kust\u012bbu organiz\u0101cij\u0101s: <strong>Nav uzskait\u012bts<\/strong><\/li>\n<li> Klientu saraksts un\/vai iepriek\u0161\u0113jo klientu atsauksmes. <strong>N\u0113,<\/strong> bet vi\u0146iem ir fotoatt\u0113lu galerija.<\/li>\n<\/ol>\n<div itemprop=\"reviewRating\" itemscope itemtype=\"http:\/\/schema.org\/Rating\"><meta itemprop=\"worstRating\" content = \"0\" \/><meta itemprop=\"bestRating\" content=\"5\" \/><meta itemprop=\"ratingValue\" content=\"3\"><\/div>\n<p><strong>Kop\u0113jais v\u0113rt\u0113jums: 3\/5<\/strong><br \/>\n<strong>P\u0101rskata datums:<\/strong> <span itemprop=\"datePublished\" content=\"2017-02-01\">01\/02\/2017<\/span>\n<\/div>\n<p>Las\u012bt vair\u0101k par <a href=\"https:\/\/moverdb.com\/lv\/parvietojas-uznemumi\/\">starptautiskie p\u0101rvieto\u0161an\u0101s uz\u0146\u0113mumi<\/a> un m\u016bsu <a href=\"https:\/\/moverdb.com\/lv\/atsauksmes\/\">p\u0101rskat\u012b\u0161anas process<\/a>.<\/p>\n<p><strong>T\u012bmek\u013ca vietne:<\/strong> <a href=\"http:\/\/www.leopackersindia.com\/\" target=\"_blank\" rel=\"noopener\">http:\/\/www.leopackersindia.com\/<\/a><\/p>","protected":false},"excerpt":{"rendered":"<p>Leo Packers and Movers is based in Bangalore, India. The company offers its customers a wide range of services which are listed below, together with a company profile and reviews. International Moves Door to door Door to terminal Full packing service, fragile items or DIY packing Dismantling and reassembly of furniture Full unpacking service available [&hellip;]<\/p>\n","protected":false},"author":1,"featured_media":0,"parent":0,"menu_order":0,"comment_status":"closed","ping_status":"closed","template":"","meta":{"_genesis_hide_title":false,"_genesis_hide_breadcrumbs":false,"_genesis_hide_singular_image":false,"_genesis_hide_footer_widgets":false,"_genesis_custom_body_class":"","_genesis_custom_post_class":"","_genesis_layout":"","footnotes":""},"class_list":{"0":"post-1568","1":"page","2":"type-page","3":"status-publish","5":"entry"},"_links":{"self":[{"href":"https:\/\/moverdb.com\/lv\/wp-json\/wp\/v2\/pages\/1568","targetHints":{"allow":["GET"]}}],"collection":[{"href":"https:\/\/moverdb.com\/lv\/wp-json\/wp\/v2\/pages"}],"about":[{"href":"https:\/\/moverdb.com\/lv\/wp-json\/wp\/v2\/types\/page"}],"author":[{"embeddable":true,"href":"https:\/\/moverdb.com\/lv\/wp-json\/wp\/v2\/users\/1"}],"replies":[{"embeddable":true,"href":"https:\/\/moverdb.com\/lv\/wp-json\/wp\/v2\/comments?post=1568"}],"version-history":[{"count":3,"href":"https:\/\/moverdb.com\/lv\/wp-json\/wp\/v2\/pages\/1568\/revisions"}],"predecessor-version":[{"id":13170,"href":"https:\/\/moverdb.com\/lv\/wp-json\/wp\/v2\/pages\/1568\/revisions\/13170"}],"wp:attachment":[{"href":"https:\/\/moverdb.com\/lv\/wp-json\/wp\/v2\/media?parent=1568"}],"curies":[{"name":"wp","href":"https:\/\/api.w.org\/{rel}","templated":true}]}}