{"id":1558,"date":"2017-07-10T10:38:01","date_gmt":"2017-07-10T10:38:01","guid":{"rendered":"http:\/\/moverdb.com\/?page_id=1558"},"modified":"2026-01-08T15:20:30","modified_gmt":"2026-01-08T15:20:30","slug":"packimpex","status":"publish","type":"page","link":"https:\/\/moverdb.com\/lv\/packimpex\/","title":{"rendered":"Packimpex - Starptautiskie p\u0101rcel\u0161an\u0101s un p\u0101rv\u0101k\u0161an\u0101s Atsauksmes"},"content":{"rendered":"<p>Packimpex ir p\u0101rvieto\u0161anas un <a href=\"https:\/\/moverdb.com\/lv\/international-removals\/\" data-internallinksmanager029f6b8e52c=\"27\" title=\"36 Lab\u0101kie starptautisko p\u0101rvad\u0101jumu uz\u0146\u0113mumi Apvienotaj\u0101 Karalist\u0113\">p\u0101rcel\u0161an\u0101s uz\u0146\u0113mums<\/a> kas atrodas <a href=\"https:\/\/moverdb.com\/lv\/moving-to-bern\/\" data-internallinksmanager029f6b8e52c=\"262\" title=\"P\u0101rcel\u0161an\u0101s uz Berni? 2023 Dz\u012bves izmaksas un p\u0101rcel\u0161an\u0101s padomi\">Bern<\/a>, <a href=\"https:\/\/moverdb.com\/lv\/moving-to-switzerland\/\" data-internallinksmanager029f6b8e52c=\"327\" title=\"P\u0101rcel\u0161an\u0101s uz \u0160veici? 2023 Dz\u012bves izmaksas un p\u0101rcel\u0161an\u0101s padomi\">\u0160veice<\/a>. Tas pied\u0101v\u0101 saviem klientiem virkni pakalpojumu, kas uzskait\u012bti turpm\u0101k, k\u0101 ar\u012b uz\u0146\u0113muma profilu un atsauksmes.<\/p>\n<p><strong>Starptautisk\u0101s p\u0101rcel\u0161an\u0101s<\/strong><\/p>\n<ul>\n<li> Specializ\u0113ts p\u0101rcel\u0161an\u0101s vad\u012bt\u0101js<\/li>\n<li> Pilns iepako\u0161anas pakalpojums, da\u013c\u0113ja iepako\u0161ana vai DIY iepako\u0161ana<\/li>\n<li> Daudzvalodu iepakot\u0101ji<\/li>\n<li> Ja iesp\u0113jams, atk\u0101rtoti lietojams un p\u0101rstr\u0101d\u0101jams iepakojums.<\/li>\n<li> Gaisa, autotransporta vai j\u016bras transports<\/li>\n<li> M\u0101jdz\u012bvnieku p\u0101rvieto\u0161ana<\/li>\n<li> <a href=\"https:\/\/moverdb.com\/lv\/auto-transporta-nosutisana\/\">Automa\u0161\u012bnas<\/a><\/li>\n<li> Ilgtermi\u0146a un \u012bstermi\u0146a uzglab\u0101\u0161ana<\/li>\n<li> Pal\u012bdz\u012bba muitas formalit\u0101\u0161u k\u0101rto\u0161an\u0101 un dokument\u0101cijas k\u0101rto\u0161an\u0101<\/li>\n<li> Pieejams pilns izpako\u0161anas pakalpojums<\/li>\n<li> Apdro\u0161in\u0101\u0161ana organiz\u0113ta<\/li>\n<\/ul>\n<p><strong>Galam\u0113r\u0137a pakalpojumi - \u0160veice<\/strong><\/p>\n<ul>\n<li> Konsult\u0101cijas<\/li>\n<li> Imigr\u0101cijas pakalpojumi<\/li>\n<li> Orient\u0113\u0161an\u0101s ekskursija<\/li>\n<li> Iera\u0161an\u0101s pakalpojums<\/li>\n<li> Pagaidu izmitin\u0101\u0161ana<\/li>\n<li> Mekl\u0113\u0161ana m\u0101j\u0101s<\/li>\n<li> Pal\u012bdz\u012bba izgl\u012bt\u012bbai un b\u0113rnu apr\u016bpei<\/li>\n<li> Iek\u0101rto\u0161an\u0101s pakalpojumi<\/li>\n<li> Integr\u0101cijas atbalsta programma<\/li>\n<li> Automa\u0161\u012bnas - import\u0113t vai ieg\u0101d\u0101ties<\/li>\n<li> Grupas p\u0101rvieto\u0161an\u0101s<\/li>\n<li> Izbrauk\u0161anas pakalpojumi<\/li>\n<\/ul>\n<p><strong>Korporat\u012bvie m\u0101jok\u013cu pakalpojumi<\/strong><\/p>\n<ul>\n<li> Rezerv\u0101ciju p\u0101rvald\u012bba<\/li>\n<li> Dz\u012bvok\u013cu p\u0101rvald\u012bba<\/li>\n<li> Izdevumu p\u0101rvald\u012bba<\/li>\n<li> Atbalsts nomnieka mai\u0146as gad\u012bjum\u0101<\/li>\n<li> Korporat\u012bvo dz\u012bvok\u013cu apvieno\u0161ana<\/li>\n<li> M\u0113be\u013cu noma<\/li>\n<li> M\u0113be\u013cu p\u0101rvald\u012bba<\/li>\n<li> M\u0113bel\u0113ti dz\u012bvok\u013ci no Packimpex<\/li>\n<\/ul>\n<p><strong>Viet\u0113jie p\u0101rv\u0101k\u0161an\u0101s<\/strong><\/p>\n<ul>\n<li> No durv\u012bm l\u012bdz durv\u012bm<\/li>\n<li> Pilna servisa p\u0101rcel\u0161an\u0101s<\/li>\n<li> Ierobe\u017eots pakalpojuma snieg\u0161anas laiks<\/li>\n<li> Ilgtermi\u0146a un \u012bstermi\u0146a uzglab\u0101\u0161ana<\/li>\n<li> Izpako\u0161anas pakalpojums pieejams<\/li>\n<li> Nodro\u0161in\u0101\u0161ana<\/li>\n<li> Atkritumu izve\u0161ana<\/li>\n<\/ul>\n<h2>Packimpex Uz\u0146\u0113muma profils<\/h2>\n<p>Packimpex s\u0101ka koncentr\u0113ties uz starptautiskiem p\u0101rv\u0101k\u0161an\u0101s pakalpojumiem 1977. gad\u0101 un \u0161obr\u012bd ir l\u012bderis starptautisko p\u0101rv\u0101k\u0161an\u0101s un p\u0101rvieto\u0161anas jom\u0101 \u0160veic\u0113. Uz\u0146\u0113mumam ir desmit biroji da\u017e\u0101d\u0101s viet\u0101s \u0160veic\u0113 un viens birojs <a href=\"https:\/\/moverdb.com\/lv\/moving-to-germany\/\" data-internallinksmanager029f6b8e52c=\"321\" title=\"P\u0101rcel\u0161an\u0101s uz V\u0101ciju? 2023 Dz\u012bves izmaksas un p\u0101rcel\u0161an\u0101s padomi\">V\u0101cija<\/a>. Packimpex nodarbina vair\u0101k nek\u0101 300 darbinieku, kuri visi ir savas jomas eksperti. Uz\u0146\u0113mumam ir sava m\u0101c\u012bbu akad\u0113mija, lai sekotu l\u012bdzi jaun\u0101kaj\u0101m inov\u0101cij\u0101m p\u0101rcel\u0161an\u0101s un p\u0101rv\u0101k\u0161an\u0101s nozar\u0113.<\/p>\n<p>Vair\u0101k nek\u0101 60% no 100 liel\u0101kajiem \u0160veices uz\u0146\u0113mumiem izmanto Packimpex viet\u0113jiem p\u0101rv\u0101k\u0161an\u0101s un darbinieku p\u0101rvieto\u0161anas pakalpojumiem. Packimpex ir da\u013ca no UniGroup P\u0101rcel\u0161an\u0101s t\u012bkla, kas nodro\u0161ina piek\u013cuvi p\u0101rv\u0101c\u0113jiem 63 valst\u012bs un 1200 viet\u0101s. Uz\u0146\u0113mumam pieder ar\u012b 40 m\u0113bel\u0113ti dz\u012bvok\u013ci liel\u0101kaj\u0101s \u0160veices pils\u0113t\u0101s, kas tiek iz\u012br\u0113ti uz\u0146\u0113mumiem un to \u0101rvalstu darbiniekiem.<\/p>\n<p>Packimpex lepojas ar videi draudz\u012bgu uz\u0146\u0113m\u0113jdarb\u012bbas modeli un p\u0113c iesp\u0113jas p\u0101rstr\u0101d\u0101 iepakojumu. Lai samazin\u0101tu uz\u0146\u0113muma oglek\u013ca dioks\u012bda emisijas nospiedumu, tas past\u0101v\u012bgi \u012bsteno da\u017e\u0101dus oglek\u013ca dioks\u012bda emisiju kompens\u0113\u0161anas projektus.<\/p>\n<p>Packimpex ir \u0161\u0101das akredit\u0101cijas un pieder\u012bbas:<\/p>\n<ul>\n<li> <a href=\"https:\/\/moverdb.com\/lv\/fidi-faim\/\">FIDI<\/a><\/li>\n<li> <a href=\"https:\/\/moverdb.com\/lv\/fidi-faim\/\" data-internallinksmanager029f6b8e52c=\"16\" title=\"FIDI un FAIM (FIDI akredit\u0113tais starptautiskais p\u0101rvietot\u0101js) skaidrojums\">FAIM<\/a>-ISO<\/li>\n<li> UniGroup P\u0101rcel\u0161an\u0101s t\u012bkls<\/li>\n<li> OMNI<\/li>\n<li> <a href=\"https:\/\/moverdb.com\/lv\/darbinieku-parcelsanas-padome\/\">Nodarbin\u0101t\u012bbas p\u0101rvieto\u0161anas padome<\/a> (<a href=\"https:\/\/moverdb.com\/lv\/employee-relocation-council\/\" data-internallinksmanager029f6b8e52c=\"83\" title=\"Izskaidrots par darbinieku p\u0101rvieto\u0161anas padomi (ERC) vis\u0101 pasaul\u0113\">ERC<\/a>)<\/li>\n<li> <a href=\"https:\/\/moverdb.com\/lv\/eiro\/\">Eiropas P\u0101rcel\u0161an\u0101s asoci\u0101cija<\/a> (<a href=\"https:\/\/moverdb.com\/lv\/eura\/\" data-internallinksmanager029f6b8e52c=\"13\" title=\"Eiropas P\u0101rcel\u0161an\u0101s asoci\u0101cijas (EuRA) skaidrojumi\">EURA<\/a>)<\/li>\n<li> ISO 9001<\/li>\n<li> ISO 14001<\/li>\n<li> ISO 27001<\/li>\n<\/ul>\n<h2>Packimpex Atsauksmes<\/h2>\n<p><strong>Pozit\u012bvi:<\/strong><\/p>\n<p><em>\"\u0160ie pui\u0161i bija lieliski. Man nav ne jausmas par <a href=\"https:\/\/moverdb.com\/lv\/parcelsanas-izmaksas\/\" target=\"_blank\" rel=\"noopener\">izmaksas<\/a> k\u0101 uz\u0146\u0113mums par\u016bp\u0113j\u0101s par to, bet r\u016bpes, ko vi\u0146i \u0146\u0113ma, kad iepakojot manu m\u0101ju in <a href=\"https:\/\/moverdb.com\/lv\/moving-to-london\/\" target=\"_blank\" rel=\"noopener\">Londona<\/a> un r\u016bp\u012bba, ar k\u0101du vi\u0146i visu no jauna samont\u0113ja \u0161aj\u0101 pus\u0113, bija lieliska.\"<\/em> - izmantojot <a href=\"https:\/\/www.englishforum.ch\/housing-general\/131431-packimpex-review.html\" target=\"_blank\" rel=\"noopener\">Ang\u013cu forums \u0160veice<\/a><\/p>\n<p><strong>Negat\u012bvs: <\/strong><\/p>\n<p><em>\"\u0100rk\u0101rt\u012bgi slikta izbrauk\u0161anas k\u0101rt\u012bba\"<\/em> - Anu caur <a href=\"https:\/\/www.facebook.com\/pg\/packimpex\/reviews\/?ref=page_internal\" target=\"_blank\" rel=\"noopener\">Facebook<\/a><\/p>\n<div itemprop=\"review\" itemscope itemtype=\"http:\/\/schema.org\/Review\">\n<span itemprop=\"author\" itemscope=\"\" itemtype=\"http:\/\/schema.org\/Organization\"><span itemprop=\"name\">MoverDB.com<\/span><\/span> Tie\u0161saistes vietnes p\u0101rskats par <span itemprop=\"itemreviewed\" itemscope=\"\" itemtype=\"http:\/\/schema.org\/Brand\"><span itemprop=\"name\">Packimpex<\/span><\/span>:<\/p>\n<ol>\n<li> Skaidra kontaktinform\u0101cija t\u012bmek\u013ca vietn\u0113 (tostarp t\u0101lru\u0146a numurs): <strong>J\u0101<\/strong><\/li>\n<li> Viegli ieg\u016bt <a href=\"https:\/\/moverdb.com\/lv\/citati\/\">starptautiskie p\u0101rvietojas cit\u0101ti<\/a>? (Tie\u0161saistes t\u0101mes piepras\u012bjuma veidlapa): <strong>J\u0101<\/strong><\/li>\n<li> Skaidra inform\u0101cija t\u012bmek\u013ca vietn\u0113: <strong>J\u0101,<\/strong> T\u012bmek\u013ca vietn\u0113 ir skaidri izkl\u0101st\u012bti visi vi\u0146u pied\u0101v\u0101tie pakalpojumi.<\/li>\n<li> Dal\u012bba starptautiski atz\u012bt\u0101s kust\u012bbas organiz\u0101cij\u0101s: <strong>J\u0101<\/strong>, (sk. iepriek\u0161)<\/li>\n<li> Klientu saraksts un\/vai iepriek\u0161\u0113jo klientu atsauksmes. <strong>N\u0113,<\/strong> bet liel\u0101k\u0101 da\u013ca tie\u0161saistes atsauksmju par uz\u0146\u0113mumu, \u0161\u0137iet, ir pozit\u012bvas.<\/li>\n<\/ol>\n<div itemprop=\"reviewRating\" itemscope itemtype=\"http:\/\/schema.org\/Rating\"><meta itemprop=\"worstRating\" content = \"0\" \/><meta itemprop=\"bestRating\" content=\"5\" \/><meta itemprop=\"ratingValue\" content=\"4.5\"><\/div>\n<p><strong>Kop\u0113jais v\u0113rt\u0113jums: 4,5\/5<\/strong><br \/>\n<strong>P\u0101rskata datums:<\/strong> <span itemprop=\"datePublished\" content=\"2017-07-10\">10\/07\/2017<\/span>\n<\/div>\n<p>Las\u012bt vair\u0101k par <a href=\"https:\/\/moverdb.com\/lv\/parvietojas-uznemumi\/\">starptautiskie p\u0101rvieto\u0161an\u0101s uz\u0146\u0113mumi<\/a> un m\u016bsu <a href=\"https:\/\/moverdb.com\/lv\/atsauksmes\/\">izskaidrots p\u0101rskat\u012b\u0161anas process<\/a>.<\/p>\n<p><strong>T\u012bmek\u013ca vietne:<\/strong> <a href=\"http:\/\/www.packimpex.ch\/\" target=\"_blank\" rel=\"noopener\">http:\/\/www.packimpex.ch\/<\/a><\/p>","protected":false},"excerpt":{"rendered":"<p>Packimpex is a relocation and removal company based in Bern, Switzerland. It offers its clients a range of services which are listed below, together with a company profile and reviews. International Moves Dedicated move manager Full packing service, partial packing or DIY packing Multilingual packers Reusable and recyclable packing where possible Air, road or sea [&hellip;]<\/p>\n","protected":false},"author":1,"featured_media":0,"parent":0,"menu_order":0,"comment_status":"closed","ping_status":"closed","template":"","meta":{"_genesis_hide_title":false,"_genesis_hide_breadcrumbs":false,"_genesis_hide_singular_image":false,"_genesis_hide_footer_widgets":false,"_genesis_custom_body_class":"","_genesis_custom_post_class":"","_genesis_layout":"","footnotes":""},"class_list":{"0":"post-1558","1":"page","2":"type-page","3":"status-publish","5":"entry"},"_links":{"self":[{"href":"https:\/\/moverdb.com\/lv\/wp-json\/wp\/v2\/pages\/1558","targetHints":{"allow":["GET"]}}],"collection":[{"href":"https:\/\/moverdb.com\/lv\/wp-json\/wp\/v2\/pages"}],"about":[{"href":"https:\/\/moverdb.com\/lv\/wp-json\/wp\/v2\/types\/page"}],"author":[{"embeddable":true,"href":"https:\/\/moverdb.com\/lv\/wp-json\/wp\/v2\/users\/1"}],"replies":[{"embeddable":true,"href":"https:\/\/moverdb.com\/lv\/wp-json\/wp\/v2\/comments?post=1558"}],"version-history":[{"count":4,"href":"https:\/\/moverdb.com\/lv\/wp-json\/wp\/v2\/pages\/1558\/revisions"}],"predecessor-version":[{"id":6228,"href":"https:\/\/moverdb.com\/lv\/wp-json\/wp\/v2\/pages\/1558\/revisions\/6228"}],"wp:attachment":[{"href":"https:\/\/moverdb.com\/lv\/wp-json\/wp\/v2\/media?parent=1558"}],"curies":[{"name":"wp","href":"https:\/\/api.w.org\/{rel}","templated":true}]}}