{"id":1548,"date":"2017-02-01T15:00:53","date_gmt":"2017-02-01T15:00:53","guid":{"rendered":"http:\/\/moverdb.com\/?page_id=1548"},"modified":"2026-01-08T15:20:43","modified_gmt":"2026-01-08T15:20:43","slug":"sirva","status":"publish","type":"page","link":"https:\/\/moverdb.com\/lv\/sirva\/","title":{"rendered":"SIRVA - Atsauksmes par starptautisko p\u0101rcel\u0161anos un p\u0101rcel\u0161anos"},"content":{"rendered":"<p>SIRVA ir glob\u0101ls p\u0101rcel\u0161an\u0101s uz\u0146\u0113mums, kura galvenais birojs atrodas <a href=\"https:\/\/moverdb.com\/lv\/moving-to-the-united-states\/moving-to-illinois\/\" data-internallinksmanager029f6b8e52c=\"401\" title=\"P\u0101rcel\u0161an\u0101s uz Ilinoisas \u0161tatu? 2023 Dz\u012bves izmaksas un p\u0101rcel\u0161an\u0101s padomi\">Ilinoisas \u0161tats<\/a>. Uz\u0146\u0113mumiem un priv\u0101tperson\u0101m t\u0101 pied\u0101v\u0101 da\u017e\u0101dus p\u0101rcel\u0161an\u0101s pakalpojumus. Tie ir uzskait\u012bti turpm\u0101k kop\u0101 ar uz\u0146\u0113muma profilu un atsauksm\u0113m.<\/p>\n<p><strong>Starptautisk\u0101 p\u0101rcel\u0161an\u0101s<\/strong><\/p>\n<ul>\n<li> P\u0101rvieto\u0161an\u0101s resursu t\u012bkls vis\u0101 pasaul\u0113<\/li>\n<li> S\u016bt\u012bjuma izseko\u0161ana 24\/7<\/li>\n<li> M\u0101jas apseko\u0161ana, lai noskaidrotu iepako\u0161anas pras\u012bbas utt.<\/li>\n<li> Apdro\u0161in\u0101\u0161ana organiz\u0113ta<\/li>\n<li> Person\u012bgais koordinators pal\u012bdz\u0113s sagatavot nepiecie\u0161amo dokument\u0101ciju<\/li>\n<li> Iepako\u0161ana un iekrau\u0161ana<\/li>\n<li> Muito\u0161ana<\/li>\n<li> Pieg\u0101de un izpako\u0161ana<\/li>\n<li> Ang\u013cu valod\u0101 run\u0101jo\u0161i apkalpes vad\u012bt\u0101ji b\u016bs pieejami, lai jums pal\u012bdz\u0113tu pieg\u0101des laik\u0101.<\/li>\n<li> Visi priek\u0161meti tiks r\u016bp\u012bgi izkrauti, sal\u012bdzin\u0101ti ar j\u016bsu invent\u0101ra sarakstu un novietoti pareizaj\u0101s telp\u0101s.<\/li>\n<li> Trausli priek\u0161meti, piem\u0113ram, stikls un <a href=\"https:\/\/moverdb.com\/lv\/moving-to-china\/\" data-internallinksmanager029f6b8e52c=\"357\" title=\"P\u0101rcel\u0161an\u0101s uz \u0136\u012bnu? 2023 Dz\u012bves izmaksas un p\u0101rcel\u0161an\u0101s padomi\">\u0136\u012bna<\/a>, tiks izkrauti uz l\u012bdzenas virsmas<\/li>\n<li> Visi iepakojuma materi\u0101li un gru\u017ei tiks \u0101tri izvesti no j\u016bsu m\u0101jok\u013ca.<\/li>\n<\/ul>\n<p><strong>Uz\u0146\u0113mumu p\u0101rvieto\u0161anas pakalpojumi<\/strong><\/p>\n<ul>\n<li> Iek\u0101rto\u0161an\u0101s pakalpojumi<\/li>\n<li> V\u012bzas un darba at\u013caujas<\/li>\n<li> Skolu un m\u0101jok\u013cu mekl\u0113\u0161ana<\/li>\n<li> Kult\u016bras inform\u0101cija<\/li>\n<li> Pal\u012bdz\u012bba partnerim\/laul\u0101tajam<\/li>\n<li> Specializ\u0113t\u0101 iepako\u0161ana<\/li>\n<\/ul>\n<p><strong>P\u0101rcel\u0161an\u0101s pakalpojumi<\/strong><\/p>\n<ul>\n<li> M\u0101jsaimniec\u012bbas p\u0101rcel\u0161an\u0101s<\/li>\n<li> Uz\u0146\u0113muma p\u0101rcel\u0161an\u0101s<\/li>\n<li> Viet\u0113j\u0101 p\u0101rvieto\u0161an\u0101s<\/li>\n<li> Starpvalstu p\u0101rvieto\u0161an\u0101s<\/li>\n<li> Starptautiska p\u0101rvieto\u0161an\u0101s<\/li>\n<li> Person\u012bgais p\u0101rvieto\u0161an\u0101s pl\u0101ns<\/li>\n<\/ul>\n<h2>SIRVA Uz\u0146\u0113muma profils<\/h2>\n<p>Sirva Inc ir uz\u0146\u0113mums, kas dibin\u0101ts 1997. gad\u0101 un sniedz p\u0101rcel\u0161an\u0101s un p\u0101rv\u0101k\u0161an\u0101s pakalpojumus uz\u0146\u0113mumiem un priv\u0101tperson\u0101m. Uz\u0146\u0113mums darbojas vair\u0101k nek\u0101 170 valst\u012bs vair\u0101k nek\u0101 1400 pils\u0113t\u0101s, un t\u0101 Zieme\u013camerikas z\u012bmoli ir \u0161\u0101di. <a href=\"https:\/\/moverdb.com\/lv\/allied-van-lines\/\">Allied Van Lines<\/a> un <a href=\"https:\/\/moverdb.com\/lv\/north-american-van-lines\/\">North American Van Lines<\/a>.<\/p>\n<p>Sirva veic aptuveni 385 000 p\u0101rcel\u0161an\u0101s gad\u012bjumu gad\u0101 43 pasaules valst\u012bs. To vid\u016b ir korporat\u012bvie klienti, k\u0101 ar\u012b milit\u0101rie un vald\u012bbas darbinieki.<\/p>\n<p>Sirva ir \u0161\u0101das akredit\u0101cijas un pieder\u012bbas:<\/p>\n<ul>\n<li> <a href=\"https:\/\/moverdb.com\/lv\/esmu\/\">Starptautisk\u0101 P\u0101rv\u0101c\u0113ju asoci\u0101cija<\/a> (<a href=\"https:\/\/moverdb.com\/lv\/iam\/\" data-internallinksmanager029f6b8e52c=\"23\" title=\"Starptautisk\u0101s P\u0101rv\u0101c\u0113ju asoci\u0101cijas (IAM) skaidrojumi\">IAM<\/a>)<\/li>\n<\/ul>\n<h2>SIRVA Atsauksmes<\/h2>\n<p><strong>Pozit\u012bvi:<\/strong><\/p>\n<ul>\n<li> <em>\"Mums ar v\u012bru bija lieliska pieredze, izmantojot Sirva hipot\u0113ku m\u016bsu nesen\u0101s p\u0101rcel\u0161an\u0101s laik\u0101.\"<\/em> Karlee via <a href=\"https:\/\/www.reputada.com\/company\/sirva.com\" target=\"_blank\" rel=\"noopener\">Reputada<\/a>.\n<\/ul>\n<p><strong>Negat\u012bvs:<\/strong><\/p>\n<ul>\n<li> <em>\"Visi kop\u0101, lai mana atbilde netiktu uzskat\u012bta par jebk\u0101da veida \"neslavas cel\u0161anu\", Es cent\u012b\u0161os man gr\u016bti, lai tikai att\u0113lotu, kas notika, m\u0113\u0123inot izmantot k\u0101 p\u0101ris entuziasma v\u0101rdiem, k\u0101 var\u0113tu pamatoti sagaid\u0101ms\" <\/em> - Lilaora via <a href=\"https:\/\/www.trulia.com\/voices\/Home_Selling\/Has_anyone_dealt_with_a_relocation_firm_called_SIR-29232\" target=\"_blank\" rel=\"noopener\">Trulia<\/a>.\n<\/ul>\n<p>Par SIRVA z\u012bmoliem lasiet ar\u012b <a href=\"https:\/\/moverdb.com\/lv\/allied-van-lines\/\">Allied Van Lines atsauksmes<\/a> un <a href=\"https:\/\/moverdb.com\/lv\/north-american-van-lines\/\">North American Van Lines atsauksmes<\/a>.<\/p>\n<div itemprop=\"review\" itemscope itemtype=\"http:\/\/schema.org\/Review\">\n<span itemprop=\"author\" itemscope=\"\" itemtype=\"http:\/\/schema.org\/Organization\"><span itemprop=\"name\">MoverDB.com<\/span><\/span> Tie\u0161saistes vietnes p\u0101rskats par <span itemprop=\"itemreviewed\" itemscope=\"\" itemtype=\"http:\/\/schema.org\/Brand\"><span itemprop=\"name\">SIRVA<\/span><\/span>:<\/p>\n<ol>\n<li> Skaidra kontaktinform\u0101cija t\u012bmek\u013ca vietn\u0113 (tostarp t\u0101lru\u0146a numurs): <strong>J\u0101<\/strong><\/li>\n<li> Viegli ieg\u016bt <a href=\"https:\/\/moverdb.com\/lv\/citati\/\">starptautiskie p\u0101rvietojas cit\u0101ti<\/a>? (Tie\u0161saistes t\u0101mes piepras\u012bjuma veidlapa): <strong>J\u0101<\/strong><\/li>\n<li> Skaidra inform\u0101cija t\u012bmek\u013ca vietn\u0113: <strong>J\u0101,<\/strong> T\u012bmek\u013ca vietn\u0113 ir skaidri izkl\u0101st\u012bti visi pied\u0101v\u0101tie pakalpojumi.<\/li>\n<li> Dal\u012bba starptautiski atz\u012bt\u0101s kust\u012bbu organiz\u0101cij\u0101s: <strong>J\u0101<\/strong>, (lai gan tikai IAM)<\/li>\n<li> Klientu saraksts un\/vai iepriek\u0161\u0113jo klientu atsauksmes. <strong>J\u0101,<\/strong> vi\u0146u t\u012bmek\u013ca vietn\u0113 ir sada\u013ca ar gad\u012bjumu izp\u0113ti. Tom\u0113r ir ierobe\u017eots skaits atsauksmju no interneta, un liel\u0101k\u0101 da\u013ca no t\u0101m ir neitr\u0101las vai negat\u012bvas.<\/li>\n<\/ol>\n<div itemprop=\"reviewRating\" itemscope itemtype=\"http:\/\/schema.org\/Rating\"><meta itemprop=\"worstRating\" content = \"0\" \/><meta itemprop=\"bestRating\" content=\"5\" \/><meta itemprop=\"ratingValue\" content=\"4.5\"><\/div>\n<p><strong>Kop\u0113jais v\u0113rt\u0113jums: 4,5\/5<\/strong><br \/>\n<strong>P\u0101rskata datums:<\/strong> <span itemprop=\"datePublished\" content=\"2016-02-01\">01\/02\/2017<\/span>\n<\/div>\n<p>Las\u012bt vair\u0101k par <a href=\"https:\/\/moverdb.com\/lv\/parvietojas-uznemumi\/\">starptautiskie p\u0101rvietot\u0101ji<\/a> un m\u016bsu <a href=\"https:\/\/moverdb.com\/lv\/atsauksmes\/\">p\u0101rskat\u012b\u0161anas process<\/a>.<\/p>\n<p><strong>T\u012bmek\u013ca vietne:<\/strong> <a href=\"https:\/\/www.sirva.com\/\" target=\"_blank\" rel=\"noopener\">https:\/\/www.sirva.com\/<\/a> <\/p>","protected":false},"excerpt":{"rendered":"<p>SIRVA is a global relocation company with its head office in Illinois. It offers its corporate and individual clients a variety of moving services. These are listed below together with a company profile and reviews. International Moving Worldwide network of moving resources Track your shipment 24\/7 House survey to ascertain packing requirements etc Insurance arranged [&hellip;]<\/p>\n","protected":false},"author":1,"featured_media":0,"parent":0,"menu_order":0,"comment_status":"closed","ping_status":"closed","template":"","meta":{"_genesis_hide_title":false,"_genesis_hide_breadcrumbs":false,"_genesis_hide_singular_image":false,"_genesis_hide_footer_widgets":false,"_genesis_custom_body_class":"","_genesis_custom_post_class":"","_genesis_layout":"","footnotes":""},"class_list":{"0":"post-1548","1":"page","2":"type-page","3":"status-publish","5":"entry"},"_links":{"self":[{"href":"https:\/\/moverdb.com\/lv\/wp-json\/wp\/v2\/pages\/1548","targetHints":{"allow":["GET"]}}],"collection":[{"href":"https:\/\/moverdb.com\/lv\/wp-json\/wp\/v2\/pages"}],"about":[{"href":"https:\/\/moverdb.com\/lv\/wp-json\/wp\/v2\/types\/page"}],"author":[{"embeddable":true,"href":"https:\/\/moverdb.com\/lv\/wp-json\/wp\/v2\/users\/1"}],"replies":[{"embeddable":true,"href":"https:\/\/moverdb.com\/lv\/wp-json\/wp\/v2\/comments?post=1548"}],"version-history":[{"count":5,"href":"https:\/\/moverdb.com\/lv\/wp-json\/wp\/v2\/pages\/1548\/revisions"}],"predecessor-version":[{"id":6239,"href":"https:\/\/moverdb.com\/lv\/wp-json\/wp\/v2\/pages\/1548\/revisions\/6239"}],"wp:attachment":[{"href":"https:\/\/moverdb.com\/lv\/wp-json\/wp\/v2\/media?parent=1548"}],"curies":[{"name":"wp","href":"https:\/\/api.w.org\/{rel}","templated":true}]}}