{"id":1542,"date":"2017-02-01T16:45:14","date_gmt":"2017-02-01T16:45:14","guid":{"rendered":"http:\/\/moverdb.com\/?page_id=1542"},"modified":"2026-01-08T15:30:38","modified_gmt":"2026-01-08T15:30:38","slug":"vip-transport","status":"publish","type":"page","link":"https:\/\/moverdb.com\/lv\/vip-transport\/","title":{"rendered":"VIP Transports - Atsauksmes par starptautisko p\u0101rcel\u0161anos"},"content":{"rendered":"<p>VIP Transport galvenais birojs atrodas Corona, Kalifornij\u0101. Uz\u0146\u0113mums saviem klientiem pied\u0101v\u0101 da\u017e\u0101dus p\u0101rcel\u0161an\u0101s pakalpojumus, kas ir uzskait\u012bti zem\u0101k, k\u0101 ar\u012b uz\u0146\u0113muma profilu un atsauksmes.<\/p>\n<p><strong>Starptautisk\u0101s p\u0101rcel\u0161an\u0101s<\/strong><\/p>\n<p>Pirmspie\u0161\u0137ir\u0161anas pakalpojumi<\/p>\n<ul>\n<li>V\u012bzu un imigr\u0101cijas pakalpojumi<\/li>\n<li>Priek\u0161skat\u012bjums ce\u013cojums un orient\u0113\u0161an\u0101s apvid\u016b<\/li>\n<li>Inform\u0101cija par valsti un kult\u016bru<\/li>\n<\/ul>\n<p>P\u0101rcel\u0161an\u0101s pakalpojumi<\/p>\n<ul>\n<li>Pl\u0101no\u0161ana pirms p\u0101rcel\u0161an\u0101s<\/li>\n<li>Mantu transport\u0113\u0161ana<\/li>\n<li>P\u0101rcel\u0161an\u0101s p\u0101rvald\u012bba<\/li>\n<li>S\u016bt\u012bjumu izseko\u0161ana<\/li>\n<\/ul>\n<p>Starptautiskie galam\u0113r\u0137u pakalpojumi<\/p>\n<ul>\n<li>Kult\u016bras un valodas apm\u0101c\u012bba<\/li>\n<li>Pal\u012bdz\u012bba skol\u0101m<\/li>\n<li>Partnera\/laul\u0101t\u0101 atbalsts<\/li>\n<li>Iek\u0101rto\u0161an\u0101s dienest\u0101<\/li>\n<li>Izbrauk\u0161anas pal\u012bdz\u012bba<\/li>\n<\/ul>\n<p>Aizsardz\u012bbas pakalpojumi<\/p>\n<ul>\n<li>Svara reizin\u0101t\u0101js<\/li>\n<li>Augstas v\u0113rt\u012bbas invent\u0101rs<\/li>\n<li>Nov\u0113rt\u0113ts invent\u0101rs, kas nov\u0113rt\u0113ts pa poz\u012bcij\u0101m<\/li>\n<\/ul>\n<p>Pal\u012bdz\u012bba m\u0101jok\u013cu jom\u0101<\/p>\n<ul>\n<li>M\u0101jas mekl\u0113\u0161anas pakalpojumi<\/li>\n<li>Pagaidu izmitin\u0101\u0161ana<\/li>\n<li>\u012apa\u0161uma un \u012bres p\u0101rvald\u012bba<\/li>\n<\/ul>\n<p><strong>Home P\u0101rcel\u0161an\u0101s<\/strong><\/p>\n<ul>\n<li>Viet\u0113j\u0101, t\u0101lsatiksmes un starptautisk\u0101 p\u0101rcel\u0161an\u0101s<\/li>\n<li>Uzglab\u0101\u0161ana un klimata kontrol\u0113ta uzglab\u0101\u0161ana<\/li>\n<li>Piel\u0101gota iesai\u0146o\u0161ana<\/li>\n<li>Iepako\u0161anas un izpako\u0161anas pakalpojumi<\/li>\n<li>Autotransports<\/li>\n<li>T\u012bkla, datora un kinoz\u0101les piesl\u0113g\u0161ana<\/li>\n<li>Nekustam\u0101 \u012bpa\u0161uma pakalpojumi<\/li>\n<li>Balto cimdu pakalpojumi<\/li>\n<\/ul>\n<p><strong>Uz\u0146\u0113mumu p\u0101rvieto\u0161ana<\/strong><\/p>\n<ul>\n<li>Person\u012bgais koordinators<\/li>\n<li>No durv\u012bm l\u012bdz durv\u012bm<\/li>\n<li>Pilna servisa iepako\u0161ana un izpako\u0161ana<\/li>\n<li>Ilgtermi\u0146a un \u012bstermi\u0146a uzglab\u0101\u0161ana<\/li>\n<li>Visaptvero\u0161u p\u0101rskatu un izdevumu izseko\u0161ana<\/li>\n<li>Daudzpak\u0101pju pakalpojumu pied\u0101v\u0101jumi<\/li>\n<li>Elast\u012bgi pakalpojumi attiec\u012bb\u0101 uz izdevumiem, kas balst\u012bti uz pabalstiem<\/li>\n<li>Piel\u0101gotas sagaid\u012b\u0161anas skrejlapas<\/li>\n<li>Izseko\u0161ana tie\u0161saist\u0113<\/li>\n<li>\u012apa\u0161s konta mened\u017eeris tikai darbiniekiem<\/li>\n<li>Pagaidu m\u0101joklis<\/li>\n<\/ul>\n<p><strong>Specializ\u0113tie pakalpojumi<\/strong><\/p>\n<ul>\n<li>V\u012bna p\u0101rvieto\u0161anas un p\u0101rvad\u0101\u0161anas pakalpojumi<\/li>\n<li>Custom Crating<\/li>\n<li>Balto cimdu serviss<\/li>\n<li>Augstas v\u0113rt\u012bbas kolekciju priek\u0161meti<\/li>\n<li>Medic\u012bnisk\u0101 apr\u012bkojuma transport\u0113\u0161ana<\/li>\n<li>Elektronika un robotika<\/li>\n<li>Viesm\u012bl\u012bba un vesel\u012bbas apr\u016bpe<\/li>\n<li>M\u016bzika un izklaide<\/li>\n<li>Avi\u0101cijas un kosmosa lo\u0123istika<\/li>\n<li>Sportistu un sporta komandu p\u0101rvieto\u0161ana<\/li>\n<li>Pakalpojumi Havaju sal\u0101s<\/li>\n<li>Laboratorijas p\u0101rvieto\u0161ana<\/li>\n<li>T\u0113lot\u0101jm\u0101ksla un senlietas<\/li>\n<li>Milit\u0101rie dienesti un GSA<\/li>\n<li>Universit\u0101\u0161u un akad\u0113misko iest\u0101\u017eu p\u0101rvieto\u0161ana<\/li>\n<\/ul>\n<p><strong>Lo\u0123istika<\/strong><\/p>\n<ul>\n<li>Lo\u0123istika\/ LTL\/ Kravas automa\u0161\u012bnas<\/li>\n<li>Uzglab\u0101\u0161ana un izplat\u012b\u0161ana<\/li>\n<li>Flotes iesp\u0113jas<\/li>\n<li>Tirdzniec\u012bbas izst\u0101\u017eu pakalpojumi<\/li>\n<li>Komerci\u0101la p\u0101rvieto\u0161ana<\/li>\n<li>Plakan\u0101s platformas pakalpojumi<\/li>\n<li>T\u012bklu mont\u0101\u017eas pakalpojumi<\/li>\n<li><a href=\"https:\/\/moverdb.com\/lv\/container-shipping\/\" data-internallinksmanager029f6b8e52c=\"3\" title=\"Starptautisko konteineru p\u0101rvad\u0101jumu tarifu diagramma: Apr\u012blis 2026\">Starptautisk\u0101 pieg\u0101de<\/a><\/li>\n<\/ul>\n<p><strong>Uzglab\u0101\u0161ana<\/strong><\/p>\n<ul>\n<li>Ilgtermi\u0146a un \u012bstermi\u0146a<\/li>\n<li>Klimata kontrole ar minim\u0101lu UV apgaismojumu<\/li>\n<li>Priv\u0101ta v\u012bna uzglab\u0101\u0161ana<\/li>\n<li>24 stundu apsardze<\/li>\n<li>Stingra ugunsdro\u0161\u012bbas, signaliz\u0101cijas un dro\u0161\u012bbas p\u0101rbaude<\/li>\n<li>Priv\u0101tas klimata kontrol\u0113tas telpas ar dro\u0161u kodu ieejas sist\u0113mu.<\/li>\n<\/ul>\n<h2>VIP Transport Uz\u0146\u0113muma profils<\/h2>\n<p>VIP Transport ir da\u013ca no UniGroup, kas ir UniGroup m\u0101tesuz\u0146\u0113mums. <a href=\"https:\/\/moverdb.com\/lv\/mayflower-transit\/\">Mayflower Transit<\/a> un <a href=\"https:\/\/moverdb.com\/lv\/united-van-lines\/\">United Van Lines<\/a>. 1982. gad\u0101 dibin\u0101tais uz\u0146\u0113mums veic cilv\u0113ku un pre\u010du p\u0101rvad\u0101jumus vis\u0101 pasaul\u0113, izmantojot UniGroup a\u0123ent\u016bru t\u012bklu. <\/p>\n<p>In the <a href=\"https:\/\/moverdb.com\/lv\/moving-to-the-united-states\/\" data-internallinksmanager029f6b8e52c=\"94\" title=\"P\u0101rce\u013caties uz Amerikas Savienotaj\u0101m Valst\u012bm? 2022 Dz\u012bves izmaksas un p\u0101rcel\u0161an\u0101s padomi\">Amerikas Savienot\u0101s Valstis<\/a> vien ir pieejami 1100 a\u0123enti, un starptautisk\u0101 m\u0113rog\u0101 ir vair\u0101k nek\u0101 1350 a\u0123entu. VIP Transport ir pieejami ar\u012b 46 miljoni kvadr\u0101tp\u0113du noliktavu, no kuriem 7 miljoni ir ar klimata kontroli.<\/p>\n<p>VIP Transport ekspluat\u0113 specializ\u0113tu transportl\u012bdzek\u013cu parku, kur\u0101 ietilpst klimata kontrol\u0113tas piekabes, ar \u0123eneratoru darbin\u0101mi laboratorijas furgoni un plakanas platformas ar \u012bpa\u0161\u0101m iekrau\u0161anas iesp\u0113j\u0101m. Uz\u0146\u0113mums iev\u0113ro stingru \"za\u013co\" programmu, lai l\u012bdz minimumam samazin\u0101tu oglek\u013ca dioks\u012bda emisiju.<br \/>\nVIP Transport ir \u0161\u0101das akredit\u0101cijas un pieder\u012bbas:<\/p>\n<ul>\n<li> <a href=\"https:\/\/moverdb.com\/lv\/amsa\/\">Amerikas P\u0101rv\u0101k\u0161an\u0101s un uzglab\u0101\u0161anas asoci\u0101cija<\/a> (<a href=\"https:\/\/moverdb.com\/lv\/amsa\/\" data-internallinksmanager029f6b8e52c=\"5\" title=\"Amerikas P\u0101rv\u0101k\u0161an\u0101s un uzglab\u0101\u0161anas asoci\u0101cijas (AMSA) skaidrojums\">AMSA<\/a>)<\/li>\n<li> <a href=\"https:\/\/moverdb.com\/lv\/ritenu-novirzitajs\/\">ProMover<\/a><\/li>\n<li> Better Business Bureau (BBB) A+<\/li>\n<li> WBENC sertific\u0113ts<\/li>\n<li> ISO 9001<\/li>\n<\/ul>\n<h2>VIP Transports Atsauksmes<\/h2>\n<p><strong>Pozit\u012bvi:<\/strong><\/p>\n<ul>\n<li> <em>\"The <a href=\"https:\/\/moverdb.com\/lv\/parvietojas-uz-losandzelosu\/\">Losand\u017eelosa<\/a> Clippers un VIP Transport gadu gait\u0101 ir izveidoju\u0161\u0101s lieliskas attiec\u012bbas. Vi\u0146i vienm\u0113r ir biju\u0161i gatavi pal\u012bdz\u0113t mums p\u0101rvietot vair\u0101kus galvenos sp\u0113l\u0113t\u0101jus, un neviens no sp\u0113l\u0113t\u0101jiem par to nav s\u016bdz\u0113jies.\"<\/em> - izmantojot <a href=\"http:\/\/www.viptransport.com\/testimonials\/\" target=\"_blank\" rel=\"noopener\">uz\u0146\u0113muma atsauksme<\/a> lapa.<\/li>\n<li> <em>\"\u0160ie pui\u0161i sa\u0146em 10 no 10.  No pirm\u0101 kontakta br\u012b\u017ea l\u012bdz pat darba pabeig\u0161anai m\u0113s sa\u0146\u0113m\u0101m \"A-1 servisu\".  \"<\/em> - Roberts, izmantojot <a href=\"https:\/\/www.yelp.com\/biz\/vip-transport-corona-6?hrid=nuC3r_2wy6HRLOm4owqitg&#038;utm_campaign=www_review_share_popup&#038;utm_medium=copy_link&#038;utm_source=(direct)\" target=\"_blank\" rel=\"noopener\">Yelp<\/a><\/li>\n<li> <em>\"Man bija lieliska pieredze ar VIP!\"<\/em> - Mi\u0161ela, izmantojot <a href=\"https:\/\/www.mymovingreviews.com\/movers\/vip-transport-781#53376\" target=\"_blank\" rel=\"noopener\">MyMovingReviews<\/a><\/li>\n<\/ul>\n<p><strong>Negat\u012bvs:<\/strong><\/p>\n<ul>\n<li><em>\"Es v\u0113los, lai vi\u0146iem var\u0113tu pie\u0161\u0137irt nulli zvaig\u017e\u0146u.\"<\/em> - Nancy T via <a href=\"https:\/\/www.yelp.com\/biz\/vip-transport-corona-6?hrid=DvJSu2LKWnFvj2WuqZXtoQ&#038;utm_campaign=www_review_share_popup&#038;utm_medium=copy_link&#038;utm_source=(direct)\" target=\"_blank\" rel=\"noopener\">Yelp<\/a><\/li>\n<li> <em>\"Es izv\u0113l\u0113jos Mayflower\/VIP Transport, pateicoties p\u0101rst\u0101vim, kur\u0161 ierad\u0101s uz vietas veikt nov\u0113rt\u0113jumu. Vi\u0146a paskaidrojumi man bija visizprat\u012bg\u0101kie no cit\u0101m t\u0101m\u0113m. Tom\u0113r izr\u0101d\u012bj\u0101s, ka vi\u0146a apr\u0113\u0137in\u0101tais svars bija par 6000 m\u0101rci\u0146u liel\u0101ks nek\u0101 mans faktiskais svars.\"<\/em> - Ruthie via <a href=\"https:\/\/www.mymovingreviews.com\/movers\/vip-transport-781#50382\" target=\"_blank\" rel=\"noopener\">MyMovingReviews<\/a><\/li>\n<\/ul>\n<div itemprop=\"review\" itemscope itemtype=\"http:\/\/schema.org\/Review\">\n<span itemprop=\"author\" itemscope=\"\" itemtype=\"http:\/\/schema.org\/Organization\"><span itemprop=\"name\">MoverDB.com<\/span><\/span> Tie\u0161saistes vietnes p\u0101rskats par <span itemprop=\"itemreviewed\" itemscope=\"\" itemtype=\"http:\/\/schema.org\/Brand\"><span itemprop=\"name\">VIP transports<\/span><\/span>:<\/p>\n<ol>\n<li> Skaidra kontaktinform\u0101cija t\u012bmek\u013ca vietn\u0113 (tostarp t\u0101lru\u0146a numurs): <strong>J\u0101<\/strong><\/li>\n<li> Viegli ieg\u016bt <a href=\"https:\/\/moverdb.com\/lv\/citati\/\">starptautiskie p\u0101rvietojas cit\u0101ti<\/a>? (Tie\u0161saistes t\u0101mes piepras\u012bjuma veidlapa): <strong>J\u0101<\/strong><\/li>\n<li> Skaidra inform\u0101cija t\u012bmek\u013ca vietn\u0113: <strong>J\u0101,<\/strong> t\u012bmek\u013ca vietn\u0113 ir daudz detaliz\u0113tas inform\u0101cijas par p\u0101rvieto\u0161anos.<\/li>\n<li> Dal\u012bba starptautiski atz\u012bt\u0101s kust\u012bbu organiz\u0101cij\u0101s: <strong>J\u0101<\/strong>, (sk. iepriek\u0161)<\/li>\n<li> Klientu saraksts un\/vai iepriek\u0161\u0113jo klientu atsauksmes. <strong>J\u0101,<\/strong> daudz pozit\u012bvu klientu atsauksmju var atrast vi\u0146u t\u012bmek\u013ca vietn\u0113, un vi\u0146iem ir galvenok\u0101rt pozit\u012bvas atsauksmes citur t\u012bmekl\u012b.<\/li>\n<\/ol>\n<div itemprop=\"reviewRating\" itemscope itemtype=\"http:\/\/schema.org\/Rating\"><meta itemprop=\"worstRating\" content = \"0\" \/><meta itemprop=\"bestRating\" content=\"5\" \/><meta itemprop=\"ratingValue\" content=\"5\"><\/div>\n<p><strong>Kop\u0113jais v\u0113rt\u0113jums: 5\/5<\/strong><br \/>\n<strong>P\u0101rskata datums:<\/strong> <span itemprop=\"datePublished\" content=\"2017-02-01\">01\/02\/2017<\/span>\n<\/div>\n<p>Las\u012bt vair\u0101k par <a href=\"https:\/\/moverdb.com\/lv\/parvietojas-uznemumi\/\">starptautiskie p\u0101rvieto\u0161an\u0101s uz\u0146\u0113mumi<\/a> un m\u016bsu <a href=\"https:\/\/moverdb.com\/lv\/atsauksmes\/\">p\u0101rskat\u012b\u0161anas process<\/a>.<\/p>\n<p><strong>T\u012bmek\u013ca vietnes:<\/strong> <a href=\"http:\/\/www.viptransport.com\/\" target=\"_blank\" rel=\"noopener\">http:\/\/www.viptransport.com\/<\/a><\/p>","protected":false},"excerpt":{"rendered":"<p>VIP Transport&#8217;s head office is in Corona, CA. The company offers its clients a variety of moving services which are listed below, together with a company profile and reviews. International Moves Pre-assignment Services Visa and immigration services Preview trip and area orientation Country and culture information Moving Services Pre-move planning Transportation of belongings Managing the [&hellip;]<\/p>\n","protected":false},"author":1,"featured_media":0,"parent":0,"menu_order":0,"comment_status":"closed","ping_status":"closed","template":"","meta":{"_genesis_hide_title":false,"_genesis_hide_breadcrumbs":false,"_genesis_hide_singular_image":false,"_genesis_hide_footer_widgets":false,"_genesis_custom_body_class":"","_genesis_custom_post_class":"","_genesis_layout":"","footnotes":""},"class_list":{"0":"post-1542","1":"page","2":"type-page","3":"status-publish","5":"entry"},"_links":{"self":[{"href":"https:\/\/moverdb.com\/lv\/wp-json\/wp\/v2\/pages\/1542","targetHints":{"allow":["GET"]}}],"collection":[{"href":"https:\/\/moverdb.com\/lv\/wp-json\/wp\/v2\/pages"}],"about":[{"href":"https:\/\/moverdb.com\/lv\/wp-json\/wp\/v2\/types\/page"}],"author":[{"embeddable":true,"href":"https:\/\/moverdb.com\/lv\/wp-json\/wp\/v2\/users\/1"}],"replies":[{"embeddable":true,"href":"https:\/\/moverdb.com\/lv\/wp-json\/wp\/v2\/comments?post=1542"}],"version-history":[{"count":5,"href":"https:\/\/moverdb.com\/lv\/wp-json\/wp\/v2\/pages\/1542\/revisions"}],"predecessor-version":[{"id":6250,"href":"https:\/\/moverdb.com\/lv\/wp-json\/wp\/v2\/pages\/1542\/revisions\/6250"}],"wp:attachment":[{"href":"https:\/\/moverdb.com\/lv\/wp-json\/wp\/v2\/media?parent=1542"}],"curies":[{"name":"wp","href":"https:\/\/api.w.org\/{rel}","templated":true}]}}