{"id":1538,"date":"2017-02-23T08:47:51","date_gmt":"2017-02-23T08:47:51","guid":{"rendered":"http:\/\/moverdb.com\/?page_id=1538"},"modified":"2026-01-08T15:20:39","modified_gmt":"2026-01-08T15:20:39","slug":"iestatits","status":"publish","type":"page","link":"https:\/\/moverdb.com\/lv\/settelen\/","title":{"rendered":"Settelen - Starptautiskie p\u0101rv\u0101k\u0161an\u0101s un p\u0101rcel\u0161an\u0101s Atsauksmes"},"content":{"rendered":"<p>Settelen ir \u0160veices uz\u0146\u0113mums, kas atrodas <a href=\"https:\/\/moverdb.com\/lv\/moving-to-basel\/\" data-internallinksmanager029f6b8e52c=\"263\" title=\"P\u0101rcel\u0161an\u0101s uz B\u0101zeli? 2023 Dz\u012bves izmaksas un p\u0101rcel\u0161an\u0101s padomi\">B\u0101zele<\/a>. Tas pied\u0101v\u0101 saviem klientiem virkni p\u0101rcel\u0161an\u0101s pakalpojumu, kas uzskait\u012bti turpm\u0101k, k\u0101 ar\u012b uz\u0146\u0113muma profilu un atsauksmes.<\/p>\n<p><strong>Starptautisk\u0101 p\u0101rcel\u0161an\u0101s un p\u0101rv\u0101k\u0161an\u0101s<\/strong><\/p>\n<ul>\n<li> Specializ\u0113ts p\u0101rcel\u0161an\u0101s koordinators<\/li>\n<li> No durv\u012bm l\u012bdz durv\u012bm<\/li>\n<li> Pilns iepako\u0161anas pakalpojums, tikai trausli priek\u0161meti vai DIY iepako\u0161ana<\/li>\n<li> M\u0113be\u013cu demont\u0101\u017ea un atk\u0101rtota mont\u0101\u017ea utt.<\/li>\n<li> Piel\u0101gotas kastes<\/li>\n<li> P\u0101rcel\u0161an\u0101s veikals, kur\u0101 var ieg\u0101d\u0101ties nepiecie\u0161amos iepakojuma piederumus<\/li>\n<li> Pieejams pilns izpako\u0161anas pakalpojums<\/li>\n<li> Pal\u012bdz\u012bba muitas un dokument\u0101cijas k\u0101rto\u0161an\u0101<\/li>\n<li> Apdro\u0161in\u0101\u0161ana organiz\u0113ta<\/li>\n<li> \u012astermi\u0146a un ilgtermi\u0146a uzglab\u0101\u0161ana<\/li>\n<\/ul>\n<p><strong>Viet\u0113jie un t\u0101lie p\u0101rv\u0101k\u0161an\u0101s darbi<\/strong><\/p>\n<ul>\n<li> Specializ\u0113ts p\u0101rcel\u0161an\u0101s koordinators<\/li>\n<li> No durv\u012bm l\u012bdz durv\u012bm<\/li>\n<li> Ja nepiecie\u0161ams, pieejams pilns iepako\u0161anas pakalpojums<\/li>\n<li> M\u0113be\u013cu demont\u0101\u017ea un atk\u0101rtota mont\u0101\u017ea utt.<\/li>\n<li> Ja nepiecie\u0161ams, pieejams pilns izpako\u0161anas pakalpojums<\/li>\n<li> Apdro\u0161in\u0101\u0161ana organiz\u0113ta<\/li>\n<li> Pieejama \u012bstermi\u0146a un ilgtermi\u0146a uzglab\u0101\u0161ana<\/li>\n<li> Piln\u012bb\u0101 nokomplekt\u0113ts p\u0101rcel\u0161an\u0101s veikals ar visiem iepako\u0161anas priek\u0161metiem<\/li>\n<\/ul>\n<p><strong>Uz\u0146\u0113mumu p\u0101rvieto\u0161ana<\/strong><\/p>\n<ul>\n<li> Specializ\u0113ta p\u0101rcel\u0161an\u0101s komanda<\/li>\n<li> No durv\u012bm l\u012bdz durv\u012bm<\/li>\n<li> \u0100rpus darba laika, lai izvair\u012btos no trauc\u0113jumiem uz\u0146\u0113m\u0113jdarb\u012bb\u0101<\/li>\n<li> M\u0113be\u013cu demont\u0101\u017ea un atk\u0101rtota mont\u0101\u017ea<\/li>\n<li> IT no\u0146em\u0161ana un atk\u0101rtota instal\u0113\u0161ana<\/li>\n<li> Pilns iepako\u0161anas pakalpojums vai da\u013c\u0113js iepako\u0161anas pakalpojums<\/li>\n<li> Apdro\u0161in\u0101\u0161ana organiz\u0113ta<\/li>\n<li> Pieejama \u012bstermi\u0146a un ilgtermi\u0146a uzglab\u0101\u0161ana<\/li>\n<li> Specializ\u0113t\u0101 iesai\u0146o\u0161ana<\/li>\n<li> Smag\u0101s tehnikas p\u0101rvieto\u0161ana<\/li>\n<li> \u0100r\u0113jais lifts<\/li>\n<\/ul>\n<p><strong>\u012apa\u0161ie p\u0101rv\u0101k\u0161anas darbi<\/strong><\/p>\n<ul>\n<li> Izst\u0101des un gadatirgi<\/li>\n<li> M\u0101ksla un senlietas<\/li>\n<li> Smag\u0101 tehnika<\/li>\n<li> Trauslas preces<\/li>\n<li> Pian\u012bni un citi m\u016bzikas instrumenti<\/li>\n<li> Eksporta preces<\/li>\n<\/ul>\n<p><strong>\u012apa\u0161ais transports<\/strong><\/p>\n<ul>\n<li> Smagiem, neparastiem priek\u0161metiem un viet\u0101m<\/li>\n<li> Lo\u0123istika un organiz\u0101cija<\/li>\n<li> Transportl\u012bdzek\u013ca izv\u0113le<\/li>\n<li> Mar\u0161ruta kart\u0113\u0161ana<\/li>\n<li> Ieg\u016btas nepiecie\u0161am\u0101s licences<\/li>\n<\/ul>\n<p><strong>Uzglab\u0101\u0161ana<\/strong><\/p>\n<ul>\n<li> Koka konteineri<\/li>\n<li> 24\/7 apsardze<\/li>\n<li> Regul\u0101ras konteineru p\u0101rbaudes<\/li>\n<li> Pieejams speci\u0101ls iesai\u0146ojums un iepako\u0161ana<\/li>\n<\/ul>\n<p><strong>Settelen Auto noma<\/strong><\/p>\n<ul>\n<li> Pasa\u017eieru transportl\u012bdzek\u013ci<\/li>\n<li> Mikroautobusi un pikapi<\/li>\n<li> Mikroautobusi<\/li>\n<li> Speci\u0101lie transportl\u012bdzek\u013ci<\/li>\n<\/ul>\n<h2>Settelen Uz\u0146\u0113muma profils<\/h2>\n<p>Settelen AG atrodas B\u0101zel\u0113, <a href=\"https:\/\/moverdb.com\/lv\/moving-to-switzerland\/\" data-internallinksmanager029f6b8e52c=\"327\" title=\"P\u0101rcel\u0161an\u0101s uz \u0160veici? 2023 Dz\u012bves izmaksas un p\u0101rcel\u0161an\u0101s padomi\">\u0160veice<\/a>. \u0160is priv\u0101tais uz\u0146\u0113mums tika dibin\u0101ts 1883. gad\u0101. T\u0101 galvenais darb\u012bbas virziens ir transports un lo\u0123istika, un t\u0101 meitasuz\u0146\u0113mumi ir transportl\u012bdzek\u013cu noma, autobusu ce\u013cojumi un meh\u0101nisko transportl\u012bdzek\u013cu apkope un remonts.<\/p>\n<p>Settelen organiz\u0113 starptautisko, t\u0101lsatiksmes un viet\u0113jo p\u0101rcel\u0161anos priv\u0101tperson\u0101m un uz\u0146\u0113mumiem.<\/p>\n<p>Settelen ir \u0161\u0101das akredit\u0101cijas un pieder\u012bbas:<\/p>\n<ul>\n<li> <a href=\"https:\/\/moverdb.com\/lv\/fidi-faim\/\">Starptautisko p\u0101rcel\u0161an\u0101s uz\u0146\u0113mumu feder\u0101cija<\/a> (<a href=\"https:\/\/moverdb.com\/lv\/fidi-faim\/\" data-internallinksmanager029f6b8e52c=\"16\" title=\"FIDI un FAIM (FIDI akredit\u0113tais starptautiskais p\u0101rvietot\u0101js) skaidrojums\">FIDI<\/a>)<\/li>\n<li> \u0160veices Autotransporta asoci\u0101cija (ASTAG)<\/li>\n<li> AGVS<\/li>\n<\/ul>\n<h2>Settelen Company Atsauksmes<\/h2>\n<p>Pa\u0161laik tie\u0161saist\u0113 nav atsauksmju ang\u013cu valod\u0101 par Settelen, lai gan Google atsauksm\u0113s t\u0101 sa\u0146em 4,1 zvaigzn\u012bti.<\/p>\n<div itemprop=\"review\" itemscope itemtype=\"http:\/\/schema.org\/Review\">\n<span itemprop=\"author\" itemscope=\"\" itemtype=\"http:\/\/schema.org\/Organization\"><span itemprop=\"name\">MoverDB.com<\/span><\/span> Tie\u0161saistes vietnes p\u0101rskats par <span itemprop=\"itemreviewed\" itemscope=\"\" itemtype=\"http:\/\/schema.org\/Brand\"><span itemprop=\"name\">Settelen<\/span><\/span>:<\/p>\n<ol>\n<li> Skaidra kontaktinform\u0101cija t\u012bmek\u013ca vietn\u0113 (tostarp t\u0101lru\u0146a numurs): <strong>J\u0101<\/strong><\/li>\n<li> Viegli ieg\u016bt <a href=\"https:\/\/moverdb.com\/lv\/citati\/\">starptautiskie p\u0101rvietojas cit\u0101ti<\/a>? (Tie\u0161saistes t\u0101mes piepras\u012bjuma veidlapa): <strong>J\u0101<\/strong><\/li>\n<li> Skaidra inform\u0101cija t\u012bmek\u013ca vietn\u0113: <strong>Ierobe\u017eots<\/strong> t\u012bmek\u013ca vietn\u0113 ir uzskait\u012bti pakalpojumi, bet nav daudz s\u012bk\u0101kas inform\u0101cijas par tiem.<\/li>\n<li> Dal\u012bba starptautiski atz\u012bt\u0101s kust\u012bbu organiz\u0101cij\u0101s: <strong>J\u0101<\/strong>, (sk. iepriek\u0161)<\/li>\n<li> Klientu saraksts un\/vai iepriek\u0161\u0113jo klientu atsauksmes: <strong>N\u0113,<\/strong> un citur par tiem ir pieejama tikai ierobe\u017eota inform\u0101cija.<\/li>\n<\/ol>\n<div itemprop=\"reviewRating\" itemscope itemtype=\"http:\/\/schema.org\/Rating\"><meta itemprop=\"worstRating\" content = \"0\" \/><meta itemprop=\"bestRating\" content=\"5\" \/><meta itemprop=\"ratingValue\" content=\"4\"><\/div>\n<p><strong>Kop\u0113jais v\u0113rt\u0113jums: 4\/5<\/strong><br \/>\n<strong>P\u0101rskata datums:<\/strong> <span itemprop=\"datePublished\" content=\"2017-02-23\">23\/02\/2017<\/span>\n<\/div>\n<p>Las\u012bt vair\u0101k par <a href=\"https:\/\/moverdb.com\/lv\/parvietojas-uznemumi\/\">starptautiskie p\u0101rvieto\u0161an\u0101s uz\u0146\u0113mumi<\/a> un m\u016bsu <a href=\"https:\/\/moverdb.com\/lv\/atsauksmes\/\">p\u0101rskat\u012b\u0161anas process<\/a>.<\/p>\n<p><strong>T\u012bmek\u013ca vietnes:<\/strong> <a href=\"http:\/\/www.settelen.ch\/\" target=\"_blank\" rel=\"noopener\">http:\/\/www.settelen.ch\/<\/a><\/p>","protected":false},"excerpt":{"rendered":"<p>Settelen is Swiss company based in Basel. It offers its customers a range of moving services which are listed below, together with a company profile and reviews. International Moving &#038; Removals Dedicated move coordinator Door to door Full packing service, fragile items only or DIY packing Disassembly and reassembly of furniture etc Customised crates Removal [&hellip;]<\/p>\n","protected":false},"author":1,"featured_media":0,"parent":0,"menu_order":0,"comment_status":"closed","ping_status":"closed","template":"","meta":{"_genesis_hide_title":false,"_genesis_hide_breadcrumbs":false,"_genesis_hide_singular_image":false,"_genesis_hide_footer_widgets":false,"_genesis_custom_body_class":"","_genesis_custom_post_class":"","_genesis_layout":"","footnotes":""},"class_list":{"0":"post-1538","1":"page","2":"type-page","3":"status-publish","5":"entry"},"_links":{"self":[{"href":"https:\/\/moverdb.com\/lv\/wp-json\/wp\/v2\/pages\/1538","targetHints":{"allow":["GET"]}}],"collection":[{"href":"https:\/\/moverdb.com\/lv\/wp-json\/wp\/v2\/pages"}],"about":[{"href":"https:\/\/moverdb.com\/lv\/wp-json\/wp\/v2\/types\/page"}],"author":[{"embeddable":true,"href":"https:\/\/moverdb.com\/lv\/wp-json\/wp\/v2\/users\/1"}],"replies":[{"embeddable":true,"href":"https:\/\/moverdb.com\/lv\/wp-json\/wp\/v2\/comments?post=1538"}],"version-history":[{"count":3,"href":"https:\/\/moverdb.com\/lv\/wp-json\/wp\/v2\/pages\/1538\/revisions"}],"predecessor-version":[{"id":6236,"href":"https:\/\/moverdb.com\/lv\/wp-json\/wp\/v2\/pages\/1538\/revisions\/6236"}],"wp:attachment":[{"href":"https:\/\/moverdb.com\/lv\/wp-json\/wp\/v2\/media?parent=1538"}],"curies":[{"name":"wp","href":"https:\/\/api.w.org\/{rel}","templated":true}]}}