{"id":1536,"date":"2017-07-10T10:48:14","date_gmt":"2017-07-10T10:48:14","guid":{"rendered":"http:\/\/moverdb.com\/?page_id=1536"},"modified":"2026-01-08T15:20:49","modified_gmt":"2026-01-08T15:20:49","slug":"teletrans","status":"publish","type":"page","link":"https:\/\/moverdb.com\/lv\/teletrans\/","title":{"rendered":"Teletrans - Atsauksmes par starptautisko p\u0101rcel\u0161anos un p\u0101rv\u0101k\u0161anos"},"content":{"rendered":"<p>Teletrans atrodas Atik\u0101 <a href=\"https:\/\/moverdb.com\/lv\/moving-to-greece\/\" data-internallinksmanager029f6b8e52c=\"353\" title=\"P\u0101rcel\u0161an\u0101s uz Grie\u0137iju? 2023 Dz\u012bves izmaksas un p\u0101rcel\u0161an\u0101s padomi\">Grie\u0137ija<\/a>. Tas ir p\u0101rvieto\u0161an\u0101s un p\u0101rcel\u0161an\u0101s uz\u0146\u0113mums, kas saviem klientiem pied\u0101v\u0101 pla\u0161u pakalpojumu kl\u0101stu. Tie ir uzskait\u012bti turpm\u0101k kop\u0101 ar uz\u0146\u0113muma profilu un atsauksm\u0113m.<\/p>\n<p><strong>Starptautisk\u0101s p\u0101rcel\u0161an\u0101s<\/strong><\/p>\n<ul>\n<li> Specializ\u0113ts p\u0101rcel\u0161an\u0101s vad\u012bt\u0101js<\/li>\n<li> Pilna servisa iepako\u0161ana, da\u013c\u0113ja iepako\u0161ana vai DIY iepako\u0161ana<\/li>\n<li> Pieejama \u012bstermi\u0146a un ilgtermi\u0146a uzglab\u0101\u0161ana<\/li>\n<li> M\u0113be\u013cu demont\u0101\u017ea un atk\u0101rtota mont\u0101\u017ea<\/li>\n<li> Sauszemes, j\u016bras vai gaisa transf\u0113rs<\/li>\n<li> Pal\u012bdz\u012bba muitas un dokument\u0101cijas k\u0101rto\u0161an\u0101<\/li>\n<li> Izpako\u0161anas pakalpojums pieejams<\/li>\n<li> Atkritumu izve\u0161ana<\/li>\n<\/ul>\n<p><strong>P\u0101rcel\u0161an\u0101s pakalpojumi<\/strong><\/p>\n<ul>\n<li> Ce\u013cojuma grafiks<\/li>\n<li> Bi\u013ce\u0161u rezerv\u0113\u0161ana un viesn\u012bcu rezerv\u0113\u0161ana<\/li>\n<li> Inform\u0101cija par VISA izsnieg\u0161anas proced\u016bru galam\u0113r\u0137a valst\u012b.<\/li>\n<li> Inform\u0101cija par skol\u0101m<\/li>\n<li> Inform\u0101cija par m\u0101jok\u013ciem<\/li>\n<li> Inform\u0101cija par m\u0101jdz\u012bvnieku p\u0101rvieto\u0161anu<\/li>\n<li> Pagaidu dz\u012bvesvietas noteik\u0161ana<\/li>\n<li> Organiz\u0113ti viet\u0113j\u0101s valodas kursi<\/li>\n<li> Ieteikumi par izklaidi un \"apvidus iepaz\u012b\u0161anu\", piem\u0113ram, muzeju un apskates objektu apmekl\u0113\u0161ana, kult\u016bras pas\u0101kumi, ekskursijas utt.<\/li>\n<li>pal\u012bdz\u012bba ar p\u0101rv\u0101k\u0161an\u0101s pakalpojumiem (elektri\u0137is, santehni\u0137is, uzkop\u0161anas pakalpojumi u. c.)<\/li>\n<\/ul>\n<p><strong>Uz\u0146\u0113muma p\u0101rvieto\u0161ana<\/strong><\/p>\n<ul>\n<li>P\u0101rbaude un pl\u0101no\u0161ana<\/li>\n<li>Iepakojums<\/li>\n<li>Uzglab\u0101\u0161ana<\/li>\n<li>Muito\u0161ana, ja nepiecie\u0161ams<\/li>\n<li>Apdro\u0161in\u0101\u0161ana<\/li>\n<li>Pieg\u0101de un izpako\u0161ana galam\u0113r\u0137\u012b<\/li>\n<\/ul>\n<p><strong>\u012apa\u0161\u0101s kust\u012bbas<\/strong><\/p>\n<ul>\n<li>Milit\u0101rais apr\u012bkojums un transportl\u012bdzek\u013ci<\/li>\n<li>Smag\u0101 tehnika<\/li>\n<li>Lielgabar\u012bta un lielizm\u0113ra kravas<\/li>\n<li>M\u0101kslas darbi \u012bpa\u0161i izgatavot\u0101s kast\u0113s<\/li>\n<li>Izgl\u012bt\u012bbas iest\u0101des<\/li>\n<li>Spa un sporta z\u0101les<\/li>\n<\/ul>\n<p><strong>Izst\u0101des<\/strong><\/p>\n<ul>\n<li>Izst\u0101\u017eu materi\u0101lu iepakojums<\/li>\n<li>Eksporta dokument\u0101cijas sagatavo\u0161ana<\/li>\n<li>Vispiem\u0113rot\u0101k\u0101 s\u016bt\u012b\u0161anas veida noteik\u0161ana<\/li>\n<li>Pieg\u0101de<\/li>\n<li>Izst\u0101des materi\u0101lu uzst\u0101d\u012b\u0161ana<\/li>\n<li>Materi\u0101la p\u0101rpako\u0161ana un nos\u016bt\u012b\u0161ana uz t\u0101 izcelsmes vietu.<\/li>\n<\/ul>\n<p><strong>Uzglab\u0101\u0161ana<\/strong><\/p>\n<ul>\n<li>Ilgtermi\u0146a un \u012bstermi\u0146a<\/li>\n<li>24 stundas diennakt\u012b, 7 dienas ned\u0113\u013c\u0101, 7 dienas ned\u0113\u013c\u0101 uzraudz\u012bba<\/li>\n<li>Pieejama klimata kontrole<\/li>\n<\/ul>\n<h2>Teletrans Uz\u0146\u0113muma profils<\/h2>\n<p>Uz\u0146\u0113mumu Teletrans 1979. gad\u0101 Atik\u0101, Grie\u0137ij\u0101, izveidoja Ria Stergiopoulou, un t\u0101 s\u0101kotn\u0113jais m\u0113r\u0137is bija cilv\u0113ku un pre\u010du p\u0101rvieto\u0161ana pa Grie\u0137iju. \u0160odien uz\u0146\u0113mums ir viens no Grie\u0137ijas l\u012bderiem cilv\u0113ku, uz\u0146\u0113mumu un m\u0101kslas darbu p\u0101rvieto\u0161an\u0101 vis\u0101 pasaul\u0113.<\/p>\n<p>Teletrans ir savs autoparks, ko vada uz\u0146\u0113muma darbinieki. Uz\u0146\u0113mumam ir ar\u012b m\u016bsdien\u012bga noliktava Atik\u0101, kas ir apr\u012bkota, lai uzglab\u0101tu vissare\u017e\u0123\u012bt\u0101k\u0101s kravas pirms un p\u0113c nos\u016bt\u012b\u0161anas. Teletrans ir r\u016bp\u012bgi izv\u0113l\u0113ts a\u0123entu t\u012bkls, kas pal\u012bdz veikt p\u0101rvad\u0101jumus uz Grie\u0137iju un no t\u0101s.<\/p>\n<p>Teletrans cen\u0161as samazin\u0101t oglek\u013ca dioks\u012bda emisiju un apzin\u0101ti izv\u0113las p\u0101rstr\u0101d\u0101tus iepakojuma materi\u0101lus. Ja iesp\u0113jams, tas izmanto ar\u012b saules ener\u0123iju. Tagad uz\u0146\u0113mums ir atv\u0113ris biroju Brisel\u0113, kur\u0101 ar\u012b tiek \u012bstenota videi draudz\u012bga prakse.<\/p>\n<p>Teletrans ir \u0161\u0101das akredit\u0101cijas un pieder\u012bbas:<\/p>\n<ul>\n<li>EN ISO 9001:2008<\/li>\n<li><a href=\"https:\/\/moverdb.com\/lv\/esmu\/\" target=\"_blank\" rel=\"noopener\">Starptautisk\u0101 P\u0101rv\u0101c\u0113ju asoci\u0101cija<\/a> (<a href=\"https:\/\/moverdb.com\/lv\/iam\/\" data-internallinksmanager029f6b8e52c=\"23\" title=\"Starptautisk\u0101s P\u0101rv\u0101c\u0113ju asoci\u0101cijas (IAM) skaidrojumi\">IAM<\/a>)<\/li>\n<li><a href=\"https:\/\/moverdb.com\/lv\/fedemac\/\" target=\"_blank\" rel=\"noopener\">Eiropas P\u0101rv\u0101c\u0113ju feder\u0101cija<\/a> (<a href=\"https:\/\/moverdb.com\/lv\/fedemac\/\" data-internallinksmanager029f6b8e52c=\"15\" title=\"Eiropas P\u0101rv\u0101c\u0113ju asoci\u0101cijas feder\u0101cijas (FEDEMAC) skaidrojums\">FEDEMAC<\/a>)<\/li>\n<li>Grie\u0137ijas Kravu eksped\u012bcijas un lo\u0123istikas uz\u0146\u0113mumu asoci\u0101cija (SYNDDEL)<\/li>\n<\/ul>\n<h2>Teletrans Atsauksmes<\/h2>\n<p>Rakst\u012b\u0161anas laik\u0101 m\u0113s nevar\u0113j\u0101m atrast nevienu pozit\u012bvu vai negat\u012bvu atsauksmi par Teletrans tie\u0161saist\u0113 ang\u013cu valod\u0101. <\/p>\n<div itemprop=\"review\" itemscope itemtype=\"http:\/\/schema.org\/Review\">\n<span itemprop=\"author\" itemscope=\"\" itemtype=\"http:\/\/schema.org\/Organization\"><span itemprop=\"name\">MoverDB.com<\/span><\/span> Tie\u0161saistes vietnes p\u0101rskats par <span itemprop=\"itemreviewed\" itemscope=\"\" itemtype=\"http:\/\/schema.org\/Brand\"><span itemprop=\"name\">Teletrans<\/span><\/span>:<\/p>\n<ol>\n<li> Skaidra kontaktinform\u0101cija t\u012bmek\u013ca vietn\u0113 (tostarp t\u0101lru\u0146a numurs): <strong>J\u0101<\/strong><\/li>\n<li> Viegli ieg\u016bt <a href=\"https:\/\/moverdb.com\/lv\/citati\/\">starptautiskie p\u0101rvietojas cit\u0101ti<\/a>? (Tie\u0161saistes t\u0101mes piepras\u012bjuma veidlapa): <strong>J\u0101<\/strong><\/li>\n<li> Skaidra inform\u0101cija t\u012bmek\u013ca vietn\u0113: <strong>J\u0101,<\/strong> T\u012bmek\u013ca vietne ir p\u0101rskat\u0101ma un pietiekami informat\u012bva.<\/li>\n<li> Dal\u012bba starptautiski atz\u012bt\u0101s kust\u012bbas organiz\u0101cij\u0101s: <strong>J\u0101<\/strong>, (sk. iepriek\u0161)<\/li>\n<li> Klientu saraksts un\/vai iepriek\u0161\u0113jo klientu atsauksmes. <strong>N\u0113,<\/strong>, ir klientu saraksts, bet nav klientu atsauksmju vai atsauksmju.<\/li>\n<\/ol>\n<div itemprop=\"reviewRating\" itemscope itemtype=\"http:\/\/schema.org\/Rating\"><meta itemprop=\"worstRating\" content = \"0\" \/><meta itemprop=\"bestRating\" content=\"5\" \/><meta itemprop=\"ratingValue\" content=\"4.5\"><\/div>\n<p><strong>Kop\u0113jais v\u0113rt\u0113jums: 4,5\/5<\/strong><br \/>\n<strong>P\u0101rskata datums:<\/strong> <span itemprop=\"datePublished\" content=\"2017-07-10\">10\/07\/2017<\/span>\n<\/div>\n<p>Las\u012bt vair\u0101k par <a href=\"https:\/\/moverdb.com\/lv\/parvietojas-uznemumi\/\">starptautiskie p\u0101rvieto\u0161an\u0101s uz\u0146\u0113mumi<\/a> un m\u016bsu <a href=\"https:\/\/moverdb.com\/lv\/atsauksmes\/\">izskaidrots p\u0101rskat\u012b\u0161anas process<\/a>.<\/p>\n<p><strong>T\u012bmek\u013ca vietne:<\/strong> <a href=\"http:\/\/www.teletranseu.com\/\" target=\"_blank\" rel=\"noopener\">http:\/\/www.teletranseu.com\/<\/a><\/p>","protected":false},"excerpt":{"rendered":"<p>Teletrans is located in Attica Greece. It is a moving and relocation company that offers its clients a wide range of services. These are listed below, together with a company profile and reviews. International Moves Dedicated move manager Full service packing, partial packing or DIY packing Short and long term storage available Disassembly and reassembly [&hellip;]<\/p>\n","protected":false},"author":1,"featured_media":0,"parent":0,"menu_order":0,"comment_status":"closed","ping_status":"closed","template":"","meta":{"_genesis_hide_title":false,"_genesis_hide_breadcrumbs":false,"_genesis_hide_singular_image":false,"_genesis_hide_footer_widgets":false,"_genesis_custom_body_class":"","_genesis_custom_post_class":"","_genesis_layout":"","footnotes":""},"class_list":{"0":"post-1536","1":"page","2":"type-page","3":"status-publish","5":"entry"},"_links":{"self":[{"href":"https:\/\/moverdb.com\/lv\/wp-json\/wp\/v2\/pages\/1536","targetHints":{"allow":["GET"]}}],"collection":[{"href":"https:\/\/moverdb.com\/lv\/wp-json\/wp\/v2\/pages"}],"about":[{"href":"https:\/\/moverdb.com\/lv\/wp-json\/wp\/v2\/types\/page"}],"author":[{"embeddable":true,"href":"https:\/\/moverdb.com\/lv\/wp-json\/wp\/v2\/users\/1"}],"replies":[{"embeddable":true,"href":"https:\/\/moverdb.com\/lv\/wp-json\/wp\/v2\/comments?post=1536"}],"version-history":[{"count":4,"href":"https:\/\/moverdb.com\/lv\/wp-json\/wp\/v2\/pages\/1536\/revisions"}],"predecessor-version":[{"id":6244,"href":"https:\/\/moverdb.com\/lv\/wp-json\/wp\/v2\/pages\/1536\/revisions\/6244"}],"wp:attachment":[{"href":"https:\/\/moverdb.com\/lv\/wp-json\/wp\/v2\/media?parent=1536"}],"curies":[{"name":"wp","href":"https:\/\/api.w.org\/{rel}","templated":true}]}}