{"id":14486,"date":"2023-11-08T15:57:24","date_gmt":"2023-11-08T15:57:24","guid":{"rendered":"https:\/\/moverdb.com\/freight-forwarder\/freight-forwarding-uk\/barnsley-freight-forwarder\/"},"modified":"2026-01-08T14:50:46","modified_gmt":"2026-01-08T14:50:46","slug":"barnsley-freight-forwarder","status":"publish","type":"page","link":"https:\/\/moverdb.com\/lv\/freight-forwarder\/freight-forwarding-uk\/barnsley-freight-forwarder\/","title":{"rendered":"1 lab\u0101kie B\u0101rnslijas kravas eksped\u012bcijas uz\u0146\u0113mumi (2024)"},"content":{"rendered":"<p>Zem\u0101k apl\u016bkojam 1 <em>\"lab\u0101kais\"<\/em> Kravu eksped\u012bcijas uz\u0146\u0113mumi B\u0101rnslej\u0101 no 1.<\/p>\n<p>Lai uzzin\u0101tu vair\u0101k par to, k\u0101 m\u0113s izv\u0113l\u0113j\u0101mies lab\u0101kos, skatiet m\u016bsu FAQ sada\u013cu beig\u0101s.<\/p>\n<p><em>L\u016bdzu, \u0146emiet v\u0113r\u0101, ka turpm\u0101k min\u0113tie saraksti nav sak\u0101rtoti \u012bpa\u0161\u0101 sec\u012bb\u0101 un m\u0113s nesniedzam ieteikumus par k\u0101du konkr\u0113tu uz\u0146\u0113mumu.<\/em><\/p>\n<h2>512 (Wakefield) Limited<\/h2>\n<p><img decoding=\"async\" src=\"https:\/\/moverdb.com\/wp-content\/uploads\/AF1QipPaIpgmPejBSgiOHrBplnQMFk3ZQHRLQWfRPwyDw408-h544-k-no.jpg\" alt='512 (Wakefield) Limited' class=\"aligncenter\"><\/p>\n<p><strong>Apraksts no uz\u0146\u0113muma: <\/strong>512 ir viens no vado\u0161ajiem Apvienot\u0101s Karalistes kravu ekspeditoriem.<\/p>\n<p> M\u0113s esam p\u0101rvad\u0101ju\u0161i preces vis\u0101 pasaul\u0113 jau vair\u0101k nek\u0101<br \/>\n26 gadus no m\u016bsu birojiem <a href=\"\" data-internallinksmanager029f6b8e52c=\"66\" title=\"\u0160ef\u012blda\">\u0160ef\u012blda<\/a>, Donkaster\u0101, Veikf\u012bld\u0101 un jaunos birojos Notingem\u0101 un<br \/>\n<a href=\"\" data-internallinksmanager029f6b8e52c=\"52\" title=\"Man\u010destra\">Man\u010destra<\/a>.<\/p>\n<p> M\u016bsu ekspertu komanda ir nos\u016bt\u012bjusi visu, s\u0101kot ar dinozauriem un beidzot ar dongles, un vienm\u0113r ir gatava atrisin\u0101t probl\u0113mas.<br \/>\nj\u016bsu s\u016bt\u012bjumu probl\u0113mas.<\/p>\n<p> Nepiecie\u0161ams da\u017e\u0101s dien\u0101s p\u0101rvietot 600 pale\u0161u? M\u0113s to visu esam dar\u012bju\u0161i<\/p>\n<p><strong>Papildu pakalpojumi:<\/strong><\/p>\n<p>Kurjerpasts<\/p>\n<p>Muitas brokeris<\/p>\n<p>Importa eksporta uz\u0146\u0113mums<\/p>\n<p>Transporta pakalpojumi<\/p>\n<p>Noliktava<\/p>\n<p><strong>Adrese:<\/strong> Wharncliffe Business Park, longfields court, Middlewoods Way, Carlton, Barnsley S71 3GN<\/p>\n<p><a href=\"http:\/\/www.5-1-2.com\/\" target=\"_new\" rel=\"noopener\">512 (Wakefield) Limited t\u012bmek\u013ca vietne<\/a><\/p>\n<p><strong>P\u0101rskata rezult\u0101ts: <\/strong>5<br \/> <strong>Atsauksmes skaits:<\/strong> 3<br \/><a href=\"https:\/\/www.google.co.uk\/maps?cid=6246970246238845507&#038;hl=en&#038;gl=GB\" target=\"_new\" rel=\"noopener\">Las\u012bt atsauksmes<\/a><\/p>\n<h2>K\u0101 m\u0113s izv\u0113l\u0113j\u0101mies lab\u0101kos B\u0101rnslijas kravas eksped\u012bcijas uz\u0146\u0113mumus<\/h2>\n<p>M\u0113s s\u0101k\u0101m ar 1 Barnslijas kravu p\u0101rvad\u0101jumu uz\u0146\u0113mumu datu kopu, ko var\u0113j\u0101m atrast, izmantojot Google Maps, un sa\u0161aurin\u0101j\u0101m to l\u012bdz 1 lab\u0101kajam.<\/p>\n<p>Lai to izdar\u012btu, m\u0113s izsv\u012btroj\u0101m jebkuru uz\u0146\u0113mumu, kas:<\/p>\n<ul>\n<li> Nebija t\u012bmek\u013ca vietnes<\/li>\n<li> Nebija atsauksmju<\/li>\n<li> vid\u0113jais atsauksmju v\u0113rt\u0113jums bija zem\u0101ks par 2,0<\/li>\n<\/ul>\n<p>\u0160aj\u0101 br\u012bd\u012b, ja mums bija 17 vai maz\u0101k ekspeditoru, m\u0113s uzskait\u012bj\u0101m visus.<\/p>\n<p>Pils\u0113t\u0101s, kur\u0101s bija paliku\u0161i vair\u0101k nek\u0101 17 ekspeditori, m\u0113s veic\u0101m turpm\u0101kas korekcijas, vai nu palielinot nepiecie\u0161amo atsauksmju punktu skaitu (piem\u0113ram, no vismaz 2,0 l\u012bdz 4,0), un\/vai palielinot minim\u0101lo nepiecie\u0161amo atsauksmju skaitu (piem\u0113ram, no vismaz 1 atsauksmes l\u012bdz vismaz 10).<\/p>\n<p>\u0145emiet v\u0113r\u0101, ka m\u0113s izmantoj\u0101m tikai p\u0101rskat\u012b\u0161anas datus no Google Maps, nevis cit\u0101m tre\u0161o pu\u0161u vietn\u0113m.<\/p>\n<p>Vair\u0101k pils\u0113tu:<\/p>\n<p><a href=\"https:\/\/moverdb.com\/lv\/kravas-ekspeditors\/freight-forwarding-uk\/london-freight-forwarder\/\">Londona<\/a><br \/><a href=\"https:\/\/moverdb.com\/lv\/kravas-ekspeditors\/freight-forwarding-uk\/liverpool-freight-forwarder\/\">Liverp\u016bles kravas ekspeditors<\/a><br \/><a href=\"https:\/\/moverdb.com\/lv\/kravas-ekspeditors\/freight-forwarding-uk\/ipswich-freight-forwarder\/\">Ipsvi\u010das kravas ekspeditors<\/a><br \/><a href=\"https:\/\/moverdb.com\/lv\/kravas-ekspeditors\/freight-forwarding-uk\/feltham-freight-forwarder\/\">Felthamas kravas ekspeditors<\/a><br \/><a href=\"https:\/\/moverdb.com\/lv\/kravas-ekspeditors\/freight-forwarding-uk\/felixstowe-freight-forwarder\/\">Felixstowe Kravu ekspeditors<\/a><br \/><a href=\"https:\/\/moverdb.com\/lv\/kravas-ekspeditors\/freight-forwarding-uk\/southampton-freight-forwarder\/\">Southampton Kravu ekspeditors<\/a><\/p>","protected":false},"excerpt":{"rendered":"<p>Below we look at the 1 &#8220;best&#8221; Freight Forwarding companies in Barnsley out of 1. To learn more about how we chose the best please consult our FAQ section at the end. Please not the following listings are in no particular order and we are not making any recommendations for any particular company. 512 (Wakefield) [&hellip;]<\/p>\n","protected":false},"author":1,"featured_media":0,"parent":13427,"menu_order":0,"comment_status":"open","ping_status":"open","template":"","meta":{"_genesis_hide_title":false,"_genesis_hide_breadcrumbs":false,"_genesis_hide_singular_image":false,"_genesis_hide_footer_widgets":false,"_genesis_custom_body_class":"","_genesis_custom_post_class":"","_genesis_layout":"","footnotes":""},"class_list":{"0":"post-14486","1":"page","2":"type-page","3":"status-publish","5":"entry"},"_links":{"self":[{"href":"https:\/\/moverdb.com\/lv\/wp-json\/wp\/v2\/pages\/14486","targetHints":{"allow":["GET"]}}],"collection":[{"href":"https:\/\/moverdb.com\/lv\/wp-json\/wp\/v2\/pages"}],"about":[{"href":"https:\/\/moverdb.com\/lv\/wp-json\/wp\/v2\/types\/page"}],"author":[{"embeddable":true,"href":"https:\/\/moverdb.com\/lv\/wp-json\/wp\/v2\/users\/1"}],"replies":[{"embeddable":true,"href":"https:\/\/moverdb.com\/lv\/wp-json\/wp\/v2\/comments?post=14486"}],"version-history":[{"count":1,"href":"https:\/\/moverdb.com\/lv\/wp-json\/wp\/v2\/pages\/14486\/revisions"}],"predecessor-version":[{"id":15530,"href":"https:\/\/moverdb.com\/lv\/wp-json\/wp\/v2\/pages\/14486\/revisions\/15530"}],"up":[{"embeddable":true,"href":"https:\/\/moverdb.com\/lv\/wp-json\/wp\/v2\/pages\/13427"}],"wp:attachment":[{"href":"https:\/\/moverdb.com\/lv\/wp-json\/wp\/v2\/media?parent=14486"}],"curies":[{"name":"wp","href":"https:\/\/api.w.org\/{rel}","templated":true}]}}