{"id":14290,"date":"2023-11-08T15:55:55","date_gmt":"2023-11-08T15:55:55","guid":{"rendered":"https:\/\/moverdb.com\/freight-forwarder\/freight-forwarding-uk\/coulsdon-freight-forwarder\/"},"modified":"2026-01-08T14:51:17","modified_gmt":"2026-01-08T14:51:17","slug":"coulsdon-freight-forwarder","status":"publish","type":"page","link":"https:\/\/moverdb.com\/lv\/freight-forwarder\/freight-forwarding-uk\/coulsdon-freight-forwarder\/","title":{"rendered":"1 lab\u0101kie Koulsdonas kravu eksped\u012bcijas uz\u0146\u0113mumi (2024)"},"content":{"rendered":"<p>Zem\u0101k apl\u016bkojam 1 <em>\"lab\u0101kais\"<\/em> Kravu eksped\u012bcijas uz\u0146\u0113mumi Koulsdon\u0101 no 1.<\/p>\n<p>Lai uzzin\u0101tu vair\u0101k par to, k\u0101 m\u0113s izv\u0113l\u0113j\u0101mies lab\u0101kos, skatiet m\u016bsu FAQ sada\u013cu beig\u0101s.<\/p>\n<p><em>L\u016bdzu, \u0146emiet v\u0113r\u0101, ka turpm\u0101k min\u0113tie saraksti nav sak\u0101rtoti \u012bpa\u0161\u0101 sec\u012bb\u0101 un m\u0113s nesniedzam ieteikumus par k\u0101du konkr\u0113tu uz\u0146\u0113mumu.<\/em><\/p>\n<h2>JPN SHIPPING LTD<\/h2>\n<p><img decoding=\"async\" src=\"https:\/\/moverdb.com\/wp-content\/uploads\/AF1QipMoldjk_rL_iC91pZ1xMB1PvFB8c02voII51_ezw408-h544-k-no.jpg\" alt='JPN SHIPPING LTD' class=\"aligncenter\"><\/p>\n<p><strong>Apraksts no uz\u0146\u0113muma: <\/strong>T\u016bl\u012bt\u0113ji ekspress dokumentu pakalpojumi pieejami vis\u0101 valst\u012b, t\u0101s pa\u0161as dienas pa\u0146em\u0161ana un \u0101tr\u0101kais aviokomp\u0101niju savienojums ar galam\u0113r\u0137i par vislab\u0101ko cenu b\u0101zi.<\/p>\n<p><a href=\"https:\/\/moverdb.com\/lv\/moving-to-india\/\" data-internallinksmanager029f6b8e52c=\"356\" title=\"P\u0101rcel\u0161an\u0101s uz Indiju? 2023 Dz\u012bves izmaksas un p\u0101rcel\u0161an\u0101s padomi\">Indija<\/a> Pakalpojums Gaisa un j\u016bras durvis uz <a href=\"https:\/\/moverdb.com\/lv\/top-49-container-ports\/\" data-internallinksmanager029f6b8e52c=\"80\" title=\"49 liel\u0101kie un noslogot\u0101kie konteineru ostas 2025. gad\u0101\">Osta<\/a> un \"No durv\u012bm l\u012bdz durv\u012bm\".<\/p>\n<p>M\u0113s pal\u012bdzam import\u0113t no Indijas uz <a href=\"https:\/\/moverdb.com\/lv\/moving-to-the-uk\/\" data-internallinksmanager029f6b8e52c=\"93\" title=\"P\u0101rce\u013caties uz Apvienoto Karalisti? 2022 Dz\u012bves izmaksas un p\u0101rcel\u0161an\u0101s padomi\">APVIENOT\u0100 KARALISTE<\/a>, pa gaisu un j\u016bru.<\/p>\n<p>(Da\u013cu s\u016bt\u012bjumi un pilnu konteineru kravas)<\/p>\n<p>Muito\u0161ana vis\u0101s ost\u0101s (gaisa\/j\u016bras\/ ES ce\u013cu imports), k\u0101 ar\u012b m\u0113s varam pal\u012bdz\u0113t nekav\u0113joties izvest preces no muitas noliktavas p\u0113c muito\u0161anas un izvair\u012bties no augstas uzglab\u0101\u0161anas maksas muitas noliktav\u0101.<\/p>\n<p>\u012apa\u0161as likmes pieejamas importa konteineru pieg\u0101d\u0113m no vis\u0101m ost\u0101m.<\/p>\n<p> \u0160is pakalpojums tiek sniegts 24\/7.<\/p>\n<p>M\u0101ju p\u0101rcel\u0161an\u0101s pakalpojumi iek\u0161zem\u0113, ES un vis\u0101 pasaul\u0113, \u012bpa\u0161i pakalpojumi ES, <a href=\"https:\/\/moverdb.com\/lv\/moving-to-canada\/\" data-internallinksmanager029f6b8e52c=\"265\" title=\"P\u0101rcel\u0161an\u0101s uz Kan\u0101du? 2023 Dz\u012bves izmaksas un p\u0101rcel\u0161an\u0101s padomi\">Kan\u0101da<\/a> un <a href=\"https:\/\/moverdb.com\/lv\/moving-to-australia\/living-in-australia\/\" data-internallinksmanager029f6b8e52c=\"240\" title=\"21 nosl\u0113pums par dz\u012bvi Austr\u0101lij\u0101, kas j\u0101zina pirms p\u0101rcel\u0161an\u0101s\">Austr\u0101lija<\/a> k\u0101 \"no gala l\u012bdz galam\".<\/p>\n<p><strong>Papildu pakalpojumi:<\/strong><\/p>\n<p>Nav iek\u013cauts sarakst\u0101<\/p>\n<p><strong>Adrese:<\/strong> UNIT A2C, Redlands, Coulsdon CR5 2HT<\/p>\n<p><a href=\"http:\/\/www.jpnshippingltd.co.uk\/\" target=\"_new\" rel=\"noopener\">JPN SHIPPING LTD t\u012bmek\u013ca vietne<\/a><\/p>\n<p><strong>P\u0101rskata rezult\u0101ts: <\/strong>2.3<br \/> <strong>Atsauksmes skaits:<\/strong> 29<br \/><a href=\"https:\/\/www.google.co.uk\/maps?cid=5163057026181300812&#038;hl=en&#038;gl=GB\" target=\"_new\" rel=\"noopener\">Las\u012bt atsauksmes<\/a><\/p>\n<h2>K\u0101 m\u0113s izv\u0113l\u0113j\u0101mies lab\u0101kos Koulsdonas kravas eksped\u012bcijas uz\u0146\u0113mumus<\/h2>\n<p>S\u0101k\u0101m ar 1 Koulsdonas kravu p\u0101rvad\u0101jumu uz\u0146\u0113mumu datu kopu, ko var\u0113j\u0101m atrast, izmantojot Google Maps, un sa\u0161aurin\u0101j\u0101m to l\u012bdz 1 lab\u0101kajam.<\/p>\n<p>Lai to izdar\u012btu, m\u0113s izsv\u012btroj\u0101m jebkuru uz\u0146\u0113mumu, kas:<\/p>\n<ul>\n<li> Nebija t\u012bmek\u013ca vietnes<\/li>\n<li> Nebija atsauksmju<\/li>\n<li> vid\u0113jais atsauksmju v\u0113rt\u0113jums bija zem\u0101ks par 2,0<\/li>\n<\/ul>\n<p>\u0160aj\u0101 br\u012bd\u012b, ja mums bija 17 vai maz\u0101k ekspeditoru, m\u0113s uzskait\u012bj\u0101m visus.<\/p>\n<p>Pils\u0113t\u0101s, kur\u0101s bija paliku\u0161i vair\u0101k nek\u0101 17 ekspeditori, m\u0113s veic\u0101m turpm\u0101kas korekcijas, vai nu palielinot nepiecie\u0161amo atsauksmju punktu skaitu (piem\u0113ram, no vismaz 2,0 l\u012bdz 4,0), un\/vai palielinot minim\u0101lo nepiecie\u0161amo atsauksmju skaitu (piem\u0113ram, no vismaz 1 atsauksmes l\u012bdz vismaz 10).<\/p>\n<p>\u0145emiet v\u0113r\u0101, ka m\u0113s izmantoj\u0101m tikai p\u0101rskat\u012b\u0161anas datus no Google Maps, nevis cit\u0101m tre\u0161o pu\u0161u vietn\u0113m.<\/p>\n<p>Vair\u0101k pils\u0113tu:<\/p>\n<p><a href=\"https:\/\/moverdb.com\/lv\/kravas-ekspeditors\/freight-forwarding-uk\/telford-freight-forwarder\/\">Telfordas kravas ekspeditors<\/a><br \/><a href=\"https:\/\/moverdb.com\/lv\/kravas-ekspeditors\/freight-forwarding-uk\/bilston-freight-forwarder\/\">Bilstonas kravas ekspeditors<\/a><br \/><a href=\"https:\/\/moverdb.com\/lv\/kravas-ekspeditors\/freight-forwarding-uk\/thornton-cleveleys-freight-forwarder\/\">Thornton-Cleveleys kravas ekspeditors<\/a><br \/><a href=\"https:\/\/moverdb.com\/lv\/kravas-ekspeditors\/freight-forwarding-uk\/cradley-heath-freight-forwarder\/\">Cradley Heath kravas ekspeditors<\/a><br \/><a href=\"https:\/\/moverdb.com\/lv\/kravas-ekspeditors\/freight-forwarding-uk\/twickenham-freight-forwarder\/\">Twickenham Kravu ekspeditors<\/a><\/p>","protected":false},"excerpt":{"rendered":"<p>Below we look at the 1 &#8220;best&#8221; Freight Forwarding companies in Coulsdon out of 1. To learn more about how we chose the best please consult our FAQ section at the end. Please not the following listings are in no particular order and we are not making any recommendations for any particular company. JPN SHIPPING [&hellip;]<\/p>\n","protected":false},"author":1,"featured_media":0,"parent":13427,"menu_order":0,"comment_status":"open","ping_status":"open","template":"","meta":{"_genesis_hide_title":false,"_genesis_hide_breadcrumbs":false,"_genesis_hide_singular_image":false,"_genesis_hide_footer_widgets":false,"_genesis_custom_body_class":"","_genesis_custom_post_class":"","_genesis_layout":"","footnotes":""},"class_list":{"0":"post-14290","1":"page","2":"type-page","3":"status-publish","5":"entry"},"_links":{"self":[{"href":"https:\/\/moverdb.com\/lv\/wp-json\/wp\/v2\/pages\/14290","targetHints":{"allow":["GET"]}}],"collection":[{"href":"https:\/\/moverdb.com\/lv\/wp-json\/wp\/v2\/pages"}],"about":[{"href":"https:\/\/moverdb.com\/lv\/wp-json\/wp\/v2\/types\/page"}],"author":[{"embeddable":true,"href":"https:\/\/moverdb.com\/lv\/wp-json\/wp\/v2\/users\/1"}],"replies":[{"embeddable":true,"href":"https:\/\/moverdb.com\/lv\/wp-json\/wp\/v2\/comments?post=14290"}],"version-history":[{"count":1,"href":"https:\/\/moverdb.com\/lv\/wp-json\/wp\/v2\/pages\/14290\/revisions"}],"predecessor-version":[{"id":15562,"href":"https:\/\/moverdb.com\/lv\/wp-json\/wp\/v2\/pages\/14290\/revisions\/15562"}],"up":[{"embeddable":true,"href":"https:\/\/moverdb.com\/lv\/wp-json\/wp\/v2\/pages\/13427"}],"wp:attachment":[{"href":"https:\/\/moverdb.com\/lv\/wp-json\/wp\/v2\/media?parent=14290"}],"curies":[{"name":"wp","href":"https:\/\/api.w.org\/{rel}","templated":true}]}}