{"id":14282,"date":"2023-11-08T15:55:55","date_gmt":"2023-11-08T15:55:55","guid":{"rendered":"https:\/\/moverdb.com\/freight-forwarder\/freight-forwarding-uk\/maidenhead-freight-forwarder\/"},"modified":"2026-05-15T14:57:36","modified_gmt":"2026-05-15T14:57:36","slug":"maidenhead-freight-forwarder","status":"publish","type":"page","link":"https:\/\/moverdb.com\/lv\/freight-forwarder\/freight-forwarding-uk\/maidenhead-freight-forwarder\/","title":{"rendered":"1 lab\u0101kie Maidenhead kravas eksped\u012bcijas uz\u0146\u0113mumi (2024)"},"content":{"rendered":"<p>Zem\u0101k apl\u016bkojam 1 <em>\"lab\u0101kais\"<\/em> Kravu eksped\u012bcijas uz\u0146\u0113mumi Maidenhed\u0101 no 3.<\/p>\n<p>Lai uzzin\u0101tu vair\u0101k par to, k\u0101 m\u0113s izv\u0113l\u0113j\u0101mies lab\u0101kos, skatiet m\u016bsu FAQ sada\u013cu beig\u0101s.<\/p>\n<p><em>L\u016bdzu, \u0146emiet v\u0113r\u0101, ka turpm\u0101k min\u0113tie saraksti nav sak\u0101rtoti \u012bpa\u0161\u0101 sec\u012bb\u0101 un m\u0113s nesniedzam ieteikumus par k\u0101du konkr\u0113tu uz\u0146\u0113mumu.<\/em><\/p>\n<h2>J A D Transport &amp; Forwarding Ltd<\/h2>\n<p><img decoding=\"async\" src=\"https:\/\/moverdb.com\/wp-content\/uploads\/thumbnailpanoidVSXDeBKY7RzqkhdYMgr4fwcb_clientsearch.gws-prod.gpsw408h240yaw289.jpg\" alt='J A D Transport &amp; Forwarding Ltd' class=\"aligncenter\"><\/p>\n<p><strong>Apraksts no uz\u0146\u0113muma: <\/strong>No kartona kast\u0113m, sai\u0161\u0137iem un palet\u0113m l\u012bdz da\u013c\u0113j\u0101m piekab\u0113m un piln\u0101m piekab\u0113m; neatkar\u012bgi no t\u0101, k\u0101ds transport\u0113\u0161anas veids ir nepiecie\u0161ams, m\u0113s vienm\u0113r varam sa\u0146emt j\u016bsu preces no jebkuras vietas. <a href=\"https:\/\/moverdb.com\/lv\/moving-to-the-uk\/\" data-internallinksmanager029f6b8e52c=\"93\" title=\"P\u0101rce\u013caties uz Apvienoto Karalisti? 2022 Dz\u012bves izmaksas un p\u0101rcel\u0161an\u0101s padomi\">Apvienot\u0101 Karaliste<\/a>, <a href=\"https:\/\/moverdb.com\/lv\/moving-to-ireland\/\" data-internallinksmanager029f6b8e52c=\"320\" title=\"P\u0101rcel\u0161an\u0101s uz \u012ariju? 2023 Dz\u012bves izmaksas un p\u0101rcel\u0161an\u0101s padomi\">\u012arija<\/a>, Eirop\u0101 vai vis\u0101 pasaul\u0113, parasti taj\u0101 pa\u0161\u0101 dien\u0101, neatkar\u012bgi no t\u0101, vai tas ir autotransporta, gaisa vai j\u016bras transports, \"no durv\u012bm l\u012bdz durv\u012bm\", ar noliktav\u0101m, muitas centriem vai muitas dienestiem. <a href=\"https:\/\/moverdb.com\/lv\/top-49-container-ports\/\" data-internallinksmanager029f6b8e52c=\"80\" title=\"49 liel\u0101kie un noslogot\u0101kie konteineru ostas 2025. gad\u0101\">osta<\/a> pieturas starp t\u0101m.<\/p>\n<p>Mums ir visi kontakti, lai apkalpotu j\u016bsu kravu p\u0101rvad\u0101\u0161anas pras\u012bbas, tostarp J A D Transport, kas sagatavo visus p\u0101rvieto\u0161anas, deklar\u0113\u0161anas un muito\u0161anas dokumentus, ja t\u0101di ir nepiecie\u0161ami jebkuram galam\u0113r\u0137im.<\/p>\n<p><strong>Papildu pakalpojumi:<\/strong><\/p>\n<p>Nav iek\u013cauts sarakst\u0101<\/p>\n<p><strong>Adrese:<\/strong> Dairy House, Moneyrow Grn, Moneyrow Green, Holyport, Maidenhead SL6 2ND<\/p>\n<p><a href=\"http:\/\/www.jadtransport.co.uk\/\" target=\"_new\" rel=\"noopener\">J A D Transport &amp; Forwarding Ltd t\u012bmek\u013ca vietne<\/a><\/p>\n<p><strong>P\u0101rskata rezult\u0101ts: <\/strong>5<br \/> <strong>Atsauksmes skaits:<\/strong> 1<br \/><a href=\"https:\/\/www.google.co.uk\/maps?cid=720856242265435578&#038;hl=en&#038;gl=GB\" target=\"_new\" rel=\"noopener\">Las\u012bt atsauksmes<\/a><\/p>\n<h2>K\u0101 m\u0113s izv\u0113l\u0113j\u0101mies lab\u0101kos Maidenhead kravas eksped\u012bcijas uz\u0146\u0113mumus<\/h2>\n<p>S\u0101k\u0101m ar datu kopu, kur\u0101 bija 3 Maidenhead kravu p\u0101rvad\u0101jumu uz\u0146\u0113mumi, kurus var\u0113j\u0101m atrast, izmantojot Google Maps, un sa\u0161aurin\u0101j\u0101m to skaitu l\u012bdz 1 lab\u0101kajam.<\/p>\n<p>Lai to izdar\u012btu, m\u0113s izsv\u012btroj\u0101m jebkuru uz\u0146\u0113mumu, kas:<\/p>\n<ul>\n<li> Nebija t\u012bmek\u013ca vietnes<\/li>\n<li> Nebija atsauksmju<\/li>\n<li> vid\u0113jais atsauksmju v\u0113rt\u0113jums bija zem\u0101ks par 2,0<\/li>\n<\/ul>\n<p>\u0160aj\u0101 br\u012bd\u012b, ja mums bija 17 vai maz\u0101k ekspeditoru, m\u0113s uzskait\u012bj\u0101m visus.<\/p>\n<p>Pils\u0113t\u0101s, kur\u0101s bija paliku\u0161i vair\u0101k nek\u0101 17 ekspeditori, m\u0113s veic\u0101m turpm\u0101kas korekcijas, vai nu palielinot nepiecie\u0161amo atsauksmju punktu skaitu (piem\u0113ram, no vismaz 2,0 l\u012bdz 4,0), un\/vai palielinot minim\u0101lo nepiecie\u0161amo atsauksmju skaitu (piem\u0113ram, no vismaz 1 atsauksmes l\u012bdz vismaz 10).<\/p>\n<p>\u0145emiet v\u0113r\u0101, ka m\u0113s izmantoj\u0101m tikai p\u0101rskat\u012b\u0161anas datus no Google Maps, nevis cit\u0101m tre\u0161o pu\u0161u vietn\u0113m.<\/p>\n<p>Vair\u0101k pils\u0113tu:<\/p>\n<p><a href=\"https:\/\/moverdb.com\/lv\/kravas-ekspeditors\/freight-forwarding-uk\/stonehouse-freight-forwarder\/\">Stonehouse Kravu ekspeditors<\/a><br \/><a href=\"https:\/\/moverdb.com\/lv\/kravas-ekspeditors\/freight-forwarding-uk\/maidstone-freight-forwarder\/\">Maidstone kravas ekspeditors<\/a><br \/><a href=\"https:\/\/moverdb.com\/lv\/kravas-ekspeditors\/freight-forwarding-uk\/haverhill-freight-forwarder\/\">Haverhill Kravu ekspeditors<\/a><br \/><a href=\"https:\/\/moverdb.com\/lv\/kravas-ekspeditors\/freight-forwarding-uk\/coulsdon-freight-forwarder\/\">Koulsdonas kravas ekspeditors<\/a><br \/><a href=\"https:\/\/moverdb.com\/lv\/kravas-ekspeditors\/freight-forwarding-uk\/telford-freight-forwarder\/\">Telfordas kravas ekspeditors<\/a><\/p>","protected":false},"excerpt":{"rendered":"<p>Below we look at the 1 &#8220;best&#8221; Freight Forwarding companies in Maidenhead out of 3. To learn more about how we chose the best please consult our FAQ section at the end. Please not the following listings are in no particular order and we are not making any recommendations for any particular company. J A [&hellip;]<\/p>\n","protected":false},"author":1,"featured_media":0,"parent":13427,"menu_order":0,"comment_status":"open","ping_status":"open","template":"","meta":{"_genesis_hide_title":false,"_genesis_hide_breadcrumbs":false,"_genesis_hide_singular_image":false,"_genesis_hide_footer_widgets":false,"_genesis_custom_body_class":"","_genesis_custom_post_class":"","_genesis_layout":"","footnotes":""},"class_list":{"0":"post-14282","1":"page","2":"type-page","3":"status-publish","5":"entry"},"_links":{"self":[{"href":"https:\/\/moverdb.com\/lv\/wp-json\/wp\/v2\/pages\/14282","targetHints":{"allow":["GET"]}}],"collection":[{"href":"https:\/\/moverdb.com\/lv\/wp-json\/wp\/v2\/pages"}],"about":[{"href":"https:\/\/moverdb.com\/lv\/wp-json\/wp\/v2\/types\/page"}],"author":[{"embeddable":true,"href":"https:\/\/moverdb.com\/lv\/wp-json\/wp\/v2\/users\/1"}],"replies":[{"embeddable":true,"href":"https:\/\/moverdb.com\/lv\/wp-json\/wp\/v2\/comments?post=14282"}],"version-history":[{"count":1,"href":"https:\/\/moverdb.com\/lv\/wp-json\/wp\/v2\/pages\/14282\/revisions"}],"predecessor-version":[{"id":15606,"href":"https:\/\/moverdb.com\/lv\/wp-json\/wp\/v2\/pages\/14282\/revisions\/15606"}],"up":[{"embeddable":true,"href":"https:\/\/moverdb.com\/lv\/wp-json\/wp\/v2\/pages\/13427"}],"wp:attachment":[{"href":"https:\/\/moverdb.com\/lv\/wp-json\/wp\/v2\/media?parent=14282"}],"curies":[{"name":"wp","href":"https:\/\/api.w.org\/{rel}","templated":true}]}}