{"id":14244,"date":"2023-11-08T15:55:37","date_gmt":"2023-11-08T15:55:37","guid":{"rendered":"https:\/\/moverdb.com\/freight-forwarder\/freight-forwarding-uk\/west-bromwich-freight-forwarder\/"},"modified":"2026-01-08T14:55:09","modified_gmt":"2026-01-08T14:55:09","slug":"west-bromwich-freight-forwarder","status":"publish","type":"page","link":"https:\/\/moverdb.com\/lv\/freight-forwarder\/freight-forwarding-uk\/west-bromwich-freight-forwarder\/","title":{"rendered":"1 lab\u0101kie West Bromwich kravas eksped\u012bcijas uz\u0146\u0113mumi (2024)"},"content":{"rendered":"<p>Zem\u0101k apl\u016bkojam 1 <em>\"lab\u0101kais\"<\/em> Kravu eksped\u012bcijas uz\u0146\u0113mumi West Bromwich no 5.<\/p>\n<p>Lai uzzin\u0101tu vair\u0101k par to, k\u0101 m\u0113s izv\u0113l\u0113j\u0101mies lab\u0101kos, skatiet m\u016bsu FAQ sada\u013cu beig\u0101s.<\/p>\n<p><em>L\u016bdzu, \u0146emiet v\u0113r\u0101, ka turpm\u0101k min\u0113tie saraksti nav sak\u0101rtoti \u012bpa\u0161\u0101 sec\u012bb\u0101 un m\u0113s nesniedzam ieteikumus par k\u0101du konkr\u0113tu uz\u0146\u0113mumu.<\/em><\/p>\n<h2>Kravu p\u0101rvad\u0101jumi GenX<\/h2>\n<p><img decoding=\"async\" src=\"https:\/\/moverdb.com\/wp-content\/uploads\/thumbnailpanoidS8RNjXOD44wDYfzB5QdMygcb_clientsearch.gws-prod.gpsw408h240yaw250.jpg\" alt='Kravu p\u0101rvad\u0101jumi GenX' class=\"aligncenter\"><\/p>\n<p><strong>Apraksts no uz\u0146\u0113muma: <\/strong>GenX Freight ir atkl\u0101jis jaun\u0101kos kravu eksped\u012bcijas veidus, vienlaikus sniedzot klientiem visaptvero\u0161u p\u0101rskat\u0101m\u012bbu.<\/p>\n<p> M\u0113s pied\u0101v\u0101jam moderniz\u0113tus transporta un lo\u0123istikas risin\u0101jumus, paturot pr\u0101t\u0101 gan cenu, gan optimiz\u0113tus kravu p\u0101rvad\u0101jumu pakalpojumus.<\/p>\n<p> M\u0113s esam pieejami 24 stundas diennakt\u012b, 7 dienas ned\u0113\u013c\u0101, 7 dienas ned\u0113\u013c\u0101, 7 dienas ned\u0113\u013c\u0101, 7 dienas ned\u0113\u013c\u0101 un 7 dienas ned\u0113\u013c\u0101, nodro\u0161inot j\u016bsu pre\u010du dro\u0161\u012bbu un savlaic\u012bgu pieg\u0101di.<\/p>\n<p> M\u016bsu profesion\u0101\u013ci, kas p\u0101rzina tehnolo\u0123ijas, izmanto t\u0101s, lai atvieglotu kravu p\u0101rvad\u0101\u0161anas procesu.<\/p>\n<p><strong>Papildu pakalpojumi:<\/strong><\/p>\n<p>Nav iek\u013cauts sarakst\u0101<\/p>\n<p><strong>Adrese:<\/strong> Guardian House, Cronehills Linkway, West Bromwich B70 8GS<\/p>\n<p><a href=\"https:\/\/genxfreight.co.uk\/\" target=\"_new\" rel=\"noopener\">GenX Freight t\u012bmek\u013ca vietne<\/a><\/p>\n<p><strong>P\u0101rskata rezult\u0101ts: <\/strong>5<br \/> <strong>Atsauksmes skaits:<\/strong> 1<br \/><a href=\"https:\/\/www.google.co.uk\/maps?cid=4572832678056520042&#038;hl=en&#038;gl=GB\" target=\"_new\" rel=\"noopener\">Las\u012bt atsauksmes<\/a><\/p>\n<h2>K\u0101 m\u0113s izv\u0113l\u0113j\u0101mies lab\u0101kos West Bromwich kravas eksped\u012bcijas uz\u0146\u0113mumus<\/h2>\n<p>S\u0101k\u0101m ar datu kopu, kur\u0101 bija 5 West Bromwich kravu p\u0101rvad\u0101jumu uz\u0146\u0113mumi, kurus var\u0113j\u0101m atrast, izmantojot Google Maps, un sa\u0161aurin\u0101j\u0101m to skaitu l\u012bdz 1 lab\u0101kajam.<\/p>\n<p>Lai to izdar\u012btu, m\u0113s izsv\u012btroj\u0101m jebkuru uz\u0146\u0113mumu, kas:<\/p>\n<ul>\n<li> Nebija t\u012bmek\u013ca vietnes<\/li>\n<li> Nebija atsauksmju<\/li>\n<li> vid\u0113jais atsauksmju v\u0113rt\u0113jums bija zem\u0101ks par 2,0<\/li>\n<\/ul>\n<p>\u0160aj\u0101 br\u012bd\u012b, ja mums bija 17 vai maz\u0101k ekspeditoru, m\u0113s uzskait\u012bj\u0101m visus.<\/p>\n<p>Pils\u0113t\u0101s, kur\u0101s bija paliku\u0161i vair\u0101k nek\u0101 17 ekspeditori, m\u0113s veic\u0101m turpm\u0101kas korekcijas, vai nu palielinot nepiecie\u0161amo atsauksmju punktu skaitu (piem\u0113ram, no vismaz 2,0 l\u012bdz 4,0), un\/vai palielinot minim\u0101lo nepiecie\u0161amo atsauksmju skaitu (piem\u0113ram, no vismaz 1 atsauksmes l\u012bdz vismaz 10).<\/p>\n<p>\u0145emiet v\u0113r\u0101, ka m\u0113s izmantoj\u0101m tikai p\u0101rskat\u012b\u0161anas datus no Google Maps, nevis cit\u0101m tre\u0161o pu\u0161u vietn\u0113m.<\/p>\n<p>Vair\u0101k pils\u0113tu:<\/p>\n<p><a href=\"https:\/\/moverdb.com\/lv\/kravas-ekspeditors\/freight-forwarding-uk\/colnbrook-freight-forwarder\/\">Colnbrook Freight Forwarder<\/a><br \/><a href=\"https:\/\/moverdb.com\/lv\/kravas-ekspeditors\/freight-forwarding-uk\/wilnecote-freight-forwarder\/\">Wilnecote Kravu ekspeditors<\/a><br \/><a href=\"https:\/\/moverdb.com\/lv\/kravas-ekspeditors\/freight-forwarding-uk\/llanelli-freight-forwarder\/\">Llanelli kravas ekspeditors<\/a><br \/><a href=\"https:\/\/moverdb.com\/lv\/kravas-ekspeditors\/freight-forwarding-uk\/worthing-freight-forwarder\/\">Worthing Kravu ekspeditors<\/a><br \/><a href=\"https:\/\/moverdb.com\/lv\/kravas-ekspeditors\/freight-forwarding-uk\/llanfyrnach-freight-forwarder\/\">Llanfyrnach Kravu ekspeditors<\/a><\/p>","protected":false},"excerpt":{"rendered":"<p>Below we look at the 1 &#8220;best&#8221; Freight Forwarding companies in West Bromwich out of 5. To learn more about how we chose the best please consult our FAQ section at the end. Please not the following listings are in no particular order and we are not making any recommendations for any particular company. GenX [&hellip;]<\/p>\n","protected":false},"author":1,"featured_media":0,"parent":13427,"menu_order":0,"comment_status":"open","ping_status":"open","template":"","meta":{"_genesis_hide_title":false,"_genesis_hide_breadcrumbs":false,"_genesis_hide_singular_image":false,"_genesis_hide_footer_widgets":false,"_genesis_custom_body_class":"","_genesis_custom_post_class":"","_genesis_layout":"","footnotes":""},"class_list":{"0":"post-14244","1":"page","2":"type-page","3":"status-publish","5":"entry"},"_links":{"self":[{"href":"https:\/\/moverdb.com\/lv\/wp-json\/wp\/v2\/pages\/14244","targetHints":{"allow":["GET"]}}],"collection":[{"href":"https:\/\/moverdb.com\/lv\/wp-json\/wp\/v2\/pages"}],"about":[{"href":"https:\/\/moverdb.com\/lv\/wp-json\/wp\/v2\/types\/page"}],"author":[{"embeddable":true,"href":"https:\/\/moverdb.com\/lv\/wp-json\/wp\/v2\/users\/1"}],"replies":[{"embeddable":true,"href":"https:\/\/moverdb.com\/lv\/wp-json\/wp\/v2\/comments?post=14244"}],"version-history":[{"count":1,"href":"https:\/\/moverdb.com\/lv\/wp-json\/wp\/v2\/pages\/14244\/revisions"}],"predecessor-version":[{"id":15665,"href":"https:\/\/moverdb.com\/lv\/wp-json\/wp\/v2\/pages\/14244\/revisions\/15665"}],"up":[{"embeddable":true,"href":"https:\/\/moverdb.com\/lv\/wp-json\/wp\/v2\/pages\/13427"}],"wp:attachment":[{"href":"https:\/\/moverdb.com\/lv\/wp-json\/wp\/v2\/media?parent=14244"}],"curies":[{"name":"wp","href":"https:\/\/api.w.org\/{rel}","templated":true}]}}