{"id":14174,"date":"2023-11-08T15:55:01","date_gmt":"2023-11-08T15:55:01","guid":{"rendered":"https:\/\/moverdb.com\/freight-forwarder\/freight-forwarding-uk\/sale-freight-forwarder\/"},"modified":"2026-01-08T14:58:29","modified_gmt":"2026-01-08T14:58:29","slug":"sale-freight-forwarder","status":"publish","type":"page","link":"https:\/\/moverdb.com\/lv\/freight-forwarder\/freight-forwarding-uk\/sale-freight-forwarder\/","title":{"rendered":"2 lab\u0101kie eksped\u012bcijas uz\u0146\u0113mumi (2024)"},"content":{"rendered":"<p>Zem\u0101k m\u0113s apl\u016bkojam 2 <em>\"lab\u0101kais\"<\/em> Kravu eksped\u012bcijas uz\u0146\u0113mumi P\u0101rdo\u0161an\u0101 no 3.<\/p>\n<p>Lai uzzin\u0101tu vair\u0101k par to, k\u0101 m\u0113s izv\u0113l\u0113j\u0101mies lab\u0101kos, skatiet m\u016bsu FAQ sada\u013cu beig\u0101s.<\/p>\n<p><em>L\u016bdzu, \u0146emiet v\u0113r\u0101, ka turpm\u0101k min\u0113tie saraksti nav sak\u0101rtoti \u012bpa\u0161\u0101 sec\u012bb\u0101 un m\u0113s nesniedzam ieteikumus par k\u0101du konkr\u0113tu uz\u0146\u0113mumu.<\/em><\/p>\n<h2>LK Shipping UK LTD<\/h2>\n<p><img decoding=\"async\" src=\"https:\/\/moverdb.com\/wp-content\/uploads\/AF1QipN4q5M3f3YnnvKiRsukiMsuTiRp0w4PT4AVyWGMw602-h240-k-no.jpg\" alt='LK Shipping UK LTD' class=\"aligncenter\"><\/p>\n<p><strong>Apraksts no uz\u0146\u0113muma: <\/strong>LK Shipping <a href=\"https:\/\/moverdb.com\/lv\/moving-to-the-uk\/\" data-internallinksmanager029f6b8e52c=\"93\" title=\"P\u0101rce\u013caties uz Apvienoto Karalisti? 2022 Dz\u012bves izmaksas un p\u0101rcel\u0161an\u0101s padomi\">APVIENOT\u0100 KARALISTE<\/a> LTD ir kravas eksped\u012bcijas uz\u0146\u0113mums, kas sniedz kravu p\u0101rvad\u0101jumu pakalpojumus no Apvienot\u0101s Karalistes uz \u0160rilanku.<\/p>\n<p> M\u016bsu galvenais m\u0113r\u0137is ir nodro\u0161in\u0101t lielisku, profesion\u0101lu un efekt\u012bvu apkalpo\u0161anu m\u016bsu klientiem.<\/p>\n<p> M\u016bsu darb\u012bba ir papla\u0161in\u0101ta, aptverot m\u016bsu \u0161rilankie\u0161u kopienu, kas dz\u012bvo t\u0101l\u0101kaj\u0101 Aberd\u012bnas gal\u0101 Skotij\u0101 l\u012bdz Point Pedro D\u017eafn\u0101, \u0160rilank\u0101.<\/p>\n<p> M\u0113s ar lepnumu varam teikt, ka pat blo\u0137\u0113\u0161anas laik\u0101 pasaul\u0113 m\u016bsu komanda ir centusies dar\u012bt visu iesp\u0113jamo, lai darb\u012bba norit\u0113tu raiti un bez aiz\u0137er\u0161an\u0101s.<\/p>\n<p> Neskatoties uz da\u017e\u0101d\u0101m gr\u016bt\u012bb\u0101m, ar kur\u0101m ikdien\u0101 saskaramies saist\u012bb\u0101 ar m\u016bsu darb\u012bbu, m\u0113s \u013coti nopietni uztveram savu darbu un uzskat\u0101m to par pakalpojumu, ko sniedzam m\u016bsu klientiem, jo t\u0101 ir J\u016aSU PIEG\u0100DE, M\u016aSU M\u0112R\u0136IS.<\/p>\n<p>.<\/p>\n<p>.<\/p>\n<p><strong>Papildu pakalpojumi:<\/strong><\/p>\n<p>Nav iek\u013cauts sarakst\u0101<\/p>\n<p><strong>Adrese:<\/strong> 289 Norris Rd, Sale M33 2UN<\/p>\n<p><a href=\"https:\/\/www.lkshipping.co.uk\/\" target=\"_new\" rel=\"noopener\">LK Shipping UK LTD t\u012bmek\u013ca vietne<\/a><\/p>\n<p><strong>P\u0101rskata rezult\u0101ts: <\/strong>4.7<br \/> <strong>Atsauksmes skaits:<\/strong> 86<br \/><a href=\"https:\/\/www.google.co.uk\/maps?cid=14364698465914922896&#038;hl=en&#038;gl=GB\" target=\"_new\" rel=\"noopener\">Las\u012bt atsauksmes<\/a><\/p>\n<h2>M &amp; W Freight Ltd<\/h2>\n<p><img decoding=\"async\" src=\"https:\/\/moverdb.com\/wp-content\/uploads\/thumbnailpanoidOqvFBOtvNBt6aiATYCnIyAcb_clientsearch.gws-prod.gpsw408h240yaw41.jpg\" alt='M &amp; W Freight Ltd' class=\"aligncenter\"><\/p>\n<p><strong>Apraksts no uz\u0146\u0113muma: <\/strong>Nav sniegts<\/p>\n<p><strong>Papildu pakalpojumi:<\/strong><\/p>\n<p>Nav iek\u013cauts sarakst\u0101<\/p>\n<p><strong>Adrese:<\/strong> Mirwell House, Carrington Ln., Sale M33 5NL<\/p>\n<p><a href=\"http:\/\/www.mwfreight.co.uk\/\" target=\"_new\" rel=\"noopener\">M &amp; W Freight Ltd t\u012bmek\u013ca vietne<\/a><\/p>\n<p><strong>P\u0101rskata rezult\u0101ts: <\/strong>5<br \/> <strong>Atsauksmes skaits:<\/strong> 2<br \/><a href=\"https:\/\/www.google.co.uk\/maps?cid=4026578439507615308&#038;hl=en&#038;gl=GB\" target=\"_new\" rel=\"noopener\">Las\u012bt atsauksmes<\/a><\/p>\n<h2>K\u0101 m\u0113s izv\u0113l\u0113j\u0101mies lab\u0101kos P\u0101rdo\u0161anas eksped\u012bcijas uz\u0146\u0113mumus<\/h2>\n<p>S\u0101k\u0101m ar datu kopu, kur\u0101 bija 3 p\u0101rdo\u0161anas kravu p\u0101rvad\u0101jumu uz\u0146\u0113mumi, kurus var\u0113j\u0101m atrast, izmantojot Google Maps, un sa\u0161aurin\u0101j\u0101m to skaitu l\u012bdz 2 lab\u0101kajiem.<\/p>\n<p>Lai to izdar\u012btu, m\u0113s izsv\u012btroj\u0101m jebkuru uz\u0146\u0113mumu, kas:<\/p>\n<ul>\n<li> Nebija t\u012bmek\u013ca vietnes<\/li>\n<li> Nebija atsauksmju<\/li>\n<li> vid\u0113jais atsauksmju v\u0113rt\u0113jums bija zem\u0101ks par 2,0<\/li>\n<\/ul>\n<p>\u0160aj\u0101 br\u012bd\u012b, ja mums bija 17 vai maz\u0101k ekspeditoru, m\u0113s uzskait\u012bj\u0101m visus.<\/p>\n<p>Pils\u0113t\u0101s, kur\u0101s bija paliku\u0161i vair\u0101k nek\u0101 17 ekspeditori, m\u0113s veic\u0101m turpm\u0101kas korekcijas, vai nu palielinot nepiecie\u0161amo atsauksmju punktu skaitu (piem\u0113ram, no vismaz 2,0 l\u012bdz 4,0), un\/vai palielinot minim\u0101lo nepiecie\u0161amo atsauksmju skaitu (piem\u0113ram, no vismaz 1 atsauksmes l\u012bdz vismaz 10).<\/p>\n<p>\u0145emiet v\u0113r\u0101, ka m\u0113s izmantoj\u0101m tikai p\u0101rskat\u012b\u0161anas datus no Google Maps, nevis cit\u0101m tre\u0161o pu\u0161u vietn\u0113m.<\/p>\n<p>Vair\u0101k pils\u0113tu:<\/p>\n<p><a href=\"https:\/\/moverdb.com\/lv\/kravas-ekspeditors\/freight-forwarding-uk\/salford-freight-forwarder\/\">Salfordas kravas ekspeditors<\/a><br \/><a href=\"https:\/\/moverdb.com\/lv\/kravas-ekspeditors\/freight-forwarding-uk\/lichfield-freight-forwarder\/\">Li\u010df\u012bldas kravas ekspeditors<\/a><br \/><a href=\"https:\/\/moverdb.com\/lv\/kravas-ekspeditors\/freight-forwarding-uk\/castlederg-freight-forwarder\/\">Castlederg Kravu ekspeditors<\/a><br \/><a href=\"https:\/\/moverdb.com\/lv\/kravas-ekspeditors\/freight-forwarding-uk\/great-blakenham-freight-forwarder\/\">Great Blakenham Kravu ekspeditors<\/a><br \/><a href=\"https:\/\/moverdb.com\/lv\/kravas-ekspeditors\/freight-forwarding-uk\/bexleyheath-freight-forwarder\/\">Bexleyheath kravas ekspeditors<\/a><\/p>","protected":false},"excerpt":{"rendered":"<p>Below we look at the 2 &#8220;best&#8221; Freight Forwarding companies in Sale out of 3. To learn more about how we chose the best please consult our FAQ section at the end. Please not the following listings are in no particular order and we are not making any recommendations for any particular company. LK Shipping [&hellip;]<\/p>\n","protected":false},"author":1,"featured_media":0,"parent":13427,"menu_order":0,"comment_status":"open","ping_status":"open","template":"","meta":{"_genesis_hide_title":false,"_genesis_hide_breadcrumbs":false,"_genesis_hide_singular_image":false,"_genesis_hide_footer_widgets":false,"_genesis_custom_body_class":"","_genesis_custom_post_class":"","_genesis_layout":"","footnotes":""},"class_list":{"0":"post-14174","1":"page","2":"type-page","3":"status-publish","5":"entry"},"_links":{"self":[{"href":"https:\/\/moverdb.com\/lv\/wp-json\/wp\/v2\/pages\/14174","targetHints":{"allow":["GET"]}}],"collection":[{"href":"https:\/\/moverdb.com\/lv\/wp-json\/wp\/v2\/pages"}],"about":[{"href":"https:\/\/moverdb.com\/lv\/wp-json\/wp\/v2\/types\/page"}],"author":[{"embeddable":true,"href":"https:\/\/moverdb.com\/lv\/wp-json\/wp\/v2\/users\/1"}],"replies":[{"embeddable":true,"href":"https:\/\/moverdb.com\/lv\/wp-json\/wp\/v2\/comments?post=14174"}],"version-history":[{"count":1,"href":"https:\/\/moverdb.com\/lv\/wp-json\/wp\/v2\/pages\/14174\/revisions"}],"predecessor-version":[{"id":15743,"href":"https:\/\/moverdb.com\/lv\/wp-json\/wp\/v2\/pages\/14174\/revisions\/15743"}],"up":[{"embeddable":true,"href":"https:\/\/moverdb.com\/lv\/wp-json\/wp\/v2\/pages\/13427"}],"wp:attachment":[{"href":"https:\/\/moverdb.com\/lv\/wp-json\/wp\/v2\/media?parent=14174"}],"curies":[{"name":"wp","href":"https:\/\/api.w.org\/{rel}","templated":true}]}}